{"id":83738,"date":"2024-01-31T15:46:56","date_gmt":"2024-01-31T15:46:56","guid":{"rendered":"https:\/\/stopcarcinogensatwork.eu\/upoznajte-se-s-osnovnim-strategijama-prevencije\/"},"modified":"2024-01-31T15:46:56","modified_gmt":"2024-01-31T15:46:56","slug":"upoznajte-se-s-osnovnim-strategijama-prevencije","status":"publish","type":"page","link":"https:\/\/stopcarcinogensatwork.eu\/hr\/upoznajte-se-s-osnovnim-strategijama-prevencije\/","title":{"rendered":"Upoznajte se s osnovnim strategijama prevencije"},"content":{"rendered":"<blockquote><p>Kada su na radnom mjestu prisutne kancerogene tvari, poslodavci moraju u\u010diniti sve \u0161to je u njihovoj mo\u0107i kako bi sprije\u010dili radnike da do\u0111u u kontakt s njima. Promi\u010dite kulturu zdravlja i sigurnosti na svom radnom mjestu! <\/p><\/blockquote>\n<h1>Op\u0107i pristup upravljanju rizikom od karcinogena<\/h1>\n<p class=\"p2\"><i>U skladu s definicijom \u201ekancerogena\u201c u \u010dlanku 2. a) CMR direktive.  <\/i><\/p>\n<p>Prvi koraci u borbi protiv izlo\u017eenosti karcinogenima na radnom mjestu uvijek bi trebali uklju\u010divati:<\/p>\n<ul>\n<li>Imajte na umu da minimalni standardi za organizaciju rada i sigurnosne zahtjeve moraju biti na snazi u svakom trenutku. Me\u0111utim, to mo\u017eda ne\u0107e biti dovoljno i mo\u017eda \u0107e biti potrebne daljnje mjere. <\/li>\n<li>Navedite sve kori\u0161tene kancerogene tvari i njihove koli\u010dine<\/li>\n<li>Prikupite njihove sigurnosno-tehni\u010dke listove<\/li>\n<li>Opi\u0161ite zadatke gdje se koriste, vode\u0107i ra\u010duna da uzmete u obzir sve potencijalne karcinogene koji nastaju tijekom procesa<\/li>\n<li>Identificirajte radnike koji su potencijalno izlo\u017eeni i koliko dugo<\/li>\n<li>Uzmite u obzir sve navedeno prilikom pripreme procjene rizika na radnom mjestu<\/li>\n<\/ul>\n<p>Prilikom davanja uputa svojim radnicima imajte na umu:<\/p>\n<ul>\n<li>Uvijek koristite jednostavan i jasan jezik, kratke i jasne re\u010denice koje idu u prilog temi<\/li>\n<li>Te\u017eite \u010distom dizajnu pisanih uputa<\/li>\n<li>Uklju\u010dite ilustracije\/sheme kad god je to mogu\u0107e<\/li>\n<\/ul>\n<h2><strong>STOP princip: \u0160to trebate uzeti u obzir<\/strong><\/h2>\n<p>Na\u010delo STOP opisuje redoslijed prioriteta za\u0161titnih mjera. Poslodavac se mora pridr\u017eavati ovog redoslijeda prioriteta prilikom odre\u0111ivanja i primjene za\u0161titnih mjera. Pojedina\u010dna slova STOP ozna\u010davaju razli\u010dite vrste za\u0161titnih mjera:  <\/p>\n<p><strong>S \u2026 Zamjena<\/strong> \u2013 zamjena opasnih tvari manje opasnim tvarima ili procesima. Zamjena je uvijek prva mjera koju treba razmotriti. <\/p>\n<p><a href=\"https:\/\/stopcarcinogensatwork.eu\/hr\/upoznajte-se-s-osnovnim-strategijama-prevencije\/s-zamjena\/\">Saznajte vi\u0161e o <strong>zamjeni<\/strong><\/a><\/p>\n<p><strong>Tehni\u010dke mjere<\/strong> \u2013 od zatvorenih sustava do u\u010dinkovitog usisavanja zraka, mnoge tehnike poma\u017eu u dramati\u010dnom smanjenju izlo\u017eenosti karcinogenima.<\/p>\n<p><a href=\"https:\/\/stopcarcinogensatwork.eu\/hr\/upoznajte-se-s-osnovnim-strategijama-prevencije\/t-tehnicke-mjere\/\">Saznajte vi\u0161e o <strong>tehni\u010dkim mjerama<\/strong><\/a><\/p>\n<p><strong>O &#8230; Organizacijske mjere<\/strong> \u2013 mogu se sastojati od internih politika i\/ili organizacijskih metoda. Ove mjere treba koristiti samo za pru\u017eanje dodatne za\u0161tite. Treba ih uzeti u obzir i za hitne slu\u010dajeve i za radnike koji obavljaju redovite poslove \u010di\u0161\u0107enja i odr\u017eavanja.  <\/p>\n<p><a href=\"https:\/\/stopcarcinogensatwork.eu\/hr\/upoznajte-se-s-osnovnim-strategijama-prevencije\/o-organizacijske-mjere\/\">Saznajte vi\u0161e o <strong>organizacijskim mjerama<\/strong><\/a><\/p>\n<p><strong>P &#8230; Osobna za\u0161tita<\/strong> \u2013 ponekad zamjena nije mogu\u0107a, a tehni\u010dke i organizacijske mjere nisu dovoljne. Tada morate koristiti osobnu za\u0161titu. <\/p>\n<p><a href=\"https:\/\/stopcarcinogensatwork.eu\/hr\/upoznajte-se-s-osnovnim-strategijama-prevencije\/p-osobna-zastita\/\">Saznajte vi\u0161e o <strong>osobnoj za\u0161titi<\/strong><\/a><\/p>\n","protected":false},"excerpt":{"rendered":"<p>Kada su na radnom mjestu prisutne kancerogene tvari, poslodavci moraju u\u010diniti sve \u0161to je u njihovoj mo\u0107i kako bi sprije\u010dili radnike da do\u0111u u kontakt s njima. Promi\u010dite kulturu zdravlja i sigurnosti na svom radnom mjestu! Op\u0107i pristup upravljanju rizikom od karcinogena U skladu s definicijom \u201ekancerogena\u201c u \u010dlanku 2. a) CMR direktive. Prvi koraci [&hellip;]<\/p>\n","protected":false},"author":1,"featured_media":83739,"parent":0,"menu_order":0,"comment_status":"closed","ping_status":"closed","template":"","meta":{"inline_featured_image":false,"footnotes":""},"class_list":["post-83738","page","type-page","status-publish","hentry"],"yoast_head":"<!-- This site is optimized with the Yoast SEO Premium plugin v27.0 (Yoast SEO v27.4) - https:\/\/yoast.com\/product\/yoast-seo-premium-wordpress\/ -->\n<title>Zaustavite karcinogene tvari na radu: Bitni koraci za sigurnost na radu - STOP carcinogens at work<\/title>\n<meta name=\"description\" content=\"Na\u010delo STOP opisuje redoslijed prioriteta za\u0161titnih mjera prilikom odre\u0111ivanja i primjene za\u0161titnih mjera.\" \/>\n<meta name=\"robots\" content=\"index, follow, max-snippet:-1, max-image-preview:large, max-video-preview:-1\" \/>\n<link rel=\"canonical\" href=\"https:\/\/stopcarcinogensatwork.eu\/hr\/upoznajte-se-s-osnovnim-strategijama-prevencije\/\" \/>\n<meta property=\"og:locale\" content=\"hr_HR\" \/>\n<meta property=\"og:type\" content=\"article\" \/>\n<meta property=\"og:title\" content=\"Upoznajte se s osnovnim strategijama prevencije\" \/>\n<meta property=\"og:description\" content=\"Na\u010delo STOP opisuje redoslijed prioriteta za\u0161titnih mjera prilikom odre\u0111ivanja i primjene za\u0161titnih mjera.\" \/>\n<meta property=\"og:url\" content=\"https:\/\/stopcarcinogensatwork.eu\/hr\/upoznajte-se-s-osnovnim-strategijama-prevencije\/\" \/>\n<meta property=\"og:site_name\" content=\"STOP carcinogens at work\" \/>\n<meta property=\"og:image\" content=\"https:\/\/stopcarcinogensatwork.eu\/wp-content\/uploads\/2024\/08\/Stop-Carcinogens-at-Work-icon-1-scaled.png\" \/>\n\t<meta property=\"og:image:width\" content=\"2560\" \/>\n\t<meta property=\"og:image:height\" content=\"2141\" \/>\n\t<meta property=\"og:image:type\" content=\"image\/png\" \/>\n<meta name=\"twitter:card\" content=\"summary_large_image\" \/>\n<meta name=\"twitter:label1\" content=\"Procijenjeno vrijeme \u010ditanja\" \/>\n\t<meta name=\"twitter:data1\" content=\"2 minute\" \/>\n<script type=\"application\/ld+json\" class=\"yoast-schema-graph\">{\"@context\":\"https:\\\/\\\/schema.org\",\"@graph\":[{\"@type\":\"WebPage\",\"@id\":\"https:\\\/\\\/stopcarcinogensatwork.eu\\\/hr\\\/upoznajte-se-s-osnovnim-strategijama-prevencije\\\/\",\"url\":\"https:\\\/\\\/stopcarcinogensatwork.eu\\\/hr\\\/upoznajte-se-s-osnovnim-strategijama-prevencije\\\/\",\"name\":\"Zaustavite karcinogene tvari na radu: Bitni koraci za sigurnost na radu - STOP carcinogens at work\",\"isPartOf\":{\"@id\":\"https:\\\/\\\/stopcarcinogensatwork.eu\\\/hr\\\/#website\"},\"primaryImageOfPage\":{\"@id\":\"https:\\\/\\\/stopcarcinogensatwork.eu\\\/hr\\\/upoznajte-se-s-osnovnim-strategijama-prevencije\\\/#primaryimage\"},\"image\":{\"@id\":\"https:\\\/\\\/stopcarcinogensatwork.eu\\\/hr\\\/upoznajte-se-s-osnovnim-strategijama-prevencije\\\/#primaryimage\"},\"thumbnailUrl\":\"https:\\\/\\\/stopcarcinogensatwork.eu\\\/wp-content\\\/uploads\\\/2024\\\/08\\\/Stop-Carcinogens-at-Work-icon-1-scaled.png\",\"datePublished\":\"2024-01-31T15:46:56+00:00\",\"description\":\"Na\u010delo STOP opisuje redoslijed prioriteta za\u0161titnih mjera prilikom odre\u0111ivanja i primjene za\u0161titnih mjera.\",\"breadcrumb\":{\"@id\":\"https:\\\/\\\/stopcarcinogensatwork.eu\\\/hr\\\/upoznajte-se-s-osnovnim-strategijama-prevencije\\\/#breadcrumb\"},\"inLanguage\":\"hr\",\"potentialAction\":[{\"@type\":\"ReadAction\",\"target\":[\"https:\\\/\\\/stopcarcinogensatwork.eu\\\/hr\\\/upoznajte-se-s-osnovnim-strategijama-prevencije\\\/\"]}]},{\"@type\":\"ImageObject\",\"inLanguage\":\"hr\",\"@id\":\"https:\\\/\\\/stopcarcinogensatwork.eu\\\/hr\\\/upoznajte-se-s-osnovnim-strategijama-prevencije\\\/#primaryimage\",\"url\":\"https:\\\/\\\/stopcarcinogensatwork.eu\\\/wp-content\\\/uploads\\\/2024\\\/08\\\/Stop-Carcinogens-at-Work-icon-1-scaled.png\",\"contentUrl\":\"https:\\\/\\\/stopcarcinogensatwork.eu\\\/wp-content\\\/uploads\\\/2024\\\/08\\\/Stop-Carcinogens-at-Work-icon-1-scaled.png\",\"width\":2560,\"height\":2141},{\"@type\":\"BreadcrumbList\",\"@id\":\"https:\\\/\\\/stopcarcinogensatwork.eu\\\/hr\\\/upoznajte-se-s-osnovnim-strategijama-prevencije\\\/#breadcrumb\",\"itemListElement\":[{\"@type\":\"ListItem\",\"position\":1,\"name\":\"Home\",\"item\":\"https:\\\/\\\/stopcarcinogensatwork.eu\\\/hr\\\/stop-karcinogenima-na-poslu\\\/\"},{\"@type\":\"ListItem\",\"position\":2,\"name\":\"Upoznajte se s osnovnim strategijama prevencije\"}]},{\"@type\":\"WebSite\",\"@id\":\"https:\\\/\\\/stopcarcinogensatwork.eu\\\/hr\\\/#website\",\"url\":\"https:\\\/\\\/stopcarcinogensatwork.eu\\\/hr\\\/\",\"name\":\"STOP Carcinogens at work\",\"description\":\"Every year, about 100.000 people die from cancer that was caused by exposure to carcinogens at work in Europe.\",\"publisher\":{\"@id\":\"https:\\\/\\\/stopcarcinogensatwork.eu\\\/hr\\\/#organization\"},\"alternateName\":\"Roadmap on Carcinogens\",\"potentialAction\":[{\"@type\":\"SearchAction\",\"target\":{\"@type\":\"EntryPoint\",\"urlTemplate\":\"https:\\\/\\\/stopcarcinogensatwork.eu\\\/hr\\\/?s={search_term_string}\"},\"query-input\":{\"@type\":\"PropertyValueSpecification\",\"valueRequired\":true,\"valueName\":\"search_term_string\"}}],\"inLanguage\":\"hr\"},{\"@type\":\"Organization\",\"@id\":\"https:\\\/\\\/stopcarcinogensatwork.eu\\\/hr\\\/#organization\",\"name\":\"TNO\",\"alternateName\":\"This is a European wide voluntary action scheme\",\"url\":\"https:\\\/\\\/stopcarcinogensatwork.eu\\\/hr\\\/\",\"logo\":{\"@type\":\"ImageObject\",\"inLanguage\":\"hr\",\"@id\":\"https:\\\/\\\/stopcarcinogensatwork.eu\\\/hr\\\/#\\\/schema\\\/logo\\\/image\\\/\",\"url\":\"https:\\\/\\\/stopcarcinogensatwork.eu\\\/wp-content\\\/uploads\\\/2024\\\/08\\\/cropped-FavLarge-1.png\",\"contentUrl\":\"https:\\\/\\\/stopcarcinogensatwork.eu\\\/wp-content\\\/uploads\\\/2024\\\/08\\\/cropped-FavLarge-1.png\",\"width\":512,\"height\":512,\"caption\":\"TNO\"},\"image\":{\"@id\":\"https:\\\/\\\/stopcarcinogensatwork.eu\\\/hr\\\/#\\\/schema\\\/logo\\\/image\\\/\"},\"publishingPrinciples\":\"https:\\\/\\\/stopcarcinogensatwork.eu\\\/homepage\\\/legal\\\/\",\"ownershipFundingInfo\":\"https:\\\/\\\/stopcarcinogensatwork.eu\\\/general\\\/about-us\\\/\"}]}<\/script>\n<!-- \/ Yoast SEO Premium plugin. -->","yoast_head_json":{"title":"Zaustavite karcinogene tvari na radu: Bitni koraci za sigurnost na radu - STOP carcinogens at work","description":"Na\u010delo STOP opisuje redoslijed prioriteta za\u0161titnih mjera prilikom odre\u0111ivanja i primjene za\u0161titnih mjera.","robots":{"index":"index","follow":"follow","max-snippet":"max-snippet:-1","max-image-preview":"max-image-preview:large","max-video-preview":"max-video-preview:-1"},"canonical":"https:\/\/stopcarcinogensatwork.eu\/hr\/upoznajte-se-s-osnovnim-strategijama-prevencije\/","og_locale":"hr_HR","og_type":"article","og_title":"Upoznajte se s osnovnim strategijama prevencije","og_description":"Na\u010delo STOP opisuje redoslijed prioriteta za\u0161titnih mjera prilikom odre\u0111ivanja i primjene za\u0161titnih mjera.","og_url":"https:\/\/stopcarcinogensatwork.eu\/hr\/upoznajte-se-s-osnovnim-strategijama-prevencije\/","og_site_name":"STOP carcinogens at work","og_image":[{"width":2560,"height":2141,"url":"https:\/\/stopcarcinogensatwork.eu\/wp-content\/uploads\/2024\/08\/Stop-Carcinogens-at-Work-icon-1-scaled.png","type":"image\/png"}],"twitter_card":"summary_large_image","twitter_misc":{"Procijenjeno vrijeme \u010ditanja":"2 minute"},"schema":{"@context":"https:\/\/schema.org","@graph":[{"@type":"WebPage","@id":"https:\/\/stopcarcinogensatwork.eu\/hr\/upoznajte-se-s-osnovnim-strategijama-prevencije\/","url":"https:\/\/stopcarcinogensatwork.eu\/hr\/upoznajte-se-s-osnovnim-strategijama-prevencije\/","name":"Zaustavite karcinogene tvari na radu: Bitni koraci za sigurnost na radu - STOP carcinogens at work","isPartOf":{"@id":"https:\/\/stopcarcinogensatwork.eu\/hr\/#website"},"primaryImageOfPage":{"@id":"https:\/\/stopcarcinogensatwork.eu\/hr\/upoznajte-se-s-osnovnim-strategijama-prevencije\/#primaryimage"},"image":{"@id":"https:\/\/stopcarcinogensatwork.eu\/hr\/upoznajte-se-s-osnovnim-strategijama-prevencije\/#primaryimage"},"thumbnailUrl":"https:\/\/stopcarcinogensatwork.eu\/wp-content\/uploads\/2024\/08\/Stop-Carcinogens-at-Work-icon-1-scaled.png","datePublished":"2024-01-31T15:46:56+00:00","description":"Na\u010delo STOP opisuje redoslijed prioriteta za\u0161titnih mjera prilikom odre\u0111ivanja i primjene za\u0161titnih mjera.","breadcrumb":{"@id":"https:\/\/stopcarcinogensatwork.eu\/hr\/upoznajte-se-s-osnovnim-strategijama-prevencije\/#breadcrumb"},"inLanguage":"hr","potentialAction":[{"@type":"ReadAction","target":["https:\/\/stopcarcinogensatwork.eu\/hr\/upoznajte-se-s-osnovnim-strategijama-prevencije\/"]}]},{"@type":"ImageObject","inLanguage":"hr","@id":"https:\/\/stopcarcinogensatwork.eu\/hr\/upoznajte-se-s-osnovnim-strategijama-prevencije\/#primaryimage","url":"https:\/\/stopcarcinogensatwork.eu\/wp-content\/uploads\/2024\/08\/Stop-Carcinogens-at-Work-icon-1-scaled.png","contentUrl":"https:\/\/stopcarcinogensatwork.eu\/wp-content\/uploads\/2024\/08\/Stop-Carcinogens-at-Work-icon-1-scaled.png","width":2560,"height":2141},{"@type":"BreadcrumbList","@id":"https:\/\/stopcarcinogensatwork.eu\/hr\/upoznajte-se-s-osnovnim-strategijama-prevencije\/#breadcrumb","itemListElement":[{"@type":"ListItem","position":1,"name":"Home","item":"https:\/\/stopcarcinogensatwork.eu\/hr\/stop-karcinogenima-na-poslu\/"},{"@type":"ListItem","position":2,"name":"Upoznajte se s osnovnim strategijama prevencije"}]},{"@type":"WebSite","@id":"https:\/\/stopcarcinogensatwork.eu\/hr\/#website","url":"https:\/\/stopcarcinogensatwork.eu\/hr\/","name":"STOP Carcinogens at work","description":"Every year, about 100.000 people die from cancer that was caused by exposure to carcinogens at work in Europe.","publisher":{"@id":"https:\/\/stopcarcinogensatwork.eu\/hr\/#organization"},"alternateName":"Roadmap on Carcinogens","potentialAction":[{"@type":"SearchAction","target":{"@type":"EntryPoint","urlTemplate":"https:\/\/stopcarcinogensatwork.eu\/hr\/?s={search_term_string}"},"query-input":{"@type":"PropertyValueSpecification","valueRequired":true,"valueName":"search_term_string"}}],"inLanguage":"hr"},{"@type":"Organization","@id":"https:\/\/stopcarcinogensatwork.eu\/hr\/#organization","name":"TNO","alternateName":"This is a European wide voluntary action scheme","url":"https:\/\/stopcarcinogensatwork.eu\/hr\/","logo":{"@type":"ImageObject","inLanguage":"hr","@id":"https:\/\/stopcarcinogensatwork.eu\/hr\/#\/schema\/logo\/image\/","url":"https:\/\/stopcarcinogensatwork.eu\/wp-content\/uploads\/2024\/08\/cropped-FavLarge-1.png","contentUrl":"https:\/\/stopcarcinogensatwork.eu\/wp-content\/uploads\/2024\/08\/cropped-FavLarge-1.png","width":512,"height":512,"caption":"TNO"},"image":{"@id":"https:\/\/stopcarcinogensatwork.eu\/hr\/#\/schema\/logo\/image\/"},"publishingPrinciples":"https:\/\/stopcarcinogensatwork.eu\/homepage\/legal\/","ownershipFundingInfo":"https:\/\/stopcarcinogensatwork.eu\/general\/about-us\/"}]}},"_links":{"self":[{"href":"https:\/\/stopcarcinogensatwork.eu\/hr\/wp-json\/wp\/v2\/pages\/83738","targetHints":{"allow":["GET"]}}],"collection":[{"href":"https:\/\/stopcarcinogensatwork.eu\/hr\/wp-json\/wp\/v2\/pages"}],"about":[{"href":"https:\/\/stopcarcinogensatwork.eu\/hr\/wp-json\/wp\/v2\/types\/page"}],"author":[{"embeddable":true,"href":"https:\/\/stopcarcinogensatwork.eu\/hr\/wp-json\/wp\/v2\/users\/1"}],"replies":[{"embeddable":true,"href":"https:\/\/stopcarcinogensatwork.eu\/hr\/wp-json\/wp\/v2\/comments?post=83738"}],"version-history":[{"count":0,"href":"https:\/\/stopcarcinogensatwork.eu\/hr\/wp-json\/wp\/v2\/pages\/83738\/revisions"}],"wp:featuredmedia":[{"embeddable":true,"href":"https:\/\/stopcarcinogensatwork.eu\/hr\/wp-json\/wp\/v2\/media\/83739"}],"wp:attachment":[{"href":"https:\/\/stopcarcinogensatwork.eu\/hr\/wp-json\/wp\/v2\/media?parent=83738"}],"curies":[{"name":"wp","href":"https:\/\/api.w.org\/{rel}","templated":true}]}}