{"id":83740,"date":"2024-02-17T16:45:26","date_gmt":"2024-02-17T16:45:26","guid":{"rendered":"https:\/\/stopcarcinogensatwork.eu\/upoznajte-se-s-osnovnim-strategijama-prevencije\/t-tehnicke-mjere\/"},"modified":"2024-02-17T16:45:26","modified_gmt":"2024-02-17T16:45:26","slug":"t-tehnicke-mjere","status":"publish","type":"page","link":"https:\/\/stopcarcinogensatwork.eu\/hr\/upoznajte-se-s-osnovnim-strategijama-prevencije\/t-tehnicke-mjere\/","title":{"rendered":"T &#8211; Tehni\u010dke mjere"},"content":{"rendered":"<blockquote><p>STOP slijedi hijerarhiju kontrole. Za karcinogene tvari, korak ni\u017ee u hijerarhiji dopu\u0161ten je samo kada tehni\u010dka ograni\u010denja sprje\u010davaju potpuno uklanjanje izlo\u017eenosti. Ovdje \u0107emo se usredoto\u010diti na drugu razinu, T za tehni\u010dke mjere. Molimo razmotrite S prije T. Tako\u0111er imajte na umu da se mo\u017ee koristiti kombinacija mjera.   <\/p><\/blockquote>\n<p>Tehni\u010dke mjere uklju\u010duju mehani\u010dke ure\u0111aje ili procese koji eliminiraju ili minimiziraju izlo\u017eenost karcinogenima. Ove tehni\u010dke mjere mogu uklju\u010divati \u200b\u200bzatvaranje, kori\u0161tenje ventilacije i\/ili automatizaciju procesa. <\/p>\n<p>\u0160to treba uzeti u obzir prilikom procjene mjere(a) koje treba provesti:<\/p>\n<ul>\n<li>Utvrdite sva tehni\u010dka rje\u0161enja (npr. enkapsulaciju ili ventilaciju) koja su ve\u0107 na snazi i procijenite njihovu u\u010dinkovitost\/djelotvornost (uklju\u010duju\u0107i planove odr\u017eavanja)<\/li>\n<li>Ako je potrebno, razmotrite druga dostupna tehni\u010dka rje\u0161enja koja bi mogla pobolj\u0161ati kontrolu: nabavite opis rje\u0161enja, njegovu prikladnost, u\u010dinkovitost i djelotvornost<\/li>\n<li>Razmotrite mogu\u0107i kombinirani u\u010dinak tehni\u010dkih rje\u0161enja<\/li>\n<li>Obavezno zatra\u017eite korisni\u010dki priru\u010dnik od dobavlja\u010da opreme<\/li>\n<li>Pobrinite se da va\u0161i radnici (uklju\u010duju\u0107i radnike za \u010di\u0161\u0107enje i odr\u017eavanje) dobiju odgovaraju\u0107u obuku o tehni\u010dkim mjerama koje su na snazi<\/li>\n<li>Pru\u017eite jasne upute radnicima o pravilnom kori\u0161tenju tih tehni\u010dkih mjera: s ilustracijama, ako je mogu\u0107e<\/li>\n<\/ul>\n<h2>Neke tehni\u010dke mjere koje treba uzeti u obzir<\/h2>\n<p>Prilikom odre\u0111ivanja i primjene najboljih tehni\u010dkih mjera, uvijek imajte na umu uzeti u obzir specifi\u010dnosti radnog mjesta (npr. prostorije sa stalnom ventilacijskom opremom, instalacije na otvorenom).<\/p>\n<p>Dostupne su razne tehni\u010dke mjere koje se mogu primijeniti ovisno o uvjetima na radnom mjestu. Ovaj letak pru\u017ea \u0161irok raspon primjera, imaju\u0107i na umu da bi mogla biti dostupna i druga mogu\u0107a rje\u0161enja. <\/p>\n<h3>Zatvoreni sustavi<\/h3>\n<p>Zatvoreni sustavi su vrlo u\u010dinkovita tehni\u010dka za\u0161titna mjera. Zatvoreni sustavi mogu uklju\u010divati enkapsulaciju, integrirane sustave za ekstrakciju kao sastavni tehni\u010dki dio radne opreme ili visoko u\u010dinkovite sustave za ekstrakciju. <\/p>\n<h3>Zadr\u017eavanje<\/h3>\n<p>Djelomi\u010dno zatvoreni sustavi nude pristup procesu, ali istovremeno sprje\u010davaju osloba\u0111anje kancerogene tvari ili minimiziraju izlo\u017eenost. Ovi sustavi se obi\u010dno kombiniraju sa sustavima za ekstrakciju ili sustavima za protok zraka, npr. ventiliranim radnim stolom, digestorom. <\/p>\n<h3>Ventilacija<\/h3>\n<p>Procijenite u\u010dinkovitost bilo kojeg ventilacijskog sustava koji mo\u017eda ve\u0107 imate i izvedivost strukture radnog mjesta za implementaciju novog ventilacijskog sustava.<\/p>\n<p>U pronala\u017eenju u\u010dinkovite i djelotvorne ventilacije, sljede\u0107e mogu\u0107nosti mogu se koristiti pojedina\u010dno ili u kombinaciji:<\/p>\n<ol>\n<li>Prirodna ventilacija s razrje\u0111ivanjem<\/li>\n<li>Mehani\u010dka ventilacija s razrje\u0111ivanjem<\/li>\n<li>Mehani\u010dka ispu\u0161na ventilacija<\/li>\n<\/ol>\n<p>Za tehni\u010dke specifikacije razli\u010ditih ventilacijskih sustava obratite se dobavlja\u010dima.<\/p>\n<h3>Kori\u0161tenje razli\u010ditih metoda rada<\/h3>\n<p>Promjena metoda rada tako\u0111er bi mogla biti mogu\u0107nost za smanjenje izlo\u017eenosti na radu putem prskanja teku\u0107ine ili stvaranja pra\u0161ine. Mo\u017ee se razmotriti niz alternativnih metoda, kao \u0161to su pumpanje umjesto izlijevanja, usisavanje ili vla\u017eenje umjesto metenja. <\/p>\n<h3>Kori\u0161tenje kancerogena u druga\u010dijem obliku<\/h3>\n<p>Fizi\u010dki oblik karcinogena tako\u0111er se mo\u017ee uzeti u obzir pri odlu\u010divanju o tehni\u010dkim mjerama koje \u0107e se provesti. Pra\u0161kovi su skloniji vi\u0161im razinama izlo\u017eenosti, stoga komprimirani oblik (poput peleta ili tableta) ili gel mogu smanjiti izlo\u017eenost radnika. Procijenite mogu\u0107nost upotrebe karcinogena u obliku koji bi mogao dovesti do manje izlo\u017eenosti.  <\/p>\n<p>Na\u010din pakiranja kancerogene tvari mo\u017ee utjecati na razinu izlo\u017eenosti. Na primjer, kori\u0161tenje topljive ambala\u017ee ili smanjenje njezine veli\u010dine moglo bi smanjiti izlo\u017eenost. <\/p>\n","protected":false},"excerpt":{"rendered":"<p>STOP slijedi hijerarhiju kontrole. Za karcinogene tvari, korak ni\u017ee u hijerarhiji dopu\u0161ten je samo kada tehni\u010dka ograni\u010denja sprje\u010davaju potpuno uklanjanje izlo\u017eenosti. Ovdje \u0107emo se usredoto\u010diti na drugu razinu, T za tehni\u010dke mjere. Molimo razmotrite S prije T. Tako\u0111er imajte na umu da se mo\u017ee koristiti kombinacija mjera. Tehni\u010dke mjere uklju\u010duju mehani\u010dke ure\u0111aje ili procese koji [&hellip;]<\/p>\n","protected":false},"author":1,"featured_media":0,"parent":83738,"menu_order":0,"comment_status":"closed","ping_status":"closed","template":"","meta":{"inline_featured_image":false,"footnotes":""},"class_list":["post-83740","page","type-page","status-publish","hentry"],"yoast_head":"<!-- This site is optimized with the Yoast SEO Premium plugin v27.0 (Yoast SEO v27.4) - https:\/\/yoast.com\/product\/yoast-seo-premium-wordpress\/ -->\n<title>T - Tehni\u010dke mjere - STOP carcinogens at work<\/title>\n<meta name=\"description\" content=\"Every year, more than 100.000 people die in the EU from cancer caused by carcinogens at work. This must STOP!\" \/>\n<meta name=\"robots\" content=\"index, follow, max-snippet:-1, max-image-preview:large, max-video-preview:-1\" \/>\n<link rel=\"canonical\" href=\"https:\/\/stopcarcinogensatwork.eu\/hr\/upoznajte-se-s-osnovnim-strategijama-prevencije\/t-tehnicke-mjere\/\" \/>\n<meta property=\"og:locale\" content=\"hr_HR\" \/>\n<meta property=\"og:type\" content=\"article\" \/>\n<meta property=\"og:title\" content=\"T - Tehni\u010dke mjere\" \/>\n<meta property=\"og:description\" content=\"Every year, more than 100.000 people die in the EU from cancer caused by carcinogens at work. This must STOP!\" \/>\n<meta property=\"og:url\" content=\"https:\/\/stopcarcinogensatwork.eu\/hr\/upoznajte-se-s-osnovnim-strategijama-prevencije\/t-tehnicke-mjere\/\" \/>\n<meta property=\"og:site_name\" content=\"STOP carcinogens at work\" \/>\n<meta name=\"twitter:card\" content=\"summary_large_image\" \/>\n<meta name=\"twitter:label1\" content=\"Procijenjeno vrijeme \u010ditanja\" \/>\n\t<meta name=\"twitter:data1\" content=\"3 minute\" \/>\n<script type=\"application\/ld+json\" class=\"yoast-schema-graph\">{\"@context\":\"https:\\\/\\\/schema.org\",\"@graph\":[{\"@type\":\"WebPage\",\"@id\":\"https:\\\/\\\/stopcarcinogensatwork.eu\\\/hr\\\/upoznajte-se-s-osnovnim-strategijama-prevencije\\\/t-tehnicke-mjere\\\/\",\"url\":\"https:\\\/\\\/stopcarcinogensatwork.eu\\\/hr\\\/upoznajte-se-s-osnovnim-strategijama-prevencije\\\/t-tehnicke-mjere\\\/\",\"name\":\"T - Tehni\u010dke mjere - STOP carcinogens at work\",\"isPartOf\":{\"@id\":\"https:\\\/\\\/stopcarcinogensatwork.eu\\\/hr\\\/#website\"},\"datePublished\":\"2024-02-17T16:45:26+00:00\",\"description\":\"Every year, more than 100.000 people die in the EU from cancer caused by carcinogens at work. This must STOP!\",\"breadcrumb\":{\"@id\":\"https:\\\/\\\/stopcarcinogensatwork.eu\\\/hr\\\/upoznajte-se-s-osnovnim-strategijama-prevencije\\\/t-tehnicke-mjere\\\/#breadcrumb\"},\"inLanguage\":\"hr\",\"potentialAction\":[{\"@type\":\"ReadAction\",\"target\":[\"https:\\\/\\\/stopcarcinogensatwork.eu\\\/hr\\\/upoznajte-se-s-osnovnim-strategijama-prevencije\\\/t-tehnicke-mjere\\\/\"]}]},{\"@type\":\"BreadcrumbList\",\"@id\":\"https:\\\/\\\/stopcarcinogensatwork.eu\\\/hr\\\/upoznajte-se-s-osnovnim-strategijama-prevencije\\\/t-tehnicke-mjere\\\/#breadcrumb\",\"itemListElement\":[{\"@type\":\"ListItem\",\"position\":1,\"name\":\"Home\",\"item\":\"https:\\\/\\\/stopcarcinogensatwork.eu\\\/hr\\\/stop-karcinogenima-na-poslu\\\/\"},{\"@type\":\"ListItem\",\"position\":2,\"name\":\"Upoznajte se s osnovnim strategijama prevencije\",\"item\":\"https:\\\/\\\/stopcarcinogensatwork.eu\\\/hr\\\/upoznajte-se-s-osnovnim-strategijama-prevencije\\\/\"},{\"@type\":\"ListItem\",\"position\":3,\"name\":\"T &#8211; Tehni\u010dke mjere\"}]},{\"@type\":\"WebSite\",\"@id\":\"https:\\\/\\\/stopcarcinogensatwork.eu\\\/hr\\\/#website\",\"url\":\"https:\\\/\\\/stopcarcinogensatwork.eu\\\/hr\\\/\",\"name\":\"STOP Carcinogens at work\",\"description\":\"Every year, about 100.000 people die from cancer that was caused by exposure to carcinogens at work in Europe.\",\"publisher\":{\"@id\":\"https:\\\/\\\/stopcarcinogensatwork.eu\\\/hr\\\/#organization\"},\"alternateName\":\"Roadmap on Carcinogens\",\"potentialAction\":[{\"@type\":\"SearchAction\",\"target\":{\"@type\":\"EntryPoint\",\"urlTemplate\":\"https:\\\/\\\/stopcarcinogensatwork.eu\\\/hr\\\/?s={search_term_string}\"},\"query-input\":{\"@type\":\"PropertyValueSpecification\",\"valueRequired\":true,\"valueName\":\"search_term_string\"}}],\"inLanguage\":\"hr\"},{\"@type\":\"Organization\",\"@id\":\"https:\\\/\\\/stopcarcinogensatwork.eu\\\/hr\\\/#organization\",\"name\":\"TNO\",\"alternateName\":\"This is a European wide voluntary action scheme\",\"url\":\"https:\\\/\\\/stopcarcinogensatwork.eu\\\/hr\\\/\",\"logo\":{\"@type\":\"ImageObject\",\"inLanguage\":\"hr\",\"@id\":\"https:\\\/\\\/stopcarcinogensatwork.eu\\\/hr\\\/#\\\/schema\\\/logo\\\/image\\\/\",\"url\":\"https:\\\/\\\/stopcarcinogensatwork.eu\\\/wp-content\\\/uploads\\\/2024\\\/08\\\/cropped-FavLarge-1.png\",\"contentUrl\":\"https:\\\/\\\/stopcarcinogensatwork.eu\\\/wp-content\\\/uploads\\\/2024\\\/08\\\/cropped-FavLarge-1.png\",\"width\":512,\"height\":512,\"caption\":\"TNO\"},\"image\":{\"@id\":\"https:\\\/\\\/stopcarcinogensatwork.eu\\\/hr\\\/#\\\/schema\\\/logo\\\/image\\\/\"},\"publishingPrinciples\":\"https:\\\/\\\/stopcarcinogensatwork.eu\\\/homepage\\\/legal\\\/\",\"ownershipFundingInfo\":\"https:\\\/\\\/stopcarcinogensatwork.eu\\\/general\\\/about-us\\\/\"}]}<\/script>\n<!-- \/ Yoast SEO Premium plugin. -->","yoast_head_json":{"title":"T - Tehni\u010dke mjere - STOP carcinogens at work","description":"Every year, more than 100.000 people die in the EU from cancer caused by carcinogens at work. This must STOP!","robots":{"index":"index","follow":"follow","max-snippet":"max-snippet:-1","max-image-preview":"max-image-preview:large","max-video-preview":"max-video-preview:-1"},"canonical":"https:\/\/stopcarcinogensatwork.eu\/hr\/upoznajte-se-s-osnovnim-strategijama-prevencije\/t-tehnicke-mjere\/","og_locale":"hr_HR","og_type":"article","og_title":"T - Tehni\u010dke mjere","og_description":"Every year, more than 100.000 people die in the EU from cancer caused by carcinogens at work. This must STOP!","og_url":"https:\/\/stopcarcinogensatwork.eu\/hr\/upoznajte-se-s-osnovnim-strategijama-prevencije\/t-tehnicke-mjere\/","og_site_name":"STOP carcinogens at work","twitter_card":"summary_large_image","twitter_misc":{"Procijenjeno vrijeme \u010ditanja":"3 minute"},"schema":{"@context":"https:\/\/schema.org","@graph":[{"@type":"WebPage","@id":"https:\/\/stopcarcinogensatwork.eu\/hr\/upoznajte-se-s-osnovnim-strategijama-prevencije\/t-tehnicke-mjere\/","url":"https:\/\/stopcarcinogensatwork.eu\/hr\/upoznajte-se-s-osnovnim-strategijama-prevencije\/t-tehnicke-mjere\/","name":"T - Tehni\u010dke mjere - STOP carcinogens at work","isPartOf":{"@id":"https:\/\/stopcarcinogensatwork.eu\/hr\/#website"},"datePublished":"2024-02-17T16:45:26+00:00","description":"Every year, more than 100.000 people die in the EU from cancer caused by carcinogens at work. This must STOP!","breadcrumb":{"@id":"https:\/\/stopcarcinogensatwork.eu\/hr\/upoznajte-se-s-osnovnim-strategijama-prevencije\/t-tehnicke-mjere\/#breadcrumb"},"inLanguage":"hr","potentialAction":[{"@type":"ReadAction","target":["https:\/\/stopcarcinogensatwork.eu\/hr\/upoznajte-se-s-osnovnim-strategijama-prevencije\/t-tehnicke-mjere\/"]}]},{"@type":"BreadcrumbList","@id":"https:\/\/stopcarcinogensatwork.eu\/hr\/upoznajte-se-s-osnovnim-strategijama-prevencije\/t-tehnicke-mjere\/#breadcrumb","itemListElement":[{"@type":"ListItem","position":1,"name":"Home","item":"https:\/\/stopcarcinogensatwork.eu\/hr\/stop-karcinogenima-na-poslu\/"},{"@type":"ListItem","position":2,"name":"Upoznajte se s osnovnim strategijama prevencije","item":"https:\/\/stopcarcinogensatwork.eu\/hr\/upoznajte-se-s-osnovnim-strategijama-prevencije\/"},{"@type":"ListItem","position":3,"name":"T &#8211; Tehni\u010dke mjere"}]},{"@type":"WebSite","@id":"https:\/\/stopcarcinogensatwork.eu\/hr\/#website","url":"https:\/\/stopcarcinogensatwork.eu\/hr\/","name":"STOP Carcinogens at work","description":"Every year, about 100.000 people die from cancer that was caused by exposure to carcinogens at work in Europe.","publisher":{"@id":"https:\/\/stopcarcinogensatwork.eu\/hr\/#organization"},"alternateName":"Roadmap on Carcinogens","potentialAction":[{"@type":"SearchAction","target":{"@type":"EntryPoint","urlTemplate":"https:\/\/stopcarcinogensatwork.eu\/hr\/?s={search_term_string}"},"query-input":{"@type":"PropertyValueSpecification","valueRequired":true,"valueName":"search_term_string"}}],"inLanguage":"hr"},{"@type":"Organization","@id":"https:\/\/stopcarcinogensatwork.eu\/hr\/#organization","name":"TNO","alternateName":"This is a European wide voluntary action scheme","url":"https:\/\/stopcarcinogensatwork.eu\/hr\/","logo":{"@type":"ImageObject","inLanguage":"hr","@id":"https:\/\/stopcarcinogensatwork.eu\/hr\/#\/schema\/logo\/image\/","url":"https:\/\/stopcarcinogensatwork.eu\/wp-content\/uploads\/2024\/08\/cropped-FavLarge-1.png","contentUrl":"https:\/\/stopcarcinogensatwork.eu\/wp-content\/uploads\/2024\/08\/cropped-FavLarge-1.png","width":512,"height":512,"caption":"TNO"},"image":{"@id":"https:\/\/stopcarcinogensatwork.eu\/hr\/#\/schema\/logo\/image\/"},"publishingPrinciples":"https:\/\/stopcarcinogensatwork.eu\/homepage\/legal\/","ownershipFundingInfo":"https:\/\/stopcarcinogensatwork.eu\/general\/about-us\/"}]}},"_links":{"self":[{"href":"https:\/\/stopcarcinogensatwork.eu\/hr\/wp-json\/wp\/v2\/pages\/83740","targetHints":{"allow":["GET"]}}],"collection":[{"href":"https:\/\/stopcarcinogensatwork.eu\/hr\/wp-json\/wp\/v2\/pages"}],"about":[{"href":"https:\/\/stopcarcinogensatwork.eu\/hr\/wp-json\/wp\/v2\/types\/page"}],"author":[{"embeddable":true,"href":"https:\/\/stopcarcinogensatwork.eu\/hr\/wp-json\/wp\/v2\/users\/1"}],"replies":[{"embeddable":true,"href":"https:\/\/stopcarcinogensatwork.eu\/hr\/wp-json\/wp\/v2\/comments?post=83740"}],"version-history":[{"count":0,"href":"https:\/\/stopcarcinogensatwork.eu\/hr\/wp-json\/wp\/v2\/pages\/83740\/revisions"}],"up":[{"embeddable":true,"href":"https:\/\/stopcarcinogensatwork.eu\/hr\/wp-json\/wp\/v2\/pages\/83738"}],"wp:attachment":[{"href":"https:\/\/stopcarcinogensatwork.eu\/hr\/wp-json\/wp\/v2\/media?parent=83740"}],"curies":[{"name":"wp","href":"https:\/\/api.w.org\/{rel}","templated":true}]}}