{"id":83743,"date":"2024-03-06T08:45:07","date_gmt":"2024-03-06T08:45:07","guid":{"rendered":"https:\/\/stopcarcinogensatwork.eu\/upoznajte-se-s-osnovnim-strategijama-prevencije\/s-zamjena\/"},"modified":"2024-03-06T08:45:07","modified_gmt":"2024-03-06T08:45:07","slug":"s-zamjena","status":"publish","type":"page","link":"https:\/\/stopcarcinogensatwork.eu\/hr\/upoznajte-se-s-osnovnim-strategijama-prevencije\/s-zamjena\/","title":{"rendered":"S &#8211; Zamjena"},"content":{"rendered":"<blockquote><p>Na\u010delo STOP opisuje redoslijed prioriteta za\u0161titnih mjera. Poslodavac se mora pridr\u017eavati ovog redoslijeda prioriteta prilikom odre\u0111ivanja i primjene za\u0161titnih mjera. Ovdje \u0107emo se usredoto\u010diti na prvu razinu, S za zamjenu. Molimo prvo razmotrite S. Tako\u0111er imajte na umu da se mo\u017ee koristiti kombinacija mjera.    <\/p><\/blockquote>\n<p>Zamjena karcinogena mo\u017ee biti izazovna. Tehni\u010dki ekvivalentna alternativa mora biti dostupna i izvediva. Rizik od alternative mora biti ni\u017ei od rizika od zamijenjenog karcinogena. Ako evaluacija ne dopu\u0161ta zamjenu odre\u0111enog karcinogena, razlozi moraju biti transparentno dokumentirani.   <\/p>\n<p>Op\u0107enito, uspje\u0161na zamjena smanjuje rizike za zaposlenike i poslodavcima nudi provedbu manje zahtjevnih mjera upravljanja rizikom. Kada se u potpunosti eliminira izlo\u017eenost kancerogenoj tvari, ne bi bilo potrebe za registrom izlo\u017eenosti niti za njegovim pohranjivanjem do 40 godina. Mogla bi smanjiti tro\u0161kove, npr. za sigurnosnu opremu, otpad, lije\u010dni\u010dki pregled. Iznad svega, zamjena koristi zdravlju radnika.   <\/p>\n<p>Prilikom procjene zamjene,<\/p>\n<ul>\n<li>Provjerite zakonske obveze koje bi mogle ograni\u010diti ili suziti upotrebu karcinogena. Jedan primjer je autorizacija prema REACH-u. <\/li>\n<li>Identificirajte karcinogene s najve\u0107im rizikom na radnom mjestu i prvo ih razmotrite.<\/li>\n<li>Provjerite ima li kori\u0161teni karcinogen funkciju u kona\u010dnoj smjesi ili proizvodu. Ako je tako, te je karcinogene obi\u010dno te\u017ee zamijeniti i mogu zahtijevati redizajn va\u0161e smjese ili proizvoda ili opse\u017enije promjene u cijelom proizvodnom procesu. <\/li>\n<li>Saznajte koji su kriteriji va\u0161em kupcu stvarno potrebni i gdje su ti kriteriji fleksibilni kako bi omogu\u0107ili promjene.<\/li>\n<li>Postavite kriterije za zamjenu koji su relevantni za vas i va\u0161e poslovanje. Imajte na umu da se mnogo sigurnija alternativa ne smije zanemariti samo zbog tro\u0161kova. <\/li>\n<li>Odredite tko treba biti uklju\u010den u va\u0161 lanac opskrbe.<\/li>\n<li>Prikupite informacije o dostupnim alternativama i donesite informirane odluke. Rje\u0161enja mo\u017eda ve\u0107 postoje. <\/li>\n<li>Razmotrite aspekte odr\u017eivosti, npr. uglji\u010dni otisak, emisiju stakleni\u010dkih plinova, mogu\u0107nost recikliranja, koji postaju sve va\u017eniji.<\/li>\n<li>Alternativa ne mora biti univerzalno rje\u0161enje. Umjesto toga, razmotrite kombinaciju nekoliko vrsta mjera. <\/li>\n<\/ul>\n<h2>Neke mjere koje treba razmotriti<\/h2>\n<h3>Alternativne tvari ili smjese<\/h3>\n<p>\u010cesto je zamjenu alternativnom tvari ili smjesom lak\u0161e provesti u ve\u0107 uspostavljenim proizvodnim procesima i mo\u017ee zahtijevati samo male prilagodbe. Me\u0111utim, izbjegavajte ne\u017eeljenu zamjenu zamjenom alternativama unutar iste kemijske skupine i sa sli\u010dnim toksikolo\u0161kim profilom. Informacije o kemijskim svojstvima, naime tlak pare i klasifikaciji dostupne su u sigurnosno-tehni\u010dkom listu va\u0161eg dobavlja\u010da i u namjenskim kemijskim bazama podataka, npr. ECHA-e.  <\/p>\n<p>Primjer: krom (III) umjesto kroma (VI) u povr\u0161inskoj obradi dekorativnog kromiranja.<\/p>\n<h3>Tehni\u010dke alternative<\/h3>\n<p>Tehni\u010dke alternative posti\u017eu isti rezultat druga\u010dijim postupkom. Na primjer, kori\u0161tenjem fizi\u010dkog postupka umjesto kemijskog postupka. Promjene postupaka \u010desto zahtijevaju primjenu alternativnih tvari. Svojstva kona\u010dnog proizvoda ili materijala tako\u0111er se mogu promijeniti.   <\/p>\n<p>Primjer: fizi\u010dko talo\u017eenje iz parne faze (PVD) umjesto kromiranja kromom (VI) za odre\u0111ene upotrebe.<\/p>\n<h3>Funkcionalne alternative<\/h3>\n<p>Fokusiranje na funkciju u kona\u010dnoj smjesi ili proizvodu mo\u017ee pomo\u0107i u razmatranju \u0161ireg raspona alternativa, ali bi moglo zahtijevati redizajniranje. Specifi\u010dna funkcija mogla bi se isporu\u010diti s alternativom sve dok je to uvjerljivo i izvedivo. <\/p>\n<p>Primjer: zamjena povr\u0161inske obrade kromom (VI) za\u0161titom povr\u0161ine voskom ili sredstvom za poliranje, sprje\u010davaju\u0107i brzu koroziju izlaganjem kisiku i vodi.<\/p>\n","protected":false},"excerpt":{"rendered":"<p>Na\u010delo STOP opisuje redoslijed prioriteta za\u0161titnih mjera. Poslodavac se mora pridr\u017eavati ovog redoslijeda prioriteta prilikom odre\u0111ivanja i primjene za\u0161titnih mjera. Ovdje \u0107emo se usredoto\u010diti na prvu razinu, S za zamjenu. Molimo prvo razmotrite S. Tako\u0111er imajte na umu da se mo\u017ee koristiti kombinacija mjera. Zamjena karcinogena mo\u017ee biti izazovna. Tehni\u010dki ekvivalentna alternativa mora biti dostupna [&hellip;]<\/p>\n","protected":false},"author":1,"featured_media":0,"parent":83738,"menu_order":0,"comment_status":"closed","ping_status":"closed","template":"","meta":{"inline_featured_image":false,"footnotes":""},"class_list":["post-83743","page","type-page","status-publish","hentry"],"yoast_head":"<!-- This site is optimized with the Yoast SEO Premium plugin v27.0 (Yoast SEO v27.3) - https:\/\/yoast.com\/product\/yoast-seo-premium-wordpress\/ -->\n<title>S - Zamjena - STOP carcinogens at work<\/title>\n<meta name=\"description\" content=\"Every year, more than 100.000 people die in the EU from cancer caused by carcinogens at work. This must STOP!\" \/>\n<meta name=\"robots\" content=\"index, follow, max-snippet:-1, max-image-preview:large, max-video-preview:-1\" \/>\n<link rel=\"canonical\" href=\"https:\/\/stopcarcinogensatwork.eu\/hr\/upoznajte-se-s-osnovnim-strategijama-prevencije\/s-zamjena\/\" \/>\n<meta property=\"og:locale\" content=\"hr_HR\" \/>\n<meta property=\"og:type\" content=\"article\" \/>\n<meta property=\"og:title\" content=\"S - Zamjena\" \/>\n<meta property=\"og:description\" content=\"Every year, more than 100.000 people die in the EU from cancer caused by carcinogens at work. This must STOP!\" \/>\n<meta property=\"og:url\" content=\"https:\/\/stopcarcinogensatwork.eu\/hr\/upoznajte-se-s-osnovnim-strategijama-prevencije\/s-zamjena\/\" \/>\n<meta property=\"og:site_name\" content=\"STOP carcinogens at work\" \/>\n<meta name=\"twitter:card\" content=\"summary_large_image\" \/>\n<meta name=\"twitter:label1\" content=\"Procijenjeno vrijeme \u010ditanja\" \/>\n\t<meta name=\"twitter:data1\" content=\"3 minute\" \/>\n<script type=\"application\/ld+json\" class=\"yoast-schema-graph\">{\"@context\":\"https:\\\/\\\/schema.org\",\"@graph\":[{\"@type\":\"WebPage\",\"@id\":\"https:\\\/\\\/stopcarcinogensatwork.eu\\\/hr\\\/upoznajte-se-s-osnovnim-strategijama-prevencije\\\/s-zamjena\\\/\",\"url\":\"https:\\\/\\\/stopcarcinogensatwork.eu\\\/hr\\\/upoznajte-se-s-osnovnim-strategijama-prevencije\\\/s-zamjena\\\/\",\"name\":\"S - Zamjena - STOP carcinogens at work\",\"isPartOf\":{\"@id\":\"https:\\\/\\\/stopcarcinogensatwork.eu\\\/hr\\\/#website\"},\"datePublished\":\"2024-03-06T08:45:07+00:00\",\"description\":\"Every year, more than 100.000 people die in the EU from cancer caused by carcinogens at work. This must STOP!\",\"breadcrumb\":{\"@id\":\"https:\\\/\\\/stopcarcinogensatwork.eu\\\/hr\\\/upoznajte-se-s-osnovnim-strategijama-prevencije\\\/s-zamjena\\\/#breadcrumb\"},\"inLanguage\":\"hr\",\"potentialAction\":[{\"@type\":\"ReadAction\",\"target\":[\"https:\\\/\\\/stopcarcinogensatwork.eu\\\/hr\\\/upoznajte-se-s-osnovnim-strategijama-prevencije\\\/s-zamjena\\\/\"]}]},{\"@type\":\"BreadcrumbList\",\"@id\":\"https:\\\/\\\/stopcarcinogensatwork.eu\\\/hr\\\/upoznajte-se-s-osnovnim-strategijama-prevencije\\\/s-zamjena\\\/#breadcrumb\",\"itemListElement\":[{\"@type\":\"ListItem\",\"position\":1,\"name\":\"Home\",\"item\":\"https:\\\/\\\/stopcarcinogensatwork.eu\\\/hr\\\/stop-karcinogenima-na-poslu\\\/\"},{\"@type\":\"ListItem\",\"position\":2,\"name\":\"Upoznajte se s osnovnim strategijama prevencije\",\"item\":\"https:\\\/\\\/stopcarcinogensatwork.eu\\\/hr\\\/upoznajte-se-s-osnovnim-strategijama-prevencije\\\/\"},{\"@type\":\"ListItem\",\"position\":3,\"name\":\"S &#8211; Zamjena\"}]},{\"@type\":\"WebSite\",\"@id\":\"https:\\\/\\\/stopcarcinogensatwork.eu\\\/hr\\\/#website\",\"url\":\"https:\\\/\\\/stopcarcinogensatwork.eu\\\/hr\\\/\",\"name\":\"STOP Carcinogens at work\",\"description\":\"Every year, about 100.000 people die from cancer that was caused by exposure to carcinogens at work in Europe.\",\"publisher\":{\"@id\":\"https:\\\/\\\/stopcarcinogensatwork.eu\\\/hr\\\/#organization\"},\"alternateName\":\"Roadmap on Carcinogens\",\"potentialAction\":[{\"@type\":\"SearchAction\",\"target\":{\"@type\":\"EntryPoint\",\"urlTemplate\":\"https:\\\/\\\/stopcarcinogensatwork.eu\\\/hr\\\/?s={search_term_string}\"},\"query-input\":{\"@type\":\"PropertyValueSpecification\",\"valueRequired\":true,\"valueName\":\"search_term_string\"}}],\"inLanguage\":\"hr\"},{\"@type\":\"Organization\",\"@id\":\"https:\\\/\\\/stopcarcinogensatwork.eu\\\/hr\\\/#organization\",\"name\":\"TNO\",\"alternateName\":\"This is a European wide voluntary action scheme\",\"url\":\"https:\\\/\\\/stopcarcinogensatwork.eu\\\/hr\\\/\",\"logo\":{\"@type\":\"ImageObject\",\"inLanguage\":\"hr\",\"@id\":\"https:\\\/\\\/stopcarcinogensatwork.eu\\\/hr\\\/#\\\/schema\\\/logo\\\/image\\\/\",\"url\":\"https:\\\/\\\/stopcarcinogensatwork.eu\\\/wp-content\\\/uploads\\\/2024\\\/08\\\/cropped-FavLarge-1.png\",\"contentUrl\":\"https:\\\/\\\/stopcarcinogensatwork.eu\\\/wp-content\\\/uploads\\\/2024\\\/08\\\/cropped-FavLarge-1.png\",\"width\":512,\"height\":512,\"caption\":\"TNO\"},\"image\":{\"@id\":\"https:\\\/\\\/stopcarcinogensatwork.eu\\\/hr\\\/#\\\/schema\\\/logo\\\/image\\\/\"},\"publishingPrinciples\":\"https:\\\/\\\/stopcarcinogensatwork.eu\\\/homepage\\\/legal\\\/\",\"ownershipFundingInfo\":\"https:\\\/\\\/stopcarcinogensatwork.eu\\\/general\\\/about-us\\\/\"}]}<\/script>\n<!-- \/ Yoast SEO Premium plugin. -->","yoast_head_json":{"title":"S - Zamjena - STOP carcinogens at work","description":"Every year, more than 100.000 people die in the EU from cancer caused by carcinogens at work. This must STOP!","robots":{"index":"index","follow":"follow","max-snippet":"max-snippet:-1","max-image-preview":"max-image-preview:large","max-video-preview":"max-video-preview:-1"},"canonical":"https:\/\/stopcarcinogensatwork.eu\/hr\/upoznajte-se-s-osnovnim-strategijama-prevencije\/s-zamjena\/","og_locale":"hr_HR","og_type":"article","og_title":"S - Zamjena","og_description":"Every year, more than 100.000 people die in the EU from cancer caused by carcinogens at work. This must STOP!","og_url":"https:\/\/stopcarcinogensatwork.eu\/hr\/upoznajte-se-s-osnovnim-strategijama-prevencije\/s-zamjena\/","og_site_name":"STOP carcinogens at work","twitter_card":"summary_large_image","twitter_misc":{"Procijenjeno vrijeme \u010ditanja":"3 minute"},"schema":{"@context":"https:\/\/schema.org","@graph":[{"@type":"WebPage","@id":"https:\/\/stopcarcinogensatwork.eu\/hr\/upoznajte-se-s-osnovnim-strategijama-prevencije\/s-zamjena\/","url":"https:\/\/stopcarcinogensatwork.eu\/hr\/upoznajte-se-s-osnovnim-strategijama-prevencije\/s-zamjena\/","name":"S - Zamjena - STOP carcinogens at work","isPartOf":{"@id":"https:\/\/stopcarcinogensatwork.eu\/hr\/#website"},"datePublished":"2024-03-06T08:45:07+00:00","description":"Every year, more than 100.000 people die in the EU from cancer caused by carcinogens at work. This must STOP!","breadcrumb":{"@id":"https:\/\/stopcarcinogensatwork.eu\/hr\/upoznajte-se-s-osnovnim-strategijama-prevencije\/s-zamjena\/#breadcrumb"},"inLanguage":"hr","potentialAction":[{"@type":"ReadAction","target":["https:\/\/stopcarcinogensatwork.eu\/hr\/upoznajte-se-s-osnovnim-strategijama-prevencije\/s-zamjena\/"]}]},{"@type":"BreadcrumbList","@id":"https:\/\/stopcarcinogensatwork.eu\/hr\/upoznajte-se-s-osnovnim-strategijama-prevencije\/s-zamjena\/#breadcrumb","itemListElement":[{"@type":"ListItem","position":1,"name":"Home","item":"https:\/\/stopcarcinogensatwork.eu\/hr\/stop-karcinogenima-na-poslu\/"},{"@type":"ListItem","position":2,"name":"Upoznajte se s osnovnim strategijama prevencije","item":"https:\/\/stopcarcinogensatwork.eu\/hr\/upoznajte-se-s-osnovnim-strategijama-prevencije\/"},{"@type":"ListItem","position":3,"name":"S &#8211; Zamjena"}]},{"@type":"WebSite","@id":"https:\/\/stopcarcinogensatwork.eu\/hr\/#website","url":"https:\/\/stopcarcinogensatwork.eu\/hr\/","name":"STOP Carcinogens at work","description":"Every year, about 100.000 people die from cancer that was caused by exposure to carcinogens at work in Europe.","publisher":{"@id":"https:\/\/stopcarcinogensatwork.eu\/hr\/#organization"},"alternateName":"Roadmap on Carcinogens","potentialAction":[{"@type":"SearchAction","target":{"@type":"EntryPoint","urlTemplate":"https:\/\/stopcarcinogensatwork.eu\/hr\/?s={search_term_string}"},"query-input":{"@type":"PropertyValueSpecification","valueRequired":true,"valueName":"search_term_string"}}],"inLanguage":"hr"},{"@type":"Organization","@id":"https:\/\/stopcarcinogensatwork.eu\/hr\/#organization","name":"TNO","alternateName":"This is a European wide voluntary action scheme","url":"https:\/\/stopcarcinogensatwork.eu\/hr\/","logo":{"@type":"ImageObject","inLanguage":"hr","@id":"https:\/\/stopcarcinogensatwork.eu\/hr\/#\/schema\/logo\/image\/","url":"https:\/\/stopcarcinogensatwork.eu\/wp-content\/uploads\/2024\/08\/cropped-FavLarge-1.png","contentUrl":"https:\/\/stopcarcinogensatwork.eu\/wp-content\/uploads\/2024\/08\/cropped-FavLarge-1.png","width":512,"height":512,"caption":"TNO"},"image":{"@id":"https:\/\/stopcarcinogensatwork.eu\/hr\/#\/schema\/logo\/image\/"},"publishingPrinciples":"https:\/\/stopcarcinogensatwork.eu\/homepage\/legal\/","ownershipFundingInfo":"https:\/\/stopcarcinogensatwork.eu\/general\/about-us\/"}]}},"_links":{"self":[{"href":"https:\/\/stopcarcinogensatwork.eu\/hr\/wp-json\/wp\/v2\/pages\/83743","targetHints":{"allow":["GET"]}}],"collection":[{"href":"https:\/\/stopcarcinogensatwork.eu\/hr\/wp-json\/wp\/v2\/pages"}],"about":[{"href":"https:\/\/stopcarcinogensatwork.eu\/hr\/wp-json\/wp\/v2\/types\/page"}],"author":[{"embeddable":true,"href":"https:\/\/stopcarcinogensatwork.eu\/hr\/wp-json\/wp\/v2\/users\/1"}],"replies":[{"embeddable":true,"href":"https:\/\/stopcarcinogensatwork.eu\/hr\/wp-json\/wp\/v2\/comments?post=83743"}],"version-history":[{"count":0,"href":"https:\/\/stopcarcinogensatwork.eu\/hr\/wp-json\/wp\/v2\/pages\/83743\/revisions"}],"up":[{"embeddable":true,"href":"https:\/\/stopcarcinogensatwork.eu\/hr\/wp-json\/wp\/v2\/pages\/83738"}],"wp:attachment":[{"href":"https:\/\/stopcarcinogensatwork.eu\/hr\/wp-json\/wp\/v2\/media?parent=83743"}],"curies":[{"name":"wp","href":"https:\/\/api.w.org\/{rel}","templated":true}]}}