{"id":83749,"date":"2024-03-06T10:59:51","date_gmt":"2024-03-06T10:59:51","guid":{"rendered":"https:\/\/stopcarcinogensatwork.eu\/upoznajte-se-s-osnovnim-strategijama-prevencije\/p-osobna-zastita\/"},"modified":"2024-03-06T10:59:51","modified_gmt":"2024-03-06T10:59:51","slug":"p-osobna-zastita","status":"publish","type":"page","link":"https:\/\/stopcarcinogensatwork.eu\/hr\/upoznajte-se-s-osnovnim-strategijama-prevencije\/p-osobna-zastita\/","title":{"rendered":"P &#8211; Osobna za\u0161tita"},"content":{"rendered":"<blockquote><p>STOP slijedi hijerarhiju kontrole. Za karcinogene tvari, korak ni\u017ee u hijerarhiji dopu\u0161ten je samo kada tehni\u010dka ograni\u010denja sprje\u010davaju potpuno uklanjanje izlo\u017eenosti. Ovdje \u0107emo se usredoto\u010diti na P za osobnu za\u0161titu. Molimo razmotrite S, T i O prije P. Tako\u0111er imajte na umu da se mo\u017ee koristiti kombinacija mjera.   <\/p><\/blockquote>\n<p>Ponekad zamjena nije mogu\u0107a, a tehni\u010dke i organizacijske mjere nisu dovoljne za smanjenje razine izlo\u017eenosti. Tada je potrebno koristiti osobnu za\u0161titu. Osobna za\u0161titna oprema (OZO) poma\u017ee u sprje\u010davanju ulaska karcinogena u plu\u0107a, ko\u017eu i o\u010di. OZO se mo\u017ee koristiti samo kao dodatak mjerama vi\u0161im u hijerarhiji i smatra se krajnjom mjerom.   <\/p>\n<p>OZO je svaka oprema dizajnirana i proizvedena za no\u0161enje ili dr\u017eanje od strane osobe radi za\u0161tite od jednog ili vi\u0161e rizika za zdravlje ili sigurnost te osobe.<\/p>\n<p>\u0160to treba uzeti u obzir pri odabiru OZO:<\/p>\n<ul>\n<li>Opasna svojstva karcinogena prisutnih na radnom mjestu<\/li>\n<li>Informacije o OZO dostupne u sigurnosno-tehni\u010dkim listovima<\/li>\n<li>Rezultati procjene rizika na radnom mjestu<\/li>\n<li>Individualne karakteristike radnika, npr. visina tijela, veli\u010dina cipela<\/li>\n<\/ul>\n<p>Kori\u0161tenje odgovaraju\u0107e osobne za\u0161titne opreme za kancerogene tvari prisutne na radnom mjestu je klju\u010dno. Imajte na umu da je \u010desto potrebno vi\u0161e od jedne osobne za\u0161titne opreme. <\/p>\n<h2>Odabir odgovaraju\u0107e OZO<\/h2>\n<h3>Osnovne smjernice<\/h3>\n<p>Poslodavci moraju jam\u010diti da je OZO prikladna za smanjenje profesionalnih rizika, uzimaju\u0107i u obzir prirodu, u\u010destalost i trajanje izlo\u017eenosti. Pritom moraju uzeti u obzir odgovaraju\u0107i za\u0161titni faktor i potencijalno pove\u0107anje drugih profesionalnih rizika. <\/p>\n<p>Osobna za\u0161titna oprema (OZO) treba pravilno pristajati korisniku kako bi bila u\u010dinkovita (imajte na umu da dlake na licu mogu ugroziti pravilno pristajanje i funkciju). Tako\u0111er treba uzeti u obzir ergonomiju i alergije radnika (npr. lateks). Nadalje, morate uzeti u obzir pod kojim \u0107e se uvjetima koristiti kako biste donijeli odluke u skladu s tim.  <\/p>\n<p>Obavezno uklju\u010dite svoje radnike pri odabiru najprikladnije osobne za\u0161titne opreme. Udobna i dobro pristajaju\u0107a osobna za\u0161titna oprema olak\u0161at \u0107e radnicima njezino kori\u0161tenje. <\/p>\n<p>OZO mora nositi oznaku CE kako bi se pokazalo da je u skladu sa zakonodavstvom EU.<\/p>\n<p>Poslodavci moraju osigurati da su radnici svjesni koju osobnu za\u0161titnu opremu trebaju koristiti u svakom od svojih zadataka i kako je pravilno koristiti.<\/p>\n<h3>\u010ci\u0161\u0107enje, skladi\u0161tenje i odr\u017eavanje<\/h3>\n<p>U radnim prostorima gdje je potrebna upotreba osobne za\u0161titne opreme morate osigurati da:<\/p>\n<ul>\n<li>Odvojena mjesta za pohranu predvi\u0111ena su za radnu ili za\u0161titnu odje\u0107u i za odje\u0107u za ulicu.<\/li>\n<li>Za\u0161titnu opremu treba provjeriti i o\u010distiti nakon svake upotrebe te je propisno pohraniti na dobro odre\u0111eno mjesto.<\/li>\n<li>Neispravna oprema se popravlja ili zamjenjuje prije daljnje upotrebe<\/li>\n<li>Ako se OZO ponovno koristi, treba je lako \u010distiti i\/ili dezinficirati<\/li>\n<\/ul>\n<p>Interne politike trebale bi utvrditi postupke kojih se radnici moraju pridr\u017eavati u vezi sa za\u0161titnom opremom koja im je potrebna, odnosno o tome kako je pravilno koristiti, \u010distiti, odr\u017eavati i skladi\u0161titi.<\/p>\n<h3>Navedite OZO<\/h3>\n<p>Rezultati procjene rizika na radnom mjestu i upute za radnike moraju jasno navesti koju OZO trebaju koristiti radnici za svaki zadatak, \u0161to zna\u010di jasno navo\u0111enje razine za\u0161tite svake OZO i njezinih tehni\u010dkih specifikacija. Nije dovoljno nejasno spomenuti da se npr. rukavice trebaju koristiti u odre\u0111enom zadatku, ve\u0107 je potrebno spomenuti i vrstu rukavica koje \u0107e se koristiti. <\/p>\n<h3>  Prakti\u010dni savjeti<\/h3>\n<ul>\n<li>Pazite da se jednokratna OZO ne koristi ponovno<\/li>\n<li>Svedite razli\u010dite vrste osobne za\u0161titne opreme (rukavice, maske itd.) na minimum kako biste pove\u0107ali uskla\u0111enost &#8211; mo\u017ee se koristiti sustav ozna\u010davanja bojama.<\/li>\n<li>Pazite da OZO pravilno odgovara veli\u010dini svakog radnika \u2013 labava OZO mo\u017ee pove\u0107ati rizik od izlo\u017eenosti i nesre\u0107a, npr. ako u strojevima postoje rotiraju\u0107i dijelovi.<\/li>\n<li>Rad s osobnom za\u0161titnom opremom (npr. za\u0161titom di\u0161nih puteva) mo\u017ee biti zahtjevan i stresan za radnike \u2013 razmotrite razli\u010dita rje\u0161enja pri odabiru odgovaraju\u0107e osobne za\u0161titne opreme (npr. kori\u0161tenje respiratora s elektri\u010dnim pro\u010di\u0161\u0107avanjem zraka umjesto maski s filterom)<\/li>\n<li>Sastav materijala i te\u017eina OZO tako\u0111er treba uzeti u obzir tijekom procesa odabira (npr. preferirati prirodna vlakna, izbjegavati te\u0161ke radne \u010dizme)<\/li>\n<li>Prilikom skidanja OZO-a slijedite odgovaraju\u0107e postupke kako biste sprije\u010dili kontaminaciju \u2013 tj. kako je ispravno skinuti, kojim redoslijedom i kako je pohraniti (npr. skinite za\u0161titnu odje\u0107u prije skidanja opreme za za\u0161titu di\u0161nih puteva (ZZO), ZZO pohranite iznad odje\u0107e i s otvorom okrenutim prema dolje).<\/li>\n<li>Op\u0107enito, osobnu za\u0161titnu opremu ne treba nositi ku\u0107i \u2013 imajte na umu da kontaminirana osobna za\u0161titna oprema (npr. odje\u0107a, \u010dizme) mo\u017ee potencijalno na\u0161tetiti \u010dlanovima va\u0161e obitelji.<\/li>\n<li>Kona\u010dna cijena OZO uklju\u010duje ne samo kupovnu cijenu, ve\u0107 i broj puta koliko \u0107e je trebati zamijeniti<\/li>\n<li>Razmislite o no\u0161enju pamu\u010dnih rukavica ispod za\u0161titnih rukavica kako biste smanjili transpiraciju, ako je potrebno<\/li>\n<li>I zapamtite, jedno rje\u0161enje ne odgovara svim radnicima!<\/li>\n<\/ul>\n","protected":false},"excerpt":{"rendered":"<p>STOP slijedi hijerarhiju kontrole. Za karcinogene tvari, korak ni\u017ee u hijerarhiji dopu\u0161ten je samo kada tehni\u010dka ograni\u010denja sprje\u010davaju potpuno uklanjanje izlo\u017eenosti. Ovdje \u0107emo se usredoto\u010diti na P za osobnu za\u0161titu. Molimo razmotrite S, T i O prije P. Tako\u0111er imajte na umu da se mo\u017ee koristiti kombinacija mjera. Ponekad zamjena nije mogu\u0107a, a tehni\u010dke i [&hellip;]<\/p>\n","protected":false},"author":1,"featured_media":0,"parent":83738,"menu_order":0,"comment_status":"closed","ping_status":"closed","template":"","meta":{"inline_featured_image":false,"footnotes":""},"class_list":["post-83749","page","type-page","status-publish","hentry"],"yoast_head":"<!-- This site is optimized with the Yoast SEO Premium plugin v27.0 (Yoast SEO v27.4) - https:\/\/yoast.com\/product\/yoast-seo-premium-wordpress\/ -->\n<title>P - Osobna za\u0161tita - STOP carcinogens at work<\/title>\n<meta name=\"description\" content=\"Every year, more than 100.000 people die in the EU from cancer caused by carcinogens at work. This must STOP!\" \/>\n<meta name=\"robots\" content=\"index, follow, max-snippet:-1, max-image-preview:large, max-video-preview:-1\" \/>\n<link rel=\"canonical\" href=\"https:\/\/stopcarcinogensatwork.eu\/hr\/upoznajte-se-s-osnovnim-strategijama-prevencije\/p-osobna-zastita\/\" \/>\n<meta property=\"og:locale\" content=\"hr_HR\" \/>\n<meta property=\"og:type\" content=\"article\" \/>\n<meta property=\"og:title\" content=\"P - Osobna za\u0161tita\" \/>\n<meta property=\"og:description\" content=\"Every year, more than 100.000 people die in the EU from cancer caused by carcinogens at work. This must STOP!\" \/>\n<meta property=\"og:url\" content=\"https:\/\/stopcarcinogensatwork.eu\/hr\/upoznajte-se-s-osnovnim-strategijama-prevencije\/p-osobna-zastita\/\" \/>\n<meta property=\"og:site_name\" content=\"STOP carcinogens at work\" \/>\n<meta name=\"twitter:card\" content=\"summary_large_image\" \/>\n<meta name=\"twitter:label1\" content=\"Procijenjeno vrijeme \u010ditanja\" \/>\n\t<meta name=\"twitter:data1\" content=\"4 minute\" \/>\n<script type=\"application\/ld+json\" class=\"yoast-schema-graph\">{\"@context\":\"https:\\\/\\\/schema.org\",\"@graph\":[{\"@type\":\"WebPage\",\"@id\":\"https:\\\/\\\/stopcarcinogensatwork.eu\\\/hr\\\/upoznajte-se-s-osnovnim-strategijama-prevencije\\\/p-osobna-zastita\\\/\",\"url\":\"https:\\\/\\\/stopcarcinogensatwork.eu\\\/hr\\\/upoznajte-se-s-osnovnim-strategijama-prevencije\\\/p-osobna-zastita\\\/\",\"name\":\"P - Osobna za\u0161tita - STOP carcinogens at work\",\"isPartOf\":{\"@id\":\"https:\\\/\\\/stopcarcinogensatwork.eu\\\/hr\\\/#website\"},\"datePublished\":\"2024-03-06T10:59:51+00:00\",\"description\":\"Every year, more than 100.000 people die in the EU from cancer caused by carcinogens at work. This must STOP!\",\"breadcrumb\":{\"@id\":\"https:\\\/\\\/stopcarcinogensatwork.eu\\\/hr\\\/upoznajte-se-s-osnovnim-strategijama-prevencije\\\/p-osobna-zastita\\\/#breadcrumb\"},\"inLanguage\":\"hr\",\"potentialAction\":[{\"@type\":\"ReadAction\",\"target\":[\"https:\\\/\\\/stopcarcinogensatwork.eu\\\/hr\\\/upoznajte-se-s-osnovnim-strategijama-prevencije\\\/p-osobna-zastita\\\/\"]}]},{\"@type\":\"BreadcrumbList\",\"@id\":\"https:\\\/\\\/stopcarcinogensatwork.eu\\\/hr\\\/upoznajte-se-s-osnovnim-strategijama-prevencije\\\/p-osobna-zastita\\\/#breadcrumb\",\"itemListElement\":[{\"@type\":\"ListItem\",\"position\":1,\"name\":\"Home\",\"item\":\"https:\\\/\\\/stopcarcinogensatwork.eu\\\/hr\\\/stop-karcinogenima-na-poslu\\\/\"},{\"@type\":\"ListItem\",\"position\":2,\"name\":\"Upoznajte se s osnovnim strategijama prevencije\",\"item\":\"https:\\\/\\\/stopcarcinogensatwork.eu\\\/hr\\\/upoznajte-se-s-osnovnim-strategijama-prevencije\\\/\"},{\"@type\":\"ListItem\",\"position\":3,\"name\":\"P &#8211; Osobna za\u0161tita\"}]},{\"@type\":\"WebSite\",\"@id\":\"https:\\\/\\\/stopcarcinogensatwork.eu\\\/hr\\\/#website\",\"url\":\"https:\\\/\\\/stopcarcinogensatwork.eu\\\/hr\\\/\",\"name\":\"STOP Carcinogens at work\",\"description\":\"Every year, about 100.000 people die from cancer that was caused by exposure to carcinogens at work in Europe.\",\"publisher\":{\"@id\":\"https:\\\/\\\/stopcarcinogensatwork.eu\\\/hr\\\/#organization\"},\"alternateName\":\"Roadmap on Carcinogens\",\"potentialAction\":[{\"@type\":\"SearchAction\",\"target\":{\"@type\":\"EntryPoint\",\"urlTemplate\":\"https:\\\/\\\/stopcarcinogensatwork.eu\\\/hr\\\/?s={search_term_string}\"},\"query-input\":{\"@type\":\"PropertyValueSpecification\",\"valueRequired\":true,\"valueName\":\"search_term_string\"}}],\"inLanguage\":\"hr\"},{\"@type\":\"Organization\",\"@id\":\"https:\\\/\\\/stopcarcinogensatwork.eu\\\/hr\\\/#organization\",\"name\":\"TNO\",\"alternateName\":\"This is a European wide voluntary action scheme\",\"url\":\"https:\\\/\\\/stopcarcinogensatwork.eu\\\/hr\\\/\",\"logo\":{\"@type\":\"ImageObject\",\"inLanguage\":\"hr\",\"@id\":\"https:\\\/\\\/stopcarcinogensatwork.eu\\\/hr\\\/#\\\/schema\\\/logo\\\/image\\\/\",\"url\":\"https:\\\/\\\/stopcarcinogensatwork.eu\\\/wp-content\\\/uploads\\\/2024\\\/08\\\/cropped-FavLarge-1.png\",\"contentUrl\":\"https:\\\/\\\/stopcarcinogensatwork.eu\\\/wp-content\\\/uploads\\\/2024\\\/08\\\/cropped-FavLarge-1.png\",\"width\":512,\"height\":512,\"caption\":\"TNO\"},\"image\":{\"@id\":\"https:\\\/\\\/stopcarcinogensatwork.eu\\\/hr\\\/#\\\/schema\\\/logo\\\/image\\\/\"},\"publishingPrinciples\":\"https:\\\/\\\/stopcarcinogensatwork.eu\\\/homepage\\\/legal\\\/\",\"ownershipFundingInfo\":\"https:\\\/\\\/stopcarcinogensatwork.eu\\\/general\\\/about-us\\\/\"}]}<\/script>\n<!-- \/ Yoast SEO Premium plugin. -->","yoast_head_json":{"title":"P - Osobna za\u0161tita - STOP carcinogens at work","description":"Every year, more than 100.000 people die in the EU from cancer caused by carcinogens at work. This must STOP!","robots":{"index":"index","follow":"follow","max-snippet":"max-snippet:-1","max-image-preview":"max-image-preview:large","max-video-preview":"max-video-preview:-1"},"canonical":"https:\/\/stopcarcinogensatwork.eu\/hr\/upoznajte-se-s-osnovnim-strategijama-prevencije\/p-osobna-zastita\/","og_locale":"hr_HR","og_type":"article","og_title":"P - Osobna za\u0161tita","og_description":"Every year, more than 100.000 people die in the EU from cancer caused by carcinogens at work. This must STOP!","og_url":"https:\/\/stopcarcinogensatwork.eu\/hr\/upoznajte-se-s-osnovnim-strategijama-prevencije\/p-osobna-zastita\/","og_site_name":"STOP carcinogens at work","twitter_card":"summary_large_image","twitter_misc":{"Procijenjeno vrijeme \u010ditanja":"4 minute"},"schema":{"@context":"https:\/\/schema.org","@graph":[{"@type":"WebPage","@id":"https:\/\/stopcarcinogensatwork.eu\/hr\/upoznajte-se-s-osnovnim-strategijama-prevencije\/p-osobna-zastita\/","url":"https:\/\/stopcarcinogensatwork.eu\/hr\/upoznajte-se-s-osnovnim-strategijama-prevencije\/p-osobna-zastita\/","name":"P - Osobna za\u0161tita - STOP carcinogens at work","isPartOf":{"@id":"https:\/\/stopcarcinogensatwork.eu\/hr\/#website"},"datePublished":"2024-03-06T10:59:51+00:00","description":"Every year, more than 100.000 people die in the EU from cancer caused by carcinogens at work. This must STOP!","breadcrumb":{"@id":"https:\/\/stopcarcinogensatwork.eu\/hr\/upoznajte-se-s-osnovnim-strategijama-prevencije\/p-osobna-zastita\/#breadcrumb"},"inLanguage":"hr","potentialAction":[{"@type":"ReadAction","target":["https:\/\/stopcarcinogensatwork.eu\/hr\/upoznajte-se-s-osnovnim-strategijama-prevencije\/p-osobna-zastita\/"]}]},{"@type":"BreadcrumbList","@id":"https:\/\/stopcarcinogensatwork.eu\/hr\/upoznajte-se-s-osnovnim-strategijama-prevencije\/p-osobna-zastita\/#breadcrumb","itemListElement":[{"@type":"ListItem","position":1,"name":"Home","item":"https:\/\/stopcarcinogensatwork.eu\/hr\/stop-karcinogenima-na-poslu\/"},{"@type":"ListItem","position":2,"name":"Upoznajte se s osnovnim strategijama prevencije","item":"https:\/\/stopcarcinogensatwork.eu\/hr\/upoznajte-se-s-osnovnim-strategijama-prevencije\/"},{"@type":"ListItem","position":3,"name":"P &#8211; Osobna za\u0161tita"}]},{"@type":"WebSite","@id":"https:\/\/stopcarcinogensatwork.eu\/hr\/#website","url":"https:\/\/stopcarcinogensatwork.eu\/hr\/","name":"STOP Carcinogens at work","description":"Every year, about 100.000 people die from cancer that was caused by exposure to carcinogens at work in Europe.","publisher":{"@id":"https:\/\/stopcarcinogensatwork.eu\/hr\/#organization"},"alternateName":"Roadmap on Carcinogens","potentialAction":[{"@type":"SearchAction","target":{"@type":"EntryPoint","urlTemplate":"https:\/\/stopcarcinogensatwork.eu\/hr\/?s={search_term_string}"},"query-input":{"@type":"PropertyValueSpecification","valueRequired":true,"valueName":"search_term_string"}}],"inLanguage":"hr"},{"@type":"Organization","@id":"https:\/\/stopcarcinogensatwork.eu\/hr\/#organization","name":"TNO","alternateName":"This is a European wide voluntary action scheme","url":"https:\/\/stopcarcinogensatwork.eu\/hr\/","logo":{"@type":"ImageObject","inLanguage":"hr","@id":"https:\/\/stopcarcinogensatwork.eu\/hr\/#\/schema\/logo\/image\/","url":"https:\/\/stopcarcinogensatwork.eu\/wp-content\/uploads\/2024\/08\/cropped-FavLarge-1.png","contentUrl":"https:\/\/stopcarcinogensatwork.eu\/wp-content\/uploads\/2024\/08\/cropped-FavLarge-1.png","width":512,"height":512,"caption":"TNO"},"image":{"@id":"https:\/\/stopcarcinogensatwork.eu\/hr\/#\/schema\/logo\/image\/"},"publishingPrinciples":"https:\/\/stopcarcinogensatwork.eu\/homepage\/legal\/","ownershipFundingInfo":"https:\/\/stopcarcinogensatwork.eu\/general\/about-us\/"}]}},"_links":{"self":[{"href":"https:\/\/stopcarcinogensatwork.eu\/hr\/wp-json\/wp\/v2\/pages\/83749","targetHints":{"allow":["GET"]}}],"collection":[{"href":"https:\/\/stopcarcinogensatwork.eu\/hr\/wp-json\/wp\/v2\/pages"}],"about":[{"href":"https:\/\/stopcarcinogensatwork.eu\/hr\/wp-json\/wp\/v2\/types\/page"}],"author":[{"embeddable":true,"href":"https:\/\/stopcarcinogensatwork.eu\/hr\/wp-json\/wp\/v2\/users\/1"}],"replies":[{"embeddable":true,"href":"https:\/\/stopcarcinogensatwork.eu\/hr\/wp-json\/wp\/v2\/comments?post=83749"}],"version-history":[{"count":0,"href":"https:\/\/stopcarcinogensatwork.eu\/hr\/wp-json\/wp\/v2\/pages\/83749\/revisions"}],"up":[{"embeddable":true,"href":"https:\/\/stopcarcinogensatwork.eu\/hr\/wp-json\/wp\/v2\/pages\/83738"}],"wp:attachment":[{"href":"https:\/\/stopcarcinogensatwork.eu\/hr\/wp-json\/wp\/v2\/media?parent=83749"}],"curies":[{"name":"wp","href":"https:\/\/api.w.org\/{rel}","templated":true}]}}