{"id":83752,"date":"2024-03-06T11:27:48","date_gmt":"2024-03-06T11:27:48","guid":{"rendered":"https:\/\/stopcarcinogensatwork.eu\/upoznajte-se-s-osnovnim-strategijama-prevencije\/o-organizacijske-mjere\/"},"modified":"2024-03-06T11:27:48","modified_gmt":"2024-03-06T11:27:48","slug":"o-organizacijske-mjere","status":"publish","type":"page","link":"https:\/\/stopcarcinogensatwork.eu\/hr\/upoznajte-se-s-osnovnim-strategijama-prevencije\/o-organizacijske-mjere\/","title":{"rendered":"O \u2013 Organizacijske mjere"},"content":{"rendered":"<blockquote><p>STOP slijedi hijerarhiju kontrole. Za karcinogene tvari, korak ni\u017ee u hijerarhiji dopu\u0161ten je samo kada tehni\u010dka ograni\u010denja sprje\u010davaju potpuno uklanjanje izlo\u017eenosti. Ovdje \u0107emo se usredoto\u010diti na tre\u0107u razinu, O za organizacijske mjere. Molimo razmotrite S i T prije O. Tako\u0111er imajte na umu da se mo\u017ee koristiti kombinacija mjera.   <\/p><\/blockquote>\n<p>Organizacijske mjere sastoje se od organizacijskih metoda i postupaka, internih politika i redovitih kontrola uspostavljenih za provjeru njihove provedbe, uklju\u010duju\u0107i planove odr\u017eavanja. Organizacijske mjere koje treba provesti trebale bi, izme\u0111u ostalog, uzeti u obzir specifi\u010dnosti radnog mjesta, znanje radnika, opremu, zadatke i okolinu. <\/p>\n<p>\u0160to treba uzeti u obzir prilikom procjene mjere(a) koje treba provesti:<\/p>\n<ul>\n<li>Identificirajte sva radna i dru\u0161tvena podru\u010dja<\/li>\n<li>Razmotrite vrstu i razinu izlo\u017eenosti za svako radno podru\u010dje<\/li>\n<li>Odredite radnike kojima je potreban pristup svakom radnom podru\u010dju<\/li>\n<li>Razmotrite prosje\u010dno vrijeme koje pojedina\u010dni radnik treba provesti na svakom radnom podru\u010dju<\/li>\n<li>Dobiti opis svake mjere, njezine prikladnosti, u\u010dinkovitosti i djelotvornosti te razmotriti mogu\u0107i kombinirani u\u010dinak razli\u010ditih mjera za pobolj\u0161anje kontrole rizika<\/li>\n<li>Zahtjevi za odr\u017eavanje<\/li>\n<\/ul>\n<h2>Neke organizacijske mjere koje treba razmotriti<\/h2>\n<h3>Ograni\u010davanje pristupa rizi\u010dnim podru\u010djima<\/h3>\n<p>Uzimaju\u0107i u obzir rezultate procjene rizika, poslodavci moraju ograni\u010diti pristup odre\u0111enim radnim podru\u010djima, strogo ograni\u010davaju\u0107i takav pristup samo na one radnike koji tamo moraju biti. Mogu se postaviti fizi\u010dke barijere kako bi se ograni\u010dio pristup radnika, na primjer vrata koja zahtijevaju odobrenje. Za ozna\u010davanje takvih podru\u010dja mogu se koristiti znakovi.  <\/p>\n<p>Drugi va\u017ean aspekt je ograni\u010davanje vremena koje radnici provode u tom radnom podru\u010dju. To se mo\u017ee posti\u0107i rotacijom zadataka koje radnik mora obavljati ili ograni\u010davanjem vremena po smjeni. <\/p>\n<p>Prilikom dizajniranja rasporeda obavezno uzmite u obzir sva podru\u010dja, npr. polo\u017eaj zajedni\u010dkih prostora (kao \u0161to su kantina, ormari\u0107i ili odmori\u0161ta) u odnosu na radna podru\u010dja. Radna podru\u010dja ne bi smjela biti izravno povezana sa dru\u0161tvenim podru\u010djima. <\/p>\n<h3>Higijena i individualna za\u0161tita<\/h3>\n<p>U radnim prostorima gdje postoji rizik od kontaminacije potrebno je provesti mjere kako biste osigurali da:<\/p>\n<ul>\n<li>Sve kemikalije na radnom mjestu su propisno ozna\u010dene i postavljeni su odgovaraju\u0107i znakovi upozorenja i sigurnosti te signali<\/li>\n<li>Radno mjesto se odr\u017eava \u010distim i organiziranim<\/li>\n<li>Radnici ne jedu, ne piju niti ne pu\u0161e<\/li>\n<li>Radnicima se osigurava odgovaraju\u0107a za\u0161titna odje\u0107a ili druga odgovaraju\u0107a posebna odje\u0107a<\/li>\n<li>Odvojena mjesta za pohranu predvi\u0111ena su za radnu ili za\u0161titnu odje\u0107u i za odje\u0107u za ulicu.<\/li>\n<li>Radnicima su osigurani odgovaraju\u0107i i adekvatni prostori za pranje i \u010di\u0161\u0107enje.<\/li>\n<li>Za\u0161titna oprema je pravilno pohranjena na dobro odre\u0111enom mjestu<\/li>\n<li>Organiziran je zdravstveni nadzor i njegovi se rezultati uzimaju u obzir<\/li>\n<\/ul>\n<p>Interne politike mogu definirati mjesta gdje radnici smiju jesti, piti ili pu\u0161iti. Nadalje, te politike mogu utvrditi postupke kojih se radnici moraju pridr\u017eavati u vezi sa za\u0161titnom opremom koja im je potrebna, odnosno o tome kako je pravilno koristiti, \u010distiti, odr\u017eavati i skladi\u0161titi. <\/p>\n<p>Mogu se uklju\u010diti jednostavne higijenske mjere kako bi se radnici podsjetili na njihovu va\u017enost. Na primjer, pranje ruku prije jela, \u010di\u0161\u0107enje stopala pri ulasku i izlasku iz pogona te definiranje ruta kojima radnici moraju pristupiti nekim kontaminiranim radnim podru\u010djima. <\/p>\n<h3>Informacije i osposobljavanje radnika<\/h3>\n<p>Poslodavci moraju osigurati da su radnici upoznati s rezultatima procjene rizika, uklju\u010duju\u0107i kori\u0161tene kemikalije, njihova opasna svojstva i na\u010din kori\u0161tenja sigurnosno-tehni\u010dkih listova, posebno o mjerama prve pomo\u0107i ili kontroli izlo\u017eenosti\/osobnoj za\u0161titi.<\/p>\n<p>Nadalje, radnicima treba dati jasne upute o poduzetim mjerama, kao \u0161to su tehni\u010dke mjere, interne politike ili postupci za\u0161tite na radu, s ilustracijama, shemama ili videozapisima, ako je mogu\u0107e.<\/p>\n<ul>\n<li>Treba uzeti u obzir zadatke i razinu znanja radnika te prilagoditi jezik i sadr\u017eaj pru\u017eenih informacija i obuke u skladu s tim.<\/li>\n<li>Informiranje i osposobljavanje radnika treba se pru\u017eati redovito i a\u017eurirati kad god se uvjeti promijene.<\/li>\n<li>Ovisno o vrsti informacija\/potrebama za obukom, mo\u017eete ih pru\u017eiti interno i\/ili prona\u0107i vanjsku stru\u010dnost.<\/li>\n<\/ul>\n","protected":false},"excerpt":{"rendered":"<p>STOP slijedi hijerarhiju kontrole. Za karcinogene tvari, korak ni\u017ee u hijerarhiji dopu\u0161ten je samo kada tehni\u010dka ograni\u010denja sprje\u010davaju potpuno uklanjanje izlo\u017eenosti. Ovdje \u0107emo se usredoto\u010diti na tre\u0107u razinu, O za organizacijske mjere. Molimo razmotrite S i T prije O. Tako\u0111er imajte na umu da se mo\u017ee koristiti kombinacija mjera. Organizacijske mjere sastoje se od organizacijskih [&hellip;]<\/p>\n","protected":false},"author":1,"featured_media":0,"parent":83738,"menu_order":0,"comment_status":"closed","ping_status":"closed","template":"","meta":{"inline_featured_image":false,"footnotes":""},"class_list":["post-83752","page","type-page","status-publish","hentry"],"yoast_head":"<!-- This site is optimized with the Yoast SEO Premium plugin v27.0 (Yoast SEO v27.4) - https:\/\/yoast.com\/product\/yoast-seo-premium-wordpress\/ -->\n<title>O \u2013 Organizacijske mjere - STOP carcinogens at work<\/title>\n<meta name=\"description\" content=\"Every year, more than 100.000 people die in the EU from cancer caused by carcinogens at work. This must STOP!\" \/>\n<meta name=\"robots\" content=\"index, follow, max-snippet:-1, max-image-preview:large, max-video-preview:-1\" \/>\n<link rel=\"canonical\" href=\"https:\/\/stopcarcinogensatwork.eu\/hr\/upoznajte-se-s-osnovnim-strategijama-prevencije\/o-organizacijske-mjere\/\" \/>\n<meta property=\"og:locale\" content=\"hr_HR\" \/>\n<meta property=\"og:type\" content=\"article\" \/>\n<meta property=\"og:title\" content=\"O \u2013 Organizacijske mjere\" \/>\n<meta property=\"og:description\" content=\"Every year, more than 100.000 people die in the EU from cancer caused by carcinogens at work. This must STOP!\" \/>\n<meta property=\"og:url\" content=\"https:\/\/stopcarcinogensatwork.eu\/hr\/upoznajte-se-s-osnovnim-strategijama-prevencije\/o-organizacijske-mjere\/\" \/>\n<meta property=\"og:site_name\" content=\"STOP carcinogens at work\" \/>\n<meta name=\"twitter:card\" content=\"summary_large_image\" \/>\n<meta name=\"twitter:label1\" content=\"Procijenjeno vrijeme \u010ditanja\" \/>\n\t<meta name=\"twitter:data1\" content=\"4 minute\" \/>\n<script type=\"application\/ld+json\" class=\"yoast-schema-graph\">{\"@context\":\"https:\\\/\\\/schema.org\",\"@graph\":[{\"@type\":\"WebPage\",\"@id\":\"https:\\\/\\\/stopcarcinogensatwork.eu\\\/hr\\\/upoznajte-se-s-osnovnim-strategijama-prevencije\\\/o-organizacijske-mjere\\\/\",\"url\":\"https:\\\/\\\/stopcarcinogensatwork.eu\\\/hr\\\/upoznajte-se-s-osnovnim-strategijama-prevencije\\\/o-organizacijske-mjere\\\/\",\"name\":\"O \u2013 Organizacijske mjere - STOP carcinogens at work\",\"isPartOf\":{\"@id\":\"https:\\\/\\\/stopcarcinogensatwork.eu\\\/hr\\\/#website\"},\"datePublished\":\"2024-03-06T11:27:48+00:00\",\"description\":\"Every year, more than 100.000 people die in the EU from cancer caused by carcinogens at work. This must STOP!\",\"breadcrumb\":{\"@id\":\"https:\\\/\\\/stopcarcinogensatwork.eu\\\/hr\\\/upoznajte-se-s-osnovnim-strategijama-prevencije\\\/o-organizacijske-mjere\\\/#breadcrumb\"},\"inLanguage\":\"hr\",\"potentialAction\":[{\"@type\":\"ReadAction\",\"target\":[\"https:\\\/\\\/stopcarcinogensatwork.eu\\\/hr\\\/upoznajte-se-s-osnovnim-strategijama-prevencije\\\/o-organizacijske-mjere\\\/\"]}]},{\"@type\":\"BreadcrumbList\",\"@id\":\"https:\\\/\\\/stopcarcinogensatwork.eu\\\/hr\\\/upoznajte-se-s-osnovnim-strategijama-prevencije\\\/o-organizacijske-mjere\\\/#breadcrumb\",\"itemListElement\":[{\"@type\":\"ListItem\",\"position\":1,\"name\":\"Home\",\"item\":\"https:\\\/\\\/stopcarcinogensatwork.eu\\\/hr\\\/stop-karcinogenima-na-poslu\\\/\"},{\"@type\":\"ListItem\",\"position\":2,\"name\":\"Upoznajte se s osnovnim strategijama prevencije\",\"item\":\"https:\\\/\\\/stopcarcinogensatwork.eu\\\/hr\\\/upoznajte-se-s-osnovnim-strategijama-prevencije\\\/\"},{\"@type\":\"ListItem\",\"position\":3,\"name\":\"O \u2013 Organizacijske mjere\"}]},{\"@type\":\"WebSite\",\"@id\":\"https:\\\/\\\/stopcarcinogensatwork.eu\\\/hr\\\/#website\",\"url\":\"https:\\\/\\\/stopcarcinogensatwork.eu\\\/hr\\\/\",\"name\":\"STOP Carcinogens at work\",\"description\":\"Every year, about 100.000 people die from cancer that was caused by exposure to carcinogens at work in Europe.\",\"publisher\":{\"@id\":\"https:\\\/\\\/stopcarcinogensatwork.eu\\\/hr\\\/#organization\"},\"alternateName\":\"Roadmap on Carcinogens\",\"potentialAction\":[{\"@type\":\"SearchAction\",\"target\":{\"@type\":\"EntryPoint\",\"urlTemplate\":\"https:\\\/\\\/stopcarcinogensatwork.eu\\\/hr\\\/?s={search_term_string}\"},\"query-input\":{\"@type\":\"PropertyValueSpecification\",\"valueRequired\":true,\"valueName\":\"search_term_string\"}}],\"inLanguage\":\"hr\"},{\"@type\":\"Organization\",\"@id\":\"https:\\\/\\\/stopcarcinogensatwork.eu\\\/hr\\\/#organization\",\"name\":\"TNO\",\"alternateName\":\"This is a European wide voluntary action scheme\",\"url\":\"https:\\\/\\\/stopcarcinogensatwork.eu\\\/hr\\\/\",\"logo\":{\"@type\":\"ImageObject\",\"inLanguage\":\"hr\",\"@id\":\"https:\\\/\\\/stopcarcinogensatwork.eu\\\/hr\\\/#\\\/schema\\\/logo\\\/image\\\/\",\"url\":\"https:\\\/\\\/stopcarcinogensatwork.eu\\\/wp-content\\\/uploads\\\/2024\\\/08\\\/cropped-FavLarge-1.png\",\"contentUrl\":\"https:\\\/\\\/stopcarcinogensatwork.eu\\\/wp-content\\\/uploads\\\/2024\\\/08\\\/cropped-FavLarge-1.png\",\"width\":512,\"height\":512,\"caption\":\"TNO\"},\"image\":{\"@id\":\"https:\\\/\\\/stopcarcinogensatwork.eu\\\/hr\\\/#\\\/schema\\\/logo\\\/image\\\/\"},\"publishingPrinciples\":\"https:\\\/\\\/stopcarcinogensatwork.eu\\\/homepage\\\/legal\\\/\",\"ownershipFundingInfo\":\"https:\\\/\\\/stopcarcinogensatwork.eu\\\/general\\\/about-us\\\/\"}]}<\/script>\n<!-- \/ Yoast SEO Premium plugin. -->","yoast_head_json":{"title":"O \u2013 Organizacijske mjere - STOP carcinogens at work","description":"Every year, more than 100.000 people die in the EU from cancer caused by carcinogens at work. This must STOP!","robots":{"index":"index","follow":"follow","max-snippet":"max-snippet:-1","max-image-preview":"max-image-preview:large","max-video-preview":"max-video-preview:-1"},"canonical":"https:\/\/stopcarcinogensatwork.eu\/hr\/upoznajte-se-s-osnovnim-strategijama-prevencije\/o-organizacijske-mjere\/","og_locale":"hr_HR","og_type":"article","og_title":"O \u2013 Organizacijske mjere","og_description":"Every year, more than 100.000 people die in the EU from cancer caused by carcinogens at work. This must STOP!","og_url":"https:\/\/stopcarcinogensatwork.eu\/hr\/upoznajte-se-s-osnovnim-strategijama-prevencije\/o-organizacijske-mjere\/","og_site_name":"STOP carcinogens at work","twitter_card":"summary_large_image","twitter_misc":{"Procijenjeno vrijeme \u010ditanja":"4 minute"},"schema":{"@context":"https:\/\/schema.org","@graph":[{"@type":"WebPage","@id":"https:\/\/stopcarcinogensatwork.eu\/hr\/upoznajte-se-s-osnovnim-strategijama-prevencije\/o-organizacijske-mjere\/","url":"https:\/\/stopcarcinogensatwork.eu\/hr\/upoznajte-se-s-osnovnim-strategijama-prevencije\/o-organizacijske-mjere\/","name":"O \u2013 Organizacijske mjere - STOP carcinogens at work","isPartOf":{"@id":"https:\/\/stopcarcinogensatwork.eu\/hr\/#website"},"datePublished":"2024-03-06T11:27:48+00:00","description":"Every year, more than 100.000 people die in the EU from cancer caused by carcinogens at work. This must STOP!","breadcrumb":{"@id":"https:\/\/stopcarcinogensatwork.eu\/hr\/upoznajte-se-s-osnovnim-strategijama-prevencije\/o-organizacijske-mjere\/#breadcrumb"},"inLanguage":"hr","potentialAction":[{"@type":"ReadAction","target":["https:\/\/stopcarcinogensatwork.eu\/hr\/upoznajte-se-s-osnovnim-strategijama-prevencije\/o-organizacijske-mjere\/"]}]},{"@type":"BreadcrumbList","@id":"https:\/\/stopcarcinogensatwork.eu\/hr\/upoznajte-se-s-osnovnim-strategijama-prevencije\/o-organizacijske-mjere\/#breadcrumb","itemListElement":[{"@type":"ListItem","position":1,"name":"Home","item":"https:\/\/stopcarcinogensatwork.eu\/hr\/stop-karcinogenima-na-poslu\/"},{"@type":"ListItem","position":2,"name":"Upoznajte se s osnovnim strategijama prevencije","item":"https:\/\/stopcarcinogensatwork.eu\/hr\/upoznajte-se-s-osnovnim-strategijama-prevencije\/"},{"@type":"ListItem","position":3,"name":"O \u2013 Organizacijske mjere"}]},{"@type":"WebSite","@id":"https:\/\/stopcarcinogensatwork.eu\/hr\/#website","url":"https:\/\/stopcarcinogensatwork.eu\/hr\/","name":"STOP Carcinogens at work","description":"Every year, about 100.000 people die from cancer that was caused by exposure to carcinogens at work in Europe.","publisher":{"@id":"https:\/\/stopcarcinogensatwork.eu\/hr\/#organization"},"alternateName":"Roadmap on Carcinogens","potentialAction":[{"@type":"SearchAction","target":{"@type":"EntryPoint","urlTemplate":"https:\/\/stopcarcinogensatwork.eu\/hr\/?s={search_term_string}"},"query-input":{"@type":"PropertyValueSpecification","valueRequired":true,"valueName":"search_term_string"}}],"inLanguage":"hr"},{"@type":"Organization","@id":"https:\/\/stopcarcinogensatwork.eu\/hr\/#organization","name":"TNO","alternateName":"This is a European wide voluntary action scheme","url":"https:\/\/stopcarcinogensatwork.eu\/hr\/","logo":{"@type":"ImageObject","inLanguage":"hr","@id":"https:\/\/stopcarcinogensatwork.eu\/hr\/#\/schema\/logo\/image\/","url":"https:\/\/stopcarcinogensatwork.eu\/wp-content\/uploads\/2024\/08\/cropped-FavLarge-1.png","contentUrl":"https:\/\/stopcarcinogensatwork.eu\/wp-content\/uploads\/2024\/08\/cropped-FavLarge-1.png","width":512,"height":512,"caption":"TNO"},"image":{"@id":"https:\/\/stopcarcinogensatwork.eu\/hr\/#\/schema\/logo\/image\/"},"publishingPrinciples":"https:\/\/stopcarcinogensatwork.eu\/homepage\/legal\/","ownershipFundingInfo":"https:\/\/stopcarcinogensatwork.eu\/general\/about-us\/"}]}},"_links":{"self":[{"href":"https:\/\/stopcarcinogensatwork.eu\/hr\/wp-json\/wp\/v2\/pages\/83752","targetHints":{"allow":["GET"]}}],"collection":[{"href":"https:\/\/stopcarcinogensatwork.eu\/hr\/wp-json\/wp\/v2\/pages"}],"about":[{"href":"https:\/\/stopcarcinogensatwork.eu\/hr\/wp-json\/wp\/v2\/types\/page"}],"author":[{"embeddable":true,"href":"https:\/\/stopcarcinogensatwork.eu\/hr\/wp-json\/wp\/v2\/users\/1"}],"replies":[{"embeddable":true,"href":"https:\/\/stopcarcinogensatwork.eu\/hr\/wp-json\/wp\/v2\/comments?post=83752"}],"version-history":[{"count":0,"href":"https:\/\/stopcarcinogensatwork.eu\/hr\/wp-json\/wp\/v2\/pages\/83752\/revisions"}],"up":[{"embeddable":true,"href":"https:\/\/stopcarcinogensatwork.eu\/hr\/wp-json\/wp\/v2\/pages\/83738"}],"wp:attachment":[{"href":"https:\/\/stopcarcinogensatwork.eu\/hr\/wp-json\/wp\/v2\/media?parent=83752"}],"curies":[{"name":"wp","href":"https:\/\/api.w.org\/{rel}","templated":true}]}}