{"id":83780,"date":"2024-04-25T14:29:54","date_gmt":"2024-04-25T14:29:54","guid":{"rendered":"https:\/\/stopcarcinogensatwork.eu\/stop-karcinogenima-na-poslu\/odricanje-od-odgovornosti-i-privatnost\/"},"modified":"2024-04-25T14:29:54","modified_gmt":"2024-04-25T14:29:54","slug":"odricanje-od-odgovornosti-i-privatnost","status":"publish","type":"page","link":"https:\/\/stopcarcinogensatwork.eu\/hr\/stop-karcinogenima-na-poslu\/odricanje-od-odgovornosti-i-privatnost\/","title":{"rendered":"Odricanje od odgovornosti i privatnost"},"content":{"rendered":"<h3>Kola\u010di\u0107i i privatnost<\/h3>\n<p>Oslanjamo se na na\u0161 legitimni interes za razumijevanje i pobolj\u0161anje performansi i upotrebljivosti stranice. Budu\u0107i da su podaci potpuno anonimizirani i koriste se samo u agregiranom obliku, ne postavljamo sko\u010dni banner za pristanak na kola\u010di\u0107e. Uvijek mo\u017eete potvrditi na\u0161u upotrebu kola\u010di\u0107a na: <a href=\"https:\/\/2gdpr.com\" target=\"_blank\" rel=\"noopener\">https:\/\/2gdpr.com<\/a> . Ovo su kola\u010di\u0107i koje koristimo:   <\/p>\n<h4>1. Neophodni kola\u010di\u0107i<\/h4>\n<p>Ovi kola\u010di\u0107i su neophodni za osnovni rad na\u0161e stranice. Omogu\u0107uju osnovne funkcionalnosti kao \u0161to su navigacija stranicama, odabir jezika i pristup sigurnim podru\u010djima. Bez njih stranica ne mo\u017ee ispravno funkcionirati.  <\/p>\n<ul>\n<li>Naziv kola\u010di\u0107a: wp-wpml_current_language\n<ul>\n<li>Pru\u017eatelj usluga: ova web stranica<\/li>\n<li>Svrha: Pamti va\u0161 trenutni odabir jezika<\/li>\n<li>Trajanje: sesija<\/li>\n<\/ul>\n<\/li>\n<\/ul>\n<h4>2. Analiti\u010dki kola\u010di\u0107i<\/h4>\n<p>Koristimo Google Analytics za prikupljanje anonimnih, agregiranih statisti\u010dkih podataka o tome kako posjetitelji koriste na\u0161u stranicu (na primjer: pregledi stranica, trajanje sesije, najposje\u0107enije stranice). Omogu\u0107ili smo anonimizaciju IP adrese tako da se nikada ne bilje\u017ei puna IP adresa. <\/p>\n<ul>\n<li>Naziv kola\u010di\u0107a: _ga_*\n<ul>\n<li>Pru\u017eatelj usluga: google-analytics.com<\/li>\n<li>Svrha: Broji preglede stranica i razlikuje jedinstvene posjetitelje.<\/li>\n<li>Trajanje: 1 godina 1 mjesec i 4 dana<\/li>\n<\/ul>\n<\/li>\n<li>Naziv kola\u010di\u0107a: _ga\n<ul>\n<li>Pru\u017eatelj usluga: ova web stranica<\/li>\n<li>Svrha: Izra\u010dunava podatke o posjetiteljima i sesijama za analitiku web-mjesta.<\/li>\n<li>Trajanje: 1 godina 1 mjesec i 4 dana<\/li>\n<\/ul>\n<\/li>\n<\/ul>\n<h4><b>Kako kontrolirati ili izbrisati kola\u010di\u0107e<\/b><\/h4>\n<ol>\n<li><strong>Postavke preglednika:<\/strong> Ve\u0107ina preglednika omogu\u0107uje vam odbijanje ili brisanje kola\u010di\u0107a putem izbornika \u201ePostavke\u201c ili \u201ePostavke\u201c.<\/li>\n<li><strong>Isklju\u010divanje iz Google Analyticsa:<\/strong> Tako\u0111er mo\u017eete instalirati slu\u017ebeni Googleov dodatak za preglednik kako biste u potpunosti blokirali Analytics: https:\/\/tools.google.com\/dlpage\/gaoptout<\/li>\n<\/ol>\n<p class=\"p3\">Ako onemogu\u0107ite ove kola\u010di\u0107e, dijelovi <strong>stranice mo\u017eda ne\u0107e raditi<\/strong> kako je predvi\u0111eno i ne\u0107emo mo\u0107i vidjeti kako ste prona\u0161li ili koristili na\u0161 sadr\u017eaj.<\/p>\n<h3>Odricanje<\/h3>\n<h4>Informacije navedene na ovoj web stranici<\/h4>\n<p>\u0160est inicijatora Plana za karcinogene tvari odr\u017eava ovu web stranicu kako bi pobolj\u0161ali javni pristup informacijama o akcijskom planu za sprje\u010davanje i rje\u0161avanje rizika koji proizlaze iz izlo\u017eenosti karcinogenima na radu. Na\u0161 je cilj da ove informacije budu pravovremene i to\u010dne. Ako nam se uka\u017ee na pogre\u0161ke, poku\u0161at \u0107emo ih ispraviti. Me\u0111utim, inicijatori ne preuzimaju nikakvu odgovornost u vezi s informacijama na ovoj stranici.   <\/p>\n<p>Ove informacije su:<\/p>\n<ul>\n<li>samo op\u0107enite prirode i nije namijenjen rje\u0161avanju specifi\u010dnih okolnosti bilo koje odre\u0111ene osobe ili subjekta;<\/li>\n<li>ne nu\u017eno sveobuhvatno, potpuno, to\u010dno ili a\u017eurno;<\/li>\n<li>dijelom dolaze od tre\u0107ih strana za koje inicijatori ne preuzimaju nikakvu odgovornost;<\/li>\n<li>ponekad povezane s vanjskim stranicama nad kojima inicijatori nemaju kontrolu i za koje ne preuzimaju nikakvu odgovornost;<\/li>\n<li>nije stru\u010dni ili pravni savjet (ako vam je potreban konkretan savjet, uvijek se trebate obratiti odgovaraju\u0107e kvalificiranom stru\u010dnjaku).<\/li>\n<\/ul>\n<p>Na\u0161 je cilj smanjiti poreme\u0107aje uzrokovane tehni\u010dkim pogre\u0161kama. Me\u0111utim, neki podaci ili informacije na na\u0161oj stranici mo\u017eda su kreirani ili strukturirani u datotekama ili formatima koji nisu bez gre\u0161aka i ne mo\u017eemo jam\u010diti da na\u0161a usluga ne\u0107e biti prekinuta ili na drugi na\u010din pogo\u0111ena takvim problemima. Pokreta\u010di ne preuzimaju nikakvu odgovornost u vezi s takvim problemima nastalim kao rezultat kori\u0161tenja ove stranice ili bilo kojih povezanih vanjskih stranica.  <\/p>\n<h4>Za na\u0161u web stranicu koristimo alat za prevo\u0111enje pokretan umjetnom inteligencijom<\/h4>\n<p>Za na\u0161u web stranicu koristimo alat za prevo\u0111enje pokretan umjetnom inteligencijom, a izvorni govornici pregledavaju i ispravljaju sve neto\u010dnosti. Ovaj pristup osigurava i u\u010dinkovitost i kvalitetu, jer se sustav umjetne inteligencije kontinuirano pobolj\u0161ava tijekom vremena. Vjerujemo da ova metoda nudi naju\u010dinkovitiji i najisplativiji na\u010din da na\u0161a web stranica bude dostupna na vi\u0161e jezika, poma\u017eu\u0107i nam da dosegnemo \u0161iru publiku pojedinaca i organizacija. Ako imate bilo kakve povratne informacije ili prijedloge u vezi s na\u0161im procesom prevo\u0111enja, voljeli bismo \u010duti od vas. Podijelite svoje mi\u0161ljenje s nama putem e-po\u0161te.    <\/p>\n<h3>Autorska prava<\/h3>\n<p>Reprodukcija je dopu\u0161tena uz navo\u0111enje izvora, osim ako nije druga\u010dije navedeno.<\/p>\n<p>U slu\u010dajevima kada je potrebno prethodno dopu\u0161tenje za reprodukciju ili kori\u0161tenje tekstualnih i multimedijskih informacija (zvuk, slike, softver itd.), takvo dopu\u0161tenje poni\u0161tava gore navedeno op\u0107e dopu\u0161tenje i jasno navodi sva ograni\u010denja kori\u0161tenja.<\/p>\n","protected":false},"excerpt":{"rendered":"<p>Kola\u010di\u0107i i privatnost Oslanjamo se na na\u0161 legitimni interes za razumijevanje i pobolj\u0161anje performansi i upotrebljivosti stranice. Budu\u0107i da su podaci potpuno anonimizirani i koriste se samo u agregiranom obliku, ne postavljamo sko\u010dni banner za pristanak na kola\u010di\u0107e. Uvijek mo\u017eete potvrditi na\u0161u upotrebu kola\u010di\u0107a na: https:\/\/2gdpr.com . Ovo su kola\u010di\u0107i koje koristimo: 1. Neophodni kola\u010di\u0107i [&hellip;]<\/p>\n","protected":false},"author":1,"featured_media":0,"parent":82331,"menu_order":0,"comment_status":"closed","ping_status":"closed","template":"","meta":{"inline_featured_image":false,"footnotes":""},"class_list":["post-83780","page","type-page","status-publish","hentry"],"yoast_head":"<!-- This site is optimized with the Yoast SEO Premium plugin v27.0 (Yoast SEO v27.4) - https:\/\/yoast.com\/product\/yoast-seo-premium-wordpress\/ -->\n<title>Odricanje od odgovornosti i privatnost - STOP carcinogens at work<\/title>\n<meta name=\"description\" content=\"Every year, more than 100.000 people die in the EU from cancer caused by carcinogens at work. This must STOP!\" \/>\n<meta name=\"robots\" content=\"noindex, nofollow\" \/>\n<meta property=\"og:locale\" content=\"hr_HR\" \/>\n<meta property=\"og:type\" content=\"article\" \/>\n<meta property=\"og:title\" content=\"Odricanje od odgovornosti i privatnost\" \/>\n<meta property=\"og:description\" content=\"Every year, more than 100.000 people die in the EU from cancer caused by carcinogens at work. This must STOP!\" \/>\n<meta property=\"og:url\" content=\"https:\/\/stopcarcinogensatwork.eu\/hr\/stop-karcinogenima-na-poslu\/odricanje-od-odgovornosti-i-privatnost\/\" \/>\n<meta property=\"og:site_name\" content=\"STOP carcinogens at work\" \/>\n<meta name=\"twitter:card\" content=\"summary_large_image\" \/>\n<meta name=\"twitter:label1\" content=\"Procijenjeno vrijeme \u010ditanja\" \/>\n\t<meta name=\"twitter:data1\" content=\"4 minute\" \/>\n<script type=\"application\/ld+json\" class=\"yoast-schema-graph\">{\"@context\":\"https:\\\/\\\/schema.org\",\"@graph\":[{\"@type\":\"WebPage\",\"@id\":\"https:\\\/\\\/stopcarcinogensatwork.eu\\\/hr\\\/stop-karcinogenima-na-poslu\\\/odricanje-od-odgovornosti-i-privatnost\\\/\",\"url\":\"https:\\\/\\\/stopcarcinogensatwork.eu\\\/hr\\\/stop-karcinogenima-na-poslu\\\/odricanje-od-odgovornosti-i-privatnost\\\/\",\"name\":\"Odricanje od odgovornosti i privatnost - STOP carcinogens at work\",\"isPartOf\":{\"@id\":\"https:\\\/\\\/stopcarcinogensatwork.eu\\\/hr\\\/#website\"},\"datePublished\":\"2024-04-25T14:29:54+00:00\",\"description\":\"Every year, more than 100.000 people die in the EU from cancer caused by carcinogens at work. This must STOP!\",\"breadcrumb\":{\"@id\":\"https:\\\/\\\/stopcarcinogensatwork.eu\\\/hr\\\/stop-karcinogenima-na-poslu\\\/odricanje-od-odgovornosti-i-privatnost\\\/#breadcrumb\"},\"inLanguage\":\"hr\",\"potentialAction\":[{\"@type\":\"ReadAction\",\"target\":[\"https:\\\/\\\/stopcarcinogensatwork.eu\\\/hr\\\/stop-karcinogenima-na-poslu\\\/odricanje-od-odgovornosti-i-privatnost\\\/\"]}]},{\"@type\":\"BreadcrumbList\",\"@id\":\"https:\\\/\\\/stopcarcinogensatwork.eu\\\/hr\\\/stop-karcinogenima-na-poslu\\\/odricanje-od-odgovornosti-i-privatnost\\\/#breadcrumb\",\"itemListElement\":[{\"@type\":\"ListItem\",\"position\":1,\"name\":\"Home\",\"item\":\"https:\\\/\\\/stopcarcinogensatwork.eu\\\/hr\\\/stop-karcinogenima-na-poslu\\\/\"},{\"@type\":\"ListItem\",\"position\":2,\"name\":\"STOP karcinogenima na radu\",\"item\":\"https:\\\/\\\/stopcarcinogensatwork.eu\\\/hr\\\/stop-karcinogenima-na-poslu\\\/\"},{\"@type\":\"ListItem\",\"position\":3,\"name\":\"Odricanje od odgovornosti i privatnost\"}]},{\"@type\":\"WebSite\",\"@id\":\"https:\\\/\\\/stopcarcinogensatwork.eu\\\/hr\\\/#website\",\"url\":\"https:\\\/\\\/stopcarcinogensatwork.eu\\\/hr\\\/\",\"name\":\"STOP Carcinogens at work\",\"description\":\"Every year, about 100.000 people die from cancer that was caused by exposure to carcinogens at work in Europe.\",\"publisher\":{\"@id\":\"https:\\\/\\\/stopcarcinogensatwork.eu\\\/hr\\\/#organization\"},\"alternateName\":\"Roadmap on Carcinogens\",\"potentialAction\":[{\"@type\":\"SearchAction\",\"target\":{\"@type\":\"EntryPoint\",\"urlTemplate\":\"https:\\\/\\\/stopcarcinogensatwork.eu\\\/hr\\\/?s={search_term_string}\"},\"query-input\":{\"@type\":\"PropertyValueSpecification\",\"valueRequired\":true,\"valueName\":\"search_term_string\"}}],\"inLanguage\":\"hr\"},{\"@type\":\"Organization\",\"@id\":\"https:\\\/\\\/stopcarcinogensatwork.eu\\\/hr\\\/#organization\",\"name\":\"TNO\",\"alternateName\":\"This is a European wide voluntary action scheme\",\"url\":\"https:\\\/\\\/stopcarcinogensatwork.eu\\\/hr\\\/\",\"logo\":{\"@type\":\"ImageObject\",\"inLanguage\":\"hr\",\"@id\":\"https:\\\/\\\/stopcarcinogensatwork.eu\\\/hr\\\/#\\\/schema\\\/logo\\\/image\\\/\",\"url\":\"https:\\\/\\\/stopcarcinogensatwork.eu\\\/wp-content\\\/uploads\\\/2024\\\/08\\\/cropped-FavLarge-1.png\",\"contentUrl\":\"https:\\\/\\\/stopcarcinogensatwork.eu\\\/wp-content\\\/uploads\\\/2024\\\/08\\\/cropped-FavLarge-1.png\",\"width\":512,\"height\":512,\"caption\":\"TNO\"},\"image\":{\"@id\":\"https:\\\/\\\/stopcarcinogensatwork.eu\\\/hr\\\/#\\\/schema\\\/logo\\\/image\\\/\"},\"publishingPrinciples\":\"https:\\\/\\\/stopcarcinogensatwork.eu\\\/homepage\\\/legal\\\/\",\"ownershipFundingInfo\":\"https:\\\/\\\/stopcarcinogensatwork.eu\\\/general\\\/about-us\\\/\"}]}<\/script>\n<!-- \/ Yoast SEO Premium plugin. -->","yoast_head_json":{"title":"Odricanje od odgovornosti i privatnost - STOP carcinogens at work","description":"Every year, more than 100.000 people die in the EU from cancer caused by carcinogens at work. This must STOP!","robots":{"index":"noindex","follow":"nofollow"},"og_locale":"hr_HR","og_type":"article","og_title":"Odricanje od odgovornosti i privatnost","og_description":"Every year, more than 100.000 people die in the EU from cancer caused by carcinogens at work. This must STOP!","og_url":"https:\/\/stopcarcinogensatwork.eu\/hr\/stop-karcinogenima-na-poslu\/odricanje-od-odgovornosti-i-privatnost\/","og_site_name":"STOP carcinogens at work","twitter_card":"summary_large_image","twitter_misc":{"Procijenjeno vrijeme \u010ditanja":"4 minute"},"schema":{"@context":"https:\/\/schema.org","@graph":[{"@type":"WebPage","@id":"https:\/\/stopcarcinogensatwork.eu\/hr\/stop-karcinogenima-na-poslu\/odricanje-od-odgovornosti-i-privatnost\/","url":"https:\/\/stopcarcinogensatwork.eu\/hr\/stop-karcinogenima-na-poslu\/odricanje-od-odgovornosti-i-privatnost\/","name":"Odricanje od odgovornosti i privatnost - STOP carcinogens at work","isPartOf":{"@id":"https:\/\/stopcarcinogensatwork.eu\/hr\/#website"},"datePublished":"2024-04-25T14:29:54+00:00","description":"Every year, more than 100.000 people die in the EU from cancer caused by carcinogens at work. This must STOP!","breadcrumb":{"@id":"https:\/\/stopcarcinogensatwork.eu\/hr\/stop-karcinogenima-na-poslu\/odricanje-od-odgovornosti-i-privatnost\/#breadcrumb"},"inLanguage":"hr","potentialAction":[{"@type":"ReadAction","target":["https:\/\/stopcarcinogensatwork.eu\/hr\/stop-karcinogenima-na-poslu\/odricanje-od-odgovornosti-i-privatnost\/"]}]},{"@type":"BreadcrumbList","@id":"https:\/\/stopcarcinogensatwork.eu\/hr\/stop-karcinogenima-na-poslu\/odricanje-od-odgovornosti-i-privatnost\/#breadcrumb","itemListElement":[{"@type":"ListItem","position":1,"name":"Home","item":"https:\/\/stopcarcinogensatwork.eu\/hr\/stop-karcinogenima-na-poslu\/"},{"@type":"ListItem","position":2,"name":"STOP karcinogenima na radu","item":"https:\/\/stopcarcinogensatwork.eu\/hr\/stop-karcinogenima-na-poslu\/"},{"@type":"ListItem","position":3,"name":"Odricanje od odgovornosti i privatnost"}]},{"@type":"WebSite","@id":"https:\/\/stopcarcinogensatwork.eu\/hr\/#website","url":"https:\/\/stopcarcinogensatwork.eu\/hr\/","name":"STOP Carcinogens at work","description":"Every year, about 100.000 people die from cancer that was caused by exposure to carcinogens at work in Europe.","publisher":{"@id":"https:\/\/stopcarcinogensatwork.eu\/hr\/#organization"},"alternateName":"Roadmap on Carcinogens","potentialAction":[{"@type":"SearchAction","target":{"@type":"EntryPoint","urlTemplate":"https:\/\/stopcarcinogensatwork.eu\/hr\/?s={search_term_string}"},"query-input":{"@type":"PropertyValueSpecification","valueRequired":true,"valueName":"search_term_string"}}],"inLanguage":"hr"},{"@type":"Organization","@id":"https:\/\/stopcarcinogensatwork.eu\/hr\/#organization","name":"TNO","alternateName":"This is a European wide voluntary action scheme","url":"https:\/\/stopcarcinogensatwork.eu\/hr\/","logo":{"@type":"ImageObject","inLanguage":"hr","@id":"https:\/\/stopcarcinogensatwork.eu\/hr\/#\/schema\/logo\/image\/","url":"https:\/\/stopcarcinogensatwork.eu\/wp-content\/uploads\/2024\/08\/cropped-FavLarge-1.png","contentUrl":"https:\/\/stopcarcinogensatwork.eu\/wp-content\/uploads\/2024\/08\/cropped-FavLarge-1.png","width":512,"height":512,"caption":"TNO"},"image":{"@id":"https:\/\/stopcarcinogensatwork.eu\/hr\/#\/schema\/logo\/image\/"},"publishingPrinciples":"https:\/\/stopcarcinogensatwork.eu\/homepage\/legal\/","ownershipFundingInfo":"https:\/\/stopcarcinogensatwork.eu\/general\/about-us\/"}]}},"_links":{"self":[{"href":"https:\/\/stopcarcinogensatwork.eu\/hr\/wp-json\/wp\/v2\/pages\/83780","targetHints":{"allow":["GET"]}}],"collection":[{"href":"https:\/\/stopcarcinogensatwork.eu\/hr\/wp-json\/wp\/v2\/pages"}],"about":[{"href":"https:\/\/stopcarcinogensatwork.eu\/hr\/wp-json\/wp\/v2\/types\/page"}],"author":[{"embeddable":true,"href":"https:\/\/stopcarcinogensatwork.eu\/hr\/wp-json\/wp\/v2\/users\/1"}],"replies":[{"embeddable":true,"href":"https:\/\/stopcarcinogensatwork.eu\/hr\/wp-json\/wp\/v2\/comments?post=83780"}],"version-history":[{"count":0,"href":"https:\/\/stopcarcinogensatwork.eu\/hr\/wp-json\/wp\/v2\/pages\/83780\/revisions"}],"up":[{"embeddable":true,"href":"https:\/\/stopcarcinogensatwork.eu\/hr\/wp-json\/wp\/v2\/pages\/82331"}],"wp:attachment":[{"href":"https:\/\/stopcarcinogensatwork.eu\/hr\/wp-json\/wp\/v2\/media?parent=83780"}],"curies":[{"name":"wp","href":"https:\/\/api.w.org\/{rel}","templated":true}]}}