{"id":83781,"date":"2024-08-31T07:07:44","date_gmt":"2024-08-31T07:07:44","guid":{"rendered":"https:\/\/stopcarcinogensatwork.eu\/general\/o-planu-rada-za-karcinogene-tvari\/izazovi\/"},"modified":"2025-09-04T13:12:06","modified_gmt":"2025-09-04T13:12:06","slug":"izazovi","status":"publish","type":"page","link":"https:\/\/stopcarcinogensatwork.eu\/hr\/general\/o-planu-rada-za-karcinogene-tvari\/izazovi\/","title":{"rendered":"Izazovi"},"content":{"rendered":"<p><img fetchpriority=\"high\" decoding=\"async\" class=\"alignnone wp-image-20623 size-full\" src=\"https:\/\/stopcarcinogensatwork.eu\/wp-content\/uploads\/2024\/08\/Pillars.png\" alt=\"\" width=\"1384\" height=\"736\" srcset=\"https:\/\/stopcarcinogensatwork.eu\/wp-content\/uploads\/2024\/08\/Pillars.png 1384w, https:\/\/stopcarcinogensatwork.eu\/wp-content\/uploads\/2024\/08\/Pillars-300x160.png 300w, https:\/\/stopcarcinogensatwork.eu\/wp-content\/uploads\/2024\/08\/Pillars-768x408.png 768w\" sizes=\"(max-width: 1384px) 100vw, 1384px\" \/><\/p>\n<blockquote><p>Od 2021. godine, Plan za karcinogene zapo\u010deo je s dvanaest izazova kako bi se postigao daljnji u\u010dinak i sprije\u010dila izlo\u017eenost radnika karcinogenima ( <a href=\"https:\/\/stopcarcinogensatwork.eu\/wp-content\/uploads\/2024\/09\/200903_RoC2.0_Strategy.pdf\" target=\"_blank\" rel=\"noopener\">cijelu strategiju pro\u010ditajte ovdje<\/a> ).<\/p><\/blockquote>\n<p class=\"ai-optimize-6 ai-optimize-introduction\">Za razdoblje 2020.-2024. Planom su utvr\u0111ena sljede\u0107a \u010detiri cilja:<\/p>\n<ul>\n<li class=\"ai-optimize-7\"><strong>Stup 1:<\/strong> Podizanje svijesti me\u0111u poduze\u0107ima i radnicima diljem Europe o rizicima izlo\u017eenosti kancerogenim tvarima i potrebi za preventivnim djelovanjem.<\/li>\n<li class=\"ai-optimize-8\"><strong>Stup 2:<\/strong> Pru\u017eanje pomo\u0107i poduze\u0107ima i radnicima u sprje\u010davanju izlo\u017eenosti karcinogenima na radnom mjestu i minimiziranju njezina utjecaja na radnu snagu.<\/li>\n<li class=\"ai-optimize-9\"><strong>Stup 3:<\/strong> Uklju\u010divanje industrije i sektora te pove\u0107anje uklju\u010denosti relevantnih strana kako bi se umno\u017eili na\u0161i napori diljem Europe.<\/li>\n<li class=\"ai-optimize-10\"><strong>Stup 4:<\/strong> Usmjeravanje na inovacije kako bi se premostio jaz izme\u0111u rezultata istra\u017eivanja i potreba poduze\u0107a.<\/li>\n<\/ul>\n<p class=\"ai-optimize-11\">Ovi stupovi su podijeljeni u 12 izazova. Provedba ovih izazova doprinijet \u0107e postizanju ovih ciljeva. Svaki izazov vodi tim iz partnera Plana.  <\/p>\n<h3 class=\"ai-optimize-12\">Izazov 1.1 \u2013 Bolji podaci<\/h3>\n<p class=\"ai-optimize-13\">Bolji i detaljniji podaci o izlo\u017eenosti karcinogenima klju\u010dni su za podizanje svijesti o potrebi djelovanja i za pra\u0107enje &#8211; posebno dugoro\u010dno &#8211; mo\u017eemo li vidjeti pad upotrebe kancerogenih tvari u proizvodnji.<\/p>\n<p class=\"ai-optimize-14\"><strong>Rezultati:<\/strong><\/p>\n<ul>\n<li class=\"ai-optimize-15\"><a href=\"https:\/\/stopcarcinogensatwork.eu\/wp-content\/uploads\/2024\/08\/Ch1.1_Conclusion_Report_20230125.pdf\" target=\"_blank\" rel=\"noopener\">Detaljno izvje\u0161\u0107e je dostupno (pdf)<\/a> .<\/li>\n<li class=\"ai-optimize-16\"><a href=\"https:\/\/stopcarcinogensatwork.eu\/hr\/baze-podataka-o-mjerenjima-izlozenosti-karcinogenima-na-radu\/\" target=\"_blank\" rel=\"noopener\">Pregled baza podataka mjerenja izlo\u017eenosti <strong>dostupan je na ovoj web stranici<\/strong><\/a><\/li>\n<li class=\"ai-optimize-17\"><a href=\"https:\/\/stopcarcinogensatwork.eu\/hr\/registri-o-radnicima-izlozenim-karcinogenima\/\" target=\"_blank\" rel=\"noopener\">Pregled registara o radnicima izlo\u017eenim karcinogenima <strong>dostupan je na ovoj web stranici<\/strong><\/a><\/li>\n<li class=\"ai-optimize-18\"><a href=\"https:\/\/stopcarcinogensatwork.eu\/wp-content\/uploads\/2024\/08\/Ch1.1_joint_research_projects_v2.1.pdf\" target=\"_blank\" rel=\"noopener\">Zajedni\u010dki istra\u017eiva\u010dki projekti koji pru\u017eaju podatke o izlo\u017eenosti karcinogenima na radu (pdf)<\/a><\/li>\n<\/ul>\n<h3 class=\"ai-optimize-19\">Izazov 1.2 \u2013 Obrazovanje je klju\u010dno<\/h3>\n<p class=\"ai-optimize-20\">Vjerni motu &#8216;Ne mo\u017ee\u0161 starog psa nau\u010diti novim trikovima&#8217;, potrebno je zapo\u010deti s aktivnostima podizanja svijesti u osnovnim \u0161kolama i bolje ih integrirati u strukovno obrazovanje.<\/p>\n<p class=\"ai-optimize-21\"><strong>Rezultati:<\/strong><\/p>\n<ul>\n<li class=\"ai-optimize-22\">Uskoro \u0107e biti dostupan set edukativnih prezentacija za u\u010ditelje osnovnih \u0161kola.<\/li>\n<li class=\"ai-optimize-23\">Razvijen je alat za gamifikaciju koji je <a href=\"https:\/\/stopcarcinogensatwork.eu\/hr\/good-practice\/upravljanje-rizicima-karcinogena-na-radnom-mjestu-putem-edukativne-igre\/\" target=\"_blank\" rel=\"noopener\"><strong>dostupan<\/strong> <strong>putem ove web stranice.<\/strong><\/a><\/li>\n<\/ul>\n<h3 class=\"ai-optimize-24\">Izazov 2.1 \u2013 Strategije zamjene<\/h3>\n<p class=\"ai-optimize-25\">Zamjena sigurnijim alternativama nalazi se na vrhu hijerarhije mjera za sprje\u010davanje izlo\u017eenosti kancerogenim agensima na radu, a prikupljanje primjera zamjene i inovacija pomo\u0107i \u0107e tvrtkama u potrazi za uspje\u0161nim planom zamjene.<\/p>\n<ul>\n<li class=\"ai-optimize-26\">Sveobuhvatni sa\u017eeci alternativa iz zahtjeva za autorizaciju prema REACH-u dostupni su na ovoj web stranici pod svakom \u010dinjenicom.<\/li>\n<li class=\"ai-optimize-27\"><a href=\"https:\/\/stopcarcinogensatwork.eu\/hr\/general\/o-planu-rada-za-karcinogene-tvari\/izazovi\/moguce-alternative-za-krom\/\" target=\"_blank\" rel=\"noopener\">Mogu\u0107e alternative za kromov trioksid kao sredstvo za prevla\u010denje za upotrebu u op\u0107oj proizvodnji mo\u017eete prona\u0107i ovdje.<\/a><\/li>\n<\/ul>\n<h3 class=\"ai-optimize-28\">Izazov 2.2 \u2013 Smjernice za upravljanje rizicima<\/h3>\n<p class=\"ai-optimize-29\">Cilj ovog izazova bio je pru\u017eiti smjernice za upravljanje rizikom i podi\u0107i svijest o strategijama smanjenja rizika prema na\u010delu STOP. Osim izrade letaka o potonjem, tim za izazov pregledao je mnoge upute za kontrolu specifi\u010dne za zadatak kako bi prikupio op\u0107e zna\u010dajke za predlo\u017eak. To podr\u017eava izradu uputa za kontrolu (CGS) i poma\u017ee u komunikaciji najva\u017enijih aspekata upravljanja rizikom karcinogena. <a href=\"https:\/\/stopcarcinogensatwork.eu\/hr\/upoznajte-se-s-osnovnim-strategijama-prevencije\/\" target=\"_blank\" rel=\"noopener\">Sadr\u017eaj letaka S \u2013 T \u2013 O \u2013 P nalazi se na web stranici.<\/a><br \/>\n Vi\u0161e rezultata izazova bit \u0107e dostupno uskoro:  <\/p>\n<ul>\n<li class=\"ai-optimize-30\"><a href=\"https:\/\/stopcarcinogensatwork.eu\/hr\/upoznajte-se-s-osnovnim-strategijama-prevencije\/\" target=\"_blank\" rel=\"noopener\">S-T-O-P letci za preuzimanje<\/a> .<\/li>\n<li class=\"ai-optimize-31\">Platforma koju institucije mogu koristiti za generiranje <a href=\"https:\/\/stopcarcinogensatwork.eu\/hr\/general\/suradujte-s-nama\/\" target=\"_blank\" rel=\"noopener\">CGS-a na temelju predlo\u0161ka koji je razvio tim za izazov<\/a> . Rezultiraju\u0107i CGS za poslodavce bit \u0107e podijeljen na web stranici. <\/li>\n<li class=\"ai-optimize-32\"><a href=\"https:\/\/stopcarcinogensatwork.eu\/wp-content\/uploads\/2025\/05\/Ch22_Conclusion_Report_20250521.pdf\" target=\"_blank\" rel=\"noopener\">Izvje\u0161\u0107e o izazovima 2.2<\/a><\/li>\n<\/ul>\n<h3 class=\"ai-optimize-33\">Izazov 2.3 \u2013 Sredstva za poduze\u0107a<\/h3>\n<p class=\"ai-optimize-34\">Poznato je da razli\u010dite organizacije, poput dr\u017eava \u010dlanica, industrijskih ili sektorskih organizacija, nacionalnih inicijativa za socijalno osiguranje, osiguranja i drugih, ve\u0107 imaju sredstva ili posebne fiskalne mjere koje poti\u010du poduze\u0107a na ulaganje u sigurnost i zdravlje na radu.<\/p>\n<ul>\n<li class=\"ai-optimize-35\"><a href=\"https:\/\/stopcarcinogensatwork.eu\/wp-content\/uploads\/2025\/05\/Final-report-RoC-Ch2.3andCh3.1-BusinessEurope.pdf\">Izvje\u0161\u0107e o izazovima 2.3 i 3.1<\/a><\/li>\n<\/ul>\n<h3 class=\"ai-optimize-36\">Izazov 3.1 \u2013 Uklju\u010divanje industrija i sektora<\/h3>\n<p class=\"ai-optimize-37\">\u0160to se vi\u0161e me\u0111uindustrijskih i sektorskih organizacija mo\u017ee mobilizirati da se pridru\u017ee Planu za karcinogene tvari, to \u0107e vi\u0161e poduze\u0107a imati koristi od mapiranih i obja\u0161njenih rje\u0161enja.<\/p>\n<ul>\n<li class=\"ai-optimize-38\"><a href=\"https:\/\/stopcarcinogensatwork.eu\/wp-content\/uploads\/2025\/05\/Final-report-RoC-Ch2.3andCh3.1-BusinessEurope.pdf\">Izvje\u0161\u0107e o izazovima 2.3 i 3.1<\/a><\/li>\n<\/ul>\n<h3 class=\"ai-optimize-39\">Izazov 3.2 \u2013 Uklju\u010divanje organizacija za prevenciju na radu<\/h3>\n<p class=\"ai-optimize-40\">Uklju\u010divanje dionika poput organizacija za prevenciju na radu jo\u0161 je jedan element koji doprinosi podr\u0161ci tvrtkama, pru\u017eaju\u0107i alate za samoprocjenu njihove uskla\u0111enosti sa zakonskim odredbama i uvo\u0111enje odgovaraju\u0107ih mjera upravljanja rizicima.<\/p>\n<ul>\n<li class=\"ai-optimize-41\"><a href=\"https:\/\/stopcarcinogensatwork.eu\/wp-content\/uploads\/2025\/05\/PDF250528_Ch3.2_Conclusion_Report.pdf\" target=\"_blank\" rel=\"noopener\">Sa\u017eetak izvje\u0161\u0107a o projektu mo\u017eete prona\u0107i ovdje<\/a><\/li>\n<li class=\"ai-optimize-42\"><a href=\"https:\/\/stopcarcinogensatwork.eu\/hr\/pretrazivanje-zanimanja\/\" target=\"_blank\" rel=\"noopener\"><strong>Ovo je va\u017ena integracija na web stranici.<\/strong>  Ovdje provjerite svoje zanimanje na prisutnost kancerogena<\/a><\/li>\n<\/ul>\n<h3 class=\"ai-optimize-43\">Izazov 3.3 \u2013 Suradnja s inspektoratima<\/h3>\n<p class=\"ai-optimize-44\">Provedba je va\u017ean alat za osiguranje uskla\u0111enosti. Kako se tijela za provedbu i Plan mogu me\u0111usobno sura\u0111ivati? <\/p>\n<ul>\n<li class=\"ai-optimize-45\"><a href=\"https:\/\/stopcarcinogensatwork.eu\/hr\/general\/suradujte-s-nama\/\" target=\"_blank\" rel=\"noopener\">Integrirano na ovoj web stranici<\/a><\/li>\n<\/ul>\n<h3 class=\"ai-optimize-46\">Izazov 3.4 \u2013 Osna\u017eivanje radnika<\/h3>\n<p class=\"ai-optimize-47\">Radnici moraju biti svjesni svojih prava i obveza kako bi doprinijeli procjeni rizika poslodavca i uveli odgovaraju\u0107e preventivne mjere za uklanjanje ili smanjenje izlo\u017eenosti karcinogenima.<\/p>\n<ul>\n<li class=\"ai-optimize-48\">Bit \u0107e objavljeno<\/li>\n<\/ul>\n<h3 class=\"ai-optimize-49\">Izazov 4.1 \u2013 Premo\u0161\u0107ivanje jaza<\/h3>\n<p class=\"ai-optimize-50\">Inovacija usmjerena na zadovoljavanje stvarnih potreba na radnom mjestu klju\u010dna je za sprje\u010davanje izlo\u017eenosti karcinogenima tijekom cijelog \u017eivotnog ciklusa tvari ili materijala &#8211; to znanje mora biti op\u0107epoznato.<\/p>\n<p class=\"ai-optimize-51\">\u2022 <a href=\"https:\/\/stopcarcinogensatwork.eu\/wp-content\/uploads\/2024\/08\/Ch4.1_Preparatory_Report_211216-NEW.pdf\" target=\"_blank\" rel=\"noopener\">Dostupno je detaljno izvje\u0161\u0107e, uklju\u010duju\u0107i skup OnePagera koji sa\u017eimaju potencijalnu vezu s istra\u017eiva\u010dkom zajednicom<\/a><\/p>\n<h3 class=\"ai-optimize-52\">Izazov 4.2 \u2013 Kancerogeni nastali procesom<\/h3>\n<p class=\"ai-optimize-53\">Kancerogene tvari nastale tijekom procesa nastaju kao nusprodukt radnog procesa. Njima je potrebna posebna pozornost jer ne\u0107e imati oznake i mo\u017eda ne\u0107e biti nikakve reference na njih u sigurnosno-tehni\u010dkim listovima. <\/p>\n<ul>\n<li class=\"ai-optimize-54\"><a href=\"https:\/\/stopcarcinogensatwork.eu\/wp-content\/uploads\/2024\/08\/Silica-Dust-in-Construction.pdf\" target=\"_blank\" rel=\"noopener\">Dostupno je detaljno izvje\u0161\u0107e o austrijskoj inspekcijskoj kampanji za silicijevu pra\u0161inu<\/a><\/li>\n<li class=\"ai-optimize-55\"><a href=\"https:\/\/stopcarcinogensatwork.eu\/wp-content\/uploads\/2024\/08\/Mineral-Dusts-in-Mining.pdf\" target=\"_blank\" rel=\"noopener\">Dostupno je izvje\u0161\u0107e o mineralnoj pra\u0161ini u rudarstvu<\/a><\/li>\n<li class=\"ai-optimize-56\"><a href=\"https:\/\/stopcarcinogensatwork.eu\/wp-content\/uploads\/2024\/09\/TNO2023_R10498_RoC_Challenge_4.2-1.pdf\" target=\"_blank\" rel=\"noopener\">Dostupno je izvje\u0161\u0107e o tvarima nastalim u procesu<\/a><\/li>\n<li class=\"ai-optimize-57\">Informativni listovi o <a href=\"https:\/\/stopcarcinogensatwork.eu\/hr\/fact\/abrazija-proces\/\" target=\"_blank\" rel=\"noopener\">abraziji<\/a> i <a href=\"https:\/\/stopcarcinogensatwork.eu\/hr\/fact\/izgaranje-proces\/\" target=\"_blank\" rel=\"noopener\">izgaranju<\/a> dostupni su na ovoj web stranici<\/li>\n<\/ul>\n<h3 class=\"ai-optimize-58\">Izazov 4.3 \u2013 Sigurni radni postupci<\/h3>\n<p class=\"ai-optimize-59\">\u201eSigurni radni postupci\u201c mogu se uvesti kao prihva\u0107ene alternative za skupine poduze\u0107a koja obavljaju istu aktivnost, umjesto provo\u0111enja mjerenja i usporedbe s grani\u010dnim vrijednostima za svaku tvrtku, za svaku aktivnost, za svaku tvar.<\/p>\n<ul>\n<li class=\"ai-optimize-60\"><a href=\"https:\/\/stopcarcinogensatwork.eu\/wp-content\/uploads\/2024\/08\/TNO2023-R10499_RoC-Ch4.3_TNO-Report-general-challenge-report_getekend.pdf\" target=\"_blank\" rel=\"noopener\">Detaljno izvje\u0161\u0107e mo\u017eete prona\u0107i ovdje<\/a><\/li>\n<\/ul>\n<p class=\"ai-optimize-61\"><em>Sa\u017eetak aktivnosti i postignu\u0107a drugog Plana za karcinogene tvari (RoC2.0) uskoro \u0107e biti dostupan.<\/em><\/p>\n","protected":false},"excerpt":{"rendered":"<p>Od 2021. godine, Plan za karcinogene zapo\u010deo je s dvanaest izazova kako bi se postigao daljnji u\u010dinak i sprije\u010dila izlo\u017eenost radnika karcinogenima ( cijelu strategiju pro\u010ditajte ovdje ). Za razdoblje 2020.-2024. Planom su utvr\u0111ena sljede\u0107a \u010detiri cilja: Stup 1: Podizanje svijesti me\u0111u poduze\u0107ima i radnicima diljem Europe o rizicima izlo\u017eenosti kancerogenim tvarima i potrebi za [&hellip;]<\/p>\n","protected":false},"author":1,"featured_media":0,"parent":76577,"menu_order":0,"comment_status":"closed","ping_status":"closed","template":"","meta":{"inline_featured_image":false,"footnotes":""},"class_list":["post-83781","page","type-page","status-publish","hentry"],"yoast_head":"<!-- This site is optimized with the Yoast SEO Premium plugin v27.0 (Yoast SEO v27.3) - https:\/\/yoast.com\/product\/yoast-seo-premium-wordpress\/ -->\n<title>Izazovi - STOP carcinogens at work<\/title>\n<meta name=\"description\" content=\"Every year, more than 100.000 people die in the EU from cancer caused by carcinogens at work. This must STOP!\" \/>\n<meta name=\"robots\" content=\"index, follow, max-snippet:-1, max-image-preview:large, max-video-preview:-1\" \/>\n<link rel=\"canonical\" href=\"https:\/\/stopcarcinogensatwork.eu\/hr\/general\/o-planu-rada-za-karcinogene-tvari\/izazovi\/\" \/>\n<meta property=\"og:locale\" content=\"hr_HR\" \/>\n<meta property=\"og:type\" content=\"article\" \/>\n<meta property=\"og:title\" content=\"Izazovi\" \/>\n<meta property=\"og:description\" content=\"Every year, more than 100.000 people die in the EU from cancer caused by carcinogens at work. This must STOP!\" \/>\n<meta property=\"og:url\" content=\"https:\/\/stopcarcinogensatwork.eu\/hr\/general\/o-planu-rada-za-karcinogene-tvari\/izazovi\/\" \/>\n<meta property=\"og:site_name\" content=\"STOP carcinogens at work\" \/>\n<meta property=\"article:modified_time\" content=\"2025-09-04T13:12:06+00:00\" \/>\n<meta property=\"og:image\" content=\"https:\/\/stopcarcinogensatwork.eu\/wp-content\/uploads\/2024\/08\/Pillars.png\" \/>\n<meta name=\"twitter:card\" content=\"summary_large_image\" \/>\n<meta name=\"twitter:label1\" content=\"Procijenjeno vrijeme \u010ditanja\" \/>\n\t<meta name=\"twitter:data1\" content=\"5 minuta\" \/>\n<script type=\"application\/ld+json\" class=\"yoast-schema-graph\">{\"@context\":\"https:\\\/\\\/schema.org\",\"@graph\":[{\"@type\":\"WebPage\",\"@id\":\"https:\\\/\\\/stopcarcinogensatwork.eu\\\/hr\\\/general\\\/o-planu-rada-za-karcinogene-tvari\\\/izazovi\\\/\",\"url\":\"https:\\\/\\\/stopcarcinogensatwork.eu\\\/hr\\\/general\\\/o-planu-rada-za-karcinogene-tvari\\\/izazovi\\\/\",\"name\":\"Izazovi - STOP carcinogens at work\",\"isPartOf\":{\"@id\":\"https:\\\/\\\/stopcarcinogensatwork.eu\\\/hr\\\/#website\"},\"primaryImageOfPage\":{\"@id\":\"https:\\\/\\\/stopcarcinogensatwork.eu\\\/hr\\\/general\\\/o-planu-rada-za-karcinogene-tvari\\\/izazovi\\\/#primaryimage\"},\"image\":{\"@id\":\"https:\\\/\\\/stopcarcinogensatwork.eu\\\/hr\\\/general\\\/o-planu-rada-za-karcinogene-tvari\\\/izazovi\\\/#primaryimage\"},\"thumbnailUrl\":\"https:\\\/\\\/stopcarcinogensatwork.eu\\\/wp-content\\\/uploads\\\/2024\\\/08\\\/Pillars.png\",\"datePublished\":\"2024-08-31T07:07:44+00:00\",\"dateModified\":\"2025-09-04T13:12:06+00:00\",\"description\":\"Every year, more than 100.000 people die in the EU from cancer caused by carcinogens at work. This must STOP!\",\"breadcrumb\":{\"@id\":\"https:\\\/\\\/stopcarcinogensatwork.eu\\\/hr\\\/general\\\/o-planu-rada-za-karcinogene-tvari\\\/izazovi\\\/#breadcrumb\"},\"inLanguage\":\"hr\",\"potentialAction\":[{\"@type\":\"ReadAction\",\"target\":[\"https:\\\/\\\/stopcarcinogensatwork.eu\\\/hr\\\/general\\\/o-planu-rada-za-karcinogene-tvari\\\/izazovi\\\/\"]}]},{\"@type\":\"ImageObject\",\"inLanguage\":\"hr\",\"@id\":\"https:\\\/\\\/stopcarcinogensatwork.eu\\\/hr\\\/general\\\/o-planu-rada-za-karcinogene-tvari\\\/izazovi\\\/#primaryimage\",\"url\":\"https:\\\/\\\/stopcarcinogensatwork.eu\\\/wp-content\\\/uploads\\\/2024\\\/08\\\/Pillars.png\",\"contentUrl\":\"https:\\\/\\\/stopcarcinogensatwork.eu\\\/wp-content\\\/uploads\\\/2024\\\/08\\\/Pillars.png\"},{\"@type\":\"BreadcrumbList\",\"@id\":\"https:\\\/\\\/stopcarcinogensatwork.eu\\\/hr\\\/general\\\/o-planu-rada-za-karcinogene-tvari\\\/izazovi\\\/#breadcrumb\",\"itemListElement\":[{\"@type\":\"ListItem\",\"position\":1,\"name\":\"Home\",\"item\":\"https:\\\/\\\/stopcarcinogensatwork.eu\\\/hr\\\/stop-karcinogenima-na-poslu\\\/\"},{\"@type\":\"ListItem\",\"position\":2,\"name\":\"General\",\"item\":\"https:\\\/\\\/stopcarcinogensatwork.eu\\\/hr\\\/general\\\/\"},{\"@type\":\"ListItem\",\"position\":3,\"name\":\"O planu rada za karcinogene tvari\",\"item\":\"https:\\\/\\\/stopcarcinogensatwork.eu\\\/hr\\\/general\\\/o-planu-rada-za-karcinogene-tvari\\\/\"},{\"@type\":\"ListItem\",\"position\":4,\"name\":\"Izazovi\"}]},{\"@type\":\"WebSite\",\"@id\":\"https:\\\/\\\/stopcarcinogensatwork.eu\\\/hr\\\/#website\",\"url\":\"https:\\\/\\\/stopcarcinogensatwork.eu\\\/hr\\\/\",\"name\":\"STOP Carcinogens at work\",\"description\":\"Every year, about 100.000 people die from cancer that was caused by exposure to carcinogens at work in Europe.\",\"publisher\":{\"@id\":\"https:\\\/\\\/stopcarcinogensatwork.eu\\\/hr\\\/#organization\"},\"alternateName\":\"Roadmap on Carcinogens\",\"potentialAction\":[{\"@type\":\"SearchAction\",\"target\":{\"@type\":\"EntryPoint\",\"urlTemplate\":\"https:\\\/\\\/stopcarcinogensatwork.eu\\\/hr\\\/?s={search_term_string}\"},\"query-input\":{\"@type\":\"PropertyValueSpecification\",\"valueRequired\":true,\"valueName\":\"search_term_string\"}}],\"inLanguage\":\"hr\"},{\"@type\":\"Organization\",\"@id\":\"https:\\\/\\\/stopcarcinogensatwork.eu\\\/hr\\\/#organization\",\"name\":\"TNO\",\"alternateName\":\"This is a European wide voluntary action scheme\",\"url\":\"https:\\\/\\\/stopcarcinogensatwork.eu\\\/hr\\\/\",\"logo\":{\"@type\":\"ImageObject\",\"inLanguage\":\"hr\",\"@id\":\"https:\\\/\\\/stopcarcinogensatwork.eu\\\/hr\\\/#\\\/schema\\\/logo\\\/image\\\/\",\"url\":\"https:\\\/\\\/stopcarcinogensatwork.eu\\\/wp-content\\\/uploads\\\/2024\\\/08\\\/cropped-FavLarge-1.png\",\"contentUrl\":\"https:\\\/\\\/stopcarcinogensatwork.eu\\\/wp-content\\\/uploads\\\/2024\\\/08\\\/cropped-FavLarge-1.png\",\"width\":512,\"height\":512,\"caption\":\"TNO\"},\"image\":{\"@id\":\"https:\\\/\\\/stopcarcinogensatwork.eu\\\/hr\\\/#\\\/schema\\\/logo\\\/image\\\/\"},\"publishingPrinciples\":\"https:\\\/\\\/stopcarcinogensatwork.eu\\\/homepage\\\/legal\\\/\",\"ownershipFundingInfo\":\"https:\\\/\\\/stopcarcinogensatwork.eu\\\/general\\\/about-us\\\/\"}]}<\/script>\n<!-- \/ Yoast SEO Premium plugin. -->","yoast_head_json":{"title":"Izazovi - STOP carcinogens at work","description":"Every year, more than 100.000 people die in the EU from cancer caused by carcinogens at work. This must STOP!","robots":{"index":"index","follow":"follow","max-snippet":"max-snippet:-1","max-image-preview":"max-image-preview:large","max-video-preview":"max-video-preview:-1"},"canonical":"https:\/\/stopcarcinogensatwork.eu\/hr\/general\/o-planu-rada-za-karcinogene-tvari\/izazovi\/","og_locale":"hr_HR","og_type":"article","og_title":"Izazovi","og_description":"Every year, more than 100.000 people die in the EU from cancer caused by carcinogens at work. This must STOP!","og_url":"https:\/\/stopcarcinogensatwork.eu\/hr\/general\/o-planu-rada-za-karcinogene-tvari\/izazovi\/","og_site_name":"STOP carcinogens at work","article_modified_time":"2025-09-04T13:12:06+00:00","og_image":[{"url":"https:\/\/stopcarcinogensatwork.eu\/wp-content\/uploads\/2024\/08\/Pillars.png","type":"","width":"","height":""}],"twitter_card":"summary_large_image","twitter_misc":{"Procijenjeno vrijeme \u010ditanja":"5 minuta"},"schema":{"@context":"https:\/\/schema.org","@graph":[{"@type":"WebPage","@id":"https:\/\/stopcarcinogensatwork.eu\/hr\/general\/o-planu-rada-za-karcinogene-tvari\/izazovi\/","url":"https:\/\/stopcarcinogensatwork.eu\/hr\/general\/o-planu-rada-za-karcinogene-tvari\/izazovi\/","name":"Izazovi - STOP carcinogens at work","isPartOf":{"@id":"https:\/\/stopcarcinogensatwork.eu\/hr\/#website"},"primaryImageOfPage":{"@id":"https:\/\/stopcarcinogensatwork.eu\/hr\/general\/o-planu-rada-za-karcinogene-tvari\/izazovi\/#primaryimage"},"image":{"@id":"https:\/\/stopcarcinogensatwork.eu\/hr\/general\/o-planu-rada-za-karcinogene-tvari\/izazovi\/#primaryimage"},"thumbnailUrl":"https:\/\/stopcarcinogensatwork.eu\/wp-content\/uploads\/2024\/08\/Pillars.png","datePublished":"2024-08-31T07:07:44+00:00","dateModified":"2025-09-04T13:12:06+00:00","description":"Every year, more than 100.000 people die in the EU from cancer caused by carcinogens at work. This must STOP!","breadcrumb":{"@id":"https:\/\/stopcarcinogensatwork.eu\/hr\/general\/o-planu-rada-za-karcinogene-tvari\/izazovi\/#breadcrumb"},"inLanguage":"hr","potentialAction":[{"@type":"ReadAction","target":["https:\/\/stopcarcinogensatwork.eu\/hr\/general\/o-planu-rada-za-karcinogene-tvari\/izazovi\/"]}]},{"@type":"ImageObject","inLanguage":"hr","@id":"https:\/\/stopcarcinogensatwork.eu\/hr\/general\/o-planu-rada-za-karcinogene-tvari\/izazovi\/#primaryimage","url":"https:\/\/stopcarcinogensatwork.eu\/wp-content\/uploads\/2024\/08\/Pillars.png","contentUrl":"https:\/\/stopcarcinogensatwork.eu\/wp-content\/uploads\/2024\/08\/Pillars.png"},{"@type":"BreadcrumbList","@id":"https:\/\/stopcarcinogensatwork.eu\/hr\/general\/o-planu-rada-za-karcinogene-tvari\/izazovi\/#breadcrumb","itemListElement":[{"@type":"ListItem","position":1,"name":"Home","item":"https:\/\/stopcarcinogensatwork.eu\/hr\/stop-karcinogenima-na-poslu\/"},{"@type":"ListItem","position":2,"name":"General","item":"https:\/\/stopcarcinogensatwork.eu\/hr\/general\/"},{"@type":"ListItem","position":3,"name":"O planu rada za karcinogene tvari","item":"https:\/\/stopcarcinogensatwork.eu\/hr\/general\/o-planu-rada-za-karcinogene-tvari\/"},{"@type":"ListItem","position":4,"name":"Izazovi"}]},{"@type":"WebSite","@id":"https:\/\/stopcarcinogensatwork.eu\/hr\/#website","url":"https:\/\/stopcarcinogensatwork.eu\/hr\/","name":"STOP Carcinogens at work","description":"Every year, about 100.000 people die from cancer that was caused by exposure to carcinogens at work in Europe.","publisher":{"@id":"https:\/\/stopcarcinogensatwork.eu\/hr\/#organization"},"alternateName":"Roadmap on Carcinogens","potentialAction":[{"@type":"SearchAction","target":{"@type":"EntryPoint","urlTemplate":"https:\/\/stopcarcinogensatwork.eu\/hr\/?s={search_term_string}"},"query-input":{"@type":"PropertyValueSpecification","valueRequired":true,"valueName":"search_term_string"}}],"inLanguage":"hr"},{"@type":"Organization","@id":"https:\/\/stopcarcinogensatwork.eu\/hr\/#organization","name":"TNO","alternateName":"This is a European wide voluntary action scheme","url":"https:\/\/stopcarcinogensatwork.eu\/hr\/","logo":{"@type":"ImageObject","inLanguage":"hr","@id":"https:\/\/stopcarcinogensatwork.eu\/hr\/#\/schema\/logo\/image\/","url":"https:\/\/stopcarcinogensatwork.eu\/wp-content\/uploads\/2024\/08\/cropped-FavLarge-1.png","contentUrl":"https:\/\/stopcarcinogensatwork.eu\/wp-content\/uploads\/2024\/08\/cropped-FavLarge-1.png","width":512,"height":512,"caption":"TNO"},"image":{"@id":"https:\/\/stopcarcinogensatwork.eu\/hr\/#\/schema\/logo\/image\/"},"publishingPrinciples":"https:\/\/stopcarcinogensatwork.eu\/homepage\/legal\/","ownershipFundingInfo":"https:\/\/stopcarcinogensatwork.eu\/general\/about-us\/"}]}},"_links":{"self":[{"href":"https:\/\/stopcarcinogensatwork.eu\/hr\/wp-json\/wp\/v2\/pages\/83781","targetHints":{"allow":["GET"]}}],"collection":[{"href":"https:\/\/stopcarcinogensatwork.eu\/hr\/wp-json\/wp\/v2\/pages"}],"about":[{"href":"https:\/\/stopcarcinogensatwork.eu\/hr\/wp-json\/wp\/v2\/types\/page"}],"author":[{"embeddable":true,"href":"https:\/\/stopcarcinogensatwork.eu\/hr\/wp-json\/wp\/v2\/users\/1"}],"replies":[{"embeddable":true,"href":"https:\/\/stopcarcinogensatwork.eu\/hr\/wp-json\/wp\/v2\/comments?post=83781"}],"version-history":[{"count":0,"href":"https:\/\/stopcarcinogensatwork.eu\/hr\/wp-json\/wp\/v2\/pages\/83781\/revisions"}],"up":[{"embeddable":true,"href":"https:\/\/stopcarcinogensatwork.eu\/hr\/wp-json\/wp\/v2\/pages\/76577"}],"wp:attachment":[{"href":"https:\/\/stopcarcinogensatwork.eu\/hr\/wp-json\/wp\/v2\/media?parent=83781"}],"curies":[{"name":"wp","href":"https:\/\/api.w.org\/{rel}","templated":true}]}}