{"id":83808,"date":"2024-12-30T09:48:30","date_gmt":"2024-12-30T09:48:30","guid":{"rendered":"https:\/\/stopcarcinogensatwork.eu\/general\/o-planu-rada-za-karcinogene-tvari\/izazovi\/moguce-alternative-za-krom\/"},"modified":"2025-09-04T13:12:07","modified_gmt":"2025-09-04T13:12:07","slug":"moguce-alternative-za-krom","status":"publish","type":"page","link":"https:\/\/stopcarcinogensatwork.eu\/hr\/general\/o-planu-rada-za-karcinogene-tvari\/izazovi\/moguce-alternative-za-krom\/","title":{"rendered":"Mogu\u0107e alternative za krom"},"content":{"rendered":"<ol>\n<li><a href=\"https:\/\/stopcarcinogensatwork.eu\/hr\/good-practice\/zamjena-kromovog-trioksida-za-jetkanje-plasticne-podloge-u-predtretmanu-galvanizacije\/\" target=\"_blank\" rel=\"noopener\">Zamjena kromovog trioksida za jetkanje plasti\u010dne podloge u predtretmanu galvanizacije<\/a><\/li>\n<li><a href=\"https:\/\/stopcarcinogensatwork.eu\/hr\/good-practice\/moguce-alternative-za-kromov-trioksid-kao-sredstvo-za-prevlacenje-sanitarnih-materijala\/\" target=\"_blank\" rel=\"noopener\">Mogu\u0107e alternative za kromov trioksid kao sredstvo za prevla\u010denje sanitarnih materijala<\/a><\/li>\n<li><a href=\"https:\/\/stopcarcinogensatwork.eu\/hr\/good-practice\/zamjena-natrijevog-dikromata-za-pasivizaciju-elektroliticke-bijele-ploce-etp\/\" target=\"_blank\" rel=\"noopener\">Zamjena natrijevog dikromata za pasivizaciju elektroliti\u010dke bijele plo\u010de (ETP)<\/a><\/li>\n<li><a href=\"https:\/\/stopcarcinogensatwork.eu\/hr\/good-practice\/zamjena-natrijevog-kromata-kao-antikorozivnog-sredstva-za-ugljicni-celik-u-zatvorenim-krugovima-uredaja-za-apsorpciju-plina\/\" target=\"_blank\" rel=\"noopener\">Zamjena natrijevog kromata kao antikorozivnog sredstva za uglji\u010dni \u010delik u zatvorenim krugovima ure\u0111aja za apsorpciju plina<\/a><\/li>\n<li><a href=\"https:\/\/stopcarcinogensatwork.eu\/hr\/good-practice\/zamjena-kromovog-vi-trioksida-za-povrsinske-tretmane-u-zrakoplovnoj-i-svemirskoj-industriji\/\" target=\"_blank\" rel=\"noopener\">Zamjena kromovog (VI) trioksida za povr\u0161inske tretmane u zrakoplovnoj i svemirskoj industriji<\/a><\/li>\n<li><a href=\"https:\/\/stopcarcinogensatwork.eu\/hr\/good-practice\/zamjena-funkcionalnog-kromiranja-zubnih-instrumenata-za-stomatoloski-tretman-na-bazi-kromovog-trioksida\/\" target=\"_blank\" rel=\"noopener\">Zamjena funkcionalnog kromiranja zubnih instrumenata za stomatolo\u0161ki tretman na bazi kromovog trioksida<\/a><\/li>\n<li><a href=\"https:\/\/stopcarcinogensatwork.eu\/hr\/good-practice\/zamjena-elektrolitickog-kromiranog-premaza-celika-eccs-kromovim-vi-trioksidom\/\" target=\"_blank\" rel=\"noopener\">Zamjena elektroliti\u010dkog kromiranog premaza \u010delika (ECCS) kromovim (VI) trioksidom<\/a><\/li>\n<li><a href=\"https:\/\/stopcarcinogensatwork.eu\/hr\/good-practice\/zamjena-kromovog-vi-trioksida-za-pasivizaciju-elektroliticke-bijele-ploce-etp\/\" target=\"_blank\" rel=\"noopener\">Zamjena kromovog (VI) trioksida za pasivizaciju elektroliti\u010dke bijele plo\u010de (ETP)<\/a><\/li>\n<li><a href=\"https:\/\/stopcarcinogensatwork.eu\/hr\/good-practice\/zamjena-kromovog-trioksida-za-jetkanje-plasticne-podloge-u-predtretmanu-galvanizacije\/\" target=\"_blank\" rel=\"noopener\">Zamjena kromovog trioksida za jetkanje plasti\u010dne podloge u predtretmanu galvanizacije<\/a><\/li>\n<li><a href=\"https:\/\/stopcarcinogensatwork.eu\/hr\/good-practice\/zamjena-trikloretilena-u-proizvodnji-alcantara-materijala\/\" target=\"_blank\" rel=\"noopener\">Zamjena trikloretilena u proizvodnji Alcantara materijala<\/a><\/li>\n<li><a href=\"https:\/\/stopcarcinogensatwork.eu\/hr\/good-practice\/moguce-alternative-za-kromov-trioksid-kao-sredstvo-za-prevlacenje-za-upotrebu-u-opcoj-proizvodnji\/\" target=\"_blank\" rel=\"noopener\">Mogu\u0107e alternative za kromov trioksid kao sredstvo za prevla\u010denje za upotrebu u op\u0107oj proizvodnji<\/a><\/li>\n<li><a href=\"https:\/\/stopcarcinogensatwork.eu\/hr\/good-practice\/zamjena-22-dikloro-44-metilendianilina-moca-u-proizvodnji-poliuretana\/\" target=\"_blank\" rel=\"noopener\">Zamjena 2,2&#8242;-dikloro-4,4&#8242;-metilendianilina (MOCA) u proizvodnji poliuretana<\/a><\/li>\n<li><a href=\"https:\/\/stopcarcinogensatwork.eu\/hr\/good-practice\/moguce-alternative-za-kromov-trioksid-kao-sredstvo-za-prevlacenje-za-upotrebu-u-opcoj-proizvodnji\/\" target=\"_blank\" rel=\"noopener\">Mogu\u0107e alternative za kromov trioksid kao sredstvo za prevla\u010denje za upotrebu u op\u0107oj proizvodnji<\/a><\/li>\n<\/ol>\n","protected":false},"excerpt":{"rendered":"<p>Zamjena kromovog trioksida za jetkanje plasti\u010dne podloge u predtretmanu galvanizacije Mogu\u0107e alternative za kromov trioksid kao sredstvo za prevla\u010denje sanitarnih materijala Zamjena natrijevog dikromata za pasivizaciju elektroliti\u010dke bijele plo\u010de (ETP) Zamjena natrijevog kromata kao antikorozivnog sredstva za uglji\u010dni \u010delik u zatvorenim krugovima ure\u0111aja za apsorpciju plina Zamjena kromovog (VI) trioksida za povr\u0161inske tretmane u zrakoplovnoj [&hellip;]<\/p>\n","protected":false},"author":1,"featured_media":0,"parent":83781,"menu_order":0,"comment_status":"closed","ping_status":"closed","template":"","meta":{"inline_featured_image":false,"footnotes":""},"class_list":["post-83808","page","type-page","status-publish","hentry"],"yoast_head":"<!-- This site is optimized with the Yoast SEO Premium plugin v27.0 (Yoast SEO v27.3) - https:\/\/yoast.com\/product\/yoast-seo-premium-wordpress\/ -->\n<title>Mogu\u0107e alternative za krom - STOP carcinogens at work<\/title>\n<meta name=\"description\" content=\"Every year, more than 100.000 people die in the EU from cancer caused by carcinogens at work. This must STOP!\" \/>\n<meta name=\"robots\" content=\"index, follow, max-snippet:-1, max-image-preview:large, max-video-preview:-1\" \/>\n<link rel=\"canonical\" href=\"https:\/\/stopcarcinogensatwork.eu\/hr\/general\/o-planu-rada-za-karcinogene-tvari\/izazovi\/moguce-alternative-za-krom\/\" \/>\n<meta property=\"og:locale\" content=\"hr_HR\" \/>\n<meta property=\"og:type\" content=\"article\" \/>\n<meta property=\"og:title\" content=\"Mogu\u0107e alternative za krom\" \/>\n<meta property=\"og:description\" content=\"Every year, more than 100.000 people die in the EU from cancer caused by carcinogens at work. This must STOP!\" \/>\n<meta property=\"og:url\" content=\"https:\/\/stopcarcinogensatwork.eu\/hr\/general\/o-planu-rada-za-karcinogene-tvari\/izazovi\/moguce-alternative-za-krom\/\" \/>\n<meta property=\"og:site_name\" content=\"STOP carcinogens at work\" \/>\n<meta property=\"article:modified_time\" content=\"2025-09-04T13:12:07+00:00\" \/>\n<meta name=\"twitter:card\" content=\"summary_large_image\" \/>\n<meta name=\"twitter:label1\" content=\"Procijenjeno vrijeme \u010ditanja\" \/>\n\t<meta name=\"twitter:data1\" content=\"1 minuta\" \/>\n<script type=\"application\/ld+json\" class=\"yoast-schema-graph\">{\"@context\":\"https:\\\/\\\/schema.org\",\"@graph\":[{\"@type\":\"WebPage\",\"@id\":\"https:\\\/\\\/stopcarcinogensatwork.eu\\\/hr\\\/general\\\/o-planu-rada-za-karcinogene-tvari\\\/izazovi\\\/moguce-alternative-za-krom\\\/\",\"url\":\"https:\\\/\\\/stopcarcinogensatwork.eu\\\/hr\\\/general\\\/o-planu-rada-za-karcinogene-tvari\\\/izazovi\\\/moguce-alternative-za-krom\\\/\",\"name\":\"Mogu\u0107e alternative za krom - STOP carcinogens at work\",\"isPartOf\":{\"@id\":\"https:\\\/\\\/stopcarcinogensatwork.eu\\\/hr\\\/#website\"},\"datePublished\":\"2024-12-30T09:48:30+00:00\",\"dateModified\":\"2025-09-04T13:12:07+00:00\",\"description\":\"Every year, more than 100.000 people die in the EU from cancer caused by carcinogens at work. This must STOP!\",\"breadcrumb\":{\"@id\":\"https:\\\/\\\/stopcarcinogensatwork.eu\\\/hr\\\/general\\\/o-planu-rada-za-karcinogene-tvari\\\/izazovi\\\/moguce-alternative-za-krom\\\/#breadcrumb\"},\"inLanguage\":\"hr\",\"potentialAction\":[{\"@type\":\"ReadAction\",\"target\":[\"https:\\\/\\\/stopcarcinogensatwork.eu\\\/hr\\\/general\\\/o-planu-rada-za-karcinogene-tvari\\\/izazovi\\\/moguce-alternative-za-krom\\\/\"]}]},{\"@type\":\"BreadcrumbList\",\"@id\":\"https:\\\/\\\/stopcarcinogensatwork.eu\\\/hr\\\/general\\\/o-planu-rada-za-karcinogene-tvari\\\/izazovi\\\/moguce-alternative-za-krom\\\/#breadcrumb\",\"itemListElement\":[{\"@type\":\"ListItem\",\"position\":1,\"name\":\"Home\",\"item\":\"https:\\\/\\\/stopcarcinogensatwork.eu\\\/hr\\\/stop-karcinogenima-na-poslu\\\/\"},{\"@type\":\"ListItem\",\"position\":2,\"name\":\"General\",\"item\":\"https:\\\/\\\/stopcarcinogensatwork.eu\\\/hr\\\/general\\\/\"},{\"@type\":\"ListItem\",\"position\":3,\"name\":\"O planu rada za karcinogene tvari\",\"item\":\"https:\\\/\\\/stopcarcinogensatwork.eu\\\/hr\\\/general\\\/o-planu-rada-za-karcinogene-tvari\\\/\"},{\"@type\":\"ListItem\",\"position\":4,\"name\":\"Izazovi\",\"item\":\"https:\\\/\\\/stopcarcinogensatwork.eu\\\/hr\\\/general\\\/o-planu-rada-za-karcinogene-tvari\\\/izazovi\\\/\"},{\"@type\":\"ListItem\",\"position\":5,\"name\":\"Mogu\u0107e alternative za krom\"}]},{\"@type\":\"WebSite\",\"@id\":\"https:\\\/\\\/stopcarcinogensatwork.eu\\\/hr\\\/#website\",\"url\":\"https:\\\/\\\/stopcarcinogensatwork.eu\\\/hr\\\/\",\"name\":\"STOP Carcinogens at work\",\"description\":\"Every year, about 100.000 people die from cancer that was caused by exposure to carcinogens at work in Europe.\",\"publisher\":{\"@id\":\"https:\\\/\\\/stopcarcinogensatwork.eu\\\/hr\\\/#organization\"},\"alternateName\":\"Roadmap on Carcinogens\",\"potentialAction\":[{\"@type\":\"SearchAction\",\"target\":{\"@type\":\"EntryPoint\",\"urlTemplate\":\"https:\\\/\\\/stopcarcinogensatwork.eu\\\/hr\\\/?s={search_term_string}\"},\"query-input\":{\"@type\":\"PropertyValueSpecification\",\"valueRequired\":true,\"valueName\":\"search_term_string\"}}],\"inLanguage\":\"hr\"},{\"@type\":\"Organization\",\"@id\":\"https:\\\/\\\/stopcarcinogensatwork.eu\\\/hr\\\/#organization\",\"name\":\"TNO\",\"alternateName\":\"This is a European wide voluntary action scheme\",\"url\":\"https:\\\/\\\/stopcarcinogensatwork.eu\\\/hr\\\/\",\"logo\":{\"@type\":\"ImageObject\",\"inLanguage\":\"hr\",\"@id\":\"https:\\\/\\\/stopcarcinogensatwork.eu\\\/hr\\\/#\\\/schema\\\/logo\\\/image\\\/\",\"url\":\"https:\\\/\\\/stopcarcinogensatwork.eu\\\/wp-content\\\/uploads\\\/2024\\\/08\\\/cropped-FavLarge-1.png\",\"contentUrl\":\"https:\\\/\\\/stopcarcinogensatwork.eu\\\/wp-content\\\/uploads\\\/2024\\\/08\\\/cropped-FavLarge-1.png\",\"width\":512,\"height\":512,\"caption\":\"TNO\"},\"image\":{\"@id\":\"https:\\\/\\\/stopcarcinogensatwork.eu\\\/hr\\\/#\\\/schema\\\/logo\\\/image\\\/\"},\"publishingPrinciples\":\"https:\\\/\\\/stopcarcinogensatwork.eu\\\/homepage\\\/legal\\\/\",\"ownershipFundingInfo\":\"https:\\\/\\\/stopcarcinogensatwork.eu\\\/general\\\/about-us\\\/\"}]}<\/script>\n<!-- \/ Yoast SEO Premium plugin. -->","yoast_head_json":{"title":"Mogu\u0107e alternative za krom - STOP carcinogens at work","description":"Every year, more than 100.000 people die in the EU from cancer caused by carcinogens at work. This must STOP!","robots":{"index":"index","follow":"follow","max-snippet":"max-snippet:-1","max-image-preview":"max-image-preview:large","max-video-preview":"max-video-preview:-1"},"canonical":"https:\/\/stopcarcinogensatwork.eu\/hr\/general\/o-planu-rada-za-karcinogene-tvari\/izazovi\/moguce-alternative-za-krom\/","og_locale":"hr_HR","og_type":"article","og_title":"Mogu\u0107e alternative za krom","og_description":"Every year, more than 100.000 people die in the EU from cancer caused by carcinogens at work. This must STOP!","og_url":"https:\/\/stopcarcinogensatwork.eu\/hr\/general\/o-planu-rada-za-karcinogene-tvari\/izazovi\/moguce-alternative-za-krom\/","og_site_name":"STOP carcinogens at work","article_modified_time":"2025-09-04T13:12:07+00:00","twitter_card":"summary_large_image","twitter_misc":{"Procijenjeno vrijeme \u010ditanja":"1 minuta"},"schema":{"@context":"https:\/\/schema.org","@graph":[{"@type":"WebPage","@id":"https:\/\/stopcarcinogensatwork.eu\/hr\/general\/o-planu-rada-za-karcinogene-tvari\/izazovi\/moguce-alternative-za-krom\/","url":"https:\/\/stopcarcinogensatwork.eu\/hr\/general\/o-planu-rada-za-karcinogene-tvari\/izazovi\/moguce-alternative-za-krom\/","name":"Mogu\u0107e alternative za krom - STOP carcinogens at work","isPartOf":{"@id":"https:\/\/stopcarcinogensatwork.eu\/hr\/#website"},"datePublished":"2024-12-30T09:48:30+00:00","dateModified":"2025-09-04T13:12:07+00:00","description":"Every year, more than 100.000 people die in the EU from cancer caused by carcinogens at work. This must STOP!","breadcrumb":{"@id":"https:\/\/stopcarcinogensatwork.eu\/hr\/general\/o-planu-rada-za-karcinogene-tvari\/izazovi\/moguce-alternative-za-krom\/#breadcrumb"},"inLanguage":"hr","potentialAction":[{"@type":"ReadAction","target":["https:\/\/stopcarcinogensatwork.eu\/hr\/general\/o-planu-rada-za-karcinogene-tvari\/izazovi\/moguce-alternative-za-krom\/"]}]},{"@type":"BreadcrumbList","@id":"https:\/\/stopcarcinogensatwork.eu\/hr\/general\/o-planu-rada-za-karcinogene-tvari\/izazovi\/moguce-alternative-za-krom\/#breadcrumb","itemListElement":[{"@type":"ListItem","position":1,"name":"Home","item":"https:\/\/stopcarcinogensatwork.eu\/hr\/stop-karcinogenima-na-poslu\/"},{"@type":"ListItem","position":2,"name":"General","item":"https:\/\/stopcarcinogensatwork.eu\/hr\/general\/"},{"@type":"ListItem","position":3,"name":"O planu rada za karcinogene tvari","item":"https:\/\/stopcarcinogensatwork.eu\/hr\/general\/o-planu-rada-za-karcinogene-tvari\/"},{"@type":"ListItem","position":4,"name":"Izazovi","item":"https:\/\/stopcarcinogensatwork.eu\/hr\/general\/o-planu-rada-za-karcinogene-tvari\/izazovi\/"},{"@type":"ListItem","position":5,"name":"Mogu\u0107e alternative za krom"}]},{"@type":"WebSite","@id":"https:\/\/stopcarcinogensatwork.eu\/hr\/#website","url":"https:\/\/stopcarcinogensatwork.eu\/hr\/","name":"STOP Carcinogens at work","description":"Every year, about 100.000 people die from cancer that was caused by exposure to carcinogens at work in Europe.","publisher":{"@id":"https:\/\/stopcarcinogensatwork.eu\/hr\/#organization"},"alternateName":"Roadmap on Carcinogens","potentialAction":[{"@type":"SearchAction","target":{"@type":"EntryPoint","urlTemplate":"https:\/\/stopcarcinogensatwork.eu\/hr\/?s={search_term_string}"},"query-input":{"@type":"PropertyValueSpecification","valueRequired":true,"valueName":"search_term_string"}}],"inLanguage":"hr"},{"@type":"Organization","@id":"https:\/\/stopcarcinogensatwork.eu\/hr\/#organization","name":"TNO","alternateName":"This is a European wide voluntary action scheme","url":"https:\/\/stopcarcinogensatwork.eu\/hr\/","logo":{"@type":"ImageObject","inLanguage":"hr","@id":"https:\/\/stopcarcinogensatwork.eu\/hr\/#\/schema\/logo\/image\/","url":"https:\/\/stopcarcinogensatwork.eu\/wp-content\/uploads\/2024\/08\/cropped-FavLarge-1.png","contentUrl":"https:\/\/stopcarcinogensatwork.eu\/wp-content\/uploads\/2024\/08\/cropped-FavLarge-1.png","width":512,"height":512,"caption":"TNO"},"image":{"@id":"https:\/\/stopcarcinogensatwork.eu\/hr\/#\/schema\/logo\/image\/"},"publishingPrinciples":"https:\/\/stopcarcinogensatwork.eu\/homepage\/legal\/","ownershipFundingInfo":"https:\/\/stopcarcinogensatwork.eu\/general\/about-us\/"}]}},"_links":{"self":[{"href":"https:\/\/stopcarcinogensatwork.eu\/hr\/wp-json\/wp\/v2\/pages\/83808","targetHints":{"allow":["GET"]}}],"collection":[{"href":"https:\/\/stopcarcinogensatwork.eu\/hr\/wp-json\/wp\/v2\/pages"}],"about":[{"href":"https:\/\/stopcarcinogensatwork.eu\/hr\/wp-json\/wp\/v2\/types\/page"}],"author":[{"embeddable":true,"href":"https:\/\/stopcarcinogensatwork.eu\/hr\/wp-json\/wp\/v2\/users\/1"}],"replies":[{"embeddable":true,"href":"https:\/\/stopcarcinogensatwork.eu\/hr\/wp-json\/wp\/v2\/comments?post=83808"}],"version-history":[{"count":0,"href":"https:\/\/stopcarcinogensatwork.eu\/hr\/wp-json\/wp\/v2\/pages\/83808\/revisions"}],"up":[{"embeddable":true,"href":"https:\/\/stopcarcinogensatwork.eu\/hr\/wp-json\/wp\/v2\/pages\/83781"}],"wp:attachment":[{"href":"https:\/\/stopcarcinogensatwork.eu\/hr\/wp-json\/wp\/v2\/media?parent=83808"}],"curies":[{"name":"wp","href":"https:\/\/api.w.org\/{rel}","templated":true}]}}