{"id":83823,"date":"2023-08-15T07:25:38","date_gmt":"2023-08-15T07:25:38","guid":{"rendered":"https:\/\/stopcarcinogensatwork.eu\/general\/uvod-o-kancerogenim-tvarima\/"},"modified":"2023-08-15T07:25:38","modified_gmt":"2023-08-15T07:25:38","slug":"uvod-o-kancerogenim-tvarima","status":"publish","type":"page","link":"https:\/\/stopcarcinogensatwork.eu\/hr\/general\/uvod-o-kancerogenim-tvarima\/","title":{"rendered":"Uvod o kancerogenim tvarima"},"content":{"rendered":"<blockquote><p>Kancerogene tvari ili karcinogeni su uzro\u010dnici raka. Poznati primjer je azbest, tvar koja je odgovorna za tisu\u0107e \u017ertava koje pate i umiru zbog izlo\u017eenosti \u010desticama azbesta. Mnoge druge kancerogene tvari manje su poznate, ali imajte na umu: \u010dak i prirodni proizvodi, poput pra\u0161ine tvrdog drva, mogu uzrokovati rak. Pobrinite se da znate s \u010dime radite!   <\/p><\/blockquote>\n<h2>Vrste kancerogenih tvari<\/h2>\n<h3>Kancerogeni agensi manifestiraju se u razli\u010ditim oblicima:<\/h3>\n<ul>\n<li>Izgled: Kancerogeni agensi mogu se pojaviti u proizvodima koji se koriste u tvrtkama, uklju\u010duju\u0107i kemijske varijante poput odre\u0111enih pesticida i industrijskih boja. Ali mogu biti i rezultat procesa (kancerogeni nastali procesom) poput emisija dizelskih motora ili ispu\u0161nih plinova zavarivanja. <\/li>\n<li>Neki kancerogeni se mogu udahnuti i u\u0107i, na primjer, u krvotok i organe, uklju\u010duju\u0107i mozak. Drugi mogu u\u0107i kroz ko\u017eu. Nakon \u0161to kancerogeni u\u0111u u tijelo, mogu o\u0161tetiti DNK radnika ili promijeniti na\u010din na koji stanice tijela rade i repliciraju se. To mo\u017ee dovesti do raka i drugih zdravstvenih problema.   <\/li>\n<li>Prirodni proizvodi: \u010cak i prirodni proizvodi mogu uzrokovati rak u slu\u010daju visoke i dugotrajne izlo\u017eenosti, poput pra\u0161ine tvrdog drva te silicija i kvarca u odre\u0111enim vrstama kamena.<\/li>\n<\/ul>\n<p>Provjerite <a href=\"https:\/\/stopcarcinogensatwork.eu\/search\/\">informativne listove<\/a> za detalje o razli\u010ditim kancerogenim tvarima.<\/p>\n<h2>Zakonodavstvo o kancerogenim tvarima<\/h2>\n<p>Kako bi za\u0161titila radnike od izlo\u017eenosti kancerogenim agensima, EU je sastavila Direktivu o <a href=\"https:\/\/osha.europa.eu\/nl\/legislation\/directive\/directive-200437ec-carcinogens-or-mutagens-work\">karcinogenima, mutagenima ili tvarima toksi\u010dnim za reprodukciju<\/a> . U toj su direktivi propisani sljede\u0107i postupci: <\/p>\n<ul>\n<li><strong>Procjena rizika:<\/strong> Poslodavac mora provjeriti i upravljati rizikom od izlo\u017eenosti kancerogenim, mutagenim (tvarima koje mijenjaju gene) ili reprotoksi\u010dnim (reproduktivno \u0161tetnim) tvarima (CMR). Ova se provjera mora provoditi redovito. <\/li>\n<li><strong>Preventivne mjere:<\/strong> Radnici ne smiju biti izlo\u017eeni CMR tvarima. Poslodavac mora koristiti sigurnije tvari ako je mogu\u0107e. Ako kori\u0161tenje zatvorenog sustava nije mogu\u0107e, izlo\u017eenost treba svesti na minimum. Izlo\u017eenost ne smije prije\u0107i dopu\u0161tenu granicu kancerogene tvari (vi\u0161e o tome: STOP-princip).   <\/li>\n<li><strong>Informacije i osposobljavanje:<\/strong> Poslodavac mora pru\u017eiti odgovaraju\u0107u obuku o zdravstvenim rizicima, kako izbje\u0107i izlo\u017eenost, higijenskim pravilima, za\u0161titnoj opremi i \u0161to u\u010diniti u slu\u010daju incidenata.<\/li>\n<li><strong>Zdravstveni nadzor:<\/strong> Ako je postavljena biolo\u0161ka grani\u010dna vrijednost (vidi dolje), potrebni su zdravstveni pregledi. Radnici moraju biti o tome obavije\u0161teni prije nego \u0161to zapo\u010dnu s rizi\u010dnim zadatkom. <\/li>\n<\/ul>\n<h2>Granice izlo\u017eenosti na radu<\/h2>\n<p>Regulatorna tijela na razini EU-a i nacionalnoj razini postavljaju ograni\u010denja izlo\u017eenosti opasnim tvarima, poput karcinogena. Ove granice izlo\u017eenosti na radu (OEL) su regulatorne vrijednosti koje ozna\u010davaju razine izlo\u017eenosti koje se smatraju sigurnima (zdravstveno utemeljenima) za kemijsku tvar u zraku radnog mjesta. U osnovi, one slu\u017ee kao sigurnosni standardi za za\u0161titu zdravlja radnika. Molimo provjerite <a href=\"https:\/\/stopcarcinogensatwork.eu\/search\/\">informativne listove<\/a> za izlo\u017eenost na radu.   <\/p>\n<p>Informacije na ovoj stranici preuzete su sa sljede\u0107ih web stranica:<\/p>\n<ul>\n<li><a href=\"https:\/\/osha.europa.eu\/nl\/legislation\/directive\/directive-200437ec-carcinogens-or-mutagens-work\" target=\"_blank\" rel=\"noopener\">OSHA<\/a><\/li>\n<li><a href=\"http:\/\/www.cancer.org\">www.cancer.org<\/a><\/li>\n<li><a href=\"http:\/\/www.rivm.nl\">www.rivm.nl<\/a><\/li>\n<li><a href=\"http:\/\/monographs.iarc.fr\/\">monografije.iarc.fr<\/a><\/li>\n<\/ul>\n","protected":false},"excerpt":{"rendered":"<p>Kancerogene tvari ili karcinogeni su uzro\u010dnici raka. Poznati primjer je azbest, tvar koja je odgovorna za tisu\u0107e \u017ertava koje pate i umiru zbog izlo\u017eenosti \u010desticama azbesta. Mnoge druge kancerogene tvari manje su poznate, ali imajte na umu: \u010dak i prirodni proizvodi, poput pra\u0161ine tvrdog drva, mogu uzrokovati rak. Pobrinite se da znate s \u010dime radite! [&hellip;]<\/p>\n","protected":false},"author":1,"featured_media":0,"parent":83770,"menu_order":0,"comment_status":"closed","ping_status":"closed","template":"","meta":{"inline_featured_image":false,"footnotes":""},"class_list":["post-83823","page","type-page","status-publish","hentry"],"yoast_head":"<!-- This site is optimized with the Yoast SEO Premium plugin v27.0 (Yoast SEO v27.3) - https:\/\/yoast.com\/product\/yoast-seo-premium-wordpress\/ -->\n<title>Uvod o kancerogenim tvarima - STOP carcinogens at work<\/title>\n<meta name=\"description\" content=\"Svake godine u Europi oko 100 000 ljudi umre od raka uzrokovanog kancerogenim tvarima na radu. Sprije\u010dite izlo\u017eenost na radu.\" \/>\n<meta name=\"robots\" content=\"index, follow, max-snippet:-1, max-image-preview:large, max-video-preview:-1\" \/>\n<link rel=\"canonical\" href=\"https:\/\/stopcarcinogensatwork.eu\/hr\/general\/uvod-o-kancerogenim-tvarima\/\" \/>\n<meta property=\"og:locale\" content=\"hr_HR\" \/>\n<meta property=\"og:type\" content=\"article\" \/>\n<meta property=\"og:title\" content=\"Uvod o kancerogenim tvarima\" \/>\n<meta property=\"og:description\" content=\"Svake godine u Europi oko 100 000 ljudi umre od raka uzrokovanog kancerogenim tvarima na radu. Sprije\u010dite izlo\u017eenost na radu.\" \/>\n<meta property=\"og:url\" content=\"https:\/\/stopcarcinogensatwork.eu\/hr\/general\/uvod-o-kancerogenim-tvarima\/\" \/>\n<meta property=\"og:site_name\" content=\"STOP carcinogens at work\" \/>\n<meta name=\"twitter:card\" content=\"summary_large_image\" \/>\n<meta name=\"twitter:label1\" content=\"Procijenjeno vrijeme \u010ditanja\" \/>\n\t<meta name=\"twitter:data1\" content=\"2 minute\" \/>\n<script type=\"application\/ld+json\" class=\"yoast-schema-graph\">{\"@context\":\"https:\\\/\\\/schema.org\",\"@graph\":[{\"@type\":\"WebPage\",\"@id\":\"https:\\\/\\\/stopcarcinogensatwork.eu\\\/hr\\\/general\\\/uvod-o-kancerogenim-tvarima\\\/\",\"url\":\"https:\\\/\\\/stopcarcinogensatwork.eu\\\/hr\\\/general\\\/uvod-o-kancerogenim-tvarima\\\/\",\"name\":\"Uvod o kancerogenim tvarima - STOP carcinogens at work\",\"isPartOf\":{\"@id\":\"https:\\\/\\\/stopcarcinogensatwork.eu\\\/hr\\\/#website\"},\"datePublished\":\"2023-08-15T07:25:38+00:00\",\"description\":\"Svake godine u Europi oko 100 000 ljudi umre od raka uzrokovanog kancerogenim tvarima na radu. Sprije\u010dite izlo\u017eenost na radu.\",\"breadcrumb\":{\"@id\":\"https:\\\/\\\/stopcarcinogensatwork.eu\\\/hr\\\/general\\\/uvod-o-kancerogenim-tvarima\\\/#breadcrumb\"},\"inLanguage\":\"hr\",\"potentialAction\":[{\"@type\":\"ReadAction\",\"target\":[\"https:\\\/\\\/stopcarcinogensatwork.eu\\\/hr\\\/general\\\/uvod-o-kancerogenim-tvarima\\\/\"]}]},{\"@type\":\"BreadcrumbList\",\"@id\":\"https:\\\/\\\/stopcarcinogensatwork.eu\\\/hr\\\/general\\\/uvod-o-kancerogenim-tvarima\\\/#breadcrumb\",\"itemListElement\":[{\"@type\":\"ListItem\",\"position\":1,\"name\":\"Home\",\"item\":\"https:\\\/\\\/stopcarcinogensatwork.eu\\\/hr\\\/stop-karcinogenima-na-poslu\\\/\"},{\"@type\":\"ListItem\",\"position\":2,\"name\":\"General\",\"item\":\"https:\\\/\\\/stopcarcinogensatwork.eu\\\/hr\\\/general\\\/\"},{\"@type\":\"ListItem\",\"position\":3,\"name\":\"Uvod o kancerogenim tvarima\"}]},{\"@type\":\"WebSite\",\"@id\":\"https:\\\/\\\/stopcarcinogensatwork.eu\\\/hr\\\/#website\",\"url\":\"https:\\\/\\\/stopcarcinogensatwork.eu\\\/hr\\\/\",\"name\":\"STOP Carcinogens at work\",\"description\":\"Every year, about 100.000 people die from cancer that was caused by exposure to carcinogens at work in Europe.\",\"publisher\":{\"@id\":\"https:\\\/\\\/stopcarcinogensatwork.eu\\\/hr\\\/#organization\"},\"alternateName\":\"Roadmap on Carcinogens\",\"potentialAction\":[{\"@type\":\"SearchAction\",\"target\":{\"@type\":\"EntryPoint\",\"urlTemplate\":\"https:\\\/\\\/stopcarcinogensatwork.eu\\\/hr\\\/?s={search_term_string}\"},\"query-input\":{\"@type\":\"PropertyValueSpecification\",\"valueRequired\":true,\"valueName\":\"search_term_string\"}}],\"inLanguage\":\"hr\"},{\"@type\":\"Organization\",\"@id\":\"https:\\\/\\\/stopcarcinogensatwork.eu\\\/hr\\\/#organization\",\"name\":\"TNO\",\"alternateName\":\"This is a European wide voluntary action scheme\",\"url\":\"https:\\\/\\\/stopcarcinogensatwork.eu\\\/hr\\\/\",\"logo\":{\"@type\":\"ImageObject\",\"inLanguage\":\"hr\",\"@id\":\"https:\\\/\\\/stopcarcinogensatwork.eu\\\/hr\\\/#\\\/schema\\\/logo\\\/image\\\/\",\"url\":\"https:\\\/\\\/stopcarcinogensatwork.eu\\\/wp-content\\\/uploads\\\/2024\\\/08\\\/cropped-FavLarge-1.png\",\"contentUrl\":\"https:\\\/\\\/stopcarcinogensatwork.eu\\\/wp-content\\\/uploads\\\/2024\\\/08\\\/cropped-FavLarge-1.png\",\"width\":512,\"height\":512,\"caption\":\"TNO\"},\"image\":{\"@id\":\"https:\\\/\\\/stopcarcinogensatwork.eu\\\/hr\\\/#\\\/schema\\\/logo\\\/image\\\/\"},\"publishingPrinciples\":\"https:\\\/\\\/stopcarcinogensatwork.eu\\\/homepage\\\/legal\\\/\",\"ownershipFundingInfo\":\"https:\\\/\\\/stopcarcinogensatwork.eu\\\/general\\\/about-us\\\/\"}]}<\/script>\n<!-- \/ Yoast SEO Premium plugin. -->","yoast_head_json":{"title":"Uvod o kancerogenim tvarima - STOP carcinogens at work","description":"Svake godine u Europi oko 100 000 ljudi umre od raka uzrokovanog kancerogenim tvarima na radu. Sprije\u010dite izlo\u017eenost na radu.","robots":{"index":"index","follow":"follow","max-snippet":"max-snippet:-1","max-image-preview":"max-image-preview:large","max-video-preview":"max-video-preview:-1"},"canonical":"https:\/\/stopcarcinogensatwork.eu\/hr\/general\/uvod-o-kancerogenim-tvarima\/","og_locale":"hr_HR","og_type":"article","og_title":"Uvod o kancerogenim tvarima","og_description":"Svake godine u Europi oko 100 000 ljudi umre od raka uzrokovanog kancerogenim tvarima na radu. Sprije\u010dite izlo\u017eenost na radu.","og_url":"https:\/\/stopcarcinogensatwork.eu\/hr\/general\/uvod-o-kancerogenim-tvarima\/","og_site_name":"STOP carcinogens at work","twitter_card":"summary_large_image","twitter_misc":{"Procijenjeno vrijeme \u010ditanja":"2 minute"},"schema":{"@context":"https:\/\/schema.org","@graph":[{"@type":"WebPage","@id":"https:\/\/stopcarcinogensatwork.eu\/hr\/general\/uvod-o-kancerogenim-tvarima\/","url":"https:\/\/stopcarcinogensatwork.eu\/hr\/general\/uvod-o-kancerogenim-tvarima\/","name":"Uvod o kancerogenim tvarima - STOP carcinogens at work","isPartOf":{"@id":"https:\/\/stopcarcinogensatwork.eu\/hr\/#website"},"datePublished":"2023-08-15T07:25:38+00:00","description":"Svake godine u Europi oko 100 000 ljudi umre od raka uzrokovanog kancerogenim tvarima na radu. Sprije\u010dite izlo\u017eenost na radu.","breadcrumb":{"@id":"https:\/\/stopcarcinogensatwork.eu\/hr\/general\/uvod-o-kancerogenim-tvarima\/#breadcrumb"},"inLanguage":"hr","potentialAction":[{"@type":"ReadAction","target":["https:\/\/stopcarcinogensatwork.eu\/hr\/general\/uvod-o-kancerogenim-tvarima\/"]}]},{"@type":"BreadcrumbList","@id":"https:\/\/stopcarcinogensatwork.eu\/hr\/general\/uvod-o-kancerogenim-tvarima\/#breadcrumb","itemListElement":[{"@type":"ListItem","position":1,"name":"Home","item":"https:\/\/stopcarcinogensatwork.eu\/hr\/stop-karcinogenima-na-poslu\/"},{"@type":"ListItem","position":2,"name":"General","item":"https:\/\/stopcarcinogensatwork.eu\/hr\/general\/"},{"@type":"ListItem","position":3,"name":"Uvod o kancerogenim tvarima"}]},{"@type":"WebSite","@id":"https:\/\/stopcarcinogensatwork.eu\/hr\/#website","url":"https:\/\/stopcarcinogensatwork.eu\/hr\/","name":"STOP Carcinogens at work","description":"Every year, about 100.000 people die from cancer that was caused by exposure to carcinogens at work in Europe.","publisher":{"@id":"https:\/\/stopcarcinogensatwork.eu\/hr\/#organization"},"alternateName":"Roadmap on Carcinogens","potentialAction":[{"@type":"SearchAction","target":{"@type":"EntryPoint","urlTemplate":"https:\/\/stopcarcinogensatwork.eu\/hr\/?s={search_term_string}"},"query-input":{"@type":"PropertyValueSpecification","valueRequired":true,"valueName":"search_term_string"}}],"inLanguage":"hr"},{"@type":"Organization","@id":"https:\/\/stopcarcinogensatwork.eu\/hr\/#organization","name":"TNO","alternateName":"This is a European wide voluntary action scheme","url":"https:\/\/stopcarcinogensatwork.eu\/hr\/","logo":{"@type":"ImageObject","inLanguage":"hr","@id":"https:\/\/stopcarcinogensatwork.eu\/hr\/#\/schema\/logo\/image\/","url":"https:\/\/stopcarcinogensatwork.eu\/wp-content\/uploads\/2024\/08\/cropped-FavLarge-1.png","contentUrl":"https:\/\/stopcarcinogensatwork.eu\/wp-content\/uploads\/2024\/08\/cropped-FavLarge-1.png","width":512,"height":512,"caption":"TNO"},"image":{"@id":"https:\/\/stopcarcinogensatwork.eu\/hr\/#\/schema\/logo\/image\/"},"publishingPrinciples":"https:\/\/stopcarcinogensatwork.eu\/homepage\/legal\/","ownershipFundingInfo":"https:\/\/stopcarcinogensatwork.eu\/general\/about-us\/"}]}},"_links":{"self":[{"href":"https:\/\/stopcarcinogensatwork.eu\/hr\/wp-json\/wp\/v2\/pages\/83823","targetHints":{"allow":["GET"]}}],"collection":[{"href":"https:\/\/stopcarcinogensatwork.eu\/hr\/wp-json\/wp\/v2\/pages"}],"about":[{"href":"https:\/\/stopcarcinogensatwork.eu\/hr\/wp-json\/wp\/v2\/types\/page"}],"author":[{"embeddable":true,"href":"https:\/\/stopcarcinogensatwork.eu\/hr\/wp-json\/wp\/v2\/users\/1"}],"replies":[{"embeddable":true,"href":"https:\/\/stopcarcinogensatwork.eu\/hr\/wp-json\/wp\/v2\/comments?post=83823"}],"version-history":[{"count":0,"href":"https:\/\/stopcarcinogensatwork.eu\/hr\/wp-json\/wp\/v2\/pages\/83823\/revisions"}],"up":[{"embeddable":true,"href":"https:\/\/stopcarcinogensatwork.eu\/hr\/wp-json\/wp\/v2\/pages\/83770"}],"wp:attachment":[{"href":"https:\/\/stopcarcinogensatwork.eu\/hr\/wp-json\/wp\/v2\/media?parent=83823"}],"curies":[{"name":"wp","href":"https:\/\/api.w.org\/{rel}","templated":true}]}}