{"id":67875,"date":"2024-12-30T09:48:30","date_gmt":"2024-12-30T09:48:30","guid":{"rendered":"https:\/\/stopcarcinogensatwork.eu\/mogulegir-valkostir-vid-krom\/"},"modified":"2025-06-13T10:24:35","modified_gmt":"2025-06-13T10:24:35","slug":"mogulegir-valkostir-vid-krom","status":"publish","type":"page","link":"https:\/\/stopcarcinogensatwork.eu\/is\/almennt\/um-roadmap-on-carcinogens\/askoranir\/mogulegir-valkostir-vid-krom\/","title":{"rendered":"M\u00f6gulegir valkostir vi\u00f0 kr\u00f3m"},"content":{"rendered":"<ol>\n<li><a href=\"https:\/\/stopcarcinogensatwork.eu\/good-practice\/substituting-chromium-trioxide-for-plastic-substrate-etching-in-electroplating-pre-treatment\/\" target=\"_blank\" rel=\"noopener\">A\u00f0 skipta \u00fat kr\u00f3mtr\u00edox\u00ed\u00f0i fyrir etsun \u00e1 plastundirlagi vi\u00f0 forvinnslu rafh\u00fa\u00f0unar<\/a><\/li>\n<li><a href=\"https:\/\/stopcarcinogensatwork.eu\/good-practice\/possible-alternatives-for-chromium-trioxide-as-a-plating-agent-for-sanitary-materials\/\" target=\"_blank\" rel=\"noopener\">M\u00f6gulegir valkostir \u00ed sta\u00f0 kr\u00f3mtr\u00edox\u00ed\u00f0s sem h\u00fa\u00f0unarefni fyrir hreinl\u00e6tisefni<\/a><\/li>\n<li><a href=\"https:\/\/stopcarcinogensatwork.eu\/good-practice\/substitution-of-sodium-dichromate-for-passivation-of-electrolytic-tinplate-etp\/\" target=\"_blank\" rel=\"noopener\">Skipti \u00e1 natr\u00edumd\u00edkr\u00f3mati fyrir \u00f3virkjun rafgreiningartinnpl\u00f6tu (ETP)<\/a><\/li>\n<li><a href=\"https:\/\/stopcarcinogensatwork.eu\/good-practice\/substitution-of-sodium-chromate-as-an-anticorrosion-agent-of-the-carbon-steel-in-sealed-circuit-of-gas-absorption-appliances\/\" target=\"_blank\" rel=\"noopener\">Skipti \u00e1 natr\u00edumkr\u00f3mati sem t\u00e6ringarvarnarefni fyrir kolefnisst\u00e1l \u00ed loku\u00f0um hringr\u00e1sum gasgleypist\u00e6kja<\/a><\/li>\n<li><a href=\"https:\/\/stopcarcinogensatwork.eu\/good-practice\/substitution-of-chromium-vi-trioxide-for-surface-treatments-in-the-aviation-and-aerospace-industry\/\" target=\"_blank\" rel=\"noopener\">Skipti \u00e1 kr\u00f3m(VI)tr\u00edox\u00ed\u00f0i fyrir yfirbor\u00f0sme\u00f0h\u00f6ndlun \u00ed flug- og geimfer\u00f0ai\u00f0na\u00f0i<\/a><\/li>\n<li><a href=\"https:\/\/stopcarcinogensatwork.eu\/good-practice\/substituting-chromium-trioxide-based-functional-chrome-plating-of-dental-instruments-for-dental-treatment\/\" target=\"_blank\" rel=\"noopener\">A\u00f0 skipta \u00fat virkni kr\u00f3mh\u00fa\u00f0un me\u00f0 kr\u00f3mtr\u00edox\u00ed\u00f0i fyrir tannl\u00e6kningar<\/a><\/li>\n<li><a href=\"https:\/\/stopcarcinogensatwork.eu\/good-practice\/substituting-chromium-vi-trioxide-for-electrolytic-chromium-coating-of-steel-eccs\/\" target=\"_blank\" rel=\"noopener\">A\u00f0 skipta \u00fat kr\u00f3m(VI)tr\u00edox\u00ed\u00f0i fyrir rafgreiningarkr\u00f3mh\u00fa\u00f0un \u00e1 st\u00e1li (ECCS)<\/a><\/li>\n<li><a href=\"https:\/\/stopcarcinogensatwork.eu\/good-practice\/substitution-of-chromium-vi-trioxide-for-passivation-of-electrolytic-tinplate-etp\/\" target=\"_blank\" rel=\"noopener\">Skipti \u00e1 kr\u00f3m(VI)tr\u00edox\u00ed\u00f0i \u00ed sta\u00f0 rafgreiningar \u00e1 blikkpl\u00f6tu (ETP)<\/a><\/li>\n<li><a href=\"https:\/\/stopcarcinogensatwork.eu\/good-practice\/substituting-chromium-trioxide-for-plastic-substrate-etching-in-electroplating-pre-treatment\/\" target=\"_blank\" rel=\"noopener\">A\u00f0 skipta \u00fat kr\u00f3mtr\u00edox\u00ed\u00f0i fyrir etsun \u00e1 plastundirlagi vi\u00f0 forvinnslu rafh\u00fa\u00f0unar<\/a><\/li>\n<li><a href=\"https:\/\/stopcarcinogensatwork.eu\/good-practice\/echa-substitutions-for-trichloroethylene\/\" target=\"_blank\" rel=\"noopener\">A\u00f0 skipta \u00fat tr\u00edkl\u00f3ret\u00fdleni \u00ed framlei\u00f0slu \u00e1 Alcantara efni<\/a><\/li>\n<li><a href=\"https:\/\/stopcarcinogensatwork.eu\/good-practice\/possible-alternatives-for-chromium-trioxide-as-a-plating-agent-for-use-in-general-manufacturing\/\" target=\"_blank\" rel=\"noopener\">M\u00f6gulegir valkostir \u00ed sta\u00f0 kr\u00f3mtr\u00edox\u00ed\u00f0s sem h\u00fa\u00f0unarefni til notkunar \u00ed almennri framlei\u00f0slu<\/a><\/li>\n<li><a href=\"https:\/\/stopcarcinogensatwork.eu\/good-practice\/substituting-22-dichloro-44-methylenedianiline-moca-in-polyurethanes-manufacturing\/\" target=\"_blank\" rel=\"noopener\">A\u00f0 skipta \u00fat 2,2 \u201e-d\u00edkl\u00f3r-4,4\u201c-met\u00fdlend\u00edanil\u00edni (MOCA) \u00ed framlei\u00f0slu \u00e1 p\u00f3l\u00fd\u00faretani<\/a><\/li>\n<li><a href=\"https:\/\/stopcarcinogensatwork.eu\/good-practice\/possible-alternatives-for-chromium-trioxide-as-a-plating-agent-for-use-in-general-manufacturing\/\" target=\"_blank\" rel=\"noopener\">M\u00f6gulegir valkostir \u00ed sta\u00f0 kr\u00f3mtr\u00edox\u00ed\u00f0s sem h\u00fa\u00f0unarefni til notkunar \u00ed almennri framlei\u00f0slu<\/a><\/li>\n<\/ol>\n","protected":false},"excerpt":{"rendered":"<p>A\u00f0 skipta \u00fat kr\u00f3mtr\u00edox\u00ed\u00f0i fyrir etsun \u00e1 plastundirlagi vi\u00f0 forvinnslu rafh\u00fa\u00f0unar M\u00f6gulegir valkostir \u00ed sta\u00f0 kr\u00f3mtr\u00edox\u00ed\u00f0s sem h\u00fa\u00f0unarefni fyrir hreinl\u00e6tisefni Skipti \u00e1 natr\u00edumd\u00edkr\u00f3mati fyrir \u00f3virkjun rafgreiningartinnpl\u00f6tu (ETP) Skipti \u00e1 natr\u00edumkr\u00f3mati sem t\u00e6ringarvarnarefni fyrir kolefnisst\u00e1l \u00ed loku\u00f0um hringr\u00e1sum gasgleypist\u00e6kja Skipti \u00e1 kr\u00f3m(VI)tr\u00edox\u00ed\u00f0i fyrir yfirbor\u00f0sme\u00f0h\u00f6ndlun \u00ed flug- og geimfer\u00f0ai\u00f0na\u00f0i A\u00f0 skipta \u00fat virkni kr\u00f3mh\u00fa\u00f0un me\u00f0 kr\u00f3mtr\u00edox\u00ed\u00f0i fyrir [&hellip;]<\/p>\n","protected":false},"author":1,"featured_media":0,"parent":67905,"menu_order":0,"comment_status":"closed","ping_status":"closed","template":"","meta":{"inline_featured_image":false,"footnotes":""},"class_list":["post-67875","page","type-page","status-publish","hentry"],"yoast_head":"<!-- This site is optimized with the Yoast SEO Premium plugin v27.0 (Yoast SEO v27.3) - https:\/\/yoast.com\/product\/yoast-seo-premium-wordpress\/ -->\n<title>M\u00f6gulegir valkostir vi\u00f0 kr\u00f3m - STOP carcinogens at work<\/title>\n<meta name=\"description\" content=\"Every year, more than 100.000 people die in the EU from cancer caused by carcinogens at work. This must STOP!\" \/>\n<meta name=\"robots\" content=\"index, follow, max-snippet:-1, max-image-preview:large, max-video-preview:-1\" \/>\n<link rel=\"canonical\" href=\"https:\/\/stopcarcinogensatwork.eu\/is\/almennt\/um-roadmap-on-carcinogens\/askoranir\/mogulegir-valkostir-vid-krom\/\" \/>\n<meta property=\"og:locale\" content=\"is_IS\" \/>\n<meta property=\"og:type\" content=\"article\" \/>\n<meta property=\"og:title\" content=\"M\u00f6gulegir valkostir vi\u00f0 kr\u00f3m\" \/>\n<meta property=\"og:description\" content=\"Every year, more than 100.000 people die in the EU from cancer caused by carcinogens at work. This must STOP!\" \/>\n<meta property=\"og:url\" content=\"https:\/\/stopcarcinogensatwork.eu\/is\/almennt\/um-roadmap-on-carcinogens\/askoranir\/mogulegir-valkostir-vid-krom\/\" \/>\n<meta property=\"og:site_name\" content=\"STOP carcinogens at work\" \/>\n<meta property=\"article:modified_time\" content=\"2025-06-13T10:24:35+00:00\" \/>\n<meta name=\"twitter:card\" content=\"summary_large_image\" \/>\n<meta name=\"twitter:label1\" content=\"Est. reading time\" \/>\n\t<meta name=\"twitter:data1\" content=\"1 minute\" \/>\n<script type=\"application\/ld+json\" class=\"yoast-schema-graph\">{\"@context\":\"https:\\\/\\\/schema.org\",\"@graph\":[{\"@type\":\"WebPage\",\"@id\":\"https:\\\/\\\/stopcarcinogensatwork.eu\\\/is\\\/almennt\\\/um-roadmap-on-carcinogens\\\/askoranir\\\/mogulegir-valkostir-vid-krom\\\/\",\"url\":\"https:\\\/\\\/stopcarcinogensatwork.eu\\\/is\\\/almennt\\\/um-roadmap-on-carcinogens\\\/askoranir\\\/mogulegir-valkostir-vid-krom\\\/\",\"name\":\"M\u00f6gulegir valkostir vi\u00f0 kr\u00f3m - STOP carcinogens at work\",\"isPartOf\":{\"@id\":\"https:\\\/\\\/stopcarcinogensatwork.eu\\\/is\\\/#website\"},\"datePublished\":\"2024-12-30T09:48:30+00:00\",\"dateModified\":\"2025-06-13T10:24:35+00:00\",\"description\":\"Every year, more than 100.000 people die in the EU from cancer caused by carcinogens at work. This must STOP!\",\"breadcrumb\":{\"@id\":\"https:\\\/\\\/stopcarcinogensatwork.eu\\\/is\\\/almennt\\\/um-roadmap-on-carcinogens\\\/askoranir\\\/mogulegir-valkostir-vid-krom\\\/#breadcrumb\"},\"inLanguage\":\"is\",\"potentialAction\":[{\"@type\":\"ReadAction\",\"target\":[\"https:\\\/\\\/stopcarcinogensatwork.eu\\\/is\\\/almennt\\\/um-roadmap-on-carcinogens\\\/askoranir\\\/mogulegir-valkostir-vid-krom\\\/\"]}]},{\"@type\":\"BreadcrumbList\",\"@id\":\"https:\\\/\\\/stopcarcinogensatwork.eu\\\/is\\\/almennt\\\/um-roadmap-on-carcinogens\\\/askoranir\\\/mogulegir-valkostir-vid-krom\\\/#breadcrumb\",\"itemListElement\":[{\"@type\":\"ListItem\",\"position\":1,\"name\":\"Home\",\"item\":\"https:\\\/\\\/stopcarcinogensatwork.eu\\\/is\\\/stodvum-krabbameinsvaldandi-efni-i-vinnunni\\\/\"},{\"@type\":\"ListItem\",\"position\":2,\"name\":\"Almennt\",\"item\":\"https:\\\/\\\/stopcarcinogensatwork.eu\\\/is\\\/almennt\\\/\"},{\"@type\":\"ListItem\",\"position\":3,\"name\":\"Um vegv\u00edsinn um krabbameinsvaldandi efni\",\"item\":\"https:\\\/\\\/stopcarcinogensatwork.eu\\\/is\\\/almennt\\\/um-roadmap-on-carcinogens\\\/\"},{\"@type\":\"ListItem\",\"position\":4,\"name\":\"\u00c1skoranir\",\"item\":\"https:\\\/\\\/stopcarcinogensatwork.eu\\\/is\\\/almennt\\\/um-roadmap-on-carcinogens\\\/askoranir\\\/\"},{\"@type\":\"ListItem\",\"position\":5,\"name\":\"M\u00f6gulegir valkostir vi\u00f0 kr\u00f3m\"}]},{\"@type\":\"WebSite\",\"@id\":\"https:\\\/\\\/stopcarcinogensatwork.eu\\\/is\\\/#website\",\"url\":\"https:\\\/\\\/stopcarcinogensatwork.eu\\\/is\\\/\",\"name\":\"STOP Carcinogens at work\",\"description\":\"Every year, about 100.000 people die from cancer that was caused by exposure to carcinogens at work in Europe.\",\"publisher\":{\"@id\":\"https:\\\/\\\/stopcarcinogensatwork.eu\\\/is\\\/#organization\"},\"alternateName\":\"Roadmap on Carcinogens\",\"potentialAction\":[{\"@type\":\"SearchAction\",\"target\":{\"@type\":\"EntryPoint\",\"urlTemplate\":\"https:\\\/\\\/stopcarcinogensatwork.eu\\\/is\\\/?s={search_term_string}\"},\"query-input\":{\"@type\":\"PropertyValueSpecification\",\"valueRequired\":true,\"valueName\":\"search_term_string\"}}],\"inLanguage\":\"is\"},{\"@type\":\"Organization\",\"@id\":\"https:\\\/\\\/stopcarcinogensatwork.eu\\\/is\\\/#organization\",\"name\":\"TNO\",\"alternateName\":\"This is a European wide voluntary action scheme\",\"url\":\"https:\\\/\\\/stopcarcinogensatwork.eu\\\/is\\\/\",\"logo\":{\"@type\":\"ImageObject\",\"inLanguage\":\"is\",\"@id\":\"https:\\\/\\\/stopcarcinogensatwork.eu\\\/is\\\/#\\\/schema\\\/logo\\\/image\\\/\",\"url\":\"https:\\\/\\\/stopcarcinogensatwork.eu\\\/wp-content\\\/uploads\\\/2024\\\/08\\\/cropped-FavLarge-1.png\",\"contentUrl\":\"https:\\\/\\\/stopcarcinogensatwork.eu\\\/wp-content\\\/uploads\\\/2024\\\/08\\\/cropped-FavLarge-1.png\",\"width\":512,\"height\":512,\"caption\":\"TNO\"},\"image\":{\"@id\":\"https:\\\/\\\/stopcarcinogensatwork.eu\\\/is\\\/#\\\/schema\\\/logo\\\/image\\\/\"},\"publishingPrinciples\":\"https:\\\/\\\/stopcarcinogensatwork.eu\\\/homepage\\\/legal\\\/\",\"ownershipFundingInfo\":\"https:\\\/\\\/stopcarcinogensatwork.eu\\\/general\\\/about-us\\\/\"}]}<\/script>\n<!-- \/ Yoast SEO Premium plugin. -->","yoast_head_json":{"title":"M\u00f6gulegir valkostir vi\u00f0 kr\u00f3m - STOP carcinogens at work","description":"Every year, more than 100.000 people die in the EU from cancer caused by carcinogens at work. This must STOP!","robots":{"index":"index","follow":"follow","max-snippet":"max-snippet:-1","max-image-preview":"max-image-preview:large","max-video-preview":"max-video-preview:-1"},"canonical":"https:\/\/stopcarcinogensatwork.eu\/is\/almennt\/um-roadmap-on-carcinogens\/askoranir\/mogulegir-valkostir-vid-krom\/","og_locale":"is_IS","og_type":"article","og_title":"M\u00f6gulegir valkostir vi\u00f0 kr\u00f3m","og_description":"Every year, more than 100.000 people die in the EU from cancer caused by carcinogens at work. This must STOP!","og_url":"https:\/\/stopcarcinogensatwork.eu\/is\/almennt\/um-roadmap-on-carcinogens\/askoranir\/mogulegir-valkostir-vid-krom\/","og_site_name":"STOP carcinogens at work","article_modified_time":"2025-06-13T10:24:35+00:00","twitter_card":"summary_large_image","twitter_misc":{"Est. reading time":"1 minute"},"schema":{"@context":"https:\/\/schema.org","@graph":[{"@type":"WebPage","@id":"https:\/\/stopcarcinogensatwork.eu\/is\/almennt\/um-roadmap-on-carcinogens\/askoranir\/mogulegir-valkostir-vid-krom\/","url":"https:\/\/stopcarcinogensatwork.eu\/is\/almennt\/um-roadmap-on-carcinogens\/askoranir\/mogulegir-valkostir-vid-krom\/","name":"M\u00f6gulegir valkostir vi\u00f0 kr\u00f3m - STOP carcinogens at work","isPartOf":{"@id":"https:\/\/stopcarcinogensatwork.eu\/is\/#website"},"datePublished":"2024-12-30T09:48:30+00:00","dateModified":"2025-06-13T10:24:35+00:00","description":"Every year, more than 100.000 people die in the EU from cancer caused by carcinogens at work. This must STOP!","breadcrumb":{"@id":"https:\/\/stopcarcinogensatwork.eu\/is\/almennt\/um-roadmap-on-carcinogens\/askoranir\/mogulegir-valkostir-vid-krom\/#breadcrumb"},"inLanguage":"is","potentialAction":[{"@type":"ReadAction","target":["https:\/\/stopcarcinogensatwork.eu\/is\/almennt\/um-roadmap-on-carcinogens\/askoranir\/mogulegir-valkostir-vid-krom\/"]}]},{"@type":"BreadcrumbList","@id":"https:\/\/stopcarcinogensatwork.eu\/is\/almennt\/um-roadmap-on-carcinogens\/askoranir\/mogulegir-valkostir-vid-krom\/#breadcrumb","itemListElement":[{"@type":"ListItem","position":1,"name":"Home","item":"https:\/\/stopcarcinogensatwork.eu\/is\/stodvum-krabbameinsvaldandi-efni-i-vinnunni\/"},{"@type":"ListItem","position":2,"name":"Almennt","item":"https:\/\/stopcarcinogensatwork.eu\/is\/almennt\/"},{"@type":"ListItem","position":3,"name":"Um vegv\u00edsinn um krabbameinsvaldandi efni","item":"https:\/\/stopcarcinogensatwork.eu\/is\/almennt\/um-roadmap-on-carcinogens\/"},{"@type":"ListItem","position":4,"name":"\u00c1skoranir","item":"https:\/\/stopcarcinogensatwork.eu\/is\/almennt\/um-roadmap-on-carcinogens\/askoranir\/"},{"@type":"ListItem","position":5,"name":"M\u00f6gulegir valkostir vi\u00f0 kr\u00f3m"}]},{"@type":"WebSite","@id":"https:\/\/stopcarcinogensatwork.eu\/is\/#website","url":"https:\/\/stopcarcinogensatwork.eu\/is\/","name":"STOP Carcinogens at work","description":"Every year, about 100.000 people die from cancer that was caused by exposure to carcinogens at work in Europe.","publisher":{"@id":"https:\/\/stopcarcinogensatwork.eu\/is\/#organization"},"alternateName":"Roadmap on Carcinogens","potentialAction":[{"@type":"SearchAction","target":{"@type":"EntryPoint","urlTemplate":"https:\/\/stopcarcinogensatwork.eu\/is\/?s={search_term_string}"},"query-input":{"@type":"PropertyValueSpecification","valueRequired":true,"valueName":"search_term_string"}}],"inLanguage":"is"},{"@type":"Organization","@id":"https:\/\/stopcarcinogensatwork.eu\/is\/#organization","name":"TNO","alternateName":"This is a European wide voluntary action scheme","url":"https:\/\/stopcarcinogensatwork.eu\/is\/","logo":{"@type":"ImageObject","inLanguage":"is","@id":"https:\/\/stopcarcinogensatwork.eu\/is\/#\/schema\/logo\/image\/","url":"https:\/\/stopcarcinogensatwork.eu\/wp-content\/uploads\/2024\/08\/cropped-FavLarge-1.png","contentUrl":"https:\/\/stopcarcinogensatwork.eu\/wp-content\/uploads\/2024\/08\/cropped-FavLarge-1.png","width":512,"height":512,"caption":"TNO"},"image":{"@id":"https:\/\/stopcarcinogensatwork.eu\/is\/#\/schema\/logo\/image\/"},"publishingPrinciples":"https:\/\/stopcarcinogensatwork.eu\/homepage\/legal\/","ownershipFundingInfo":"https:\/\/stopcarcinogensatwork.eu\/general\/about-us\/"}]}},"_links":{"self":[{"href":"https:\/\/stopcarcinogensatwork.eu\/is\/wp-json\/wp\/v2\/pages\/67875","targetHints":{"allow":["GET"]}}],"collection":[{"href":"https:\/\/stopcarcinogensatwork.eu\/is\/wp-json\/wp\/v2\/pages"}],"about":[{"href":"https:\/\/stopcarcinogensatwork.eu\/is\/wp-json\/wp\/v2\/types\/page"}],"author":[{"embeddable":true,"href":"https:\/\/stopcarcinogensatwork.eu\/is\/wp-json\/wp\/v2\/users\/1"}],"replies":[{"embeddable":true,"href":"https:\/\/stopcarcinogensatwork.eu\/is\/wp-json\/wp\/v2\/comments?post=67875"}],"version-history":[{"count":0,"href":"https:\/\/stopcarcinogensatwork.eu\/is\/wp-json\/wp\/v2\/pages\/67875\/revisions"}],"up":[{"embeddable":true,"href":"https:\/\/stopcarcinogensatwork.eu\/is\/wp-json\/wp\/v2\/pages\/67905"}],"wp:attachment":[{"href":"https:\/\/stopcarcinogensatwork.eu\/is\/wp-json\/wp\/v2\/media?parent=67875"}],"curies":[{"name":"wp","href":"https:\/\/api.w.org\/{rel}","templated":true}]}}