{"id":67880,"date":"2024-04-25T14:29:54","date_gmt":"2024-04-25T14:29:54","guid":{"rendered":"https:\/\/stopcarcinogensatwork.eu\/fyrirvari-og-fridhelgi-einkalifs\/"},"modified":"2025-06-13T10:25:12","modified_gmt":"2025-06-13T10:25:12","slug":"fyrirvari-og-fridhelgi-einkalifs","status":"publish","type":"page","link":"https:\/\/stopcarcinogensatwork.eu\/is\/stodvum-krabbameinsvaldandi-efni-i-vinnunni\/fyrirvari-og-fridhelgi-einkalifs\/","title":{"rendered":"Fyrirvari og fri\u00f0helgi einkal\u00edfs"},"content":{"rendered":"<h3>Vafrak\u00f6kur og fri\u00f0helgi einkal\u00edfs<\/h3>\n<p>Vi\u00f0 rei\u00f0um okkur \u00e1 l\u00f6gm\u00e6tan hagsmuni okkar til a\u00f0 skilja og b\u00e6ta afk\u00f6st og notagildi vefs\u00ed\u00f0unnar. \u00dear sem g\u00f6gnin eru fullkomlega nafnlaus og eing\u00f6ngu notu\u00f0 \u00ed samanl\u00f6g\u00f0u formi, setjum vi\u00f0 ekki upp sprettiglugga me\u00f0 sam\u00feykki fyrir vafrak\u00f6kur. \u00de\u00fa getur alltaf sta\u00f0fest notkun okkar \u00e1 vafrak\u00f6kum \u00e1: <a href=\"https:\/\/2gdpr.com\" target=\"_blank\" rel=\"noopener\">https:\/\/2gdpr.com<\/a> . \u00deetta eru vafrak\u00f6kurnar sem vi\u00f0 notum:   <\/p>\n<h4>1. Nau\u00f0synlegar vafrak\u00f6kur<\/h4>\n<p>\u00deessar vafrak\u00f6kur eru nau\u00f0synlegar fyrir grunnvirkni vefs\u00ed\u00f0unnar okkar. \u00de\u00e6r gera kleift a\u00f0 nota grunnvirkni eins og s\u00ed\u00f0uflakk, tungum\u00e1laval og a\u00f0gang a\u00f0 \u00f6ruggum sv\u00e6\u00f0um. \u00c1n \u00feeirra getur s\u00ed\u00f0an ekki virka\u00f0 r\u00e9tt.  <\/p>\n<ul>\n<li>Nafn vafrak\u00f6ku: wp-wpml_current_language\n<ul>\n<li>Veitandi: \u00feessi vefs\u00ed\u00f0a<\/li>\n<li>Tilgangur: Man n\u00faverandi tungum\u00e1laval \u00feitt<\/li>\n<li>Lengd: lota<\/li>\n<\/ul>\n<\/li>\n<\/ul>\n<h4>2. Greiningark\u00f6kur<\/h4>\n<p>Vi\u00f0 notum Google Analytics til a\u00f0 safna nafnlausum, samanl\u00f6g\u00f0um t\u00f6lfr\u00e6\u00f0iuppl\u00fdsingum um hvernig gestir nota s\u00ed\u00f0una okkar (til d\u00e6mis: s\u00ed\u00f0usko\u00f0anir, lengd lotu, vins\u00e6lustu s\u00ed\u00f0ur sem heims\u00f3ttar eru). Vi\u00f0 h\u00f6fum virkja\u00f0 IP-nafnleyfni \u00feannig a\u00f0 engin full IP-tala er skr\u00e1\u00f0. <\/p>\n<ul>\n<li>Nafn vafrak\u00f6ku: _ga_*\n<ul>\n<li>Veitandi: google-analytics.com<\/li>\n<li>Tilgangur: Telur s\u00ed\u00f0usko\u00f0anir og greinir einstaka gesti.<\/li>\n<li>Lengd: 1 \u00e1r 1 m\u00e1nu\u00f0ur 4 dagar<\/li>\n<\/ul>\n<\/li>\n<li>Nafn vafrak\u00f6ku: _ga\n<ul>\n<li>Veitandi: \u00feessi vefs\u00ed\u00f0a<\/li>\n<li>Tilgangur: Reiknar \u00fat g\u00f6gn um gesti og lotur fyrir greiningar vefs\u00ed\u00f0unnar.<\/li>\n<li>Lengd: 1 \u00e1r 1 m\u00e1nu\u00f0ur 4 dagar<\/li>\n<\/ul>\n<\/li>\n<\/ul>\n<h4><b>Hvernig \u00e1 a\u00f0 stj\u00f3rna e\u00f0a ey\u00f0a vafrak\u00f6kum<\/b><\/h4>\n<ol>\n<li><strong>Stillingar vafra:<\/strong> Flestir vafrar leyfa \u00fe\u00e9r a\u00f0 hafna e\u00f0a ey\u00f0a vafrak\u00f6kum \u00ed gegnum valmyndirnar \u201eStillingar\u201c e\u00f0a \u201ePreferences\u201c.<\/li>\n<li><strong>Afskr\u00e1ning fr\u00e1 Google Analytics:<\/strong> \u00de\u00fa getur einnig sett upp opinberu vafravi\u00f0b\u00f3t Google til a\u00f0 loka alveg fyrir Analytics: https:\/\/tools.google.com\/dlpage\/gaoptout<\/li>\n<\/ol>\n<p class=\"p3\">Ef \u00fe\u00fa slekkur \u00e1 \u00feessum vafrak\u00f6kum <strong>g\u00e6tu hlutar vefs\u00ed\u00f0unnar ekki virka\u00f0<\/strong> eins og til er \u00e6tlast og vi\u00f0 munum ekki geta s\u00e9\u00f0 hvernig \u00fe\u00fa fannst e\u00f0a nota\u00f0ir efni\u00f0 okkar.<\/p>\n<h3>Fyrirvari<\/h3>\n<h4>Uppl\u00fdsingarnar sem gefnar eru upp \u00e1 \u00feessari vefs\u00ed\u00f0u<\/h4>\n<p>Sex frumkv\u00f6\u00f0lar Vegv\u00edsisins um krabbameinsvaldandi efni halda \u00fati \u00feessari vefs\u00ed\u00f0u til a\u00f0 auka a\u00f0gengi almennings a\u00f0 uppl\u00fdsingum um a\u00f0ger\u00f0a\u00e1\u00e6tlunina til a\u00f0 koma \u00ed veg fyrir og takast \u00e1 vi\u00f0 \u00e1h\u00e6ttu sem stafar af v\u00f6ldum krabbameinsvaldandi efna \u00ed starfi. Markmi\u00f0 okkar er a\u00f0 halda \u00feessum uppl\u00fdsingum t\u00edmanlegum og n\u00e1kv\u00e6mum. Ef villur koma upp munum vi\u00f0 reyna a\u00f0 lei\u00f0r\u00e9tta \u00fe\u00e6r. Hins vegar bera frumkv\u00f6\u00f0larnir enga \u00e1byrg\u00f0 \u00e1 uppl\u00fdsingum \u00e1 \u00feessari s\u00ed\u00f0u.   <\/p>\n<p>\u00deessar uppl\u00fdsingar eru:<\/p>\n<ul>\n<li>eing\u00f6ngu almenns e\u00f0lis og er ekki \u00e6tla\u00f0 a\u00f0 fjalla um s\u00e9rstakar a\u00f0st\u00e6\u00f0ur neins tiltekins einstaklings e\u00f0a a\u00f0ila;<\/li>\n<li>ekki endilega t\u00e6mandi, heill, n\u00e1kv\u00e6mur e\u00f0a uppf\u00e6r\u00f0ur;<\/li>\n<li>a\u00f0 hluta til fr\u00e1 \u00feri\u00f0ja a\u00f0ila sem frumkv\u00f6\u00f0lar bera enga \u00e1byrg\u00f0 \u00e1;<\/li>\n<li>stundum tengt vi\u00f0 utana\u00f0komandi s\u00ed\u00f0ur sem frumkv\u00f6\u00f0lar hafa enga stj\u00f3rn \u00e1 og bera enga \u00e1byrg\u00f0 \u00e1;<\/li>\n<li>ekki fagleg e\u00f0a l\u00f6gfr\u00e6\u00f0ileg r\u00e1\u00f0gj\u00f6f (ef \u00fe\u00fa \u00fearft s\u00e9rt\u00e6k r\u00e1\u00f0 \u00e6ttir \u00fe\u00fa alltaf a\u00f0 r\u00e1\u00f0f\u00e6ra \u00feig vi\u00f0 h\u00e6fan fagmann).<\/li>\n<\/ul>\n<p>Markmi\u00f0 okkar er a\u00f0 l\u00e1gmarka truflanir af v\u00f6ldum t\u00e6knilegra villna. Hins vegar g\u00e6tu einhver g\u00f6gn e\u00f0a uppl\u00fdsingar \u00e1 s\u00ed\u00f0unni okkar hafa veri\u00f0 b\u00fain til e\u00f0a skipul\u00f6g\u00f0 \u00ed skr\u00e1m e\u00f0a sni\u00f0um sem eru ekki villulaus og vi\u00f0 getum ekki \u00e1byrgst a\u00f0 \u00fej\u00f3nusta okkar ver\u00f0i ekki truflu\u00f0 e\u00f0a \u00e1 annan h\u00e1tt fyrir \u00e1hrifum af sl\u00edkum vandam\u00e1lum. Stofnendurnir bera enga \u00e1byrg\u00f0 \u00e1 sl\u00edkum vandam\u00e1lum sem kunna a\u00f0 koma upp vegna notkunar \u00feessarar s\u00ed\u00f0u e\u00f0a tengdra utana\u00f0komandi s\u00ed\u00f0na.  <\/p>\n<h4>Vi\u00f0 notum \u00fe\u00fd\u00f0ingart\u00f3l sem byggir \u00e1 gervigreind fyrir vefs\u00ed\u00f0u okkar<\/h4>\n<p>Vi\u00f0 notum \u00fe\u00fd\u00f0ingart\u00f3l sem byggir \u00e1 gervigreind fyrir vefs\u00ed\u00f0u okkar, \u00fear sem m\u00f3\u00f0urm\u00e1lsmenn fara yfir og lei\u00f0r\u00e9tta allar \u00f3n\u00e1kv\u00e6mni. \u00deessi a\u00f0fer\u00f0 tryggir b\u00e6\u00f0i skilvirkni og g\u00e6\u00f0i, \u00fear sem gervigreindarkerfi\u00f0 batnar st\u00f6\u00f0ugt me\u00f0 t\u00edmanum. Vi\u00f0 teljum a\u00f0 \u00feessi a\u00f0fer\u00f0 bj\u00f3\u00f0i upp \u00e1 \u00e1hrifar\u00edkustu og hagkv\u00e6mustu lei\u00f0ina til a\u00f0 gera vefs\u00ed\u00f0u okkar a\u00f0gengilega \u00e1 m\u00f6rgum tungum\u00e1lum, sem hj\u00e1lpar okkur a\u00f0 n\u00e1 til brei\u00f0ari h\u00f3ps einstaklinga og stofnana. Ef \u00fe\u00fa hefur einhverjar \u00e1bendingar e\u00f0a till\u00f6gur var\u00f0andi \u00fe\u00fd\u00f0ingarferli\u00f0 okkar, \u00fe\u00e1 viljum vi\u00f0 gjarnan heyra fr\u00e1 \u00fe\u00e9r. Vinsamlegast deildu hugsunum \u00fe\u00ednum me\u00f0 okkur \u00ed t\u00f6lvup\u00f3sti.    <\/p>\n<h3>H\u00f6fundarr\u00e9ttur<\/h3>\n<p>Afritun er heimil, a\u00f0 \u00fev\u00ed tilskildu a\u00f0 heimildar s\u00e9 geti\u00f0, nema anna\u00f0 s\u00e9 teki\u00f0 fram.<\/p>\n<p>\u00dear sem afla \u00fearf leyfis fyrirfram til a\u00f0 afrita e\u00f0a nota texta og margmi\u00f0lunaruppl\u00fdsingar (hlj\u00f3\u00f0, myndir, hugb\u00fana\u00f0 o.s.frv.), \u00fe\u00e1 fellur sl\u00edkt leyfi \u00far gildi ofangreint almennt leyfi og skal sk\u00fdrt tilgreina allar takmarkanir \u00e1 notkun.<\/p>\n","protected":false},"excerpt":{"rendered":"<p>Vafrak\u00f6kur og fri\u00f0helgi einkal\u00edfs Vi\u00f0 rei\u00f0um okkur \u00e1 l\u00f6gm\u00e6tan hagsmuni okkar til a\u00f0 skilja og b\u00e6ta afk\u00f6st og notagildi vefs\u00ed\u00f0unnar. \u00dear sem g\u00f6gnin eru fullkomlega nafnlaus og eing\u00f6ngu notu\u00f0 \u00ed samanl\u00f6g\u00f0u formi, setjum vi\u00f0 ekki upp sprettiglugga me\u00f0 sam\u00feykki fyrir vafrak\u00f6kur. \u00de\u00fa getur alltaf sta\u00f0fest notkun okkar \u00e1 vafrak\u00f6kum \u00e1: https:\/\/2gdpr.com . \u00deetta eru vafrak\u00f6kurnar [&hellip;]<\/p>\n","protected":false},"author":1,"featured_media":0,"parent":68013,"menu_order":0,"comment_status":"closed","ping_status":"closed","template":"","meta":{"inline_featured_image":false,"footnotes":""},"class_list":["post-67880","page","type-page","status-publish","hentry"],"yoast_head":"<!-- This site is optimized with the Yoast SEO Premium plugin v27.0 (Yoast SEO v27.3) - https:\/\/yoast.com\/product\/yoast-seo-premium-wordpress\/ -->\n<title>Fyrirvari og fri\u00f0helgi einkal\u00edfs - STOP carcinogens at work<\/title>\n<meta name=\"description\" content=\"Every year, more than 100.000 people die in the EU from cancer caused by carcinogens at work. This must STOP!\" \/>\n<meta name=\"robots\" content=\"noindex, nofollow\" \/>\n<meta property=\"og:locale\" content=\"is_IS\" \/>\n<meta property=\"og:type\" content=\"article\" \/>\n<meta property=\"og:title\" content=\"Fyrirvari og fri\u00f0helgi einkal\u00edfs\" \/>\n<meta property=\"og:description\" content=\"Every year, more than 100.000 people die in the EU from cancer caused by carcinogens at work. This must STOP!\" \/>\n<meta property=\"og:url\" content=\"https:\/\/stopcarcinogensatwork.eu\/is\/stodvum-krabbameinsvaldandi-efni-i-vinnunni\/fyrirvari-og-fridhelgi-einkalifs\/\" \/>\n<meta property=\"og:site_name\" content=\"STOP carcinogens at work\" \/>\n<meta property=\"article:modified_time\" content=\"2025-06-13T10:25:12+00:00\" \/>\n<meta name=\"twitter:card\" content=\"summary_large_image\" \/>\n<meta name=\"twitter:label1\" content=\"Est. reading time\" \/>\n\t<meta name=\"twitter:data1\" content=\"4 minutes\" \/>\n<script type=\"application\/ld+json\" class=\"yoast-schema-graph\">{\"@context\":\"https:\\\/\\\/schema.org\",\"@graph\":[{\"@type\":\"WebPage\",\"@id\":\"https:\\\/\\\/stopcarcinogensatwork.eu\\\/is\\\/stodvum-krabbameinsvaldandi-efni-i-vinnunni\\\/fyrirvari-og-fridhelgi-einkalifs\\\/\",\"url\":\"https:\\\/\\\/stopcarcinogensatwork.eu\\\/is\\\/stodvum-krabbameinsvaldandi-efni-i-vinnunni\\\/fyrirvari-og-fridhelgi-einkalifs\\\/\",\"name\":\"Fyrirvari og fri\u00f0helgi einkal\u00edfs - STOP carcinogens at work\",\"isPartOf\":{\"@id\":\"https:\\\/\\\/stopcarcinogensatwork.eu\\\/is\\\/#website\"},\"datePublished\":\"2024-04-25T14:29:54+00:00\",\"dateModified\":\"2025-06-13T10:25:12+00:00\",\"description\":\"Every year, more than 100.000 people die in the EU from cancer caused by carcinogens at work. This must STOP!\",\"breadcrumb\":{\"@id\":\"https:\\\/\\\/stopcarcinogensatwork.eu\\\/is\\\/stodvum-krabbameinsvaldandi-efni-i-vinnunni\\\/fyrirvari-og-fridhelgi-einkalifs\\\/#breadcrumb\"},\"inLanguage\":\"is\",\"potentialAction\":[{\"@type\":\"ReadAction\",\"target\":[\"https:\\\/\\\/stopcarcinogensatwork.eu\\\/is\\\/stodvum-krabbameinsvaldandi-efni-i-vinnunni\\\/fyrirvari-og-fridhelgi-einkalifs\\\/\"]}]},{\"@type\":\"BreadcrumbList\",\"@id\":\"https:\\\/\\\/stopcarcinogensatwork.eu\\\/is\\\/stodvum-krabbameinsvaldandi-efni-i-vinnunni\\\/fyrirvari-og-fridhelgi-einkalifs\\\/#breadcrumb\",\"itemListElement\":[{\"@type\":\"ListItem\",\"position\":1,\"name\":\"Home\",\"item\":\"https:\\\/\\\/stopcarcinogensatwork.eu\\\/is\\\/stodvum-krabbameinsvaldandi-efni-i-vinnunni\\\/\"},{\"@type\":\"ListItem\",\"position\":2,\"name\":\"ST\u00d6\u00d0VUM krabbameinsvaldandi efni \u00ed vinnunni\",\"item\":\"https:\\\/\\\/stopcarcinogensatwork.eu\\\/is\\\/stodvum-krabbameinsvaldandi-efni-i-vinnunni\\\/\"},{\"@type\":\"ListItem\",\"position\":3,\"name\":\"Fyrirvari og fri\u00f0helgi einkal\u00edfs\"}]},{\"@type\":\"WebSite\",\"@id\":\"https:\\\/\\\/stopcarcinogensatwork.eu\\\/is\\\/#website\",\"url\":\"https:\\\/\\\/stopcarcinogensatwork.eu\\\/is\\\/\",\"name\":\"STOP Carcinogens at work\",\"description\":\"Every year, about 100.000 people die from cancer that was caused by exposure to carcinogens at work in Europe.\",\"publisher\":{\"@id\":\"https:\\\/\\\/stopcarcinogensatwork.eu\\\/is\\\/#organization\"},\"alternateName\":\"Roadmap on Carcinogens\",\"potentialAction\":[{\"@type\":\"SearchAction\",\"target\":{\"@type\":\"EntryPoint\",\"urlTemplate\":\"https:\\\/\\\/stopcarcinogensatwork.eu\\\/is\\\/?s={search_term_string}\"},\"query-input\":{\"@type\":\"PropertyValueSpecification\",\"valueRequired\":true,\"valueName\":\"search_term_string\"}}],\"inLanguage\":\"is\"},{\"@type\":\"Organization\",\"@id\":\"https:\\\/\\\/stopcarcinogensatwork.eu\\\/is\\\/#organization\",\"name\":\"TNO\",\"alternateName\":\"This is a European wide voluntary action scheme\",\"url\":\"https:\\\/\\\/stopcarcinogensatwork.eu\\\/is\\\/\",\"logo\":{\"@type\":\"ImageObject\",\"inLanguage\":\"is\",\"@id\":\"https:\\\/\\\/stopcarcinogensatwork.eu\\\/is\\\/#\\\/schema\\\/logo\\\/image\\\/\",\"url\":\"https:\\\/\\\/stopcarcinogensatwork.eu\\\/wp-content\\\/uploads\\\/2024\\\/08\\\/cropped-FavLarge-1.png\",\"contentUrl\":\"https:\\\/\\\/stopcarcinogensatwork.eu\\\/wp-content\\\/uploads\\\/2024\\\/08\\\/cropped-FavLarge-1.png\",\"width\":512,\"height\":512,\"caption\":\"TNO\"},\"image\":{\"@id\":\"https:\\\/\\\/stopcarcinogensatwork.eu\\\/is\\\/#\\\/schema\\\/logo\\\/image\\\/\"},\"publishingPrinciples\":\"https:\\\/\\\/stopcarcinogensatwork.eu\\\/homepage\\\/legal\\\/\",\"ownershipFundingInfo\":\"https:\\\/\\\/stopcarcinogensatwork.eu\\\/general\\\/about-us\\\/\"}]}<\/script>\n<!-- \/ Yoast SEO Premium plugin. -->","yoast_head_json":{"title":"Fyrirvari og fri\u00f0helgi einkal\u00edfs - STOP carcinogens at work","description":"Every year, more than 100.000 people die in the EU from cancer caused by carcinogens at work. This must STOP!","robots":{"index":"noindex","follow":"nofollow"},"og_locale":"is_IS","og_type":"article","og_title":"Fyrirvari og fri\u00f0helgi einkal\u00edfs","og_description":"Every year, more than 100.000 people die in the EU from cancer caused by carcinogens at work. This must STOP!","og_url":"https:\/\/stopcarcinogensatwork.eu\/is\/stodvum-krabbameinsvaldandi-efni-i-vinnunni\/fyrirvari-og-fridhelgi-einkalifs\/","og_site_name":"STOP carcinogens at work","article_modified_time":"2025-06-13T10:25:12+00:00","twitter_card":"summary_large_image","twitter_misc":{"Est. reading time":"4 minutes"},"schema":{"@context":"https:\/\/schema.org","@graph":[{"@type":"WebPage","@id":"https:\/\/stopcarcinogensatwork.eu\/is\/stodvum-krabbameinsvaldandi-efni-i-vinnunni\/fyrirvari-og-fridhelgi-einkalifs\/","url":"https:\/\/stopcarcinogensatwork.eu\/is\/stodvum-krabbameinsvaldandi-efni-i-vinnunni\/fyrirvari-og-fridhelgi-einkalifs\/","name":"Fyrirvari og fri\u00f0helgi einkal\u00edfs - STOP carcinogens at work","isPartOf":{"@id":"https:\/\/stopcarcinogensatwork.eu\/is\/#website"},"datePublished":"2024-04-25T14:29:54+00:00","dateModified":"2025-06-13T10:25:12+00:00","description":"Every year, more than 100.000 people die in the EU from cancer caused by carcinogens at work. This must STOP!","breadcrumb":{"@id":"https:\/\/stopcarcinogensatwork.eu\/is\/stodvum-krabbameinsvaldandi-efni-i-vinnunni\/fyrirvari-og-fridhelgi-einkalifs\/#breadcrumb"},"inLanguage":"is","potentialAction":[{"@type":"ReadAction","target":["https:\/\/stopcarcinogensatwork.eu\/is\/stodvum-krabbameinsvaldandi-efni-i-vinnunni\/fyrirvari-og-fridhelgi-einkalifs\/"]}]},{"@type":"BreadcrumbList","@id":"https:\/\/stopcarcinogensatwork.eu\/is\/stodvum-krabbameinsvaldandi-efni-i-vinnunni\/fyrirvari-og-fridhelgi-einkalifs\/#breadcrumb","itemListElement":[{"@type":"ListItem","position":1,"name":"Home","item":"https:\/\/stopcarcinogensatwork.eu\/is\/stodvum-krabbameinsvaldandi-efni-i-vinnunni\/"},{"@type":"ListItem","position":2,"name":"ST\u00d6\u00d0VUM krabbameinsvaldandi efni \u00ed vinnunni","item":"https:\/\/stopcarcinogensatwork.eu\/is\/stodvum-krabbameinsvaldandi-efni-i-vinnunni\/"},{"@type":"ListItem","position":3,"name":"Fyrirvari og fri\u00f0helgi einkal\u00edfs"}]},{"@type":"WebSite","@id":"https:\/\/stopcarcinogensatwork.eu\/is\/#website","url":"https:\/\/stopcarcinogensatwork.eu\/is\/","name":"STOP Carcinogens at work","description":"Every year, about 100.000 people die from cancer that was caused by exposure to carcinogens at work in Europe.","publisher":{"@id":"https:\/\/stopcarcinogensatwork.eu\/is\/#organization"},"alternateName":"Roadmap on Carcinogens","potentialAction":[{"@type":"SearchAction","target":{"@type":"EntryPoint","urlTemplate":"https:\/\/stopcarcinogensatwork.eu\/is\/?s={search_term_string}"},"query-input":{"@type":"PropertyValueSpecification","valueRequired":true,"valueName":"search_term_string"}}],"inLanguage":"is"},{"@type":"Organization","@id":"https:\/\/stopcarcinogensatwork.eu\/is\/#organization","name":"TNO","alternateName":"This is a European wide voluntary action scheme","url":"https:\/\/stopcarcinogensatwork.eu\/is\/","logo":{"@type":"ImageObject","inLanguage":"is","@id":"https:\/\/stopcarcinogensatwork.eu\/is\/#\/schema\/logo\/image\/","url":"https:\/\/stopcarcinogensatwork.eu\/wp-content\/uploads\/2024\/08\/cropped-FavLarge-1.png","contentUrl":"https:\/\/stopcarcinogensatwork.eu\/wp-content\/uploads\/2024\/08\/cropped-FavLarge-1.png","width":512,"height":512,"caption":"TNO"},"image":{"@id":"https:\/\/stopcarcinogensatwork.eu\/is\/#\/schema\/logo\/image\/"},"publishingPrinciples":"https:\/\/stopcarcinogensatwork.eu\/homepage\/legal\/","ownershipFundingInfo":"https:\/\/stopcarcinogensatwork.eu\/general\/about-us\/"}]}},"_links":{"self":[{"href":"https:\/\/stopcarcinogensatwork.eu\/is\/wp-json\/wp\/v2\/pages\/67880","targetHints":{"allow":["GET"]}}],"collection":[{"href":"https:\/\/stopcarcinogensatwork.eu\/is\/wp-json\/wp\/v2\/pages"}],"about":[{"href":"https:\/\/stopcarcinogensatwork.eu\/is\/wp-json\/wp\/v2\/types\/page"}],"author":[{"embeddable":true,"href":"https:\/\/stopcarcinogensatwork.eu\/is\/wp-json\/wp\/v2\/users\/1"}],"replies":[{"embeddable":true,"href":"https:\/\/stopcarcinogensatwork.eu\/is\/wp-json\/wp\/v2\/comments?post=67880"}],"version-history":[{"count":0,"href":"https:\/\/stopcarcinogensatwork.eu\/is\/wp-json\/wp\/v2\/pages\/67880\/revisions"}],"up":[{"embeddable":true,"href":"https:\/\/stopcarcinogensatwork.eu\/is\/wp-json\/wp\/v2\/pages\/68013"}],"wp:attachment":[{"href":"https:\/\/stopcarcinogensatwork.eu\/is\/wp-json\/wp\/v2\/media?parent=67880"}],"curies":[{"name":"wp","href":"https:\/\/api.w.org\/{rel}","templated":true}]}}