{"id":67947,"date":"2024-03-06T11:27:48","date_gmt":"2024-03-06T11:27:48","guid":{"rendered":"https:\/\/stopcarcinogensatwork.eu\/o-skipulagsradstafanir\/"},"modified":"2025-06-13T10:24:57","modified_gmt":"2025-06-13T10:24:57","slug":"o-skipulagsradstafanir","status":"publish","type":"page","link":"https:\/\/stopcarcinogensatwork.eu\/is\/kynntu-ther-helstu-forvarnaradferdirnar\/o-skipulagsradstafanir\/","title":{"rendered":"O \u2013 Skipulagsr\u00e1\u00f0stafanir"},"content":{"rendered":"<blockquote><p>STOP fylgir stigveldi stj\u00f3rnunar. Fyrir krabbameinsvaldandi efni er a\u00f0eins leyfilegt a\u00f0 f\u00e6ra sig ni\u00f0ur \u00ed stigveldinu \u00feegar t\u00e6knilegar takmarkanir koma \u00ed veg fyrir a\u00f0 h\u00e6gt s\u00e9 a\u00f0 \u00fatr\u00fdma \u00fatsetningu alveg. H\u00e9r munum vi\u00f0 einbeita okkur a\u00f0 \u00feri\u00f0ja stiginu, O fyrir skipulagsr\u00e1\u00f0stafanir. Vinsamlegast athugi\u00f0 S og T \u00e1\u00f0ur en O. Athugi\u00f0 einnig a\u00f0 h\u00e6gt er a\u00f0 nota samsetningu r\u00e1\u00f0stafana.   <\/p><\/blockquote>\n<p>Skipulagsr\u00e1\u00f0stafanir samanstanda af skipulagsa\u00f0fer\u00f0um og verklagsreglum, innri stefnum og reglulegu eftirliti sem komi\u00f0 er \u00e1 til a\u00f0 sta\u00f0festa framkv\u00e6md \u00feeirra, \u00fear \u00e1 me\u00f0al vi\u00f0halds\u00e1\u00e6tlunum. Skipulagsr\u00e1\u00f0stafanirnar sem innleiddar eru \u00e6ttu me\u00f0al annars a\u00f0 taka mi\u00f0 af s\u00e9rst\u00f6\u00f0u vinnusta\u00f0arins, \u00feekkingu starfsmannsins, b\u00fana\u00f0i, verkefnum og umhverfi. <\/p>\n<p>Hva\u00f0 skal hafa \u00ed huga \u00feegar meti\u00f0 er hva\u00f0a r\u00e1\u00f0st\u00f6fun\/r\u00e1\u00f0stafanir eigi a\u00f0 framkv\u00e6ma:<\/p>\n<ul>\n<li>Greini\u00f0 \u00f6ll vinnu- og f\u00e9lagssv\u00e6\u00f0i<\/li>\n<li>\u00cdhuga\u00f0u tegund og umfang \u00fatsetningar fyrir hvert vinnusv\u00e6\u00f0i<\/li>\n<li>Tilgreini\u00f0 starfsmenn sem \u00feurfa a\u00f0gang a\u00f0 hverju vinnusv\u00e6\u00f0i<\/li>\n<li>Taktu tillit til me\u00f0alt\u00edmans sem einstakur starfsma\u00f0ur \u00fearf a\u00f0 verja \u00e1 hverju vinnusv\u00e6\u00f0i.<\/li>\n<li>F\u00e1\u00f0u l\u00fdsingu \u00e1 hverri a\u00f0ger\u00f0, hentugleika hennar, virkni og skilvirkni og \u00edhuga\u00f0u m\u00f6guleg sameinu\u00f0 \u00e1hrif mismunandi a\u00f0ger\u00f0a til a\u00f0 b\u00e6ta \u00e1h\u00e6ttust\u00fdringu.<\/li>\n<li>Vi\u00f0haldskr\u00f6fur<\/li>\n<\/ul>\n<h2>Nokkrar skipulagsr\u00e1\u00f0stafanir sem vert er a\u00f0 \u00edhuga<\/h2>\n<h3>A\u00f0 takmarka a\u00f0gang a\u00f0 \u00e1h\u00e6ttusv\u00e6\u00f0um<\/h3>\n<p>Me\u00f0 hli\u00f0sj\u00f3n af ni\u00f0urst\u00f6\u00f0um \u00e1h\u00e6ttumatsins ver\u00f0a vinnuveitendur a\u00f0 takmarka a\u00f0gang a\u00f0 \u00e1kve\u00f0num vinnusv\u00e6\u00f0um og takmarka sl\u00edkan a\u00f0gang stranglega vi\u00f0 \u00fe\u00e1 starfsmenn sem \u00feurfa a\u00f0 vera \u00fear. H\u00e6gt er a\u00f0 setja upp efnislegar hindranir til a\u00f0 takmarka a\u00f0gang starfsmanna, til d\u00e6mis hur\u00f0ir sem krefjast heimildar. H\u00e6gt er a\u00f0 nota skilti til a\u00f0 au\u00f0kenna sl\u00edk sv\u00e6\u00f0i.  <\/p>\n<p>Annar mikilv\u00e6gur \u00fe\u00e1ttur er a\u00f0 takmarka \u00feann t\u00edma sem starfsmenn ey\u00f0a \u00e1 vi\u00f0komandi vinnusv\u00e6\u00f0i. \u00deetta er h\u00e6gt a\u00f0 gera me\u00f0 \u00fev\u00ed a\u00f0 skipta um verkefni sem starfsma\u00f0urinn ver\u00f0ur a\u00f0 vinna e\u00f0a me\u00f0 \u00fev\u00ed a\u00f0 takmarka t\u00edmann sem hver vakt vinnur. <\/p>\n<p>\u00deegar skipulagi\u00f0 er hanna\u00f0 skal g\u00e6ta \u00feess a\u00f0 taka tillit til allra sv\u00e6\u00f0a, t.d. sta\u00f0setningar sameiginlegra sv\u00e6\u00f0a (eins og m\u00f6tuneytis, sk\u00e1pa e\u00f0a hv\u00edldarsv\u00e6\u00f0a) \u00ed tengslum vi\u00f0 vinnusv\u00e6\u00f0i. Vinnusv\u00e6\u00f0i \u00e6ttu ekki a\u00f0 tengjast beint vi\u00f0 f\u00e9lagsr\u00fdmi. <\/p>\n<h3>Hreinl\u00e6ti og einstaklingsvernd<\/h3>\n<p>\u00c1 vinnusv\u00e6\u00f0um \u00fear sem h\u00e6tta er \u00e1 mengun \u00fearf a\u00f0 gr\u00edpa til r\u00e1\u00f0stafana til a\u00f0 tryggja a\u00f0:<\/p>\n<ul>\n<li>\u00d6ll efni \u00e1 vinnusta\u00f0 eru r\u00e9tt merkt og fulln\u00e6gjandi vi\u00f0v\u00f6runar- og \u00f6ryggisskilti og -merki eru til sta\u00f0ar.<\/li>\n<li>Vinnusta\u00f0num er haldi\u00f0 hreinum og skipul\u00f6g\u00f0um<\/li>\n<li>Starfsmenn hvorki bor\u00f0a, drekka n\u00e9 reykja<\/li>\n<li>Starfsm\u00f6nnum er \u00fatvega\u00f0ur vi\u00f0eigandi hl\u00edf\u00f0arfatna\u00f0ur e\u00f0a annar vi\u00f0eigandi s\u00e9rfatna\u00f0ur<\/li>\n<li>S\u00e9rst\u00f6k geymslur\u00fdmi eru fyrir vinnu- e\u00f0a hl\u00edf\u00f0arfatna\u00f0 og fyrir \u00fatifatna\u00f0.<\/li>\n<li>Starfsf\u00f3lki er veitt vi\u00f0eigandi og fulln\u00e6gjandi \u00fevotta- og salernisa\u00f0sta\u00f0a<\/li>\n<li>Verndarb\u00fana\u00f0ur er geymdur \u00e1 r\u00e9ttan h\u00e1tt \u00e1 vel skilgreindum sta\u00f0<\/li>\n<li>Heilbrig\u00f0iseftirlit er skipulagt og ni\u00f0urst\u00f6\u00f0ur \u00feess teknar til greina<\/li>\n<\/ul>\n<p>Innri reglur geta skilgreint hvar starfsmenn mega bor\u00f0a, drekka e\u00f0a reykja. Ennfremur geta \u00feessar reglur sett fram verklagsreglur sem starfsmenn \u00feurfa a\u00f0 fylgja var\u00f0andi nau\u00f0synlegan hl\u00edf\u00f0arb\u00fana\u00f0, \u00fe.e. hvernig eigi a\u00f0 nota hann r\u00e9tt, \u00fer\u00edfa hann, vi\u00f0halda honum og geyma hann. <\/p>\n<p>Einfaldar hreinl\u00e6tisr\u00e1\u00f0stafanir m\u00e1 fella inn til a\u00f0 minna starfsmenn \u00e1 mikilv\u00e6gi \u00feeirra. Til d\u00e6mis a\u00f0 \u00fevo s\u00e9r um hendur \u00e1\u00f0ur en \u00feeir bor\u00f0a, \u00fer\u00edfa f\u00e6turna \u00feegar \u00feeir koma inn og fara \u00far a\u00f0st\u00f6\u00f0unni og skilgreina lei\u00f0ir sem starfsmenn ver\u00f0a a\u00f0 fara til a\u00f0 komast inn \u00e1 menga\u00f0a vinnusta\u00f0i. <\/p>\n<h3>Uppl\u00fdsingar og \u00fej\u00e1lfun fyrir starfsmenn<\/h3>\n<p>Vinnuveitendur \u00feurfa a\u00f0 tryggja a\u00f0 starfsmenn s\u00e9u uppl\u00fdstir um ni\u00f0urst\u00f6\u00f0ur \u00e1h\u00e6ttumatsins, \u00fear \u00e1 me\u00f0al um efnin sem notu\u00f0 eru, h\u00e6ttulega eiginleika \u00feeirra og hvernig nota skuli \u00f6ryggisbl\u00f6\u00f0, \u00fe.e. um skyndihj\u00e1lparr\u00e1\u00f0stafanir e\u00f0a v\u00e1hrifavarnir\/pers\u00f3nulega hl\u00edf\u00f0arb\u00fana\u00f0.<\/p>\n<p>Ennfremur \u00e6ttu starfsmenn a\u00f0 f\u00e1 sk\u00fdrar lei\u00f0beiningar um \u00fe\u00e6r r\u00e1\u00f0stafanir sem gilda, svo sem t\u00e6knilegar r\u00e1\u00f0stafanir, innri stefnu e\u00f0a \u00f6ryggisferla, me\u00f0 myndskreytingum, sk\u00fdringarmyndum e\u00f0a myndb\u00f6ndum, ef m\u00f6gulegt er.<\/p>\n<ul>\n<li>Taka skal tillit til verkefna og \u00feekkingarstigs starfsmanna og a\u00f0laga tungum\u00e1l og efni uppl\u00fdsinga og \u00fej\u00e1lfunar sem veitt er \u00ed samr\u00e6mi vi\u00f0 \u00fea\u00f0.<\/li>\n<li>Uppl\u00fdsingar og \u00fej\u00e1lfun starfsmanna \u00e6tti a\u00f0 vera veitt reglulega og uppf\u00e6r\u00f0 \u00feegar a\u00f0st\u00e6\u00f0ur breytast.<\/li>\n<li>Eftir \u00fev\u00ed hvers konar uppl\u00fdsingar\/\u00fej\u00e1lfunar\u00fearfir eru um a\u00f0 r\u00e6\u00f0a er h\u00e6gt a\u00f0 \u00fatvega \u00fe\u00e6r innanh\u00fass og\/e\u00f0a leita til utana\u00f0komandi s\u00e9rfr\u00e6\u00f0ings.<\/li>\n<\/ul>\n","protected":false},"excerpt":{"rendered":"<p>STOP fylgir stigveldi stj\u00f3rnunar. Fyrir krabbameinsvaldandi efni er a\u00f0eins leyfilegt a\u00f0 f\u00e6ra sig ni\u00f0ur \u00ed stigveldinu \u00feegar t\u00e6knilegar takmarkanir koma \u00ed veg fyrir a\u00f0 h\u00e6gt s\u00e9 a\u00f0 \u00fatr\u00fdma \u00fatsetningu alveg. H\u00e9r munum vi\u00f0 einbeita okkur a\u00f0 \u00feri\u00f0ja stiginu, O fyrir skipulagsr\u00e1\u00f0stafanir. Vinsamlegast athugi\u00f0 S og T \u00e1\u00f0ur en O. Athugi\u00f0 einnig a\u00f0 h\u00e6gt er a\u00f0 [&hellip;]<\/p>\n","protected":false},"author":1,"featured_media":0,"parent":67967,"menu_order":0,"comment_status":"closed","ping_status":"closed","template":"","meta":{"inline_featured_image":false,"footnotes":""},"class_list":["post-67947","page","type-page","status-publish","hentry"],"yoast_head":"<!-- This site is optimized with the Yoast SEO Premium plugin v27.0 (Yoast SEO v27.3) - https:\/\/yoast.com\/product\/yoast-seo-premium-wordpress\/ -->\n<title>O \u2013 Skipulagsr\u00e1\u00f0stafanir - STOP carcinogens at work<\/title>\n<meta name=\"description\" content=\"Every year, more than 100.000 people die in the EU from cancer caused by carcinogens at work. This must STOP!\" \/>\n<meta name=\"robots\" content=\"index, follow, max-snippet:-1, max-image-preview:large, max-video-preview:-1\" \/>\n<link rel=\"canonical\" href=\"https:\/\/stopcarcinogensatwork.eu\/is\/kynntu-ther-helstu-forvarnaradferdirnar\/o-skipulagsradstafanir\/\" \/>\n<meta property=\"og:locale\" content=\"is_IS\" \/>\n<meta property=\"og:type\" content=\"article\" \/>\n<meta property=\"og:title\" content=\"O \u2013 Skipulagsr\u00e1\u00f0stafanir\" \/>\n<meta property=\"og:description\" content=\"Every year, more than 100.000 people die in the EU from cancer caused by carcinogens at work. This must STOP!\" \/>\n<meta property=\"og:url\" content=\"https:\/\/stopcarcinogensatwork.eu\/is\/kynntu-ther-helstu-forvarnaradferdirnar\/o-skipulagsradstafanir\/\" \/>\n<meta property=\"og:site_name\" content=\"STOP carcinogens at work\" \/>\n<meta property=\"article:modified_time\" content=\"2025-06-13T10:24:57+00:00\" \/>\n<meta name=\"twitter:card\" content=\"summary_large_image\" \/>\n<meta name=\"twitter:label1\" content=\"Est. reading time\" \/>\n\t<meta name=\"twitter:data1\" content=\"4 minutes\" \/>\n<script type=\"application\/ld+json\" class=\"yoast-schema-graph\">{\"@context\":\"https:\\\/\\\/schema.org\",\"@graph\":[{\"@type\":\"WebPage\",\"@id\":\"https:\\\/\\\/stopcarcinogensatwork.eu\\\/is\\\/kynntu-ther-helstu-forvarnaradferdirnar\\\/o-skipulagsradstafanir\\\/\",\"url\":\"https:\\\/\\\/stopcarcinogensatwork.eu\\\/is\\\/kynntu-ther-helstu-forvarnaradferdirnar\\\/o-skipulagsradstafanir\\\/\",\"name\":\"O \u2013 Skipulagsr\u00e1\u00f0stafanir - STOP carcinogens at work\",\"isPartOf\":{\"@id\":\"https:\\\/\\\/stopcarcinogensatwork.eu\\\/is\\\/#website\"},\"datePublished\":\"2024-03-06T11:27:48+00:00\",\"dateModified\":\"2025-06-13T10:24:57+00:00\",\"description\":\"Every year, more than 100.000 people die in the EU from cancer caused by carcinogens at work. This must STOP!\",\"breadcrumb\":{\"@id\":\"https:\\\/\\\/stopcarcinogensatwork.eu\\\/is\\\/kynntu-ther-helstu-forvarnaradferdirnar\\\/o-skipulagsradstafanir\\\/#breadcrumb\"},\"inLanguage\":\"is\",\"potentialAction\":[{\"@type\":\"ReadAction\",\"target\":[\"https:\\\/\\\/stopcarcinogensatwork.eu\\\/is\\\/kynntu-ther-helstu-forvarnaradferdirnar\\\/o-skipulagsradstafanir\\\/\"]}]},{\"@type\":\"BreadcrumbList\",\"@id\":\"https:\\\/\\\/stopcarcinogensatwork.eu\\\/is\\\/kynntu-ther-helstu-forvarnaradferdirnar\\\/o-skipulagsradstafanir\\\/#breadcrumb\",\"itemListElement\":[{\"@type\":\"ListItem\",\"position\":1,\"name\":\"Home\",\"item\":\"https:\\\/\\\/stopcarcinogensatwork.eu\\\/is\\\/stodvum-krabbameinsvaldandi-efni-i-vinnunni\\\/\"},{\"@type\":\"ListItem\",\"position\":2,\"name\":\"Kynntu \u00fe\u00e9r helstu forvarnara\u00f0fer\u00f0irnar\",\"item\":\"https:\\\/\\\/stopcarcinogensatwork.eu\\\/is\\\/kynntu-ther-helstu-forvarnaradferdirnar\\\/\"},{\"@type\":\"ListItem\",\"position\":3,\"name\":\"O \u2013 Skipulagsr\u00e1\u00f0stafanir\"}]},{\"@type\":\"WebSite\",\"@id\":\"https:\\\/\\\/stopcarcinogensatwork.eu\\\/is\\\/#website\",\"url\":\"https:\\\/\\\/stopcarcinogensatwork.eu\\\/is\\\/\",\"name\":\"STOP Carcinogens at work\",\"description\":\"Every year, about 100.000 people die from cancer that was caused by exposure to carcinogens at work in Europe.\",\"publisher\":{\"@id\":\"https:\\\/\\\/stopcarcinogensatwork.eu\\\/is\\\/#organization\"},\"alternateName\":\"Roadmap on Carcinogens\",\"potentialAction\":[{\"@type\":\"SearchAction\",\"target\":{\"@type\":\"EntryPoint\",\"urlTemplate\":\"https:\\\/\\\/stopcarcinogensatwork.eu\\\/is\\\/?s={search_term_string}\"},\"query-input\":{\"@type\":\"PropertyValueSpecification\",\"valueRequired\":true,\"valueName\":\"search_term_string\"}}],\"inLanguage\":\"is\"},{\"@type\":\"Organization\",\"@id\":\"https:\\\/\\\/stopcarcinogensatwork.eu\\\/is\\\/#organization\",\"name\":\"TNO\",\"alternateName\":\"This is a European wide voluntary action scheme\",\"url\":\"https:\\\/\\\/stopcarcinogensatwork.eu\\\/is\\\/\",\"logo\":{\"@type\":\"ImageObject\",\"inLanguage\":\"is\",\"@id\":\"https:\\\/\\\/stopcarcinogensatwork.eu\\\/is\\\/#\\\/schema\\\/logo\\\/image\\\/\",\"url\":\"https:\\\/\\\/stopcarcinogensatwork.eu\\\/wp-content\\\/uploads\\\/2024\\\/08\\\/cropped-FavLarge-1.png\",\"contentUrl\":\"https:\\\/\\\/stopcarcinogensatwork.eu\\\/wp-content\\\/uploads\\\/2024\\\/08\\\/cropped-FavLarge-1.png\",\"width\":512,\"height\":512,\"caption\":\"TNO\"},\"image\":{\"@id\":\"https:\\\/\\\/stopcarcinogensatwork.eu\\\/is\\\/#\\\/schema\\\/logo\\\/image\\\/\"},\"publishingPrinciples\":\"https:\\\/\\\/stopcarcinogensatwork.eu\\\/homepage\\\/legal\\\/\",\"ownershipFundingInfo\":\"https:\\\/\\\/stopcarcinogensatwork.eu\\\/general\\\/about-us\\\/\"}]}<\/script>\n<!-- \/ Yoast SEO Premium plugin. -->","yoast_head_json":{"title":"O \u2013 Skipulagsr\u00e1\u00f0stafanir - STOP carcinogens at work","description":"Every year, more than 100.000 people die in the EU from cancer caused by carcinogens at work. This must STOP!","robots":{"index":"index","follow":"follow","max-snippet":"max-snippet:-1","max-image-preview":"max-image-preview:large","max-video-preview":"max-video-preview:-1"},"canonical":"https:\/\/stopcarcinogensatwork.eu\/is\/kynntu-ther-helstu-forvarnaradferdirnar\/o-skipulagsradstafanir\/","og_locale":"is_IS","og_type":"article","og_title":"O \u2013 Skipulagsr\u00e1\u00f0stafanir","og_description":"Every year, more than 100.000 people die in the EU from cancer caused by carcinogens at work. This must STOP!","og_url":"https:\/\/stopcarcinogensatwork.eu\/is\/kynntu-ther-helstu-forvarnaradferdirnar\/o-skipulagsradstafanir\/","og_site_name":"STOP carcinogens at work","article_modified_time":"2025-06-13T10:24:57+00:00","twitter_card":"summary_large_image","twitter_misc":{"Est. reading time":"4 minutes"},"schema":{"@context":"https:\/\/schema.org","@graph":[{"@type":"WebPage","@id":"https:\/\/stopcarcinogensatwork.eu\/is\/kynntu-ther-helstu-forvarnaradferdirnar\/o-skipulagsradstafanir\/","url":"https:\/\/stopcarcinogensatwork.eu\/is\/kynntu-ther-helstu-forvarnaradferdirnar\/o-skipulagsradstafanir\/","name":"O \u2013 Skipulagsr\u00e1\u00f0stafanir - STOP carcinogens at work","isPartOf":{"@id":"https:\/\/stopcarcinogensatwork.eu\/is\/#website"},"datePublished":"2024-03-06T11:27:48+00:00","dateModified":"2025-06-13T10:24:57+00:00","description":"Every year, more than 100.000 people die in the EU from cancer caused by carcinogens at work. This must STOP!","breadcrumb":{"@id":"https:\/\/stopcarcinogensatwork.eu\/is\/kynntu-ther-helstu-forvarnaradferdirnar\/o-skipulagsradstafanir\/#breadcrumb"},"inLanguage":"is","potentialAction":[{"@type":"ReadAction","target":["https:\/\/stopcarcinogensatwork.eu\/is\/kynntu-ther-helstu-forvarnaradferdirnar\/o-skipulagsradstafanir\/"]}]},{"@type":"BreadcrumbList","@id":"https:\/\/stopcarcinogensatwork.eu\/is\/kynntu-ther-helstu-forvarnaradferdirnar\/o-skipulagsradstafanir\/#breadcrumb","itemListElement":[{"@type":"ListItem","position":1,"name":"Home","item":"https:\/\/stopcarcinogensatwork.eu\/is\/stodvum-krabbameinsvaldandi-efni-i-vinnunni\/"},{"@type":"ListItem","position":2,"name":"Kynntu \u00fe\u00e9r helstu forvarnara\u00f0fer\u00f0irnar","item":"https:\/\/stopcarcinogensatwork.eu\/is\/kynntu-ther-helstu-forvarnaradferdirnar\/"},{"@type":"ListItem","position":3,"name":"O \u2013 Skipulagsr\u00e1\u00f0stafanir"}]},{"@type":"WebSite","@id":"https:\/\/stopcarcinogensatwork.eu\/is\/#website","url":"https:\/\/stopcarcinogensatwork.eu\/is\/","name":"STOP Carcinogens at work","description":"Every year, about 100.000 people die from cancer that was caused by exposure to carcinogens at work in Europe.","publisher":{"@id":"https:\/\/stopcarcinogensatwork.eu\/is\/#organization"},"alternateName":"Roadmap on Carcinogens","potentialAction":[{"@type":"SearchAction","target":{"@type":"EntryPoint","urlTemplate":"https:\/\/stopcarcinogensatwork.eu\/is\/?s={search_term_string}"},"query-input":{"@type":"PropertyValueSpecification","valueRequired":true,"valueName":"search_term_string"}}],"inLanguage":"is"},{"@type":"Organization","@id":"https:\/\/stopcarcinogensatwork.eu\/is\/#organization","name":"TNO","alternateName":"This is a European wide voluntary action scheme","url":"https:\/\/stopcarcinogensatwork.eu\/is\/","logo":{"@type":"ImageObject","inLanguage":"is","@id":"https:\/\/stopcarcinogensatwork.eu\/is\/#\/schema\/logo\/image\/","url":"https:\/\/stopcarcinogensatwork.eu\/wp-content\/uploads\/2024\/08\/cropped-FavLarge-1.png","contentUrl":"https:\/\/stopcarcinogensatwork.eu\/wp-content\/uploads\/2024\/08\/cropped-FavLarge-1.png","width":512,"height":512,"caption":"TNO"},"image":{"@id":"https:\/\/stopcarcinogensatwork.eu\/is\/#\/schema\/logo\/image\/"},"publishingPrinciples":"https:\/\/stopcarcinogensatwork.eu\/homepage\/legal\/","ownershipFundingInfo":"https:\/\/stopcarcinogensatwork.eu\/general\/about-us\/"}]}},"_links":{"self":[{"href":"https:\/\/stopcarcinogensatwork.eu\/is\/wp-json\/wp\/v2\/pages\/67947","targetHints":{"allow":["GET"]}}],"collection":[{"href":"https:\/\/stopcarcinogensatwork.eu\/is\/wp-json\/wp\/v2\/pages"}],"about":[{"href":"https:\/\/stopcarcinogensatwork.eu\/is\/wp-json\/wp\/v2\/types\/page"}],"author":[{"embeddable":true,"href":"https:\/\/stopcarcinogensatwork.eu\/is\/wp-json\/wp\/v2\/users\/1"}],"replies":[{"embeddable":true,"href":"https:\/\/stopcarcinogensatwork.eu\/is\/wp-json\/wp\/v2\/comments?post=67947"}],"version-history":[{"count":0,"href":"https:\/\/stopcarcinogensatwork.eu\/is\/wp-json\/wp\/v2\/pages\/67947\/revisions"}],"up":[{"embeddable":true,"href":"https:\/\/stopcarcinogensatwork.eu\/is\/wp-json\/wp\/v2\/pages\/67967"}],"wp:attachment":[{"href":"https:\/\/stopcarcinogensatwork.eu\/is\/wp-json\/wp\/v2\/media?parent=67947"}],"curies":[{"name":"wp","href":"https:\/\/api.w.org\/{rel}","templated":true}]}}