{"id":67948,"date":"2024-03-06T08:45:07","date_gmt":"2024-03-06T08:45:07","guid":{"rendered":"https:\/\/stopcarcinogensatwork.eu\/s-skipti\/"},"modified":"2025-06-13T10:24:57","modified_gmt":"2025-06-13T10:24:57","slug":"s-skipti","status":"publish","type":"page","link":"https:\/\/stopcarcinogensatwork.eu\/is\/kynntu-ther-helstu-forvarnaradferdirnar\/s-skipti\/","title":{"rendered":"S \u2013 Skipti"},"content":{"rendered":"<blockquote><p>STOP-reglan l\u00fdsir forgangsr\u00f6\u00f0un verndarr\u00e1\u00f0stafana. Vinnuveitandi ver\u00f0ur a\u00f0 vir\u00f0a \u00feessa forgangsr\u00f6\u00f0un \u00feegar hann \u00e1kvar\u00f0ar og beitir verndarr\u00e1\u00f0st\u00f6funum. H\u00e9r munum vi\u00f0 einbeita okkur a\u00f0 fyrsta stiginu, S fyrir sta\u00f0g\u00f6ngu. Vinsamlegast athugi\u00f0 S fyrst. Athugi\u00f0 einnig a\u00f0 h\u00e6gt er a\u00f0 nota samsetningu r\u00e1\u00f0stafana.    <\/p><\/blockquote>\n<p>\u00dea\u00f0 getur veri\u00f0 krefjandi a\u00f0 skipta \u00fat krabbameinsvaldandi efnum. T\u00e6knilega jafngildur valkostur \u00fearf a\u00f0 vera tilt\u00e6kur og framkv\u00e6manlegur. \u00c1h\u00e6ttan af valkostinum ver\u00f0ur a\u00f0 vera minni en af \u200b\u200bkrabbameinsvaldandi efninu sem kemur \u00ed sta\u00f0inn. Ef mat leyfir ekki a\u00f0 skipta \u00fat \u00e1kve\u00f0nu krabbameinsvaldandi efni \u00fearf a\u00f0 skjalfesta \u00e1st\u00e6\u00f0urnar \u00e1 gagns\u00e6jan h\u00e1tt.   <\/p>\n<p>Almennt s\u00e9\u00f0 dregur vel heppnu\u00f0 skipti \u00far \u00e1h\u00e6ttu fyrir starfsmenn og b\u00fd\u00f0ur vinnuveitendum upp \u00e1 a\u00f0 innlei\u00f0a minna krefjandi \u00e1h\u00e6ttustj\u00f3rnunara\u00f0ger\u00f0ir. \u00deegar \u00fatsetning fyrir krabbameinsvaldandi efni er alveg \u00fatr\u00fdmt, \u00feyrfti ekki a\u00f0 halda skr\u00e1 yfir \u00fatsetningu n\u00e9 geyma hana \u00ed allt a\u00f0 40 \u00e1r. \u00dea\u00f0 g\u00e6ti dregi\u00f0 \u00far kostna\u00f0i, t.d. vegna \u00f6ryggisb\u00fana\u00f0ar, \u00fargangs og l\u00e6knissko\u00f0unar. Umfram allt gagnast skiptin heilsu starfsmanna.   <\/p>\n<p>\u00deegar meti\u00f0 er hvort sta\u00f0gengill s\u00e9 \u00ed sta\u00f0inn,<\/p>\n<ul>\n<li>Kanna\u00f0u lagaskyldur sem g\u00e6tu takmarka\u00f0 e\u00f0a takmarka\u00f0 notkun krabbameinsvaldandi efnisins. Eitt d\u00e6mi er leyfi samkv\u00e6mt REACH. <\/li>\n<li>Greini\u00f0 krabbameinsvaldandi efni sem eru \u00ed mestri h\u00e6ttu \u00e1 vinnusta\u00f0 og taki\u00f0 \u00feau fyrst til greina.<\/li>\n<li>Kanna\u00f0u hvort krabbameinsvaldandi efni\u00f0 sem nota\u00f0 er gegnir hlutverki \u00ed lokaafur\u00f0inni e\u00f0a v\u00f6runni. Ef svo er, \u00fe\u00e1 er yfirleitt erfi\u00f0ara a\u00f0 skipta \u00fat \u00feessum krabbameinsvaldandi efnum og g\u00e6tu \u00feurft endurh\u00f6nnun \u00e1 bl\u00f6ndunni e\u00f0a v\u00f6runni e\u00f0a umfangsmeiri breytingar \u00e1 \u00f6llu framlei\u00f0sluferlinu. <\/li>\n<li>Finndu \u00fat hva\u00f0a vi\u00f0mi\u00f0 vi\u00f0skiptavinurinn \u00feinn \u00fearfnast \u00ed raun og veru og hvar \u00feessi vi\u00f0mi\u00f0 eru sveigjanleg til a\u00f0 leyfa breytingar.<\/li>\n<li>Settu upp vi\u00f0mi\u00f0 fyrir sta\u00f0g\u00f6ngur sem eru vi\u00f0eigandi fyrir \u00feig og fyrirt\u00e6ki \u00feitt. Haf\u00f0u \u00ed huga a\u00f0 mun \u00f6ruggari valkostur \u00e6tti ekki a\u00f0 vera hafna\u00f0ur eing\u00f6ngu vegna kostna\u00f0ar. <\/li>\n<li>Finndu \u00fat hverjir \u00feurfa a\u00f0 taka \u00fe\u00e1tt \u00ed frambo\u00f0ske\u00f0junni \u00feinni.<\/li>\n<li>Safna\u00f0u uppl\u00fdsingum um tilt\u00e6ka valkosti og taktu uppl\u00fdstar \u00e1kvar\u00f0anir. Lausnir g\u00e6tu \u00feegar veri\u00f0 tilt\u00e6kar. <\/li>\n<li>Haf\u00f0u \u00ed huga sj\u00e1lfb\u00e6rni\u00fe\u00e6tti, t.d. kolefnisspor, losun gr\u00f3\u00f0urh\u00fasalofttegunda og endurvinnanleika, sem eru s\u00edfellt mikilv\u00e6gari.<\/li>\n<li>Valkostur \u00fearf ekki a\u00f0 vera alhli\u00f0a lausn. \u00cd sta\u00f0inn er h\u00e6gt a\u00f0 \u00edhuga samsetningu nokkurra ger\u00f0a a\u00f0ger\u00f0a. <\/li>\n<\/ul>\n<h2>Nokkrar r\u00e1\u00f0stafanir sem vert er a\u00f0 \u00edhuga<\/h2>\n<h3>\u00d6nnur efni e\u00f0a bl\u00f6ndur<\/h3>\n<p>Oft er au\u00f0veldara a\u00f0 framkv\u00e6ma skipti me\u00f0 \u00f6\u00f0ru efni e\u00f0a bl\u00f6ndu \u00ed \u00feegar komnum framlei\u00f0sluferlum og \u00fea\u00f0 g\u00e6ti a\u00f0eins \u00feurft sm\u00e1v\u00e6gilegar a\u00f0laganir. Hins vegar skal for\u00f0ast \u00f3\u00fe\u00e6gilegar skipti me\u00f0 \u00fev\u00ed a\u00f0 skipta \u00fat fyrir a\u00f0ra efnisflokka innan sama efnaflokks og me\u00f0 svipa\u00f0a eiturefnafr\u00e6\u00f0ilega eiginleika. Uppl\u00fdsingar um efnafr\u00e6\u00f0ilega eiginleika, \u00fe.e. gufu\u00fer\u00fdsting og flokkun, eru tilt\u00e6kar \u00ed \u00f6ryggisbla\u00f0i fr\u00e1 birgja \u00fe\u00ednum og \u00ed s\u00e9rst\u00f6kum efnagagnagrunnum, t.d. fr\u00e1 ECHA.  <\/p>\n<p>D\u00e6mi: kr\u00f3m (III) \u00ed sta\u00f0 kr\u00f3ms (VI) \u00ed yfirbor\u00f0sme\u00f0fer\u00f0 \u00e1 skrautkr\u00f3mh\u00fa\u00f0un.<\/p>\n<h3>T\u00e6knilegir valkostir<\/h3>\n<p>T\u00e6knilegir valkostir n\u00e1 s\u00f6mu ni\u00f0urst\u00f6\u00f0u me\u00f0 \u00f6\u00f0ru ferli. Til d\u00e6mis me\u00f0 \u00fev\u00ed a\u00f0 nota e\u00f0lisfr\u00e6\u00f0ilegt ferli \u00ed sta\u00f0 efnafr\u00e6\u00f0ilegs ferlis. Breytingar \u00e1 ferlum krefjast oft notkunar annarra efna. Eiginleikar lokaafur\u00f0arinnar e\u00f0a efnisins geta einnig breyst.   <\/p>\n<p>D\u00e6mi: gufu\u00fatfelling (PVD) \u00ed sta\u00f0 kr\u00f3mh\u00fa\u00f0unar me\u00f0 kr\u00f3mi (VI) fyrir \u00e1kve\u00f0na notkun.<\/p>\n<h3>Hagn\u00fdtir valkostir<\/h3>\n<p>A\u00f0 einbeita s\u00e9r a\u00f0 virkni \u00ed lokaafur\u00f0inni e\u00f0a v\u00f6runni getur hj\u00e1lpa\u00f0 til vi\u00f0 a\u00f0 \u00edhuga fj\u00f6lbreyttari valkosti en \u00fea\u00f0 g\u00e6ti \u00feurft endurh\u00f6nnun. H\u00e6gt v\u00e6ri a\u00f0 \u00fatvega \u00e1kve\u00f0na virkni me\u00f0 valkosti svo lengi sem \u00fea\u00f0 er raunh\u00e6ft og framkv\u00e6manlegt. <\/p>\n<p>D\u00e6mi: a\u00f0 skipta \u00fat yfirbor\u00f0sme\u00f0fer\u00f0 me\u00f0 kr\u00f3mi (VI) fyrir a\u00f0 vernda yfirbor\u00f0i\u00f0 me\u00f0 vaxi e\u00f0a f\u00e6giefni, til a\u00f0 koma \u00ed veg fyrir hra\u00f0a t\u00e6ringu vegna s\u00farefnis og vatns.<\/p>\n","protected":false},"excerpt":{"rendered":"<p>STOP-reglan l\u00fdsir forgangsr\u00f6\u00f0un verndarr\u00e1\u00f0stafana. Vinnuveitandi ver\u00f0ur a\u00f0 vir\u00f0a \u00feessa forgangsr\u00f6\u00f0un \u00feegar hann \u00e1kvar\u00f0ar og beitir verndarr\u00e1\u00f0st\u00f6funum. H\u00e9r munum vi\u00f0 einbeita okkur a\u00f0 fyrsta stiginu, S fyrir sta\u00f0g\u00f6ngu. Vinsamlegast athugi\u00f0 S fyrst. Athugi\u00f0 einnig a\u00f0 h\u00e6gt er a\u00f0 nota samsetningu r\u00e1\u00f0stafana. \u00dea\u00f0 getur veri\u00f0 krefjandi a\u00f0 skipta \u00fat krabbameinsvaldandi efnum. T\u00e6knilega jafngildur valkostur \u00fearf a\u00f0 vera [&hellip;]<\/p>\n","protected":false},"author":1,"featured_media":0,"parent":67967,"menu_order":0,"comment_status":"closed","ping_status":"closed","template":"","meta":{"inline_featured_image":false,"footnotes":""},"class_list":["post-67948","page","type-page","status-publish","hentry"],"yoast_head":"<!-- This site is optimized with the Yoast SEO Premium plugin v27.0 (Yoast SEO v27.3) - https:\/\/yoast.com\/product\/yoast-seo-premium-wordpress\/ -->\n<title>S - Skipti - STOP carcinogens at work<\/title>\n<meta name=\"description\" content=\"Every year, more than 100.000 people die in the EU from cancer caused by carcinogens at work. This must STOP!\" \/>\n<meta name=\"robots\" content=\"index, follow, max-snippet:-1, max-image-preview:large, max-video-preview:-1\" \/>\n<link rel=\"canonical\" href=\"https:\/\/stopcarcinogensatwork.eu\/is\/kynntu-ther-helstu-forvarnaradferdirnar\/s-skipti\/\" \/>\n<meta property=\"og:locale\" content=\"is_IS\" \/>\n<meta property=\"og:type\" content=\"article\" \/>\n<meta property=\"og:title\" content=\"S - Skipti\" \/>\n<meta property=\"og:description\" content=\"Every year, more than 100.000 people die in the EU from cancer caused by carcinogens at work. This must STOP!\" \/>\n<meta property=\"og:url\" content=\"https:\/\/stopcarcinogensatwork.eu\/is\/kynntu-ther-helstu-forvarnaradferdirnar\/s-skipti\/\" \/>\n<meta property=\"og:site_name\" content=\"STOP carcinogens at work\" \/>\n<meta property=\"article:modified_time\" content=\"2025-06-13T10:24:57+00:00\" \/>\n<meta name=\"twitter:card\" content=\"summary_large_image\" \/>\n<meta name=\"twitter:label1\" content=\"Est. reading time\" \/>\n\t<meta name=\"twitter:data1\" content=\"3 minutes\" \/>\n<script type=\"application\/ld+json\" class=\"yoast-schema-graph\">{\"@context\":\"https:\\\/\\\/schema.org\",\"@graph\":[{\"@type\":\"WebPage\",\"@id\":\"https:\\\/\\\/stopcarcinogensatwork.eu\\\/is\\\/kynntu-ther-helstu-forvarnaradferdirnar\\\/s-skipti\\\/\",\"url\":\"https:\\\/\\\/stopcarcinogensatwork.eu\\\/is\\\/kynntu-ther-helstu-forvarnaradferdirnar\\\/s-skipti\\\/\",\"name\":\"S - Skipti - STOP carcinogens at work\",\"isPartOf\":{\"@id\":\"https:\\\/\\\/stopcarcinogensatwork.eu\\\/is\\\/#website\"},\"datePublished\":\"2024-03-06T08:45:07+00:00\",\"dateModified\":\"2025-06-13T10:24:57+00:00\",\"description\":\"Every year, more than 100.000 people die in the EU from cancer caused by carcinogens at work. This must STOP!\",\"breadcrumb\":{\"@id\":\"https:\\\/\\\/stopcarcinogensatwork.eu\\\/is\\\/kynntu-ther-helstu-forvarnaradferdirnar\\\/s-skipti\\\/#breadcrumb\"},\"inLanguage\":\"is\",\"potentialAction\":[{\"@type\":\"ReadAction\",\"target\":[\"https:\\\/\\\/stopcarcinogensatwork.eu\\\/is\\\/kynntu-ther-helstu-forvarnaradferdirnar\\\/s-skipti\\\/\"]}]},{\"@type\":\"BreadcrumbList\",\"@id\":\"https:\\\/\\\/stopcarcinogensatwork.eu\\\/is\\\/kynntu-ther-helstu-forvarnaradferdirnar\\\/s-skipti\\\/#breadcrumb\",\"itemListElement\":[{\"@type\":\"ListItem\",\"position\":1,\"name\":\"Home\",\"item\":\"https:\\\/\\\/stopcarcinogensatwork.eu\\\/is\\\/stodvum-krabbameinsvaldandi-efni-i-vinnunni\\\/\"},{\"@type\":\"ListItem\",\"position\":2,\"name\":\"Kynntu \u00fe\u00e9r helstu forvarnara\u00f0fer\u00f0irnar\",\"item\":\"https:\\\/\\\/stopcarcinogensatwork.eu\\\/is\\\/kynntu-ther-helstu-forvarnaradferdirnar\\\/\"},{\"@type\":\"ListItem\",\"position\":3,\"name\":\"S &#8211; Skipti\"}]},{\"@type\":\"WebSite\",\"@id\":\"https:\\\/\\\/stopcarcinogensatwork.eu\\\/is\\\/#website\",\"url\":\"https:\\\/\\\/stopcarcinogensatwork.eu\\\/is\\\/\",\"name\":\"STOP Carcinogens at work\",\"description\":\"Every year, about 100.000 people die from cancer that was caused by exposure to carcinogens at work in Europe.\",\"publisher\":{\"@id\":\"https:\\\/\\\/stopcarcinogensatwork.eu\\\/is\\\/#organization\"},\"alternateName\":\"Roadmap on Carcinogens\",\"potentialAction\":[{\"@type\":\"SearchAction\",\"target\":{\"@type\":\"EntryPoint\",\"urlTemplate\":\"https:\\\/\\\/stopcarcinogensatwork.eu\\\/is\\\/?s={search_term_string}\"},\"query-input\":{\"@type\":\"PropertyValueSpecification\",\"valueRequired\":true,\"valueName\":\"search_term_string\"}}],\"inLanguage\":\"is\"},{\"@type\":\"Organization\",\"@id\":\"https:\\\/\\\/stopcarcinogensatwork.eu\\\/is\\\/#organization\",\"name\":\"TNO\",\"alternateName\":\"This is a European wide voluntary action scheme\",\"url\":\"https:\\\/\\\/stopcarcinogensatwork.eu\\\/is\\\/\",\"logo\":{\"@type\":\"ImageObject\",\"inLanguage\":\"is\",\"@id\":\"https:\\\/\\\/stopcarcinogensatwork.eu\\\/is\\\/#\\\/schema\\\/logo\\\/image\\\/\",\"url\":\"https:\\\/\\\/stopcarcinogensatwork.eu\\\/wp-content\\\/uploads\\\/2024\\\/08\\\/cropped-FavLarge-1.png\",\"contentUrl\":\"https:\\\/\\\/stopcarcinogensatwork.eu\\\/wp-content\\\/uploads\\\/2024\\\/08\\\/cropped-FavLarge-1.png\",\"width\":512,\"height\":512,\"caption\":\"TNO\"},\"image\":{\"@id\":\"https:\\\/\\\/stopcarcinogensatwork.eu\\\/is\\\/#\\\/schema\\\/logo\\\/image\\\/\"},\"publishingPrinciples\":\"https:\\\/\\\/stopcarcinogensatwork.eu\\\/homepage\\\/legal\\\/\",\"ownershipFundingInfo\":\"https:\\\/\\\/stopcarcinogensatwork.eu\\\/general\\\/about-us\\\/\"}]}<\/script>\n<!-- \/ Yoast SEO Premium plugin. -->","yoast_head_json":{"title":"S - Skipti - STOP carcinogens at work","description":"Every year, more than 100.000 people die in the EU from cancer caused by carcinogens at work. This must STOP!","robots":{"index":"index","follow":"follow","max-snippet":"max-snippet:-1","max-image-preview":"max-image-preview:large","max-video-preview":"max-video-preview:-1"},"canonical":"https:\/\/stopcarcinogensatwork.eu\/is\/kynntu-ther-helstu-forvarnaradferdirnar\/s-skipti\/","og_locale":"is_IS","og_type":"article","og_title":"S - Skipti","og_description":"Every year, more than 100.000 people die in the EU from cancer caused by carcinogens at work. This must STOP!","og_url":"https:\/\/stopcarcinogensatwork.eu\/is\/kynntu-ther-helstu-forvarnaradferdirnar\/s-skipti\/","og_site_name":"STOP carcinogens at work","article_modified_time":"2025-06-13T10:24:57+00:00","twitter_card":"summary_large_image","twitter_misc":{"Est. reading time":"3 minutes"},"schema":{"@context":"https:\/\/schema.org","@graph":[{"@type":"WebPage","@id":"https:\/\/stopcarcinogensatwork.eu\/is\/kynntu-ther-helstu-forvarnaradferdirnar\/s-skipti\/","url":"https:\/\/stopcarcinogensatwork.eu\/is\/kynntu-ther-helstu-forvarnaradferdirnar\/s-skipti\/","name":"S - Skipti - STOP carcinogens at work","isPartOf":{"@id":"https:\/\/stopcarcinogensatwork.eu\/is\/#website"},"datePublished":"2024-03-06T08:45:07+00:00","dateModified":"2025-06-13T10:24:57+00:00","description":"Every year, more than 100.000 people die in the EU from cancer caused by carcinogens at work. This must STOP!","breadcrumb":{"@id":"https:\/\/stopcarcinogensatwork.eu\/is\/kynntu-ther-helstu-forvarnaradferdirnar\/s-skipti\/#breadcrumb"},"inLanguage":"is","potentialAction":[{"@type":"ReadAction","target":["https:\/\/stopcarcinogensatwork.eu\/is\/kynntu-ther-helstu-forvarnaradferdirnar\/s-skipti\/"]}]},{"@type":"BreadcrumbList","@id":"https:\/\/stopcarcinogensatwork.eu\/is\/kynntu-ther-helstu-forvarnaradferdirnar\/s-skipti\/#breadcrumb","itemListElement":[{"@type":"ListItem","position":1,"name":"Home","item":"https:\/\/stopcarcinogensatwork.eu\/is\/stodvum-krabbameinsvaldandi-efni-i-vinnunni\/"},{"@type":"ListItem","position":2,"name":"Kynntu \u00fe\u00e9r helstu forvarnara\u00f0fer\u00f0irnar","item":"https:\/\/stopcarcinogensatwork.eu\/is\/kynntu-ther-helstu-forvarnaradferdirnar\/"},{"@type":"ListItem","position":3,"name":"S &#8211; Skipti"}]},{"@type":"WebSite","@id":"https:\/\/stopcarcinogensatwork.eu\/is\/#website","url":"https:\/\/stopcarcinogensatwork.eu\/is\/","name":"STOP Carcinogens at work","description":"Every year, about 100.000 people die from cancer that was caused by exposure to carcinogens at work in Europe.","publisher":{"@id":"https:\/\/stopcarcinogensatwork.eu\/is\/#organization"},"alternateName":"Roadmap on Carcinogens","potentialAction":[{"@type":"SearchAction","target":{"@type":"EntryPoint","urlTemplate":"https:\/\/stopcarcinogensatwork.eu\/is\/?s={search_term_string}"},"query-input":{"@type":"PropertyValueSpecification","valueRequired":true,"valueName":"search_term_string"}}],"inLanguage":"is"},{"@type":"Organization","@id":"https:\/\/stopcarcinogensatwork.eu\/is\/#organization","name":"TNO","alternateName":"This is a European wide voluntary action scheme","url":"https:\/\/stopcarcinogensatwork.eu\/is\/","logo":{"@type":"ImageObject","inLanguage":"is","@id":"https:\/\/stopcarcinogensatwork.eu\/is\/#\/schema\/logo\/image\/","url":"https:\/\/stopcarcinogensatwork.eu\/wp-content\/uploads\/2024\/08\/cropped-FavLarge-1.png","contentUrl":"https:\/\/stopcarcinogensatwork.eu\/wp-content\/uploads\/2024\/08\/cropped-FavLarge-1.png","width":512,"height":512,"caption":"TNO"},"image":{"@id":"https:\/\/stopcarcinogensatwork.eu\/is\/#\/schema\/logo\/image\/"},"publishingPrinciples":"https:\/\/stopcarcinogensatwork.eu\/homepage\/legal\/","ownershipFundingInfo":"https:\/\/stopcarcinogensatwork.eu\/general\/about-us\/"}]}},"_links":{"self":[{"href":"https:\/\/stopcarcinogensatwork.eu\/is\/wp-json\/wp\/v2\/pages\/67948","targetHints":{"allow":["GET"]}}],"collection":[{"href":"https:\/\/stopcarcinogensatwork.eu\/is\/wp-json\/wp\/v2\/pages"}],"about":[{"href":"https:\/\/stopcarcinogensatwork.eu\/is\/wp-json\/wp\/v2\/types\/page"}],"author":[{"embeddable":true,"href":"https:\/\/stopcarcinogensatwork.eu\/is\/wp-json\/wp\/v2\/users\/1"}],"replies":[{"embeddable":true,"href":"https:\/\/stopcarcinogensatwork.eu\/is\/wp-json\/wp\/v2\/comments?post=67948"}],"version-history":[{"count":0,"href":"https:\/\/stopcarcinogensatwork.eu\/is\/wp-json\/wp\/v2\/pages\/67948\/revisions"}],"up":[{"embeddable":true,"href":"https:\/\/stopcarcinogensatwork.eu\/is\/wp-json\/wp\/v2\/pages\/67967"}],"wp:attachment":[{"href":"https:\/\/stopcarcinogensatwork.eu\/is\/wp-json\/wp\/v2\/media?parent=67948"}],"curies":[{"name":"wp","href":"https:\/\/api.w.org\/{rel}","templated":true}]}}