{"id":67954,"date":"2024-03-06T10:59:51","date_gmt":"2024-03-06T10:59:51","guid":{"rendered":"https:\/\/stopcarcinogensatwork.eu\/p-personuvernd\/"},"modified":"2025-06-13T10:24:57","modified_gmt":"2025-06-13T10:24:57","slug":"p-personuvernd","status":"publish","type":"page","link":"https:\/\/stopcarcinogensatwork.eu\/is\/kynntu-ther-helstu-forvarnaradferdirnar\/p-personuvernd\/","title":{"rendered":"P \u2013 Pers\u00f3nuvernd"},"content":{"rendered":"<blockquote><p>STOP fylgir stigveldi stj\u00f3rnunar. Fyrir krabbameinsvaldandi efni er a\u00f0eins leyfilegt a\u00f0 f\u00e6ra sig ni\u00f0ur \u00ed stigveldinu \u00feegar t\u00e6knilegar takmarkanir koma \u00ed veg fyrir a\u00f0 h\u00e6gt s\u00e9 a\u00f0 \u00fatr\u00fdma \u00fatsetningu alveg. H\u00e9r munum vi\u00f0 einbeita okkur a\u00f0 P til pers\u00f3nulegrar verndar. Vinsamlegast athugi\u00f0 S, T og O \u00e1\u00f0ur en P er nota\u00f0. Athugi\u00f0 einnig a\u00f0 h\u00e6gt er a\u00f0 nota samsetningu r\u00e1\u00f0stafana.   <\/p><\/blockquote>\n<p>Stundum er ekki h\u00e6gt a\u00f0 skipta \u00fat efnum og t\u00e6knilegar og skipulagslegar r\u00e1\u00f0stafanir eru ekki n\u00e6gjanlegar til a\u00f0 draga \u00far \u00fatsetningarstigi. \u00de\u00e1 \u00fearf a\u00f0 nota pers\u00f3nuhl\u00edfar. Pers\u00f3nuhl\u00edfar (PPE) hj\u00e1lpa til vi\u00f0 a\u00f0 halda krabbameinsvaldandi efnum fr\u00e1 lungum, h\u00fa\u00f0 og augum. PPE m\u00e1 a\u00f0eins nota sem vi\u00f0b\u00f3t vi\u00f0 r\u00e1\u00f0stafanir sem eru ofar \u00ed stigveldinu og eru taldar vera s\u00ed\u00f0asta \u00farr\u00e6\u00f0i.   <\/p>\n<p>Pers\u00f3nuhl\u00edfar eru b\u00fana\u00f0ur sem er hanna\u00f0ur og framleiddur til a\u00f0 vera borinn e\u00f0a haldi\u00f0 af einstaklingi til varnar gegn einni e\u00f0a fleiri \u00e1h\u00e6ttum sem var\u00f0a heilsu e\u00f0a \u00f6ryggi vi\u00f0komandi.<\/p>\n<p>Hva\u00f0 ber a\u00f0 hafa \u00ed huga vi\u00f0 val \u00e1 pers\u00f3nuhl\u00edfum:<\/p>\n<ul>\n<li>H\u00e6ttulegir eiginleikar krabbameinsvaldandi efna sem eru til sta\u00f0ar \u00e1 vinnusta\u00f0<\/li>\n<li>Uppl\u00fdsingar um pers\u00f3nuhl\u00edfar sem eru a\u00f0gengilegar \u00e1 \u00f6ryggisbl\u00f6\u00f0um<\/li>\n<li>Ni\u00f0urst\u00f6\u00f0ur \u00e1h\u00e6ttumats \u00e1 vinnusta\u00f0<\/li>\n<li>Einstaklingseiginleikar starfsmanns, t.d. l\u00edkamsh\u00e6\u00f0, sk\u00f3st\u00e6r\u00f0<\/li>\n<\/ul>\n<p>\u00dea\u00f0 er nau\u00f0synlegt a\u00f0 nota vi\u00f0eigandi pers\u00f3nuhl\u00edfar fyrir krabbameinsvaldandi efni sem eru til sta\u00f0ar \u00e1 vinnusta\u00f0. Haf\u00f0u \u00ed huga a\u00f0 oft er \u00fe\u00f6rf \u00e1 fleiri en einum pers\u00f3nuhl\u00edf. <\/p>\n<h2>A\u00f0 velja vi\u00f0eigandi pers\u00f3nuhl\u00edf<\/h2>\n<h3>Grunnlei\u00f0beiningar<\/h3>\n<p>Vinnuveitendur ver\u00f0a a\u00f0 tryggja a\u00f0 pers\u00f3nuhl\u00edfar s\u00e9u hentugar til a\u00f0 draga \u00far \u00e1h\u00e6ttu \u00ed starfi, me\u00f0 hli\u00f0sj\u00f3n af e\u00f0li, t\u00ed\u00f0ni og lengd \u00fatsetningar. Vi\u00f0 \u00fea\u00f0 \u00feurfa \u00feeir a\u00f0 taka tillit til fulln\u00e6gjandi verndar\u00fe\u00e1ttar og hugsanlegrar aukningar \u00e1 annarri \u00e1h\u00e6ttu \u00ed starfi. <\/p>\n<p>Pers\u00f3nuhl\u00edfar \u00e6ttu a\u00f0 passa r\u00e9tt vi\u00f0 fyrirhuga\u00f0an notanda til a\u00f0 vera virkar (hafi\u00f0 \u00ed huga a\u00f0 andlitsh\u00e1r geta haft \u00e1hrif \u00e1 r\u00e9tta passun og virkni). Einnig \u00e6tti a\u00f0 taka tillit til vinnuvistfr\u00e6\u00f0i og ofn\u00e6mis starfsmanna (t.d. latex). Ennfremur \u00fearf a\u00f0 \u00edhuga vi\u00f0 hva\u00f0a a\u00f0st\u00e6\u00f0ur \u00fe\u00e6r ver\u00f0a nota\u00f0ar og taka \u00e1kv\u00f6r\u00f0un \u00ed samr\u00e6mi vi\u00f0 \u00fea\u00f0.  <\/p>\n<p>Gakktu \u00far skugga um a\u00f0 starfsmenn \u00fe\u00ednir f\u00e1i a\u00f0 taka \u00fe\u00e1tt \u00ed vali \u00e1 vi\u00f0eigandi pers\u00f3nuhl\u00edfum. \u00de\u00e6gileg og vel sni\u00f0in pers\u00f3nuhl\u00edf mun au\u00f0velda starfsm\u00f6nnum a\u00f0 nota hana. <\/p>\n<p>Pers\u00f3nuhl\u00edfar \u00feurfa a\u00f0 bera CE-merki til a\u00f0 gefa til kynna a\u00f0 \u00fe\u00e6r s\u00e9u \u00ed samr\u00e6mi vi\u00f0 l\u00f6ggj\u00f6f ESB.<\/p>\n<p>Vinnuveitendur \u00feurfa a\u00f0 tryggja a\u00f0 starfsmenn s\u00e9u me\u00f0vita\u00f0ir um hva\u00f0a pers\u00f3nuhl\u00edfar \u00feeir \u00feurfa a\u00f0 nota \u00ed hverju verkefni s\u00ednu og hvernig eigi a\u00f0 nota \u00fe\u00e6r r\u00e9tt.<\/p>\n<h3>\u00derif, geymsla og vi\u00f0hald<\/h3>\n<p>\u00c1 vinnusv\u00e6\u00f0um \u00fear sem notkun pers\u00f3nuhl\u00edfa er nau\u00f0synleg \u00fearf a\u00f0 tryggja a\u00f0:<\/p>\n<ul>\n<li>S\u00e9rst\u00f6k geymslur\u00fdmi eru fyrir vinnu- e\u00f0a hl\u00edf\u00f0arfatna\u00f0 og fyrir \u00fatifatna\u00f0.<\/li>\n<li>Hl\u00edf\u00f0arb\u00fana\u00f0ur skal vera yfirfarinn og hreinsa\u00f0ur eftir hverja notkun og geymdur \u00e1 r\u00e9ttan h\u00e1tt \u00e1 vel skilgreindum sta\u00f0.<\/li>\n<li>Bila\u00f0ur b\u00fana\u00f0ur er lagf\u00e6r\u00f0ur e\u00f0a skipt \u00fat \u00e1\u00f0ur en hann er nota\u00f0ur aftur.<\/li>\n<li>Ef pers\u00f3nuhl\u00edfar eru endurn\u00fdttar \u00e6ttu \u00fe\u00e6r a\u00f0 vera au\u00f0veldar \u00ed \u00ferifum og\/e\u00f0a s\u00f3tthreinsun.<\/li>\n<\/ul>\n<p>Innri stefnur \u00e6ttu a\u00f0 kve\u00f0a \u00e1 um verklagsreglur sem starfsmenn ver\u00f0a a\u00f0 fylgja var\u00f0andi nau\u00f0synlegan hl\u00edf\u00f0arb\u00fana\u00f0, \u00fe.e. hvernig \u00e1 a\u00f0 nota hann, \u00fer\u00edfa hann, vi\u00f0halda honum og geyma hann r\u00e9tt.<\/p>\n<h3>Tilgreindu pers\u00f3nuhl\u00edfar<\/h3>\n<p>\u00cd ni\u00f0urst\u00f6\u00f0um \u00e1h\u00e6ttumats \u00e1 vinnusta\u00f0 og lei\u00f0beiningum starfsmanna \u00fearf a\u00f0 koma sk\u00fdrt fram hva\u00f0a pers\u00f3nuhl\u00edfar starfsmenn eiga a\u00f0 nota fyrir hvert verkefni, sem \u00fe\u00fd\u00f0ir a\u00f0 tilgreina \u00fearf sk\u00fdrt verndarstig hvers pers\u00f3nuhl\u00edfar og t\u00e6knilegar forskriftir hans. \u00dea\u00f0 er ekki n\u00f3g a\u00f0 nefna \u00f3lj\u00f3st a\u00f0 t.d. hanskar eigi a\u00f0 nota \u00ed tilteknu verkefni, heldur \u00fearf a\u00f0 nefna hva\u00f0a tegund hanska \u00e1 a\u00f0 nota. <\/p>\n<h3>  Hagn\u00fdt r\u00e1\u00f0<\/h3>\n<ul>\n<li>Gakktu \u00far skugga um a\u00f0 einnota pers\u00f3nuhl\u00edfar s\u00e9u ekki endurn\u00fdttar<\/li>\n<li>Haldi\u00f0 mismunandi ger\u00f0um pers\u00f3nuhl\u00edfa (hanska, gr\u00edmur o.s.frv.) \u00ed l\u00e1gmarki til a\u00f0 auka fylgni \u2013 h\u00e6gt er a\u00f0 nota litak\u00f3\u00f0a\u00f0 kerfi.<\/li>\n<li>Gakktu \u00far skugga um a\u00f0 pers\u00f3nuhl\u00edfar passi r\u00e9tt \u00e1 st\u00e6r\u00f0 hvers starfsmanns \u2013 laus pers\u00f3nuhl\u00edfar geta auki\u00f0 h\u00e6ttu \u00e1 \u00fatsetningu og slysum, t.d. ef sn\u00faningshlutar eru \u00ed v\u00e9lunum.<\/li>\n<li>Vinna me\u00f0 pers\u00f3nuhl\u00edfar (t.d. \u00f6ndunarhl\u00edfar) getur veri\u00f0 krefjandi og stressandi fyrir starfsmenn \u2013 \u00edhuga\u00f0u mismunandi lausnir \u00feegar \u00fe\u00fa velur vi\u00f0eigandi pers\u00f3nuhl\u00edfar (t.d. notkun rafkn\u00fainna lofthreinsandi \u00f6ndunargr\u00edma \u00ed sta\u00f0 s\u00edugr\u00edma).<\/li>\n<li>Einnig \u00e6tti a\u00f0 taka tillit til efnissamsetningar og \u00feyngdar pers\u00f3nuhl\u00edfa vi\u00f0 val \u00e1 \u00feeim (t.d. kj\u00f3sa n\u00e1tt\u00farulegar trefjar, for\u00f0ast \u00feung vinnusk\u00f3).<\/li>\n<li>\u00deegar pers\u00f3nuhl\u00edfar eru fjarl\u00e6g\u00f0ar skal fylgja r\u00e9ttum verklagsreglum til a\u00f0 koma \u00ed veg fyrir mengun \u2013 \u00fe.e. hvernig \u00e1 a\u00f0 fjarl\u00e6gja \u00fe\u00e6r r\u00e9tt, \u00ed hva\u00f0a r\u00f6\u00f0 og hvernig \u00e1 a\u00f0 geyma \u00fe\u00e6r (t.d. fjarl\u00e6gja hl\u00edf\u00f0arfatna\u00f0 \u00e1\u00f0ur en \u00f6ndunarhl\u00edfar eru fjarl\u00e6g\u00f0ar, geyma RPE fyrir ofan fatna\u00f0inn og me\u00f0 opnunina ni\u00f0ur).<\/li>\n<li>Almennt \u00e6tti ekki a\u00f0 taka pers\u00f3nuhl\u00edfar me\u00f0 heim \u2013 veri\u00f0 me\u00f0vitu\u00f0 um a\u00f0 menga\u00f0ur pers\u00f3nuhl\u00edf (t.d. f\u00f6t, sk\u00f3r) g\u00e6ti hugsanlega ska\u00f0a\u00f0 fj\u00f6lskyldume\u00f0limi ykkar.<\/li>\n<li>Lokakostna\u00f0ur pers\u00f3nuhl\u00edfa felur ekki a\u00f0eins \u00ed s\u00e9r kaupver\u00f0i\u00f0 heldur einnig hversu oft \u00fearf a\u00f0 skipta \u00feeim \u00fat.<\/li>\n<li>\u00cdhuga\u00f0u a\u00f0 nota b\u00f3mullarhanska undir hl\u00edf\u00f0arh\u00f6nskum til a\u00f0 draga \u00far svitamyndun, ef nau\u00f0syn krefur.<\/li>\n<li>Og muni\u00f0 a\u00f0 ein st\u00e6r\u00f0 hentar ekki \u00f6llum starfsm\u00f6nnum!<\/li>\n<\/ul>\n","protected":false},"excerpt":{"rendered":"<p>STOP fylgir stigveldi stj\u00f3rnunar. Fyrir krabbameinsvaldandi efni er a\u00f0eins leyfilegt a\u00f0 f\u00e6ra sig ni\u00f0ur \u00ed stigveldinu \u00feegar t\u00e6knilegar takmarkanir koma \u00ed veg fyrir a\u00f0 h\u00e6gt s\u00e9 a\u00f0 \u00fatr\u00fdma \u00fatsetningu alveg. H\u00e9r munum vi\u00f0 einbeita okkur a\u00f0 P til pers\u00f3nulegrar verndar. Vinsamlegast athugi\u00f0 S, T og O \u00e1\u00f0ur en P er nota\u00f0. Athugi\u00f0 einnig a\u00f0 h\u00e6gt [&hellip;]<\/p>\n","protected":false},"author":1,"featured_media":0,"parent":67967,"menu_order":0,"comment_status":"closed","ping_status":"closed","template":"","meta":{"inline_featured_image":false,"footnotes":""},"class_list":["post-67954","page","type-page","status-publish","hentry"],"yoast_head":"<!-- This site is optimized with the Yoast SEO Premium plugin v27.0 (Yoast SEO v27.3) - https:\/\/yoast.com\/product\/yoast-seo-premium-wordpress\/ -->\n<title>P - Pers\u00f3nuvernd - STOP carcinogens at work<\/title>\n<meta name=\"description\" content=\"Every year, more than 100.000 people die in the EU from cancer caused by carcinogens at work. This must STOP!\" \/>\n<meta name=\"robots\" content=\"index, follow, max-snippet:-1, max-image-preview:large, max-video-preview:-1\" \/>\n<link rel=\"canonical\" href=\"https:\/\/stopcarcinogensatwork.eu\/is\/kynntu-ther-helstu-forvarnaradferdirnar\/p-personuvernd\/\" \/>\n<meta property=\"og:locale\" content=\"is_IS\" \/>\n<meta property=\"og:type\" content=\"article\" \/>\n<meta property=\"og:title\" content=\"P - Pers\u00f3nuvernd\" \/>\n<meta property=\"og:description\" content=\"Every year, more than 100.000 people die in the EU from cancer caused by carcinogens at work. This must STOP!\" \/>\n<meta property=\"og:url\" content=\"https:\/\/stopcarcinogensatwork.eu\/is\/kynntu-ther-helstu-forvarnaradferdirnar\/p-personuvernd\/\" \/>\n<meta property=\"og:site_name\" content=\"STOP carcinogens at work\" \/>\n<meta property=\"article:modified_time\" content=\"2025-06-13T10:24:57+00:00\" \/>\n<meta name=\"twitter:card\" content=\"summary_large_image\" \/>\n<meta name=\"twitter:label1\" content=\"Est. reading time\" \/>\n\t<meta name=\"twitter:data1\" content=\"5 minutes\" \/>\n<script type=\"application\/ld+json\" class=\"yoast-schema-graph\">{\"@context\":\"https:\\\/\\\/schema.org\",\"@graph\":[{\"@type\":\"WebPage\",\"@id\":\"https:\\\/\\\/stopcarcinogensatwork.eu\\\/is\\\/kynntu-ther-helstu-forvarnaradferdirnar\\\/p-personuvernd\\\/\",\"url\":\"https:\\\/\\\/stopcarcinogensatwork.eu\\\/is\\\/kynntu-ther-helstu-forvarnaradferdirnar\\\/p-personuvernd\\\/\",\"name\":\"P - Pers\u00f3nuvernd - STOP carcinogens at work\",\"isPartOf\":{\"@id\":\"https:\\\/\\\/stopcarcinogensatwork.eu\\\/is\\\/#website\"},\"datePublished\":\"2024-03-06T10:59:51+00:00\",\"dateModified\":\"2025-06-13T10:24:57+00:00\",\"description\":\"Every year, more than 100.000 people die in the EU from cancer caused by carcinogens at work. This must STOP!\",\"breadcrumb\":{\"@id\":\"https:\\\/\\\/stopcarcinogensatwork.eu\\\/is\\\/kynntu-ther-helstu-forvarnaradferdirnar\\\/p-personuvernd\\\/#breadcrumb\"},\"inLanguage\":\"is\",\"potentialAction\":[{\"@type\":\"ReadAction\",\"target\":[\"https:\\\/\\\/stopcarcinogensatwork.eu\\\/is\\\/kynntu-ther-helstu-forvarnaradferdirnar\\\/p-personuvernd\\\/\"]}]},{\"@type\":\"BreadcrumbList\",\"@id\":\"https:\\\/\\\/stopcarcinogensatwork.eu\\\/is\\\/kynntu-ther-helstu-forvarnaradferdirnar\\\/p-personuvernd\\\/#breadcrumb\",\"itemListElement\":[{\"@type\":\"ListItem\",\"position\":1,\"name\":\"Home\",\"item\":\"https:\\\/\\\/stopcarcinogensatwork.eu\\\/is\\\/stodvum-krabbameinsvaldandi-efni-i-vinnunni\\\/\"},{\"@type\":\"ListItem\",\"position\":2,\"name\":\"Kynntu \u00fe\u00e9r helstu forvarnara\u00f0fer\u00f0irnar\",\"item\":\"https:\\\/\\\/stopcarcinogensatwork.eu\\\/is\\\/kynntu-ther-helstu-forvarnaradferdirnar\\\/\"},{\"@type\":\"ListItem\",\"position\":3,\"name\":\"P &#8211; Pers\u00f3nuvernd\"}]},{\"@type\":\"WebSite\",\"@id\":\"https:\\\/\\\/stopcarcinogensatwork.eu\\\/is\\\/#website\",\"url\":\"https:\\\/\\\/stopcarcinogensatwork.eu\\\/is\\\/\",\"name\":\"STOP Carcinogens at work\",\"description\":\"Every year, about 100.000 people die from cancer that was caused by exposure to carcinogens at work in Europe.\",\"publisher\":{\"@id\":\"https:\\\/\\\/stopcarcinogensatwork.eu\\\/is\\\/#organization\"},\"alternateName\":\"Roadmap on Carcinogens\",\"potentialAction\":[{\"@type\":\"SearchAction\",\"target\":{\"@type\":\"EntryPoint\",\"urlTemplate\":\"https:\\\/\\\/stopcarcinogensatwork.eu\\\/is\\\/?s={search_term_string}\"},\"query-input\":{\"@type\":\"PropertyValueSpecification\",\"valueRequired\":true,\"valueName\":\"search_term_string\"}}],\"inLanguage\":\"is\"},{\"@type\":\"Organization\",\"@id\":\"https:\\\/\\\/stopcarcinogensatwork.eu\\\/is\\\/#organization\",\"name\":\"TNO\",\"alternateName\":\"This is a European wide voluntary action scheme\",\"url\":\"https:\\\/\\\/stopcarcinogensatwork.eu\\\/is\\\/\",\"logo\":{\"@type\":\"ImageObject\",\"inLanguage\":\"is\",\"@id\":\"https:\\\/\\\/stopcarcinogensatwork.eu\\\/is\\\/#\\\/schema\\\/logo\\\/image\\\/\",\"url\":\"https:\\\/\\\/stopcarcinogensatwork.eu\\\/wp-content\\\/uploads\\\/2024\\\/08\\\/cropped-FavLarge-1.png\",\"contentUrl\":\"https:\\\/\\\/stopcarcinogensatwork.eu\\\/wp-content\\\/uploads\\\/2024\\\/08\\\/cropped-FavLarge-1.png\",\"width\":512,\"height\":512,\"caption\":\"TNO\"},\"image\":{\"@id\":\"https:\\\/\\\/stopcarcinogensatwork.eu\\\/is\\\/#\\\/schema\\\/logo\\\/image\\\/\"},\"publishingPrinciples\":\"https:\\\/\\\/stopcarcinogensatwork.eu\\\/homepage\\\/legal\\\/\",\"ownershipFundingInfo\":\"https:\\\/\\\/stopcarcinogensatwork.eu\\\/general\\\/about-us\\\/\"}]}<\/script>\n<!-- \/ Yoast SEO Premium plugin. -->","yoast_head_json":{"title":"P - Pers\u00f3nuvernd - STOP carcinogens at work","description":"Every year, more than 100.000 people die in the EU from cancer caused by carcinogens at work. This must STOP!","robots":{"index":"index","follow":"follow","max-snippet":"max-snippet:-1","max-image-preview":"max-image-preview:large","max-video-preview":"max-video-preview:-1"},"canonical":"https:\/\/stopcarcinogensatwork.eu\/is\/kynntu-ther-helstu-forvarnaradferdirnar\/p-personuvernd\/","og_locale":"is_IS","og_type":"article","og_title":"P - Pers\u00f3nuvernd","og_description":"Every year, more than 100.000 people die in the EU from cancer caused by carcinogens at work. This must STOP!","og_url":"https:\/\/stopcarcinogensatwork.eu\/is\/kynntu-ther-helstu-forvarnaradferdirnar\/p-personuvernd\/","og_site_name":"STOP carcinogens at work","article_modified_time":"2025-06-13T10:24:57+00:00","twitter_card":"summary_large_image","twitter_misc":{"Est. reading time":"5 minutes"},"schema":{"@context":"https:\/\/schema.org","@graph":[{"@type":"WebPage","@id":"https:\/\/stopcarcinogensatwork.eu\/is\/kynntu-ther-helstu-forvarnaradferdirnar\/p-personuvernd\/","url":"https:\/\/stopcarcinogensatwork.eu\/is\/kynntu-ther-helstu-forvarnaradferdirnar\/p-personuvernd\/","name":"P - Pers\u00f3nuvernd - STOP carcinogens at work","isPartOf":{"@id":"https:\/\/stopcarcinogensatwork.eu\/is\/#website"},"datePublished":"2024-03-06T10:59:51+00:00","dateModified":"2025-06-13T10:24:57+00:00","description":"Every year, more than 100.000 people die in the EU from cancer caused by carcinogens at work. This must STOP!","breadcrumb":{"@id":"https:\/\/stopcarcinogensatwork.eu\/is\/kynntu-ther-helstu-forvarnaradferdirnar\/p-personuvernd\/#breadcrumb"},"inLanguage":"is","potentialAction":[{"@type":"ReadAction","target":["https:\/\/stopcarcinogensatwork.eu\/is\/kynntu-ther-helstu-forvarnaradferdirnar\/p-personuvernd\/"]}]},{"@type":"BreadcrumbList","@id":"https:\/\/stopcarcinogensatwork.eu\/is\/kynntu-ther-helstu-forvarnaradferdirnar\/p-personuvernd\/#breadcrumb","itemListElement":[{"@type":"ListItem","position":1,"name":"Home","item":"https:\/\/stopcarcinogensatwork.eu\/is\/stodvum-krabbameinsvaldandi-efni-i-vinnunni\/"},{"@type":"ListItem","position":2,"name":"Kynntu \u00fe\u00e9r helstu forvarnara\u00f0fer\u00f0irnar","item":"https:\/\/stopcarcinogensatwork.eu\/is\/kynntu-ther-helstu-forvarnaradferdirnar\/"},{"@type":"ListItem","position":3,"name":"P &#8211; Pers\u00f3nuvernd"}]},{"@type":"WebSite","@id":"https:\/\/stopcarcinogensatwork.eu\/is\/#website","url":"https:\/\/stopcarcinogensatwork.eu\/is\/","name":"STOP Carcinogens at work","description":"Every year, about 100.000 people die from cancer that was caused by exposure to carcinogens at work in Europe.","publisher":{"@id":"https:\/\/stopcarcinogensatwork.eu\/is\/#organization"},"alternateName":"Roadmap on Carcinogens","potentialAction":[{"@type":"SearchAction","target":{"@type":"EntryPoint","urlTemplate":"https:\/\/stopcarcinogensatwork.eu\/is\/?s={search_term_string}"},"query-input":{"@type":"PropertyValueSpecification","valueRequired":true,"valueName":"search_term_string"}}],"inLanguage":"is"},{"@type":"Organization","@id":"https:\/\/stopcarcinogensatwork.eu\/is\/#organization","name":"TNO","alternateName":"This is a European wide voluntary action scheme","url":"https:\/\/stopcarcinogensatwork.eu\/is\/","logo":{"@type":"ImageObject","inLanguage":"is","@id":"https:\/\/stopcarcinogensatwork.eu\/is\/#\/schema\/logo\/image\/","url":"https:\/\/stopcarcinogensatwork.eu\/wp-content\/uploads\/2024\/08\/cropped-FavLarge-1.png","contentUrl":"https:\/\/stopcarcinogensatwork.eu\/wp-content\/uploads\/2024\/08\/cropped-FavLarge-1.png","width":512,"height":512,"caption":"TNO"},"image":{"@id":"https:\/\/stopcarcinogensatwork.eu\/is\/#\/schema\/logo\/image\/"},"publishingPrinciples":"https:\/\/stopcarcinogensatwork.eu\/homepage\/legal\/","ownershipFundingInfo":"https:\/\/stopcarcinogensatwork.eu\/general\/about-us\/"}]}},"_links":{"self":[{"href":"https:\/\/stopcarcinogensatwork.eu\/is\/wp-json\/wp\/v2\/pages\/67954","targetHints":{"allow":["GET"]}}],"collection":[{"href":"https:\/\/stopcarcinogensatwork.eu\/is\/wp-json\/wp\/v2\/pages"}],"about":[{"href":"https:\/\/stopcarcinogensatwork.eu\/is\/wp-json\/wp\/v2\/types\/page"}],"author":[{"embeddable":true,"href":"https:\/\/stopcarcinogensatwork.eu\/is\/wp-json\/wp\/v2\/users\/1"}],"replies":[{"embeddable":true,"href":"https:\/\/stopcarcinogensatwork.eu\/is\/wp-json\/wp\/v2\/comments?post=67954"}],"version-history":[{"count":0,"href":"https:\/\/stopcarcinogensatwork.eu\/is\/wp-json\/wp\/v2\/pages\/67954\/revisions"}],"up":[{"embeddable":true,"href":"https:\/\/stopcarcinogensatwork.eu\/is\/wp-json\/wp\/v2\/pages\/67967"}],"wp:attachment":[{"href":"https:\/\/stopcarcinogensatwork.eu\/is\/wp-json\/wp\/v2\/media?parent=67954"}],"curies":[{"name":"wp","href":"https:\/\/api.w.org\/{rel}","templated":true}]}}