{"id":67957,"date":"2024-02-27T15:15:29","date_gmt":"2024-02-27T15:15:29","guid":{"rendered":"https:\/\/stopcarcinogensatwork.eu\/almennt\/vinndu-med-okkur\/"},"modified":"2025-12-10T11:54:01","modified_gmt":"2025-12-10T11:54:01","slug":"vinndu-med-okkur","status":"publish","type":"page","link":"https:\/\/stopcarcinogensatwork.eu\/is\/almennt\/vinndu-med-okkur\/","title":{"rendered":"Vertu \u00ed samstarfi"},"content":{"rendered":"\t\t<div data-elementor-type=\"wp-page\" data-elementor-id=\"67957\" class=\"elementor elementor-67957 elementor-7358\" data-elementor-post-type=\"page\">\n\t\t\t\t<div class=\"elementor-element elementor-element-4bc4f45a e-flex e-con-boxed e-con e-parent\" data-id=\"4bc4f45a\" data-element_type=\"container\" data-e-type=\"container\">\n\t\t\t\t\t<div class=\"e-con-inner\">\n\t\t\t\t<div class=\"elementor-element elementor-element-656752e2 elementor-widget elementor-widget-text-editor\" data-id=\"656752e2\" data-element_type=\"widget\" data-e-type=\"widget\" data-widget_type=\"text-editor.default\">\n\t\t\t\t\t\t\t\t\t<h2>Vinnum saman a\u00f0 \u00fev\u00ed a\u00f0 gera vinnusta\u00f0i \u00f6ruggari \u2013 me\u00f0 \u00feekkingu, starfsh\u00e1ttum og fr\u00e6\u00f0slu.<\/h2><blockquote><p>\u00c1 hverju \u00e1ri deyja tug\u00fe\u00fasundir manna um alla Evr\u00f3pu af v\u00f6ldum sj\u00fakd\u00f3ma sem rekja m\u00e1 til vinnu. \u00cd m\u00f6rgum tilfellum er krabbamein um a\u00f0 kenna \u2014 af v\u00f6ldum \u00fatsetningar fyrir krabbameinsvaldandi efnum \u00ed vinnunni. \u00deessar \u00e1h\u00e6ttur eru oft \u00f3s\u00fdnilegar en \u00fe\u00e6r eru ekki \u00f3hj\u00e1kv\u00e6milegar. Til a\u00f0 breyta \u00fev\u00ed \u00feurfum vi\u00f0 hvert anna\u00f0.   <\/p><p>Auk vinnuveitenda og laun\u00feega bj\u00f3\u00f0um vi\u00f0 v\u00ed\u00f0t\u00e6kara neti fagf\u00f3lks til li\u00f0s vi\u00f0 okkur: <strong><a href=\"#inspectorate\">vinnueftirlit<\/a> , <a href=\"#research\">v\u00edsindamenn<\/a> , verkal\u00fd\u00f0sf\u00e9l\u00f6g, s\u00e9rfr\u00e6\u00f0ingasamt\u00f6k, <a href=\"#educational\">menntastofnanir og \u00fej\u00e1lfara<\/a> .<\/strong> Me\u00f0 \u00fev\u00ed a\u00f0 vinna saman gerum vi\u00f0 \u00feekkingu s\u00fdnilega, \u00fer\u00f3um n\u00fd verkf\u00e6ri og l\u00e6rum af starfsh\u00e1ttum hvers annars.<\/p><\/blockquote>\t\t\t\t\t\t\t\t<\/div>\n\t\t\t\t\t<\/div>\n\t\t\t\t<\/div>\n\t\t<div class=\"elementor-element elementor-element-01c544b e-flex e-con-boxed e-con e-parent\" data-id=\"01c544b\" data-element_type=\"container\" data-e-type=\"container\" id=\"inspectorate\">\n\t\t\t\t\t<div class=\"e-con-inner\">\n\t\t\t\t<div class=\"elementor-element elementor-element-c2c232c elementor-widget elementor-widget-text-editor\" data-id=\"c2c232c\" data-element_type=\"widget\" data-e-type=\"widget\" data-widget_type=\"text-editor.default\">\n\t\t\t\t\t\t\t\t\t<h3>Eftirlitsstofnanir<\/h3><p>Vinnueftirlit b\u00fdr yfir mikilli reynslu \u00far raunheiminum. Me\u00f0 \u00fev\u00ed a\u00f0 deila eftirlitsd\u00e6mum getum vi\u00f0 hj\u00e1lpa\u00f0 \u00f6\u00f0rum eftirlitsm\u00f6nnum a\u00f0 l\u00e6ra af reynslunni og hj\u00e1lpa\u00f0 fyrirt\u00e6kjum a\u00f0 skilja hva\u00f0 virkar og hva\u00f0 virkar ekki. Vi\u00f0 hvetjum vinnueftirlit til a\u00f0:  <\/p><p>\u2022 Deila sko\u00f0unartilvikum sem s\u00fdna fram \u00e1 \u00e1h\u00e6ttumat og stj\u00f3rnunara\u00f0ger\u00f0ir<br> \u2022 Stu\u00f0la a\u00f0 gagnkv\u00e6mu n\u00e1mi me\u00f0al eftirlitsstofnana \u00ed Evr\u00f3pu<br> \u2022 A\u00f0sto\u00f0a fyrirt\u00e6ki vi\u00f0 a\u00f0 f\u00e1 inns\u00fdn \u00ed sko\u00f0unarferli\u00f0<\/p><p><strong>Viltu leggja \u00feitt af m\u00f6rkum? <a href=\"https:\/\/stopcarcinogensatwork.eu\/register\/\">\u00d3ska\u00f0u eftir a\u00f0gangi<\/a> \u00ed gegnum skr\u00e1ningars\u00ed\u00f0u okkar fyrir eftirlitsstofnanir.<\/strong> Ertu n\u00fa \u00feegar me\u00f0 a\u00f0gang? <a href=\"https:\/\/stopcarcinogensatwork.eu\/is\/innskraning\/\">Skr\u00e1\u00f0u \u00feig inn h\u00e9r.<\/a><br> Viltu sko\u00f0a birt sko\u00f0unartilvik? <a href=\"https:\/\/stopcarcinogensatwork.eu\/is\/leitarskodanir\/\">Smelltu h\u00e9r<\/a><\/p>\t\t\t\t\t\t\t\t<\/div>\n\t\t\t\t\t<\/div>\n\t\t\t\t<\/div>\n\t\t<div class=\"elementor-element elementor-element-06edf1b e-flex e-con-boxed e-con e-parent\" data-id=\"06edf1b\" data-element_type=\"container\" data-e-type=\"container\" id=\"research\">\n\t\t\t\t\t<div class=\"e-con-inner\">\n\t\t\t\t<div class=\"elementor-element elementor-element-cfc6497 elementor-widget elementor-widget-text-editor\" data-id=\"cfc6497\" data-element_type=\"widget\" data-e-type=\"widget\" data-widget_type=\"text-editor.default\">\n\t\t\t\t\t\t\t\t\t<h3>Fyrir ranns\u00f3knar- og \u00feekkingarstofnanir<\/h3><p>Ranns\u00f3knir, t\u00e6knileg \u00feekking og v\u00edsindami\u00f0u\u00f0 starfsh\u00e1ttur eru nau\u00f0synleg til a\u00f0 draga \u00far v\u00e1hrifum krabbameinsvaldandi efna \u00e1 vinnusta\u00f0. Vi\u00f0 hvetjum stofnanir til a\u00f0: <\/p><ul><li>Deila g\u00f3\u00f0um starfsvenjum: raunveruleg d\u00e6mi um vel heppna\u00f0a skiptingu e\u00f0a stj\u00f3rnun<\/li><li>\u00der\u00f3a e\u00f0a betrumb\u00e6ta lei\u00f0beiningarbl\u00f6\u00f0 um stj\u00f3rnun v\u00e1hrifa: skref-fyrir-skref lei\u00f0beiningar um stj\u00f3rnun v\u00e1hrifa<\/li><li>Sty\u00f0ji\u00f0 vitundarvakningu og stefnum\u00f3tun me\u00f0 v\u00edsindalegri inns\u00fdn, g\u00f6gnum og fr\u00e6\u00f0slut\u00f3lum<\/li><\/ul><p>Saman byggjum vi\u00f0 upp sameiginlegan \u00feekkingargrunn sem a\u00f0rir geta nota\u00f0 til a\u00f0 b\u00e6ta s\u00ednar eigin a\u00f0fer\u00f0ir. <strong><a href=\"https:\/\/stopcarcinogensatwork.eu\/institute-for-cgs\/\">\u00d3ska\u00f0u eftir a\u00f0gangi<\/a> \u00ed gegnum skr\u00e1ningars\u00ed\u00f0una okkar.<\/strong><\/p>\t\t\t\t\t\t\t\t<\/div>\n\t\t\t\t\t<\/div>\n\t\t\t\t<\/div>\n\t\t<div class=\"elementor-element elementor-element-8326d9a e-flex e-con-boxed e-con e-parent\" data-id=\"8326d9a\" data-element_type=\"container\" data-e-type=\"container\" id=\"educational\">\n\t\t\t\t\t<div class=\"e-con-inner\">\n\t\t\t\t<div class=\"elementor-element elementor-element-b40aa3d elementor-widget elementor-widget-text-editor\" data-id=\"b40aa3d\" data-element_type=\"widget\" data-e-type=\"widget\" data-widget_type=\"text-editor.default\">\n\t\t\t\t\t\t\t\t\t<h3>Fyrir menntastofnanir og \u00fej\u00e1lfara<\/h3><p>Fr\u00e1 starfsn\u00e1mi til h\u00e1sk\u00f3la: nemendur dagsins \u00ed dag eru vinnuafli\u00f0 framt\u00ed\u00f0arinnar. Snemmb\u00fain fr\u00e6\u00f0sla um krabbameinsvaldandi efni hj\u00e1lpar til vi\u00f0 a\u00f0 skapa langt\u00edmavitund og hollari valkosti. Vi\u00f0 hvetjum kennara og \u00fej\u00e1lfara til a\u00f0:  <\/p><ul><li>Deila kennsluefni e\u00f0a vitundarvakningarverkefnum til notkunar \u00ed sk\u00f3lum, h\u00e1sk\u00f3lum e\u00f0a \u00fej\u00e1lfunarmi\u00f0st\u00f6\u00f0vum<\/li><li>Samskapa fr\u00e6\u00f0sluefni sem er sni\u00f0i\u00f0 a\u00f0 mismunandi aldursh\u00f3pum og geirum<\/li><li>Hvetja nemendur til a\u00f0 bera kennsl \u00e1 og draga \u00far \u00e1h\u00e6ttu \u00e1 framt\u00ed\u00f0arvinnust\u00f6\u00f0um<\/li><\/ul><p><a href=\"https:\/\/stopcarcinogensatwork.eu\/general\/educational-institutions-and-trainers\/\">Vinsamlegast sko\u00f0i\u00f0 fr\u00e6\u00f0slus\u00ed\u00f0una okkar \u00e1 vefs\u00ed\u00f0unni okkar.<\/a><\/p>\t\t\t\t\t\t\t\t<\/div>\n\t\t\t\t\t<\/div>\n\t\t\t\t<\/div>\n\t\t\t\t<\/div>\n\t\t","protected":false},"excerpt":{"rendered":"<p>Vinnum saman a\u00f0 \u00fev\u00ed a\u00f0 gera vinnusta\u00f0i \u00f6ruggari \u2013 me\u00f0 \u00feekkingu, starfsh\u00e1ttum og fr\u00e6\u00f0slu. \u00c1 hverju \u00e1ri deyja tug\u00fe\u00fasundir manna um alla Evr\u00f3pu af v\u00f6ldum sj\u00fakd\u00f3ma sem rekja m\u00e1 til vinnu. \u00cd m\u00f6rgum tilfellum er krabbamein um a\u00f0 kenna \u2014 af v\u00f6ldum \u00fatsetningar fyrir krabbameinsvaldandi efnum \u00ed vinnunni. \u00deessar \u00e1h\u00e6ttur eru oft \u00f3s\u00fdnilegar en \u00fe\u00e6r [&hellip;]<\/p>\n","protected":false},"author":1,"featured_media":0,"parent":67908,"menu_order":0,"comment_status":"closed","ping_status":"closed","template":"","meta":{"inline_featured_image":false,"footnotes":""},"class_list":["post-67957","page","type-page","status-publish","hentry"],"yoast_head":"<!-- This site is optimized with the Yoast SEO Premium plugin v27.0 (Yoast SEO v27.3) - https:\/\/yoast.com\/product\/yoast-seo-premium-wordpress\/ -->\n<title>Vertu \u00ed samstarfi - STOP carcinogens at work<\/title>\n<meta name=\"description\" content=\"Every year, more than 100.000 people die in the EU from cancer caused by carcinogens at work. This must STOP!\" \/>\n<meta name=\"robots\" content=\"noindex, nofollow\" \/>\n<meta property=\"og:locale\" content=\"is_IS\" \/>\n<meta property=\"og:type\" content=\"article\" \/>\n<meta property=\"og:title\" content=\"Vertu \u00ed samstarfi\" \/>\n<meta property=\"og:description\" content=\"Every year, more than 100.000 people die in the EU from cancer caused by carcinogens at work. This must STOP!\" \/>\n<meta property=\"og:url\" content=\"https:\/\/stopcarcinogensatwork.eu\/is\/almennt\/vinndu-med-okkur\/\" \/>\n<meta property=\"og:site_name\" content=\"STOP carcinogens at work\" \/>\n<meta property=\"article:modified_time\" content=\"2025-12-10T11:54:01+00:00\" \/>\n<meta name=\"twitter:card\" content=\"summary_large_image\" \/>\n<meta name=\"twitter:label1\" content=\"Est. reading time\" \/>\n\t<meta name=\"twitter:data1\" content=\"2 minutes\" \/>\n<script type=\"application\/ld+json\" class=\"yoast-schema-graph\">{\"@context\":\"https:\\\/\\\/schema.org\",\"@graph\":[{\"@type\":\"WebPage\",\"@id\":\"https:\\\/\\\/stopcarcinogensatwork.eu\\\/is\\\/almennt\\\/vinndu-med-okkur\\\/\",\"url\":\"https:\\\/\\\/stopcarcinogensatwork.eu\\\/is\\\/almennt\\\/vinndu-med-okkur\\\/\",\"name\":\"Vertu \u00ed samstarfi - STOP carcinogens at work\",\"isPartOf\":{\"@id\":\"https:\\\/\\\/stopcarcinogensatwork.eu\\\/is\\\/#website\"},\"datePublished\":\"2024-02-27T15:15:29+00:00\",\"dateModified\":\"2025-12-10T11:54:01+00:00\",\"description\":\"Every year, more than 100.000 people die in the EU from cancer caused by carcinogens at work. This must STOP!\",\"breadcrumb\":{\"@id\":\"https:\\\/\\\/stopcarcinogensatwork.eu\\\/is\\\/almennt\\\/vinndu-med-okkur\\\/#breadcrumb\"},\"inLanguage\":\"is\",\"potentialAction\":[{\"@type\":\"ReadAction\",\"target\":[\"https:\\\/\\\/stopcarcinogensatwork.eu\\\/is\\\/almennt\\\/vinndu-med-okkur\\\/\"]}]},{\"@type\":\"BreadcrumbList\",\"@id\":\"https:\\\/\\\/stopcarcinogensatwork.eu\\\/is\\\/almennt\\\/vinndu-med-okkur\\\/#breadcrumb\",\"itemListElement\":[{\"@type\":\"ListItem\",\"position\":1,\"name\":\"Home\",\"item\":\"https:\\\/\\\/stopcarcinogensatwork.eu\\\/is\\\/stodvum-krabbameinsvaldandi-efni-i-vinnunni\\\/\"},{\"@type\":\"ListItem\",\"position\":2,\"name\":\"Almennt\",\"item\":\"https:\\\/\\\/stopcarcinogensatwork.eu\\\/is\\\/almennt\\\/\"},{\"@type\":\"ListItem\",\"position\":3,\"name\":\"Vertu \u00ed samstarfi\"}]},{\"@type\":\"WebSite\",\"@id\":\"https:\\\/\\\/stopcarcinogensatwork.eu\\\/is\\\/#website\",\"url\":\"https:\\\/\\\/stopcarcinogensatwork.eu\\\/is\\\/\",\"name\":\"STOP Carcinogens at work\",\"description\":\"Every year, about 100.000 people die from cancer that was caused by exposure to carcinogens at work in Europe.\",\"publisher\":{\"@id\":\"https:\\\/\\\/stopcarcinogensatwork.eu\\\/is\\\/#organization\"},\"alternateName\":\"Roadmap on Carcinogens\",\"potentialAction\":[{\"@type\":\"SearchAction\",\"target\":{\"@type\":\"EntryPoint\",\"urlTemplate\":\"https:\\\/\\\/stopcarcinogensatwork.eu\\\/is\\\/?s={search_term_string}\"},\"query-input\":{\"@type\":\"PropertyValueSpecification\",\"valueRequired\":true,\"valueName\":\"search_term_string\"}}],\"inLanguage\":\"is\"},{\"@type\":\"Organization\",\"@id\":\"https:\\\/\\\/stopcarcinogensatwork.eu\\\/is\\\/#organization\",\"name\":\"TNO\",\"alternateName\":\"This is a European wide voluntary action scheme\",\"url\":\"https:\\\/\\\/stopcarcinogensatwork.eu\\\/is\\\/\",\"logo\":{\"@type\":\"ImageObject\",\"inLanguage\":\"is\",\"@id\":\"https:\\\/\\\/stopcarcinogensatwork.eu\\\/is\\\/#\\\/schema\\\/logo\\\/image\\\/\",\"url\":\"https:\\\/\\\/stopcarcinogensatwork.eu\\\/wp-content\\\/uploads\\\/2024\\\/08\\\/cropped-FavLarge-1.png\",\"contentUrl\":\"https:\\\/\\\/stopcarcinogensatwork.eu\\\/wp-content\\\/uploads\\\/2024\\\/08\\\/cropped-FavLarge-1.png\",\"width\":512,\"height\":512,\"caption\":\"TNO\"},\"image\":{\"@id\":\"https:\\\/\\\/stopcarcinogensatwork.eu\\\/is\\\/#\\\/schema\\\/logo\\\/image\\\/\"},\"publishingPrinciples\":\"https:\\\/\\\/stopcarcinogensatwork.eu\\\/homepage\\\/legal\\\/\",\"ownershipFundingInfo\":\"https:\\\/\\\/stopcarcinogensatwork.eu\\\/general\\\/about-us\\\/\"}]}<\/script>\n<!-- \/ Yoast SEO Premium plugin. -->","yoast_head_json":{"title":"Vertu \u00ed samstarfi - STOP carcinogens at work","description":"Every year, more than 100.000 people die in the EU from cancer caused by carcinogens at work. This must STOP!","robots":{"index":"noindex","follow":"nofollow"},"og_locale":"is_IS","og_type":"article","og_title":"Vertu \u00ed samstarfi","og_description":"Every year, more than 100.000 people die in the EU from cancer caused by carcinogens at work. This must STOP!","og_url":"https:\/\/stopcarcinogensatwork.eu\/is\/almennt\/vinndu-med-okkur\/","og_site_name":"STOP carcinogens at work","article_modified_time":"2025-12-10T11:54:01+00:00","twitter_card":"summary_large_image","twitter_misc":{"Est. reading time":"2 minutes"},"schema":{"@context":"https:\/\/schema.org","@graph":[{"@type":"WebPage","@id":"https:\/\/stopcarcinogensatwork.eu\/is\/almennt\/vinndu-med-okkur\/","url":"https:\/\/stopcarcinogensatwork.eu\/is\/almennt\/vinndu-med-okkur\/","name":"Vertu \u00ed samstarfi - STOP carcinogens at work","isPartOf":{"@id":"https:\/\/stopcarcinogensatwork.eu\/is\/#website"},"datePublished":"2024-02-27T15:15:29+00:00","dateModified":"2025-12-10T11:54:01+00:00","description":"Every year, more than 100.000 people die in the EU from cancer caused by carcinogens at work. This must STOP!","breadcrumb":{"@id":"https:\/\/stopcarcinogensatwork.eu\/is\/almennt\/vinndu-med-okkur\/#breadcrumb"},"inLanguage":"is","potentialAction":[{"@type":"ReadAction","target":["https:\/\/stopcarcinogensatwork.eu\/is\/almennt\/vinndu-med-okkur\/"]}]},{"@type":"BreadcrumbList","@id":"https:\/\/stopcarcinogensatwork.eu\/is\/almennt\/vinndu-med-okkur\/#breadcrumb","itemListElement":[{"@type":"ListItem","position":1,"name":"Home","item":"https:\/\/stopcarcinogensatwork.eu\/is\/stodvum-krabbameinsvaldandi-efni-i-vinnunni\/"},{"@type":"ListItem","position":2,"name":"Almennt","item":"https:\/\/stopcarcinogensatwork.eu\/is\/almennt\/"},{"@type":"ListItem","position":3,"name":"Vertu \u00ed samstarfi"}]},{"@type":"WebSite","@id":"https:\/\/stopcarcinogensatwork.eu\/is\/#website","url":"https:\/\/stopcarcinogensatwork.eu\/is\/","name":"STOP Carcinogens at work","description":"Every year, about 100.000 people die from cancer that was caused by exposure to carcinogens at work in Europe.","publisher":{"@id":"https:\/\/stopcarcinogensatwork.eu\/is\/#organization"},"alternateName":"Roadmap on Carcinogens","potentialAction":[{"@type":"SearchAction","target":{"@type":"EntryPoint","urlTemplate":"https:\/\/stopcarcinogensatwork.eu\/is\/?s={search_term_string}"},"query-input":{"@type":"PropertyValueSpecification","valueRequired":true,"valueName":"search_term_string"}}],"inLanguage":"is"},{"@type":"Organization","@id":"https:\/\/stopcarcinogensatwork.eu\/is\/#organization","name":"TNO","alternateName":"This is a European wide voluntary action scheme","url":"https:\/\/stopcarcinogensatwork.eu\/is\/","logo":{"@type":"ImageObject","inLanguage":"is","@id":"https:\/\/stopcarcinogensatwork.eu\/is\/#\/schema\/logo\/image\/","url":"https:\/\/stopcarcinogensatwork.eu\/wp-content\/uploads\/2024\/08\/cropped-FavLarge-1.png","contentUrl":"https:\/\/stopcarcinogensatwork.eu\/wp-content\/uploads\/2024\/08\/cropped-FavLarge-1.png","width":512,"height":512,"caption":"TNO"},"image":{"@id":"https:\/\/stopcarcinogensatwork.eu\/is\/#\/schema\/logo\/image\/"},"publishingPrinciples":"https:\/\/stopcarcinogensatwork.eu\/homepage\/legal\/","ownershipFundingInfo":"https:\/\/stopcarcinogensatwork.eu\/general\/about-us\/"}]}},"_links":{"self":[{"href":"https:\/\/stopcarcinogensatwork.eu\/is\/wp-json\/wp\/v2\/pages\/67957","targetHints":{"allow":["GET"]}}],"collection":[{"href":"https:\/\/stopcarcinogensatwork.eu\/is\/wp-json\/wp\/v2\/pages"}],"about":[{"href":"https:\/\/stopcarcinogensatwork.eu\/is\/wp-json\/wp\/v2\/types\/page"}],"author":[{"embeddable":true,"href":"https:\/\/stopcarcinogensatwork.eu\/is\/wp-json\/wp\/v2\/users\/1"}],"replies":[{"embeddable":true,"href":"https:\/\/stopcarcinogensatwork.eu\/is\/wp-json\/wp\/v2\/comments?post=67957"}],"version-history":[{"count":0,"href":"https:\/\/stopcarcinogensatwork.eu\/is\/wp-json\/wp\/v2\/pages\/67957\/revisions"}],"up":[{"embeddable":true,"href":"https:\/\/stopcarcinogensatwork.eu\/is\/wp-json\/wp\/v2\/pages\/67908"}],"wp:attachment":[{"href":"https:\/\/stopcarcinogensatwork.eu\/is\/wp-json\/wp\/v2\/media?parent=67957"}],"curies":[{"name":"wp","href":"https:\/\/api.w.org\/{rel}","templated":true}]}}