{"id":67967,"date":"2024-01-31T15:46:56","date_gmt":"2024-01-31T15:46:56","guid":{"rendered":"https:\/\/stopcarcinogensatwork.eu\/kynntu-ther-helstu-forvarnaradferdirnar\/"},"modified":"2024-01-31T15:46:56","modified_gmt":"2024-01-31T15:46:56","slug":"kynntu-ther-helstu-forvarnaradferdirnar","status":"publish","type":"page","link":"https:\/\/stopcarcinogensatwork.eu\/is\/kynntu-ther-helstu-forvarnaradferdirnar\/","title":{"rendered":"Kynntu \u00fe\u00e9r helstu forvarnara\u00f0fer\u00f0irnar"},"content":{"rendered":"<blockquote><p>\u00deegar krabbameinsvaldandi efni eru til sta\u00f0ar \u00e1 vinnusta\u00f0 ver\u00f0a vinnuveitendur a\u00f0 gera allt sem \u00ed \u00feeirra valdi stendur til a\u00f0 koma \u00ed veg fyrir a\u00f0 starfsmenn komist \u00ed snertingu vi\u00f0 \u00feau. Stu\u00f0li\u00f0 a\u00f0 heilbrig\u00f0is- og \u00f6ryggismenningu \u00e1 vinnusta\u00f0num! <\/p><\/blockquote>\n<h1>Almenn n\u00e1lgun vi\u00f0 \u00e1h\u00e6ttustj\u00f3rnun krabbameinsvaldandi efna<\/h1>\n<p class=\"p2\"><i>\u00cd samr\u00e6mi vi\u00f0 skilgreiningu \u00e1 \u201ekrabbameinsvaldandi efni\u201c \u00ed 2. gr. a) \u00ed CMR-tilskipuninni.  <\/i><\/p>\n<p>Fyrstu skrefin \u00ed bar\u00e1ttunni gegn krabbameinsvaldandi efnum \u00e1 vinnusta\u00f0 \u00e6ttu alltaf a\u00f0 fela \u00ed s\u00e9r:<\/p>\n<ul>\n<li>Haf\u00f0u \u00ed huga a\u00f0 l\u00e1gmarkssta\u00f0lar um vinnuskipulag og \u00f6ryggiskr\u00f6fur ver\u00f0a a\u00f0 vera til sta\u00f0ar \u00e1vallt. Hins vegar g\u00e6tu \u00feessar sta\u00f0lar ekki veri\u00f0 n\u00e6gjanlegar og frekari r\u00e1\u00f0stafanir g\u00e6tu veri\u00f0 nau\u00f0synlegar. <\/li>\n<li>Telji\u00f0 upp \u00f6ll krabbameinsvaldandi efni sem notu\u00f0 eru og magn \u00feeirra<\/li>\n<li>Safna\u00f0u \u00f6ryggisbl\u00f6\u00f0um \u00feeirra<\/li>\n<li>L\u00fdstu verkefnum \u00fear sem \u00feau eru notu\u00f0 og vertu viss um a\u00f0 taka tillit til allra hugsanlegra krabbameinsvaldandi efna sem myndast vi\u00f0 ferli\u00f0.<\/li>\n<li>Tilgreini\u00f0 starfsmenn sem hugsanlega ver\u00f0a fyrir \u00e1hrifum og hversu lengi<\/li>\n<li>Haf\u00f0u allt ofangreint \u00ed huga \u00feegar \u00fe\u00fa \u00fatb\u00fdr\u00f0 \u00e1h\u00e6ttumat \u00e1 vinnusta\u00f0<\/li>\n<\/ul>\n<p>\u00deegar \u00fe\u00fa gefur starfsm\u00f6nnum \u00fe\u00ednum lei\u00f0beiningar skaltu muna a\u00f0:<\/p>\n<ul>\n<li>Noti\u00f0 alltaf einfalt og sk\u00fdrt tungum\u00e1l, stuttar og beinskeyttar setningar<\/li>\n<li>Stefni\u00f0 a\u00f0 hreinni h\u00f6nnun \u00ed skriflegum lei\u00f0beiningum<\/li>\n<li>Hafa me\u00f0 myndir\/sk\u00fdringarmyndir ef m\u00f6gulegt er<\/li>\n<\/ul>\n<h2><strong>STOP-reglan: \u00dea\u00f0 sem \u00fe\u00fa \u00fearft a\u00f0 hafa \u00ed huga<\/strong><\/h2>\n<p>STOP-reglan l\u00fdsir forgangsr\u00f6\u00f0un verndarr\u00e1\u00f0stafana. Vinnuveitandi ver\u00f0ur a\u00f0 fylgja \u00feessari forgangsr\u00f6\u00f0un \u00feegar hann \u00e1kve\u00f0ur og beitir verndarr\u00e1\u00f0st\u00f6funum. Einstakir b\u00f3kstafir STOP standa fyrir mismunandi ger\u00f0ir verndarr\u00e1\u00f0stafana:  <\/p>\n<p><strong>S \u2026<\/strong> Skipti \u00fat h\u00e6ttulegum efnum fyrir minna h\u00e6ttuleg efni e\u00f0a ferli. Skipti \u00fat efnum eru alltaf fyrsta r\u00e1\u00f0st\u00f6funin sem \u00fearf a\u00f0 \u00edhuga. <\/p>\n<p><a href=\"https:\/\/stopcarcinogensatwork.eu\/is\/kynntu-ther-helstu-forvarnaradferdirnar\/s-skipti\/\">Frekari uppl\u00fdsingar um <strong>skiptingu<\/strong><\/a><\/p>\n<p><strong>T \u2026 T\u00e6knilegar r\u00e1\u00f0stafanir<\/strong> \u2013 fr\u00e1 loku\u00f0um kerfum til virkrar loftsogs, margar a\u00f0fer\u00f0ir hj\u00e1lpa til vi\u00f0 a\u00f0 draga verulega \u00far \u00fatsetningu fyrir krabbameinsvaldandi efnum.<\/p>\n<p><a href=\"https:\/\/stopcarcinogensatwork.eu\/is\/kynntu-ther-helstu-forvarnaradferdirnar\/t-taeknilegar-radstafanir\/\">Frekari uppl\u00fdsingar um <strong>t\u00e6knilegar r\u00e1\u00f0stafanir<\/strong><\/a><\/p>\n<p><strong>O \u2026 Skipulagsr\u00e1\u00f0stafanir<\/strong> \u2013 geta fali\u00f0 \u00ed s\u00e9r innri stefnu og\/e\u00f0a skipulagsa\u00f0fer\u00f0ir. \u00deessar r\u00e1\u00f0stafanir \u00e6ttu a\u00f0eins a\u00f0 vera nota\u00f0ar til a\u00f0 veita vi\u00f0b\u00f3tarvernd. \u00de\u00e6r \u00e6ttu einnig a\u00f0 vera til sko\u00f0unar \u00ed ney\u00f0artilvikum og fyrir starfsmenn sem sinna reglubundnum \u00ferifum og vi\u00f0haldsvinnu.  <\/p>\n<p><a href=\"https:\/\/stopcarcinogensatwork.eu\/is\/kynntu-ther-helstu-forvarnaradferdirnar\/o-skipulagsradstafanir\/\">Frekari uppl\u00fdsingar um <strong>skipulagsr\u00e1\u00f0stafanir<\/strong><\/a><\/p>\n<p><strong>P \u2026 Pers\u00f3nuvernd<\/strong> \u2013 stundum er ekki h\u00e6gt a\u00f0 skipta \u00fat v\u00f6rum og t\u00e6knilegar og skipulagslegar r\u00e1\u00f0stafanir duga ekki. \u00de\u00e1 \u00fearf a\u00f0 nota pers\u00f3nuvernd. <\/p>\n<p><a href=\"https:\/\/stopcarcinogensatwork.eu\/is\/kynntu-ther-helstu-forvarnaradferdirnar\/p-personuvernd\/\">Frekari uppl\u00fdsingar um <strong>pers\u00f3nuvernd<\/strong><\/a><\/p>\n","protected":false},"excerpt":{"rendered":"<p>\u00deegar krabbameinsvaldandi efni eru til sta\u00f0ar \u00e1 vinnusta\u00f0 ver\u00f0a vinnuveitendur a\u00f0 gera allt sem \u00ed \u00feeirra valdi stendur til a\u00f0 koma \u00ed veg fyrir a\u00f0 starfsmenn komist \u00ed snertingu vi\u00f0 \u00feau. Stu\u00f0li\u00f0 a\u00f0 heilbrig\u00f0is- og \u00f6ryggismenningu \u00e1 vinnusta\u00f0num! Almenn n\u00e1lgun vi\u00f0 \u00e1h\u00e6ttustj\u00f3rnun krabbameinsvaldandi efna \u00cd samr\u00e6mi vi\u00f0 skilgreiningu \u00e1 \u201ekrabbameinsvaldandi efni\u201c \u00ed 2. gr. a) [&hellip;]<\/p>\n","protected":false},"author":1,"featured_media":67972,"parent":0,"menu_order":0,"comment_status":"closed","ping_status":"closed","template":"","meta":{"inline_featured_image":false,"footnotes":""},"class_list":["post-67967","page","type-page","status-publish","hentry"],"yoast_head":"<!-- This site is optimized with the Yoast SEO Premium plugin v27.0 (Yoast SEO v27.3) - https:\/\/yoast.com\/product\/yoast-seo-premium-wordpress\/ -->\n<title>St\u00f6\u00f0vi\u00f0 krabbameinsvaldandi efni \u00e1 vinnusta\u00f0: Nau\u00f0synleg skref fyrir \u00f6ryggi \u00e1 vinnusta\u00f0 - STOP carcinogens at work<\/title>\n<meta name=\"description\" content=\"STOP-reglan l\u00fdsir forgangsr\u00f6\u00f0un verndarr\u00e1\u00f0stafana vi\u00f0 \u00e1kv\u00f6r\u00f0un og beitingu verndarr\u00e1\u00f0stafana.\" \/>\n<meta name=\"robots\" content=\"index, follow, max-snippet:-1, max-image-preview:large, max-video-preview:-1\" \/>\n<link rel=\"canonical\" href=\"https:\/\/stopcarcinogensatwork.eu\/is\/kynntu-ther-helstu-forvarnaradferdirnar\/\" \/>\n<meta property=\"og:locale\" content=\"is_IS\" \/>\n<meta property=\"og:type\" content=\"article\" \/>\n<meta property=\"og:title\" content=\"Kynntu \u00fe\u00e9r helstu forvarnara\u00f0fer\u00f0irnar\" \/>\n<meta property=\"og:description\" content=\"STOP-reglan l\u00fdsir forgangsr\u00f6\u00f0un verndarr\u00e1\u00f0stafana vi\u00f0 \u00e1kv\u00f6r\u00f0un og beitingu verndarr\u00e1\u00f0stafana.\" \/>\n<meta property=\"og:url\" content=\"https:\/\/stopcarcinogensatwork.eu\/is\/kynntu-ther-helstu-forvarnaradferdirnar\/\" \/>\n<meta property=\"og:site_name\" content=\"STOP carcinogens at work\" \/>\n<meta property=\"og:image\" content=\"https:\/\/stopcarcinogensatwork.eu\/wp-content\/uploads\/2024\/08\/Stop-Carcinogens-at-Work-icon-1-scaled.png\" \/>\n\t<meta property=\"og:image:width\" content=\"2560\" \/>\n\t<meta property=\"og:image:height\" content=\"2141\" \/>\n\t<meta property=\"og:image:type\" content=\"image\/png\" \/>\n<meta name=\"twitter:card\" content=\"summary_large_image\" \/>\n<meta name=\"twitter:label1\" content=\"Est. reading time\" \/>\n\t<meta name=\"twitter:data1\" content=\"2 minutes\" \/>\n<script type=\"application\/ld+json\" class=\"yoast-schema-graph\">{\"@context\":\"https:\\\/\\\/schema.org\",\"@graph\":[{\"@type\":\"WebPage\",\"@id\":\"https:\\\/\\\/stopcarcinogensatwork.eu\\\/is\\\/kynntu-ther-helstu-forvarnaradferdirnar\\\/\",\"url\":\"https:\\\/\\\/stopcarcinogensatwork.eu\\\/is\\\/kynntu-ther-helstu-forvarnaradferdirnar\\\/\",\"name\":\"St\u00f6\u00f0vi\u00f0 krabbameinsvaldandi efni \u00e1 vinnusta\u00f0: Nau\u00f0synleg skref fyrir \u00f6ryggi \u00e1 vinnusta\u00f0 - STOP carcinogens at work\",\"isPartOf\":{\"@id\":\"https:\\\/\\\/stopcarcinogensatwork.eu\\\/is\\\/#website\"},\"primaryImageOfPage\":{\"@id\":\"https:\\\/\\\/stopcarcinogensatwork.eu\\\/is\\\/kynntu-ther-helstu-forvarnaradferdirnar\\\/#primaryimage\"},\"image\":{\"@id\":\"https:\\\/\\\/stopcarcinogensatwork.eu\\\/is\\\/kynntu-ther-helstu-forvarnaradferdirnar\\\/#primaryimage\"},\"thumbnailUrl\":\"https:\\\/\\\/stopcarcinogensatwork.eu\\\/wp-content\\\/uploads\\\/2024\\\/08\\\/Stop-Carcinogens-at-Work-icon-1-scaled.png\",\"datePublished\":\"2024-01-31T15:46:56+00:00\",\"description\":\"STOP-reglan l\u00fdsir forgangsr\u00f6\u00f0un verndarr\u00e1\u00f0stafana vi\u00f0 \u00e1kv\u00f6r\u00f0un og beitingu verndarr\u00e1\u00f0stafana.\",\"breadcrumb\":{\"@id\":\"https:\\\/\\\/stopcarcinogensatwork.eu\\\/is\\\/kynntu-ther-helstu-forvarnaradferdirnar\\\/#breadcrumb\"},\"inLanguage\":\"is\",\"potentialAction\":[{\"@type\":\"ReadAction\",\"target\":[\"https:\\\/\\\/stopcarcinogensatwork.eu\\\/is\\\/kynntu-ther-helstu-forvarnaradferdirnar\\\/\"]}]},{\"@type\":\"ImageObject\",\"inLanguage\":\"is\",\"@id\":\"https:\\\/\\\/stopcarcinogensatwork.eu\\\/is\\\/kynntu-ther-helstu-forvarnaradferdirnar\\\/#primaryimage\",\"url\":\"https:\\\/\\\/stopcarcinogensatwork.eu\\\/wp-content\\\/uploads\\\/2024\\\/08\\\/Stop-Carcinogens-at-Work-icon-1-scaled.png\",\"contentUrl\":\"https:\\\/\\\/stopcarcinogensatwork.eu\\\/wp-content\\\/uploads\\\/2024\\\/08\\\/Stop-Carcinogens-at-Work-icon-1-scaled.png\",\"width\":2560,\"height\":2141},{\"@type\":\"BreadcrumbList\",\"@id\":\"https:\\\/\\\/stopcarcinogensatwork.eu\\\/is\\\/kynntu-ther-helstu-forvarnaradferdirnar\\\/#breadcrumb\",\"itemListElement\":[{\"@type\":\"ListItem\",\"position\":1,\"name\":\"Home\",\"item\":\"https:\\\/\\\/stopcarcinogensatwork.eu\\\/is\\\/stodvum-krabbameinsvaldandi-efni-i-vinnunni\\\/\"},{\"@type\":\"ListItem\",\"position\":2,\"name\":\"Kynntu \u00fe\u00e9r helstu forvarnara\u00f0fer\u00f0irnar\"}]},{\"@type\":\"WebSite\",\"@id\":\"https:\\\/\\\/stopcarcinogensatwork.eu\\\/is\\\/#website\",\"url\":\"https:\\\/\\\/stopcarcinogensatwork.eu\\\/is\\\/\",\"name\":\"STOP Carcinogens at work\",\"description\":\"Every year, about 100.000 people die from cancer that was caused by exposure to carcinogens at work in Europe.\",\"publisher\":{\"@id\":\"https:\\\/\\\/stopcarcinogensatwork.eu\\\/is\\\/#organization\"},\"alternateName\":\"Roadmap on Carcinogens\",\"potentialAction\":[{\"@type\":\"SearchAction\",\"target\":{\"@type\":\"EntryPoint\",\"urlTemplate\":\"https:\\\/\\\/stopcarcinogensatwork.eu\\\/is\\\/?s={search_term_string}\"},\"query-input\":{\"@type\":\"PropertyValueSpecification\",\"valueRequired\":true,\"valueName\":\"search_term_string\"}}],\"inLanguage\":\"is\"},{\"@type\":\"Organization\",\"@id\":\"https:\\\/\\\/stopcarcinogensatwork.eu\\\/is\\\/#organization\",\"name\":\"TNO\",\"alternateName\":\"This is a European wide voluntary action scheme\",\"url\":\"https:\\\/\\\/stopcarcinogensatwork.eu\\\/is\\\/\",\"logo\":{\"@type\":\"ImageObject\",\"inLanguage\":\"is\",\"@id\":\"https:\\\/\\\/stopcarcinogensatwork.eu\\\/is\\\/#\\\/schema\\\/logo\\\/image\\\/\",\"url\":\"https:\\\/\\\/stopcarcinogensatwork.eu\\\/wp-content\\\/uploads\\\/2024\\\/08\\\/cropped-FavLarge-1.png\",\"contentUrl\":\"https:\\\/\\\/stopcarcinogensatwork.eu\\\/wp-content\\\/uploads\\\/2024\\\/08\\\/cropped-FavLarge-1.png\",\"width\":512,\"height\":512,\"caption\":\"TNO\"},\"image\":{\"@id\":\"https:\\\/\\\/stopcarcinogensatwork.eu\\\/is\\\/#\\\/schema\\\/logo\\\/image\\\/\"},\"publishingPrinciples\":\"https:\\\/\\\/stopcarcinogensatwork.eu\\\/homepage\\\/legal\\\/\",\"ownershipFundingInfo\":\"https:\\\/\\\/stopcarcinogensatwork.eu\\\/general\\\/about-us\\\/\"}]}<\/script>\n<!-- \/ Yoast SEO Premium plugin. -->","yoast_head_json":{"title":"St\u00f6\u00f0vi\u00f0 krabbameinsvaldandi efni \u00e1 vinnusta\u00f0: Nau\u00f0synleg skref fyrir \u00f6ryggi \u00e1 vinnusta\u00f0 - STOP carcinogens at work","description":"STOP-reglan l\u00fdsir forgangsr\u00f6\u00f0un verndarr\u00e1\u00f0stafana vi\u00f0 \u00e1kv\u00f6r\u00f0un og beitingu verndarr\u00e1\u00f0stafana.","robots":{"index":"index","follow":"follow","max-snippet":"max-snippet:-1","max-image-preview":"max-image-preview:large","max-video-preview":"max-video-preview:-1"},"canonical":"https:\/\/stopcarcinogensatwork.eu\/is\/kynntu-ther-helstu-forvarnaradferdirnar\/","og_locale":"is_IS","og_type":"article","og_title":"Kynntu \u00fe\u00e9r helstu forvarnara\u00f0fer\u00f0irnar","og_description":"STOP-reglan l\u00fdsir forgangsr\u00f6\u00f0un verndarr\u00e1\u00f0stafana vi\u00f0 \u00e1kv\u00f6r\u00f0un og beitingu verndarr\u00e1\u00f0stafana.","og_url":"https:\/\/stopcarcinogensatwork.eu\/is\/kynntu-ther-helstu-forvarnaradferdirnar\/","og_site_name":"STOP carcinogens at work","og_image":[{"width":2560,"height":2141,"url":"https:\/\/stopcarcinogensatwork.eu\/wp-content\/uploads\/2024\/08\/Stop-Carcinogens-at-Work-icon-1-scaled.png","type":"image\/png"}],"twitter_card":"summary_large_image","twitter_misc":{"Est. reading time":"2 minutes"},"schema":{"@context":"https:\/\/schema.org","@graph":[{"@type":"WebPage","@id":"https:\/\/stopcarcinogensatwork.eu\/is\/kynntu-ther-helstu-forvarnaradferdirnar\/","url":"https:\/\/stopcarcinogensatwork.eu\/is\/kynntu-ther-helstu-forvarnaradferdirnar\/","name":"St\u00f6\u00f0vi\u00f0 krabbameinsvaldandi efni \u00e1 vinnusta\u00f0: Nau\u00f0synleg skref fyrir \u00f6ryggi \u00e1 vinnusta\u00f0 - STOP carcinogens at work","isPartOf":{"@id":"https:\/\/stopcarcinogensatwork.eu\/is\/#website"},"primaryImageOfPage":{"@id":"https:\/\/stopcarcinogensatwork.eu\/is\/kynntu-ther-helstu-forvarnaradferdirnar\/#primaryimage"},"image":{"@id":"https:\/\/stopcarcinogensatwork.eu\/is\/kynntu-ther-helstu-forvarnaradferdirnar\/#primaryimage"},"thumbnailUrl":"https:\/\/stopcarcinogensatwork.eu\/wp-content\/uploads\/2024\/08\/Stop-Carcinogens-at-Work-icon-1-scaled.png","datePublished":"2024-01-31T15:46:56+00:00","description":"STOP-reglan l\u00fdsir forgangsr\u00f6\u00f0un verndarr\u00e1\u00f0stafana vi\u00f0 \u00e1kv\u00f6r\u00f0un og beitingu verndarr\u00e1\u00f0stafana.","breadcrumb":{"@id":"https:\/\/stopcarcinogensatwork.eu\/is\/kynntu-ther-helstu-forvarnaradferdirnar\/#breadcrumb"},"inLanguage":"is","potentialAction":[{"@type":"ReadAction","target":["https:\/\/stopcarcinogensatwork.eu\/is\/kynntu-ther-helstu-forvarnaradferdirnar\/"]}]},{"@type":"ImageObject","inLanguage":"is","@id":"https:\/\/stopcarcinogensatwork.eu\/is\/kynntu-ther-helstu-forvarnaradferdirnar\/#primaryimage","url":"https:\/\/stopcarcinogensatwork.eu\/wp-content\/uploads\/2024\/08\/Stop-Carcinogens-at-Work-icon-1-scaled.png","contentUrl":"https:\/\/stopcarcinogensatwork.eu\/wp-content\/uploads\/2024\/08\/Stop-Carcinogens-at-Work-icon-1-scaled.png","width":2560,"height":2141},{"@type":"BreadcrumbList","@id":"https:\/\/stopcarcinogensatwork.eu\/is\/kynntu-ther-helstu-forvarnaradferdirnar\/#breadcrumb","itemListElement":[{"@type":"ListItem","position":1,"name":"Home","item":"https:\/\/stopcarcinogensatwork.eu\/is\/stodvum-krabbameinsvaldandi-efni-i-vinnunni\/"},{"@type":"ListItem","position":2,"name":"Kynntu \u00fe\u00e9r helstu forvarnara\u00f0fer\u00f0irnar"}]},{"@type":"WebSite","@id":"https:\/\/stopcarcinogensatwork.eu\/is\/#website","url":"https:\/\/stopcarcinogensatwork.eu\/is\/","name":"STOP Carcinogens at work","description":"Every year, about 100.000 people die from cancer that was caused by exposure to carcinogens at work in Europe.","publisher":{"@id":"https:\/\/stopcarcinogensatwork.eu\/is\/#organization"},"alternateName":"Roadmap on Carcinogens","potentialAction":[{"@type":"SearchAction","target":{"@type":"EntryPoint","urlTemplate":"https:\/\/stopcarcinogensatwork.eu\/is\/?s={search_term_string}"},"query-input":{"@type":"PropertyValueSpecification","valueRequired":true,"valueName":"search_term_string"}}],"inLanguage":"is"},{"@type":"Organization","@id":"https:\/\/stopcarcinogensatwork.eu\/is\/#organization","name":"TNO","alternateName":"This is a European wide voluntary action scheme","url":"https:\/\/stopcarcinogensatwork.eu\/is\/","logo":{"@type":"ImageObject","inLanguage":"is","@id":"https:\/\/stopcarcinogensatwork.eu\/is\/#\/schema\/logo\/image\/","url":"https:\/\/stopcarcinogensatwork.eu\/wp-content\/uploads\/2024\/08\/cropped-FavLarge-1.png","contentUrl":"https:\/\/stopcarcinogensatwork.eu\/wp-content\/uploads\/2024\/08\/cropped-FavLarge-1.png","width":512,"height":512,"caption":"TNO"},"image":{"@id":"https:\/\/stopcarcinogensatwork.eu\/is\/#\/schema\/logo\/image\/"},"publishingPrinciples":"https:\/\/stopcarcinogensatwork.eu\/homepage\/legal\/","ownershipFundingInfo":"https:\/\/stopcarcinogensatwork.eu\/general\/about-us\/"}]}},"_links":{"self":[{"href":"https:\/\/stopcarcinogensatwork.eu\/is\/wp-json\/wp\/v2\/pages\/67967","targetHints":{"allow":["GET"]}}],"collection":[{"href":"https:\/\/stopcarcinogensatwork.eu\/is\/wp-json\/wp\/v2\/pages"}],"about":[{"href":"https:\/\/stopcarcinogensatwork.eu\/is\/wp-json\/wp\/v2\/types\/page"}],"author":[{"embeddable":true,"href":"https:\/\/stopcarcinogensatwork.eu\/is\/wp-json\/wp\/v2\/users\/1"}],"replies":[{"embeddable":true,"href":"https:\/\/stopcarcinogensatwork.eu\/is\/wp-json\/wp\/v2\/comments?post=67967"}],"version-history":[{"count":0,"href":"https:\/\/stopcarcinogensatwork.eu\/is\/wp-json\/wp\/v2\/pages\/67967\/revisions"}],"wp:featuredmedia":[{"embeddable":true,"href":"https:\/\/stopcarcinogensatwork.eu\/is\/wp-json\/wp\/v2\/media\/67972"}],"wp:attachment":[{"href":"https:\/\/stopcarcinogensatwork.eu\/is\/wp-json\/wp\/v2\/media?parent=67967"}],"curies":[{"name":"wp","href":"https:\/\/api.w.org\/{rel}","templated":true}]}}