{"id":67973,"date":"2024-02-17T16:45:26","date_gmt":"2024-02-17T16:45:26","guid":{"rendered":"https:\/\/stopcarcinogensatwork.eu\/kynntu-ther-helstu-forvarnaradferdirnar\/t-taeknilegar-radstafanir\/"},"modified":"2024-02-17T16:45:26","modified_gmt":"2024-02-17T16:45:26","slug":"t-taeknilegar-radstafanir","status":"publish","type":"page","link":"https:\/\/stopcarcinogensatwork.eu\/is\/kynntu-ther-helstu-forvarnaradferdirnar\/t-taeknilegar-radstafanir\/","title":{"rendered":"T \u2013 T\u00e6knilegar r\u00e1\u00f0stafanir"},"content":{"rendered":"<blockquote><p>STOP fylgir stigveldi stj\u00f3rnunar. Fyrir krabbameinsvaldandi efni er a\u00f0eins leyfilegt a\u00f0 f\u00e6ra sig ni\u00f0ur \u00ed stigveldinu \u00feegar t\u00e6knilegar takmarkanir koma \u00ed veg fyrir a\u00f0 h\u00e6gt s\u00e9 a\u00f0 \u00fatr\u00fdma \u00fatsetningu alveg. H\u00e9r munum vi\u00f0 einbeita okkur a\u00f0 \u00f6\u00f0ru stiginu, T fyrir t\u00e6knilegar r\u00e1\u00f0stafanir. Vinsamlegast athugi\u00f0 S \u00e1 undan T. Athugi\u00f0 einnig a\u00f0 h\u00e6gt er a\u00f0 nota samsetningu r\u00e1\u00f0stafana.   <\/p><\/blockquote>\n<p>T\u00e6knilegar r\u00e1\u00f0stafanir fela \u00ed s\u00e9r v\u00e9lr\u00e6n t\u00e6ki e\u00f0a ferli sem \u00fatr\u00fdma e\u00f0a l\u00e1gmarka v\u00e1hrif krabbameinsvaldandi efna. \u00deessar t\u00e6knilegu r\u00e1\u00f0stafanir geta fali\u00f0 \u00ed s\u00e9r lokun, notkun loftr\u00e6stingar og\/e\u00f0a sj\u00e1lfvirkni ferla. <\/p>\n<p>Hva\u00f0 skal hafa \u00ed huga \u00feegar meti\u00f0 er hva\u00f0a r\u00e1\u00f0st\u00f6fun\/r\u00e1\u00f0stafanir eigi a\u00f0 framkv\u00e6ma:<\/p>\n<ul>\n<li>Greina allar t\u00e6knilegar lausnir (t.d. innkapslun e\u00f0a loftr\u00e6sting) sem \u00feegar eru til sta\u00f0ar og meta skilvirkni \u00feeirra (me\u00f0 vi\u00f0halds\u00e1\u00e6tlunum)<\/li>\n<li>Ef \u00fe\u00f6rf krefur, \u00edhuga a\u00f0rar t\u00e6knilegar lausnir sem g\u00e6tu b\u00e6tt stj\u00f3rnunina: f\u00e1 l\u00fdsingu \u00e1 lausninni, hentugleika hennar, skilvirkni og hagkv\u00e6mni.<\/li>\n<li>\u00cdhuga\u00f0u m\u00f6guleg sameinu\u00f0 \u00e1hrif t\u00e6knilausnanna<\/li>\n<li>Vertu viss um a\u00f0 bi\u00f0ja framlei\u00f0anda b\u00fana\u00f0arins um notendahandb\u00f3kina<\/li>\n<li>Gakktu \u00far skugga um a\u00f0 starfsmenn \u00fe\u00ednir (\u00fear \u00e1 me\u00f0al starfsmenn \u00ed r\u00e6stingar- og vi\u00f0halds\u00fej\u00f3nustu) f\u00e1i fulln\u00e6gjandi \u00fej\u00e1lfun \u00ed \u00feeim t\u00e6knilegu r\u00e1\u00f0st\u00f6funum sem eru \u00ed gildi<\/li>\n<li>Gef\u00f0u starfsm\u00f6nnum sk\u00fdrar lei\u00f0beiningar um hvernig eigi a\u00f0 nota \u00feessar t\u00e6knilegu r\u00e1\u00f0stafanir \u00e1 r\u00e9ttan h\u00e1tt: me\u00f0 myndskreytingum ef m\u00f6gulegt er<\/li>\n<\/ul>\n<h2>Nokkrar t\u00e6knilegar r\u00e1\u00f0stafanir sem vert er a\u00f0 hafa \u00ed huga<\/h2>\n<p>\u00deegar bestu t\u00e6knilegu r\u00e1\u00f0stafanirnar eru \u00e1kvar\u00f0a\u00f0ar og nota\u00f0ar skal alltaf hafa \u00ed huga a\u00f0 taka tillit til s\u00e9rstakra a\u00f0st\u00e6\u00f0na vinnusta\u00f0arins (t.d. h\u00fasn\u00e6\u00f0i me\u00f0 f\u00f6stum loftr\u00e6stib\u00fana\u00f0i, a\u00f0st\u00f6\u00f0u undir berum himni).<\/p>\n<p>Fj\u00f6lbreytt \u00farval t\u00e6knilegra r\u00e1\u00f0stafana er \u00ed bo\u00f0i og h\u00e6gt er a\u00f0 beita \u00feeim eftir a\u00f0st\u00e6\u00f0um \u00e1 vinnusta\u00f0. \u00deessi b\u00e6klingur veitir fj\u00f6lbreytt \u00farval d\u00e6ma, me\u00f0 \u00fea\u00f0 \u00ed huga a\u00f0 a\u00f0rar m\u00f6gulegar lausnir g\u00e6tu veri\u00f0 \u00ed bo\u00f0i. <\/p>\n<h3>Loku\u00f0 kerfi<\/h3>\n<p>Loku\u00f0 kerfi eru mj\u00f6g \u00e1hrifar\u00edk t\u00e6knileg verndarr\u00e1\u00f0st\u00f6fun. Loku\u00f0 kerfi geta fali\u00f0 \u00ed s\u00e9r innh\u00fdsingu, sam\u00fe\u00e6tt \u00fatsogskerfi sem \u00f3a\u00f0skiljanlegan t\u00e6knilegan hluta vinnub\u00fana\u00f0arins e\u00f0a mj\u00f6g \u00e1hrifar\u00edk \u00fatsogskerfi. <\/p>\n<h3>Innilokun<\/h3>\n<p>Hlutloku\u00f0 kerfi bj\u00f3\u00f0a upp \u00e1 a\u00f0gang a\u00f0 ferlinu en koma um lei\u00f0 \u00ed veg fyrir losun krabbameinsvaldandi efna e\u00f0a l\u00e1gmarka \u00fatsetningu. \u00deessi kerfi eru venjulega sameinu\u00f0 \u00fatsogskerfum e\u00f0a loftstreymiskerfum, t.d. loftr\u00e6stum vinnubor\u00f0um e\u00f0a dragsk\u00e1pum. <\/p>\n<h3>Loftr\u00e6sting<\/h3>\n<p>Meti\u00f0 skilvirkni loftr\u00e6stikerfa sem \u00fei\u00f0 g\u00e6tu\u00f0 \u00feegar haft \u00ed notkun og hvort \u00fea\u00f0 s\u00e9 m\u00f6gulegt a\u00f0 uppf\u00e6ra n\u00fdtt loftr\u00e6stikerfi \u00e1 vinnusta\u00f0num.<\/p>\n<p>Til a\u00f0 finna skilvirka og skilvirka loftr\u00e6stingu m\u00e1 nota eftirfarandi m\u00f6guleika anna\u00f0 hvort hverja fyrir sig e\u00f0a saman:<\/p>\n<ol>\n<li>N\u00e1tt\u00faruleg \u00feynningarloftr\u00e6sting<\/li>\n<li>V\u00e9lr\u00e6n \u00feynningarloftr\u00e6sting<\/li>\n<li>V\u00e9lr\u00e6n \u00fatbl\u00e1stursloftun<\/li>\n<\/ol>\n<p>Hafi\u00f0 samband vi\u00f0 birgja til a\u00f0 f\u00e1 t\u00e6knilegar uppl\u00fdsingar um mismunandi loftr\u00e6stikerf.<\/p>\n<h3>A\u00f0 nota mismunandi vinnua\u00f0fer\u00f0ir<\/h3>\n<p>Breytingar \u00e1 vinnua\u00f0fer\u00f0um g\u00e6tu einnig veri\u00f0 m\u00f6guleiki til a\u00f0 draga \u00far v\u00e1hrifum \u00e1 vinnu vegna v\u00f6kvaskvetta e\u00f0a rykmyndunar. H\u00e6gt er a\u00f0 \u00edhuga \u00fdmsar a\u00f0rar a\u00f0fer\u00f0ir, svo sem a\u00f0 d\u00e6la frekar en a\u00f0 hella, ryksuga e\u00f0a v\u00e6ta kerfi \u00ed sta\u00f0 \u00feess a\u00f0 s\u00f3pa. <\/p>\n<h3>A\u00f0 nota krabbameinsvaldandi efni \u00ed annarri mynd<\/h3>\n<p>Einnig m\u00e1 taka tillit til e\u00f0lisfr\u00e6\u00f0ilegs forms krabbameinsvaldandi efnisins \u00feegar \u00e1kve\u00f0i\u00f0 er hva\u00f0a t\u00e6knilegar r\u00e1\u00f0stafanir skuli hrinda \u00ed framkv\u00e6md. Duft er vi\u00f0kv\u00e6mara fyrir meiri \u00fatsetningu, \u00fev\u00ed g\u00e6ti \u00fejappa\u00f0 form (eins og k\u00fala e\u00f0a tafla) e\u00f0a gel dregi\u00f0 \u00far \u00fatsetningu starfsmannsins. Meti\u00f0 m\u00f6guleikann \u00e1 a\u00f0 nota krabbameinsvaldandi efni \u00ed formi sem g\u00e6ti leitt til minni \u00fatsetningar.  <\/p>\n<p>Umb\u00fa\u00f0ir krabbameinsvaldandi efnisins geta haft \u00e1hrif \u00e1 \u00fatsetningarstig. Til d\u00e6mis g\u00e6ti notkun leysanlegra umb\u00fa\u00f0a e\u00f0a minnkun st\u00e6r\u00f0ar \u00feeirra dregi\u00f0 \u00far \u00fatsetningu. <\/p>\n","protected":false},"excerpt":{"rendered":"<p>STOP fylgir stigveldi stj\u00f3rnunar. Fyrir krabbameinsvaldandi efni er a\u00f0eins leyfilegt a\u00f0 f\u00e6ra sig ni\u00f0ur \u00ed stigveldinu \u00feegar t\u00e6knilegar takmarkanir koma \u00ed veg fyrir a\u00f0 h\u00e6gt s\u00e9 a\u00f0 \u00fatr\u00fdma \u00fatsetningu alveg. H\u00e9r munum vi\u00f0 einbeita okkur a\u00f0 \u00f6\u00f0ru stiginu, T fyrir t\u00e6knilegar r\u00e1\u00f0stafanir. Vinsamlegast athugi\u00f0 S \u00e1 undan T. Athugi\u00f0 einnig a\u00f0 h\u00e6gt er a\u00f0 nota [&hellip;]<\/p>\n","protected":false},"author":1,"featured_media":0,"parent":67967,"menu_order":0,"comment_status":"closed","ping_status":"closed","template":"","meta":{"inline_featured_image":false,"footnotes":""},"class_list":["post-67973","page","type-page","status-publish","hentry"],"yoast_head":"<!-- This site is optimized with the Yoast SEO Premium plugin v27.0 (Yoast SEO v27.3) - https:\/\/yoast.com\/product\/yoast-seo-premium-wordpress\/ -->\n<title>T - T\u00e6knilegar r\u00e1\u00f0stafanir - STOP carcinogens at work<\/title>\n<meta name=\"description\" content=\"Every year, more than 100.000 people die in the EU from cancer caused by carcinogens at work. This must STOP!\" \/>\n<meta name=\"robots\" content=\"index, follow, max-snippet:-1, max-image-preview:large, max-video-preview:-1\" \/>\n<link rel=\"canonical\" href=\"https:\/\/stopcarcinogensatwork.eu\/is\/kynntu-ther-helstu-forvarnaradferdirnar\/t-taeknilegar-radstafanir\/\" \/>\n<meta property=\"og:locale\" content=\"is_IS\" \/>\n<meta property=\"og:type\" content=\"article\" \/>\n<meta property=\"og:title\" content=\"T - T\u00e6knilegar r\u00e1\u00f0stafanir\" \/>\n<meta property=\"og:description\" content=\"Every year, more than 100.000 people die in the EU from cancer caused by carcinogens at work. This must STOP!\" \/>\n<meta property=\"og:url\" content=\"https:\/\/stopcarcinogensatwork.eu\/is\/kynntu-ther-helstu-forvarnaradferdirnar\/t-taeknilegar-radstafanir\/\" \/>\n<meta property=\"og:site_name\" content=\"STOP carcinogens at work\" \/>\n<meta name=\"twitter:card\" content=\"summary_large_image\" \/>\n<meta name=\"twitter:label1\" content=\"Est. reading time\" \/>\n\t<meta name=\"twitter:data1\" content=\"3 minutes\" \/>\n<script type=\"application\/ld+json\" class=\"yoast-schema-graph\">{\"@context\":\"https:\\\/\\\/schema.org\",\"@graph\":[{\"@type\":\"WebPage\",\"@id\":\"https:\\\/\\\/stopcarcinogensatwork.eu\\\/is\\\/kynntu-ther-helstu-forvarnaradferdirnar\\\/t-taeknilegar-radstafanir\\\/\",\"url\":\"https:\\\/\\\/stopcarcinogensatwork.eu\\\/is\\\/kynntu-ther-helstu-forvarnaradferdirnar\\\/t-taeknilegar-radstafanir\\\/\",\"name\":\"T - T\u00e6knilegar r\u00e1\u00f0stafanir - STOP carcinogens at work\",\"isPartOf\":{\"@id\":\"https:\\\/\\\/stopcarcinogensatwork.eu\\\/is\\\/#website\"},\"datePublished\":\"2024-02-17T16:45:26+00:00\",\"description\":\"Every year, more than 100.000 people die in the EU from cancer caused by carcinogens at work. This must STOP!\",\"breadcrumb\":{\"@id\":\"https:\\\/\\\/stopcarcinogensatwork.eu\\\/is\\\/kynntu-ther-helstu-forvarnaradferdirnar\\\/t-taeknilegar-radstafanir\\\/#breadcrumb\"},\"inLanguage\":\"is\",\"potentialAction\":[{\"@type\":\"ReadAction\",\"target\":[\"https:\\\/\\\/stopcarcinogensatwork.eu\\\/is\\\/kynntu-ther-helstu-forvarnaradferdirnar\\\/t-taeknilegar-radstafanir\\\/\"]}]},{\"@type\":\"BreadcrumbList\",\"@id\":\"https:\\\/\\\/stopcarcinogensatwork.eu\\\/is\\\/kynntu-ther-helstu-forvarnaradferdirnar\\\/t-taeknilegar-radstafanir\\\/#breadcrumb\",\"itemListElement\":[{\"@type\":\"ListItem\",\"position\":1,\"name\":\"Home\",\"item\":\"https:\\\/\\\/stopcarcinogensatwork.eu\\\/is\\\/stodvum-krabbameinsvaldandi-efni-i-vinnunni\\\/\"},{\"@type\":\"ListItem\",\"position\":2,\"name\":\"Kynntu \u00fe\u00e9r helstu forvarnara\u00f0fer\u00f0irnar\",\"item\":\"https:\\\/\\\/stopcarcinogensatwork.eu\\\/is\\\/kynntu-ther-helstu-forvarnaradferdirnar\\\/\"},{\"@type\":\"ListItem\",\"position\":3,\"name\":\"T &#8211; T\u00e6knilegar r\u00e1\u00f0stafanir\"}]},{\"@type\":\"WebSite\",\"@id\":\"https:\\\/\\\/stopcarcinogensatwork.eu\\\/is\\\/#website\",\"url\":\"https:\\\/\\\/stopcarcinogensatwork.eu\\\/is\\\/\",\"name\":\"STOP Carcinogens at work\",\"description\":\"Every year, about 100.000 people die from cancer that was caused by exposure to carcinogens at work in Europe.\",\"publisher\":{\"@id\":\"https:\\\/\\\/stopcarcinogensatwork.eu\\\/is\\\/#organization\"},\"alternateName\":\"Roadmap on Carcinogens\",\"potentialAction\":[{\"@type\":\"SearchAction\",\"target\":{\"@type\":\"EntryPoint\",\"urlTemplate\":\"https:\\\/\\\/stopcarcinogensatwork.eu\\\/is\\\/?s={search_term_string}\"},\"query-input\":{\"@type\":\"PropertyValueSpecification\",\"valueRequired\":true,\"valueName\":\"search_term_string\"}}],\"inLanguage\":\"is\"},{\"@type\":\"Organization\",\"@id\":\"https:\\\/\\\/stopcarcinogensatwork.eu\\\/is\\\/#organization\",\"name\":\"TNO\",\"alternateName\":\"This is a European wide voluntary action scheme\",\"url\":\"https:\\\/\\\/stopcarcinogensatwork.eu\\\/is\\\/\",\"logo\":{\"@type\":\"ImageObject\",\"inLanguage\":\"is\",\"@id\":\"https:\\\/\\\/stopcarcinogensatwork.eu\\\/is\\\/#\\\/schema\\\/logo\\\/image\\\/\",\"url\":\"https:\\\/\\\/stopcarcinogensatwork.eu\\\/wp-content\\\/uploads\\\/2024\\\/08\\\/cropped-FavLarge-1.png\",\"contentUrl\":\"https:\\\/\\\/stopcarcinogensatwork.eu\\\/wp-content\\\/uploads\\\/2024\\\/08\\\/cropped-FavLarge-1.png\",\"width\":512,\"height\":512,\"caption\":\"TNO\"},\"image\":{\"@id\":\"https:\\\/\\\/stopcarcinogensatwork.eu\\\/is\\\/#\\\/schema\\\/logo\\\/image\\\/\"},\"publishingPrinciples\":\"https:\\\/\\\/stopcarcinogensatwork.eu\\\/homepage\\\/legal\\\/\",\"ownershipFundingInfo\":\"https:\\\/\\\/stopcarcinogensatwork.eu\\\/general\\\/about-us\\\/\"}]}<\/script>\n<!-- \/ Yoast SEO Premium plugin. -->","yoast_head_json":{"title":"T - T\u00e6knilegar r\u00e1\u00f0stafanir - STOP carcinogens at work","description":"Every year, more than 100.000 people die in the EU from cancer caused by carcinogens at work. This must STOP!","robots":{"index":"index","follow":"follow","max-snippet":"max-snippet:-1","max-image-preview":"max-image-preview:large","max-video-preview":"max-video-preview:-1"},"canonical":"https:\/\/stopcarcinogensatwork.eu\/is\/kynntu-ther-helstu-forvarnaradferdirnar\/t-taeknilegar-radstafanir\/","og_locale":"is_IS","og_type":"article","og_title":"T - T\u00e6knilegar r\u00e1\u00f0stafanir","og_description":"Every year, more than 100.000 people die in the EU from cancer caused by carcinogens at work. This must STOP!","og_url":"https:\/\/stopcarcinogensatwork.eu\/is\/kynntu-ther-helstu-forvarnaradferdirnar\/t-taeknilegar-radstafanir\/","og_site_name":"STOP carcinogens at work","twitter_card":"summary_large_image","twitter_misc":{"Est. reading time":"3 minutes"},"schema":{"@context":"https:\/\/schema.org","@graph":[{"@type":"WebPage","@id":"https:\/\/stopcarcinogensatwork.eu\/is\/kynntu-ther-helstu-forvarnaradferdirnar\/t-taeknilegar-radstafanir\/","url":"https:\/\/stopcarcinogensatwork.eu\/is\/kynntu-ther-helstu-forvarnaradferdirnar\/t-taeknilegar-radstafanir\/","name":"T - T\u00e6knilegar r\u00e1\u00f0stafanir - STOP carcinogens at work","isPartOf":{"@id":"https:\/\/stopcarcinogensatwork.eu\/is\/#website"},"datePublished":"2024-02-17T16:45:26+00:00","description":"Every year, more than 100.000 people die in the EU from cancer caused by carcinogens at work. This must STOP!","breadcrumb":{"@id":"https:\/\/stopcarcinogensatwork.eu\/is\/kynntu-ther-helstu-forvarnaradferdirnar\/t-taeknilegar-radstafanir\/#breadcrumb"},"inLanguage":"is","potentialAction":[{"@type":"ReadAction","target":["https:\/\/stopcarcinogensatwork.eu\/is\/kynntu-ther-helstu-forvarnaradferdirnar\/t-taeknilegar-radstafanir\/"]}]},{"@type":"BreadcrumbList","@id":"https:\/\/stopcarcinogensatwork.eu\/is\/kynntu-ther-helstu-forvarnaradferdirnar\/t-taeknilegar-radstafanir\/#breadcrumb","itemListElement":[{"@type":"ListItem","position":1,"name":"Home","item":"https:\/\/stopcarcinogensatwork.eu\/is\/stodvum-krabbameinsvaldandi-efni-i-vinnunni\/"},{"@type":"ListItem","position":2,"name":"Kynntu \u00fe\u00e9r helstu forvarnara\u00f0fer\u00f0irnar","item":"https:\/\/stopcarcinogensatwork.eu\/is\/kynntu-ther-helstu-forvarnaradferdirnar\/"},{"@type":"ListItem","position":3,"name":"T &#8211; T\u00e6knilegar r\u00e1\u00f0stafanir"}]},{"@type":"WebSite","@id":"https:\/\/stopcarcinogensatwork.eu\/is\/#website","url":"https:\/\/stopcarcinogensatwork.eu\/is\/","name":"STOP Carcinogens at work","description":"Every year, about 100.000 people die from cancer that was caused by exposure to carcinogens at work in Europe.","publisher":{"@id":"https:\/\/stopcarcinogensatwork.eu\/is\/#organization"},"alternateName":"Roadmap on Carcinogens","potentialAction":[{"@type":"SearchAction","target":{"@type":"EntryPoint","urlTemplate":"https:\/\/stopcarcinogensatwork.eu\/is\/?s={search_term_string}"},"query-input":{"@type":"PropertyValueSpecification","valueRequired":true,"valueName":"search_term_string"}}],"inLanguage":"is"},{"@type":"Organization","@id":"https:\/\/stopcarcinogensatwork.eu\/is\/#organization","name":"TNO","alternateName":"This is a European wide voluntary action scheme","url":"https:\/\/stopcarcinogensatwork.eu\/is\/","logo":{"@type":"ImageObject","inLanguage":"is","@id":"https:\/\/stopcarcinogensatwork.eu\/is\/#\/schema\/logo\/image\/","url":"https:\/\/stopcarcinogensatwork.eu\/wp-content\/uploads\/2024\/08\/cropped-FavLarge-1.png","contentUrl":"https:\/\/stopcarcinogensatwork.eu\/wp-content\/uploads\/2024\/08\/cropped-FavLarge-1.png","width":512,"height":512,"caption":"TNO"},"image":{"@id":"https:\/\/stopcarcinogensatwork.eu\/is\/#\/schema\/logo\/image\/"},"publishingPrinciples":"https:\/\/stopcarcinogensatwork.eu\/homepage\/legal\/","ownershipFundingInfo":"https:\/\/stopcarcinogensatwork.eu\/general\/about-us\/"}]}},"_links":{"self":[{"href":"https:\/\/stopcarcinogensatwork.eu\/is\/wp-json\/wp\/v2\/pages\/67973","targetHints":{"allow":["GET"]}}],"collection":[{"href":"https:\/\/stopcarcinogensatwork.eu\/is\/wp-json\/wp\/v2\/pages"}],"about":[{"href":"https:\/\/stopcarcinogensatwork.eu\/is\/wp-json\/wp\/v2\/types\/page"}],"author":[{"embeddable":true,"href":"https:\/\/stopcarcinogensatwork.eu\/is\/wp-json\/wp\/v2\/users\/1"}],"replies":[{"embeddable":true,"href":"https:\/\/stopcarcinogensatwork.eu\/is\/wp-json\/wp\/v2\/comments?post=67973"}],"version-history":[{"count":0,"href":"https:\/\/stopcarcinogensatwork.eu\/is\/wp-json\/wp\/v2\/pages\/67973\/revisions"}],"up":[{"embeddable":true,"href":"https:\/\/stopcarcinogensatwork.eu\/is\/wp-json\/wp\/v2\/pages\/67967"}],"wp:attachment":[{"href":"https:\/\/stopcarcinogensatwork.eu\/is\/wp-json\/wp\/v2\/media?parent=67973"}],"curies":[{"name":"wp","href":"https:\/\/api.w.org\/{rel}","templated":true}]}}