{"id":67979,"date":"2024-02-05T13:42:42","date_gmt":"2024-02-05T13:42:42","guid":{"rendered":"https:\/\/stopcarcinogensatwork.eu\/almennt\/um-roadmap-on-carcinogens\/"},"modified":"2025-11-27T13:57:37","modified_gmt":"2025-11-27T13:57:37","slug":"um-roadmap-on-carcinogens","status":"publish","type":"page","link":"https:\/\/stopcarcinogensatwork.eu\/is\/almennt\/um-roadmap-on-carcinogens\/","title":{"rendered":"Um vegv\u00edsinn um krabbameinsvaldandi efni"},"content":{"rendered":"<blockquote><p>\u00deessi vefs\u00ed\u00f0a er frumkv\u00e6\u00f0i \u00far Vegv\u00edsi um krabbameinsvaldandi efni: Sj\u00e1lfbo\u00f0ali\u00f0a\u00e1\u00e6tlun um alla Evr\u00f3pu til a\u00f0 takast \u00e1 vi\u00f0 vinnutengd krabbamein. Eftirfarandi samstarfsa\u00f0ilar ( <a href=\"https:\/\/stopcarcinogensatwork.eu\/is\/kynning-a-roadmap-on-carcinogens-3-0\/\">hafa skuldbundi\u00f0 sig<\/a> ) til a\u00f0 vera virkir og taka forystu \u00ed \u00feessari \u00e1\u00e6tlun til a\u00f0 koma \u00ed veg fyrir \u00fatsetningu fyrir krabbameinsvaldandi efnum \u00e1 vinnusta\u00f0: <\/p>\n<p><img fetchpriority=\"high\" decoding=\"async\" class=\"alignnone size-full wp-image-92758\" src=\"https:\/\/stopcarcinogensatwork.eu\/wp-content\/uploads\/2025\/11\/partners.jpg\" alt=\"\" width=\"2560\" height=\"967\" srcset=\"https:\/\/stopcarcinogensatwork.eu\/wp-content\/uploads\/2025\/11\/partners.jpg 2560w, https:\/\/stopcarcinogensatwork.eu\/wp-content\/uploads\/2025\/11\/partners-300x113.jpg 300w, https:\/\/stopcarcinogensatwork.eu\/wp-content\/uploads\/2025\/11\/partners-768x290.jpg 768w, https:\/\/stopcarcinogensatwork.eu\/wp-content\/uploads\/2025\/11\/partners-1536x580.jpg 1536w, https:\/\/stopcarcinogensatwork.eu\/wp-content\/uploads\/2025\/11\/partners-2048x774.jpg 2048w\" sizes=\"(max-width: 2560px) 100vw, 2560px\" \/><\/p><\/blockquote>\n<ul>\n<li><a href=\"https:\/\/www.bma.gv.at\/en.html\" target=\"_blank\" rel=\"noopener\">Austurr\u00edki: Sambandsr\u00e1\u00f0uneyti vinnum\u00e1la, f\u00e9lagsm\u00e1la, heilbrig\u00f0ism\u00e1la, um\u00f6nnunar og neytendaverndar<\/a><\/li>\n<li><a href=\"https:\/\/employment.belgium.be\/en\/themes\" target=\"_blank\" rel=\"noopener\">Belg\u00eda: Alr\u00edkis\u00fej\u00f3nustan Atvinna, vinnumarka\u00f0ur og f\u00e9lagsleg samskipti<\/a><\/li>\n<li><a href=\"https:\/\/stm.fi\/en\/frontpage\" target=\"_blank\" rel=\"noopener\">Finnland: F\u00e9lags- og heilbrig\u00f0isr\u00e1\u00f0uneyti\u00f0<\/a><\/li>\n<li><a href=\"https:\/\/travail-emploi.gouv.fr\/\" target=\"_blank\" rel=\"noopener\">Frakkland: Vinnum\u00e1la-, heilbrig\u00f0is- og samst\u00f6\u00f0ur\u00e1\u00f0uneyti\u00f0<\/a><\/li>\n<li><a href=\"https:\/\/www.bmas.de\/EN\/Home\/home.html\" target=\"_blank\" rel=\"noopener\">\u00de\u00fdskaland: Sambandsr\u00e1\u00f0uneyti vinnum\u00e1la og f\u00e9lagsm\u00e1la<\/a><\/li>\n<li><a href=\"http:\/\/hsa.ie\/\" target=\"_blank\" rel=\"noopener\">\u00cdrland: Heilbrig\u00f0is- og \u00f6ryggisstofnun<\/a><\/li>\n<li><a href=\"https:\/\/www.government.nl\/ministries\/ministry-of-social-affairs-and-employment\" target=\"_blank\" rel=\"noopener\">Holland: F\u00e9lags- og atvinnum\u00e1lar\u00e1\u00f0uneyti\u00f0<\/a><\/li>\n<li><a href=\"https:\/\/stami.no\/en\/\" target=\"_blank\" rel=\"noopener\">Noregur: Norska vinnuverndarstofnunin (STAMI)<\/a><\/li>\n<li><a href=\"https:\/\/portal.act.gov.pt\/Pages\/Home.aspx\" target=\"_blank\" rel=\"noopener\">Port\u00fagal: Yfirv\u00f6ld me\u00f0 vinnuskilyr\u00f0i<\/a><\/li>\n<li><a href=\"https:\/\/www.gov.si\/en\/state-authorities\/ministries\/ministry-of-labour-family-social-affairs-and-equal-opportunities\/\" target=\"_blank\" rel=\"noopener\">Sl\u00f3ven\u00eda: Vinnum\u00e1lar\u00e1\u00f0uneyti\u00f0, fj\u00f6lskyldu-, f\u00e9lagsm\u00e1lar\u00e1\u00f0uneyti\u00f0 og jafnr\u00e9ttisr\u00e1\u00f0uneyti\u00f0<\/a><\/li>\n<li><a href=\"https:\/\/www.mites.gob.es\/en\/\" target=\"_blank\" rel=\"noopener\">Sp\u00e1nn: Sp\u00e6nska vinnum\u00e1lar\u00e1\u00f0uneyti\u00f0 og f\u00e9lagsm\u00e1lar\u00e1\u00f0uneyti\u00f0<\/a><\/li>\n<li><a href=\"https:\/\/www.businesseurope.eu\/\" target=\"_blank\" rel=\"noopener\">BusinessEurope (evr\u00f3pskir vinnuveitendur)<\/a><\/li>\n<li><a href=\"https:\/\/www.etuc.org\/\" target=\"_blank\" rel=\"noopener\">Evr\u00f3pska verkal\u00fd\u00f0ssambandi\u00f0 \u2013 ETUC (Evr\u00f3pskir laun\u00feegar)<\/a><\/li>\n<li><a href=\"https:\/\/osha.europa.eu\/en\/themes\/dangerous-substances\/roadmap-to-carcinogens\" target=\"_blank\" rel=\"noopener\">Evr\u00f3pska vinnuverndarstofnunin \u2013 EU-OSHA<\/a><\/li>\n<li><a href=\"https:\/\/echa.europa.eu\/\" target=\"_blank\" rel=\"noopener\">Efnastofnun Evr\u00f3pu \u2013 ECHA<\/a><\/li>\n<li><a href=\"https:\/\/ec.europa.eu\/info\/departments\/employment-social-affairs-and-inclusion_en\" target=\"_blank\" rel=\"noopener\">Evr\u00f3pusambandsframkv\u00e6mdastj\u00f3rnin<\/a><\/li>\n<\/ul>\n<p>&nbsp;<\/p>\n<p>Auk \u00feess eru margir vinir (fyrirt\u00e6ki og stofnanir) \u00feegar farnir a\u00f0 sty\u00f0ja Vegv\u00edsinn um krabbameinsvaldandi efni me\u00f0 \u00fev\u00ed a\u00f0 deila skilabo\u00f0um okkar. Gerstu vinur me\u00f0 \u00fev\u00ed <a href=\"https:\/\/laposta.nl\/f\/ss69p5fpqabo\" target=\"_blank\" rel=\"noopener\">a\u00f0 skr\u00e1 \u00feig \u00e1 fr\u00e9ttabr\u00e9fi\u00f0<\/a> . <\/p>\n<h2>Mikilv\u00e6gi fer\u00f0alags okkar<\/h2>\n<p>\u00c1 hverju \u00e1ri greinast um 120.000 manns \u00ed ESB me\u00f0 krabbamein vegna \u00fatsetningar fyrir krabbameinsvaldandi efnum \u00e1 vinnusta\u00f0. Og um \u00fea\u00f0 bil 100.000 manns deyja vegna vinnutengds krabbameins. Og \u00fea\u00f0 er mikilv\u00e6gt a\u00f0 gera s\u00e9r grein fyrir \u00fev\u00ed a\u00f0 \u00feetta er \u00f3\u00fearfi! \u00dea\u00f0 stafar af \u00fev\u00ed hvernig vi\u00f0 vinnum, \u00feeim valkostum sem vi\u00f0 t\u00f6kum. G\u00f3\u00f0u fr\u00e9ttirnar eru \u00fev\u00ed \u00fe\u00e6r a\u00f0 vi\u00f0 getum gert eitthva\u00f0 \u00ed m\u00e1linu. Forvarnir eru lykilor\u00f0i\u00f0 h\u00e9r, a\u00f0 tryggja a\u00f0 vi\u00f0 ver\u00f0um ekki fyrir krabbameinsvaldandi efnum.     <\/p>\n<p>Vegv\u00edsirinn um krabbameinsvaldandi efni mi\u00f0ar a\u00f0 \u00fev\u00ed a\u00f0 hj\u00e1lpa evr\u00f3pskum fyrirt\u00e6kjum og launaf\u00f3lki a\u00f0 gr\u00edpa til a\u00f0ger\u00f0a me\u00f0 \u00fev\u00ed a\u00f0:<\/p>\n<ul>\n<li><strong>A\u00f0 skapa vitund:<\/strong> a\u00f0 uppl\u00fdsa fyrirt\u00e6ki og starfsmenn um h\u00e6ttuna \u00e1 v\u00e1hrifum krabbameinsvaldandi efna og nau\u00f0syn \u00feess a\u00f0 gr\u00edpa til fyrirbyggjandi a\u00f0ger\u00f0a og kynna sta\u00f0reyndir.<\/li>\n<li><strong>A\u00f0 veita a\u00f0sto\u00f0:<\/strong> a\u00f0 bj\u00f3\u00f0a upp \u00e1 lausnir og verkf\u00e6ri fyrir fyrirt\u00e6ki og starfsmenn til a\u00f0 for\u00f0ast \u00fatsetningu fyrir krabbameinsvaldandi efnum \u00e1 vinnusta\u00f0 og l\u00e1gmarka \u00e1hrif \u00feeirra \u00e1 vinnuafli\u00f0.<\/li>\n<\/ul>\n<h2>N\u00faverandi \u00e1\u00e6tlun gerir r\u00e1\u00f0 fyrir starfsemi til loka \u00e1rs 2027.<\/h2>\n<p>\u00cd \u00f6\u00f0rum \u00e1fanga vegv\u00edsisins fr\u00e1 2020-2024 framkv\u00e6mdum vi\u00f0 12 \u00e1skoranir. Ni\u00f0urst\u00f6\u00f0urnar hafa veri\u00f0 e\u00f0a ver\u00f0a innleiddar \u00e1 vefs\u00ed\u00f0una.   <strong><a href=\"https:\/\/stopcarcinogensatwork.eu\/is\/almennt\/um-roadmap-on-carcinogens\/askoranir\/\">N\u00e1nari uppl\u00fdsingar um \u00feessi verkefni er a\u00f0 finna h\u00e9r.<\/a><\/strong><\/p>\n<p>\u00de\u00fa getur n\u00fa einnig sko\u00f0a\u00f0 n\u00fdju stefnu okkar fyrir <a href=\"https:\/\/stopcarcinogensatwork.eu\/wp-content\/uploads\/2025\/05\/RoC3.0_Strategy_final.pdf\">RoC3.0 \u00e1 \u00e1runum 2025-2027 h\u00e9r.<\/a><\/p>\n<h2>Vi\u00f0 notum \u00fe\u00fd\u00f0ingart\u00f3l sem byggir \u00e1 gervigreind fyrir vefs\u00ed\u00f0u okkar<\/h2>\n<p>Vi\u00f0 notum \u00fe\u00fd\u00f0ingart\u00f3l sem byggir \u00e1 gervigreind fyrir vefs\u00ed\u00f0u okkar, \u00fear sem m\u00f3\u00f0urm\u00e1lsmenn fara yfir og lei\u00f0r\u00e9tta allar \u00f3n\u00e1kv\u00e6mni. \u00deessi a\u00f0fer\u00f0 tryggir b\u00e6\u00f0i skilvirkni og g\u00e6\u00f0i, \u00fear sem gervigreindarkerfi\u00f0 batnar st\u00f6\u00f0ugt me\u00f0 t\u00edmanum. Vi\u00f0 teljum a\u00f0 \u00feessi a\u00f0fer\u00f0 bj\u00f3\u00f0i upp \u00e1 \u00e1hrifar\u00edkustu og hagkv\u00e6mustu lei\u00f0ina til a\u00f0 gera vefs\u00ed\u00f0u okkar a\u00f0gengilega \u00e1 m\u00f6rgum tungum\u00e1lum, sem hj\u00e1lpar okkur a\u00f0 n\u00e1 til brei\u00f0ari h\u00f3ps einstaklinga og stofnana. Ef \u00fe\u00fa hefur einhverjar \u00e1bendingar e\u00f0a till\u00f6gur var\u00f0andi \u00fe\u00fd\u00f0ingarferli\u00f0 okkar, \u00fe\u00e1 viljum vi\u00f0 gjarnan heyra fr\u00e1 \u00fe\u00e9r. Vinsamlegast deildu hugsunum \u00fe\u00ednum me\u00f0 okkur \u00ed t\u00f6lvup\u00f3sti.    <\/p>\n<h2>Spurningar og athugasemdir<\/h2>\n<p>Fyrir frekari uppl\u00fdsingar e\u00f0a ef \u00fe\u00fa hefur einhverjar spurningar, haf\u00f0u samband vi\u00f0 okkur \u00e1:  <a href=\"mailto:info@stopcarcinogensatwork.eu\">info@stopcarcinogensatwork.eu<\/a><\/p>\n<p>&nbsp;<\/p>\n","protected":false},"excerpt":{"rendered":"<p>\u00deessi vefs\u00ed\u00f0a er frumkv\u00e6\u00f0i \u00far Vegv\u00edsi um krabbameinsvaldandi efni: Sj\u00e1lfbo\u00f0ali\u00f0a\u00e1\u00e6tlun um alla Evr\u00f3pu til a\u00f0 takast \u00e1 vi\u00f0 vinnutengd krabbamein. Eftirfarandi samstarfsa\u00f0ilar ( hafa skuldbundi\u00f0 sig ) til a\u00f0 vera virkir og taka forystu \u00ed \u00feessari \u00e1\u00e6tlun til a\u00f0 koma \u00ed veg fyrir \u00fatsetningu fyrir krabbameinsvaldandi efnum \u00e1 vinnusta\u00f0: Austurr\u00edki: Sambandsr\u00e1\u00f0uneyti vinnum\u00e1la, f\u00e9lagsm\u00e1la, heilbrig\u00f0ism\u00e1la, um\u00f6nnunar [&hellip;]<\/p>\n","protected":false},"author":1,"featured_media":0,"parent":67908,"menu_order":0,"comment_status":"closed","ping_status":"closed","template":"","meta":{"inline_featured_image":false,"footnotes":""},"class_list":["post-67979","page","type-page","status-publish","hentry"],"yoast_head":"<!-- This site is optimized with the Yoast SEO Premium plugin v27.0 (Yoast SEO v27.3) - https:\/\/yoast.com\/product\/yoast-seo-premium-wordpress\/ -->\n<title>Um vegv\u00edsinn um krabbameinsvaldandi efni - STOP carcinogens at work<\/title>\n<meta name=\"description\" content=\"\u00deessi vefs\u00ed\u00f0a er sj\u00e1lfbo\u00f0aa\u00f0ger\u00f0a\u00e1\u00e6tlun ESB til a\u00f0 koma \u00ed veg fyrir a\u00f0 starfsmenn ver\u00f0i fyrir krabbameinsvaldandi efnum \u00e1 vinnusta\u00f0.\" \/>\n<meta name=\"robots\" content=\"index, follow, max-snippet:-1, max-image-preview:large, max-video-preview:-1\" \/>\n<link rel=\"canonical\" href=\"https:\/\/stopcarcinogensatwork.eu\/is\/almennt\/um-roadmap-on-carcinogens\/\" \/>\n<meta property=\"og:locale\" content=\"is_IS\" \/>\n<meta property=\"og:type\" content=\"article\" \/>\n<meta property=\"og:title\" content=\"Um vegv\u00edsinn um krabbameinsvaldandi efni\" \/>\n<meta property=\"og:description\" content=\"\u00deessi vefs\u00ed\u00f0a er sj\u00e1lfbo\u00f0aa\u00f0ger\u00f0a\u00e1\u00e6tlun ESB til a\u00f0 koma \u00ed veg fyrir a\u00f0 starfsmenn ver\u00f0i fyrir krabbameinsvaldandi efnum \u00e1 vinnusta\u00f0.\" \/>\n<meta property=\"og:url\" content=\"https:\/\/stopcarcinogensatwork.eu\/is\/almennt\/um-roadmap-on-carcinogens\/\" \/>\n<meta property=\"og:site_name\" content=\"STOP carcinogens at work\" \/>\n<meta property=\"article:modified_time\" content=\"2025-11-27T13:57:37+00:00\" \/>\n<meta property=\"og:image\" content=\"https:\/\/stopcarcinogensatwork.eu\/wp-content\/uploads\/2025\/11\/partners.jpg\" \/>\n\t<meta property=\"og:image:width\" content=\"2560\" \/>\n\t<meta property=\"og:image:height\" content=\"967\" \/>\n\t<meta property=\"og:image:type\" content=\"image\/jpeg\" \/>\n<meta name=\"twitter:card\" content=\"summary_large_image\" \/>\n<meta name=\"twitter:label1\" content=\"Est. reading time\" \/>\n\t<meta name=\"twitter:data1\" content=\"3 minutes\" \/>\n<script type=\"application\/ld+json\" class=\"yoast-schema-graph\">{\"@context\":\"https:\\\/\\\/schema.org\",\"@graph\":[{\"@type\":\"WebPage\",\"@id\":\"https:\\\/\\\/stopcarcinogensatwork.eu\\\/is\\\/almennt\\\/um-roadmap-on-carcinogens\\\/\",\"url\":\"https:\\\/\\\/stopcarcinogensatwork.eu\\\/is\\\/almennt\\\/um-roadmap-on-carcinogens\\\/\",\"name\":\"Um vegv\u00edsinn um krabbameinsvaldandi efni - STOP carcinogens at work\",\"isPartOf\":{\"@id\":\"https:\\\/\\\/stopcarcinogensatwork.eu\\\/is\\\/#website\"},\"primaryImageOfPage\":{\"@id\":\"https:\\\/\\\/stopcarcinogensatwork.eu\\\/is\\\/almennt\\\/um-roadmap-on-carcinogens\\\/#primaryimage\"},\"image\":{\"@id\":\"https:\\\/\\\/stopcarcinogensatwork.eu\\\/is\\\/almennt\\\/um-roadmap-on-carcinogens\\\/#primaryimage\"},\"thumbnailUrl\":\"https:\\\/\\\/stopcarcinogensatwork.eu\\\/wp-content\\\/uploads\\\/2025\\\/11\\\/partners.jpg\",\"datePublished\":\"2024-02-05T13:42:42+00:00\",\"dateModified\":\"2025-11-27T13:57:37+00:00\",\"description\":\"\u00deessi vefs\u00ed\u00f0a er sj\u00e1lfbo\u00f0aa\u00f0ger\u00f0a\u00e1\u00e6tlun ESB til a\u00f0 koma \u00ed veg fyrir a\u00f0 starfsmenn ver\u00f0i fyrir krabbameinsvaldandi efnum \u00e1 vinnusta\u00f0.\",\"breadcrumb\":{\"@id\":\"https:\\\/\\\/stopcarcinogensatwork.eu\\\/is\\\/almennt\\\/um-roadmap-on-carcinogens\\\/#breadcrumb\"},\"inLanguage\":\"is\",\"potentialAction\":[{\"@type\":\"ReadAction\",\"target\":[\"https:\\\/\\\/stopcarcinogensatwork.eu\\\/is\\\/almennt\\\/um-roadmap-on-carcinogens\\\/\"]}]},{\"@type\":\"ImageObject\",\"inLanguage\":\"is\",\"@id\":\"https:\\\/\\\/stopcarcinogensatwork.eu\\\/is\\\/almennt\\\/um-roadmap-on-carcinogens\\\/#primaryimage\",\"url\":\"https:\\\/\\\/stopcarcinogensatwork.eu\\\/wp-content\\\/uploads\\\/2025\\\/11\\\/partners.jpg\",\"contentUrl\":\"https:\\\/\\\/stopcarcinogensatwork.eu\\\/wp-content\\\/uploads\\\/2025\\\/11\\\/partners.jpg\"},{\"@type\":\"BreadcrumbList\",\"@id\":\"https:\\\/\\\/stopcarcinogensatwork.eu\\\/is\\\/almennt\\\/um-roadmap-on-carcinogens\\\/#breadcrumb\",\"itemListElement\":[{\"@type\":\"ListItem\",\"position\":1,\"name\":\"Home\",\"item\":\"https:\\\/\\\/stopcarcinogensatwork.eu\\\/is\\\/stodvum-krabbameinsvaldandi-efni-i-vinnunni\\\/\"},{\"@type\":\"ListItem\",\"position\":2,\"name\":\"Almennt\",\"item\":\"https:\\\/\\\/stopcarcinogensatwork.eu\\\/is\\\/almennt\\\/\"},{\"@type\":\"ListItem\",\"position\":3,\"name\":\"Um vegv\u00edsinn um krabbameinsvaldandi efni\"}]},{\"@type\":\"WebSite\",\"@id\":\"https:\\\/\\\/stopcarcinogensatwork.eu\\\/is\\\/#website\",\"url\":\"https:\\\/\\\/stopcarcinogensatwork.eu\\\/is\\\/\",\"name\":\"STOP Carcinogens at work\",\"description\":\"Every year, about 100.000 people die from cancer that was caused by exposure to carcinogens at work in Europe.\",\"publisher\":{\"@id\":\"https:\\\/\\\/stopcarcinogensatwork.eu\\\/is\\\/#organization\"},\"alternateName\":\"Roadmap on Carcinogens\",\"potentialAction\":[{\"@type\":\"SearchAction\",\"target\":{\"@type\":\"EntryPoint\",\"urlTemplate\":\"https:\\\/\\\/stopcarcinogensatwork.eu\\\/is\\\/?s={search_term_string}\"},\"query-input\":{\"@type\":\"PropertyValueSpecification\",\"valueRequired\":true,\"valueName\":\"search_term_string\"}}],\"inLanguage\":\"is\"},{\"@type\":\"Organization\",\"@id\":\"https:\\\/\\\/stopcarcinogensatwork.eu\\\/is\\\/#organization\",\"name\":\"TNO\",\"alternateName\":\"This is a European wide voluntary action scheme\",\"url\":\"https:\\\/\\\/stopcarcinogensatwork.eu\\\/is\\\/\",\"logo\":{\"@type\":\"ImageObject\",\"inLanguage\":\"is\",\"@id\":\"https:\\\/\\\/stopcarcinogensatwork.eu\\\/is\\\/#\\\/schema\\\/logo\\\/image\\\/\",\"url\":\"https:\\\/\\\/stopcarcinogensatwork.eu\\\/wp-content\\\/uploads\\\/2024\\\/08\\\/cropped-FavLarge-1.png\",\"contentUrl\":\"https:\\\/\\\/stopcarcinogensatwork.eu\\\/wp-content\\\/uploads\\\/2024\\\/08\\\/cropped-FavLarge-1.png\",\"width\":512,\"height\":512,\"caption\":\"TNO\"},\"image\":{\"@id\":\"https:\\\/\\\/stopcarcinogensatwork.eu\\\/is\\\/#\\\/schema\\\/logo\\\/image\\\/\"},\"publishingPrinciples\":\"https:\\\/\\\/stopcarcinogensatwork.eu\\\/homepage\\\/legal\\\/\",\"ownershipFundingInfo\":\"https:\\\/\\\/stopcarcinogensatwork.eu\\\/general\\\/about-us\\\/\"}]}<\/script>\n<!-- \/ Yoast SEO Premium plugin. -->","yoast_head_json":{"title":"Um vegv\u00edsinn um krabbameinsvaldandi efni - STOP carcinogens at work","description":"\u00deessi vefs\u00ed\u00f0a er sj\u00e1lfbo\u00f0aa\u00f0ger\u00f0a\u00e1\u00e6tlun ESB til a\u00f0 koma \u00ed veg fyrir a\u00f0 starfsmenn ver\u00f0i fyrir krabbameinsvaldandi efnum \u00e1 vinnusta\u00f0.","robots":{"index":"index","follow":"follow","max-snippet":"max-snippet:-1","max-image-preview":"max-image-preview:large","max-video-preview":"max-video-preview:-1"},"canonical":"https:\/\/stopcarcinogensatwork.eu\/is\/almennt\/um-roadmap-on-carcinogens\/","og_locale":"is_IS","og_type":"article","og_title":"Um vegv\u00edsinn um krabbameinsvaldandi efni","og_description":"\u00deessi vefs\u00ed\u00f0a er sj\u00e1lfbo\u00f0aa\u00f0ger\u00f0a\u00e1\u00e6tlun ESB til a\u00f0 koma \u00ed veg fyrir a\u00f0 starfsmenn ver\u00f0i fyrir krabbameinsvaldandi efnum \u00e1 vinnusta\u00f0.","og_url":"https:\/\/stopcarcinogensatwork.eu\/is\/almennt\/um-roadmap-on-carcinogens\/","og_site_name":"STOP carcinogens at work","article_modified_time":"2025-11-27T13:57:37+00:00","og_image":[{"width":2560,"height":967,"url":"https:\/\/stopcarcinogensatwork.eu\/wp-content\/uploads\/2025\/11\/partners.jpg","type":"image\/jpeg"}],"twitter_card":"summary_large_image","twitter_misc":{"Est. reading time":"3 minutes"},"schema":{"@context":"https:\/\/schema.org","@graph":[{"@type":"WebPage","@id":"https:\/\/stopcarcinogensatwork.eu\/is\/almennt\/um-roadmap-on-carcinogens\/","url":"https:\/\/stopcarcinogensatwork.eu\/is\/almennt\/um-roadmap-on-carcinogens\/","name":"Um vegv\u00edsinn um krabbameinsvaldandi efni - STOP carcinogens at work","isPartOf":{"@id":"https:\/\/stopcarcinogensatwork.eu\/is\/#website"},"primaryImageOfPage":{"@id":"https:\/\/stopcarcinogensatwork.eu\/is\/almennt\/um-roadmap-on-carcinogens\/#primaryimage"},"image":{"@id":"https:\/\/stopcarcinogensatwork.eu\/is\/almennt\/um-roadmap-on-carcinogens\/#primaryimage"},"thumbnailUrl":"https:\/\/stopcarcinogensatwork.eu\/wp-content\/uploads\/2025\/11\/partners.jpg","datePublished":"2024-02-05T13:42:42+00:00","dateModified":"2025-11-27T13:57:37+00:00","description":"\u00deessi vefs\u00ed\u00f0a er sj\u00e1lfbo\u00f0aa\u00f0ger\u00f0a\u00e1\u00e6tlun ESB til a\u00f0 koma \u00ed veg fyrir a\u00f0 starfsmenn ver\u00f0i fyrir krabbameinsvaldandi efnum \u00e1 vinnusta\u00f0.","breadcrumb":{"@id":"https:\/\/stopcarcinogensatwork.eu\/is\/almennt\/um-roadmap-on-carcinogens\/#breadcrumb"},"inLanguage":"is","potentialAction":[{"@type":"ReadAction","target":["https:\/\/stopcarcinogensatwork.eu\/is\/almennt\/um-roadmap-on-carcinogens\/"]}]},{"@type":"ImageObject","inLanguage":"is","@id":"https:\/\/stopcarcinogensatwork.eu\/is\/almennt\/um-roadmap-on-carcinogens\/#primaryimage","url":"https:\/\/stopcarcinogensatwork.eu\/wp-content\/uploads\/2025\/11\/partners.jpg","contentUrl":"https:\/\/stopcarcinogensatwork.eu\/wp-content\/uploads\/2025\/11\/partners.jpg"},{"@type":"BreadcrumbList","@id":"https:\/\/stopcarcinogensatwork.eu\/is\/almennt\/um-roadmap-on-carcinogens\/#breadcrumb","itemListElement":[{"@type":"ListItem","position":1,"name":"Home","item":"https:\/\/stopcarcinogensatwork.eu\/is\/stodvum-krabbameinsvaldandi-efni-i-vinnunni\/"},{"@type":"ListItem","position":2,"name":"Almennt","item":"https:\/\/stopcarcinogensatwork.eu\/is\/almennt\/"},{"@type":"ListItem","position":3,"name":"Um vegv\u00edsinn um krabbameinsvaldandi efni"}]},{"@type":"WebSite","@id":"https:\/\/stopcarcinogensatwork.eu\/is\/#website","url":"https:\/\/stopcarcinogensatwork.eu\/is\/","name":"STOP Carcinogens at work","description":"Every year, about 100.000 people die from cancer that was caused by exposure to carcinogens at work in Europe.","publisher":{"@id":"https:\/\/stopcarcinogensatwork.eu\/is\/#organization"},"alternateName":"Roadmap on Carcinogens","potentialAction":[{"@type":"SearchAction","target":{"@type":"EntryPoint","urlTemplate":"https:\/\/stopcarcinogensatwork.eu\/is\/?s={search_term_string}"},"query-input":{"@type":"PropertyValueSpecification","valueRequired":true,"valueName":"search_term_string"}}],"inLanguage":"is"},{"@type":"Organization","@id":"https:\/\/stopcarcinogensatwork.eu\/is\/#organization","name":"TNO","alternateName":"This is a European wide voluntary action scheme","url":"https:\/\/stopcarcinogensatwork.eu\/is\/","logo":{"@type":"ImageObject","inLanguage":"is","@id":"https:\/\/stopcarcinogensatwork.eu\/is\/#\/schema\/logo\/image\/","url":"https:\/\/stopcarcinogensatwork.eu\/wp-content\/uploads\/2024\/08\/cropped-FavLarge-1.png","contentUrl":"https:\/\/stopcarcinogensatwork.eu\/wp-content\/uploads\/2024\/08\/cropped-FavLarge-1.png","width":512,"height":512,"caption":"TNO"},"image":{"@id":"https:\/\/stopcarcinogensatwork.eu\/is\/#\/schema\/logo\/image\/"},"publishingPrinciples":"https:\/\/stopcarcinogensatwork.eu\/homepage\/legal\/","ownershipFundingInfo":"https:\/\/stopcarcinogensatwork.eu\/general\/about-us\/"}]}},"_links":{"self":[{"href":"https:\/\/stopcarcinogensatwork.eu\/is\/wp-json\/wp\/v2\/pages\/67979","targetHints":{"allow":["GET"]}}],"collection":[{"href":"https:\/\/stopcarcinogensatwork.eu\/is\/wp-json\/wp\/v2\/pages"}],"about":[{"href":"https:\/\/stopcarcinogensatwork.eu\/is\/wp-json\/wp\/v2\/types\/page"}],"author":[{"embeddable":true,"href":"https:\/\/stopcarcinogensatwork.eu\/is\/wp-json\/wp\/v2\/users\/1"}],"replies":[{"embeddable":true,"href":"https:\/\/stopcarcinogensatwork.eu\/is\/wp-json\/wp\/v2\/comments?post=67979"}],"version-history":[{"count":0,"href":"https:\/\/stopcarcinogensatwork.eu\/is\/wp-json\/wp\/v2\/pages\/67979\/revisions"}],"up":[{"embeddable":true,"href":"https:\/\/stopcarcinogensatwork.eu\/is\/wp-json\/wp\/v2\/pages\/67908"}],"wp:attachment":[{"href":"https:\/\/stopcarcinogensatwork.eu\/is\/wp-json\/wp\/v2\/media?parent=67979"}],"curies":[{"name":"wp","href":"https:\/\/api.w.org\/{rel}","templated":true}]}}