{"id":68035,"date":"2023-08-15T07:25:38","date_gmt":"2023-08-15T07:25:38","guid":{"rendered":"https:\/\/stopcarcinogensatwork.eu\/almennt\/inngangur-um-krabbameinsvaldandi-efni\/"},"modified":"2023-08-15T07:25:38","modified_gmt":"2023-08-15T07:25:38","slug":"inngangur-um-krabbameinsvaldandi-efni","status":"publish","type":"page","link":"https:\/\/stopcarcinogensatwork.eu\/is\/almennt\/inngangur-um-krabbameinsvaldandi-efni\/","title":{"rendered":"Inngangur um krabbameinsvaldandi efni"},"content":{"rendered":"<blockquote><p>Krabbameinsvaldandi efni eru krabbameinsvaldandi efni. \u00deekkt d\u00e6mi er asbest, efni sem veldur \u00fe\u00fasundum l\u00e1tnum m\u00f6nnum sem \u00fej\u00e1st og deyja vegna \u00fatsetningar fyrir asbest\u00f6gnum. M\u00f6rg \u00f6nnur krabbameinsvaldandi efni eru minna \u00feekkt, en athugi\u00f0: jafnvel n\u00e1tt\u00faruleg efni, eins og har\u00f0vi\u00f0arryk, geta valdi\u00f0 krabbameini. Gakktu \u00far skugga um a\u00f0 \u00fe\u00fa vitir hva\u00f0 \u00fe\u00fa vinnur me\u00f0!   <\/p><\/blockquote>\n<h2>Tegundir krabbameinsvaldandi efna<\/h2>\n<h3>Krabbameinsvaldandi efni birtast \u00ed mismunandi myndum:<\/h3>\n<ul>\n<li>\u00datlit: Krabbameinsvaldandi efni geta komi\u00f0 fyrir \u00ed v\u00f6rum sem nota\u00f0ar eru \u00ed fyrirt\u00e6kjum, \u00fear \u00e1 me\u00f0al efnaafbrig\u00f0i eins og \u00e1kve\u00f0in skord\u00fdraeitur og i\u00f0na\u00f0arm\u00e1lning. En \u00feau geta einnig veri\u00f0 aflei\u00f0ing af ferlum (krabbameinsvaldandi efni sem myndast vi\u00f0 ferli\u00f0) eins og \u00fatbl\u00e1stur fr\u00e1 d\u00edsilol\u00edu e\u00f0a su\u00f0ureykur. <\/li>\n<li>Sum krabbameinsvaldandi efni geta borist inn \u00ed l\u00edkamann vi\u00f0 inn\u00f6ndun og geta til d\u00e6mis komist inn \u00ed bl\u00f3\u00f0r\u00e1sina og l\u00edff\u00e6rin, \u00fear \u00e1 me\u00f0al heilann. \u00d6nnur geta komist inn \u00ed gegnum h\u00fa\u00f0ina. \u00deegar krabbameinsvaldandi efni hafa komist inn \u00ed l\u00edkamann geta \u00feau ska\u00f0a\u00f0 DNA starfsmannsins e\u00f0a breytt \u00fev\u00ed hvernig frumur l\u00edkamans starfa og fj\u00f6lga s\u00e9r. \u00deetta getur leitt til krabbameins og annarra heilsufarsvandam\u00e1la.   <\/li>\n<li>N\u00e1tt\u00farulegar v\u00f6rur: Jafnvel n\u00e1tt\u00faruv\u00f6rur geta valdi\u00f0 krabbameini vi\u00f0 mikla og langvarandi \u00fatsetningu, eins og ryk \u00far har\u00f0vi\u00f0i og k\u00edsil og kvars \u00ed \u00e1kve\u00f0num steintegundum.<\/li>\n<\/ul>\n<p>Sko\u00f0i\u00f0 <a href=\"https:\/\/stopcarcinogensatwork.eu\/search\/\">uppl\u00fdsingabl\u00f6\u00f0in<\/a> til a\u00f0 f\u00e1 n\u00e1nari uppl\u00fdsingar um mismunandi krabbameinsvaldandi efni.<\/p>\n<h2>L\u00f6ggj\u00f6f um krabbameinsvaldandi efni<\/h2>\n<p>Til a\u00f0 vernda starfsmenn gegn \u00fatsetningu krabbameinsvaldandi efna hefur ESB sami\u00f0 tilskipun um <a href=\"https:\/\/osha.europa.eu\/nl\/legislation\/directive\/directive-200437ec-carcinogens-or-mutagens-work\">krabbameinsvaldandi efni, st\u00f6kkbreytandi efni e\u00f0a efni sem eru ska\u00f0leg \u00e6xlun<\/a> . \u00cd \u00feessari tilskipun er kve\u00f0i\u00f0 \u00e1 um eftirfarandi verklagsreglur: <\/p>\n<ul>\n<li><strong>\u00c1h\u00e6ttumat:<\/strong> Vinnuveitandi ver\u00f0ur a\u00f0 kanna og stj\u00f3rna \u00e1h\u00e6ttu \u00e1 a\u00f0 ver\u00f0a fyrir \u00e1hrifum krabbameinsvaldandi, st\u00f6kkbreytandi (genabreytandi) e\u00f0a \u00e6xlunarska\u00f0andi efna (CMR). \u00deessa sko\u00f0un ver\u00f0ur a\u00f0 gera reglulega. <\/li>\n<li><strong>Fyrirbyggjandi a\u00f0ger\u00f0ir:<\/strong> Starfsmenn \u00e6ttu ekki a\u00f0 vera \u00fatsettir fyrir krabbameinsvaldandi efnum (CMR). Vinnuveitandi ver\u00f0ur a\u00f0 nota \u00f6ruggari efni ef m\u00f6gulegt er. Ef ekki er h\u00e6gt a\u00f0 nota loka\u00f0 kerfi skal l\u00e1gmarka \u00fatsetningu. \u00datsetning m\u00e1 ekki fara yfir leyfilegt magn krabbameinsvaldandi efna (lesa meira: STOP-reglan).   <\/li>\n<li><strong>Uppl\u00fdsingar og \u00fej\u00e1lfun:<\/strong> Vinnuveitandi ver\u00f0ur a\u00f0 veita vi\u00f0eigandi \u00fej\u00e1lfun um heilsufars\u00e1h\u00e6ttu, hvernig for\u00f0ast skuli \u00fatsetningu, hreinl\u00e6tisreglur, hl\u00edf\u00f0arb\u00fana\u00f0 og hva\u00f0 skal gera ef atvik koma upp.<\/li>\n<li><strong>Heilbrig\u00f0iseftirlit:<\/strong> Ef l\u00edffr\u00e6\u00f0ilegt vi\u00f0mi\u00f0unarm\u00f6rk (sj\u00e1 h\u00e9r a\u00f0 ne\u00f0an) eru sett \u00fearf a\u00f0 framkv\u00e6ma heilsufarssko\u00f0anir. Starfsm\u00f6nnum ver\u00f0ur a\u00f0 vera tilkynnt um \u00feetta \u00e1\u00f0ur en \u00feeir hefja \u00e1h\u00e6ttus\u00f6m verkefni. <\/li>\n<\/ul>\n<h2>Vi\u00f0mi\u00f0unarm\u00f6rk fyrir vinnutengda v\u00e1hrif<\/h2>\n<p>Eftirlitsyfirv\u00f6ld \u00e1 ESB-stigi og \u00e1 landsv\u00edsu setja m\u00f6rk fyrir \u00fatsetningu fyrir h\u00e6ttulegum efnum, svo sem krabbameinsvaldandi efnum. \u00deessi vinnutengdu \u00fatsetningarm\u00f6rk (OEL) eru regluger\u00f0argildi sem gefa til kynna \u00fatsetningarstig sem eru talin \u00f6rugg (heilsufarsleg) fyrir efnaefni \u00ed andr\u00famslofti \u00e1 vinnusta\u00f0. \u00cd meginatri\u00f0um \u00fej\u00f3na \u00feau sem \u00f6ryggissta\u00f0lar til a\u00f0 vernda heilsu starfsmanna. Vinsamlegast sko\u00f0i\u00f0 <a href=\"https:\/\/stopcarcinogensatwork.eu\/search\/\">uppl\u00fdsingabl\u00f6\u00f0in<\/a> um vinnutengda \u00fatsetningu.   <\/p>\n<p>Uppl\u00fdsingarnar \u00e1 \u00feessari s\u00ed\u00f0u voru fengnar af eftirfarandi vefs\u00ed\u00f0um:<\/p>\n<ul>\n<li><a href=\"https:\/\/osha.europa.eu\/nl\/legislation\/directive\/directive-200437ec-carcinogens-or-mutagens-work\" target=\"_blank\" rel=\"noopener\">Vinnuverndarstofnun<\/a><\/li>\n<li><a href=\"http:\/\/www.cancer.org\">www.krabbamein.org<\/a><\/li>\n<li><a href=\"http:\/\/www.rivm.nl\">www.rivm.nl<\/a><\/li>\n<li><a href=\"http:\/\/monographs.iarc.fr\/\">monographs.iarc.fr<\/a><\/li>\n<\/ul>\n","protected":false},"excerpt":{"rendered":"<p>Krabbameinsvaldandi efni eru krabbameinsvaldandi efni. \u00deekkt d\u00e6mi er asbest, efni sem veldur \u00fe\u00fasundum l\u00e1tnum m\u00f6nnum sem \u00fej\u00e1st og deyja vegna \u00fatsetningar fyrir asbest\u00f6gnum. M\u00f6rg \u00f6nnur krabbameinsvaldandi efni eru minna \u00feekkt, en athugi\u00f0: jafnvel n\u00e1tt\u00faruleg efni, eins og har\u00f0vi\u00f0arryk, geta valdi\u00f0 krabbameini. Gakktu \u00far skugga um a\u00f0 \u00fe\u00fa vitir hva\u00f0 \u00fe\u00fa vinnur me\u00f0! Tegundir krabbameinsvaldandi efna [&hellip;]<\/p>\n","protected":false},"author":1,"featured_media":0,"parent":67908,"menu_order":0,"comment_status":"closed","ping_status":"closed","template":"","meta":{"inline_featured_image":false,"footnotes":""},"class_list":["post-68035","page","type-page","status-publish","hentry"],"yoast_head":"<!-- This site is optimized with the Yoast SEO Premium plugin v27.0 (Yoast SEO v27.3) - https:\/\/yoast.com\/product\/yoast-seo-premium-wordpress\/ -->\n<title>Inngangur um krabbameinsvaldandi efni - STOP carcinogens at work<\/title>\n<meta name=\"description\" content=\"\u00c1rlega deyja um 100.000 manns \u00far krabbameini sem orsakast af krabbameinsvaldandi efnum \u00e1 vinnusta\u00f0 \u00ed Evr\u00f3pu. Komi\u00f0 \u00ed veg fyrir \u00fatsetningu \u00e1 vinnusta\u00f0.\" \/>\n<meta name=\"robots\" content=\"index, follow, max-snippet:-1, max-image-preview:large, max-video-preview:-1\" \/>\n<link rel=\"canonical\" href=\"https:\/\/stopcarcinogensatwork.eu\/is\/almennt\/inngangur-um-krabbameinsvaldandi-efni\/\" \/>\n<meta property=\"og:locale\" content=\"is_IS\" \/>\n<meta property=\"og:type\" content=\"article\" \/>\n<meta property=\"og:title\" content=\"Inngangur um krabbameinsvaldandi efni\" \/>\n<meta property=\"og:description\" content=\"\u00c1rlega deyja um 100.000 manns \u00far krabbameini sem orsakast af krabbameinsvaldandi efnum \u00e1 vinnusta\u00f0 \u00ed Evr\u00f3pu. Komi\u00f0 \u00ed veg fyrir \u00fatsetningu \u00e1 vinnusta\u00f0.\" \/>\n<meta property=\"og:url\" content=\"https:\/\/stopcarcinogensatwork.eu\/is\/almennt\/inngangur-um-krabbameinsvaldandi-efni\/\" \/>\n<meta property=\"og:site_name\" content=\"STOP carcinogens at work\" \/>\n<meta name=\"twitter:card\" content=\"summary_large_image\" \/>\n<meta name=\"twitter:label1\" content=\"Est. reading time\" \/>\n\t<meta name=\"twitter:data1\" content=\"3 minutes\" \/>\n<script type=\"application\/ld+json\" class=\"yoast-schema-graph\">{\"@context\":\"https:\\\/\\\/schema.org\",\"@graph\":[{\"@type\":\"WebPage\",\"@id\":\"https:\\\/\\\/stopcarcinogensatwork.eu\\\/is\\\/almennt\\\/inngangur-um-krabbameinsvaldandi-efni\\\/\",\"url\":\"https:\\\/\\\/stopcarcinogensatwork.eu\\\/is\\\/almennt\\\/inngangur-um-krabbameinsvaldandi-efni\\\/\",\"name\":\"Inngangur um krabbameinsvaldandi efni - STOP carcinogens at work\",\"isPartOf\":{\"@id\":\"https:\\\/\\\/stopcarcinogensatwork.eu\\\/is\\\/#website\"},\"datePublished\":\"2023-08-15T07:25:38+00:00\",\"description\":\"\u00c1rlega deyja um 100.000 manns \u00far krabbameini sem orsakast af krabbameinsvaldandi efnum \u00e1 vinnusta\u00f0 \u00ed Evr\u00f3pu. Komi\u00f0 \u00ed veg fyrir \u00fatsetningu \u00e1 vinnusta\u00f0.\",\"breadcrumb\":{\"@id\":\"https:\\\/\\\/stopcarcinogensatwork.eu\\\/is\\\/almennt\\\/inngangur-um-krabbameinsvaldandi-efni\\\/#breadcrumb\"},\"inLanguage\":\"is\",\"potentialAction\":[{\"@type\":\"ReadAction\",\"target\":[\"https:\\\/\\\/stopcarcinogensatwork.eu\\\/is\\\/almennt\\\/inngangur-um-krabbameinsvaldandi-efni\\\/\"]}]},{\"@type\":\"BreadcrumbList\",\"@id\":\"https:\\\/\\\/stopcarcinogensatwork.eu\\\/is\\\/almennt\\\/inngangur-um-krabbameinsvaldandi-efni\\\/#breadcrumb\",\"itemListElement\":[{\"@type\":\"ListItem\",\"position\":1,\"name\":\"Home\",\"item\":\"https:\\\/\\\/stopcarcinogensatwork.eu\\\/is\\\/stodvum-krabbameinsvaldandi-efni-i-vinnunni\\\/\"},{\"@type\":\"ListItem\",\"position\":2,\"name\":\"Almennt\",\"item\":\"https:\\\/\\\/stopcarcinogensatwork.eu\\\/is\\\/almennt\\\/\"},{\"@type\":\"ListItem\",\"position\":3,\"name\":\"Inngangur um krabbameinsvaldandi efni\"}]},{\"@type\":\"WebSite\",\"@id\":\"https:\\\/\\\/stopcarcinogensatwork.eu\\\/is\\\/#website\",\"url\":\"https:\\\/\\\/stopcarcinogensatwork.eu\\\/is\\\/\",\"name\":\"STOP Carcinogens at work\",\"description\":\"Every year, about 100.000 people die from cancer that was caused by exposure to carcinogens at work in Europe.\",\"publisher\":{\"@id\":\"https:\\\/\\\/stopcarcinogensatwork.eu\\\/is\\\/#organization\"},\"alternateName\":\"Roadmap on Carcinogens\",\"potentialAction\":[{\"@type\":\"SearchAction\",\"target\":{\"@type\":\"EntryPoint\",\"urlTemplate\":\"https:\\\/\\\/stopcarcinogensatwork.eu\\\/is\\\/?s={search_term_string}\"},\"query-input\":{\"@type\":\"PropertyValueSpecification\",\"valueRequired\":true,\"valueName\":\"search_term_string\"}}],\"inLanguage\":\"is\"},{\"@type\":\"Organization\",\"@id\":\"https:\\\/\\\/stopcarcinogensatwork.eu\\\/is\\\/#organization\",\"name\":\"TNO\",\"alternateName\":\"This is a European wide voluntary action scheme\",\"url\":\"https:\\\/\\\/stopcarcinogensatwork.eu\\\/is\\\/\",\"logo\":{\"@type\":\"ImageObject\",\"inLanguage\":\"is\",\"@id\":\"https:\\\/\\\/stopcarcinogensatwork.eu\\\/is\\\/#\\\/schema\\\/logo\\\/image\\\/\",\"url\":\"https:\\\/\\\/stopcarcinogensatwork.eu\\\/wp-content\\\/uploads\\\/2024\\\/08\\\/cropped-FavLarge-1.png\",\"contentUrl\":\"https:\\\/\\\/stopcarcinogensatwork.eu\\\/wp-content\\\/uploads\\\/2024\\\/08\\\/cropped-FavLarge-1.png\",\"width\":512,\"height\":512,\"caption\":\"TNO\"},\"image\":{\"@id\":\"https:\\\/\\\/stopcarcinogensatwork.eu\\\/is\\\/#\\\/schema\\\/logo\\\/image\\\/\"},\"publishingPrinciples\":\"https:\\\/\\\/stopcarcinogensatwork.eu\\\/homepage\\\/legal\\\/\",\"ownershipFundingInfo\":\"https:\\\/\\\/stopcarcinogensatwork.eu\\\/general\\\/about-us\\\/\"}]}<\/script>\n<!-- \/ Yoast SEO Premium plugin. -->","yoast_head_json":{"title":"Inngangur um krabbameinsvaldandi efni - STOP carcinogens at work","description":"\u00c1rlega deyja um 100.000 manns \u00far krabbameini sem orsakast af krabbameinsvaldandi efnum \u00e1 vinnusta\u00f0 \u00ed Evr\u00f3pu. Komi\u00f0 \u00ed veg fyrir \u00fatsetningu \u00e1 vinnusta\u00f0.","robots":{"index":"index","follow":"follow","max-snippet":"max-snippet:-1","max-image-preview":"max-image-preview:large","max-video-preview":"max-video-preview:-1"},"canonical":"https:\/\/stopcarcinogensatwork.eu\/is\/almennt\/inngangur-um-krabbameinsvaldandi-efni\/","og_locale":"is_IS","og_type":"article","og_title":"Inngangur um krabbameinsvaldandi efni","og_description":"\u00c1rlega deyja um 100.000 manns \u00far krabbameini sem orsakast af krabbameinsvaldandi efnum \u00e1 vinnusta\u00f0 \u00ed Evr\u00f3pu. Komi\u00f0 \u00ed veg fyrir \u00fatsetningu \u00e1 vinnusta\u00f0.","og_url":"https:\/\/stopcarcinogensatwork.eu\/is\/almennt\/inngangur-um-krabbameinsvaldandi-efni\/","og_site_name":"STOP carcinogens at work","twitter_card":"summary_large_image","twitter_misc":{"Est. reading time":"3 minutes"},"schema":{"@context":"https:\/\/schema.org","@graph":[{"@type":"WebPage","@id":"https:\/\/stopcarcinogensatwork.eu\/is\/almennt\/inngangur-um-krabbameinsvaldandi-efni\/","url":"https:\/\/stopcarcinogensatwork.eu\/is\/almennt\/inngangur-um-krabbameinsvaldandi-efni\/","name":"Inngangur um krabbameinsvaldandi efni - STOP carcinogens at work","isPartOf":{"@id":"https:\/\/stopcarcinogensatwork.eu\/is\/#website"},"datePublished":"2023-08-15T07:25:38+00:00","description":"\u00c1rlega deyja um 100.000 manns \u00far krabbameini sem orsakast af krabbameinsvaldandi efnum \u00e1 vinnusta\u00f0 \u00ed Evr\u00f3pu. Komi\u00f0 \u00ed veg fyrir \u00fatsetningu \u00e1 vinnusta\u00f0.","breadcrumb":{"@id":"https:\/\/stopcarcinogensatwork.eu\/is\/almennt\/inngangur-um-krabbameinsvaldandi-efni\/#breadcrumb"},"inLanguage":"is","potentialAction":[{"@type":"ReadAction","target":["https:\/\/stopcarcinogensatwork.eu\/is\/almennt\/inngangur-um-krabbameinsvaldandi-efni\/"]}]},{"@type":"BreadcrumbList","@id":"https:\/\/stopcarcinogensatwork.eu\/is\/almennt\/inngangur-um-krabbameinsvaldandi-efni\/#breadcrumb","itemListElement":[{"@type":"ListItem","position":1,"name":"Home","item":"https:\/\/stopcarcinogensatwork.eu\/is\/stodvum-krabbameinsvaldandi-efni-i-vinnunni\/"},{"@type":"ListItem","position":2,"name":"Almennt","item":"https:\/\/stopcarcinogensatwork.eu\/is\/almennt\/"},{"@type":"ListItem","position":3,"name":"Inngangur um krabbameinsvaldandi efni"}]},{"@type":"WebSite","@id":"https:\/\/stopcarcinogensatwork.eu\/is\/#website","url":"https:\/\/stopcarcinogensatwork.eu\/is\/","name":"STOP Carcinogens at work","description":"Every year, about 100.000 people die from cancer that was caused by exposure to carcinogens at work in Europe.","publisher":{"@id":"https:\/\/stopcarcinogensatwork.eu\/is\/#organization"},"alternateName":"Roadmap on Carcinogens","potentialAction":[{"@type":"SearchAction","target":{"@type":"EntryPoint","urlTemplate":"https:\/\/stopcarcinogensatwork.eu\/is\/?s={search_term_string}"},"query-input":{"@type":"PropertyValueSpecification","valueRequired":true,"valueName":"search_term_string"}}],"inLanguage":"is"},{"@type":"Organization","@id":"https:\/\/stopcarcinogensatwork.eu\/is\/#organization","name":"TNO","alternateName":"This is a European wide voluntary action scheme","url":"https:\/\/stopcarcinogensatwork.eu\/is\/","logo":{"@type":"ImageObject","inLanguage":"is","@id":"https:\/\/stopcarcinogensatwork.eu\/is\/#\/schema\/logo\/image\/","url":"https:\/\/stopcarcinogensatwork.eu\/wp-content\/uploads\/2024\/08\/cropped-FavLarge-1.png","contentUrl":"https:\/\/stopcarcinogensatwork.eu\/wp-content\/uploads\/2024\/08\/cropped-FavLarge-1.png","width":512,"height":512,"caption":"TNO"},"image":{"@id":"https:\/\/stopcarcinogensatwork.eu\/is\/#\/schema\/logo\/image\/"},"publishingPrinciples":"https:\/\/stopcarcinogensatwork.eu\/homepage\/legal\/","ownershipFundingInfo":"https:\/\/stopcarcinogensatwork.eu\/general\/about-us\/"}]}},"_links":{"self":[{"href":"https:\/\/stopcarcinogensatwork.eu\/is\/wp-json\/wp\/v2\/pages\/68035","targetHints":{"allow":["GET"]}}],"collection":[{"href":"https:\/\/stopcarcinogensatwork.eu\/is\/wp-json\/wp\/v2\/pages"}],"about":[{"href":"https:\/\/stopcarcinogensatwork.eu\/is\/wp-json\/wp\/v2\/types\/page"}],"author":[{"embeddable":true,"href":"https:\/\/stopcarcinogensatwork.eu\/is\/wp-json\/wp\/v2\/users\/1"}],"replies":[{"embeddable":true,"href":"https:\/\/stopcarcinogensatwork.eu\/is\/wp-json\/wp\/v2\/comments?post=68035"}],"version-history":[{"count":0,"href":"https:\/\/stopcarcinogensatwork.eu\/is\/wp-json\/wp\/v2\/pages\/68035\/revisions"}],"up":[{"embeddable":true,"href":"https:\/\/stopcarcinogensatwork.eu\/is\/wp-json\/wp\/v2\/pages\/67908"}],"wp:attachment":[{"href":"https:\/\/stopcarcinogensatwork.eu\/is\/wp-json\/wp\/v2\/media?parent=68035"}],"curies":[{"name":"wp","href":"https:\/\/api.w.org\/{rel}","templated":true}]}}