{"id":92897,"date":"2025-09-01T11:06:42","date_gmt":"2025-09-01T11:06:42","guid":{"rendered":"https:\/\/stopcarcinogensatwork.eu\/almennt\/fraedsla-um-krabbameinsvaldandi-efni-a-vinnustad\/"},"modified":"2025-09-01T11:06:42","modified_gmt":"2025-09-01T11:06:42","slug":"fraedsla-um-krabbameinsvaldandi-efni-a-vinnustad","status":"publish","type":"page","link":"https:\/\/stopcarcinogensatwork.eu\/is\/almennt\/fraedsla-um-krabbameinsvaldandi-efni-a-vinnustad\/","title":{"rendered":"Fr\u00e6\u00f0sla um krabbameinsvaldandi efni \u00e1 vinnusta\u00f0"},"content":{"rendered":"<blockquote><p>\u00dea\u00f0 er mikilv\u00e6gt a\u00f0 fr\u00e6\u00f0a b\u00f6rn og nemendur um krabbameinsvaldandi efni snemma \u00e1 \u00e6vinni, b\u00e6\u00f0i \u00ed grunnsk\u00f3la og \u00ed starfsn\u00e1mi. \u00deess vegna voru \u00fer\u00f3a\u00f0ar fr\u00e6\u00f0slu\u00e1\u00e6tlanir. <\/p><\/blockquote>\n<h2>Sni\u00f0m\u00e1t fyrir kennslustundir um krabbameinsvaldandi efni<\/h2>\n<p>Kennslu\u00e1\u00e6tlanirnar um krabbameinsvaldandi efni voru ger\u00f0ar af Menntam\u00e1lastofnun Sl\u00f3ven\u00edu og vinnum\u00e1la-, fj\u00f6lskyldu-, f\u00e9lagsm\u00e1la- og jafnr\u00e9ttisr\u00e1\u00f0uneyti Sl\u00f3ven\u00edu. \u00de\u00e6r eru bygg\u00f0ar \u00e1 sl\u00f3venskum l\u00f6gum og reynslu og voru pr\u00f3fa\u00f0ar \u00ed nokkrum grunnsk\u00f3lum \u00ed Sl\u00f3ven\u00edu \u00e1 \u00e1runum 2023 til 2024. A\u00f0ildarr\u00edki ESB geta \u00fe\u00fdtt og a\u00f0laga\u00f0 \u00feessar kennslu\u00e1\u00e6tlanir a\u00f0 eigin \u00fe\u00f6rfum. Kennarar geta einnig nota\u00f0 gagnvirka leikinn (sj\u00e1 h\u00e9r a\u00f0 ne\u00f0an) \u00ed kennslustundum fyrir framhaldssk\u00f3lanema.   <\/p>\n<p>\u00cd \u00feessum t\u00edmum l\u00e6ra nemendur:<\/p>\n<ul>\n<li>hvernig \u00e1 a\u00f0 \u00feekkja myndt\u00e1kn fyrir h\u00e6ttuleg efni<\/li>\n<li>hvernig \u00e1 a\u00f0 velja vi\u00f0eigandi a\u00f0fer\u00f0ir til a\u00f0 vernda sig gegn h\u00e6ttulegum efnum og hvernig \u00e1 a\u00f0 me\u00f0h\u00f6ndla \u00feessi efni \u00e1 \u00f6ruggan h\u00e1tt<\/li>\n<li>um langt\u00edma\u00e1hrif CMR efna og hvernig h\u00e6gt er a\u00f0 koma \u00ed veg fyrir \u00feau<\/li>\n<li>um \u00f6ryggisbla\u00f0i\u00f0, sem virkar eins og \u201epers\u00f3nuskilr\u00edki\u201c fyrir h\u00e6ttuleg efni<\/li>\n<li>um krabbamein \u00ed starfi, hva\u00f0a \u00fe\u00e6ttir geta valdi\u00f0 \u00fev\u00ed og hva\u00f0a a\u00f0ger\u00f0ir geta dregi\u00f0 \u00far \u00fatsetningu fyrir hugsanlega krabbameinsvaldandi efnum<\/li>\n<\/ul>\n<p><a href=\"https:\/\/stopcarcinogensatwork.eu\/educational\/lesson-proposal-on-carcinogens-for-students-aged-11-years-minimum-and-over\/\">Till\u00f6gur a\u00f0 kennslustund um krabbameinsvaldandi efni fyrir nemendur \u00e1 aldrinum 11 til 14 \u00e1ra<\/a><br \/>\n<a href=\"https:\/\/stopcarcinogensatwork.eu\/educational\/9th-grade-of-primary-school-14-years\/\">Tillaga a\u00f0 kennslustund um krabbameinsvaldandi efni fyrir nemendur 14 \u00e1ra og eldri (l\u00e1gmark)<\/a><\/p>\n<h2><strong>Gagnvirkur leikur<\/strong><strong><br \/>\n<\/strong><\/h2>\n<p>Til a\u00f0 hj\u00e1lpa nemendum a\u00f0 skilja hvernig eigi a\u00f0 stj\u00f3rna \u00e1h\u00e6ttu krabbameinsvaldandi efna \u00e1 vinnusta\u00f0 hefur veri\u00f0 b\u00fai\u00f0 til gagnvirkan leik.<\/p>\n<p>\u00cd leiknum spilar \u00fe\u00fa sem r\u00e1\u00f0gjafi \u00ed forv\u00f6rnum. \u00de\u00fa ver\u00f0ur a\u00f0 bera kennsl \u00e1 \u00f3\u00f6ruggar a\u00f0st\u00e6\u00f0ur sem tengjast krabbameinsvaldandi efnum \u00e1 mismunandi vinnust\u00f6\u00f0um (byggingarsv\u00e6\u00f0i, sj\u00fakrah\u00fasi og verksmi\u00f0ju) og veita vinnuveitanda r\u00e1\u00f0. Eitt lykilatri\u00f0i \u00ed n\u00e1msefninu er <a href=\"https:\/\/stopcarcinogensatwork.eu\/is\/kynntu-ther-helstu-forvarnaradferdirnar\/\">STOP-reglan<\/a> . \u00deessi meginregla s\u00fdnir r\u00f6\u00f0 skrefa til a\u00f0 koma \u00ed veg fyrir \u00fatsetningu fyrir h\u00e6ttulegum efnum.   <\/p>\n<p>Til a\u00f0 hj\u00e1lpa kennurum a\u00f0 fella leikinn inn \u00ed kennslu s\u00edna er fr\u00e6\u00f0sluefni \u00ed bo\u00f0i. \u00dear eru \u00fatsk\u00fdr\u00f0 nokkur hugt\u00f6k sem einnig koma fyrir \u00ed leiknum. <\/p>\n<p>Leikurinn er f\u00e1anlegur \u00e1 ensku, hollensku og fr\u00f6nsku.<\/p>\n<p><a href=\"https:\/\/stopcarcinogensatwork.eu\/is\/good-practice\/ad-stjorna-ahaettu-krabbameinsvaldandi-efna-a-vinnustad-med-fraedsluleik\/\">\u00cd gagnvirka leiknum<\/a><\/p>\n","protected":false},"excerpt":{"rendered":"<p>\u00dea\u00f0 er mikilv\u00e6gt a\u00f0 fr\u00e6\u00f0a b\u00f6rn og nemendur um krabbameinsvaldandi efni snemma \u00e1 \u00e6vinni, b\u00e6\u00f0i \u00ed grunnsk\u00f3la og \u00ed starfsn\u00e1mi. \u00deess vegna voru \u00fer\u00f3a\u00f0ar fr\u00e6\u00f0slu\u00e1\u00e6tlanir. Sni\u00f0m\u00e1t fyrir kennslustundir um krabbameinsvaldandi efni Kennslu\u00e1\u00e6tlanirnar um krabbameinsvaldandi efni voru ger\u00f0ar af Menntam\u00e1lastofnun Sl\u00f3ven\u00edu og vinnum\u00e1la-, fj\u00f6lskyldu-, f\u00e9lagsm\u00e1la- og jafnr\u00e9ttisr\u00e1\u00f0uneyti Sl\u00f3ven\u00edu. \u00de\u00e6r eru bygg\u00f0ar \u00e1 sl\u00f3venskum l\u00f6gum og reynslu [&hellip;]<\/p>\n","protected":false},"author":1,"featured_media":0,"parent":67908,"menu_order":0,"comment_status":"closed","ping_status":"closed","template":"","meta":{"inline_featured_image":false,"footnotes":""},"class_list":["post-92897","page","type-page","status-publish","hentry"],"yoast_head":"<!-- This site is optimized with the Yoast SEO Premium plugin v27.0 (Yoast SEO v27.3) - https:\/\/yoast.com\/product\/yoast-seo-premium-wordpress\/ -->\n<title>Fr\u00e6\u00f0sla um krabbameinsvaldandi efni \u00e1 vinnusta\u00f0 - STOP carcinogens at work<\/title>\n<meta name=\"description\" content=\"\u00dea\u00f0 er mikilv\u00e6gt a\u00f0 fr\u00e6\u00f0a b\u00f6rn og nemendur um krabbameinsvaldandi efni snemma \u00e1 \u00e6vinni, b\u00e6\u00f0i \u00ed grunnsk\u00f3la og \u00ed starfsn\u00e1mi.\" \/>\n<meta name=\"robots\" content=\"index, follow, max-snippet:-1, max-image-preview:large, max-video-preview:-1\" \/>\n<link rel=\"canonical\" href=\"https:\/\/stopcarcinogensatwork.eu\/is\/almennt\/fraedsla-um-krabbameinsvaldandi-efni-a-vinnustad\/\" \/>\n<meta property=\"og:locale\" content=\"is_IS\" \/>\n<meta property=\"og:type\" content=\"article\" \/>\n<meta property=\"og:title\" content=\"Fr\u00e6\u00f0sla um krabbameinsvaldandi efni \u00e1 vinnusta\u00f0\" \/>\n<meta property=\"og:description\" content=\"\u00dea\u00f0 er mikilv\u00e6gt a\u00f0 fr\u00e6\u00f0a b\u00f6rn og nemendur um krabbameinsvaldandi efni snemma \u00e1 \u00e6vinni, b\u00e6\u00f0i \u00ed grunnsk\u00f3la og \u00ed starfsn\u00e1mi.\" \/>\n<meta property=\"og:url\" content=\"https:\/\/stopcarcinogensatwork.eu\/is\/almennt\/fraedsla-um-krabbameinsvaldandi-efni-a-vinnustad\/\" \/>\n<meta property=\"og:site_name\" content=\"STOP carcinogens at work\" \/>\n<meta name=\"twitter:card\" content=\"summary_large_image\" \/>\n<meta name=\"twitter:label1\" content=\"Est. reading time\" \/>\n\t<meta name=\"twitter:data1\" content=\"2 minutes\" \/>\n<script type=\"application\/ld+json\" class=\"yoast-schema-graph\">{\"@context\":\"https:\\\/\\\/schema.org\",\"@graph\":[{\"@type\":\"WebPage\",\"@id\":\"https:\\\/\\\/stopcarcinogensatwork.eu\\\/is\\\/almennt\\\/fraedsla-um-krabbameinsvaldandi-efni-a-vinnustad\\\/\",\"url\":\"https:\\\/\\\/stopcarcinogensatwork.eu\\\/is\\\/almennt\\\/fraedsla-um-krabbameinsvaldandi-efni-a-vinnustad\\\/\",\"name\":\"Fr\u00e6\u00f0sla um krabbameinsvaldandi efni \u00e1 vinnusta\u00f0 - STOP carcinogens at work\",\"isPartOf\":{\"@id\":\"https:\\\/\\\/stopcarcinogensatwork.eu\\\/is\\\/#website\"},\"datePublished\":\"2025-09-01T11:06:42+00:00\",\"description\":\"\u00dea\u00f0 er mikilv\u00e6gt a\u00f0 fr\u00e6\u00f0a b\u00f6rn og nemendur um krabbameinsvaldandi efni snemma \u00e1 \u00e6vinni, b\u00e6\u00f0i \u00ed grunnsk\u00f3la og \u00ed starfsn\u00e1mi.\",\"breadcrumb\":{\"@id\":\"https:\\\/\\\/stopcarcinogensatwork.eu\\\/is\\\/almennt\\\/fraedsla-um-krabbameinsvaldandi-efni-a-vinnustad\\\/#breadcrumb\"},\"inLanguage\":\"is\",\"potentialAction\":[{\"@type\":\"ReadAction\",\"target\":[\"https:\\\/\\\/stopcarcinogensatwork.eu\\\/is\\\/almennt\\\/fraedsla-um-krabbameinsvaldandi-efni-a-vinnustad\\\/\"]}]},{\"@type\":\"BreadcrumbList\",\"@id\":\"https:\\\/\\\/stopcarcinogensatwork.eu\\\/is\\\/almennt\\\/fraedsla-um-krabbameinsvaldandi-efni-a-vinnustad\\\/#breadcrumb\",\"itemListElement\":[{\"@type\":\"ListItem\",\"position\":1,\"name\":\"Home\",\"item\":\"https:\\\/\\\/stopcarcinogensatwork.eu\\\/is\\\/stodvum-krabbameinsvaldandi-efni-i-vinnunni\\\/\"},{\"@type\":\"ListItem\",\"position\":2,\"name\":\"Almennt\",\"item\":\"https:\\\/\\\/stopcarcinogensatwork.eu\\\/is\\\/almennt\\\/\"},{\"@type\":\"ListItem\",\"position\":3,\"name\":\"Fr\u00e6\u00f0sla um krabbameinsvaldandi efni \u00e1 vinnusta\u00f0\"}]},{\"@type\":\"WebSite\",\"@id\":\"https:\\\/\\\/stopcarcinogensatwork.eu\\\/is\\\/#website\",\"url\":\"https:\\\/\\\/stopcarcinogensatwork.eu\\\/is\\\/\",\"name\":\"STOP Carcinogens at work\",\"description\":\"Every year, about 100.000 people die from cancer that was caused by exposure to carcinogens at work in Europe.\",\"publisher\":{\"@id\":\"https:\\\/\\\/stopcarcinogensatwork.eu\\\/is\\\/#organization\"},\"alternateName\":\"Roadmap on Carcinogens\",\"potentialAction\":[{\"@type\":\"SearchAction\",\"target\":{\"@type\":\"EntryPoint\",\"urlTemplate\":\"https:\\\/\\\/stopcarcinogensatwork.eu\\\/is\\\/?s={search_term_string}\"},\"query-input\":{\"@type\":\"PropertyValueSpecification\",\"valueRequired\":true,\"valueName\":\"search_term_string\"}}],\"inLanguage\":\"is\"},{\"@type\":\"Organization\",\"@id\":\"https:\\\/\\\/stopcarcinogensatwork.eu\\\/is\\\/#organization\",\"name\":\"TNO\",\"alternateName\":\"This is a European wide voluntary action scheme\",\"url\":\"https:\\\/\\\/stopcarcinogensatwork.eu\\\/is\\\/\",\"logo\":{\"@type\":\"ImageObject\",\"inLanguage\":\"is\",\"@id\":\"https:\\\/\\\/stopcarcinogensatwork.eu\\\/is\\\/#\\\/schema\\\/logo\\\/image\\\/\",\"url\":\"https:\\\/\\\/stopcarcinogensatwork.eu\\\/wp-content\\\/uploads\\\/2024\\\/08\\\/cropped-FavLarge-1.png\",\"contentUrl\":\"https:\\\/\\\/stopcarcinogensatwork.eu\\\/wp-content\\\/uploads\\\/2024\\\/08\\\/cropped-FavLarge-1.png\",\"width\":512,\"height\":512,\"caption\":\"TNO\"},\"image\":{\"@id\":\"https:\\\/\\\/stopcarcinogensatwork.eu\\\/is\\\/#\\\/schema\\\/logo\\\/image\\\/\"},\"publishingPrinciples\":\"https:\\\/\\\/stopcarcinogensatwork.eu\\\/homepage\\\/legal\\\/\",\"ownershipFundingInfo\":\"https:\\\/\\\/stopcarcinogensatwork.eu\\\/general\\\/about-us\\\/\"}]}<\/script>\n<!-- \/ Yoast SEO Premium plugin. -->","yoast_head_json":{"title":"Fr\u00e6\u00f0sla um krabbameinsvaldandi efni \u00e1 vinnusta\u00f0 - STOP carcinogens at work","description":"\u00dea\u00f0 er mikilv\u00e6gt a\u00f0 fr\u00e6\u00f0a b\u00f6rn og nemendur um krabbameinsvaldandi efni snemma \u00e1 \u00e6vinni, b\u00e6\u00f0i \u00ed grunnsk\u00f3la og \u00ed starfsn\u00e1mi.","robots":{"index":"index","follow":"follow","max-snippet":"max-snippet:-1","max-image-preview":"max-image-preview:large","max-video-preview":"max-video-preview:-1"},"canonical":"https:\/\/stopcarcinogensatwork.eu\/is\/almennt\/fraedsla-um-krabbameinsvaldandi-efni-a-vinnustad\/","og_locale":"is_IS","og_type":"article","og_title":"Fr\u00e6\u00f0sla um krabbameinsvaldandi efni \u00e1 vinnusta\u00f0","og_description":"\u00dea\u00f0 er mikilv\u00e6gt a\u00f0 fr\u00e6\u00f0a b\u00f6rn og nemendur um krabbameinsvaldandi efni snemma \u00e1 \u00e6vinni, b\u00e6\u00f0i \u00ed grunnsk\u00f3la og \u00ed starfsn\u00e1mi.","og_url":"https:\/\/stopcarcinogensatwork.eu\/is\/almennt\/fraedsla-um-krabbameinsvaldandi-efni-a-vinnustad\/","og_site_name":"STOP carcinogens at work","twitter_card":"summary_large_image","twitter_misc":{"Est. reading time":"2 minutes"},"schema":{"@context":"https:\/\/schema.org","@graph":[{"@type":"WebPage","@id":"https:\/\/stopcarcinogensatwork.eu\/is\/almennt\/fraedsla-um-krabbameinsvaldandi-efni-a-vinnustad\/","url":"https:\/\/stopcarcinogensatwork.eu\/is\/almennt\/fraedsla-um-krabbameinsvaldandi-efni-a-vinnustad\/","name":"Fr\u00e6\u00f0sla um krabbameinsvaldandi efni \u00e1 vinnusta\u00f0 - STOP carcinogens at work","isPartOf":{"@id":"https:\/\/stopcarcinogensatwork.eu\/is\/#website"},"datePublished":"2025-09-01T11:06:42+00:00","description":"\u00dea\u00f0 er mikilv\u00e6gt a\u00f0 fr\u00e6\u00f0a b\u00f6rn og nemendur um krabbameinsvaldandi efni snemma \u00e1 \u00e6vinni, b\u00e6\u00f0i \u00ed grunnsk\u00f3la og \u00ed starfsn\u00e1mi.","breadcrumb":{"@id":"https:\/\/stopcarcinogensatwork.eu\/is\/almennt\/fraedsla-um-krabbameinsvaldandi-efni-a-vinnustad\/#breadcrumb"},"inLanguage":"is","potentialAction":[{"@type":"ReadAction","target":["https:\/\/stopcarcinogensatwork.eu\/is\/almennt\/fraedsla-um-krabbameinsvaldandi-efni-a-vinnustad\/"]}]},{"@type":"BreadcrumbList","@id":"https:\/\/stopcarcinogensatwork.eu\/is\/almennt\/fraedsla-um-krabbameinsvaldandi-efni-a-vinnustad\/#breadcrumb","itemListElement":[{"@type":"ListItem","position":1,"name":"Home","item":"https:\/\/stopcarcinogensatwork.eu\/is\/stodvum-krabbameinsvaldandi-efni-i-vinnunni\/"},{"@type":"ListItem","position":2,"name":"Almennt","item":"https:\/\/stopcarcinogensatwork.eu\/is\/almennt\/"},{"@type":"ListItem","position":3,"name":"Fr\u00e6\u00f0sla um krabbameinsvaldandi efni \u00e1 vinnusta\u00f0"}]},{"@type":"WebSite","@id":"https:\/\/stopcarcinogensatwork.eu\/is\/#website","url":"https:\/\/stopcarcinogensatwork.eu\/is\/","name":"STOP Carcinogens at work","description":"Every year, about 100.000 people die from cancer that was caused by exposure to carcinogens at work in Europe.","publisher":{"@id":"https:\/\/stopcarcinogensatwork.eu\/is\/#organization"},"alternateName":"Roadmap on Carcinogens","potentialAction":[{"@type":"SearchAction","target":{"@type":"EntryPoint","urlTemplate":"https:\/\/stopcarcinogensatwork.eu\/is\/?s={search_term_string}"},"query-input":{"@type":"PropertyValueSpecification","valueRequired":true,"valueName":"search_term_string"}}],"inLanguage":"is"},{"@type":"Organization","@id":"https:\/\/stopcarcinogensatwork.eu\/is\/#organization","name":"TNO","alternateName":"This is a European wide voluntary action scheme","url":"https:\/\/stopcarcinogensatwork.eu\/is\/","logo":{"@type":"ImageObject","inLanguage":"is","@id":"https:\/\/stopcarcinogensatwork.eu\/is\/#\/schema\/logo\/image\/","url":"https:\/\/stopcarcinogensatwork.eu\/wp-content\/uploads\/2024\/08\/cropped-FavLarge-1.png","contentUrl":"https:\/\/stopcarcinogensatwork.eu\/wp-content\/uploads\/2024\/08\/cropped-FavLarge-1.png","width":512,"height":512,"caption":"TNO"},"image":{"@id":"https:\/\/stopcarcinogensatwork.eu\/is\/#\/schema\/logo\/image\/"},"publishingPrinciples":"https:\/\/stopcarcinogensatwork.eu\/homepage\/legal\/","ownershipFundingInfo":"https:\/\/stopcarcinogensatwork.eu\/general\/about-us\/"}]}},"_links":{"self":[{"href":"https:\/\/stopcarcinogensatwork.eu\/is\/wp-json\/wp\/v2\/pages\/92897","targetHints":{"allow":["GET"]}}],"collection":[{"href":"https:\/\/stopcarcinogensatwork.eu\/is\/wp-json\/wp\/v2\/pages"}],"about":[{"href":"https:\/\/stopcarcinogensatwork.eu\/is\/wp-json\/wp\/v2\/types\/page"}],"author":[{"embeddable":true,"href":"https:\/\/stopcarcinogensatwork.eu\/is\/wp-json\/wp\/v2\/users\/1"}],"replies":[{"embeddable":true,"href":"https:\/\/stopcarcinogensatwork.eu\/is\/wp-json\/wp\/v2\/comments?post=92897"}],"version-history":[{"count":0,"href":"https:\/\/stopcarcinogensatwork.eu\/is\/wp-json\/wp\/v2\/pages\/92897\/revisions"}],"up":[{"embeddable":true,"href":"https:\/\/stopcarcinogensatwork.eu\/is\/wp-json\/wp\/v2\/pages\/67908"}],"wp:attachment":[{"href":"https:\/\/stopcarcinogensatwork.eu\/is\/wp-json\/wp\/v2\/media?parent=92897"}],"curies":[{"name":"wp","href":"https:\/\/api.w.org\/{rel}","templated":true}]}}