{"id":76547,"date":"2024-02-05T13:42:42","date_gmt":"2024-02-05T13:42:42","guid":{"rendered":"https:\/\/stopcarcinogensatwork.eu\/dwar-il-pjan-direzzjonali-dwar-il-karcinogeni\/"},"modified":"2025-12-02T14:59:13","modified_gmt":"2025-12-02T14:59:13","slug":"dwar-il-pjan-direzzjonali-dwar-il-karcinogeni","status":"publish","type":"page","link":"https:\/\/stopcarcinogensatwork.eu\/mt\/generali\/dwar-il-pjan-direzzjonali-dwar-il-karcinogeni\/","title":{"rendered":"Dwar il-Pjan Direzzjonali dwar il-Kar\u010bino\u0121eni"},"content":{"rendered":"<blockquote><p>Dan is-sit elettroniku huwa inizjattiva mill-Pjan Direzzjonali dwar il-Kar\u010bino\u0121eni: Skema ta&#8217; azzjoni volontarja madwar l-Ewropa biex tindirizza l-kan\u010ber relatat max-xog\u0127ol. L-imsie\u0127ba li \u0121ejjin ( <a href=\"https:\/\/stopcarcinogensatwork.eu\/mt\/tnedija-tal-pjan-direzzjonali-dwar-il-karcinogeni-3-0\/\">impenjaw ru\u0127hom<\/a> ) li jkunu attivi u qed jie\u0127du t-tmexxija f&#8217;dan il-programm biex jipprevjenu l-espo\u017cizzjoni g\u0127all-kar\u010bino\u0121eni fuq il-post tax-xog\u0127ol: <\/p>\n<p><img fetchpriority=\"high\" decoding=\"async\" class=\"alignnone size-full wp-image-92758\" src=\"https:\/\/stopcarcinogensatwork.eu\/wp-content\/uploads\/2025\/11\/partners.jpg\" alt=\"\" width=\"2560\" height=\"967\" srcset=\"https:\/\/stopcarcinogensatwork.eu\/wp-content\/uploads\/2025\/11\/partners.jpg 2560w, https:\/\/stopcarcinogensatwork.eu\/wp-content\/uploads\/2025\/11\/partners-300x113.jpg 300w, https:\/\/stopcarcinogensatwork.eu\/wp-content\/uploads\/2025\/11\/partners-768x290.jpg 768w, https:\/\/stopcarcinogensatwork.eu\/wp-content\/uploads\/2025\/11\/partners-1536x580.jpg 1536w, https:\/\/stopcarcinogensatwork.eu\/wp-content\/uploads\/2025\/11\/partners-2048x774.jpg 2048w\" sizes=\"(max-width: 2560px) 100vw, 2560px\" \/><\/p><\/blockquote>\n<ul>\n<li><a href=\"https:\/\/www.bma.gv.at\/en.html\" target=\"_blank\" rel=\"noopener\">L-Awstrija: Il-Ministeru Federali tax-Xog\u0127ol, l-Affarijiet So\u010bjali, is-Sa\u0127\u0127a, il-Kura u l-Protezzjoni tal-Konsumatur<\/a><\/li>\n<li><a href=\"https:\/\/employment.belgium.be\/en\/themes\" target=\"_blank\" rel=\"noopener\">Bel\u0121ju: Servizz pubbliku federali Impjiegi, Xog\u0127ol u Djalogu So\u010bjali<\/a><\/li>\n<li><a href=\"https:\/\/stm.fi\/en\/frontpage\" target=\"_blank\" rel=\"noopener\">Finlandja: Ministeru tal-Affarijiet So\u010bjali u s-Sa\u0127\u0127a<\/a><\/li>\n<li><a href=\"https:\/\/travail-emploi.gouv.fr\/\" target=\"_blank\" rel=\"noopener\">Franza: Ministeru tax-Xog\u0127ol, is-Sa\u0127\u0127a u s-Solidarjet\u00e0<\/a><\/li>\n<li><a href=\"https:\/\/www.bmas.de\/EN\/Home\/home.html\" target=\"_blank\" rel=\"noopener\">Il-\u0120ermanja: Il-Ministeru Federali tax-Xog\u0127ol u l-Affarijiet So\u010bjali<\/a><\/li>\n<li><a href=\"http:\/\/hsa.ie\/\" target=\"_blank\" rel=\"noopener\">Irlanda: L-Awtorit\u00e0 tas-Sa\u0127\u0127a u s-Sigurt\u00e0<\/a><\/li>\n<li><a href=\"https:\/\/www.government.nl\/ministries\/ministry-of-social-affairs-and-employment\" target=\"_blank\" rel=\"noopener\">L-Olanda: Ministeru tal-affarijiet so\u010bjali u l-impjiegi<\/a><\/li>\n<li><a href=\"https:\/\/stami.no\/en\/\" target=\"_blank\" rel=\"noopener\">Norve\u0121ja: L-Istitut Nazzjonali Norve\u0121i\u017c tas-Sa\u0127\u0127a fuq il-Post tax-Xog\u0127ol (STAMI)<\/a><\/li>\n<li><a href=\"https:\/\/portal.act.gov.pt\/Pages\/Home.aspx\" target=\"_blank\" rel=\"noopener\">Portugall: Awtorit\u00e0 g\u0127all-kundizzjonijiet tax-xog\u0127ol<\/a><\/li>\n<li><a href=\"https:\/\/www.gov.si\/en\/state-authorities\/ministries\/ministry-of-labour-family-social-affairs-and-equal-opportunities\/\" target=\"_blank\" rel=\"noopener\">Slovenja: Ministeru g\u0127ax-xog\u0127ol, l-affarijiet so\u010bjali tal-familja u l-opportunitajiet indaqs<\/a><\/li>\n<li><a href=\"https:\/\/www.mites.gob.es\/en\/\" target=\"_blank\" rel=\"noopener\">Spanja: Il-Ministeru Spanjol g\u0127ax-Xog\u0127ol u l-Ekonomija So\u010bjali<\/a><\/li>\n<li><a href=\"https:\/\/www.businesseurope.eu\/\" target=\"_blank\" rel=\"noopener\">BusinessEurope (Impjegaturi Ewropej)<\/a><\/li>\n<li><a href=\"https:\/\/www.etuc.org\/\" target=\"_blank\" rel=\"noopener\">Konfederazzjoni Ewropea tat-Trejdjunjins \u2013 ETUC (\u0126addiema Ewropej)<\/a><\/li>\n<li><a href=\"https:\/\/osha.europa.eu\/en\/themes\/dangerous-substances\/roadmap-to-carcinogens\" target=\"_blank\" rel=\"noopener\">A\u0121enzija Ewropea g\u0127as-Sigurt\u00e0 u s-Sa\u0127\u0127a fuq il-Post tax-Xog\u0127ol \u2013 EU-OSHA<\/a><\/li>\n<li><a href=\"https:\/\/echa.europa.eu\/\" target=\"_blank\" rel=\"noopener\">L-A\u0121enzija Ewropea g\u0127as-Sustanzi Kimi\u010bi \u2013 ECHA<\/a><\/li>\n<li><a href=\"https:\/\/ec.europa.eu\/info\/departments\/employment-social-affairs-and-inclusion_en\" target=\"_blank\" rel=\"noopener\">Kummissjoni Ewropea<\/a><\/li>\n<\/ul>\n<p>&nbsp;<\/p>\n<p>Barra minn hekk, \u0127afna msie\u0127ba (kumpaniji u organizzazzjonijiet) di\u0121\u00e0 qed jappo\u0121\u0121jaw il-Pjan Direzzjonali dwar il-Kar\u010bino\u0121eni billi jaqsmu l-messa\u0121\u0121 tag\u0127na. Issir \u0127abib billi <a href=\"https:\/\/laposta.nl\/f\/ss69p5fpqabo\" target=\"_blank\" rel=\"noopener\">tirre\u0121istra g\u0127an-newsletter<\/a> . <\/p>\n<h2>L-importanza tal-vja\u0121\u0121 tag\u0127na<\/h2>\n<p>Kull sena, madwar 120,000 persuna fl-UE ji\u0121u djanjostikati bil-kan\u010ber minn espo\u017cizzjoni g\u0127al a\u0121enti kar\u010bino\u0121eni\u010bi fuq il-post tax-xog\u0127ol. U madwar 100,000 persuna jmutu min\u0127abba kan\u010ber relatat max-xog\u0127ol. U huwa importanti li nirrealizzaw li dan mhux ne\u010bessarju! Ji\u0121i mill-mod kif na\u0127dmu, l-g\u0127a\u017cliet li nag\u0127mlu. G\u0127alhekk, l-a\u0127bar it-tajba hija li nistg\u0127u nag\u0127mlu xi \u0127a\u0121a dwar dan. Il-prevenzjoni hija l-kelma ewlenija hawnhekk, li ni\u017cguraw li ma nkunux esposti g\u0127al kar\u010bino\u0121eni.     <\/p>\n<p>Il-Pjan Direzzjonali dwar il-Kar\u010bino\u0121eni g\u0127andu l-g\u0127an li jg\u0127in lin-negozji u lill-\u0127addiema Ewropej jie\u0127du azzjoni billi:<\/p>\n<ul>\n<li><strong>Il-\u0127olqien ta&#8217; kuxjenza:<\/strong> l-informazzjoni lin-negozji u lill-\u0127addiema dwar ir-riskji ta&#8217; espo\u017cizzjoni g\u0127al sustanzi kar\u010bino\u0121eni\u010bi u l-\u0127tie\u0121a g\u0127al azzjonijiet preventivi u l-pre\u017centazzjoni tal-fatti.<\/li>\n<li><strong>Nipprovdu g\u0127ajnuna:<\/strong> noffru soluzzjonijiet u g\u0127odod g\u0127an-negozji u l-\u0127addiema biex jevitaw l-espo\u017cizzjoni g\u0127al kar\u010bino\u0121eni fuq il-post tax-xog\u0127ol u jimminimizzaw l-effett tieg\u0127u fuq il-forza tax-xog\u0127ol.<\/li>\n<\/ul>\n<h2>Il-pjanijiet direzzjonali attwali jipprevedu attivitajiet sa tmiem l-2027.<\/h2>\n<p>Matul it-tieni fa\u017ci tal-Pjan Direzzjonali mill-2020-2024, wettaqna 12-il sfida. Ir-ri\u017cultati \u0121ew jew se ji\u0121u integrati fil-websajt.   <strong><a href=\"https:\/\/stopcarcinogensatwork.eu\/mt\/generali\/dwar-il-pjan-direzzjonali-dwar-il-karcinogeni\/sfidi\/\">Aktar informazzjoni dwar dawn il-pro\u0121etti tista&#8217; tinstab hawn.<\/a><\/strong><\/p>\n<p>Issa tista&#8217; tara wkoll l-istrate\u0121ija l-\u0121dida tag\u0127na g\u0127al <a href=\"https:\/\/stopcarcinogensatwork.eu\/wp-content\/uploads\/2025\/05\/RoC3.0_Strategy_final.pdf\">RoC3.0 matul l-2025-2027 hawn.<\/a><\/p>\n<h2>A\u0127na nu\u017caw g\u0127odda ta&#8217; traduzzjoni li ta\u0127dem bl-AI g\u0127all-websajt tag\u0127na<\/h2>\n<p>G\u0127all-websajt tag\u0127na nu\u017caw g\u0127odda ta&#8217; traduzzjoni li ta\u0127dem bl-AI, fejn kelliema nattivi jirrevedu u jikkore\u0121u kwalunkwe \u017cball. Dan l-appro\u010b\u010b ji\u017cgura kemm l-effi\u010bjenza kif ukoll il-kwalit\u00e0, hekk kif is-sistema tal-AI titjieb kontinwament ma\u017c-\u017cmien. Nemmnu li dan il-metodu joffri l-aktar mod effettiv u kosteffi\u010bjenti biex il-websajt tag\u0127na tkun a\u010b\u010bessibbli f&#8217;\u0127afna lingwi, u jg\u0127inna nil\u0127qu udjenza usa&#8217; ta&#8217; individwi u organizzazzjonijiet. Jekk g\u0127andek xi feedback jew su\u0121\u0121erimenti dwar il-pro\u010bess ta&#8217; traduzzjoni tag\u0127na, nixtiequ nisimg\u0127u ming\u0127andek. Jekk jog\u0127\u0121bok aqsam il-\u0127sibijiet tieg\u0127ek mag\u0127na permezz tal-email.    <\/p>\n<h2>Mistoqsijiet u kummenti<\/h2>\n<p>G\u0127al aktar informazzjoni jew jekk g\u0127andek xi mistoqsijiet, ikkuntattjana fuq:  <a href=\"mailto:info@stopcarcinogensatwork.eu\">info@stopcarcinogensatwork.eu<\/a><\/p>\n<p>&nbsp;<\/p>\n","protected":false},"excerpt":{"rendered":"<p>Dan is-sit elettroniku huwa inizjattiva mill-Pjan Direzzjonali dwar il-Kar\u010bino\u0121eni: Skema ta&#8217; azzjoni volontarja madwar l-Ewropa biex tindirizza l-kan\u010ber relatat max-xog\u0127ol. L-imsie\u0127ba li \u0121ejjin ( impenjaw ru\u0127hom ) li jkunu attivi u qed jie\u0127du t-tmexxija f&#8217;dan il-programm biex jipprevjenu l-espo\u017cizzjoni g\u0127all-kar\u010bino\u0121eni fuq il-post tax-xog\u0127ol: L-Awstrija: Il-Ministeru Federali tax-Xog\u0127ol, l-Affarijiet So\u010bjali, is-Sa\u0127\u0127a, il-Kura u l-Protezzjoni tal-Konsumatur Bel\u0121ju: [&hellip;]<\/p>\n","protected":false},"author":1,"featured_media":0,"parent":85272,"menu_order":0,"comment_status":"closed","ping_status":"closed","template":"","meta":{"inline_featured_image":false,"footnotes":""},"class_list":["post-76547","page","type-page","status-publish","hentry"],"yoast_head":"<!-- This site is optimized with the Yoast SEO Premium plugin v27.0 (Yoast SEO v27.3) - https:\/\/yoast.com\/product\/yoast-seo-premium-wordpress\/ -->\n<title>Dwar il-Pjan Direzzjonali dwar il-Kar\u010bino\u0121eni - STOP carcinogens at work<\/title>\n<meta name=\"description\" content=\"Dan is-sit web huwa skema ta\u2019 azzjoni volontarja tal-UE biex tipprevjeni lill-\u0127addiema milli jkunu esposti g\u0127al kar\u010bino\u0121eni fuq il-post tax-xog\u0127ol.\" \/>\n<meta name=\"robots\" content=\"index, follow, max-snippet:-1, max-image-preview:large, max-video-preview:-1\" \/>\n<link rel=\"canonical\" href=\"https:\/\/stopcarcinogensatwork.eu\/mt\/generali\/dwar-il-pjan-direzzjonali-dwar-il-karcinogeni\/\" \/>\n<meta property=\"og:locale\" content=\"mt_MT\" \/>\n<meta property=\"og:type\" content=\"article\" \/>\n<meta property=\"og:title\" content=\"Dwar il-Pjan Direzzjonali dwar il-Kar\u010bino\u0121eni\" \/>\n<meta property=\"og:description\" content=\"Dan is-sit web huwa skema ta\u2019 azzjoni volontarja tal-UE biex tipprevjeni lill-\u0127addiema milli jkunu esposti g\u0127al kar\u010bino\u0121eni fuq il-post tax-xog\u0127ol.\" \/>\n<meta property=\"og:url\" content=\"https:\/\/stopcarcinogensatwork.eu\/mt\/generali\/dwar-il-pjan-direzzjonali-dwar-il-karcinogeni\/\" \/>\n<meta property=\"og:site_name\" content=\"STOP carcinogens at work\" \/>\n<meta property=\"article:modified_time\" content=\"2025-12-02T14:59:13+00:00\" \/>\n<meta property=\"og:image\" content=\"https:\/\/stopcarcinogensatwork.eu\/wp-content\/uploads\/2025\/11\/partners.jpg\" \/>\n\t<meta property=\"og:image:width\" content=\"2560\" \/>\n\t<meta property=\"og:image:height\" content=\"967\" \/>\n\t<meta property=\"og:image:type\" content=\"image\/jpeg\" \/>\n<meta name=\"twitter:card\" content=\"summary_large_image\" \/>\n<meta name=\"twitter:label1\" content=\"Est. reading time\" \/>\n\t<meta name=\"twitter:data1\" content=\"3 minutes\" \/>\n<script type=\"application\/ld+json\" class=\"yoast-schema-graph\">{\"@context\":\"https:\\\/\\\/schema.org\",\"@graph\":[{\"@type\":\"WebPage\",\"@id\":\"https:\\\/\\\/stopcarcinogensatwork.eu\\\/mt\\\/generali\\\/dwar-il-pjan-direzzjonali-dwar-il-karcinogeni\\\/\",\"url\":\"https:\\\/\\\/stopcarcinogensatwork.eu\\\/mt\\\/generali\\\/dwar-il-pjan-direzzjonali-dwar-il-karcinogeni\\\/\",\"name\":\"Dwar il-Pjan Direzzjonali dwar il-Kar\u010bino\u0121eni - STOP carcinogens at work\",\"isPartOf\":{\"@id\":\"https:\\\/\\\/stopcarcinogensatwork.eu\\\/mt\\\/#website\"},\"primaryImageOfPage\":{\"@id\":\"https:\\\/\\\/stopcarcinogensatwork.eu\\\/mt\\\/generali\\\/dwar-il-pjan-direzzjonali-dwar-il-karcinogeni\\\/#primaryimage\"},\"image\":{\"@id\":\"https:\\\/\\\/stopcarcinogensatwork.eu\\\/mt\\\/generali\\\/dwar-il-pjan-direzzjonali-dwar-il-karcinogeni\\\/#primaryimage\"},\"thumbnailUrl\":\"https:\\\/\\\/stopcarcinogensatwork.eu\\\/wp-content\\\/uploads\\\/2025\\\/11\\\/partners.jpg\",\"datePublished\":\"2024-02-05T13:42:42+00:00\",\"dateModified\":\"2025-12-02T14:59:13+00:00\",\"description\":\"Dan is-sit web huwa skema ta\u2019 azzjoni volontarja tal-UE biex tipprevjeni lill-\u0127addiema milli jkunu esposti g\u0127al kar\u010bino\u0121eni fuq il-post tax-xog\u0127ol.\",\"breadcrumb\":{\"@id\":\"https:\\\/\\\/stopcarcinogensatwork.eu\\\/mt\\\/generali\\\/dwar-il-pjan-direzzjonali-dwar-il-karcinogeni\\\/#breadcrumb\"},\"inLanguage\":\"mt-MT\",\"potentialAction\":[{\"@type\":\"ReadAction\",\"target\":[\"https:\\\/\\\/stopcarcinogensatwork.eu\\\/mt\\\/generali\\\/dwar-il-pjan-direzzjonali-dwar-il-karcinogeni\\\/\"]}]},{\"@type\":\"ImageObject\",\"inLanguage\":\"mt-MT\",\"@id\":\"https:\\\/\\\/stopcarcinogensatwork.eu\\\/mt\\\/generali\\\/dwar-il-pjan-direzzjonali-dwar-il-karcinogeni\\\/#primaryimage\",\"url\":\"https:\\\/\\\/stopcarcinogensatwork.eu\\\/wp-content\\\/uploads\\\/2025\\\/11\\\/partners.jpg\",\"contentUrl\":\"https:\\\/\\\/stopcarcinogensatwork.eu\\\/wp-content\\\/uploads\\\/2025\\\/11\\\/partners.jpg\"},{\"@type\":\"BreadcrumbList\",\"@id\":\"https:\\\/\\\/stopcarcinogensatwork.eu\\\/mt\\\/generali\\\/dwar-il-pjan-direzzjonali-dwar-il-karcinogeni\\\/#breadcrumb\",\"itemListElement\":[{\"@type\":\"ListItem\",\"position\":1,\"name\":\"Home\",\"item\":\"https:\\\/\\\/stopcarcinogensatwork.eu\\\/mt\\\/waqqaf-il-karcinogeni-fuq-il-post-tax-xoghol\\\/\"},{\"@type\":\"ListItem\",\"position\":2,\"name\":\"\u0120enerali\",\"item\":\"https:\\\/\\\/stopcarcinogensatwork.eu\\\/mt\\\/generali\\\/\"},{\"@type\":\"ListItem\",\"position\":3,\"name\":\"Dwar il-Pjan Direzzjonali dwar il-Kar\u010bino\u0121eni\"}]},{\"@type\":\"WebSite\",\"@id\":\"https:\\\/\\\/stopcarcinogensatwork.eu\\\/mt\\\/#website\",\"url\":\"https:\\\/\\\/stopcarcinogensatwork.eu\\\/mt\\\/\",\"name\":\"STOP Carcinogens at work\",\"description\":\"Every year, about 100.000 people die from cancer that was caused by exposure to carcinogens at work in Europe.\",\"publisher\":{\"@id\":\"https:\\\/\\\/stopcarcinogensatwork.eu\\\/mt\\\/#organization\"},\"alternateName\":\"Roadmap on Carcinogens\",\"potentialAction\":[{\"@type\":\"SearchAction\",\"target\":{\"@type\":\"EntryPoint\",\"urlTemplate\":\"https:\\\/\\\/stopcarcinogensatwork.eu\\\/mt\\\/?s={search_term_string}\"},\"query-input\":{\"@type\":\"PropertyValueSpecification\",\"valueRequired\":true,\"valueName\":\"search_term_string\"}}],\"inLanguage\":\"mt-MT\"},{\"@type\":\"Organization\",\"@id\":\"https:\\\/\\\/stopcarcinogensatwork.eu\\\/mt\\\/#organization\",\"name\":\"TNO\",\"alternateName\":\"This is a European wide voluntary action scheme\",\"url\":\"https:\\\/\\\/stopcarcinogensatwork.eu\\\/mt\\\/\",\"logo\":{\"@type\":\"ImageObject\",\"inLanguage\":\"mt-MT\",\"@id\":\"https:\\\/\\\/stopcarcinogensatwork.eu\\\/mt\\\/#\\\/schema\\\/logo\\\/image\\\/\",\"url\":\"https:\\\/\\\/stopcarcinogensatwork.eu\\\/wp-content\\\/uploads\\\/2024\\\/08\\\/cropped-FavLarge-1.png\",\"contentUrl\":\"https:\\\/\\\/stopcarcinogensatwork.eu\\\/wp-content\\\/uploads\\\/2024\\\/08\\\/cropped-FavLarge-1.png\",\"width\":512,\"height\":512,\"caption\":\"TNO\"},\"image\":{\"@id\":\"https:\\\/\\\/stopcarcinogensatwork.eu\\\/mt\\\/#\\\/schema\\\/logo\\\/image\\\/\"},\"publishingPrinciples\":\"https:\\\/\\\/stopcarcinogensatwork.eu\\\/homepage\\\/legal\\\/\",\"ownershipFundingInfo\":\"https:\\\/\\\/stopcarcinogensatwork.eu\\\/general\\\/about-us\\\/\"}]}<\/script>\n<!-- \/ Yoast SEO Premium plugin. -->","yoast_head_json":{"title":"Dwar il-Pjan Direzzjonali dwar il-Kar\u010bino\u0121eni - STOP carcinogens at work","description":"Dan is-sit web huwa skema ta\u2019 azzjoni volontarja tal-UE biex tipprevjeni lill-\u0127addiema milli jkunu esposti g\u0127al kar\u010bino\u0121eni fuq il-post tax-xog\u0127ol.","robots":{"index":"index","follow":"follow","max-snippet":"max-snippet:-1","max-image-preview":"max-image-preview:large","max-video-preview":"max-video-preview:-1"},"canonical":"https:\/\/stopcarcinogensatwork.eu\/mt\/generali\/dwar-il-pjan-direzzjonali-dwar-il-karcinogeni\/","og_locale":"mt_MT","og_type":"article","og_title":"Dwar il-Pjan Direzzjonali dwar il-Kar\u010bino\u0121eni","og_description":"Dan is-sit web huwa skema ta\u2019 azzjoni volontarja tal-UE biex tipprevjeni lill-\u0127addiema milli jkunu esposti g\u0127al kar\u010bino\u0121eni fuq il-post tax-xog\u0127ol.","og_url":"https:\/\/stopcarcinogensatwork.eu\/mt\/generali\/dwar-il-pjan-direzzjonali-dwar-il-karcinogeni\/","og_site_name":"STOP carcinogens at work","article_modified_time":"2025-12-02T14:59:13+00:00","og_image":[{"width":2560,"height":967,"url":"https:\/\/stopcarcinogensatwork.eu\/wp-content\/uploads\/2025\/11\/partners.jpg","type":"image\/jpeg"}],"twitter_card":"summary_large_image","twitter_misc":{"Est. reading time":"3 minutes"},"schema":{"@context":"https:\/\/schema.org","@graph":[{"@type":"WebPage","@id":"https:\/\/stopcarcinogensatwork.eu\/mt\/generali\/dwar-il-pjan-direzzjonali-dwar-il-karcinogeni\/","url":"https:\/\/stopcarcinogensatwork.eu\/mt\/generali\/dwar-il-pjan-direzzjonali-dwar-il-karcinogeni\/","name":"Dwar il-Pjan Direzzjonali dwar il-Kar\u010bino\u0121eni - STOP carcinogens at work","isPartOf":{"@id":"https:\/\/stopcarcinogensatwork.eu\/mt\/#website"},"primaryImageOfPage":{"@id":"https:\/\/stopcarcinogensatwork.eu\/mt\/generali\/dwar-il-pjan-direzzjonali-dwar-il-karcinogeni\/#primaryimage"},"image":{"@id":"https:\/\/stopcarcinogensatwork.eu\/mt\/generali\/dwar-il-pjan-direzzjonali-dwar-il-karcinogeni\/#primaryimage"},"thumbnailUrl":"https:\/\/stopcarcinogensatwork.eu\/wp-content\/uploads\/2025\/11\/partners.jpg","datePublished":"2024-02-05T13:42:42+00:00","dateModified":"2025-12-02T14:59:13+00:00","description":"Dan is-sit web huwa skema ta\u2019 azzjoni volontarja tal-UE biex tipprevjeni lill-\u0127addiema milli jkunu esposti g\u0127al kar\u010bino\u0121eni fuq il-post tax-xog\u0127ol.","breadcrumb":{"@id":"https:\/\/stopcarcinogensatwork.eu\/mt\/generali\/dwar-il-pjan-direzzjonali-dwar-il-karcinogeni\/#breadcrumb"},"inLanguage":"mt-MT","potentialAction":[{"@type":"ReadAction","target":["https:\/\/stopcarcinogensatwork.eu\/mt\/generali\/dwar-il-pjan-direzzjonali-dwar-il-karcinogeni\/"]}]},{"@type":"ImageObject","inLanguage":"mt-MT","@id":"https:\/\/stopcarcinogensatwork.eu\/mt\/generali\/dwar-il-pjan-direzzjonali-dwar-il-karcinogeni\/#primaryimage","url":"https:\/\/stopcarcinogensatwork.eu\/wp-content\/uploads\/2025\/11\/partners.jpg","contentUrl":"https:\/\/stopcarcinogensatwork.eu\/wp-content\/uploads\/2025\/11\/partners.jpg"},{"@type":"BreadcrumbList","@id":"https:\/\/stopcarcinogensatwork.eu\/mt\/generali\/dwar-il-pjan-direzzjonali-dwar-il-karcinogeni\/#breadcrumb","itemListElement":[{"@type":"ListItem","position":1,"name":"Home","item":"https:\/\/stopcarcinogensatwork.eu\/mt\/waqqaf-il-karcinogeni-fuq-il-post-tax-xoghol\/"},{"@type":"ListItem","position":2,"name":"\u0120enerali","item":"https:\/\/stopcarcinogensatwork.eu\/mt\/generali\/"},{"@type":"ListItem","position":3,"name":"Dwar il-Pjan Direzzjonali dwar il-Kar\u010bino\u0121eni"}]},{"@type":"WebSite","@id":"https:\/\/stopcarcinogensatwork.eu\/mt\/#website","url":"https:\/\/stopcarcinogensatwork.eu\/mt\/","name":"STOP Carcinogens at work","description":"Every year, about 100.000 people die from cancer that was caused by exposure to carcinogens at work in Europe.","publisher":{"@id":"https:\/\/stopcarcinogensatwork.eu\/mt\/#organization"},"alternateName":"Roadmap on Carcinogens","potentialAction":[{"@type":"SearchAction","target":{"@type":"EntryPoint","urlTemplate":"https:\/\/stopcarcinogensatwork.eu\/mt\/?s={search_term_string}"},"query-input":{"@type":"PropertyValueSpecification","valueRequired":true,"valueName":"search_term_string"}}],"inLanguage":"mt-MT"},{"@type":"Organization","@id":"https:\/\/stopcarcinogensatwork.eu\/mt\/#organization","name":"TNO","alternateName":"This is a European wide voluntary action scheme","url":"https:\/\/stopcarcinogensatwork.eu\/mt\/","logo":{"@type":"ImageObject","inLanguage":"mt-MT","@id":"https:\/\/stopcarcinogensatwork.eu\/mt\/#\/schema\/logo\/image\/","url":"https:\/\/stopcarcinogensatwork.eu\/wp-content\/uploads\/2024\/08\/cropped-FavLarge-1.png","contentUrl":"https:\/\/stopcarcinogensatwork.eu\/wp-content\/uploads\/2024\/08\/cropped-FavLarge-1.png","width":512,"height":512,"caption":"TNO"},"image":{"@id":"https:\/\/stopcarcinogensatwork.eu\/mt\/#\/schema\/logo\/image\/"},"publishingPrinciples":"https:\/\/stopcarcinogensatwork.eu\/homepage\/legal\/","ownershipFundingInfo":"https:\/\/stopcarcinogensatwork.eu\/general\/about-us\/"}]}},"_links":{"self":[{"href":"https:\/\/stopcarcinogensatwork.eu\/mt\/wp-json\/wp\/v2\/pages\/76547","targetHints":{"allow":["GET"]}}],"collection":[{"href":"https:\/\/stopcarcinogensatwork.eu\/mt\/wp-json\/wp\/v2\/pages"}],"about":[{"href":"https:\/\/stopcarcinogensatwork.eu\/mt\/wp-json\/wp\/v2\/types\/page"}],"author":[{"embeddable":true,"href":"https:\/\/stopcarcinogensatwork.eu\/mt\/wp-json\/wp\/v2\/users\/1"}],"replies":[{"embeddable":true,"href":"https:\/\/stopcarcinogensatwork.eu\/mt\/wp-json\/wp\/v2\/comments?post=76547"}],"version-history":[{"count":0,"href":"https:\/\/stopcarcinogensatwork.eu\/mt\/wp-json\/wp\/v2\/pages\/76547\/revisions"}],"up":[{"embeddable":true,"href":"https:\/\/stopcarcinogensatwork.eu\/mt\/wp-json\/wp\/v2\/pages\/85272"}],"wp:attachment":[{"href":"https:\/\/stopcarcinogensatwork.eu\/mt\/wp-json\/wp\/v2\/media?parent=76547"}],"curies":[{"name":"wp","href":"https:\/\/api.w.org\/{rel}","templated":true}]}}