{"id":78382,"date":"2024-02-27T15:15:29","date_gmt":"2024-02-27T15:15:29","guid":{"rendered":"https:\/\/stopcarcinogensatwork.eu\/ikkollabora-maghna\/"},"modified":"2025-12-10T11:54:00","modified_gmt":"2025-12-10T11:54:00","slug":"ikkollabora-maghna","status":"publish","type":"page","link":"https:\/\/stopcarcinogensatwork.eu\/mt\/generali\/ikkollabora-maghna\/","title":{"rendered":"Ikkollabora mag\u0127na"},"content":{"rendered":"\t\t<div data-elementor-type=\"wp-page\" data-elementor-id=\"78382\" class=\"elementor elementor-78382 elementor-7358\" data-elementor-post-type=\"page\">\n\t\t\t\t<div class=\"elementor-element elementor-element-4bc4f45a e-flex e-con-boxed e-con e-parent\" data-id=\"4bc4f45a\" data-element_type=\"container\" data-e-type=\"container\">\n\t\t\t\t\t<div class=\"e-con-inner\">\n\t\t\t\t<div class=\"elementor-element elementor-element-656752e2 elementor-widget elementor-widget-text-editor\" data-id=\"656752e2\" data-element_type=\"widget\" data-e-type=\"widget\" data-widget_type=\"text-editor.default\">\n\t\t\t\t\t\t\t\t\t<h2>Ejjew na\u0127dmu flimkien biex nag\u0127mlu l-postijiet tax-xog\u0127ol aktar sikuri \u2013 permezz tal-g\u0127arfien, il-prattika u l-edukazzjoni<\/h2><blockquote><p>Kull sena, g\u0127exieren ta\u2019 eluf ta\u2019 nies madwar l-Ewropa jmutu minn mard ikkaw\u017cat mix-xog\u0127ol tag\u0127hom. F\u2019\u0127afna ka\u017cijiet, il-kan\u010ber huwa t-tort \u2014 ikkaw\u017cat mill-espo\u017cizzjoni g\u0127al sustanzi kar\u010bino\u0121eni\u010bi fuq il-post tax-xog\u0127ol. Dawn ir-riskji \u0127afna drabi huma invi\u017cibbli, i\u017cda mhumiex inevitabbli. Biex nibdlu dan, ne\u0127tie\u0121u lil xulxin.   <\/p><p>Minbarra l-impjegaturi u l-\u0127addiema, nistiednu netwerk usa&#8217; ta&#8217; professjonisti biex jing\u0127aqdu mag\u0127na: <strong><a href=\"#inspectorate\">spettorati tax-xog\u0127ol<\/a> , <a href=\"#research\">ri\u010berkaturi<\/a> , unions, organizzazzjonijiet esperti, <a href=\"#educational\">istituzzjonijiet edukattivi u trejners<\/a> .<\/strong> Billi na\u0127dmu flimkien, nag\u0127mlu l-g\u0127arfien vi\u017cibbli, ni\u017cviluppaw g\u0127odod \u0121odda, u nitg\u0127allmu mill-prattiki ta&#8217; xulxin.<\/p><\/blockquote>\t\t\t\t\t\t\t\t<\/div>\n\t\t\t\t\t<\/div>\n\t\t\t\t<\/div>\n\t\t<div class=\"elementor-element elementor-element-01c544b e-flex e-con-boxed e-con e-parent\" data-id=\"01c544b\" data-element_type=\"container\" data-e-type=\"container\" id=\"inspectorate\">\n\t\t\t\t\t<div class=\"e-con-inner\">\n\t\t\t\t<div class=\"elementor-element elementor-element-c2c232c elementor-widget elementor-widget-text-editor\" data-id=\"c2c232c\" data-element_type=\"widget\" data-e-type=\"widget\" data-widget_type=\"text-editor.default\">\n\t\t\t\t\t\t\t\t\t<h3>L-Ispettorati<\/h3><p>L-ispettorati tax-xog\u0127ol g\u0127andhom g\u0127add kbir ta\u2019 esperjenza fid-dinja reali. Billi naqsmu ka\u017cijiet ta\u2019 spezzjoni, nistg\u0127u ng\u0127inu lil spetturi o\u0127ra jitg\u0127allmu mill-prattika, u ng\u0127inu lill-kumpaniji jifhmu x\u2019ja\u0127dem u x\u2019ma ja\u0127dimx. Nistiednu lill-ispettorati tax-xog\u0127ol biex:  <\/p><p>\u2022 Aqsam ka\u017cijiet ta&#8217; spezzjoni li juru evalwazzjoni tar-riskju u mi\u017curi ta&#8217; kontroll<br>\u2022 Appo\u0121\u0121 g\u0127at-tag\u0127lim re\u010biproku fost l-ispettorati fl-Ewropa<br>\u2022 G\u0127ajnuna lin-negozji jiksbu g\u0127arfien dwar il-pro\u010bess ta&#8217; spezzjoni<\/p><p><strong>Trid tikkontribwixxi? <a href=\"https:\/\/stopcarcinogensatwork.eu\/register\/\">Itlob kont<\/a> permezz tal-pa\u0121na ta&#8217; re\u0121istrazzjoni tag\u0127na g\u0127all-ispettorati.<\/strong> Di\u0121\u00e0 g\u0127andek kont? <a href=\"https:\/\/stopcarcinogensatwork.eu\/mt\/idhol\/\">Id\u0127ol hawn.<\/a><br> Trid tara l-ka\u017cijiet ta&#8217; spezzjoni ppubblikati? <a href=\"https:\/\/stopcarcinogensatwork.eu\/mt\/spezzjonijiet-tat-tiftix\/\">Ikklikkja hawn<\/a><\/p>\t\t\t\t\t\t\t\t<\/div>\n\t\t\t\t\t<\/div>\n\t\t\t\t<\/div>\n\t\t<div class=\"elementor-element elementor-element-06edf1b e-flex e-con-boxed e-con e-parent\" data-id=\"06edf1b\" data-element_type=\"container\" data-e-type=\"container\" id=\"research\">\n\t\t\t\t\t<div class=\"e-con-inner\">\n\t\t\t\t<div class=\"elementor-element elementor-element-cfc6497 elementor-widget elementor-widget-text-editor\" data-id=\"cfc6497\" data-element_type=\"widget\" data-e-type=\"widget\" data-widget_type=\"text-editor.default\">\n\t\t\t\t\t\t\t\t\t<h3>G\u0127al Istituzzjonijiet ta&#8217; Ri\u010berka u G\u0127arfien<\/h3><p>Ir-ri\u010berka, l-g\u0127arfien espert tekniku u l-prattika bba\u017cata fuq l-evidenza huma essenzjali biex titnaqqas l-espo\u017cizzjoni relatata max-xog\u0127ol  g\u0127all-kar\u010bino\u0121eni. Nistiednu lill-istituzzjonijiet biex: <\/p><ul><li>Aqsam prattiki tajbin: e\u017cempji mill-\u0127ajja reali ta\u2019 sostituzzjoni jew kontroll b\u2019su\u010b\u010bess<\/li><li>\u017bviluppa jew irfina Folji ta&#8217; Gwida g\u0127all-Kontroll (CGS): gwida pass pass g\u0127all-immani\u0121\u0121jar tal-espo\u017cizzjoni<\/li><li>Appo\u0121\u0121ja l-g\u0127arfien u l-politika b&#8217;g\u0127arfien xjentifiku, dejta u g\u0127odod edukattivi<\/li><\/ul><p>Flimkien, nibnu ba\u017ci ta&#8217; g\u0127arfien kondivi\u017ca li o\u0127rajn jistg\u0127u ju\u017caw biex itejbu l-istrate\u0121iji tag\u0127hom stess. <strong><a href=\"https:\/\/stopcarcinogensatwork.eu\/institute-for-cgs\/\">Itlob kont<\/a> permezz tal-pa\u0121na ta&#8217; re\u0121istrazzjoni tag\u0127na.<\/strong><\/p>\t\t\t\t\t\t\t\t<\/div>\n\t\t\t\t\t<\/div>\n\t\t\t\t<\/div>\n\t\t<div class=\"elementor-element elementor-element-8326d9a e-flex e-con-boxed e-con e-parent\" data-id=\"8326d9a\" data-element_type=\"container\" data-e-type=\"container\" id=\"educational\">\n\t\t\t\t\t<div class=\"e-con-inner\">\n\t\t\t\t<div class=\"elementor-element elementor-element-b40aa3d elementor-widget elementor-widget-text-editor\" data-id=\"b40aa3d\" data-element_type=\"widget\" data-e-type=\"widget\" data-widget_type=\"text-editor.default\">\n\t\t\t\t\t\t\t\t\t<h3>G\u0127al Istituzzjonijiet Edukattivi u Trejners<\/h3><p>Mit-ta\u0127ri\u0121 vokazzjonali sal-universitajiet: l-istudenti tal-lum huma l-forza tax-xog\u0127ol ta\u2019 g\u0127ada. L-edukazzjoni bikrija dwar il-kar\u010bino\u0121eni tg\u0127in biex tin\u0127oloq kuxjenza fit-tul u g\u0127a\u017cliet aktar b\u2019sa\u0127\u0127ithom. Nistiednu lill-edukaturi u lit-trejners biex:  <\/p><ul><li>Aqsam materjali tal-lezzjonijiet jew pro\u0121etti ta\u2019 sensibilizzazzjoni g\u0127all-u\u017cu fi skejjel, kulle\u0121\u0121i jew \u010bentri ta\u2019 ta\u0127ri\u0121<\/li><li>O\u0127loq flimkien kontenut edukattiv adattat g\u0127al gruppi ta&#8217; etajiet u setturi differenti<\/li><li>Ispira lill-istudenti biex jag\u0127rfu u jnaqqsu r-riskji fil-postijiet tax-xog\u0127ol tal-\u0121ejjieni<\/li><\/ul><p><a href=\"https:\/\/stopcarcinogensatwork.eu\/general\/educational-institutions-and-trainers\/\">Jekk jog\u0127\u0121bok \u017cur it-taqsima Edukattiva tag\u0127na fuq il-websajt tag\u0127na.<\/a><\/p>\t\t\t\t\t\t\t\t<\/div>\n\t\t\t\t\t<\/div>\n\t\t\t\t<\/div>\n\t\t\t\t<\/div>\n\t\t","protected":false},"excerpt":{"rendered":"<p>Ejjew na\u0127dmu flimkien biex nag\u0127mlu l-postijiet tax-xog\u0127ol aktar sikuri \u2013 permezz tal-g\u0127arfien, il-prattika u l-edukazzjoni Kull sena, g\u0127exieren ta\u2019 eluf ta\u2019 nies madwar l-Ewropa jmutu minn mard ikkaw\u017cat mix-xog\u0127ol tag\u0127hom. F\u2019\u0127afna ka\u017cijiet, il-kan\u010ber huwa t-tort \u2014 ikkaw\u017cat mill-espo\u017cizzjoni g\u0127al sustanzi kar\u010bino\u0121eni\u010bi fuq il-post tax-xog\u0127ol. Dawn ir-riskji \u0127afna drabi huma invi\u017cibbli, i\u017cda mhumiex inevitabbli. Biex nibdlu [&hellip;]<\/p>\n","protected":false},"author":1,"featured_media":0,"parent":85272,"menu_order":0,"comment_status":"closed","ping_status":"closed","template":"","meta":{"inline_featured_image":false,"footnotes":""},"class_list":["post-78382","page","type-page","status-publish","hentry"],"yoast_head":"<!-- This site is optimized with the Yoast SEO Premium plugin v27.0 (Yoast SEO v27.4) - https:\/\/yoast.com\/product\/yoast-seo-premium-wordpress\/ -->\n<title>Ikkollabora mag\u0127na - STOP carcinogens at work<\/title>\n<meta name=\"description\" content=\"Every year, more than 100.000 people die in the EU from cancer caused by carcinogens at work. This must STOP!\" \/>\n<meta name=\"robots\" content=\"noindex, nofollow\" \/>\n<meta property=\"og:locale\" content=\"mt_MT\" \/>\n<meta property=\"og:type\" content=\"article\" \/>\n<meta property=\"og:title\" content=\"Ikkollabora mag\u0127na\" \/>\n<meta property=\"og:description\" content=\"Every year, more than 100.000 people die in the EU from cancer caused by carcinogens at work. This must STOP!\" \/>\n<meta property=\"og:url\" content=\"https:\/\/stopcarcinogensatwork.eu\/mt\/generali\/ikkollabora-maghna\/\" \/>\n<meta property=\"og:site_name\" content=\"STOP carcinogens at work\" \/>\n<meta property=\"article:modified_time\" content=\"2025-12-10T11:54:00+00:00\" \/>\n<meta name=\"twitter:card\" content=\"summary_large_image\" \/>\n<meta name=\"twitter:label1\" content=\"Est. reading time\" \/>\n\t<meta name=\"twitter:data1\" content=\"2 minutes\" \/>\n<script type=\"application\/ld+json\" class=\"yoast-schema-graph\">{\"@context\":\"https:\\\/\\\/schema.org\",\"@graph\":[{\"@type\":\"WebPage\",\"@id\":\"https:\\\/\\\/stopcarcinogensatwork.eu\\\/mt\\\/generali\\\/ikkollabora-maghna\\\/\",\"url\":\"https:\\\/\\\/stopcarcinogensatwork.eu\\\/mt\\\/generali\\\/ikkollabora-maghna\\\/\",\"name\":\"Ikkollabora mag\u0127na - STOP carcinogens at work\",\"isPartOf\":{\"@id\":\"https:\\\/\\\/stopcarcinogensatwork.eu\\\/mt\\\/#website\"},\"datePublished\":\"2024-02-27T15:15:29+00:00\",\"dateModified\":\"2025-12-10T11:54:00+00:00\",\"description\":\"Every year, more than 100.000 people die in the EU from cancer caused by carcinogens at work. This must STOP!\",\"breadcrumb\":{\"@id\":\"https:\\\/\\\/stopcarcinogensatwork.eu\\\/mt\\\/generali\\\/ikkollabora-maghna\\\/#breadcrumb\"},\"inLanguage\":\"mt-MT\",\"potentialAction\":[{\"@type\":\"ReadAction\",\"target\":[\"https:\\\/\\\/stopcarcinogensatwork.eu\\\/mt\\\/generali\\\/ikkollabora-maghna\\\/\"]}]},{\"@type\":\"BreadcrumbList\",\"@id\":\"https:\\\/\\\/stopcarcinogensatwork.eu\\\/mt\\\/generali\\\/ikkollabora-maghna\\\/#breadcrumb\",\"itemListElement\":[{\"@type\":\"ListItem\",\"position\":1,\"name\":\"Home\",\"item\":\"https:\\\/\\\/stopcarcinogensatwork.eu\\\/mt\\\/waqqaf-il-karcinogeni-fuq-il-post-tax-xoghol\\\/\"},{\"@type\":\"ListItem\",\"position\":2,\"name\":\"\u0120enerali\",\"item\":\"https:\\\/\\\/stopcarcinogensatwork.eu\\\/mt\\\/generali\\\/\"},{\"@type\":\"ListItem\",\"position\":3,\"name\":\"Ikkollabora mag\u0127na\"}]},{\"@type\":\"WebSite\",\"@id\":\"https:\\\/\\\/stopcarcinogensatwork.eu\\\/mt\\\/#website\",\"url\":\"https:\\\/\\\/stopcarcinogensatwork.eu\\\/mt\\\/\",\"name\":\"STOP Carcinogens at work\",\"description\":\"Every year, about 100.000 people die from cancer that was caused by exposure to carcinogens at work in Europe.\",\"publisher\":{\"@id\":\"https:\\\/\\\/stopcarcinogensatwork.eu\\\/mt\\\/#organization\"},\"alternateName\":\"Roadmap on Carcinogens\",\"potentialAction\":[{\"@type\":\"SearchAction\",\"target\":{\"@type\":\"EntryPoint\",\"urlTemplate\":\"https:\\\/\\\/stopcarcinogensatwork.eu\\\/mt\\\/?s={search_term_string}\"},\"query-input\":{\"@type\":\"PropertyValueSpecification\",\"valueRequired\":true,\"valueName\":\"search_term_string\"}}],\"inLanguage\":\"mt-MT\"},{\"@type\":\"Organization\",\"@id\":\"https:\\\/\\\/stopcarcinogensatwork.eu\\\/mt\\\/#organization\",\"name\":\"TNO\",\"alternateName\":\"This is a European wide voluntary action scheme\",\"url\":\"https:\\\/\\\/stopcarcinogensatwork.eu\\\/mt\\\/\",\"logo\":{\"@type\":\"ImageObject\",\"inLanguage\":\"mt-MT\",\"@id\":\"https:\\\/\\\/stopcarcinogensatwork.eu\\\/mt\\\/#\\\/schema\\\/logo\\\/image\\\/\",\"url\":\"https:\\\/\\\/stopcarcinogensatwork.eu\\\/wp-content\\\/uploads\\\/2024\\\/08\\\/cropped-FavLarge-1.png\",\"contentUrl\":\"https:\\\/\\\/stopcarcinogensatwork.eu\\\/wp-content\\\/uploads\\\/2024\\\/08\\\/cropped-FavLarge-1.png\",\"width\":512,\"height\":512,\"caption\":\"TNO\"},\"image\":{\"@id\":\"https:\\\/\\\/stopcarcinogensatwork.eu\\\/mt\\\/#\\\/schema\\\/logo\\\/image\\\/\"},\"publishingPrinciples\":\"https:\\\/\\\/stopcarcinogensatwork.eu\\\/homepage\\\/legal\\\/\",\"ownershipFundingInfo\":\"https:\\\/\\\/stopcarcinogensatwork.eu\\\/general\\\/about-us\\\/\"}]}<\/script>\n<!-- \/ Yoast SEO Premium plugin. -->","yoast_head_json":{"title":"Ikkollabora mag\u0127na - STOP carcinogens at work","description":"Every year, more than 100.000 people die in the EU from cancer caused by carcinogens at work. This must STOP!","robots":{"index":"noindex","follow":"nofollow"},"og_locale":"mt_MT","og_type":"article","og_title":"Ikkollabora mag\u0127na","og_description":"Every year, more than 100.000 people die in the EU from cancer caused by carcinogens at work. This must STOP!","og_url":"https:\/\/stopcarcinogensatwork.eu\/mt\/generali\/ikkollabora-maghna\/","og_site_name":"STOP carcinogens at work","article_modified_time":"2025-12-10T11:54:00+00:00","twitter_card":"summary_large_image","twitter_misc":{"Est. reading time":"2 minutes"},"schema":{"@context":"https:\/\/schema.org","@graph":[{"@type":"WebPage","@id":"https:\/\/stopcarcinogensatwork.eu\/mt\/generali\/ikkollabora-maghna\/","url":"https:\/\/stopcarcinogensatwork.eu\/mt\/generali\/ikkollabora-maghna\/","name":"Ikkollabora mag\u0127na - STOP carcinogens at work","isPartOf":{"@id":"https:\/\/stopcarcinogensatwork.eu\/mt\/#website"},"datePublished":"2024-02-27T15:15:29+00:00","dateModified":"2025-12-10T11:54:00+00:00","description":"Every year, more than 100.000 people die in the EU from cancer caused by carcinogens at work. This must STOP!","breadcrumb":{"@id":"https:\/\/stopcarcinogensatwork.eu\/mt\/generali\/ikkollabora-maghna\/#breadcrumb"},"inLanguage":"mt-MT","potentialAction":[{"@type":"ReadAction","target":["https:\/\/stopcarcinogensatwork.eu\/mt\/generali\/ikkollabora-maghna\/"]}]},{"@type":"BreadcrumbList","@id":"https:\/\/stopcarcinogensatwork.eu\/mt\/generali\/ikkollabora-maghna\/#breadcrumb","itemListElement":[{"@type":"ListItem","position":1,"name":"Home","item":"https:\/\/stopcarcinogensatwork.eu\/mt\/waqqaf-il-karcinogeni-fuq-il-post-tax-xoghol\/"},{"@type":"ListItem","position":2,"name":"\u0120enerali","item":"https:\/\/stopcarcinogensatwork.eu\/mt\/generali\/"},{"@type":"ListItem","position":3,"name":"Ikkollabora mag\u0127na"}]},{"@type":"WebSite","@id":"https:\/\/stopcarcinogensatwork.eu\/mt\/#website","url":"https:\/\/stopcarcinogensatwork.eu\/mt\/","name":"STOP Carcinogens at work","description":"Every year, about 100.000 people die from cancer that was caused by exposure to carcinogens at work in Europe.","publisher":{"@id":"https:\/\/stopcarcinogensatwork.eu\/mt\/#organization"},"alternateName":"Roadmap on Carcinogens","potentialAction":[{"@type":"SearchAction","target":{"@type":"EntryPoint","urlTemplate":"https:\/\/stopcarcinogensatwork.eu\/mt\/?s={search_term_string}"},"query-input":{"@type":"PropertyValueSpecification","valueRequired":true,"valueName":"search_term_string"}}],"inLanguage":"mt-MT"},{"@type":"Organization","@id":"https:\/\/stopcarcinogensatwork.eu\/mt\/#organization","name":"TNO","alternateName":"This is a European wide voluntary action scheme","url":"https:\/\/stopcarcinogensatwork.eu\/mt\/","logo":{"@type":"ImageObject","inLanguage":"mt-MT","@id":"https:\/\/stopcarcinogensatwork.eu\/mt\/#\/schema\/logo\/image\/","url":"https:\/\/stopcarcinogensatwork.eu\/wp-content\/uploads\/2024\/08\/cropped-FavLarge-1.png","contentUrl":"https:\/\/stopcarcinogensatwork.eu\/wp-content\/uploads\/2024\/08\/cropped-FavLarge-1.png","width":512,"height":512,"caption":"TNO"},"image":{"@id":"https:\/\/stopcarcinogensatwork.eu\/mt\/#\/schema\/logo\/image\/"},"publishingPrinciples":"https:\/\/stopcarcinogensatwork.eu\/homepage\/legal\/","ownershipFundingInfo":"https:\/\/stopcarcinogensatwork.eu\/general\/about-us\/"}]}},"_links":{"self":[{"href":"https:\/\/stopcarcinogensatwork.eu\/mt\/wp-json\/wp\/v2\/pages\/78382","targetHints":{"allow":["GET"]}}],"collection":[{"href":"https:\/\/stopcarcinogensatwork.eu\/mt\/wp-json\/wp\/v2\/pages"}],"about":[{"href":"https:\/\/stopcarcinogensatwork.eu\/mt\/wp-json\/wp\/v2\/types\/page"}],"author":[{"embeddable":true,"href":"https:\/\/stopcarcinogensatwork.eu\/mt\/wp-json\/wp\/v2\/users\/1"}],"replies":[{"embeddable":true,"href":"https:\/\/stopcarcinogensatwork.eu\/mt\/wp-json\/wp\/v2\/comments?post=78382"}],"version-history":[{"count":0,"href":"https:\/\/stopcarcinogensatwork.eu\/mt\/wp-json\/wp\/v2\/pages\/78382\/revisions"}],"up":[{"embeddable":true,"href":"https:\/\/stopcarcinogensatwork.eu\/mt\/wp-json\/wp\/v2\/pages\/85272"}],"wp:attachment":[{"href":"https:\/\/stopcarcinogensatwork.eu\/mt\/wp-json\/wp\/v2\/media?parent=78382"}],"curies":[{"name":"wp","href":"https:\/\/api.w.org\/{rel}","templated":true}]}}