{"id":85210,"date":"2024-08-31T07:07:44","date_gmt":"2024-08-31T07:07:44","guid":{"rendered":"https:\/\/stopcarcinogensatwork.eu\/dwar-il-pjan-direzzjonali-dwar-il-karcinogeni\/sfidi\/"},"modified":"2025-10-28T13:58:23","modified_gmt":"2025-10-28T13:58:23","slug":"sfidi","status":"publish","type":"page","link":"https:\/\/stopcarcinogensatwork.eu\/mt\/generali\/dwar-il-pjan-direzzjonali-dwar-il-karcinogeni\/sfidi\/","title":{"rendered":"Sfidi"},"content":{"rendered":"<p><img fetchpriority=\"high\" decoding=\"async\" class=\"alignnone wp-image-20623 size-full\" src=\"https:\/\/stopcarcinogensatwork.eu\/wp-content\/uploads\/2024\/08\/Pillars.png\" alt=\"\" width=\"1384\" height=\"736\" srcset=\"https:\/\/stopcarcinogensatwork.eu\/wp-content\/uploads\/2024\/08\/Pillars.png 1384w, https:\/\/stopcarcinogensatwork.eu\/wp-content\/uploads\/2024\/08\/Pillars-300x160.png 300w, https:\/\/stopcarcinogensatwork.eu\/wp-content\/uploads\/2024\/08\/Pillars-768x408.png 768w\" sizes=\"(max-width: 1384px) 100vw, 1384px\" \/><\/p>\n<blockquote><p>Mill-2021, il-Pjan Direzzjonali dwar il-Kar\u010bino\u0121eni beda jimplimenta tnax-il sfida biex jikseb aktar impatt, biex jg\u0127in fil-prevenzjoni tal-espo\u017cizzjoni tal-\u0127addiema g\u0127all-kar\u010bino\u0121eni ( <a href=\"https:\/\/stopcarcinogensatwork.eu\/wp-content\/uploads\/2024\/09\/200903_RoC2.0_Strategy.pdf\" target=\"_blank\" rel=\"noopener\">aqra l-istrate\u0121ija s\u0127i\u0127a hawn<\/a> ).<\/p><\/blockquote>\n<p> G\u0127all-perjodu 2020-2024, il-Pjan Direzzjonali stabbilixxa l-erba\u2019 miri li \u0121ejjin:<\/p>\n<ul>\n<li><strong>Pilastru 1:<\/strong> Il-\u0127olqien ta&#8217; kuxjenza madwar l-Ewropa fost in-negozji u l-\u0127addiema dwar ir-riskji ta&#8217; espo\u017cizzjoni g\u0127al sustanzi kar\u010bino\u0121eni\u010bi u l-\u0127tie\u0121a g\u0127al azzjonijiet preventivi.<\/li>\n<li><strong>Pilastru 2:<\/strong> L-g\u0127oti ta&#8217; g\u0127ajnuna lin-negozji u lill-\u0127addiema fil-prevenzjoni tal-espo\u017cizzjoni g\u0127al kar\u010bino\u0121eni fuq il-post tax-xog\u0127ol u l-minimizzazzjoni tal-effett tieg\u0127u fuq il-forza tax-xog\u0127ol.<\/li>\n<li><strong>Pilastru 3:<\/strong> L-involviment tal-industrija u s-setturi u \u017c-\u017cieda fl-involviment tal-partijiet rilevanti biex in\u017cidu l-isforzi tag\u0127na madwar l-Ewropa.<\/li>\n<li><strong>Pilastru 4:<\/strong> Nimmiraw lejn l-innovazzjoni biex innaqqsu d-distakk bejn is-sejbiet tar-ri\u010berka u l-\u0127ti\u0121ijiet tan-negozji.<\/li>\n<\/ul>\n<p>Dawn il-pilastri \u0121ew maqsuma fi 12-il sfida. It-twettiq ta\u2019 dawn l-isfidi kollha se jikkontribwixxi biex jintla\u0127qu dawn l-g\u0127anijiet. Kull sfida hija mmexxija minn tim mill-imsie\u0127ba tal-Pjan Direzzjonali.  <\/p>\n<h3>Sfida 1.1 \u2013 Dejta a\u0127jar<\/h3>\n<p>Dejta a\u0127jar u aktar dettaljata dwar l-espo\u017cizzjoni g\u0127all-kar\u010bino\u0121eni hija essenzjali biex titqajjem kuxjenza dwar il-\u0127tie\u0121a g\u0127al azzjoni u biex ji\u0121i mmonitorjat &#8211; spe\u010bjalment fit-tul &#8211; jekk hux kapa\u010bi naraw tnaqqis fl-u\u017cu ta&#8217; a\u0121enti li jikkaw\u017caw il-kan\u010ber fil-\u0127wienet tal-manifattura.<\/p>\n<p><strong>Ri\u017cultati:<\/strong><\/p>\n<ul>\n<li><a href=\"https:\/\/stopcarcinogensatwork.eu\/wp-content\/uploads\/2024\/08\/Ch1.1_Conclusion_Report_20230125.pdf\" target=\"_blank\" rel=\"noopener\">Rapport dettaljat huwa disponibbli (pdf)<\/a> .<\/li>\n<li><a href=\"https:\/\/stopcarcinogensatwork.eu\/mt\/databases-tal-kejl-dwar-l-espozizzjoni-okkupazzjonali-ghall-karcinogeni\/\" target=\"_blank\" rel=\"noopener\">\u0126arsa \u0121enerali lejn id-databases tal-kejl tal-espo\u017cizzjoni hija <strong>disponibbli fuq dan is-sit web<\/strong><\/a><\/li>\n<li><a href=\"https:\/\/stopcarcinogensatwork.eu\/mt\/registri-dwar-haddiema-esposti-ghal-karcinogeni\/\" target=\"_blank\" rel=\"noopener\">\u0126arsa \u0121enerali lejn ir-re\u0121istri dwar il-\u0127addiema esposti g\u0127al kar\u010bino\u0121eni hija <strong>disponibbli fuq dan is-sit web<\/strong><\/a><\/li>\n<li><a href=\"https:\/\/stopcarcinogensatwork.eu\/wp-content\/uploads\/2024\/08\/Ch1.1_joint_research_projects_v2.1.pdf\" target=\"_blank\" rel=\"noopener\">Pro\u0121etti ta&#8217; ri\u010berka kon\u0121unti li jipprovdu dejta dwar l-espo\u017cizzjoni relatata max-xog\u0127ol g\u0127all-kar\u010bino\u0121eni (pdf)<\/a><\/li>\n<\/ul>\n<h3>Sfida 1.2 \u2013 L-Edukazzjoni hija Essenzjali<\/h3>\n<p>Fidil g\u0127all-motto &#8216;Ma tistax tg\u0127allem kelb xi\u0127 tricks \u0121odda&#8217; huwa ne\u010bessarju li nibdew b&#8217;attivitajiet ta&#8217; sensibilizzazzjoni fl-iskejjel primarji u nintegrawhom a\u0127jar fit-ta\u0127ri\u0121 edukattiv vokazzjonali.<\/p>\n<p><strong>Ri\u017cultati:<\/strong><\/p>\n<ul>\n<li>Sett ta\u2019 pre\u017centazzjonijiet edukattivi g\u0127all-g\u0127alliema tal-iskola primarja se jkunu disponibbli dalwaqt.<\/li>\n<li>\u0120iet \u017cviluppata g\u0127odda ta&#8217; gamifikazzjoni u <a href=\"https:\/\/stopcarcinogensatwork.eu\/mt\/good-practice\/immaniggjar-tar-riskji-ta-karcinogeni-fil-post-tax-xoghol-permezz-ta-loghba-edukattiva\/\" target=\"_blank\" rel=\"noopener\"><strong>din<\/strong> hija <strong>disponibbli permezz ta&#8217; dan is-sit web.<\/strong><\/a><\/li>\n<\/ul>\n<h3>Sfida 2.1 \u2013 Strate\u0121iji ta\u2019 sostituzzjoni<\/h3>\n<p>Is-sostituzzjoni b&#8217;alternattivi aktar sikuri tinsab fil-qu\u010b\u010bata tal-\u0121erarkija ta&#8217; mi\u017curi biex ti\u0121i evitata l-espo\u017cizzjoni g\u0127al a\u0121enti li jikkaw\u017caw il-kan\u010ber fuq il-post tax-xog\u0127ol u l-\u0121bir ta&#8217; e\u017cempji ta&#8217; sostituzzjoni u innovazzjoni se jipprovdi g\u0127ajnuna lill-kumpaniji fit-tfittxija g\u0127all-pjan ta&#8217; sostituzzjoni ta&#8217; su\u010b\u010bess tag\u0127hom.<\/p>\n<ul>\n<li>Sommarji komprensivi g\u0127al alternattivi mill-applikazzjonijiet g\u0127all-awtorizzazzjoni REACH huma disponibbli permezz ta\u2019 dan is-sit web ta\u0127t kull fatt.<\/li>\n<li><a href=\"https:\/\/stopcarcinogensatwork.eu\/mt\/generali\/dwar-il-pjan-direzzjonali-dwar-il-karcinogeni\/sfidi\/alternattivi-possibbli-ghall-kromju\/\" target=\"_blank\" rel=\"noopener\">Alternattivi possibbli g\u0127at-triossidu tal-kromju b\u0127ala a\u0121ent tal-kisi g\u0127all-u\u017cu fil-manifattura \u0121enerali jistg\u0127u jinstabu hawn.<\/a><\/li>\n<\/ul>\n<h3>Sfida 2.2 \u2013 Gwida g\u0127all-\u0120estjoni tar-Riskju<\/h3>\n<p>L-g\u0127an ta\u2019 din l-isfida kien li tipprovdi gwida g\u0127all-\u0121estjoni tar-riskju u to\u0127loq kuxjenza dwar l-istrate\u0121iji g\u0127at-tnaqqis tar-riskju skont il-prin\u010bipju STOP. Minbarra l-\u0127olqien ta\u2019 fuljetti dwar dan tal-a\u0127\u0127ar, it-tim tal-isfida skrinja \u0127afna folji ta\u2019 gwida dwar il-kontroll spe\u010bifi\u010bi g\u0127all-kompiti biex ji\u0121bor karatteristi\u010bi \u0121enerali g\u0127al mudell. Dan jappo\u0121\u0121ja l-\u0127olqien ta\u2019 folji ta\u2019 gwida dwar il-kontroll (CGS) u jg\u0127in biex ji\u0121u kkomunikati l-aktar aspetti importanti g\u0127all-\u0121estjoni tar-riskju tal-kar\u010bino\u0121eni. <a href=\"https:\/\/stopcarcinogensatwork.eu\/mt\/tghallem-dwar-l-istrategiji-bazici-ta-prevenzjoni\/\" target=\"_blank\" rel=\"noopener\">Il-kontenut tal-fuljetti S \u2013 T \u2013 O \u2013 P huwa inklu\u017c fuq il-websajt.<\/a><br \/>\n Aktar ri\u017cultati mill-isfida se jkunu disponibbli dalwaqt:  <\/p>\n<ul>\n<li><a href=\"https:\/\/stopcarcinogensatwork.eu\/mt\/tghallem-dwar-l-istrategiji-bazici-ta-prevenzjoni\/\" target=\"_blank\" rel=\"noopener\">Fuljetti S \u2013 T \u2013 O \u2013 P li jistg\u0127u jitni\u017c\u017clu<\/a> .<\/li>\n<li>Pjattaforma li l-istituzzjonijiet jistg\u0127u ju\u017caw biex ji\u0121\u0121eneraw <a href=\"https:\/\/stopcarcinogensatwork.eu\/mt\/generali\/ikkollabora-maghna\/\" target=\"_blank\" rel=\"noopener\">CGS ibba\u017cat fuq il-mudell \u017cviluppat mit-tim tal-isfida<\/a> . Is-CGS li jirri\u017culta g\u0127al min i\u0127addem se ji\u0121i kondivi\u017c fuq il-websajt. <\/li>\n<li><a href=\"https:\/\/stopcarcinogensatwork.eu\/wp-content\/uploads\/2025\/05\/Ch22_Conclusion_Report_20250521.pdf\" target=\"_blank\" rel=\"noopener\">Rapport dwar l-Isfidi 2.2<\/a><\/li>\n<\/ul>\n<h3>Sfida 2.3 \u2013 Fondi g\u0127an-negozji<\/h3>\n<p>Huwa mag\u0127ruf li organizzazzjonijiet differenti, b\u0127all-Istati Membri, l-Industriji jew l-Organizzazzjonijiet tas-Settur, is-Sigurt\u00e0 So\u010bjali nazzjonali, l-inizjattivi tal-Assigurazzjoni u o\u0127rajn, di\u0121\u00e0 g\u0127andhom fondi jew mi\u017curi fiskali spe\u010bifi\u010bi fis-se\u0127\u0127 li jistimulaw lin-negozji biex jinvestu fis-sa\u0127\u0127a u s-sigurt\u00e0 fuq il-post tax-xog\u0127ol.<\/p>\n<ul>\n<li><a href=\"https:\/\/stopcarcinogensatwork.eu\/wp-content\/uploads\/2025\/05\/Final-report-RoC-Ch2.3andCh3.1-BusinessEurope.pdf\">Rapport dwar l-Isfidi 2.3 u 3.1<\/a><\/li>\n<\/ul>\n<h3>Sfida 3.1 \u2013 Involviment ta&#8217; industriji u setturi<\/h3>\n<p>Iktar ma organizzazzjonijiet transindustrijali u settorjali jistg\u0127u ji\u0121u mobilizzati biex jing\u0127aqdu mal-Pjan Direzzjonali dwar il-Kar\u010bino\u0121eni, iktar in-negozji se jibbenefikaw mis-soluzzjonijiet imfassla u spjegati.<\/p>\n<ul>\n<li><a href=\"https:\/\/stopcarcinogensatwork.eu\/wp-content\/uploads\/2025\/05\/Final-report-RoC-Ch2.3andCh3.1-BusinessEurope.pdf\">Rapport dwar l-Isfidi 2.3 u 3.1<\/a><\/li>\n<\/ul>\n<h3>Sfida 3.2 \u2013 L-involviment ta&#8217; organizzazzjonijiet ta&#8217; prevenzjoni relatati max-xog\u0127ol <\/h3>\n<p>L-involviment tal-partijiet interessati b\u0127al organizzazzjonijiet ta\u2019 prevenzjoni relatati max-xog\u0127ol huwa element ie\u0127or li jikkontribwixxi biex jappo\u0121\u0121ja l-kumpaniji, billi jipprovdi g\u0127odod biex jivvalutaw huma stess il-konformit\u00e0 tag\u0127hom mad-dispo\u017cizzjonijiet legali u jintrodu\u010bu mi\u017curi adegwati g\u0127all-\u0121estjoni tar-riskju.<\/p>\n<ul>\n<li><a href=\"https:\/\/stopcarcinogensatwork.eu\/wp-content\/uploads\/2025\/05\/PDF250528_Ch3.2_Conclusion_Report.pdf\" target=\"_blank\" rel=\"noopener\">Rapport fil-qosor dwar il-pro\u0121ett jista&#8217; jinstab hawn<\/a><\/li>\n<li><a href=\"https:\/\/stopcarcinogensatwork.eu\/mt\/fittex-impjiegi\/\" target=\"_blank\" rel=\"noopener\"><strong>Din hija integrazzjoni importanti fuq il-websajt.<\/strong>  I\u010b\u010bekkja l-okkupazzjoni tieg\u0127ek g\u0127al okkorrenza ta&#8217; kar\u010bino\u0121enu hawn<\/a><\/li>\n<\/ul>\n<h3>Sfida 3.3 \u2013 Kooperazzjoni mal-ispettorati<\/h3>\n<p>L-infurzar huwa g\u0127odda importanti biex ti\u0121i \u017cgurata l-konformit\u00e0. Kif jistg\u0127u l-korpi tal-infurzar u l-Pjan Direzzjonali jinvolvu ru\u0127hom ma&#8217; xulxin? <\/p>\n<ul>\n<li><a href=\"https:\/\/stopcarcinogensatwork.eu\/mt\/generali\/ikkollabora-maghna\/\" target=\"_blank\" rel=\"noopener\">Integrat fuq dan is-sit elettroniku<\/a><\/li>\n<\/ul>\n<h3>Sfida 3.4 \u2013 Nag\u0127tu s-setg\u0127a lill-\u0127addiema<\/h3>\n<p>Il-\u0127addiema je\u0127tie\u0121 li jkunu konxji tad-drittijiet u l-obbligi tag\u0127hom sabiex jikkontribwixxu g\u0127all-evalwazzjoni tar-riskju ta&#8217; min i\u0127addimhom u jimplimentaw il-mi\u017curi ta&#8217; prevenzjoni adegwati biex jeliminaw jew inaqqsu l-espo\u017cizzjoni g\u0127all-kar\u010bino\u0121eni.<\/p>\n<ul>\n<li>G\u0127andu jit\u0127abbar<\/li>\n<\/ul>\n<h3>Sfida 4.1 \u2013 Innaqqsu d-distakk<\/h3>\n<p>L-innovazzjoni li hija mmirata biex tissodisfa l-\u0127ti\u0121ijiet reali fuq il-post tax-xog\u0127ol hija essenzjali biex tipprevjeni l-espo\u017cizzjoni g\u0127al kar\u010bino\u0121eni matul i\u010b-\u010biklu tal-\u0127ajja kollu tas-sustanzi jew il-materjali &#8211; dan l-g\u0127arfien je\u0127tie\u0121 li jkun fehim komuni.<\/p>\n<p>\u2022 <a href=\"https:\/\/stopcarcinogensatwork.eu\/wp-content\/uploads\/2024\/08\/Ch4.1_Preparatory_Report_211216-NEW.pdf\" target=\"_blank\" rel=\"noopener\">Rapport dettaljat huwa disponibbli, inklu\u017c sett ta&#8217; OnePagers li ji\u0121bru fil-qosor il-konnessjoni potenzjali mal-komunit\u00e0 tar-ri\u010berka<\/a><\/p>\n<h3>Sfida 4.2 \u2013 Kar\u010bino\u0121eni \u0121\u0121enerati mill-pro\u010bess<\/h3>\n<p>Il-kar\u010bino\u0121eni \u0121\u0121enerati mill-pro\u010bess ise\u0127\u0127u b\u0127ala prodott sekondarju ta&#8217; pro\u010bess tax-xog\u0127ol. Dawn je\u0127tie\u0121u attenzjoni \u017cejda g\u0127aliex ma jkollhomx tikketti u jista&#8217; jkun li ma jkunx hemm referenza g\u0127alihom fl-Iskedi tad-Data tas-Sigurt\u00e0. <\/p>\n<ul>\n<li><a href=\"https:\/\/stopcarcinogensatwork.eu\/wp-content\/uploads\/2024\/08\/Silica-Dust-in-Construction.pdf\" target=\"_blank\" rel=\"noopener\">Rapport dettaljat dwar il-kampanja ta&#8217; spezzjoni Awstrijaka fuq it-trab tas-silika huwa disponibbli.<\/a><\/li>\n<li><a href=\"https:\/\/stopcarcinogensatwork.eu\/wp-content\/uploads\/2024\/08\/Mineral-Dusts-in-Mining.pdf\" target=\"_blank\" rel=\"noopener\">Rapport dwar it-trab minerali fil-minjieri huwa disponibbli<\/a><\/li>\n<li><a href=\"https:\/\/stopcarcinogensatwork.eu\/wp-content\/uploads\/2024\/09\/TNO2023_R10498_RoC_Challenge_4.2-1.pdf\" target=\"_blank\" rel=\"noopener\">Rapport dwar sustanzi \u0121\u0121enerati mill-pro\u010bess huwa disponibbli<\/a><\/li>\n<li>Folji Informattivi dwar <a href=\"https:\/\/stopcarcinogensatwork.eu\/mt\/fact\/brix-process\/\" target=\"_blank\" rel=\"noopener\">l-Abra\u017cjoni<\/a> u <a href=\"https:\/\/stopcarcinogensatwork.eu\/mt\/fact\/kombustjoni-process\/\" target=\"_blank\" rel=\"noopener\">l-Kombustjoni<\/a> huma disponibbli fuq dan is-sit elettroniku<\/li>\n<\/ul>\n<h3>Sfida 4.3 \u2013 Pro\u010beduri ta&#8217; Xog\u0127ol Sikuri<\/h3>\n<p>\u201cPro\u010beduri ta\u2019 xog\u0127ol sikuri\u201d jistg\u0127u jid\u0127lu fis-se\u0127\u0127 b\u0127ala alternattivi a\u010b\u010bettati g\u0127al gruppi ta\u2019 negozji li jwettqu l-istess attivit\u00e0, minflok ma jsiru kejl u tqabbil mal-valuri limitu g\u0127al kull kumpanija, g\u0127al kull attivit\u00e0, g\u0127al kull sustanza.<\/p>\n<ul>\n<li><a href=\"https:\/\/stopcarcinogensatwork.eu\/wp-content\/uploads\/2024\/08\/TNO2023-R10499_RoC-Ch4.3_TNO-Report-general-challenge-report_getekend.pdf\" target=\"_blank\" rel=\"noopener\">Rapport dettaljat jista&#8217; jinstab hawn<\/a><\/li>\n<\/ul>\n<h3>Ir-rapport finali ta&#8217; ROC2.0<\/h3>\n<p>Sommarju tal-attivitajiet u l-kisbiet kollha tat-tieni Pjan Direzzjonali dwar il-Kar\u010bino\u0121eni (RoC2.0) issa \u0121ie ppubblikat.<a href=\"https:\/\/stopcarcinogensatwork.eu\/wp-content\/uploads\/2025\/10\/250922_RoC2.0_wrap_up_FINAL.pdf\"> f&#8217;dan ir-rapport.<\/a><\/p>\n","protected":false},"excerpt":{"rendered":"<p>Mill-2021, il-Pjan Direzzjonali dwar il-Kar\u010bino\u0121eni beda jimplimenta tnax-il sfida biex jikseb aktar impatt, biex jg\u0127in fil-prevenzjoni tal-espo\u017cizzjoni tal-\u0127addiema g\u0127all-kar\u010bino\u0121eni ( aqra l-istrate\u0121ija s\u0127i\u0127a hawn ). G\u0127all-perjodu 2020-2024, il-Pjan Direzzjonali stabbilixxa l-erba\u2019 miri li \u0121ejjin: Pilastru 1: Il-\u0127olqien ta&#8217; kuxjenza madwar l-Ewropa fost in-negozji u l-\u0127addiema dwar ir-riskji ta&#8217; espo\u017cizzjoni g\u0127al sustanzi kar\u010bino\u0121eni\u010bi u l-\u0127tie\u0121a g\u0127al [&hellip;]<\/p>\n","protected":false},"author":1,"featured_media":0,"parent":76547,"menu_order":0,"comment_status":"closed","ping_status":"closed","template":"","meta":{"inline_featured_image":false,"footnotes":""},"class_list":["post-85210","page","type-page","status-publish","hentry"],"yoast_head":"<!-- This site is optimized with the Yoast SEO Premium plugin v27.4 (Yoast SEO v27.5) - https:\/\/yoast.com\/product\/yoast-seo-premium-wordpress\/ -->\n<title>Sfidi - STOP carcinogens at work<\/title>\n<meta name=\"description\" content=\"Every year, more than 100.000 people die in the EU from cancer caused by carcinogens at work. This must STOP!\" \/>\n<meta name=\"robots\" content=\"index, follow, max-snippet:-1, max-image-preview:large, max-video-preview:-1\" \/>\n<link rel=\"canonical\" href=\"https:\/\/stopcarcinogensatwork.eu\/mt\/generali\/dwar-il-pjan-direzzjonali-dwar-il-karcinogeni\/sfidi\/\" \/>\n<meta property=\"og:locale\" content=\"mt_MT\" \/>\n<meta property=\"og:type\" content=\"article\" \/>\n<meta property=\"og:title\" content=\"Sfidi\" \/>\n<meta property=\"og:description\" content=\"Every year, more than 100.000 people die in the EU from cancer caused by carcinogens at work. This must STOP!\" \/>\n<meta property=\"og:url\" content=\"https:\/\/stopcarcinogensatwork.eu\/mt\/generali\/dwar-il-pjan-direzzjonali-dwar-il-karcinogeni\/sfidi\/\" \/>\n<meta property=\"og:site_name\" content=\"STOP carcinogens at work\" \/>\n<meta property=\"article:modified_time\" content=\"2025-10-28T13:58:23+00:00\" \/>\n<meta property=\"og:image\" content=\"https:\/\/stopcarcinogensatwork.eu\/wp-content\/uploads\/2024\/08\/Pillars.png\" \/>\n<meta name=\"twitter:card\" content=\"summary_large_image\" \/>\n<meta name=\"twitter:label1\" content=\"Est. reading time\" \/>\n\t<meta name=\"twitter:data1\" content=\"5 minutes\" \/>\n<script type=\"application\/ld+json\" class=\"yoast-schema-graph\">{\"@context\":\"https:\\\/\\\/schema.org\",\"@graph\":[{\"@type\":\"WebPage\",\"@id\":\"https:\\\/\\\/stopcarcinogensatwork.eu\\\/mt\\\/generali\\\/dwar-il-pjan-direzzjonali-dwar-il-karcinogeni\\\/sfidi\\\/\",\"url\":\"https:\\\/\\\/stopcarcinogensatwork.eu\\\/mt\\\/generali\\\/dwar-il-pjan-direzzjonali-dwar-il-karcinogeni\\\/sfidi\\\/\",\"name\":\"Sfidi - STOP carcinogens at work\",\"isPartOf\":{\"@id\":\"https:\\\/\\\/stopcarcinogensatwork.eu\\\/mt\\\/#website\"},\"primaryImageOfPage\":{\"@id\":\"https:\\\/\\\/stopcarcinogensatwork.eu\\\/mt\\\/generali\\\/dwar-il-pjan-direzzjonali-dwar-il-karcinogeni\\\/sfidi\\\/#primaryimage\"},\"image\":{\"@id\":\"https:\\\/\\\/stopcarcinogensatwork.eu\\\/mt\\\/generali\\\/dwar-il-pjan-direzzjonali-dwar-il-karcinogeni\\\/sfidi\\\/#primaryimage\"},\"thumbnailUrl\":\"https:\\\/\\\/stopcarcinogensatwork.eu\\\/wp-content\\\/uploads\\\/2024\\\/08\\\/Pillars.png\",\"datePublished\":\"2024-08-31T07:07:44+00:00\",\"dateModified\":\"2025-10-28T13:58:23+00:00\",\"description\":\"Every year, more than 100.000 people die in the EU from cancer caused by carcinogens at work. This must STOP!\",\"breadcrumb\":{\"@id\":\"https:\\\/\\\/stopcarcinogensatwork.eu\\\/mt\\\/generali\\\/dwar-il-pjan-direzzjonali-dwar-il-karcinogeni\\\/sfidi\\\/#breadcrumb\"},\"inLanguage\":\"mt-MT\",\"potentialAction\":[{\"@type\":\"ReadAction\",\"target\":[\"https:\\\/\\\/stopcarcinogensatwork.eu\\\/mt\\\/generali\\\/dwar-il-pjan-direzzjonali-dwar-il-karcinogeni\\\/sfidi\\\/\"]}]},{\"@type\":\"ImageObject\",\"inLanguage\":\"mt-MT\",\"@id\":\"https:\\\/\\\/stopcarcinogensatwork.eu\\\/mt\\\/generali\\\/dwar-il-pjan-direzzjonali-dwar-il-karcinogeni\\\/sfidi\\\/#primaryimage\",\"url\":\"https:\\\/\\\/stopcarcinogensatwork.eu\\\/wp-content\\\/uploads\\\/2024\\\/08\\\/Pillars.png\",\"contentUrl\":\"https:\\\/\\\/stopcarcinogensatwork.eu\\\/wp-content\\\/uploads\\\/2024\\\/08\\\/Pillars.png\"},{\"@type\":\"BreadcrumbList\",\"@id\":\"https:\\\/\\\/stopcarcinogensatwork.eu\\\/mt\\\/generali\\\/dwar-il-pjan-direzzjonali-dwar-il-karcinogeni\\\/sfidi\\\/#breadcrumb\",\"itemListElement\":[{\"@type\":\"ListItem\",\"position\":1,\"name\":\"Home\",\"item\":\"https:\\\/\\\/stopcarcinogensatwork.eu\\\/mt\\\/waqqaf-il-karcinogeni-fuq-il-post-tax-xoghol\\\/\"},{\"@type\":\"ListItem\",\"position\":2,\"name\":\"\u0120enerali\",\"item\":\"https:\\\/\\\/stopcarcinogensatwork.eu\\\/mt\\\/generali\\\/\"},{\"@type\":\"ListItem\",\"position\":3,\"name\":\"Dwar il-Pjan Direzzjonali dwar il-Kar\u010bino\u0121eni\",\"item\":\"https:\\\/\\\/stopcarcinogensatwork.eu\\\/mt\\\/generali\\\/dwar-il-pjan-direzzjonali-dwar-il-karcinogeni\\\/\"},{\"@type\":\"ListItem\",\"position\":4,\"name\":\"Sfidi\"}]},{\"@type\":\"WebSite\",\"@id\":\"https:\\\/\\\/stopcarcinogensatwork.eu\\\/mt\\\/#website\",\"url\":\"https:\\\/\\\/stopcarcinogensatwork.eu\\\/mt\\\/\",\"name\":\"STOP Carcinogens at work\",\"description\":\"Every year, about 100.000 people die from cancer that was caused by exposure to carcinogens at work in Europe.\",\"publisher\":{\"@id\":\"https:\\\/\\\/stopcarcinogensatwork.eu\\\/mt\\\/#organization\"},\"alternateName\":\"Roadmap on Carcinogens\",\"potentialAction\":[{\"@type\":\"SearchAction\",\"target\":{\"@type\":\"EntryPoint\",\"urlTemplate\":\"https:\\\/\\\/stopcarcinogensatwork.eu\\\/mt\\\/?s={search_term_string}\"},\"query-input\":{\"@type\":\"PropertyValueSpecification\",\"valueRequired\":true,\"valueName\":\"search_term_string\"}}],\"inLanguage\":\"mt-MT\"},{\"@type\":\"Organization\",\"@id\":\"https:\\\/\\\/stopcarcinogensatwork.eu\\\/mt\\\/#organization\",\"name\":\"TNO\",\"alternateName\":\"This is a European wide voluntary action scheme\",\"url\":\"https:\\\/\\\/stopcarcinogensatwork.eu\\\/mt\\\/\",\"logo\":{\"@type\":\"ImageObject\",\"inLanguage\":\"mt-MT\",\"@id\":\"https:\\\/\\\/stopcarcinogensatwork.eu\\\/mt\\\/#\\\/schema\\\/logo\\\/image\\\/\",\"url\":\"https:\\\/\\\/stopcarcinogensatwork.eu\\\/wp-content\\\/uploads\\\/2024\\\/08\\\/cropped-FavLarge-1.png\",\"contentUrl\":\"https:\\\/\\\/stopcarcinogensatwork.eu\\\/wp-content\\\/uploads\\\/2024\\\/08\\\/cropped-FavLarge-1.png\",\"width\":512,\"height\":512,\"caption\":\"TNO\"},\"image\":{\"@id\":\"https:\\\/\\\/stopcarcinogensatwork.eu\\\/mt\\\/#\\\/schema\\\/logo\\\/image\\\/\"},\"publishingPrinciples\":\"https:\\\/\\\/stopcarcinogensatwork.eu\\\/homepage\\\/legal\\\/\",\"ownershipFundingInfo\":\"https:\\\/\\\/stopcarcinogensatwork.eu\\\/general\\\/about-us\\\/\"}]}<\/script>\n<!-- \/ Yoast SEO Premium plugin. -->","yoast_head_json":{"title":"Sfidi - STOP carcinogens at work","description":"Every year, more than 100.000 people die in the EU from cancer caused by carcinogens at work. This must STOP!","robots":{"index":"index","follow":"follow","max-snippet":"max-snippet:-1","max-image-preview":"max-image-preview:large","max-video-preview":"max-video-preview:-1"},"canonical":"https:\/\/stopcarcinogensatwork.eu\/mt\/generali\/dwar-il-pjan-direzzjonali-dwar-il-karcinogeni\/sfidi\/","og_locale":"mt_MT","og_type":"article","og_title":"Sfidi","og_description":"Every year, more than 100.000 people die in the EU from cancer caused by carcinogens at work. This must STOP!","og_url":"https:\/\/stopcarcinogensatwork.eu\/mt\/generali\/dwar-il-pjan-direzzjonali-dwar-il-karcinogeni\/sfidi\/","og_site_name":"STOP carcinogens at work","article_modified_time":"2025-10-28T13:58:23+00:00","og_image":[{"url":"https:\/\/stopcarcinogensatwork.eu\/wp-content\/uploads\/2024\/08\/Pillars.png","type":"","width":"","height":""}],"twitter_card":"summary_large_image","twitter_misc":{"Est. reading time":"5 minutes"},"schema":{"@context":"https:\/\/schema.org","@graph":[{"@type":"WebPage","@id":"https:\/\/stopcarcinogensatwork.eu\/mt\/generali\/dwar-il-pjan-direzzjonali-dwar-il-karcinogeni\/sfidi\/","url":"https:\/\/stopcarcinogensatwork.eu\/mt\/generali\/dwar-il-pjan-direzzjonali-dwar-il-karcinogeni\/sfidi\/","name":"Sfidi - STOP carcinogens at work","isPartOf":{"@id":"https:\/\/stopcarcinogensatwork.eu\/mt\/#website"},"primaryImageOfPage":{"@id":"https:\/\/stopcarcinogensatwork.eu\/mt\/generali\/dwar-il-pjan-direzzjonali-dwar-il-karcinogeni\/sfidi\/#primaryimage"},"image":{"@id":"https:\/\/stopcarcinogensatwork.eu\/mt\/generali\/dwar-il-pjan-direzzjonali-dwar-il-karcinogeni\/sfidi\/#primaryimage"},"thumbnailUrl":"https:\/\/stopcarcinogensatwork.eu\/wp-content\/uploads\/2024\/08\/Pillars.png","datePublished":"2024-08-31T07:07:44+00:00","dateModified":"2025-10-28T13:58:23+00:00","description":"Every year, more than 100.000 people die in the EU from cancer caused by carcinogens at work. This must STOP!","breadcrumb":{"@id":"https:\/\/stopcarcinogensatwork.eu\/mt\/generali\/dwar-il-pjan-direzzjonali-dwar-il-karcinogeni\/sfidi\/#breadcrumb"},"inLanguage":"mt-MT","potentialAction":[{"@type":"ReadAction","target":["https:\/\/stopcarcinogensatwork.eu\/mt\/generali\/dwar-il-pjan-direzzjonali-dwar-il-karcinogeni\/sfidi\/"]}]},{"@type":"ImageObject","inLanguage":"mt-MT","@id":"https:\/\/stopcarcinogensatwork.eu\/mt\/generali\/dwar-il-pjan-direzzjonali-dwar-il-karcinogeni\/sfidi\/#primaryimage","url":"https:\/\/stopcarcinogensatwork.eu\/wp-content\/uploads\/2024\/08\/Pillars.png","contentUrl":"https:\/\/stopcarcinogensatwork.eu\/wp-content\/uploads\/2024\/08\/Pillars.png"},{"@type":"BreadcrumbList","@id":"https:\/\/stopcarcinogensatwork.eu\/mt\/generali\/dwar-il-pjan-direzzjonali-dwar-il-karcinogeni\/sfidi\/#breadcrumb","itemListElement":[{"@type":"ListItem","position":1,"name":"Home","item":"https:\/\/stopcarcinogensatwork.eu\/mt\/waqqaf-il-karcinogeni-fuq-il-post-tax-xoghol\/"},{"@type":"ListItem","position":2,"name":"\u0120enerali","item":"https:\/\/stopcarcinogensatwork.eu\/mt\/generali\/"},{"@type":"ListItem","position":3,"name":"Dwar il-Pjan Direzzjonali dwar il-Kar\u010bino\u0121eni","item":"https:\/\/stopcarcinogensatwork.eu\/mt\/generali\/dwar-il-pjan-direzzjonali-dwar-il-karcinogeni\/"},{"@type":"ListItem","position":4,"name":"Sfidi"}]},{"@type":"WebSite","@id":"https:\/\/stopcarcinogensatwork.eu\/mt\/#website","url":"https:\/\/stopcarcinogensatwork.eu\/mt\/","name":"STOP Carcinogens at work","description":"Every year, about 100.000 people die from cancer that was caused by exposure to carcinogens at work in Europe.","publisher":{"@id":"https:\/\/stopcarcinogensatwork.eu\/mt\/#organization"},"alternateName":"Roadmap on Carcinogens","potentialAction":[{"@type":"SearchAction","target":{"@type":"EntryPoint","urlTemplate":"https:\/\/stopcarcinogensatwork.eu\/mt\/?s={search_term_string}"},"query-input":{"@type":"PropertyValueSpecification","valueRequired":true,"valueName":"search_term_string"}}],"inLanguage":"mt-MT"},{"@type":"Organization","@id":"https:\/\/stopcarcinogensatwork.eu\/mt\/#organization","name":"TNO","alternateName":"This is a European wide voluntary action scheme","url":"https:\/\/stopcarcinogensatwork.eu\/mt\/","logo":{"@type":"ImageObject","inLanguage":"mt-MT","@id":"https:\/\/stopcarcinogensatwork.eu\/mt\/#\/schema\/logo\/image\/","url":"https:\/\/stopcarcinogensatwork.eu\/wp-content\/uploads\/2024\/08\/cropped-FavLarge-1.png","contentUrl":"https:\/\/stopcarcinogensatwork.eu\/wp-content\/uploads\/2024\/08\/cropped-FavLarge-1.png","width":512,"height":512,"caption":"TNO"},"image":{"@id":"https:\/\/stopcarcinogensatwork.eu\/mt\/#\/schema\/logo\/image\/"},"publishingPrinciples":"https:\/\/stopcarcinogensatwork.eu\/homepage\/legal\/","ownershipFundingInfo":"https:\/\/stopcarcinogensatwork.eu\/general\/about-us\/"}]}},"_links":{"self":[{"href":"https:\/\/stopcarcinogensatwork.eu\/mt\/wp-json\/wp\/v2\/pages\/85210","targetHints":{"allow":["GET"]}}],"collection":[{"href":"https:\/\/stopcarcinogensatwork.eu\/mt\/wp-json\/wp\/v2\/pages"}],"about":[{"href":"https:\/\/stopcarcinogensatwork.eu\/mt\/wp-json\/wp\/v2\/types\/page"}],"author":[{"embeddable":true,"href":"https:\/\/stopcarcinogensatwork.eu\/mt\/wp-json\/wp\/v2\/users\/1"}],"replies":[{"embeddable":true,"href":"https:\/\/stopcarcinogensatwork.eu\/mt\/wp-json\/wp\/v2\/comments?post=85210"}],"version-history":[{"count":0,"href":"https:\/\/stopcarcinogensatwork.eu\/mt\/wp-json\/wp\/v2\/pages\/85210\/revisions"}],"up":[{"embeddable":true,"href":"https:\/\/stopcarcinogensatwork.eu\/mt\/wp-json\/wp\/v2\/pages\/76547"}],"wp:attachment":[{"href":"https:\/\/stopcarcinogensatwork.eu\/mt\/wp-json\/wp\/v2\/media?parent=85210"}],"curies":[{"name":"wp","href":"https:\/\/api.w.org\/{rel}","templated":true}]}}