{"id":85280,"date":"2024-01-31T15:46:56","date_gmt":"2024-01-31T15:46:56","guid":{"rendered":"https:\/\/stopcarcinogensatwork.eu\/tghallem-dwar-l-istrategiji-bazici-ta-prevenzjoni\/"},"modified":"2025-10-23T09:35:50","modified_gmt":"2025-10-23T09:35:50","slug":"tghallem-dwar-l-istrategiji-bazici-ta-prevenzjoni","status":"publish","type":"page","link":"https:\/\/stopcarcinogensatwork.eu\/mt\/tghallem-dwar-l-istrategiji-bazici-ta-prevenzjoni\/","title":{"rendered":"Tg\u0127allem dwar l-istrate\u0121iji ba\u017ci\u010bi ta&#8217; prevenzjoni"},"content":{"rendered":"<blockquote><p>Meta l-kar\u010bino\u0121eni jkunu pre\u017centi fuq il-post tax-xog\u0127ol, min i\u0127addem g\u0127andu jag\u0127mel dak kollu li jista\u2019 biex jipprevjeni lill-\u0127addiema milli ji\u0121u f\u2019kuntatt mag\u0127hom. Ippromwovi kultura ta\u2019 sa\u0127\u0127a u sigurt\u00e0 fuq il-post tax-xog\u0127ol tieg\u0127ek! <\/p><\/blockquote>\n<h1>Appro\u010b\u010b \u0121enerali g\u0127all-\u0121estjoni tar-riskju ta&#8217; kar\u010bino\u0121eni<\/h1>\n<p class=\"p2\"><i>Skont id-definizzjoni ta\u2019 \u201ckar\u010bino\u0121enu\u201d fl-Artikolu 2 a) tad-Direttiva CMR.  <\/i><\/p>\n<p>L-ewwel passi fil-\u0121lieda kontra l-espo\u017cizzjoni g\u0127al kar\u010bino\u0121eni fuq il-post tax-xog\u0127ol g\u0127andhom dejjem jinkludu:<\/p>\n<ul>\n<li>\u017bomm f&#8217;mo\u0127\u0127ok li l-istandards minimi g\u0127all-organizzazzjoni tax-xog\u0127ol u r-rekwi\u017citi tas-sigurt\u00e0 jridu jkunu fis-se\u0127\u0127 il-\u0127in kollu. Madankollu, dawn jistg\u0127u ma jkunux bi\u017c\u017cejjed u jistg\u0127u jkunu me\u0127tie\u0121a aktar mi\u017curi. <\/li>\n<li>Elenka l-kar\u010bino\u0121eni kollha u\u017cati u l-kwantitajiet tag\u0127hom<\/li>\n<li>I\u0121bor il-folji tad-dejta tas-sigurt\u00e0 tag\u0127hom<\/li>\n<li>Iddeskrivi l-kompiti fejn jintu\u017caw, filwaqt li ti\u017cgura li tikkunsidra l-kar\u010bino\u0121eni kollha \u0121\u0121enerati mill-pro\u010bess potenzjali<\/li>\n<li>Identifika l-\u0127addiema li potenzjalment huma so\u0121\u0121etti g\u0127al espo\u017cizzjoni u g\u0127al kemm \u017cmien<\/li>\n<li>Ikkunsidra dan kollu msemmi hawn fuq meta t\u0127ejji l-evalwazzjoni tar-riskju fuq il-post tax-xog\u0127ol tieg\u0127ek<\/li>\n<\/ul>\n<p>Meta tag\u0127ti struzzjonijiet lill-\u0127addiema tieg\u0127ek ftakar li:<\/p>\n<ul>\n<li>Dejjem u\u017ca lingwa\u0121\u0121 sempli\u010bi u \u010bar, sentenzi qosra u diretti lejn il-punt<\/li>\n<li>Immira g\u0127al disinn nadif fl-istruzzjonijiet bil-miktub<\/li>\n<li>Inkludi illustrazzjonijiet\/skemi meta jkun possibbli<\/li>\n<\/ul>\n<h2><strong>Prin\u010bipju STOP: Dak li g\u0127andek tikkonsidra<\/strong><\/h2>\n<p>Il-prin\u010bipju STOP jiddeskrivi l-ordni ta\u2019 prijorit\u00e0 tal-mi\u017curi protettivi. Min i\u0127addem g\u0127andu josserva din l-ordni ta\u2019 prijorit\u00e0 meta jiddetermina u japplika mi\u017curi protettivi. L-ittra individwali STOP tirrappre\u017centa tipi differenti ta\u2019 mi\u017curi protettivi:  <\/p>\n<p><strong>S \u2026 Sostituzzjoni<\/strong> \u2013 ibdel sustanzi perikolu\u017ci b\u2019sustanzi jew pro\u010bessi inqas perikolu\u017ci. Is-sostituzzjoni hija dejjem l-ewwel mi\u017cura li g\u0127andha ti\u0121i kkunsidrata. <\/p>\n<p><a href=\"https:\/\/stopcarcinogensatwork.eu\/mt\/tghallem-dwar-l-istrategiji-bazici-ta-prevenzjoni\/s-sostituzzjoni\/\">Tg\u0127allem aktar dwar <strong>is-Sostituzzjoni<\/strong><\/a><\/p>\n<p><strong>T \u2026 Mi\u017curi tekni\u010bi<\/strong> \u2013 minn sistemi mag\u0127luqa g\u0127al \u0121bid effettiv tal-arja, \u0127afna tekniki jg\u0127inu biex titnaqqas b&#8217;mod drammatiku l-espo\u017cizzjoni g\u0127all-kar\u010bino\u0121eni.<\/p>\n<p><a href=\"https:\/\/stopcarcinogensatwork.eu\/mt\/tghallem-dwar-l-istrategiji-bazici-ta-prevenzjoni\/t-mizuri-teknici\/\">Tg\u0127allem aktar dwar <strong>il-mi\u017curi tekni\u010bi<\/strong><\/a><\/p>\n<p><strong>O \u2026 Mi\u017curi organizzattivi<\/strong> \u2013 jistg\u0127u jikkonsistu f\u2019politiki interni u\/jew metodi organizzattivi. Dawn il-mi\u017curi g\u0127andhom jintu\u017caw biss biex jipprovdu protezzjoni addizzjonali. G\u0127andhom ji\u0121u kkunsidrati wkoll g\u0127al emer\u0121enzi u g\u0127al \u0127addiema li jwettqu xog\u0127ol regolari ta\u2019 tindif u manutenzjoni.  <\/p>\n<p><a href=\"https:\/\/stopcarcinogensatwork.eu\/mt\/tghallem-dwar-l-istrategiji-bazici-ta-prevenzjoni\/o-mizuri-organizzattivi\/\">Tg\u0127allem aktar dwar <strong>il-mi\u017curi organizzattivi<\/strong><\/a><\/p>\n<p><strong>P \u2026 Protezzjoni personali<\/strong> \u2013 xi kultant is-sostituzzjoni ma tkunx possibbli u l-mi\u017curi tekni\u010bi u organizzattivi ma jkunux bi\u017c\u017cejjed. Imbag\u0127ad ikollok b\u017conn tu\u017ca protezzjoni personali. <\/p>\n<p><a href=\"https:\/\/stopcarcinogensatwork.eu\/mt\/tghallem-dwar-l-istrategiji-bazici-ta-prevenzjoni\/p-protezzjoni-personali\/\">Tg\u0127allem aktar dwar <strong>il-Protezzjoni Personali<\/strong><\/a><\/p>\n","protected":false},"excerpt":{"rendered":"<p>Meta l-kar\u010bino\u0121eni jkunu pre\u017centi fuq il-post tax-xog\u0127ol, min i\u0127addem g\u0127andu jag\u0127mel dak kollu li jista\u2019 biex jipprevjeni lill-\u0127addiema milli ji\u0121u f\u2019kuntatt mag\u0127hom. Ippromwovi kultura ta\u2019 sa\u0127\u0127a u sigurt\u00e0 fuq il-post tax-xog\u0127ol tieg\u0127ek! Appro\u010b\u010b \u0121enerali g\u0127all-\u0121estjoni tar-riskju ta&#8217; kar\u010bino\u0121eni Skont id-definizzjoni ta\u2019 \u201ckar\u010bino\u0121enu\u201d fl-Artikolu 2 a) tad-Direttiva CMR. L-ewwel passi fil-\u0121lieda kontra l-espo\u017cizzjoni g\u0127al kar\u010bino\u0121eni fuq [&hellip;]<\/p>\n","protected":false},"author":1,"featured_media":85281,"parent":0,"menu_order":0,"comment_status":"closed","ping_status":"closed","template":"","meta":{"inline_featured_image":false,"footnotes":""},"class_list":["post-85280","page","type-page","status-publish","hentry"],"yoast_head":"<!-- This site is optimized with the Yoast SEO Premium plugin v27.0 (Yoast SEO v27.4) - https:\/\/yoast.com\/product\/yoast-seo-premium-wordpress\/ -->\n<title>Waqqfu l-Kar\u010bino\u0121eni fuq il-Post tax-Xog\u0127ol: Passi Essenzjali g\u0127as-Sigurt\u00e0 fuq il-Post tax-Xog\u0127ol - STOP carcinogens at work<\/title>\n<meta name=\"description\" content=\"Il-prin\u010bipju STOP jiddeskrivi l-ordni ta&#039; prijorit\u00e0 tal-mi\u017curi protettivi meta ji\u0121u ddeterminati u applikati mi\u017curi protettivi.\" \/>\n<meta name=\"robots\" content=\"index, follow, max-snippet:-1, max-image-preview:large, max-video-preview:-1\" \/>\n<link rel=\"canonical\" href=\"https:\/\/stopcarcinogensatwork.eu\/mt\/tghallem-dwar-l-istrategiji-bazici-ta-prevenzjoni\/\" \/>\n<meta property=\"og:locale\" content=\"mt_MT\" \/>\n<meta property=\"og:type\" content=\"article\" \/>\n<meta property=\"og:title\" content=\"Tg\u0127allem dwar l-istrate\u0121iji ba\u017ci\u010bi ta&#039; prevenzjoni\" \/>\n<meta property=\"og:description\" content=\"Il-prin\u010bipju STOP jiddeskrivi l-ordni ta&#039; prijorit\u00e0 tal-mi\u017curi protettivi meta ji\u0121u ddeterminati u applikati mi\u017curi protettivi.\" \/>\n<meta property=\"og:url\" content=\"https:\/\/stopcarcinogensatwork.eu\/mt\/tghallem-dwar-l-istrategiji-bazici-ta-prevenzjoni\/\" \/>\n<meta property=\"og:site_name\" content=\"STOP carcinogens at work\" \/>\n<meta property=\"article:modified_time\" content=\"2025-10-23T09:35:50+00:00\" \/>\n<meta property=\"og:image\" content=\"https:\/\/stopcarcinogensatwork.eu\/wp-content\/uploads\/2024\/08\/Stop-Carcinogens-at-Work-icon-1-scaled.png\" \/>\n\t<meta property=\"og:image:width\" content=\"2560\" \/>\n\t<meta property=\"og:image:height\" content=\"2141\" \/>\n\t<meta property=\"og:image:type\" content=\"image\/png\" \/>\n<meta name=\"twitter:card\" content=\"summary_large_image\" \/>\n<meta name=\"twitter:label1\" content=\"Est. reading time\" \/>\n\t<meta name=\"twitter:data1\" content=\"2 minutes\" \/>\n<script type=\"application\/ld+json\" class=\"yoast-schema-graph\">{\"@context\":\"https:\\\/\\\/schema.org\",\"@graph\":[{\"@type\":\"WebPage\",\"@id\":\"https:\\\/\\\/stopcarcinogensatwork.eu\\\/mt\\\/tghallem-dwar-l-istrategiji-bazici-ta-prevenzjoni\\\/\",\"url\":\"https:\\\/\\\/stopcarcinogensatwork.eu\\\/mt\\\/tghallem-dwar-l-istrategiji-bazici-ta-prevenzjoni\\\/\",\"name\":\"Waqqfu l-Kar\u010bino\u0121eni fuq il-Post tax-Xog\u0127ol: Passi Essenzjali g\u0127as-Sigurt\u00e0 fuq il-Post tax-Xog\u0127ol - STOP carcinogens at work\",\"isPartOf\":{\"@id\":\"https:\\\/\\\/stopcarcinogensatwork.eu\\\/mt\\\/#website\"},\"primaryImageOfPage\":{\"@id\":\"https:\\\/\\\/stopcarcinogensatwork.eu\\\/mt\\\/tghallem-dwar-l-istrategiji-bazici-ta-prevenzjoni\\\/#primaryimage\"},\"image\":{\"@id\":\"https:\\\/\\\/stopcarcinogensatwork.eu\\\/mt\\\/tghallem-dwar-l-istrategiji-bazici-ta-prevenzjoni\\\/#primaryimage\"},\"thumbnailUrl\":\"https:\\\/\\\/stopcarcinogensatwork.eu\\\/wp-content\\\/uploads\\\/2024\\\/08\\\/Stop-Carcinogens-at-Work-icon-1-scaled.png\",\"datePublished\":\"2024-01-31T15:46:56+00:00\",\"dateModified\":\"2025-10-23T09:35:50+00:00\",\"description\":\"Il-prin\u010bipju STOP jiddeskrivi l-ordni ta' prijorit\u00e0 tal-mi\u017curi protettivi meta ji\u0121u ddeterminati u applikati mi\u017curi protettivi.\",\"breadcrumb\":{\"@id\":\"https:\\\/\\\/stopcarcinogensatwork.eu\\\/mt\\\/tghallem-dwar-l-istrategiji-bazici-ta-prevenzjoni\\\/#breadcrumb\"},\"inLanguage\":\"mt-MT\",\"potentialAction\":[{\"@type\":\"ReadAction\",\"target\":[\"https:\\\/\\\/stopcarcinogensatwork.eu\\\/mt\\\/tghallem-dwar-l-istrategiji-bazici-ta-prevenzjoni\\\/\"]}]},{\"@type\":\"ImageObject\",\"inLanguage\":\"mt-MT\",\"@id\":\"https:\\\/\\\/stopcarcinogensatwork.eu\\\/mt\\\/tghallem-dwar-l-istrategiji-bazici-ta-prevenzjoni\\\/#primaryimage\",\"url\":\"https:\\\/\\\/stopcarcinogensatwork.eu\\\/wp-content\\\/uploads\\\/2024\\\/08\\\/Stop-Carcinogens-at-Work-icon-1-scaled.png\",\"contentUrl\":\"https:\\\/\\\/stopcarcinogensatwork.eu\\\/wp-content\\\/uploads\\\/2024\\\/08\\\/Stop-Carcinogens-at-Work-icon-1-scaled.png\",\"width\":2560,\"height\":2141},{\"@type\":\"BreadcrumbList\",\"@id\":\"https:\\\/\\\/stopcarcinogensatwork.eu\\\/mt\\\/tghallem-dwar-l-istrategiji-bazici-ta-prevenzjoni\\\/#breadcrumb\",\"itemListElement\":[{\"@type\":\"ListItem\",\"position\":1,\"name\":\"Home\",\"item\":\"https:\\\/\\\/stopcarcinogensatwork.eu\\\/mt\\\/waqqaf-il-karcinogeni-fuq-il-post-tax-xoghol\\\/\"},{\"@type\":\"ListItem\",\"position\":2,\"name\":\"Tg\u0127allem dwar l-istrate\u0121iji ba\u017ci\u010bi ta&#8217; prevenzjoni\"}]},{\"@type\":\"WebSite\",\"@id\":\"https:\\\/\\\/stopcarcinogensatwork.eu\\\/mt\\\/#website\",\"url\":\"https:\\\/\\\/stopcarcinogensatwork.eu\\\/mt\\\/\",\"name\":\"STOP Carcinogens at work\",\"description\":\"Every year, about 100.000 people die from cancer that was caused by exposure to carcinogens at work in Europe.\",\"publisher\":{\"@id\":\"https:\\\/\\\/stopcarcinogensatwork.eu\\\/mt\\\/#organization\"},\"alternateName\":\"Roadmap on Carcinogens\",\"potentialAction\":[{\"@type\":\"SearchAction\",\"target\":{\"@type\":\"EntryPoint\",\"urlTemplate\":\"https:\\\/\\\/stopcarcinogensatwork.eu\\\/mt\\\/?s={search_term_string}\"},\"query-input\":{\"@type\":\"PropertyValueSpecification\",\"valueRequired\":true,\"valueName\":\"search_term_string\"}}],\"inLanguage\":\"mt-MT\"},{\"@type\":\"Organization\",\"@id\":\"https:\\\/\\\/stopcarcinogensatwork.eu\\\/mt\\\/#organization\",\"name\":\"TNO\",\"alternateName\":\"This is a European wide voluntary action scheme\",\"url\":\"https:\\\/\\\/stopcarcinogensatwork.eu\\\/mt\\\/\",\"logo\":{\"@type\":\"ImageObject\",\"inLanguage\":\"mt-MT\",\"@id\":\"https:\\\/\\\/stopcarcinogensatwork.eu\\\/mt\\\/#\\\/schema\\\/logo\\\/image\\\/\",\"url\":\"https:\\\/\\\/stopcarcinogensatwork.eu\\\/wp-content\\\/uploads\\\/2024\\\/08\\\/cropped-FavLarge-1.png\",\"contentUrl\":\"https:\\\/\\\/stopcarcinogensatwork.eu\\\/wp-content\\\/uploads\\\/2024\\\/08\\\/cropped-FavLarge-1.png\",\"width\":512,\"height\":512,\"caption\":\"TNO\"},\"image\":{\"@id\":\"https:\\\/\\\/stopcarcinogensatwork.eu\\\/mt\\\/#\\\/schema\\\/logo\\\/image\\\/\"},\"publishingPrinciples\":\"https:\\\/\\\/stopcarcinogensatwork.eu\\\/homepage\\\/legal\\\/\",\"ownershipFundingInfo\":\"https:\\\/\\\/stopcarcinogensatwork.eu\\\/general\\\/about-us\\\/\"}]}<\/script>\n<!-- \/ Yoast SEO Premium plugin. -->","yoast_head_json":{"title":"Waqqfu l-Kar\u010bino\u0121eni fuq il-Post tax-Xog\u0127ol: Passi Essenzjali g\u0127as-Sigurt\u00e0 fuq il-Post tax-Xog\u0127ol - STOP carcinogens at work","description":"Il-prin\u010bipju STOP jiddeskrivi l-ordni ta' prijorit\u00e0 tal-mi\u017curi protettivi meta ji\u0121u ddeterminati u applikati mi\u017curi protettivi.","robots":{"index":"index","follow":"follow","max-snippet":"max-snippet:-1","max-image-preview":"max-image-preview:large","max-video-preview":"max-video-preview:-1"},"canonical":"https:\/\/stopcarcinogensatwork.eu\/mt\/tghallem-dwar-l-istrategiji-bazici-ta-prevenzjoni\/","og_locale":"mt_MT","og_type":"article","og_title":"Tg\u0127allem dwar l-istrate\u0121iji ba\u017ci\u010bi ta' prevenzjoni","og_description":"Il-prin\u010bipju STOP jiddeskrivi l-ordni ta' prijorit\u00e0 tal-mi\u017curi protettivi meta ji\u0121u ddeterminati u applikati mi\u017curi protettivi.","og_url":"https:\/\/stopcarcinogensatwork.eu\/mt\/tghallem-dwar-l-istrategiji-bazici-ta-prevenzjoni\/","og_site_name":"STOP carcinogens at work","article_modified_time":"2025-10-23T09:35:50+00:00","og_image":[{"width":2560,"height":2141,"url":"https:\/\/stopcarcinogensatwork.eu\/wp-content\/uploads\/2024\/08\/Stop-Carcinogens-at-Work-icon-1-scaled.png","type":"image\/png"}],"twitter_card":"summary_large_image","twitter_misc":{"Est. reading time":"2 minutes"},"schema":{"@context":"https:\/\/schema.org","@graph":[{"@type":"WebPage","@id":"https:\/\/stopcarcinogensatwork.eu\/mt\/tghallem-dwar-l-istrategiji-bazici-ta-prevenzjoni\/","url":"https:\/\/stopcarcinogensatwork.eu\/mt\/tghallem-dwar-l-istrategiji-bazici-ta-prevenzjoni\/","name":"Waqqfu l-Kar\u010bino\u0121eni fuq il-Post tax-Xog\u0127ol: Passi Essenzjali g\u0127as-Sigurt\u00e0 fuq il-Post tax-Xog\u0127ol - STOP carcinogens at work","isPartOf":{"@id":"https:\/\/stopcarcinogensatwork.eu\/mt\/#website"},"primaryImageOfPage":{"@id":"https:\/\/stopcarcinogensatwork.eu\/mt\/tghallem-dwar-l-istrategiji-bazici-ta-prevenzjoni\/#primaryimage"},"image":{"@id":"https:\/\/stopcarcinogensatwork.eu\/mt\/tghallem-dwar-l-istrategiji-bazici-ta-prevenzjoni\/#primaryimage"},"thumbnailUrl":"https:\/\/stopcarcinogensatwork.eu\/wp-content\/uploads\/2024\/08\/Stop-Carcinogens-at-Work-icon-1-scaled.png","datePublished":"2024-01-31T15:46:56+00:00","dateModified":"2025-10-23T09:35:50+00:00","description":"Il-prin\u010bipju STOP jiddeskrivi l-ordni ta' prijorit\u00e0 tal-mi\u017curi protettivi meta ji\u0121u ddeterminati u applikati mi\u017curi protettivi.","breadcrumb":{"@id":"https:\/\/stopcarcinogensatwork.eu\/mt\/tghallem-dwar-l-istrategiji-bazici-ta-prevenzjoni\/#breadcrumb"},"inLanguage":"mt-MT","potentialAction":[{"@type":"ReadAction","target":["https:\/\/stopcarcinogensatwork.eu\/mt\/tghallem-dwar-l-istrategiji-bazici-ta-prevenzjoni\/"]}]},{"@type":"ImageObject","inLanguage":"mt-MT","@id":"https:\/\/stopcarcinogensatwork.eu\/mt\/tghallem-dwar-l-istrategiji-bazici-ta-prevenzjoni\/#primaryimage","url":"https:\/\/stopcarcinogensatwork.eu\/wp-content\/uploads\/2024\/08\/Stop-Carcinogens-at-Work-icon-1-scaled.png","contentUrl":"https:\/\/stopcarcinogensatwork.eu\/wp-content\/uploads\/2024\/08\/Stop-Carcinogens-at-Work-icon-1-scaled.png","width":2560,"height":2141},{"@type":"BreadcrumbList","@id":"https:\/\/stopcarcinogensatwork.eu\/mt\/tghallem-dwar-l-istrategiji-bazici-ta-prevenzjoni\/#breadcrumb","itemListElement":[{"@type":"ListItem","position":1,"name":"Home","item":"https:\/\/stopcarcinogensatwork.eu\/mt\/waqqaf-il-karcinogeni-fuq-il-post-tax-xoghol\/"},{"@type":"ListItem","position":2,"name":"Tg\u0127allem dwar l-istrate\u0121iji ba\u017ci\u010bi ta&#8217; prevenzjoni"}]},{"@type":"WebSite","@id":"https:\/\/stopcarcinogensatwork.eu\/mt\/#website","url":"https:\/\/stopcarcinogensatwork.eu\/mt\/","name":"STOP Carcinogens at work","description":"Every year, about 100.000 people die from cancer that was caused by exposure to carcinogens at work in Europe.","publisher":{"@id":"https:\/\/stopcarcinogensatwork.eu\/mt\/#organization"},"alternateName":"Roadmap on Carcinogens","potentialAction":[{"@type":"SearchAction","target":{"@type":"EntryPoint","urlTemplate":"https:\/\/stopcarcinogensatwork.eu\/mt\/?s={search_term_string}"},"query-input":{"@type":"PropertyValueSpecification","valueRequired":true,"valueName":"search_term_string"}}],"inLanguage":"mt-MT"},{"@type":"Organization","@id":"https:\/\/stopcarcinogensatwork.eu\/mt\/#organization","name":"TNO","alternateName":"This is a European wide voluntary action scheme","url":"https:\/\/stopcarcinogensatwork.eu\/mt\/","logo":{"@type":"ImageObject","inLanguage":"mt-MT","@id":"https:\/\/stopcarcinogensatwork.eu\/mt\/#\/schema\/logo\/image\/","url":"https:\/\/stopcarcinogensatwork.eu\/wp-content\/uploads\/2024\/08\/cropped-FavLarge-1.png","contentUrl":"https:\/\/stopcarcinogensatwork.eu\/wp-content\/uploads\/2024\/08\/cropped-FavLarge-1.png","width":512,"height":512,"caption":"TNO"},"image":{"@id":"https:\/\/stopcarcinogensatwork.eu\/mt\/#\/schema\/logo\/image\/"},"publishingPrinciples":"https:\/\/stopcarcinogensatwork.eu\/homepage\/legal\/","ownershipFundingInfo":"https:\/\/stopcarcinogensatwork.eu\/general\/about-us\/"}]}},"_links":{"self":[{"href":"https:\/\/stopcarcinogensatwork.eu\/mt\/wp-json\/wp\/v2\/pages\/85280","targetHints":{"allow":["GET"]}}],"collection":[{"href":"https:\/\/stopcarcinogensatwork.eu\/mt\/wp-json\/wp\/v2\/pages"}],"about":[{"href":"https:\/\/stopcarcinogensatwork.eu\/mt\/wp-json\/wp\/v2\/types\/page"}],"author":[{"embeddable":true,"href":"https:\/\/stopcarcinogensatwork.eu\/mt\/wp-json\/wp\/v2\/users\/1"}],"replies":[{"embeddable":true,"href":"https:\/\/stopcarcinogensatwork.eu\/mt\/wp-json\/wp\/v2\/comments?post=85280"}],"version-history":[{"count":0,"href":"https:\/\/stopcarcinogensatwork.eu\/mt\/wp-json\/wp\/v2\/pages\/85280\/revisions"}],"wp:featuredmedia":[{"embeddable":true,"href":"https:\/\/stopcarcinogensatwork.eu\/mt\/wp-json\/wp\/v2\/media\/85281"}],"wp:attachment":[{"href":"https:\/\/stopcarcinogensatwork.eu\/mt\/wp-json\/wp\/v2\/media?parent=85280"}],"curies":[{"name":"wp","href":"https:\/\/api.w.org\/{rel}","templated":true}]}}