{"id":85286,"date":"2024-12-30T09:48:30","date_gmt":"2024-12-30T09:48:30","guid":{"rendered":"https:\/\/stopcarcinogensatwork.eu\/generali\/dwar-il-pjan-direzzjonali-dwar-il-karcinogeni\/sfidi\/alternattivi-possibbli-ghall-kromju\/"},"modified":"2025-09-04T16:51:43","modified_gmt":"2025-09-04T16:51:43","slug":"alternattivi-possibbli-ghall-kromju","status":"publish","type":"page","link":"https:\/\/stopcarcinogensatwork.eu\/mt\/generali\/dwar-il-pjan-direzzjonali-dwar-il-karcinogeni\/sfidi\/alternattivi-possibbli-ghall-kromju\/","title":{"rendered":"Alternattivi possibbli g\u0127all-kromju"},"content":{"rendered":"<ol>\n<li><a href=\"https:\/\/stopcarcinogensatwork.eu\/mt\/good-practice\/sostituzzjoni-tat-triossidu-tal-kromju-ghal-incizjoni-tas-sottostrat-tal-plastik-fit-trattament-minn-qabel-tal-electroplating\/\" target=\"_blank\" rel=\"noopener\">Sostituzzjoni tat-triossidu tal-kromju g\u0127al in\u010bi\u017cjoni tas-sottostrat tal-plastik fit-trattament minn qabel tal-electroplating<\/a><\/li>\n<li><a href=\"https:\/\/stopcarcinogensatwork.eu\/mt\/good-practice\/alternattivi-possibbli-ghat-triossidu-tal-kromju-bhala-agent-tal-kisi-ghal-materjali-sanitarji\/\" target=\"_blank\" rel=\"noopener\">Alternattivi possibbli g\u0127at-triossidu tal-kromju b\u0127ala a\u0121ent tal-kisi g\u0127al materjali sanitarji<\/a><\/li>\n<li><a href=\"https:\/\/stopcarcinogensatwork.eu\/mt\/good-practice\/sostituzzjoni-tad-dikromat-tas-sodju-ghall-passivazzjoni-tal-pjanca-tal-landa-elettrolitika-etp\/\" target=\"_blank\" rel=\"noopener\">Sostituzzjoni tad-Dikromat tas-Sodju g\u0127all-Passivazzjoni tal-Pjan\u010ba tal-Landa Elettrolitika (ETP)<\/a><\/li>\n<li><a href=\"https:\/\/stopcarcinogensatwork.eu\/mt\/good-practice\/sostituzzjoni-tal-kromat-tas-sodju-bhala-agent-kontra-l-korruzjoni-tal-azzar-tal-karbonju-fcirkwit-issigillat-ta-apparati-li-jassorbu-l-gass\/\" target=\"_blank\" rel=\"noopener\">Sostituzzjoni tal-kromat tas-sodju b\u0127ala a\u0121ent kontra l-korru\u017cjoni tal-azzar tal-karbonju f&#8217;\u010birkwit issi\u0121illat ta&#8217; apparati li jassorbu l-gass<\/a><\/li>\n<li><a href=\"https:\/\/stopcarcinogensatwork.eu\/mt\/good-practice\/sostituzzjoni-tat-triossidu-tal-kromju-vi-ghal-trattamenti-tal-wicc-fl-industrija-tal-avjazzjoni-u-tal-ajruspazju\/\" target=\"_blank\" rel=\"noopener\">Sostituzzjoni tat-triossidu tal-kromju (VI) g\u0127al trattamenti tal-wi\u010b\u010b fl-industrija tal-avjazzjoni u tal-ajruspazju<\/a><\/li>\n<li><a href=\"https:\/\/stopcarcinogensatwork.eu\/mt\/good-practice\/sostituzzjoni-tal-kisi-funzjonali-tal-kromju-bbazat-fuq-it-triossidu-tal-kromju-ta-strumenti-dentali-ghat-trattament-dentali\/\" target=\"_blank\" rel=\"noopener\">Sostituzzjoni tal-Kisi Funzjonali tal-Kromju Bba\u017cat fuq it-Triossidu tal-Kromju ta&#8217; Strumenti Dentali g\u0127at-Trattament Dentali<\/a><\/li>\n<li><a href=\"https:\/\/stopcarcinogensatwork.eu\/mt\/good-practice\/sostituzzjoni-tat-triossidu-tal-kromju-vi-ghal-kisi-elettrolitiku-tal-kromju-tal-azzar-eccs\/\" target=\"_blank\" rel=\"noopener\">Sostituzzjoni tat-Triossidu tal-Kromju (VI) g\u0127al Kisi Elettrolitiku tal-Kromju tal-Azzar (ECCS)<\/a><\/li>\n<li><a href=\"https:\/\/stopcarcinogensatwork.eu\/mt\/good-practice\/sostituzzjoni-tat-triossidu-tal-kromju-vi-ghall-passivazzjoni-tal-landa-elettrolitika-etp\/\" target=\"_blank\" rel=\"noopener\">Sostituzzjoni tat-triossidu tal-Kromju (VI) g\u0127all-passivazzjoni tal-landa elettrolitika (ETP)<\/a><\/li>\n<li><a href=\"https:\/\/stopcarcinogensatwork.eu\/mt\/good-practice\/sostituzzjoni-tat-triossidu-tal-kromju-ghal-incizjoni-tas-sottostrat-tal-plastik-fit-trattament-minn-qabel-tal-electroplating\/\" target=\"_blank\" rel=\"noopener\">Sostituzzjoni tat-triossidu tal-kromju g\u0127al in\u010bi\u017cjoni tas-sottostrat tal-plastik fit-trattament minn qabel tal-electroplating<\/a><\/li>\n<li><a href=\"https:\/\/stopcarcinogensatwork.eu\/mt\/good-practice\/sostituzzjoni-tat-trikloroetilene-fil-produzzjoni-tal-materjal-alcantara\/\" target=\"_blank\" rel=\"noopener\">Sostituzzjoni tat-Trikloroetilene fil-produzzjoni tal-Materjal Alcantara<\/a><\/li>\n<li><a href=\"https:\/\/stopcarcinogensatwork.eu\/mt\/good-practice\/alternattivi-possibbli-ghat-triossidu-tal-kromju-bhala-agent-tal-kisi-ghall-uzu-fil-manifattura-generali\/\" target=\"_blank\" rel=\"noopener\">Alternattivi possibbli g\u0127at-triossidu tal-kromju b\u0127ala a\u0121ent tal-kisi g\u0127all-u\u017cu fil-manifattura \u0121enerali<\/a><\/li>\n<li><a href=\"https:\/\/stopcarcinogensatwork.eu\/mt\/good-practice\/sostituzzjoni-ta-22-dikloro-44-metilenedianilina-moca-fil-manifattura-tal-poliuretani\/\" target=\"_blank\" rel=\"noopener\">Sostituzzjoni ta&#8217; 2,2&#8242;-dikloro-4,4&#8242;-metilenedianilina (MOCA) fil-manifattura tal-poliuretani<\/a><\/li>\n<li><a href=\"https:\/\/stopcarcinogensatwork.eu\/mt\/good-practice\/alternattivi-possibbli-ghat-triossidu-tal-kromju-bhala-agent-tal-kisi-ghall-uzu-fil-manifattura-generali\/\" target=\"_blank\" rel=\"noopener\">Alternattivi possibbli g\u0127at-triossidu tal-kromju b\u0127ala a\u0121ent tal-kisi g\u0127all-u\u017cu fil-manifattura \u0121enerali<\/a><\/li>\n<\/ol>\n","protected":false},"excerpt":{"rendered":"<p>Sostituzzjoni tat-triossidu tal-kromju g\u0127al in\u010bi\u017cjoni tas-sottostrat tal-plastik fit-trattament minn qabel tal-electroplating Alternattivi possibbli g\u0127at-triossidu tal-kromju b\u0127ala a\u0121ent tal-kisi g\u0127al materjali sanitarji Sostituzzjoni tad-Dikromat tas-Sodju g\u0127all-Passivazzjoni tal-Pjan\u010ba tal-Landa Elettrolitika (ETP) Sostituzzjoni tal-kromat tas-sodju b\u0127ala a\u0121ent kontra l-korru\u017cjoni tal-azzar tal-karbonju f&#8217;\u010birkwit issi\u0121illat ta&#8217; apparati li jassorbu l-gass Sostituzzjoni tat-triossidu tal-kromju (VI) g\u0127al trattamenti tal-wi\u010b\u010b fl-industrija tal-avjazzjoni u [&hellip;]<\/p>\n","protected":false},"author":1,"featured_media":0,"parent":85210,"menu_order":0,"comment_status":"closed","ping_status":"closed","template":"","meta":{"inline_featured_image":false,"footnotes":""},"class_list":["post-85286","page","type-page","status-publish","hentry"],"yoast_head":"<!-- This site is optimized with the Yoast SEO Premium plugin v27.0 (Yoast SEO v27.3) - https:\/\/yoast.com\/product\/yoast-seo-premium-wordpress\/ -->\n<title>Alternattivi possibbli g\u0127all-kromju - STOP carcinogens at work<\/title>\n<meta name=\"description\" content=\"Every year, more than 100.000 people die in the EU from cancer caused by carcinogens at work. This must STOP!\" \/>\n<meta name=\"robots\" content=\"index, follow, max-snippet:-1, max-image-preview:large, max-video-preview:-1\" \/>\n<link rel=\"canonical\" href=\"https:\/\/stopcarcinogensatwork.eu\/mt\/generali\/dwar-il-pjan-direzzjonali-dwar-il-karcinogeni\/sfidi\/alternattivi-possibbli-ghall-kromju\/\" \/>\n<meta property=\"og:locale\" content=\"mt_MT\" \/>\n<meta property=\"og:type\" content=\"article\" \/>\n<meta property=\"og:title\" content=\"Alternattivi possibbli g\u0127all-kromju\" \/>\n<meta property=\"og:description\" content=\"Every year, more than 100.000 people die in the EU from cancer caused by carcinogens at work. This must STOP!\" \/>\n<meta property=\"og:url\" content=\"https:\/\/stopcarcinogensatwork.eu\/mt\/generali\/dwar-il-pjan-direzzjonali-dwar-il-karcinogeni\/sfidi\/alternattivi-possibbli-ghall-kromju\/\" \/>\n<meta property=\"og:site_name\" content=\"STOP carcinogens at work\" \/>\n<meta property=\"article:modified_time\" content=\"2025-09-04T16:51:43+00:00\" \/>\n<meta name=\"twitter:card\" content=\"summary_large_image\" \/>\n<meta name=\"twitter:label1\" content=\"Est. reading time\" \/>\n\t<meta name=\"twitter:data1\" content=\"1 minute\" \/>\n<script type=\"application\/ld+json\" class=\"yoast-schema-graph\">{\"@context\":\"https:\\\/\\\/schema.org\",\"@graph\":[{\"@type\":\"WebPage\",\"@id\":\"https:\\\/\\\/stopcarcinogensatwork.eu\\\/mt\\\/generali\\\/dwar-il-pjan-direzzjonali-dwar-il-karcinogeni\\\/sfidi\\\/alternattivi-possibbli-ghall-kromju\\\/\",\"url\":\"https:\\\/\\\/stopcarcinogensatwork.eu\\\/mt\\\/generali\\\/dwar-il-pjan-direzzjonali-dwar-il-karcinogeni\\\/sfidi\\\/alternattivi-possibbli-ghall-kromju\\\/\",\"name\":\"Alternattivi possibbli g\u0127all-kromju - STOP carcinogens at work\",\"isPartOf\":{\"@id\":\"https:\\\/\\\/stopcarcinogensatwork.eu\\\/mt\\\/#website\"},\"datePublished\":\"2024-12-30T09:48:30+00:00\",\"dateModified\":\"2025-09-04T16:51:43+00:00\",\"description\":\"Every year, more than 100.000 people die in the EU from cancer caused by carcinogens at work. This must STOP!\",\"breadcrumb\":{\"@id\":\"https:\\\/\\\/stopcarcinogensatwork.eu\\\/mt\\\/generali\\\/dwar-il-pjan-direzzjonali-dwar-il-karcinogeni\\\/sfidi\\\/alternattivi-possibbli-ghall-kromju\\\/#breadcrumb\"},\"inLanguage\":\"mt-MT\",\"potentialAction\":[{\"@type\":\"ReadAction\",\"target\":[\"https:\\\/\\\/stopcarcinogensatwork.eu\\\/mt\\\/generali\\\/dwar-il-pjan-direzzjonali-dwar-il-karcinogeni\\\/sfidi\\\/alternattivi-possibbli-ghall-kromju\\\/\"]}]},{\"@type\":\"BreadcrumbList\",\"@id\":\"https:\\\/\\\/stopcarcinogensatwork.eu\\\/mt\\\/generali\\\/dwar-il-pjan-direzzjonali-dwar-il-karcinogeni\\\/sfidi\\\/alternattivi-possibbli-ghall-kromju\\\/#breadcrumb\",\"itemListElement\":[{\"@type\":\"ListItem\",\"position\":1,\"name\":\"Home\",\"item\":\"https:\\\/\\\/stopcarcinogensatwork.eu\\\/mt\\\/waqqaf-il-karcinogeni-fuq-il-post-tax-xoghol\\\/\"},{\"@type\":\"ListItem\",\"position\":2,\"name\":\"\u0120enerali\",\"item\":\"https:\\\/\\\/stopcarcinogensatwork.eu\\\/mt\\\/generali\\\/\"},{\"@type\":\"ListItem\",\"position\":3,\"name\":\"Dwar il-Pjan Direzzjonali dwar il-Kar\u010bino\u0121eni\",\"item\":\"https:\\\/\\\/stopcarcinogensatwork.eu\\\/mt\\\/generali\\\/dwar-il-pjan-direzzjonali-dwar-il-karcinogeni\\\/\"},{\"@type\":\"ListItem\",\"position\":4,\"name\":\"Sfidi\",\"item\":\"https:\\\/\\\/stopcarcinogensatwork.eu\\\/mt\\\/general\\\/about-us\\\/challenges\\\/\"},{\"@type\":\"ListItem\",\"position\":5,\"name\":\"Alternattivi possibbli g\u0127all-kromju\"}]},{\"@type\":\"WebSite\",\"@id\":\"https:\\\/\\\/stopcarcinogensatwork.eu\\\/mt\\\/#website\",\"url\":\"https:\\\/\\\/stopcarcinogensatwork.eu\\\/mt\\\/\",\"name\":\"STOP Carcinogens at work\",\"description\":\"Every year, about 100.000 people die from cancer that was caused by exposure to carcinogens at work in Europe.\",\"publisher\":{\"@id\":\"https:\\\/\\\/stopcarcinogensatwork.eu\\\/mt\\\/#organization\"},\"alternateName\":\"Roadmap on Carcinogens\",\"potentialAction\":[{\"@type\":\"SearchAction\",\"target\":{\"@type\":\"EntryPoint\",\"urlTemplate\":\"https:\\\/\\\/stopcarcinogensatwork.eu\\\/mt\\\/?s={search_term_string}\"},\"query-input\":{\"@type\":\"PropertyValueSpecification\",\"valueRequired\":true,\"valueName\":\"search_term_string\"}}],\"inLanguage\":\"mt-MT\"},{\"@type\":\"Organization\",\"@id\":\"https:\\\/\\\/stopcarcinogensatwork.eu\\\/mt\\\/#organization\",\"name\":\"TNO\",\"alternateName\":\"This is a European wide voluntary action scheme\",\"url\":\"https:\\\/\\\/stopcarcinogensatwork.eu\\\/mt\\\/\",\"logo\":{\"@type\":\"ImageObject\",\"inLanguage\":\"mt-MT\",\"@id\":\"https:\\\/\\\/stopcarcinogensatwork.eu\\\/mt\\\/#\\\/schema\\\/logo\\\/image\\\/\",\"url\":\"https:\\\/\\\/stopcarcinogensatwork.eu\\\/wp-content\\\/uploads\\\/2024\\\/08\\\/cropped-FavLarge-1.png\",\"contentUrl\":\"https:\\\/\\\/stopcarcinogensatwork.eu\\\/wp-content\\\/uploads\\\/2024\\\/08\\\/cropped-FavLarge-1.png\",\"width\":512,\"height\":512,\"caption\":\"TNO\"},\"image\":{\"@id\":\"https:\\\/\\\/stopcarcinogensatwork.eu\\\/mt\\\/#\\\/schema\\\/logo\\\/image\\\/\"},\"publishingPrinciples\":\"https:\\\/\\\/stopcarcinogensatwork.eu\\\/homepage\\\/legal\\\/\",\"ownershipFundingInfo\":\"https:\\\/\\\/stopcarcinogensatwork.eu\\\/general\\\/about-us\\\/\"}]}<\/script>\n<!-- \/ Yoast SEO Premium plugin. -->","yoast_head_json":{"title":"Alternattivi possibbli g\u0127all-kromju - STOP carcinogens at work","description":"Every year, more than 100.000 people die in the EU from cancer caused by carcinogens at work. This must STOP!","robots":{"index":"index","follow":"follow","max-snippet":"max-snippet:-1","max-image-preview":"max-image-preview:large","max-video-preview":"max-video-preview:-1"},"canonical":"https:\/\/stopcarcinogensatwork.eu\/mt\/generali\/dwar-il-pjan-direzzjonali-dwar-il-karcinogeni\/sfidi\/alternattivi-possibbli-ghall-kromju\/","og_locale":"mt_MT","og_type":"article","og_title":"Alternattivi possibbli g\u0127all-kromju","og_description":"Every year, more than 100.000 people die in the EU from cancer caused by carcinogens at work. This must STOP!","og_url":"https:\/\/stopcarcinogensatwork.eu\/mt\/generali\/dwar-il-pjan-direzzjonali-dwar-il-karcinogeni\/sfidi\/alternattivi-possibbli-ghall-kromju\/","og_site_name":"STOP carcinogens at work","article_modified_time":"2025-09-04T16:51:43+00:00","twitter_card":"summary_large_image","twitter_misc":{"Est. reading time":"1 minute"},"schema":{"@context":"https:\/\/schema.org","@graph":[{"@type":"WebPage","@id":"https:\/\/stopcarcinogensatwork.eu\/mt\/generali\/dwar-il-pjan-direzzjonali-dwar-il-karcinogeni\/sfidi\/alternattivi-possibbli-ghall-kromju\/","url":"https:\/\/stopcarcinogensatwork.eu\/mt\/generali\/dwar-il-pjan-direzzjonali-dwar-il-karcinogeni\/sfidi\/alternattivi-possibbli-ghall-kromju\/","name":"Alternattivi possibbli g\u0127all-kromju - STOP carcinogens at work","isPartOf":{"@id":"https:\/\/stopcarcinogensatwork.eu\/mt\/#website"},"datePublished":"2024-12-30T09:48:30+00:00","dateModified":"2025-09-04T16:51:43+00:00","description":"Every year, more than 100.000 people die in the EU from cancer caused by carcinogens at work. This must STOP!","breadcrumb":{"@id":"https:\/\/stopcarcinogensatwork.eu\/mt\/generali\/dwar-il-pjan-direzzjonali-dwar-il-karcinogeni\/sfidi\/alternattivi-possibbli-ghall-kromju\/#breadcrumb"},"inLanguage":"mt-MT","potentialAction":[{"@type":"ReadAction","target":["https:\/\/stopcarcinogensatwork.eu\/mt\/generali\/dwar-il-pjan-direzzjonali-dwar-il-karcinogeni\/sfidi\/alternattivi-possibbli-ghall-kromju\/"]}]},{"@type":"BreadcrumbList","@id":"https:\/\/stopcarcinogensatwork.eu\/mt\/generali\/dwar-il-pjan-direzzjonali-dwar-il-karcinogeni\/sfidi\/alternattivi-possibbli-ghall-kromju\/#breadcrumb","itemListElement":[{"@type":"ListItem","position":1,"name":"Home","item":"https:\/\/stopcarcinogensatwork.eu\/mt\/waqqaf-il-karcinogeni-fuq-il-post-tax-xoghol\/"},{"@type":"ListItem","position":2,"name":"\u0120enerali","item":"https:\/\/stopcarcinogensatwork.eu\/mt\/generali\/"},{"@type":"ListItem","position":3,"name":"Dwar il-Pjan Direzzjonali dwar il-Kar\u010bino\u0121eni","item":"https:\/\/stopcarcinogensatwork.eu\/mt\/generali\/dwar-il-pjan-direzzjonali-dwar-il-karcinogeni\/"},{"@type":"ListItem","position":4,"name":"Sfidi","item":"https:\/\/stopcarcinogensatwork.eu\/mt\/general\/about-us\/challenges\/"},{"@type":"ListItem","position":5,"name":"Alternattivi possibbli g\u0127all-kromju"}]},{"@type":"WebSite","@id":"https:\/\/stopcarcinogensatwork.eu\/mt\/#website","url":"https:\/\/stopcarcinogensatwork.eu\/mt\/","name":"STOP Carcinogens at work","description":"Every year, about 100.000 people die from cancer that was caused by exposure to carcinogens at work in Europe.","publisher":{"@id":"https:\/\/stopcarcinogensatwork.eu\/mt\/#organization"},"alternateName":"Roadmap on Carcinogens","potentialAction":[{"@type":"SearchAction","target":{"@type":"EntryPoint","urlTemplate":"https:\/\/stopcarcinogensatwork.eu\/mt\/?s={search_term_string}"},"query-input":{"@type":"PropertyValueSpecification","valueRequired":true,"valueName":"search_term_string"}}],"inLanguage":"mt-MT"},{"@type":"Organization","@id":"https:\/\/stopcarcinogensatwork.eu\/mt\/#organization","name":"TNO","alternateName":"This is a European wide voluntary action scheme","url":"https:\/\/stopcarcinogensatwork.eu\/mt\/","logo":{"@type":"ImageObject","inLanguage":"mt-MT","@id":"https:\/\/stopcarcinogensatwork.eu\/mt\/#\/schema\/logo\/image\/","url":"https:\/\/stopcarcinogensatwork.eu\/wp-content\/uploads\/2024\/08\/cropped-FavLarge-1.png","contentUrl":"https:\/\/stopcarcinogensatwork.eu\/wp-content\/uploads\/2024\/08\/cropped-FavLarge-1.png","width":512,"height":512,"caption":"TNO"},"image":{"@id":"https:\/\/stopcarcinogensatwork.eu\/mt\/#\/schema\/logo\/image\/"},"publishingPrinciples":"https:\/\/stopcarcinogensatwork.eu\/homepage\/legal\/","ownershipFundingInfo":"https:\/\/stopcarcinogensatwork.eu\/general\/about-us\/"}]}},"_links":{"self":[{"href":"https:\/\/stopcarcinogensatwork.eu\/mt\/wp-json\/wp\/v2\/pages\/85286","targetHints":{"allow":["GET"]}}],"collection":[{"href":"https:\/\/stopcarcinogensatwork.eu\/mt\/wp-json\/wp\/v2\/pages"}],"about":[{"href":"https:\/\/stopcarcinogensatwork.eu\/mt\/wp-json\/wp\/v2\/types\/page"}],"author":[{"embeddable":true,"href":"https:\/\/stopcarcinogensatwork.eu\/mt\/wp-json\/wp\/v2\/users\/1"}],"replies":[{"embeddable":true,"href":"https:\/\/stopcarcinogensatwork.eu\/mt\/wp-json\/wp\/v2\/comments?post=85286"}],"version-history":[{"count":0,"href":"https:\/\/stopcarcinogensatwork.eu\/mt\/wp-json\/wp\/v2\/pages\/85286\/revisions"}],"up":[{"embeddable":true,"href":"https:\/\/stopcarcinogensatwork.eu\/mt\/wp-json\/wp\/v2\/pages\/85210"}],"wp:attachment":[{"href":"https:\/\/stopcarcinogensatwork.eu\/mt\/wp-json\/wp\/v2\/media?parent=85286"}],"curies":[{"name":"wp","href":"https:\/\/api.w.org\/{rel}","templated":true}]}}