{"id":85446,"date":"2024-02-17T16:45:26","date_gmt":"2024-02-17T16:45:26","guid":{"rendered":"https:\/\/stopcarcinogensatwork.eu\/tghallem-dwar-l-istrategiji-bazici-ta-prevenzjoni\/t-mizuri-teknici\/"},"modified":"2024-02-17T16:45:26","modified_gmt":"2024-02-17T16:45:26","slug":"t-mizuri-teknici","status":"publish","type":"page","link":"https:\/\/stopcarcinogensatwork.eu\/mt\/tghallem-dwar-l-istrategiji-bazici-ta-prevenzjoni\/t-mizuri-teknici\/","title":{"rendered":"T &#8211; Mi\u017curi tekni\u010bi"},"content":{"rendered":"<blockquote><p>STOP isegwi \u0121erarkija ta&#8217; kontroll. G\u0127all-kar\u010bino\u0121eni, pass &#8216;l isfel fil-\u0121erarkija huwa permess biss meta l-limitazzjonijiet tekni\u010bi jipprevjenuk milli telimina l-espo\u017cizzjoni g\u0127alkollox. Hawnhekk se niffukaw fuq it-tieni livell, T g\u0127al mi\u017curi tekni\u010bi. Jekk jog\u0127\u0121bok ikkunsidra S qabel T. Innota wkoll li tista&#8217; tintu\u017ca ta\u0127lita ta&#8217; mi\u017curi.   <\/p><\/blockquote>\n<p>Il-mi\u017curi tekni\u010bi jinkludu apparati jew pro\u010bessi mekkani\u010bi li jeliminaw jew jimminimizzaw l-espo\u017cizzjoni g\u0127all-kar\u010bino\u0121eni. Dawn il-mi\u017curi tekni\u010bi jistg\u0127u jinvolvu l-g\u0127eluq, l-u\u017cu ta&#8217; ventilazzjoni u\/jew l-awtomazzjoni tal-pro\u010bessi. <\/p>\n<p>X&#8217;g\u0127andu ji\u0121i kkunsidrat meta ji\u0121u vvalutati l-mi\u017curi li g\u0127andhom ji\u0121u implimentati:<\/p>\n<ul>\n<li>Identifika s-soluzzjonijiet tekni\u010bi kollha (e\u017c., inkapsulament jew ventilazzjoni) li di\u0121\u00e0 huma fis-se\u0127\u0127 u vvaluta l-effi\u010bjenza\/effika\u010bja tag\u0127hom (inkludi pjanijiet ta&#8217; manutenzjoni)<\/li>\n<li>Jekk me\u0127tie\u0121, ikkunsidra soluzzjonijiet tekni\u010bi o\u0127ra disponibbli li jistg\u0127u jtejbu l-kontroll: ikseb deskrizzjoni tas-soluzzjoni, l-adegwatezza, l-effika\u010bja u l-effi\u010bjenza tag\u0127ha<\/li>\n<li>Ikkunsidra l-effett ikkombinat possibbli tas-soluzzjonijiet tekni\u010bi<\/li>\n<li>Kun \u017cgur li titlob il-manwal tal-utent ming\u0127and il-fornitur tat-tag\u0127mir<\/li>\n<li>Kun \u017cgur li l-\u0127addiema tieg\u0127ek (inklu\u017ci l-\u0127addiema tat-tindif u l-manutenzjoni) jing\u0127ataw ta\u0127ri\u0121 adegwat dwar il-mi\u017curi tekni\u010bi fis-se\u0127\u0127<\/li>\n<li>Ipprovdi struzzjonijiet \u010bari lill-\u0127addiema dwar kif ju\u017caw dawk il-mi\u017curi tekni\u010bi fis-se\u0127\u0127 kif suppost: b&#8217;illustrazzjonijiet, jekk possibbli<\/li>\n<\/ul>\n<h2>Xi mi\u017curi tekni\u010bi li g\u0127andek tikkunsidra<\/h2>\n<p>Meta tiddetermina u tapplika l-a\u0127jar mi\u017curi tekni\u010bi, dejjem ftakar li tikkunsidra l-ispe\u010bifi\u010bitajiet tal-post tax-xog\u0127ol (e\u017c., postijiet b&#8217;tag\u0127mir permanenti ta&#8217; ventilazzjoni, installazzjonijiet fil-bera\u0127).<\/p>\n<p>Hemm varjet\u00e0 ta\u2019 mi\u017curi tekni\u010bi disponibbli u jistg\u0127u ji\u0121u applikati skont il-kundizzjonijiet tal-post tax-xog\u0127ol. Dan il-fuljett jipprovdi firxa wiesg\u0127a ta\u2019 e\u017cempji, filwaqt li wie\u0127ed i\u017comm f\u2019mo\u0127\u0127u li jistg\u0127u jkunu disponibbli soluzzjonijiet o\u0127ra possibbli. <\/p>\n<h3>Sistemi Mag\u0127luqa<\/h3>\n<p>Sistemi mag\u0127luqa huma mi\u017cura protettiva teknika effettiva \u0127afna. Sistemi mag\u0127luqa jistg\u0127u jinkludu inkapsulament, sistemi ta&#8217; estrazzjoni integrati b\u0127ala parti teknika integrali mit-tag\u0127mir tax-xog\u0127ol jew sistemi ta&#8217; estrazzjoni effettivi \u0127afna. <\/p>\n<h3>Konteniment<\/h3>\n<p>Sistemi parzjalment mag\u0127luqa joffru a\u010b\u010bess g\u0127all-pro\u010bess i\u017cda fl-istess \u0127in jipprevjenu r-rilaxx ta&#8217; kar\u010bino\u0121enu jew jimminimizzaw l-espo\u017cizzjoni. Dawn is-sistemi \u0121eneralment ikunu kkombinati ma&#8217; sistemi ta&#8217; ventilazzjoni ta&#8217; estrazzjoni jew sistemi ta&#8217; fluss tal-arja, e\u017c. bank tax-xog\u0127ol ventilat, kabinett tal-fwar. <\/p>\n<h3>Ventilazzjoni<\/h3>\n<p>Ivvaluta l-effika\u010bja ta&#8217; kwalunkwe sistema ta&#8217; ventilazzjoni li di\u0121\u00e0 g\u0127andek fis-se\u0127\u0127 u l-fattibbilt\u00e0 tal-istruttura tal-post tax-xog\u0127ol g\u0127all-implimentazzjoni ta&#8217; sistema ta&#8217; ventilazzjoni \u0121dida.<\/p>\n<p>Biex issib ventilazzjoni effettiva u effi\u010bjenti, il-possibbiltajiet t&#8217;hawn ta\u0127t jistg\u0127u jintu\u017caw jew individwalment jew flimkien:<\/p>\n<ol>\n<li>Ventilazzjoni ta&#8217; Dilwizzjoni Naturali<\/li>\n<li>Ventilazzjoni ta&#8217; Dilwizzjoni Mekkanika<\/li>\n<li>Ventilazzjoni Mekkanika tal-Eg\u017cost<\/li>\n<\/ol>\n<p>Ikkuntattja lill-fornituri biex jipprovdu spe\u010bifikazzjonijiet tekni\u010bi ta\u2019 sistemi ta\u2019 ventilazzjoni differenti.<\/p>\n<h3>L-u\u017cu ta&#8217; metodi ta&#8217; xog\u0127ol differenti<\/h3>\n<p>It-tibdil tal-metodi tax-xog\u0127ol jista&#8217; jkun ukoll possibbilt\u00e0 biex titnaqqas l-espo\u017cizzjoni g\u0127ax-xog\u0127ol permezz ta&#8217; titjir ta&#8217; likwidi jew formazzjoni ta&#8217; trab. Jistg\u0127u ji\u0121u kkunsidrati varjet\u00e0 ta&#8217; metodi alternattivi, b\u0127all-ippumpjar minflok it-tferrig\u0127, it-tindif bil-vacuum cleaner jew is-sistemi li jixxarbu minflok il-knis. <\/p>\n<h3>L-u\u017cu tal-kar\u010bino\u0121enu f&#8217;forma differenti<\/h3>\n<p>Il-forma fi\u017cika tal-kar\u010bino\u0121enu tista&#8217; wkoll titqies meta jittie\u0127du de\u010bi\u017cjonijiet dwar il-mi\u017curi tekni\u010bi li g\u0127andhom ji\u0121u implimentati. It-trabijiet huma aktar suxxettibbli g\u0127al livelli og\u0127la ta&#8217; espo\u017cizzjoni, g\u0127alhekk forma kkompressata (b\u0127al pellet jew pillola) jew \u0121el jistg\u0127u jnaqqsu l-espo\u017cizzjoni tal-\u0127addiem. Ivvaluta l-possibbilt\u00e0 li l-kar\u010bino\u0121enu jintu\u017ca f&#8217;forma li tista&#8217; twassal g\u0127al inqas espo\u017cizzjoni.  <\/p>\n<p>Il-mod kif ji\u0121i ppakkjat il-kar\u010bino\u0121enu jista&#8217; jkollu influwenza fuq il-livelli ta&#8217; espo\u017cizzjoni. Pere\u017cempju, l-u\u017cu ta&#8217; imballa\u0121\u0121 solubbli jew it-tnaqqis tad-daqs tieg\u0127u jista&#8217; jnaqqas l-espo\u017cizzjoni. <\/p>\n","protected":false},"excerpt":{"rendered":"<p>STOP isegwi \u0121erarkija ta&#8217; kontroll. G\u0127all-kar\u010bino\u0121eni, pass &#8216;l isfel fil-\u0121erarkija huwa permess biss meta l-limitazzjonijiet tekni\u010bi jipprevjenuk milli telimina l-espo\u017cizzjoni g\u0127alkollox. Hawnhekk se niffukaw fuq it-tieni livell, T g\u0127al mi\u017curi tekni\u010bi. Jekk jog\u0127\u0121bok ikkunsidra S qabel T. Innota wkoll li tista&#8217; tintu\u017ca ta\u0127lita ta&#8217; mi\u017curi. Il-mi\u017curi tekni\u010bi jinkludu apparati jew pro\u010bessi mekkani\u010bi li jeliminaw jew [&hellip;]<\/p>\n","protected":false},"author":1,"featured_media":0,"parent":85280,"menu_order":0,"comment_status":"closed","ping_status":"closed","template":"","meta":{"inline_featured_image":false,"footnotes":""},"class_list":["post-85446","page","type-page","status-publish","hentry"],"yoast_head":"<!-- This site is optimized with the Yoast SEO Premium plugin v27.0 (Yoast SEO v27.4) - https:\/\/yoast.com\/product\/yoast-seo-premium-wordpress\/ -->\n<title>T - Mi\u017curi tekni\u010bi - STOP carcinogens at work<\/title>\n<meta name=\"description\" content=\"Every year, more than 100.000 people die in the EU from cancer caused by carcinogens at work. This must STOP!\" \/>\n<meta name=\"robots\" content=\"index, follow, max-snippet:-1, max-image-preview:large, max-video-preview:-1\" \/>\n<link rel=\"canonical\" href=\"https:\/\/stopcarcinogensatwork.eu\/mt\/tghallem-dwar-l-istrategiji-bazici-ta-prevenzjoni\/t-mizuri-teknici\/\" \/>\n<meta property=\"og:locale\" content=\"mt_MT\" \/>\n<meta property=\"og:type\" content=\"article\" \/>\n<meta property=\"og:title\" content=\"T - Mi\u017curi tekni\u010bi\" \/>\n<meta property=\"og:description\" content=\"Every year, more than 100.000 people die in the EU from cancer caused by carcinogens at work. This must STOP!\" \/>\n<meta property=\"og:url\" content=\"https:\/\/stopcarcinogensatwork.eu\/mt\/tghallem-dwar-l-istrategiji-bazici-ta-prevenzjoni\/t-mizuri-teknici\/\" \/>\n<meta property=\"og:site_name\" content=\"STOP carcinogens at work\" \/>\n<meta name=\"twitter:card\" content=\"summary_large_image\" \/>\n<meta name=\"twitter:label1\" content=\"Est. reading time\" \/>\n\t<meta name=\"twitter:data1\" content=\"3 minutes\" \/>\n<script type=\"application\/ld+json\" class=\"yoast-schema-graph\">{\"@context\":\"https:\\\/\\\/schema.org\",\"@graph\":[{\"@type\":\"WebPage\",\"@id\":\"https:\\\/\\\/stopcarcinogensatwork.eu\\\/mt\\\/tghallem-dwar-l-istrategiji-bazici-ta-prevenzjoni\\\/t-mizuri-teknici\\\/\",\"url\":\"https:\\\/\\\/stopcarcinogensatwork.eu\\\/mt\\\/tghallem-dwar-l-istrategiji-bazici-ta-prevenzjoni\\\/t-mizuri-teknici\\\/\",\"name\":\"T - Mi\u017curi tekni\u010bi - STOP carcinogens at work\",\"isPartOf\":{\"@id\":\"https:\\\/\\\/stopcarcinogensatwork.eu\\\/mt\\\/#website\"},\"datePublished\":\"2024-02-17T16:45:26+00:00\",\"description\":\"Every year, more than 100.000 people die in the EU from cancer caused by carcinogens at work. This must STOP!\",\"breadcrumb\":{\"@id\":\"https:\\\/\\\/stopcarcinogensatwork.eu\\\/mt\\\/tghallem-dwar-l-istrategiji-bazici-ta-prevenzjoni\\\/t-mizuri-teknici\\\/#breadcrumb\"},\"inLanguage\":\"mt-MT\",\"potentialAction\":[{\"@type\":\"ReadAction\",\"target\":[\"https:\\\/\\\/stopcarcinogensatwork.eu\\\/mt\\\/tghallem-dwar-l-istrategiji-bazici-ta-prevenzjoni\\\/t-mizuri-teknici\\\/\"]}]},{\"@type\":\"BreadcrumbList\",\"@id\":\"https:\\\/\\\/stopcarcinogensatwork.eu\\\/mt\\\/tghallem-dwar-l-istrategiji-bazici-ta-prevenzjoni\\\/t-mizuri-teknici\\\/#breadcrumb\",\"itemListElement\":[{\"@type\":\"ListItem\",\"position\":1,\"name\":\"Home\",\"item\":\"https:\\\/\\\/stopcarcinogensatwork.eu\\\/mt\\\/waqqaf-il-karcinogeni-fuq-il-post-tax-xoghol\\\/\"},{\"@type\":\"ListItem\",\"position\":2,\"name\":\"Tg\u0127allem dwar l-istrate\u0121iji ba\u017ci\u010bi ta&#8217; prevenzjoni\",\"item\":\"https:\\\/\\\/stopcarcinogensatwork.eu\\\/mt\\\/tghallem-dwar-l-istrategiji-bazici-ta-prevenzjoni\\\/\"},{\"@type\":\"ListItem\",\"position\":3,\"name\":\"T &#8211; Mi\u017curi tekni\u010bi\"}]},{\"@type\":\"WebSite\",\"@id\":\"https:\\\/\\\/stopcarcinogensatwork.eu\\\/mt\\\/#website\",\"url\":\"https:\\\/\\\/stopcarcinogensatwork.eu\\\/mt\\\/\",\"name\":\"STOP Carcinogens at work\",\"description\":\"Every year, about 100.000 people die from cancer that was caused by exposure to carcinogens at work in Europe.\",\"publisher\":{\"@id\":\"https:\\\/\\\/stopcarcinogensatwork.eu\\\/mt\\\/#organization\"},\"alternateName\":\"Roadmap on Carcinogens\",\"potentialAction\":[{\"@type\":\"SearchAction\",\"target\":{\"@type\":\"EntryPoint\",\"urlTemplate\":\"https:\\\/\\\/stopcarcinogensatwork.eu\\\/mt\\\/?s={search_term_string}\"},\"query-input\":{\"@type\":\"PropertyValueSpecification\",\"valueRequired\":true,\"valueName\":\"search_term_string\"}}],\"inLanguage\":\"mt-MT\"},{\"@type\":\"Organization\",\"@id\":\"https:\\\/\\\/stopcarcinogensatwork.eu\\\/mt\\\/#organization\",\"name\":\"TNO\",\"alternateName\":\"This is a European wide voluntary action scheme\",\"url\":\"https:\\\/\\\/stopcarcinogensatwork.eu\\\/mt\\\/\",\"logo\":{\"@type\":\"ImageObject\",\"inLanguage\":\"mt-MT\",\"@id\":\"https:\\\/\\\/stopcarcinogensatwork.eu\\\/mt\\\/#\\\/schema\\\/logo\\\/image\\\/\",\"url\":\"https:\\\/\\\/stopcarcinogensatwork.eu\\\/wp-content\\\/uploads\\\/2024\\\/08\\\/cropped-FavLarge-1.png\",\"contentUrl\":\"https:\\\/\\\/stopcarcinogensatwork.eu\\\/wp-content\\\/uploads\\\/2024\\\/08\\\/cropped-FavLarge-1.png\",\"width\":512,\"height\":512,\"caption\":\"TNO\"},\"image\":{\"@id\":\"https:\\\/\\\/stopcarcinogensatwork.eu\\\/mt\\\/#\\\/schema\\\/logo\\\/image\\\/\"},\"publishingPrinciples\":\"https:\\\/\\\/stopcarcinogensatwork.eu\\\/homepage\\\/legal\\\/\",\"ownershipFundingInfo\":\"https:\\\/\\\/stopcarcinogensatwork.eu\\\/general\\\/about-us\\\/\"}]}<\/script>\n<!-- \/ Yoast SEO Premium plugin. -->","yoast_head_json":{"title":"T - Mi\u017curi tekni\u010bi - STOP carcinogens at work","description":"Every year, more than 100.000 people die in the EU from cancer caused by carcinogens at work. This must STOP!","robots":{"index":"index","follow":"follow","max-snippet":"max-snippet:-1","max-image-preview":"max-image-preview:large","max-video-preview":"max-video-preview:-1"},"canonical":"https:\/\/stopcarcinogensatwork.eu\/mt\/tghallem-dwar-l-istrategiji-bazici-ta-prevenzjoni\/t-mizuri-teknici\/","og_locale":"mt_MT","og_type":"article","og_title":"T - Mi\u017curi tekni\u010bi","og_description":"Every year, more than 100.000 people die in the EU from cancer caused by carcinogens at work. This must STOP!","og_url":"https:\/\/stopcarcinogensatwork.eu\/mt\/tghallem-dwar-l-istrategiji-bazici-ta-prevenzjoni\/t-mizuri-teknici\/","og_site_name":"STOP carcinogens at work","twitter_card":"summary_large_image","twitter_misc":{"Est. reading time":"3 minutes"},"schema":{"@context":"https:\/\/schema.org","@graph":[{"@type":"WebPage","@id":"https:\/\/stopcarcinogensatwork.eu\/mt\/tghallem-dwar-l-istrategiji-bazici-ta-prevenzjoni\/t-mizuri-teknici\/","url":"https:\/\/stopcarcinogensatwork.eu\/mt\/tghallem-dwar-l-istrategiji-bazici-ta-prevenzjoni\/t-mizuri-teknici\/","name":"T - Mi\u017curi tekni\u010bi - STOP carcinogens at work","isPartOf":{"@id":"https:\/\/stopcarcinogensatwork.eu\/mt\/#website"},"datePublished":"2024-02-17T16:45:26+00:00","description":"Every year, more than 100.000 people die in the EU from cancer caused by carcinogens at work. This must STOP!","breadcrumb":{"@id":"https:\/\/stopcarcinogensatwork.eu\/mt\/tghallem-dwar-l-istrategiji-bazici-ta-prevenzjoni\/t-mizuri-teknici\/#breadcrumb"},"inLanguage":"mt-MT","potentialAction":[{"@type":"ReadAction","target":["https:\/\/stopcarcinogensatwork.eu\/mt\/tghallem-dwar-l-istrategiji-bazici-ta-prevenzjoni\/t-mizuri-teknici\/"]}]},{"@type":"BreadcrumbList","@id":"https:\/\/stopcarcinogensatwork.eu\/mt\/tghallem-dwar-l-istrategiji-bazici-ta-prevenzjoni\/t-mizuri-teknici\/#breadcrumb","itemListElement":[{"@type":"ListItem","position":1,"name":"Home","item":"https:\/\/stopcarcinogensatwork.eu\/mt\/waqqaf-il-karcinogeni-fuq-il-post-tax-xoghol\/"},{"@type":"ListItem","position":2,"name":"Tg\u0127allem dwar l-istrate\u0121iji ba\u017ci\u010bi ta&#8217; prevenzjoni","item":"https:\/\/stopcarcinogensatwork.eu\/mt\/tghallem-dwar-l-istrategiji-bazici-ta-prevenzjoni\/"},{"@type":"ListItem","position":3,"name":"T &#8211; Mi\u017curi tekni\u010bi"}]},{"@type":"WebSite","@id":"https:\/\/stopcarcinogensatwork.eu\/mt\/#website","url":"https:\/\/stopcarcinogensatwork.eu\/mt\/","name":"STOP Carcinogens at work","description":"Every year, about 100.000 people die from cancer that was caused by exposure to carcinogens at work in Europe.","publisher":{"@id":"https:\/\/stopcarcinogensatwork.eu\/mt\/#organization"},"alternateName":"Roadmap on Carcinogens","potentialAction":[{"@type":"SearchAction","target":{"@type":"EntryPoint","urlTemplate":"https:\/\/stopcarcinogensatwork.eu\/mt\/?s={search_term_string}"},"query-input":{"@type":"PropertyValueSpecification","valueRequired":true,"valueName":"search_term_string"}}],"inLanguage":"mt-MT"},{"@type":"Organization","@id":"https:\/\/stopcarcinogensatwork.eu\/mt\/#organization","name":"TNO","alternateName":"This is a European wide voluntary action scheme","url":"https:\/\/stopcarcinogensatwork.eu\/mt\/","logo":{"@type":"ImageObject","inLanguage":"mt-MT","@id":"https:\/\/stopcarcinogensatwork.eu\/mt\/#\/schema\/logo\/image\/","url":"https:\/\/stopcarcinogensatwork.eu\/wp-content\/uploads\/2024\/08\/cropped-FavLarge-1.png","contentUrl":"https:\/\/stopcarcinogensatwork.eu\/wp-content\/uploads\/2024\/08\/cropped-FavLarge-1.png","width":512,"height":512,"caption":"TNO"},"image":{"@id":"https:\/\/stopcarcinogensatwork.eu\/mt\/#\/schema\/logo\/image\/"},"publishingPrinciples":"https:\/\/stopcarcinogensatwork.eu\/homepage\/legal\/","ownershipFundingInfo":"https:\/\/stopcarcinogensatwork.eu\/general\/about-us\/"}]}},"_links":{"self":[{"href":"https:\/\/stopcarcinogensatwork.eu\/mt\/wp-json\/wp\/v2\/pages\/85446","targetHints":{"allow":["GET"]}}],"collection":[{"href":"https:\/\/stopcarcinogensatwork.eu\/mt\/wp-json\/wp\/v2\/pages"}],"about":[{"href":"https:\/\/stopcarcinogensatwork.eu\/mt\/wp-json\/wp\/v2\/types\/page"}],"author":[{"embeddable":true,"href":"https:\/\/stopcarcinogensatwork.eu\/mt\/wp-json\/wp\/v2\/users\/1"}],"replies":[{"embeddable":true,"href":"https:\/\/stopcarcinogensatwork.eu\/mt\/wp-json\/wp\/v2\/comments?post=85446"}],"version-history":[{"count":0,"href":"https:\/\/stopcarcinogensatwork.eu\/mt\/wp-json\/wp\/v2\/pages\/85446\/revisions"}],"up":[{"embeddable":true,"href":"https:\/\/stopcarcinogensatwork.eu\/mt\/wp-json\/wp\/v2\/pages\/85280"}],"wp:attachment":[{"href":"https:\/\/stopcarcinogensatwork.eu\/mt\/wp-json\/wp\/v2\/media?parent=85446"}],"curies":[{"name":"wp","href":"https:\/\/api.w.org\/{rel}","templated":true}]}}