{"id":85447,"date":"2024-03-06T08:45:07","date_gmt":"2024-03-06T08:45:07","guid":{"rendered":"https:\/\/stopcarcinogensatwork.eu\/tghallem-dwar-l-istrategiji-bazici-ta-prevenzjoni\/s-sostituzzjoni\/"},"modified":"2024-03-06T08:45:07","modified_gmt":"2024-03-06T08:45:07","slug":"s-sostituzzjoni","status":"publish","type":"page","link":"https:\/\/stopcarcinogensatwork.eu\/mt\/tghallem-dwar-l-istrategiji-bazici-ta-prevenzjoni\/s-sostituzzjoni\/","title":{"rendered":"S &#8211; Sostituzzjoni"},"content":{"rendered":"<blockquote><p>Il-prin\u010bipju STOP jiddeskrivi l-ordni ta\u2019 prijorit\u00e0 tal-mi\u017curi protettivi. Min i\u0127addem g\u0127andu josserva din l-ordni ta\u2019 prijorit\u00e0 meta jiddetermina u japplika mi\u017curi protettivi. Hawnhekk se niffokaw fuq l-ewwel livell, S g\u0127as-sostituzzjoni. Jekk jog\u0127\u0121bok ikkunsidra S l-ewwel. Innota wkoll li tista\u2019 tintu\u017ca ta\u0127lita ta\u2019 mi\u017curi.    <\/p><\/blockquote>\n<p>Is-sostituzzjoni tal-kar\u010bino\u0121eni tista&#8217; tkun ta&#8217; sfida. Je\u0127tie\u0121 li tkun disponibbli u fattibbli alternattiva teknikament ekwivalenti. Ir-riskju mill-alternattiva jrid ikun aktar baxx milli mill-kar\u010bino\u0121enu sostitwit. Jekk evalwazzjoni ma tippermettix li \u010bertu kar\u010bino\u0121enu ji\u0121i sostitwit, ir-ra\u0121unijiet je\u0127tie\u0121 li ji\u0121u dokumentati b&#8217;mod trasparenti.   <\/p>\n<p>B&#8217;mod \u0121enerali, sostituzzjoni b&#8217;su\u010b\u010bess tnaqqas ir-riskji g\u0127all-impjegati u toffri lill-impjegaturi l-implimentazzjoni ta&#8217; mi\u017curi ta&#8217; \u0121estjoni tar-riskju inqas impenjattivi. Meta ti\u0121i eliminata kompletament l-espo\u017cizzjoni g\u0127al kar\u010bino\u0121enu, ma jkun hemm l-ebda \u0127tie\u0121a ta&#8217; re\u0121istru tal-espo\u017cizzjoni u lanqas li dan jin\u0127a\u017cen sa 40 sena. Dan jista&#8217; jnaqqas l-ispejje\u017c, e\u017c. g\u0127at-tag\u0127mir tas-sigurt\u00e0, l-iskart, l-e\u017cami mediku. Fuq kollox, is-sostituzzjoni tibbenefika s-sa\u0127\u0127a tal-\u0127addiema.   <\/p>\n<p>Meta tkun qed tivvaluta s-sostituzzjoni,<\/p>\n<ul>\n<li>I\u010b\u010bekkja l-obbligi legali li jistg\u0127u jirrestrin\u0121u jew jillimitaw l-u\u017cu tal-kar\u010bino\u0121enu. E\u017cempju wie\u0127ed huwa l-awtorizzazzjoni skont REACH. <\/li>\n<li>Identifika l-kar\u010bino\u0121eni bl-og\u0127la riskju fuq il-post tax-xog\u0127ol u kkunsidrahom l-ewwel.<\/li>\n<li>Sib jekk il-kar\u010bino\u0121enu u\u017cat g\u0127andux funzjoni fit-ta\u0127lita jew l-o\u0121\u0121ett finali. Jekk iva, dawn il-kar\u010bino\u0121eni \u0121eneralment ikunu aktar diffi\u010bli biex ji\u0121u sostitwiti u jistg\u0127u je\u0127tie\u0121u disinn mill-\u0121did tat-ta\u0127lita jew l-o\u0121\u0121ett tieg\u0127ek jew bidliet aktar estensivi fil-pro\u010bess kollu tal-produzzjoni. <\/li>\n<li>Skopri liema kriterji verament je\u0127tie\u0121 il-klijent tieg\u0127ek u fejn dawn il-kriterji huma flessibbli biex jippermettu bidliet.<\/li>\n<li>Stabbilixxi kriterji g\u0127as-sostituzzjoni, li huma rilevanti g\u0127alik u g\u0127an-negozju tieg\u0127ek. Kun konxju li alternattiva ferm aktar sigura m&#8217;g\u0127andhiex ti\u0121i injorata sempli\u010bement min\u0127abba l-ispejje\u017c. <\/li>\n<li>Identifika min je\u0127tie\u0121 li jkun involut fil-katina tal-provvista tieg\u0127ek.<\/li>\n<li>I\u0121bor informazzjoni dwar alternattivi disponibbli u \u0127u de\u010bi\u017cjonijiet infurmati. Jista\u2019 jkun li di\u0121\u00e0 hemm soluzzjonijiet disponibbli. <\/li>\n<li>Ikkunsidra aspetti ta&#8217; sostenibbilt\u00e0, e\u017c. l-impronta tal-karbonju, l-emissjoni ta&#8217; gassijiet serra, ir-ri\u010biklabbilt\u00e0, li qed isiru dejjem aktar importanti.<\/li>\n<li>Alternattiva m&#8217;g\u0127andhiex g\u0127alfejn tkun soluzzjoni universali. Minflok, ikkunsidra l-kombinazzjoni ta&#8217; diversi tipi ta&#8217; mi\u017curi. <\/li>\n<\/ul>\n<h2>Xi mi\u017curi li g\u0127andek tikkunsidra<\/h2>\n<h3>Sustanzi jew ta\u0127litiet alternattivi<\/h3>\n<p>Spiss is-sostituzzjoni b&#8217;sustanza jew ta\u0127lita alternattiva hija aktar fa\u010bli biex ti\u0121i implimentata fi pro\u010bessi ta&#8217; produzzjoni di\u0121\u00e0 stabbiliti u tista&#8217; te\u0127tie\u0121 biss a\u0121\u0121ustamenti \u017cg\u0127ar. Madankollu, evita sostituzzjoni ta&#8217; dispja\u010bir billi tissostitwixxi b&#8217;alternattivi fl-istess grupp kimiku u bi profil tossikolo\u0121iku simili. Informazzjoni dwar il-proprjetajiet kimi\u010bi, ji\u0121ifieri l-pressjoni tal-fwar, u l-klassifikazzjoni hija disponibbli fl-iskeda tad-dejta tas-sigurt\u00e0 mill-fornitur tieg\u0127ek u f&#8217;databases kimi\u010bi ddedikati, e\u017c. mill-ECHA.  <\/p>\n<p>E\u017cempju: kromju (III) minflok kromju (VI) fit-trattament tal-wi\u010b\u010b ta&#8217; kisi dekorattiv bil-kromu.<\/p>\n<h3>Alternattivi tekni\u010bi<\/h3>\n<p>Alternattivi tekni\u010bi jiksbu l-istess ri\u017cultat bi pro\u010bess differenti. Pere\u017cempju, bl-u\u017cu ta\u2019 pro\u010bess fi\u017ciku minflok pro\u010bess kimiku. Bidliet fil-pro\u010bessi spiss je\u0127tie\u0121u l-applikazzjoni ta\u2019 sustanzi alternattivi. Il-proprjetajiet tal-prodott jew materjal finali jistg\u0127u jinbidlu wkoll.   <\/p>\n<p>E\u017cempju: depo\u017cizzjoni fi\u017cika tal-fwar (PVD) minflok kisi bil-kromju bil-kromju (VI) g\u0127al \u010berti u\u017ci.<\/p>\n<h3>Alternattivi funzjonali<\/h3>\n<p>Li tiffoka fuq il-funzjoni fit-ta\u0127lita jew l-o\u0121\u0121ett finali jista&#8217; jg\u0127in biex ti\u0121i kkunsidrata firxa usa&#8217; ta&#8217; alternattivi i\u017cda jista&#8217; jkun je\u0127tie\u0121 tfassil mill-\u0121did. Funzjoni spe\u010bifika tista&#8217; titwassal b&#8217;alternattiva sakemm tkun plaw\u017cibbli u fattibbli. <\/p>\n<p>E\u017cempju: is-sostituzzjoni tat-trattament tal-wi\u010b\u010b bil-kromju (VI) permezz tal-protezzjoni tal-wi\u010b\u010b b&#8217;xama&#8217; jew lustrar, li jipprevjeni l-korru\u017cjoni rapida bl-espo\u017cizzjoni g\u0127all-ossi\u0121nu u l-ilma.<\/p>\n","protected":false},"excerpt":{"rendered":"<p>Il-prin\u010bipju STOP jiddeskrivi l-ordni ta\u2019 prijorit\u00e0 tal-mi\u017curi protettivi. Min i\u0127addem g\u0127andu josserva din l-ordni ta\u2019 prijorit\u00e0 meta jiddetermina u japplika mi\u017curi protettivi. Hawnhekk se niffokaw fuq l-ewwel livell, S g\u0127as-sostituzzjoni. Jekk jog\u0127\u0121bok ikkunsidra S l-ewwel. Innota wkoll li tista\u2019 tintu\u017ca ta\u0127lita ta\u2019 mi\u017curi. Is-sostituzzjoni tal-kar\u010bino\u0121eni tista&#8217; tkun ta&#8217; sfida. Je\u0127tie\u0121 li tkun disponibbli u fattibbli [&hellip;]<\/p>\n","protected":false},"author":1,"featured_media":0,"parent":85280,"menu_order":0,"comment_status":"closed","ping_status":"closed","template":"","meta":{"inline_featured_image":false,"footnotes":""},"class_list":["post-85447","page","type-page","status-publish","hentry"],"yoast_head":"<!-- This site is optimized with the Yoast SEO Premium plugin v27.0 (Yoast SEO v27.4) - https:\/\/yoast.com\/product\/yoast-seo-premium-wordpress\/ -->\n<title>S - Sostituzzjoni - STOP carcinogens at work<\/title>\n<meta name=\"description\" content=\"Every year, more than 100.000 people die in the EU from cancer caused by carcinogens at work. This must STOP!\" \/>\n<meta name=\"robots\" content=\"index, follow, max-snippet:-1, max-image-preview:large, max-video-preview:-1\" \/>\n<link rel=\"canonical\" href=\"https:\/\/stopcarcinogensatwork.eu\/mt\/tghallem-dwar-l-istrategiji-bazici-ta-prevenzjoni\/s-sostituzzjoni\/\" \/>\n<meta property=\"og:locale\" content=\"mt_MT\" \/>\n<meta property=\"og:type\" content=\"article\" \/>\n<meta property=\"og:title\" content=\"S - Sostituzzjoni\" \/>\n<meta property=\"og:description\" content=\"Every year, more than 100.000 people die in the EU from cancer caused by carcinogens at work. This must STOP!\" \/>\n<meta property=\"og:url\" content=\"https:\/\/stopcarcinogensatwork.eu\/mt\/tghallem-dwar-l-istrategiji-bazici-ta-prevenzjoni\/s-sostituzzjoni\/\" \/>\n<meta property=\"og:site_name\" content=\"STOP carcinogens at work\" \/>\n<meta name=\"twitter:card\" content=\"summary_large_image\" \/>\n<meta name=\"twitter:label1\" content=\"Est. reading time\" \/>\n\t<meta name=\"twitter:data1\" content=\"3 minutes\" \/>\n<script type=\"application\/ld+json\" class=\"yoast-schema-graph\">{\"@context\":\"https:\\\/\\\/schema.org\",\"@graph\":[{\"@type\":\"WebPage\",\"@id\":\"https:\\\/\\\/stopcarcinogensatwork.eu\\\/mt\\\/tghallem-dwar-l-istrategiji-bazici-ta-prevenzjoni\\\/s-sostituzzjoni\\\/\",\"url\":\"https:\\\/\\\/stopcarcinogensatwork.eu\\\/mt\\\/tghallem-dwar-l-istrategiji-bazici-ta-prevenzjoni\\\/s-sostituzzjoni\\\/\",\"name\":\"S - Sostituzzjoni - STOP carcinogens at work\",\"isPartOf\":{\"@id\":\"https:\\\/\\\/stopcarcinogensatwork.eu\\\/mt\\\/#website\"},\"datePublished\":\"2024-03-06T08:45:07+00:00\",\"description\":\"Every year, more than 100.000 people die in the EU from cancer caused by carcinogens at work. This must STOP!\",\"breadcrumb\":{\"@id\":\"https:\\\/\\\/stopcarcinogensatwork.eu\\\/mt\\\/tghallem-dwar-l-istrategiji-bazici-ta-prevenzjoni\\\/s-sostituzzjoni\\\/#breadcrumb\"},\"inLanguage\":\"mt-MT\",\"potentialAction\":[{\"@type\":\"ReadAction\",\"target\":[\"https:\\\/\\\/stopcarcinogensatwork.eu\\\/mt\\\/tghallem-dwar-l-istrategiji-bazici-ta-prevenzjoni\\\/s-sostituzzjoni\\\/\"]}]},{\"@type\":\"BreadcrumbList\",\"@id\":\"https:\\\/\\\/stopcarcinogensatwork.eu\\\/mt\\\/tghallem-dwar-l-istrategiji-bazici-ta-prevenzjoni\\\/s-sostituzzjoni\\\/#breadcrumb\",\"itemListElement\":[{\"@type\":\"ListItem\",\"position\":1,\"name\":\"Home\",\"item\":\"https:\\\/\\\/stopcarcinogensatwork.eu\\\/mt\\\/waqqaf-il-karcinogeni-fuq-il-post-tax-xoghol\\\/\"},{\"@type\":\"ListItem\",\"position\":2,\"name\":\"Tg\u0127allem dwar l-istrate\u0121iji ba\u017ci\u010bi ta&#8217; prevenzjoni\",\"item\":\"https:\\\/\\\/stopcarcinogensatwork.eu\\\/mt\\\/tghallem-dwar-l-istrategiji-bazici-ta-prevenzjoni\\\/\"},{\"@type\":\"ListItem\",\"position\":3,\"name\":\"S &#8211; Sostituzzjoni\"}]},{\"@type\":\"WebSite\",\"@id\":\"https:\\\/\\\/stopcarcinogensatwork.eu\\\/mt\\\/#website\",\"url\":\"https:\\\/\\\/stopcarcinogensatwork.eu\\\/mt\\\/\",\"name\":\"STOP Carcinogens at work\",\"description\":\"Every year, about 100.000 people die from cancer that was caused by exposure to carcinogens at work in Europe.\",\"publisher\":{\"@id\":\"https:\\\/\\\/stopcarcinogensatwork.eu\\\/mt\\\/#organization\"},\"alternateName\":\"Roadmap on Carcinogens\",\"potentialAction\":[{\"@type\":\"SearchAction\",\"target\":{\"@type\":\"EntryPoint\",\"urlTemplate\":\"https:\\\/\\\/stopcarcinogensatwork.eu\\\/mt\\\/?s={search_term_string}\"},\"query-input\":{\"@type\":\"PropertyValueSpecification\",\"valueRequired\":true,\"valueName\":\"search_term_string\"}}],\"inLanguage\":\"mt-MT\"},{\"@type\":\"Organization\",\"@id\":\"https:\\\/\\\/stopcarcinogensatwork.eu\\\/mt\\\/#organization\",\"name\":\"TNO\",\"alternateName\":\"This is a European wide voluntary action scheme\",\"url\":\"https:\\\/\\\/stopcarcinogensatwork.eu\\\/mt\\\/\",\"logo\":{\"@type\":\"ImageObject\",\"inLanguage\":\"mt-MT\",\"@id\":\"https:\\\/\\\/stopcarcinogensatwork.eu\\\/mt\\\/#\\\/schema\\\/logo\\\/image\\\/\",\"url\":\"https:\\\/\\\/stopcarcinogensatwork.eu\\\/wp-content\\\/uploads\\\/2024\\\/08\\\/cropped-FavLarge-1.png\",\"contentUrl\":\"https:\\\/\\\/stopcarcinogensatwork.eu\\\/wp-content\\\/uploads\\\/2024\\\/08\\\/cropped-FavLarge-1.png\",\"width\":512,\"height\":512,\"caption\":\"TNO\"},\"image\":{\"@id\":\"https:\\\/\\\/stopcarcinogensatwork.eu\\\/mt\\\/#\\\/schema\\\/logo\\\/image\\\/\"},\"publishingPrinciples\":\"https:\\\/\\\/stopcarcinogensatwork.eu\\\/homepage\\\/legal\\\/\",\"ownershipFundingInfo\":\"https:\\\/\\\/stopcarcinogensatwork.eu\\\/general\\\/about-us\\\/\"}]}<\/script>\n<!-- \/ Yoast SEO Premium plugin. -->","yoast_head_json":{"title":"S - Sostituzzjoni - STOP carcinogens at work","description":"Every year, more than 100.000 people die in the EU from cancer caused by carcinogens at work. This must STOP!","robots":{"index":"index","follow":"follow","max-snippet":"max-snippet:-1","max-image-preview":"max-image-preview:large","max-video-preview":"max-video-preview:-1"},"canonical":"https:\/\/stopcarcinogensatwork.eu\/mt\/tghallem-dwar-l-istrategiji-bazici-ta-prevenzjoni\/s-sostituzzjoni\/","og_locale":"mt_MT","og_type":"article","og_title":"S - Sostituzzjoni","og_description":"Every year, more than 100.000 people die in the EU from cancer caused by carcinogens at work. This must STOP!","og_url":"https:\/\/stopcarcinogensatwork.eu\/mt\/tghallem-dwar-l-istrategiji-bazici-ta-prevenzjoni\/s-sostituzzjoni\/","og_site_name":"STOP carcinogens at work","twitter_card":"summary_large_image","twitter_misc":{"Est. reading time":"3 minutes"},"schema":{"@context":"https:\/\/schema.org","@graph":[{"@type":"WebPage","@id":"https:\/\/stopcarcinogensatwork.eu\/mt\/tghallem-dwar-l-istrategiji-bazici-ta-prevenzjoni\/s-sostituzzjoni\/","url":"https:\/\/stopcarcinogensatwork.eu\/mt\/tghallem-dwar-l-istrategiji-bazici-ta-prevenzjoni\/s-sostituzzjoni\/","name":"S - Sostituzzjoni - STOP carcinogens at work","isPartOf":{"@id":"https:\/\/stopcarcinogensatwork.eu\/mt\/#website"},"datePublished":"2024-03-06T08:45:07+00:00","description":"Every year, more than 100.000 people die in the EU from cancer caused by carcinogens at work. This must STOP!","breadcrumb":{"@id":"https:\/\/stopcarcinogensatwork.eu\/mt\/tghallem-dwar-l-istrategiji-bazici-ta-prevenzjoni\/s-sostituzzjoni\/#breadcrumb"},"inLanguage":"mt-MT","potentialAction":[{"@type":"ReadAction","target":["https:\/\/stopcarcinogensatwork.eu\/mt\/tghallem-dwar-l-istrategiji-bazici-ta-prevenzjoni\/s-sostituzzjoni\/"]}]},{"@type":"BreadcrumbList","@id":"https:\/\/stopcarcinogensatwork.eu\/mt\/tghallem-dwar-l-istrategiji-bazici-ta-prevenzjoni\/s-sostituzzjoni\/#breadcrumb","itemListElement":[{"@type":"ListItem","position":1,"name":"Home","item":"https:\/\/stopcarcinogensatwork.eu\/mt\/waqqaf-il-karcinogeni-fuq-il-post-tax-xoghol\/"},{"@type":"ListItem","position":2,"name":"Tg\u0127allem dwar l-istrate\u0121iji ba\u017ci\u010bi ta&#8217; prevenzjoni","item":"https:\/\/stopcarcinogensatwork.eu\/mt\/tghallem-dwar-l-istrategiji-bazici-ta-prevenzjoni\/"},{"@type":"ListItem","position":3,"name":"S &#8211; Sostituzzjoni"}]},{"@type":"WebSite","@id":"https:\/\/stopcarcinogensatwork.eu\/mt\/#website","url":"https:\/\/stopcarcinogensatwork.eu\/mt\/","name":"STOP Carcinogens at work","description":"Every year, about 100.000 people die from cancer that was caused by exposure to carcinogens at work in Europe.","publisher":{"@id":"https:\/\/stopcarcinogensatwork.eu\/mt\/#organization"},"alternateName":"Roadmap on Carcinogens","potentialAction":[{"@type":"SearchAction","target":{"@type":"EntryPoint","urlTemplate":"https:\/\/stopcarcinogensatwork.eu\/mt\/?s={search_term_string}"},"query-input":{"@type":"PropertyValueSpecification","valueRequired":true,"valueName":"search_term_string"}}],"inLanguage":"mt-MT"},{"@type":"Organization","@id":"https:\/\/stopcarcinogensatwork.eu\/mt\/#organization","name":"TNO","alternateName":"This is a European wide voluntary action scheme","url":"https:\/\/stopcarcinogensatwork.eu\/mt\/","logo":{"@type":"ImageObject","inLanguage":"mt-MT","@id":"https:\/\/stopcarcinogensatwork.eu\/mt\/#\/schema\/logo\/image\/","url":"https:\/\/stopcarcinogensatwork.eu\/wp-content\/uploads\/2024\/08\/cropped-FavLarge-1.png","contentUrl":"https:\/\/stopcarcinogensatwork.eu\/wp-content\/uploads\/2024\/08\/cropped-FavLarge-1.png","width":512,"height":512,"caption":"TNO"},"image":{"@id":"https:\/\/stopcarcinogensatwork.eu\/mt\/#\/schema\/logo\/image\/"},"publishingPrinciples":"https:\/\/stopcarcinogensatwork.eu\/homepage\/legal\/","ownershipFundingInfo":"https:\/\/stopcarcinogensatwork.eu\/general\/about-us\/"}]}},"_links":{"self":[{"href":"https:\/\/stopcarcinogensatwork.eu\/mt\/wp-json\/wp\/v2\/pages\/85447","targetHints":{"allow":["GET"]}}],"collection":[{"href":"https:\/\/stopcarcinogensatwork.eu\/mt\/wp-json\/wp\/v2\/pages"}],"about":[{"href":"https:\/\/stopcarcinogensatwork.eu\/mt\/wp-json\/wp\/v2\/types\/page"}],"author":[{"embeddable":true,"href":"https:\/\/stopcarcinogensatwork.eu\/mt\/wp-json\/wp\/v2\/users\/1"}],"replies":[{"embeddable":true,"href":"https:\/\/stopcarcinogensatwork.eu\/mt\/wp-json\/wp\/v2\/comments?post=85447"}],"version-history":[{"count":0,"href":"https:\/\/stopcarcinogensatwork.eu\/mt\/wp-json\/wp\/v2\/pages\/85447\/revisions"}],"up":[{"embeddable":true,"href":"https:\/\/stopcarcinogensatwork.eu\/mt\/wp-json\/wp\/v2\/pages\/85280"}],"wp:attachment":[{"href":"https:\/\/stopcarcinogensatwork.eu\/mt\/wp-json\/wp\/v2\/media?parent=85447"}],"curies":[{"name":"wp","href":"https:\/\/api.w.org\/{rel}","templated":true}]}}