{"id":85453,"date":"2024-03-06T10:59:51","date_gmt":"2024-03-06T10:59:51","guid":{"rendered":"https:\/\/stopcarcinogensatwork.eu\/tghallem-dwar-l-istrategiji-bazici-ta-prevenzjoni\/p-protezzjoni-personali\/"},"modified":"2025-10-28T13:58:24","modified_gmt":"2025-10-28T13:58:24","slug":"p-protezzjoni-personali","status":"publish","type":"page","link":"https:\/\/stopcarcinogensatwork.eu\/mt\/tghallem-dwar-l-istrategiji-bazici-ta-prevenzjoni\/p-protezzjoni-personali\/","title":{"rendered":"P &#8211; Protezzjoni personali"},"content":{"rendered":"<blockquote><p>STOP isegwi \u0121erarkija ta&#8217; kontroll. G\u0127al kar\u010bino\u0121eni, pass &#8216;l isfel fil-\u0121erarkija huwa permess biss meta l-limitazzjonijiet tekni\u010bi jipprevjenuk milli telimina l-espo\u017cizzjoni g\u0127alkollox. Hawnhekk se niffukaw fuq P g\u0127all-protezzjoni personali. Jekk jog\u0127\u0121bok ikkunsidra S, T u O qabel P. Innota wkoll li tista&#8217; tintu\u017ca ta\u0127lita ta&#8217; mi\u017curi.   <\/p><\/blockquote>\n<p>Xi kultant is-sostituzzjoni ma tkunx possibbli u l-mi\u017curi tekni\u010bi u organizzattivi ma jkunux bi\u017c\u017cejjed biex inaqqsu l-livelli ta&#8217; espo\u017cizzjoni. Imbag\u0127ad ikollok b\u017conn tu\u017ca protezzjoni personali. It-tag\u0127mir protettiv personali (PPE) jg\u0127in biex i\u017comm il-kar\u010bino\u0121eni &#8216;l bog\u0127od mill-pulmuni, il-\u0121ilda u l-g\u0127ajnejn. Il-PPE jista&#8217; jintu\u017ca biss b\u0127ala suppliment g\u0127al mi\u017curi og\u0127la fil-\u0121erarkija u jitqies b\u0127ala l-a\u0127\u0127ar g\u0127a\u017cla.   <\/p>\n<p>Il-PPE huwa kwalunkwe tag\u0127mir iddisinjat u manifatturat biex jintlibes jew jin\u017camm minn persuna g\u0127all-protezzjoni kontra riskju wie\u0127ed jew aktar g\u0127as-sa\u0127\u0127a jew is-sigurt\u00e0 ta\u2019 dik il-persuna.<\/p>\n<p>X&#8217;g\u0127andu ji\u0121i kkunsidrat meta tag\u0127\u017cel il-PPE:<\/p>\n<ul>\n<li>Il-proprjetajiet perikolu\u017ci tal-kar\u010bino\u0121eni pre\u017centi fuq il-post tax-xog\u0127ol<\/li>\n<li>L-informazzjoni dwar il-PPE disponibbli fuq skedi ta&#8217; dejta dwar is-sigurt\u00e0<\/li>\n<li>Ir-ri\u017cultati tal-evalwazzjoni tar-riskju fuq il-post tax-xog\u0127ol<\/li>\n<li>Il-karatteristi\u010bi individwali tal-\u0127addiem, e\u017c. it-tul tal-\u0121isem, id-daqs ta\u017c-\u017carbun<\/li>\n<\/ul>\n<p>L-u\u017cu tal-PPE xieraq g\u0127all-kar\u010bino\u0121eni pre\u017centi fuq il-post tax-xog\u0127ol huwa essenzjali. \u017bomm f&#8217;mo\u0127\u0127ok li \u0127afna drabi jkun me\u0127tie\u0121 aktar minn PPE wie\u0127ed. <\/p>\n<h2>L-g\u0127a\u017cla tal-PPE xieraq<\/h2>\n<h3>Linji gwida ba\u017ci\u010bi<\/h3>\n<p>Min i\u0127addem g\u0127andu jiggarantixxi li l-PPE huwa adattat biex inaqqas ir-riskji relatati max-xog\u0127ol involuti, filwaqt li jqis in-natura, il-frekwenza u t-tul ta&#8217; \u017cmien tal-espo\u017cizzjoni. Meta jag\u0127mlu dan, je\u0127tie\u0121 li jikkunsidraw il-fattur ta&#8217; protezzjoni adegwat u \u017c-\u017cieda potenzjali f&#8217;riskji o\u0127ra relatati max-xog\u0127ol. <\/p>\n<p>Il-PPE g\u0127andu joqg\u0127od sew mal-utent ma\u0127sub sabiex ikun effettiv (kun konxju li x-xag\u0127ar tal-wi\u010b\u010b jista&#8217; jikkomprometti l-qag\u0127da u l-funzjoni xierqa). L-ergonomija u l-aller\u0121iji tal-\u0127addiema (e\u017c. latex) g\u0127andhom jitqiesu wkoll. Barra minn hekk, trid tikkunsidra ta\u0127t liema kundizzjonijiet se jintu\u017caw, sabiex tidde\u010biedi skont dan.  <\/p>\n<p>Kun \u017cgur li tinvolvi lill-\u0127addiema tieg\u0127ek meta tag\u0127\u017cel l-aktar PPE adegwat. PPE komdu u mwa\u0127\u0127al sew jag\u0127milha aktar fa\u010bli g\u0127all-\u0127addiema biex ju\u017cawh. <\/p>\n<p>Il-PPE je\u0127tie\u0121 li jkollu l-marka CE biex jindika li huwa konformi mal-le\u0121i\u017clazzjoni tal-UE.<\/p>\n<p>Min i\u0127addem je\u0127tie\u0121 li ji\u017cgura li l-\u0127addiema jkunu konxji ta\u2019 liema protezzjoni personali je\u0127tie\u0121u ju\u017caw f\u2019kull wie\u0127ed mill-kompiti tag\u0127hom, u kif ju\u017cawha kif suppost.<\/p>\n<h3>Tindif, \u0127a\u017cna u manutenzjoni<\/h3>\n<p>F&#8217;\u017coni tax-xog\u0127ol fejn huwa me\u0127tie\u0121 l-u\u017cu tal-PPE trid ti\u017cgura li:<\/p>\n<ul>\n<li>Hemm postijiet separati g\u0127all-\u0127a\u017cna g\u0127all-\u0127wejje\u0121 tax-xog\u0127ol jew protettivi u g\u0127all-\u0127wejje\u0121 tat-triq.<\/li>\n<li>It-tag\u0127mir protettiv g\u0127andu ji\u0121i \u010b\u010bekkjat u mnaddaf wara kull u\u017cu u ma\u0127\u017cun kif suppost f&#8217;post definit sew.<\/li>\n<li>Tag\u0127mir difettu\u017c jissewwa jew jinbidel qabel ma jer\u0121a&#8217; jintu\u017ca<\/li>\n<li>Jekk il-PPE se jer\u0121a&#8217; jintu\u017ca, g\u0127andu jkun fa\u010bli biex jitnaddaf u\/jew ji\u0121i di\u017cinfettat.<\/li>\n<\/ul>\n<p>Il-politiki interni g\u0127andhom jistabbilixxu l-pro\u010beduri li l-\u0127addiema jridu jikkonformaw mag\u0127hom rigward it-tag\u0127mir protettiv li je\u0127tie\u0121u, ji\u0121ifieri dwar kif ju\u017cawh, inaddfuh, i\u017commuh u ja\u0127\u017cnuh b&#8217;mod korrett.<\/p>\n<h3>Spe\u010bifika l-PPE<\/h3>\n<p>Ir-ri\u017cultati tal-evalwazzjoni tar-riskju fuq il-post tax-xog\u0127ol u l-istruzzjonijiet tal-\u0127addiema je\u0127tie\u0121 li jiddikjaraw b&#8217;mod \u010bar liema PPE g\u0127andu jintu\u017ca mill-\u0127addiema g\u0127al kull kompitu, li jfisser li jindika b&#8217;mod \u010bar il-livell ta&#8217; protezzjoni ta&#8217; kull PPE u l-ispe\u010bifikazzjonijiet tekni\u010bi tag\u0127hom. Mhuwiex bi\u017c\u017cejjed li jissemma vagament li pere\u017cempju l-ingwanti g\u0127andhom jintu\u017caw f&#8217;kompitu partikolari, je\u0127tie\u0121 li jissemma t-tip ta&#8217; ingwanta li g\u0127andha tintu\u017ca. <\/p>\n<h3>  Pariri pratti\u010bi<\/h3>\n<ul>\n<li>Kun \u017cgur li l-PPE li jintu\u017ca darba biss ma jer\u0121ax jintu\u017ca<\/li>\n<li>\u017bomm it-tipi differenti ta&#8217; PPE (ingwanti, maskri, e\u010b\u010b.) g\u0127all-minimu biex i\u017c\u017cid il-konformit\u00e0 &#8211; tista&#8217; tintu\u017ca sistema kkodifikata bil-kulur<\/li>\n<li>Kun \u017cgur li l-PPE jaqbel sew mad-daqs ta\u2019 kull \u0127addiem \u2013 PPE ma\u0127lul jista\u2019 j\u017cid ir-riskju ta\u2019 espo\u017cizzjoni u in\u010bidenti, e\u017c. jekk ikun hemm partijiet li jduru fil-makkinarju<\/li>\n<li>Il-\u0127idma bil-PPE (e\u017c. protezzjoni respiratorja) tista\u2019 tkun impenjattiva u stressanti g\u0127all-\u0127addiema \u2013 ikkunsidra soluzzjonijiet differenti meta tag\u0127\u017cel il-PPE xieraq (e\u017c. l-u\u017cu ta\u2019 respiratur li jippurifika l-arja bil-mutur minflok maskri bil-filtru)<\/li>\n<li>Il-kompo\u017cizzjoni tal-materjal u l-pi\u017c tal-PPE g\u0127andhom jitqiesu wkoll matul il-pro\u010bess tal-g\u0127a\u017cla (e\u017c. ippreferi fibri naturali, evita stivali tax-xog\u0127ol tqal)<\/li>\n<li>Meta tne\u0127\u0127i l-PPE segwi l-pro\u010beduri xierqa biex tevita l-kontaminazzjoni \u2013 ji\u0121ifieri kif tne\u0127\u0127ih b&#8217;mod korrett, f&#8217;liema ordni u kif ta\u0127\u017cinh (e\u017c. ne\u0127\u0127i l-\u0127wejje\u0121 protettivi qabel ma tne\u0127\u0127i t-tag\u0127mir respiratorju protettiv (RPE), a\u0127\u017cen l-RPE &#8216;l fuq mill-\u0127wejje\u0121 u bil-ftu\u0127 i\u0127ares &#8216;l isfel).<\/li>\n<li>B&#8217;mod \u0121enerali, il-PPE m&#8217;g\u0127andux jittie\u0127ed id-dar \u2013 kun konxju li l-PPE kkontaminat (e\u017c. \u0127wejje\u0121, stivali) jista&#8217; potenzjalment jag\u0127mel \u0127sara lill-membri tal-familja tieg\u0127ek<\/li>\n<li>L-ispi\u017ca finali tal-PPE tinkludi mhux biss il-prezz tax-xiri, i\u017cda wkoll in-numru ta&#8217; drabi li jkun je\u0127tie\u0121 li ji\u0121i mibdul.<\/li>\n<li>Ikkunsidra li tilbes ingwanti tal-qoton ta\u0127t ingwanti protettivi biex tnaqqas it-traspirazzjoni, jekk me\u0127tie\u0121<\/li>\n<li>U ftakar, daqs wie\u0127ed mhux tajjeb g\u0127all-\u0127addiema kollha!<\/li>\n<\/ul>\n","protected":false},"excerpt":{"rendered":"<p>STOP isegwi \u0121erarkija ta&#8217; kontroll. G\u0127al kar\u010bino\u0121eni, pass &#8216;l isfel fil-\u0121erarkija huwa permess biss meta l-limitazzjonijiet tekni\u010bi jipprevjenuk milli telimina l-espo\u017cizzjoni g\u0127alkollox. Hawnhekk se niffukaw fuq P g\u0127all-protezzjoni personali. Jekk jog\u0127\u0121bok ikkunsidra S, T u O qabel P. Innota wkoll li tista&#8217; tintu\u017ca ta\u0127lita ta&#8217; mi\u017curi. Xi kultant is-sostituzzjoni ma tkunx possibbli u l-mi\u017curi tekni\u010bi [&hellip;]<\/p>\n","protected":false},"author":1,"featured_media":0,"parent":85280,"menu_order":0,"comment_status":"closed","ping_status":"closed","template":"","meta":{"inline_featured_image":false,"footnotes":""},"class_list":["post-85453","page","type-page","status-publish","hentry"],"yoast_head":"<!-- This site is optimized with the Yoast SEO Premium plugin v27.0 (Yoast SEO v27.4) - https:\/\/yoast.com\/product\/yoast-seo-premium-wordpress\/ -->\n<title>P - Protezzjoni personali - STOP carcinogens at work<\/title>\n<meta name=\"description\" content=\"Every year, more than 100.000 people die in the EU from cancer caused by carcinogens at work. This must STOP!\" \/>\n<meta name=\"robots\" content=\"index, follow, max-snippet:-1, max-image-preview:large, max-video-preview:-1\" \/>\n<link rel=\"canonical\" href=\"https:\/\/stopcarcinogensatwork.eu\/mt\/tghallem-dwar-l-istrategiji-bazici-ta-prevenzjoni\/p-protezzjoni-personali\/\" \/>\n<meta property=\"og:locale\" content=\"mt_MT\" \/>\n<meta property=\"og:type\" content=\"article\" \/>\n<meta property=\"og:title\" content=\"P - Protezzjoni personali\" \/>\n<meta property=\"og:description\" content=\"Every year, more than 100.000 people die in the EU from cancer caused by carcinogens at work. This must STOP!\" \/>\n<meta property=\"og:url\" content=\"https:\/\/stopcarcinogensatwork.eu\/mt\/tghallem-dwar-l-istrategiji-bazici-ta-prevenzjoni\/p-protezzjoni-personali\/\" \/>\n<meta property=\"og:site_name\" content=\"STOP carcinogens at work\" \/>\n<meta property=\"article:modified_time\" content=\"2025-10-28T13:58:24+00:00\" \/>\n<meta name=\"twitter:card\" content=\"summary_large_image\" \/>\n<meta name=\"twitter:label1\" content=\"Est. reading time\" \/>\n\t<meta name=\"twitter:data1\" content=\"5 minutes\" \/>\n<script type=\"application\/ld+json\" class=\"yoast-schema-graph\">{\"@context\":\"https:\\\/\\\/schema.org\",\"@graph\":[{\"@type\":\"WebPage\",\"@id\":\"https:\\\/\\\/stopcarcinogensatwork.eu\\\/mt\\\/tghallem-dwar-l-istrategiji-bazici-ta-prevenzjoni\\\/p-protezzjoni-personali\\\/\",\"url\":\"https:\\\/\\\/stopcarcinogensatwork.eu\\\/mt\\\/tghallem-dwar-l-istrategiji-bazici-ta-prevenzjoni\\\/p-protezzjoni-personali\\\/\",\"name\":\"P - Protezzjoni personali - STOP carcinogens at work\",\"isPartOf\":{\"@id\":\"https:\\\/\\\/stopcarcinogensatwork.eu\\\/mt\\\/#website\"},\"datePublished\":\"2024-03-06T10:59:51+00:00\",\"dateModified\":\"2025-10-28T13:58:24+00:00\",\"description\":\"Every year, more than 100.000 people die in the EU from cancer caused by carcinogens at work. This must STOP!\",\"breadcrumb\":{\"@id\":\"https:\\\/\\\/stopcarcinogensatwork.eu\\\/mt\\\/tghallem-dwar-l-istrategiji-bazici-ta-prevenzjoni\\\/p-protezzjoni-personali\\\/#breadcrumb\"},\"inLanguage\":\"mt-MT\",\"potentialAction\":[{\"@type\":\"ReadAction\",\"target\":[\"https:\\\/\\\/stopcarcinogensatwork.eu\\\/mt\\\/tghallem-dwar-l-istrategiji-bazici-ta-prevenzjoni\\\/p-protezzjoni-personali\\\/\"]}]},{\"@type\":\"BreadcrumbList\",\"@id\":\"https:\\\/\\\/stopcarcinogensatwork.eu\\\/mt\\\/tghallem-dwar-l-istrategiji-bazici-ta-prevenzjoni\\\/p-protezzjoni-personali\\\/#breadcrumb\",\"itemListElement\":[{\"@type\":\"ListItem\",\"position\":1,\"name\":\"Home\",\"item\":\"https:\\\/\\\/stopcarcinogensatwork.eu\\\/mt\\\/waqqaf-il-karcinogeni-fuq-il-post-tax-xoghol\\\/\"},{\"@type\":\"ListItem\",\"position\":2,\"name\":\"Tg\u0127allem dwar l-istrate\u0121iji ba\u017ci\u010bi ta&#8217; prevenzjoni\",\"item\":\"https:\\\/\\\/stopcarcinogensatwork.eu\\\/mt\\\/tghallem-dwar-l-istrategiji-bazici-ta-prevenzjoni\\\/\"},{\"@type\":\"ListItem\",\"position\":3,\"name\":\"P &#8211; Protezzjoni personali\"}]},{\"@type\":\"WebSite\",\"@id\":\"https:\\\/\\\/stopcarcinogensatwork.eu\\\/mt\\\/#website\",\"url\":\"https:\\\/\\\/stopcarcinogensatwork.eu\\\/mt\\\/\",\"name\":\"STOP Carcinogens at work\",\"description\":\"Every year, about 100.000 people die from cancer that was caused by exposure to carcinogens at work in Europe.\",\"publisher\":{\"@id\":\"https:\\\/\\\/stopcarcinogensatwork.eu\\\/mt\\\/#organization\"},\"alternateName\":\"Roadmap on Carcinogens\",\"potentialAction\":[{\"@type\":\"SearchAction\",\"target\":{\"@type\":\"EntryPoint\",\"urlTemplate\":\"https:\\\/\\\/stopcarcinogensatwork.eu\\\/mt\\\/?s={search_term_string}\"},\"query-input\":{\"@type\":\"PropertyValueSpecification\",\"valueRequired\":true,\"valueName\":\"search_term_string\"}}],\"inLanguage\":\"mt-MT\"},{\"@type\":\"Organization\",\"@id\":\"https:\\\/\\\/stopcarcinogensatwork.eu\\\/mt\\\/#organization\",\"name\":\"TNO\",\"alternateName\":\"This is a European wide voluntary action scheme\",\"url\":\"https:\\\/\\\/stopcarcinogensatwork.eu\\\/mt\\\/\",\"logo\":{\"@type\":\"ImageObject\",\"inLanguage\":\"mt-MT\",\"@id\":\"https:\\\/\\\/stopcarcinogensatwork.eu\\\/mt\\\/#\\\/schema\\\/logo\\\/image\\\/\",\"url\":\"https:\\\/\\\/stopcarcinogensatwork.eu\\\/wp-content\\\/uploads\\\/2024\\\/08\\\/cropped-FavLarge-1.png\",\"contentUrl\":\"https:\\\/\\\/stopcarcinogensatwork.eu\\\/wp-content\\\/uploads\\\/2024\\\/08\\\/cropped-FavLarge-1.png\",\"width\":512,\"height\":512,\"caption\":\"TNO\"},\"image\":{\"@id\":\"https:\\\/\\\/stopcarcinogensatwork.eu\\\/mt\\\/#\\\/schema\\\/logo\\\/image\\\/\"},\"publishingPrinciples\":\"https:\\\/\\\/stopcarcinogensatwork.eu\\\/homepage\\\/legal\\\/\",\"ownershipFundingInfo\":\"https:\\\/\\\/stopcarcinogensatwork.eu\\\/general\\\/about-us\\\/\"}]}<\/script>\n<!-- \/ Yoast SEO Premium plugin. -->","yoast_head_json":{"title":"P - Protezzjoni personali - STOP carcinogens at work","description":"Every year, more than 100.000 people die in the EU from cancer caused by carcinogens at work. This must STOP!","robots":{"index":"index","follow":"follow","max-snippet":"max-snippet:-1","max-image-preview":"max-image-preview:large","max-video-preview":"max-video-preview:-1"},"canonical":"https:\/\/stopcarcinogensatwork.eu\/mt\/tghallem-dwar-l-istrategiji-bazici-ta-prevenzjoni\/p-protezzjoni-personali\/","og_locale":"mt_MT","og_type":"article","og_title":"P - Protezzjoni personali","og_description":"Every year, more than 100.000 people die in the EU from cancer caused by carcinogens at work. This must STOP!","og_url":"https:\/\/stopcarcinogensatwork.eu\/mt\/tghallem-dwar-l-istrategiji-bazici-ta-prevenzjoni\/p-protezzjoni-personali\/","og_site_name":"STOP carcinogens at work","article_modified_time":"2025-10-28T13:58:24+00:00","twitter_card":"summary_large_image","twitter_misc":{"Est. reading time":"5 minutes"},"schema":{"@context":"https:\/\/schema.org","@graph":[{"@type":"WebPage","@id":"https:\/\/stopcarcinogensatwork.eu\/mt\/tghallem-dwar-l-istrategiji-bazici-ta-prevenzjoni\/p-protezzjoni-personali\/","url":"https:\/\/stopcarcinogensatwork.eu\/mt\/tghallem-dwar-l-istrategiji-bazici-ta-prevenzjoni\/p-protezzjoni-personali\/","name":"P - Protezzjoni personali - STOP carcinogens at work","isPartOf":{"@id":"https:\/\/stopcarcinogensatwork.eu\/mt\/#website"},"datePublished":"2024-03-06T10:59:51+00:00","dateModified":"2025-10-28T13:58:24+00:00","description":"Every year, more than 100.000 people die in the EU from cancer caused by carcinogens at work. This must STOP!","breadcrumb":{"@id":"https:\/\/stopcarcinogensatwork.eu\/mt\/tghallem-dwar-l-istrategiji-bazici-ta-prevenzjoni\/p-protezzjoni-personali\/#breadcrumb"},"inLanguage":"mt-MT","potentialAction":[{"@type":"ReadAction","target":["https:\/\/stopcarcinogensatwork.eu\/mt\/tghallem-dwar-l-istrategiji-bazici-ta-prevenzjoni\/p-protezzjoni-personali\/"]}]},{"@type":"BreadcrumbList","@id":"https:\/\/stopcarcinogensatwork.eu\/mt\/tghallem-dwar-l-istrategiji-bazici-ta-prevenzjoni\/p-protezzjoni-personali\/#breadcrumb","itemListElement":[{"@type":"ListItem","position":1,"name":"Home","item":"https:\/\/stopcarcinogensatwork.eu\/mt\/waqqaf-il-karcinogeni-fuq-il-post-tax-xoghol\/"},{"@type":"ListItem","position":2,"name":"Tg\u0127allem dwar l-istrate\u0121iji ba\u017ci\u010bi ta&#8217; prevenzjoni","item":"https:\/\/stopcarcinogensatwork.eu\/mt\/tghallem-dwar-l-istrategiji-bazici-ta-prevenzjoni\/"},{"@type":"ListItem","position":3,"name":"P &#8211; Protezzjoni personali"}]},{"@type":"WebSite","@id":"https:\/\/stopcarcinogensatwork.eu\/mt\/#website","url":"https:\/\/stopcarcinogensatwork.eu\/mt\/","name":"STOP Carcinogens at work","description":"Every year, about 100.000 people die from cancer that was caused by exposure to carcinogens at work in Europe.","publisher":{"@id":"https:\/\/stopcarcinogensatwork.eu\/mt\/#organization"},"alternateName":"Roadmap on Carcinogens","potentialAction":[{"@type":"SearchAction","target":{"@type":"EntryPoint","urlTemplate":"https:\/\/stopcarcinogensatwork.eu\/mt\/?s={search_term_string}"},"query-input":{"@type":"PropertyValueSpecification","valueRequired":true,"valueName":"search_term_string"}}],"inLanguage":"mt-MT"},{"@type":"Organization","@id":"https:\/\/stopcarcinogensatwork.eu\/mt\/#organization","name":"TNO","alternateName":"This is a European wide voluntary action scheme","url":"https:\/\/stopcarcinogensatwork.eu\/mt\/","logo":{"@type":"ImageObject","inLanguage":"mt-MT","@id":"https:\/\/stopcarcinogensatwork.eu\/mt\/#\/schema\/logo\/image\/","url":"https:\/\/stopcarcinogensatwork.eu\/wp-content\/uploads\/2024\/08\/cropped-FavLarge-1.png","contentUrl":"https:\/\/stopcarcinogensatwork.eu\/wp-content\/uploads\/2024\/08\/cropped-FavLarge-1.png","width":512,"height":512,"caption":"TNO"},"image":{"@id":"https:\/\/stopcarcinogensatwork.eu\/mt\/#\/schema\/logo\/image\/"},"publishingPrinciples":"https:\/\/stopcarcinogensatwork.eu\/homepage\/legal\/","ownershipFundingInfo":"https:\/\/stopcarcinogensatwork.eu\/general\/about-us\/"}]}},"_links":{"self":[{"href":"https:\/\/stopcarcinogensatwork.eu\/mt\/wp-json\/wp\/v2\/pages\/85453","targetHints":{"allow":["GET"]}}],"collection":[{"href":"https:\/\/stopcarcinogensatwork.eu\/mt\/wp-json\/wp\/v2\/pages"}],"about":[{"href":"https:\/\/stopcarcinogensatwork.eu\/mt\/wp-json\/wp\/v2\/types\/page"}],"author":[{"embeddable":true,"href":"https:\/\/stopcarcinogensatwork.eu\/mt\/wp-json\/wp\/v2\/users\/1"}],"replies":[{"embeddable":true,"href":"https:\/\/stopcarcinogensatwork.eu\/mt\/wp-json\/wp\/v2\/comments?post=85453"}],"version-history":[{"count":0,"href":"https:\/\/stopcarcinogensatwork.eu\/mt\/wp-json\/wp\/v2\/pages\/85453\/revisions"}],"up":[{"embeddable":true,"href":"https:\/\/stopcarcinogensatwork.eu\/mt\/wp-json\/wp\/v2\/pages\/85280"}],"wp:attachment":[{"href":"https:\/\/stopcarcinogensatwork.eu\/mt\/wp-json\/wp\/v2\/media?parent=85453"}],"curies":[{"name":"wp","href":"https:\/\/api.w.org\/{rel}","templated":true}]}}