{"id":85454,"date":"2024-03-06T11:27:48","date_gmt":"2024-03-06T11:27:48","guid":{"rendered":"https:\/\/stopcarcinogensatwork.eu\/tghallem-dwar-l-istrategiji-bazici-ta-prevenzjoni\/o-mizuri-organizzattivi\/"},"modified":"2025-10-28T13:58:25","modified_gmt":"2025-10-28T13:58:25","slug":"o-mizuri-organizzattivi","status":"publish","type":"page","link":"https:\/\/stopcarcinogensatwork.eu\/mt\/tghallem-dwar-l-istrategiji-bazici-ta-prevenzjoni\/o-mizuri-organizzattivi\/","title":{"rendered":"O \u2013 Mi\u017curi organizzattivi"},"content":{"rendered":"<blockquote><p>STOP isegwi \u0121erarkija ta&#8217; kontroll. G\u0127all-kar\u010bino\u0121eni, pass &#8216;l isfel fil-\u0121erarkija huwa permess biss meta l-limitazzjonijiet tekni\u010bi jipprevjenuk milli telimina l-espo\u017cizzjoni g\u0127alkollox. Hawnhekk se niffukaw fuq it-tielet livell, O g\u0127al mi\u017curi organizzattivi. Jekk jog\u0127\u0121bok ikkunsidra S u T qabel O. Innota wkoll li tista&#8217; tintu\u017ca ta\u0127lita ta&#8217; mi\u017curi.   <\/p><\/blockquote>\n<p>Il-mi\u017curi organizzattivi jikkonsistu f\u2019metodi u pro\u010beduri organizzattivi, politiki interni u kontrolli regolari stabbiliti biex jivverifikaw l-implimentazzjoni tag\u0127hom, inklu\u017ci pjanijiet ta\u2019 manutenzjoni. Il-mi\u017curi organizzattivi li g\u0127andhom ji\u0121u implimentati g\u0127andhom jikkunsidraw, fost o\u0127rajn, l-ispe\u010bifi\u010bitajiet tal-post tax-xog\u0127ol, l-g\u0127arfien espert tal-\u0127addiem, it-tag\u0127mir, il-kompiti u l-in\u0127awi. <\/p>\n<p>X&#8217;g\u0127andu ji\u0121i kkunsidrat meta ji\u0121u vvalutati l-mi\u017curi li g\u0127andhom ji\u0121u implimentati:<\/p>\n<ul>\n<li>Identifika l-oqsma kollha tax-xog\u0127ol u so\u010bjali<\/li>\n<li>Ikkunsidra t-tip u l-livell ta&#8217; espo\u017cizzjoni g\u0127al kull wa\u0127da mi\u017c-\u017coni tax-xog\u0127ol<\/li>\n<li>Identifika l-\u0127addiema li je\u0127tie\u0121u a\u010b\u010bess g\u0127al kull \u017cona tax-xog\u0127ol<\/li>\n<li>Ikkunsidra l-\u0127in medju li \u0127addiem individwali je\u0127tie\u0121 li jqatta&#8217; f&#8217;kull \u017cona tax-xog\u0127ol<\/li>\n<li>Ikseb deskrizzjoni ta&#8217; kull mi\u017cura, l-adegwatezza, l-effika\u010bja u l-effi\u010bjenza tag\u0127ha, u kkunsidra l-effett ikkombinat possibbli ta&#8217; mi\u017curi differenti biex tittejjeb il-kontroll tar-riskju.<\/li>\n<li>Rekwi\u017citi ta&#8217; manutenzjoni<\/li>\n<\/ul>\n<h2>Xi mi\u017curi organizzattivi li g\u0127andek tikkunsidra<\/h2>\n<h3>Limitazzjoni tal-a\u010b\u010bess g\u0127al \u017coni ta&#8217; riskju<\/h3>\n<p>Filwaqt li jqisu r-ri\u017cultati tal-evalwazzjoni tar-riskju, min i\u0127addem irid jillimitaw l-a\u010b\u010bess g\u0127al \u010berti \u017coni tax-xog\u0127ol, billi jillimitaw b&#8217;mod strett tali a\u010b\u010bess g\u0127al dawk il-\u0127addiema biss li huma me\u0127tie\u0121a li jkunu hemm. Jistg\u0127u ji\u0121u stabbiliti ostakli fi\u017ci\u010bi biex jillimitaw l-a\u010b\u010bess tal-\u0127addiema, pere\u017cempju bibien li je\u0127tie\u0121u awtorizzazzjoni. Jistg\u0127u jintu\u017caw sinjali biex jidentifikaw \u017coni b\u0127al dawn.  <\/p>\n<p>Aspett importanti ie\u0127or huwa l-limitazzjoni tal-ammont ta\u2019 \u0127in li l-\u0127addiema jqattg\u0127u f\u2019dik i\u017c-\u017cona tax-xog\u0127ol. Dan jista\u2019 jsir billi ji\u0121u rrotati l-kompiti li l-\u0127addiem irid iwettaq jew billi ji\u0121i limitat l-ammont ta\u2019 \u0127in g\u0127al kull xift. <\/p>\n<p>Meta tfassal it-tqassim kun \u017cgur li tikkunsidra l-oqsma kollha, e\u017c. il-post ta\u017c-\u017coni komuni (b\u0127al canteen, lockers jew \u017coni ta&#8217; mistrie\u0127) fir-rigward ta\u017c-\u017coni tax-xog\u0127ol. I\u017c-\u017coni tax-xog\u0127ol m&#8217;g\u0127andhomx ikunu konnessi direttament ma\u017c-\u017coni so\u010bjali. <\/p>\n<h3>I\u0121jene u protezzjoni individwali<\/h3>\n<p>F&#8217;\u017coni tax-xog\u0127ol fejn hemm riskju ta&#8217; kontaminazzjoni trid timplimenta mi\u017curi biex ti\u017cgura li:<\/p>\n<ul>\n<li>Il-kimi\u010bi kollha fuq il-post tax-xog\u0127ol huma ttikkettjati kif suppost u hemm sinjali u sinjali ta\u2019 twissija u sigurt\u00e0 adegwati fis-se\u0127\u0127.<\/li>\n<li>Il-post tax-xog\u0127ol jin\u017camm nadif u organizzat<\/li>\n<li>Il-\u0127addiema la jieklu, la jixorbu u lanqas ipejpu<\/li>\n<li>Il-\u0127addiema jing\u0127ataw ilbies protettiv xieraq jew ilbies spe\u010bjali ie\u0127or xieraq<\/li>\n<li>Hemm postijiet separati g\u0127all-\u0127a\u017cna g\u0127all-\u0127wejje\u0121 tax-xog\u0127ol jew protettivi u g\u0127all-\u0127wejje\u0121 tat-triq.<\/li>\n<li>Il-\u0127addiema jing\u0127ataw fa\u010bilitajiet xierqa u adegwati g\u0127all-\u0127asil u t-tojlit<\/li>\n<li>It-tag\u0127mir protettiv jin\u0127a\u017cen kif suppost f&#8217;post definit sew<\/li>\n<li>Is-sorveljanza tas-sa\u0127\u0127a hija organizzata u r-ri\u017cultati tag\u0127ha jitqiesu<\/li>\n<\/ul>\n<p>Il-politiki interni jistg\u0127u jiddefinixxu l-postijiet fejn il-\u0127addiema jistg\u0127u jieklu, jixorbu jew ipejpu. Barra minn hekk, dawk il-politiki jistg\u0127u jistabbilixxu l-pro\u010beduri li l-\u0127addiema je\u0127tie\u0121 li jikkonformaw mag\u0127hom rigward it-tag\u0127mir protettiv li je\u0127tie\u0121u, ji\u0121ifieri dwar kif ju\u017cawh, inaddfuh, i\u017commuh u ja\u0127\u017cnuh b&#8217;mod korrett. <\/p>\n<p>Jistg\u0127u ji\u0121u inklu\u017ci mi\u017curi sempli\u010bi ta&#8217; i\u0121jene biex ifakkru lill-\u0127addiema fl-importanza tag\u0127hom. Pere\u017cempju, a\u0127sel idejhom qabel ma jieklu, naddaf saqajhom meta jid\u0127lu u jo\u0127or\u0121u mill-fa\u010bilitajiet, u ddefinixxi r-rotot li l-\u0127addiema jridu jie\u0127du biex ja\u010b\u010bessaw xi \u017coni tax-xog\u0127ol ikkontaminati. <\/p>\n<h3>Informazzjoni u ta\u0127ri\u0121 g\u0127all-\u0127addiema<\/h3>\n<p>Min i\u0127addem je\u0127tie\u0121 li ji\u017cgura li l-\u0127addiema jkunu konxji tar-ri\u017cultati mill-evalwazzjoni tar-riskju, inklu\u017c dwar il-kimi\u010bi u\u017cati, il-proprjetajiet perikolu\u017ci tag\u0127hom u kif g\u0127andhom jintu\u017caw l-iskedi tad-dejta tas-sigurt\u00e0, ji\u0121ifieri dwar il-mi\u017curi tal-ewwel g\u0127ajnuna jew il-kontrolli tal-espo\u017cizzjoni\/protezzjoni personali.<\/p>\n<p>Barra minn hekk, il-\u0127addiema g\u0127andhom jing\u0127ataw struzzjonijiet \u010bari dwar il-mi\u017curi fis-se\u0127\u0127, b\u0127al mi\u017curi tekni\u010bi, politiki interni jew pro\u010beduri ta\u2019 sikurezza fuq ix-xog\u0127ol, b\u2019illustrazzjonijiet, skemi jew vidjows, jekk possibbli.<\/p>\n<ul>\n<li>G\u0127andhom jitqiesu l-kompiti u l-livell ta&#8217; g\u0127arfien tal-\u0127addiema u l-lingwa u l-kontenut tal-informazzjoni u t-ta\u0127ri\u0121 ipprovduti g\u0127andhom ji\u0121u adattati skont dan.<\/li>\n<li>L-informazzjoni u t-ta\u0127ri\u0121 tal-\u0127addiema g\u0127andhom jing\u0127ataw fuq ba\u017ci regolari, u g\u0127andhom ji\u0121u a\u0121\u0121ornati kull meta jinbidlu l-kundizzjonijiet.<\/li>\n<li>Skont it-tip ta\u2019 informazzjoni\/rekwi\u017citi ta\u2019 ta\u0127ri\u0121, tista\u2019 tipprovdiha internament u\/jew issib kompetenza esterna.<\/li>\n<\/ul>\n","protected":false},"excerpt":{"rendered":"<p>STOP isegwi \u0121erarkija ta&#8217; kontroll. G\u0127all-kar\u010bino\u0121eni, pass &#8216;l isfel fil-\u0121erarkija huwa permess biss meta l-limitazzjonijiet tekni\u010bi jipprevjenuk milli telimina l-espo\u017cizzjoni g\u0127alkollox. Hawnhekk se niffukaw fuq it-tielet livell, O g\u0127al mi\u017curi organizzattivi. Jekk jog\u0127\u0121bok ikkunsidra S u T qabel O. Innota wkoll li tista&#8217; tintu\u017ca ta\u0127lita ta&#8217; mi\u017curi. Il-mi\u017curi organizzattivi jikkonsistu f\u2019metodi u pro\u010beduri organizzattivi, politiki [&hellip;]<\/p>\n","protected":false},"author":1,"featured_media":0,"parent":85280,"menu_order":0,"comment_status":"closed","ping_status":"closed","template":"","meta":{"inline_featured_image":false,"footnotes":""},"class_list":["post-85454","page","type-page","status-publish","hentry"],"yoast_head":"<!-- This site is optimized with the Yoast SEO Premium plugin v27.0 (Yoast SEO v27.4) - https:\/\/yoast.com\/product\/yoast-seo-premium-wordpress\/ -->\n<title>O \u2013 Mi\u017curi organizzattivi - STOP carcinogens at work<\/title>\n<meta name=\"description\" content=\"Every year, more than 100.000 people die in the EU from cancer caused by carcinogens at work. This must STOP!\" \/>\n<meta name=\"robots\" content=\"index, follow, max-snippet:-1, max-image-preview:large, max-video-preview:-1\" \/>\n<link rel=\"canonical\" href=\"https:\/\/stopcarcinogensatwork.eu\/mt\/tghallem-dwar-l-istrategiji-bazici-ta-prevenzjoni\/o-mizuri-organizzattivi\/\" \/>\n<meta property=\"og:locale\" content=\"mt_MT\" \/>\n<meta property=\"og:type\" content=\"article\" \/>\n<meta property=\"og:title\" content=\"O \u2013 Mi\u017curi organizzattivi\" \/>\n<meta property=\"og:description\" content=\"Every year, more than 100.000 people die in the EU from cancer caused by carcinogens at work. This must STOP!\" \/>\n<meta property=\"og:url\" content=\"https:\/\/stopcarcinogensatwork.eu\/mt\/tghallem-dwar-l-istrategiji-bazici-ta-prevenzjoni\/o-mizuri-organizzattivi\/\" \/>\n<meta property=\"og:site_name\" content=\"STOP carcinogens at work\" \/>\n<meta property=\"article:modified_time\" content=\"2025-10-28T13:58:25+00:00\" \/>\n<meta name=\"twitter:card\" content=\"summary_large_image\" \/>\n<meta name=\"twitter:label1\" content=\"Est. reading time\" \/>\n\t<meta name=\"twitter:data1\" content=\"4 minutes\" \/>\n<script type=\"application\/ld+json\" class=\"yoast-schema-graph\">{\"@context\":\"https:\\\/\\\/schema.org\",\"@graph\":[{\"@type\":\"WebPage\",\"@id\":\"https:\\\/\\\/stopcarcinogensatwork.eu\\\/mt\\\/tghallem-dwar-l-istrategiji-bazici-ta-prevenzjoni\\\/o-mizuri-organizzattivi\\\/\",\"url\":\"https:\\\/\\\/stopcarcinogensatwork.eu\\\/mt\\\/tghallem-dwar-l-istrategiji-bazici-ta-prevenzjoni\\\/o-mizuri-organizzattivi\\\/\",\"name\":\"O \u2013 Mi\u017curi organizzattivi - STOP carcinogens at work\",\"isPartOf\":{\"@id\":\"https:\\\/\\\/stopcarcinogensatwork.eu\\\/mt\\\/#website\"},\"datePublished\":\"2024-03-06T11:27:48+00:00\",\"dateModified\":\"2025-10-28T13:58:25+00:00\",\"description\":\"Every year, more than 100.000 people die in the EU from cancer caused by carcinogens at work. This must STOP!\",\"breadcrumb\":{\"@id\":\"https:\\\/\\\/stopcarcinogensatwork.eu\\\/mt\\\/tghallem-dwar-l-istrategiji-bazici-ta-prevenzjoni\\\/o-mizuri-organizzattivi\\\/#breadcrumb\"},\"inLanguage\":\"mt-MT\",\"potentialAction\":[{\"@type\":\"ReadAction\",\"target\":[\"https:\\\/\\\/stopcarcinogensatwork.eu\\\/mt\\\/tghallem-dwar-l-istrategiji-bazici-ta-prevenzjoni\\\/o-mizuri-organizzattivi\\\/\"]}]},{\"@type\":\"BreadcrumbList\",\"@id\":\"https:\\\/\\\/stopcarcinogensatwork.eu\\\/mt\\\/tghallem-dwar-l-istrategiji-bazici-ta-prevenzjoni\\\/o-mizuri-organizzattivi\\\/#breadcrumb\",\"itemListElement\":[{\"@type\":\"ListItem\",\"position\":1,\"name\":\"Home\",\"item\":\"https:\\\/\\\/stopcarcinogensatwork.eu\\\/mt\\\/waqqaf-il-karcinogeni-fuq-il-post-tax-xoghol\\\/\"},{\"@type\":\"ListItem\",\"position\":2,\"name\":\"Tg\u0127allem dwar l-istrate\u0121iji ba\u017ci\u010bi ta&#8217; prevenzjoni\",\"item\":\"https:\\\/\\\/stopcarcinogensatwork.eu\\\/mt\\\/tghallem-dwar-l-istrategiji-bazici-ta-prevenzjoni\\\/\"},{\"@type\":\"ListItem\",\"position\":3,\"name\":\"O \u2013 Mi\u017curi organizzattivi\"}]},{\"@type\":\"WebSite\",\"@id\":\"https:\\\/\\\/stopcarcinogensatwork.eu\\\/mt\\\/#website\",\"url\":\"https:\\\/\\\/stopcarcinogensatwork.eu\\\/mt\\\/\",\"name\":\"STOP Carcinogens at work\",\"description\":\"Every year, about 100.000 people die from cancer that was caused by exposure to carcinogens at work in Europe.\",\"publisher\":{\"@id\":\"https:\\\/\\\/stopcarcinogensatwork.eu\\\/mt\\\/#organization\"},\"alternateName\":\"Roadmap on Carcinogens\",\"potentialAction\":[{\"@type\":\"SearchAction\",\"target\":{\"@type\":\"EntryPoint\",\"urlTemplate\":\"https:\\\/\\\/stopcarcinogensatwork.eu\\\/mt\\\/?s={search_term_string}\"},\"query-input\":{\"@type\":\"PropertyValueSpecification\",\"valueRequired\":true,\"valueName\":\"search_term_string\"}}],\"inLanguage\":\"mt-MT\"},{\"@type\":\"Organization\",\"@id\":\"https:\\\/\\\/stopcarcinogensatwork.eu\\\/mt\\\/#organization\",\"name\":\"TNO\",\"alternateName\":\"This is a European wide voluntary action scheme\",\"url\":\"https:\\\/\\\/stopcarcinogensatwork.eu\\\/mt\\\/\",\"logo\":{\"@type\":\"ImageObject\",\"inLanguage\":\"mt-MT\",\"@id\":\"https:\\\/\\\/stopcarcinogensatwork.eu\\\/mt\\\/#\\\/schema\\\/logo\\\/image\\\/\",\"url\":\"https:\\\/\\\/stopcarcinogensatwork.eu\\\/wp-content\\\/uploads\\\/2024\\\/08\\\/cropped-FavLarge-1.png\",\"contentUrl\":\"https:\\\/\\\/stopcarcinogensatwork.eu\\\/wp-content\\\/uploads\\\/2024\\\/08\\\/cropped-FavLarge-1.png\",\"width\":512,\"height\":512,\"caption\":\"TNO\"},\"image\":{\"@id\":\"https:\\\/\\\/stopcarcinogensatwork.eu\\\/mt\\\/#\\\/schema\\\/logo\\\/image\\\/\"},\"publishingPrinciples\":\"https:\\\/\\\/stopcarcinogensatwork.eu\\\/homepage\\\/legal\\\/\",\"ownershipFundingInfo\":\"https:\\\/\\\/stopcarcinogensatwork.eu\\\/general\\\/about-us\\\/\"}]}<\/script>\n<!-- \/ Yoast SEO Premium plugin. -->","yoast_head_json":{"title":"O \u2013 Mi\u017curi organizzattivi - STOP carcinogens at work","description":"Every year, more than 100.000 people die in the EU from cancer caused by carcinogens at work. This must STOP!","robots":{"index":"index","follow":"follow","max-snippet":"max-snippet:-1","max-image-preview":"max-image-preview:large","max-video-preview":"max-video-preview:-1"},"canonical":"https:\/\/stopcarcinogensatwork.eu\/mt\/tghallem-dwar-l-istrategiji-bazici-ta-prevenzjoni\/o-mizuri-organizzattivi\/","og_locale":"mt_MT","og_type":"article","og_title":"O \u2013 Mi\u017curi organizzattivi","og_description":"Every year, more than 100.000 people die in the EU from cancer caused by carcinogens at work. This must STOP!","og_url":"https:\/\/stopcarcinogensatwork.eu\/mt\/tghallem-dwar-l-istrategiji-bazici-ta-prevenzjoni\/o-mizuri-organizzattivi\/","og_site_name":"STOP carcinogens at work","article_modified_time":"2025-10-28T13:58:25+00:00","twitter_card":"summary_large_image","twitter_misc":{"Est. reading time":"4 minutes"},"schema":{"@context":"https:\/\/schema.org","@graph":[{"@type":"WebPage","@id":"https:\/\/stopcarcinogensatwork.eu\/mt\/tghallem-dwar-l-istrategiji-bazici-ta-prevenzjoni\/o-mizuri-organizzattivi\/","url":"https:\/\/stopcarcinogensatwork.eu\/mt\/tghallem-dwar-l-istrategiji-bazici-ta-prevenzjoni\/o-mizuri-organizzattivi\/","name":"O \u2013 Mi\u017curi organizzattivi - STOP carcinogens at work","isPartOf":{"@id":"https:\/\/stopcarcinogensatwork.eu\/mt\/#website"},"datePublished":"2024-03-06T11:27:48+00:00","dateModified":"2025-10-28T13:58:25+00:00","description":"Every year, more than 100.000 people die in the EU from cancer caused by carcinogens at work. This must STOP!","breadcrumb":{"@id":"https:\/\/stopcarcinogensatwork.eu\/mt\/tghallem-dwar-l-istrategiji-bazici-ta-prevenzjoni\/o-mizuri-organizzattivi\/#breadcrumb"},"inLanguage":"mt-MT","potentialAction":[{"@type":"ReadAction","target":["https:\/\/stopcarcinogensatwork.eu\/mt\/tghallem-dwar-l-istrategiji-bazici-ta-prevenzjoni\/o-mizuri-organizzattivi\/"]}]},{"@type":"BreadcrumbList","@id":"https:\/\/stopcarcinogensatwork.eu\/mt\/tghallem-dwar-l-istrategiji-bazici-ta-prevenzjoni\/o-mizuri-organizzattivi\/#breadcrumb","itemListElement":[{"@type":"ListItem","position":1,"name":"Home","item":"https:\/\/stopcarcinogensatwork.eu\/mt\/waqqaf-il-karcinogeni-fuq-il-post-tax-xoghol\/"},{"@type":"ListItem","position":2,"name":"Tg\u0127allem dwar l-istrate\u0121iji ba\u017ci\u010bi ta&#8217; prevenzjoni","item":"https:\/\/stopcarcinogensatwork.eu\/mt\/tghallem-dwar-l-istrategiji-bazici-ta-prevenzjoni\/"},{"@type":"ListItem","position":3,"name":"O \u2013 Mi\u017curi organizzattivi"}]},{"@type":"WebSite","@id":"https:\/\/stopcarcinogensatwork.eu\/mt\/#website","url":"https:\/\/stopcarcinogensatwork.eu\/mt\/","name":"STOP Carcinogens at work","description":"Every year, about 100.000 people die from cancer that was caused by exposure to carcinogens at work in Europe.","publisher":{"@id":"https:\/\/stopcarcinogensatwork.eu\/mt\/#organization"},"alternateName":"Roadmap on Carcinogens","potentialAction":[{"@type":"SearchAction","target":{"@type":"EntryPoint","urlTemplate":"https:\/\/stopcarcinogensatwork.eu\/mt\/?s={search_term_string}"},"query-input":{"@type":"PropertyValueSpecification","valueRequired":true,"valueName":"search_term_string"}}],"inLanguage":"mt-MT"},{"@type":"Organization","@id":"https:\/\/stopcarcinogensatwork.eu\/mt\/#organization","name":"TNO","alternateName":"This is a European wide voluntary action scheme","url":"https:\/\/stopcarcinogensatwork.eu\/mt\/","logo":{"@type":"ImageObject","inLanguage":"mt-MT","@id":"https:\/\/stopcarcinogensatwork.eu\/mt\/#\/schema\/logo\/image\/","url":"https:\/\/stopcarcinogensatwork.eu\/wp-content\/uploads\/2024\/08\/cropped-FavLarge-1.png","contentUrl":"https:\/\/stopcarcinogensatwork.eu\/wp-content\/uploads\/2024\/08\/cropped-FavLarge-1.png","width":512,"height":512,"caption":"TNO"},"image":{"@id":"https:\/\/stopcarcinogensatwork.eu\/mt\/#\/schema\/logo\/image\/"},"publishingPrinciples":"https:\/\/stopcarcinogensatwork.eu\/homepage\/legal\/","ownershipFundingInfo":"https:\/\/stopcarcinogensatwork.eu\/general\/about-us\/"}]}},"_links":{"self":[{"href":"https:\/\/stopcarcinogensatwork.eu\/mt\/wp-json\/wp\/v2\/pages\/85454","targetHints":{"allow":["GET"]}}],"collection":[{"href":"https:\/\/stopcarcinogensatwork.eu\/mt\/wp-json\/wp\/v2\/pages"}],"about":[{"href":"https:\/\/stopcarcinogensatwork.eu\/mt\/wp-json\/wp\/v2\/types\/page"}],"author":[{"embeddable":true,"href":"https:\/\/stopcarcinogensatwork.eu\/mt\/wp-json\/wp\/v2\/users\/1"}],"replies":[{"embeddable":true,"href":"https:\/\/stopcarcinogensatwork.eu\/mt\/wp-json\/wp\/v2\/comments?post=85454"}],"version-history":[{"count":0,"href":"https:\/\/stopcarcinogensatwork.eu\/mt\/wp-json\/wp\/v2\/pages\/85454\/revisions"}],"up":[{"embeddable":true,"href":"https:\/\/stopcarcinogensatwork.eu\/mt\/wp-json\/wp\/v2\/pages\/85280"}],"wp:attachment":[{"href":"https:\/\/stopcarcinogensatwork.eu\/mt\/wp-json\/wp\/v2\/media?parent=85454"}],"curies":[{"name":"wp","href":"https:\/\/api.w.org\/{rel}","templated":true}]}}