{"id":103978,"date":"2025-09-01T11:06:42","date_gmt":"2025-09-01T11:06:42","guid":{"rendered":"https:\/\/stopcarcinogensatwork.eu\/generelt\/undervisning-om-kreftfremkallende-stoffer-pa-arbeidsplassen\/"},"modified":"2025-09-01T11:06:42","modified_gmt":"2025-09-01T11:06:42","slug":"undervisning-om-kreftfremkallende-stoffer-pa-arbeidsplassen","status":"publish","type":"page","link":"https:\/\/stopcarcinogensatwork.eu\/no\/generelt\/undervisning-om-kreftfremkallende-stoffer-pa-arbeidsplassen\/","title":{"rendered":"Undervisning om kreftfremkallende stoffer p\u00e5 arbeidsplassen"},"content":{"rendered":"<blockquote><p>Det er viktig \u00e5 l\u00e6re barn og elever om kreftfremkallende stoffer i tidlig alder, allerede i grunnskolen og i yrkesfaglig undervisning. Av denne grunn ble det utviklet undervisningsprogrammer. <\/p><\/blockquote>\n<h2>Mal for leksjoner om kreftfremkallende stoffer<\/h2>\n<p>L\u00e6replanene om kreftfremkallende stoffer ble utarbeidet av Slovenias nasjonale institutt for undervisning og departementet for arbeid, familie, sosiale saker og likestilling. De er basert p\u00e5 slovenske lover og erfaringer, og ble testet p\u00e5 flere slovenske barneskoler mellom 2023 og 2024. EUs medlemsland kan oversette og tilpasse disse l\u00e6replanene til sine egne behov. L\u00e6rere kan ogs\u00e5 bruke det interaktive spillet (se nedenfor) i undervisningen for elever i videreg\u00e5ende skole.   <\/p>\n<p>I l\u00f8pet av disse timene l\u00e6rer studentene:<\/p>\n<ul>\n<li>hvordan du gjenkjenner piktogrammer for farlige stoffer<\/li>\n<li>hvordan man velger egnede metoder for \u00e5 beskytte seg mot farlige stoffer, og hvordan man h\u00e5ndterer disse stoffene p\u00e5 en sikker m\u00e5te<\/li>\n<li>om langtidsvirkningene av CMR-stoffer og hvordan man kan forebygge dem<\/li>\n<li>om sikkerhetsdatabladet, som fungerer som et &laquo;identitetskort&raquo; for farlige stoffer<\/li>\n<li>om yrkesrelatert kreft, hvilke faktorer som kan for\u00e5rsake kreft, og hvilke tiltak som kan redusere eksponeringen for potensielt kreftfremkallende stoffer<\/li>\n<\/ul>\n<p><a href=\"https:\/\/stopcarcinogensatwork.eu\/educational\/lesson-proposal-on-carcinogens-for-students-aged-11-years-minimum-and-over\/\">Undervisningsforslag om kreftfremkallende stoffer for elever i alderen 11 \u00e5r til 14 \u00e5r<\/a><br \/>\n<a href=\"https:\/\/stopcarcinogensatwork.eu\/educational\/9th-grade-of-primary-school-14-years\/\">Forslag til leksjoner om kreftfremkallende stoffer for elever fra 14 \u00e5r og oppover<\/a><\/p>\n<h2><strong>Interaktivt spill<\/strong><strong><br \/>\n<\/strong><\/h2>\n<p>For \u00e5 hjelpe elevene med \u00e5 forst\u00e5 hvordan de kan h\u00e5ndtere risikoen for kreftfremkallende stoffer p\u00e5 arbeidsplassen, har det blitt laget et interaktivt spill.<\/p>\n<p>I spillet spiller du som forebyggingsr\u00e5dgiver. Du m\u00e5 identifisere farlige situasjoner med kreftfremkallende stoffer p\u00e5 ulike arbeidsplasser (en bygge- og anleggsvirksomhet, et sykehus og en fabrikk) og gi r\u00e5d til arbeidsgiveren. Et viktig l\u00e6ringspunkt er <a href=\"https:\/\/stopcarcinogensatwork.eu\/no\/laer-om-de-grunnleggende-forebyggingsstrategiene\/\">STOPP-prinsippet<\/a>. Dette prinsippet viser rekkef\u00f8lgen p\u00e5 trinnene for \u00e5 forebygge eksponering for farlige stoffer.   <\/p>\n<p>For \u00e5 hjelpe l\u00e6rere med \u00e5 inkludere spillet i undervisningen, finnes det en informasjonspakke for undervisning. Her forklares flere begreper som ogs\u00e5 forekommer i spillet. <\/p>\n<p>Spillet er tilgjengelig p\u00e5 engelsk, nederlandsk og fransk.<\/p>\n<p><a href=\"https:\/\/stopcarcinogensatwork.eu\/no\/good-practice\/handtering-av-risikoen-for-kreftfremkallende-stoffer-pa-arbeidsplassen-gjennom-et-pedagogisk-spill\/\">Til det interaktive spillet<\/a><\/p>\n","protected":false},"excerpt":{"rendered":"<p>Det er viktig \u00e5 l\u00e6re barn og elever om kreftfremkallende stoffer i tidlig alder, allerede i grunnskolen og i yrkesfaglig undervisning. Av denne grunn ble det utviklet undervisningsprogrammer. Mal for leksjoner om kreftfremkallende stoffer L\u00e6replanene om kreftfremkallende stoffer ble utarbeidet av Slovenias nasjonale institutt for undervisning og departementet for arbeid, familie, sosiale saker og likestilling. [&hellip;]<\/p>\n","protected":false},"author":1,"featured_media":0,"parent":67903,"menu_order":0,"comment_status":"closed","ping_status":"closed","template":"","meta":{"inline_featured_image":false,"footnotes":""},"class_list":["post-103978","page","type-page","status-publish","hentry"],"yoast_head":"<!-- This site is optimized with the Yoast SEO Premium plugin v27.4 (Yoast SEO v27.6) - https:\/\/yoast.com\/product\/yoast-seo-premium-wordpress\/ -->\n<title>Undervisning om kreftfremkallende stoffer p\u00e5 arbeidsplassen - STOP carcinogens at work<\/title>\n<meta name=\"description\" content=\"Det er viktig \u00e5 l\u00e6re barn og elever om kreftfremkallende stoffer i tidlig alder, i grunnskolen og i yrkesfaglig undervisning.\" \/>\n<meta name=\"robots\" content=\"index, follow, max-snippet:-1, max-image-preview:large, max-video-preview:-1\" \/>\n<link rel=\"canonical\" href=\"https:\/\/stopcarcinogensatwork.eu\/no\/generelt\/undervisning-om-kreftfremkallende-stoffer-pa-arbeidsplassen\/\" \/>\n<meta property=\"og:locale\" content=\"nb_NO\" \/>\n<meta property=\"og:type\" content=\"article\" \/>\n<meta property=\"og:title\" content=\"Undervisning om kreftfremkallende stoffer p\u00e5 arbeidsplassen\" \/>\n<meta property=\"og:description\" content=\"Det er viktig \u00e5 l\u00e6re barn og elever om kreftfremkallende stoffer i tidlig alder, i grunnskolen og i yrkesfaglig undervisning.\" \/>\n<meta property=\"og:url\" content=\"https:\/\/stopcarcinogensatwork.eu\/no\/generelt\/undervisning-om-kreftfremkallende-stoffer-pa-arbeidsplassen\/\" \/>\n<meta property=\"og:site_name\" content=\"STOP carcinogens at work\" \/>\n<meta name=\"twitter:card\" content=\"summary_large_image\" \/>\n<meta name=\"twitter:label1\" content=\"Ansl. lesetid\" \/>\n\t<meta name=\"twitter:data1\" content=\"2 minutter\" \/>\n<script type=\"application\/ld+json\" class=\"yoast-schema-graph\">{\"@context\":\"https:\\\/\\\/schema.org\",\"@graph\":[{\"@type\":\"WebPage\",\"@id\":\"https:\\\/\\\/stopcarcinogensatwork.eu\\\/no\\\/generelt\\\/undervisning-om-kreftfremkallende-stoffer-pa-arbeidsplassen\\\/\",\"url\":\"https:\\\/\\\/stopcarcinogensatwork.eu\\\/no\\\/generelt\\\/undervisning-om-kreftfremkallende-stoffer-pa-arbeidsplassen\\\/\",\"name\":\"Undervisning om kreftfremkallende stoffer p\u00e5 arbeidsplassen - STOP carcinogens at work\",\"isPartOf\":{\"@id\":\"https:\\\/\\\/stopcarcinogensatwork.eu\\\/no\\\/#website\"},\"datePublished\":\"2025-09-01T11:06:42+00:00\",\"description\":\"Det er viktig \u00e5 l\u00e6re barn og elever om kreftfremkallende stoffer i tidlig alder, i grunnskolen og i yrkesfaglig undervisning.\",\"breadcrumb\":{\"@id\":\"https:\\\/\\\/stopcarcinogensatwork.eu\\\/no\\\/generelt\\\/undervisning-om-kreftfremkallende-stoffer-pa-arbeidsplassen\\\/#breadcrumb\"},\"inLanguage\":\"nb-NO\",\"potentialAction\":[{\"@type\":\"ReadAction\",\"target\":[\"https:\\\/\\\/stopcarcinogensatwork.eu\\\/no\\\/generelt\\\/undervisning-om-kreftfremkallende-stoffer-pa-arbeidsplassen\\\/\"]}]},{\"@type\":\"BreadcrumbList\",\"@id\":\"https:\\\/\\\/stopcarcinogensatwork.eu\\\/no\\\/generelt\\\/undervisning-om-kreftfremkallende-stoffer-pa-arbeidsplassen\\\/#breadcrumb\",\"itemListElement\":[{\"@type\":\"ListItem\",\"position\":1,\"name\":\"Home\",\"item\":\"https:\\\/\\\/stopcarcinogensatwork.eu\\\/no\\\/\"},{\"@type\":\"ListItem\",\"position\":2,\"name\":\"Generelt\",\"item\":\"https:\\\/\\\/stopcarcinogensatwork.eu\\\/no\\\/generelt\\\/\"},{\"@type\":\"ListItem\",\"position\":3,\"name\":\"Undervisning om kreftfremkallende stoffer p\u00e5 arbeidsplassen\"}]},{\"@type\":\"WebSite\",\"@id\":\"https:\\\/\\\/stopcarcinogensatwork.eu\\\/no\\\/#website\",\"url\":\"https:\\\/\\\/stopcarcinogensatwork.eu\\\/no\\\/\",\"name\":\"STOP Carcinogens at work\",\"description\":\"Every year, about 100.000 people die from cancer that was caused by exposure to carcinogens at work in Europe.\",\"publisher\":{\"@id\":\"https:\\\/\\\/stopcarcinogensatwork.eu\\\/no\\\/#organization\"},\"alternateName\":\"Roadmap on Carcinogens\",\"potentialAction\":[{\"@type\":\"SearchAction\",\"target\":{\"@type\":\"EntryPoint\",\"urlTemplate\":\"https:\\\/\\\/stopcarcinogensatwork.eu\\\/no\\\/?s={search_term_string}\"},\"query-input\":{\"@type\":\"PropertyValueSpecification\",\"valueRequired\":true,\"valueName\":\"search_term_string\"}}],\"inLanguage\":\"nb-NO\"},{\"@type\":\"Organization\",\"@id\":\"https:\\\/\\\/stopcarcinogensatwork.eu\\\/no\\\/#organization\",\"name\":\"TNO\",\"alternateName\":\"This is a European wide voluntary action scheme\",\"url\":\"https:\\\/\\\/stopcarcinogensatwork.eu\\\/no\\\/\",\"logo\":{\"@type\":\"ImageObject\",\"inLanguage\":\"nb-NO\",\"@id\":\"https:\\\/\\\/stopcarcinogensatwork.eu\\\/no\\\/#\\\/schema\\\/logo\\\/image\\\/\",\"url\":\"https:\\\/\\\/stopcarcinogensatwork.eu\\\/wp-content\\\/uploads\\\/2024\\\/08\\\/cropped-FavLarge-1.png\",\"contentUrl\":\"https:\\\/\\\/stopcarcinogensatwork.eu\\\/wp-content\\\/uploads\\\/2024\\\/08\\\/cropped-FavLarge-1.png\",\"width\":512,\"height\":512,\"caption\":\"TNO\"},\"image\":{\"@id\":\"https:\\\/\\\/stopcarcinogensatwork.eu\\\/no\\\/#\\\/schema\\\/logo\\\/image\\\/\"},\"publishingPrinciples\":\"https:\\\/\\\/stopcarcinogensatwork.eu\\\/homepage\\\/legal\\\/\",\"ownershipFundingInfo\":\"https:\\\/\\\/stopcarcinogensatwork.eu\\\/general\\\/about-us\\\/\"}]}<\/script>\n<!-- \/ Yoast SEO Premium plugin. -->","yoast_head_json":{"title":"Undervisning om kreftfremkallende stoffer p\u00e5 arbeidsplassen - STOP carcinogens at work","description":"Det er viktig \u00e5 l\u00e6re barn og elever om kreftfremkallende stoffer i tidlig alder, i grunnskolen og i yrkesfaglig undervisning.","robots":{"index":"index","follow":"follow","max-snippet":"max-snippet:-1","max-image-preview":"max-image-preview:large","max-video-preview":"max-video-preview:-1"},"canonical":"https:\/\/stopcarcinogensatwork.eu\/no\/generelt\/undervisning-om-kreftfremkallende-stoffer-pa-arbeidsplassen\/","og_locale":"nb_NO","og_type":"article","og_title":"Undervisning om kreftfremkallende stoffer p\u00e5 arbeidsplassen","og_description":"Det er viktig \u00e5 l\u00e6re barn og elever om kreftfremkallende stoffer i tidlig alder, i grunnskolen og i yrkesfaglig undervisning.","og_url":"https:\/\/stopcarcinogensatwork.eu\/no\/generelt\/undervisning-om-kreftfremkallende-stoffer-pa-arbeidsplassen\/","og_site_name":"STOP carcinogens at work","twitter_card":"summary_large_image","twitter_misc":{"Ansl. lesetid":"2 minutter"},"schema":{"@context":"https:\/\/schema.org","@graph":[{"@type":"WebPage","@id":"https:\/\/stopcarcinogensatwork.eu\/no\/generelt\/undervisning-om-kreftfremkallende-stoffer-pa-arbeidsplassen\/","url":"https:\/\/stopcarcinogensatwork.eu\/no\/generelt\/undervisning-om-kreftfremkallende-stoffer-pa-arbeidsplassen\/","name":"Undervisning om kreftfremkallende stoffer p\u00e5 arbeidsplassen - STOP carcinogens at work","isPartOf":{"@id":"https:\/\/stopcarcinogensatwork.eu\/no\/#website"},"datePublished":"2025-09-01T11:06:42+00:00","description":"Det er viktig \u00e5 l\u00e6re barn og elever om kreftfremkallende stoffer i tidlig alder, i grunnskolen og i yrkesfaglig undervisning.","breadcrumb":{"@id":"https:\/\/stopcarcinogensatwork.eu\/no\/generelt\/undervisning-om-kreftfremkallende-stoffer-pa-arbeidsplassen\/#breadcrumb"},"inLanguage":"nb-NO","potentialAction":[{"@type":"ReadAction","target":["https:\/\/stopcarcinogensatwork.eu\/no\/generelt\/undervisning-om-kreftfremkallende-stoffer-pa-arbeidsplassen\/"]}]},{"@type":"BreadcrumbList","@id":"https:\/\/stopcarcinogensatwork.eu\/no\/generelt\/undervisning-om-kreftfremkallende-stoffer-pa-arbeidsplassen\/#breadcrumb","itemListElement":[{"@type":"ListItem","position":1,"name":"Home","item":"https:\/\/stopcarcinogensatwork.eu\/no\/"},{"@type":"ListItem","position":2,"name":"Generelt","item":"https:\/\/stopcarcinogensatwork.eu\/no\/generelt\/"},{"@type":"ListItem","position":3,"name":"Undervisning om kreftfremkallende stoffer p\u00e5 arbeidsplassen"}]},{"@type":"WebSite","@id":"https:\/\/stopcarcinogensatwork.eu\/no\/#website","url":"https:\/\/stopcarcinogensatwork.eu\/no\/","name":"STOP Carcinogens at work","description":"Every year, about 100.000 people die from cancer that was caused by exposure to carcinogens at work in Europe.","publisher":{"@id":"https:\/\/stopcarcinogensatwork.eu\/no\/#organization"},"alternateName":"Roadmap on Carcinogens","potentialAction":[{"@type":"SearchAction","target":{"@type":"EntryPoint","urlTemplate":"https:\/\/stopcarcinogensatwork.eu\/no\/?s={search_term_string}"},"query-input":{"@type":"PropertyValueSpecification","valueRequired":true,"valueName":"search_term_string"}}],"inLanguage":"nb-NO"},{"@type":"Organization","@id":"https:\/\/stopcarcinogensatwork.eu\/no\/#organization","name":"TNO","alternateName":"This is a European wide voluntary action scheme","url":"https:\/\/stopcarcinogensatwork.eu\/no\/","logo":{"@type":"ImageObject","inLanguage":"nb-NO","@id":"https:\/\/stopcarcinogensatwork.eu\/no\/#\/schema\/logo\/image\/","url":"https:\/\/stopcarcinogensatwork.eu\/wp-content\/uploads\/2024\/08\/cropped-FavLarge-1.png","contentUrl":"https:\/\/stopcarcinogensatwork.eu\/wp-content\/uploads\/2024\/08\/cropped-FavLarge-1.png","width":512,"height":512,"caption":"TNO"},"image":{"@id":"https:\/\/stopcarcinogensatwork.eu\/no\/#\/schema\/logo\/image\/"},"publishingPrinciples":"https:\/\/stopcarcinogensatwork.eu\/homepage\/legal\/","ownershipFundingInfo":"https:\/\/stopcarcinogensatwork.eu\/general\/about-us\/"}]}},"_links":{"self":[{"href":"https:\/\/stopcarcinogensatwork.eu\/no\/wp-json\/wp\/v2\/pages\/103978","targetHints":{"allow":["GET"]}}],"collection":[{"href":"https:\/\/stopcarcinogensatwork.eu\/no\/wp-json\/wp\/v2\/pages"}],"about":[{"href":"https:\/\/stopcarcinogensatwork.eu\/no\/wp-json\/wp\/v2\/types\/page"}],"author":[{"embeddable":true,"href":"https:\/\/stopcarcinogensatwork.eu\/no\/wp-json\/wp\/v2\/users\/1"}],"replies":[{"embeddable":true,"href":"https:\/\/stopcarcinogensatwork.eu\/no\/wp-json\/wp\/v2\/comments?post=103978"}],"version-history":[{"count":0,"href":"https:\/\/stopcarcinogensatwork.eu\/no\/wp-json\/wp\/v2\/pages\/103978\/revisions"}],"up":[{"embeddable":true,"href":"https:\/\/stopcarcinogensatwork.eu\/no\/wp-json\/wp\/v2\/pages\/67903"}],"wp:attachment":[{"href":"https:\/\/stopcarcinogensatwork.eu\/no\/wp-json\/wp\/v2\/media?parent=103978"}],"curies":[{"name":"wp","href":"https:\/\/api.w.org\/{rel}","templated":true}]}}