{"id":67887,"date":"2024-08-31T07:07:44","date_gmt":"2024-08-31T07:07:44","guid":{"rendered":"https:\/\/stopcarcinogensatwork.eu\/utfordringer\/"},"modified":"2025-10-21T10:19:31","modified_gmt":"2025-10-21T10:19:31","slug":"utfordringer","status":"publish","type":"page","link":"https:\/\/stopcarcinogensatwork.eu\/no\/generelt\/om-den-roadmap-on-carcinogens\/utfordringer\/","title":{"rendered":"Utfordringer"},"content":{"rendered":"<p><img fetchpriority=\"high\" decoding=\"async\" class=\"alignnone wp-image-20623 size-full\" src=\"https:\/\/stopcarcinogensatwork.eu\/wp-content\/uploads\/2024\/08\/Pillars.png\" alt=\"\" width=\"1384\" height=\"736\" srcset=\"https:\/\/stopcarcinogensatwork.eu\/wp-content\/uploads\/2024\/08\/Pillars.png 1384w, https:\/\/stopcarcinogensatwork.eu\/wp-content\/uploads\/2024\/08\/Pillars-300x160.png 300w, https:\/\/stopcarcinogensatwork.eu\/wp-content\/uploads\/2024\/08\/Pillars-768x408.png 768w\" sizes=\"(max-width: 1384px) 100vw, 1384px\" \/><\/p>\n<blockquote><p>Fra 2021 startet Roadmap on Carcinogens med tolv utfordringer for \u00e5 f\u00e5 ytterligere gjennomslagskraft, for \u00e5 bidra til \u00e5 forhindre at workers blir utsatt for kreftfremkallende stoffer (<a href=\"https:\/\/stopcarcinogensatwork.eu\/wp-content\/uploads\/2024\/09\/200903_RoC2.0_Strategy.pdf\" target=\"_blank\" rel=\"noopener\">les hele strategien her<\/a>).<\/p><\/blockquote>\n<p>For perioden 2020-2024 har Roadmap on Carcinogens satt opp f\u00f8lgende fire m\u00e5l:<\/p>\n<ul>\n<li><strong>S\u00f8yle 1:<\/strong> Skape bevissthet gjennom Europa blant bedrifter og arbeidstakere om risikoen ved eksponering for kreftfremkallende stoffer og behovet for forebyggende tiltak.<\/li>\n<li><strong>S\u00f8yle 2:<\/strong> Hjelpe bedrifter og arbeidstakere med \u00e5 forebygge eksponering for kreftfremkallende stoffer p\u00e5 arbeidsplassen og minimere effekten av dette p\u00e5 arbeidsstyrken.<\/li>\n<li><strong>Pilar 3:<\/strong> Engasjere industri og sektorer og \u00f8ke involveringen av relevante parter for \u00e5 mangedoble innsatsen i hele Europa.<\/li>\n<li><strong>S\u00f8yle 4:<\/strong> M\u00e5lrettet innovasjon for \u00e5 bygge bro mellom forskningsresultater og n\u00e6ringslivets behov.<\/li>\n<\/ul>\n<p>Disse pilarene er delt inn i 12 utfordringer. Gjennomf\u00f8ringen av disse utfordringene vil alle bidra til \u00e5 n\u00e5 disse m\u00e5lene. Hver utfordring ledes av et team fra Roadmap-partnerne.  <\/p>\n<h3>Utfordring 1.1 - Bedre data<\/h3>\n<p>Bedre og mer detaljerte data om eksponering for kreftfremkallende stoffer er avgj\u00f8rende for \u00e5 \u00f8ke bevisstheten om behovet for tiltak og for \u00e5 overv\u00e5ke - s\u00e6rlig p\u00e5 lang sikt - om vi kan se en nedgang i bruken av kreftfremkallende stoffer p\u00e5 verkstedgulvet.<\/p>\n<p><strong>Resultater:<\/strong><\/p>\n<ul>\n<li><a href=\"https:\/\/stopcarcinogensatwork.eu\/wp-content\/uploads\/2024\/08\/Ch1.1_Conclusion_Report_20230125.pdf\" target=\"_blank\" rel=\"noopener\">En detaljert rapport er tilgjengelig (pdf)<\/a>.<\/li>\n<li><a href=\"https:\/\/stopcarcinogensatwork.eu\/no\/maledatabaser-for-yrkesrelatert-eksponering-for-kreftfremkallende-stoffer\/\" target=\"_blank\" rel=\"noopener\">En oversikt over databaser for eksponeringsm\u00e5ling er <strong>tilgjengelig p\u00e5 dette nettstedet<\/strong><\/a><\/li>\n<li><a href=\"https:\/\/stopcarcinogensatwork.eu\/no\/registre-over-arbeidstakere-som-er-eksponert-for-kreftfremkallende-stoffer\/\" target=\"_blank\" rel=\"noopener\">En oversikt over registre over arbeidstakere som er eksponert for kreftfremkallende stoffer er <strong>tilgjengelig p\u00e5 dette nettstedet<\/strong><\/a><\/li>\n<li><a href=\"https:\/\/stopcarcinogensatwork.eu\/wp-content\/uploads\/2024\/08\/Ch1.1_joint_research_projects_v2.1.pdf\" target=\"_blank\" rel=\"noopener\">Felles forskningsprosjekter som gir data om eksponering for kreftfremkallende stoffer i arbeidslivet (pdf)<\/a><\/li>\n<\/ul>\n<h3>Utfordring 1.2 - Undervisning er n\u00f8kkelen<\/h3>\n<p>I tr\u00e5d med mottoet &laquo;You can&#8217;t teach an old dog new tricks&raquo; er det n\u00f8dvendig \u00e5 starte med bevisstgj\u00f8ringsaktiviteter i grunnskolen og integrere det bedre i yrkesoppl\u00e6ringen.<\/p>\n<p><strong>Resultater:<\/strong><\/p>\n<ul>\n<li>Et sett med pedagogiske presentasjoner for grunnskolel\u00e6rere vil snart v\u00e6re tilgjengelig.<\/li>\n<li>Det er utviklet et gamification-verkt\u00f8y som er <a href=\"https:\/\/stopcarcinogensatwork.eu\/no\/good-practice\/handtering-av-risikoen-for-kreftfremkallende-stoffer-pa-arbeidsplassen-gjennom-et-pedagogisk-spill\/\" target=\"_blank\" rel=\"noopener\"><strong>gjort <\/strong><strong>tilgjengelig via dette nettstedet.<\/strong><\/a><\/li>\n<\/ul>\n<h3>Utfordring 2.1 - Substitusjonsstrategier<\/h3>\n<p>Substitusjon med tryggere alternativer er \u00f8verst i hierarkiet av tiltak for \u00e5 forebygge eksponering for kreftfremkallende stoffer p\u00e5 arbeidsplassen, og innsamling av eksempler p\u00e5 substitusjon og innovasjon vil v\u00e6re til hjelp for bedrifter som er p\u00e5 jakt etter en vellykket substitusjonsplan.<\/p>\n<ul>\n<li>Omfattende sammendrag for alternativer fra REACH-godkjenningss\u00f8knadene er tilgjengelige via dette nettstedet under hvert enkelt faktum.<\/li>\n<li><a href=\"https:\/\/stopcarcinogensatwork.eu\/no\/generelt\/om-den-roadmap-on-carcinogens\/utfordringer\/mulige-alternativer-for-krom\/\" target=\"_blank\" rel=\"noopener\">Mulige alternativer til kromtrioksid som pletteringsmiddel for bruk i generell produksjon finner du her<\/a><\/li>\n<\/ul>\n<h3>Utfordring 2.2 - Veiledning til risikostyring<\/h3>\n<p>M\u00e5let med denne utfordringen var \u00e5 gi veiledning i risikoh\u00e5ndtering og skape bevissthet om risikoreduksjonsstrategier i henhold til STOP-prinsippet. I tillegg til \u00e5 lage brosjyrer om sistnevnte, gikk teamet gjennom mange oppgavespesifikke kontrollveiledningsark for \u00e5 samle generelle trekk til en mal. Dette st\u00f8tter opprettelsen av kontrollveiledningsark (CGS) og bidrar til \u00e5 kommunisere de viktigste aspektene for risikoh\u00e5ndtering av kreftfremkallende stoffer. <a href=\"https:\/\/stopcarcinogensatwork.eu\/no\/laer-om-de-grunnleggende-forebyggingsstrategiene\/\" target=\"_blank\" rel=\"noopener\">Innholdet i S - T - O - P-brosjyrene er lagt ut p\u00e5 nettstedet<\/a><br \/>\n. Flere resultater fra utfordringen vil snart v\u00e6re tilgjengelige:  <\/p>\n<ul>\n<li><a href=\"https:\/\/stopcarcinogensatwork.eu\/no\/laer-om-de-grunnleggende-forebyggingsstrategiene\/\" target=\"_blank\" rel=\"noopener\">Nedlastbare S - T - O - P-brosjyrer<\/a>.<\/li>\n<li>En plattform som institusjonene kan bruke til \u00e5 generere<a href=\"https:\/\/stopcarcinogensatwork.eu\/no\/generelt\/samarbeid-med-oss\/\" target=\"_blank\" rel=\"noopener\"> CGS basert p\u00e5 malen som er utviklet av utfordringsteamet<\/a>. De ferdige CGSene for arbeidsgivere vil bli delt p\u00e5 nettstedet. <\/li>\n<li><a href=\"https:\/\/stopcarcinogensatwork.eu\/wp-content\/uploads\/2025\/05\/Ch22_Conclusion_Report_20250521.pdf\" target=\"_blank\" rel=\"noopener\">Rapport om utfordringer 2.2<\/a><\/li>\n<\/ul>\n<h3>Utfordring 2.3 - Midler til bedrifter<\/h3>\n<p>Det er kjent at ulike organisasjoner, som medlemsstater, bransjeorganisasjoner, nasjonale trygdeordninger, forsikringsinitiativer og andre, allerede har midler eller spesifikke skattemessige tiltak p\u00e5 plass som stimulerer bedrifter til \u00e5 investere i sikkerhet og helse p\u00e5 arbeidsplassen.<\/p>\n<ul>\n<li><a href=\"https:\/\/stopcarcinogensatwork.eu\/wp-content\/uploads\/2025\/05\/Final-report-RoC-Ch2.3andCh3.1-BusinessEurope.pdf\">Utfordringer 2.3 og 3.1 rapporteres<\/a><\/li>\n<\/ul>\n<h3>Utfordring 3.1 - Engasjere bransjer og sektorer<\/h3>\n<p>Jo flere bransje- og sektorovergripende organisasjoner som kan mobiliseres til \u00e5 slutte seg til Roadmap on Carcinogens, desto flere bedrifter vil dra nytte av de kartlagte og forklarte l\u00f8sningene.<\/p>\n<ul>\n<li><a href=\"https:\/\/stopcarcinogensatwork.eu\/wp-content\/uploads\/2025\/05\/Final-report-RoC-Ch2.3andCh3.1-BusinessEurope.pdf\">Utfordringer 2.3 og 3.1 rapporteres<\/a><\/li>\n<\/ul>\n<h3>Utfordring 3.2 - Involvering av yrkesforebyggende organisasjoner<\/h3>\n<p>Involvering av interessenter, for eksempel organisasjoner som jobber med forebygging p\u00e5 arbeidsplassen, er et annet element som bidrar til \u00e5 st\u00f8tte bedriftene ved \u00e5 tilby verkt\u00f8y for egenevaluering av etterlevelse av lovbestemmelsene og innf\u00f8ring av hensiktsmessige risikoh\u00e5ndteringstiltak.<\/p>\n<ul>\n<li><a href=\"https:\/\/stopcarcinogensatwork.eu\/wp-content\/uploads\/2025\/05\/PDF250528_Ch3.2_Conclusion_Report.pdf\" target=\"_blank\" rel=\"noopener\">En oppsummerende rapport om prosjektet finner du her<\/a><\/li>\n<li><a href=\"https:\/\/stopcarcinogensatwork.eu\/no\/sok-etter-yrker\/\" target=\"_blank\" rel=\"noopener\"><strong>Dette er en viktig integrasjon p\u00e5 nettstedet.<\/strong>  Sjekk yrket ditt for forekomst av et kreftfremkallende stoff her<\/a><\/li>\n<\/ul>\n<h3>Utfordring 3.3 - Samarbeid med tilsynsmyndigheter<\/h3>\n<p>H\u00e5ndheving er et viktig verkt\u00f8y for \u00e5 sikre etterlevelse. Hvordan kan h\u00e5ndhevingsorganene og veikartet samarbeide? <\/p>\n<ul>\n<li><a href=\"https:\/\/stopcarcinogensatwork.eu\/no\/generelt\/samarbeid-med-oss\/\" target=\"_blank\" rel=\"noopener\">Integrert p\u00e5 dette nettstedet<\/a><\/li>\n<\/ul>\n<h3>Utfordring 3.4 - Styrke arbeidstakerne<\/h3>\n<p>Workers m\u00e5 v\u00e6re klar over sine rettigheter og plikter for \u00e5 kunne bidra til arbeidsgivers risikovurdering og iverksette adekvate forebyggende tiltak for \u00e5 eliminere eller redusere eksponeringen for kreftfremkallende stoffer.<\/p>\n<ul>\n<li>Kunngj\u00f8res senere<\/li>\n<\/ul>\n<h3>Utfordring 4.1 - \u00c5 bygge bro over gapet<\/h3>\n<p>Innovasjon som er m\u00e5lrettet mot reelle behov p\u00e5 arbeidsplassen, er avgj\u00f8rende for \u00e5 forebygge eksponering for kreftfremkallende stoffer gjennom hele livssyklusen til stoffer eller materialer - denne kunnskapen m\u00e5 v\u00e6re allment kjent.<\/p>\n<p>- <a href=\"https:\/\/stopcarcinogensatwork.eu\/wp-content\/uploads\/2024\/08\/Ch4.1_Preparatory_Report_211216-NEW.pdf\" target=\"_blank\" rel=\"noopener\">En detaljert rapport er tilgjengelig, inkludert et sett med OnePagers som oppsummerer potensielle forbindelser til forskningsmilj\u00f8et<\/a><\/p>\n<h3>Utfordring 4.2 - Prosessgenererte kreftfremkallende stoffer<\/h3>\n<p>Prosessgenererte kreftfremkallende stoffer oppst\u00e5r som et biprodukt av en arbeidsprosess. Disse m\u00e5 vies ekstra oppmerksomhet fordi de ikke er merket, og det er ikke sikkert at de er nevnt i sikkerhetsdatabladene. <\/p>\n<ul>\n<li><a href=\"https:\/\/stopcarcinogensatwork.eu\/wp-content\/uploads\/2024\/08\/Silica-Dust-in-Construction.pdf\" target=\"_blank\" rel=\"noopener\">En detaljert rapport om den \u00f8sterrikske inspeksjonskampanjen om silikast\u00f8v er tilgjengelig<\/a><\/li>\n<li><a href=\"https:\/\/stopcarcinogensatwork.eu\/wp-content\/uploads\/2024\/08\/Mineral-Dusts-in-Mining.pdf\" target=\"_blank\" rel=\"noopener\">En rapport om mineralst\u00f8v i gruvedrift er tilgjengelig<\/a><\/li>\n<li><a href=\"https:\/\/stopcarcinogensatwork.eu\/wp-content\/uploads\/2024\/09\/TNO2023_R10498_RoC_Challenge_4.2-1.pdf\" target=\"_blank\" rel=\"noopener\">En rapport om prosessgenererte stoffer er tilgjengelig<\/a><\/li>\n<li>Faktaark om <a href=\"https:\/\/stopcarcinogensatwork.eu\/no\/fact\/abrasion-process\/\" target=\"_blank\" rel=\"noopener\">slitasje<\/a> og <a href=\"https:\/\/stopcarcinogensatwork.eu\/no\/fact\/combustion-process\/\" target=\"_blank\" rel=\"noopener\">forbrenning<\/a> er tilgjengelige p\u00e5 dette nettstedet<\/li>\n<\/ul>\n<h3>Utfordring 4.3 - Sikre arbeidsprosedyrer<\/h3>\n<p>&laquo;Sikre arbeidsprosedyrer&raquo; kan komme p\u00e5 plass som aksepterte alternativer for grupper av virksomheter som utf\u00f8rer samme aktivitet, i stedet for \u00e5 utf\u00f8re m\u00e5linger og sammenligne med grenseverdier for hver bedrift, for hver aktivitet og for hvert stoff.<\/p>\n<ul>\n<li><a href=\"https:\/\/stopcarcinogensatwork.eu\/wp-content\/uploads\/2024\/08\/TNO2023-R10499_RoC-Ch4.3_TNO-Report-general-challenge-report_getekend.pdf\" target=\"_blank\" rel=\"noopener\">En detaljert rapport finner du her<\/a><\/li>\n<\/ul>\n<h3>Den endelige rapporten fra ROC2.0<\/h3>\n<p>Et sammendrag av alle aktivitetene og resultatene av den andre Roadmap on Carcinogens (RoC2.0) er n\u00e5 publisert<a href=\"https:\/\/stopcarcinogensatwork.eu\/wp-content\/uploads\/2025\/10\/250922_RoC2.0_wrap_up_FINAL.pdf\">  i denne rapporten.<\/a><\/p>\n","protected":false},"excerpt":{"rendered":"<p>Fra 2021 startet Roadmap on Carcinogens med tolv utfordringer for \u00e5 f\u00e5 ytterligere gjennomslagskraft, for \u00e5 bidra til \u00e5 forhindre at workers blir utsatt for kreftfremkallende stoffer (les hele strategien her). For perioden 2020-2024 har Roadmap on Carcinogens satt opp f\u00f8lgende fire m\u00e5l: S\u00f8yle 1: Skape bevissthet gjennom Europa blant bedrifter og arbeidstakere om risikoen [&hellip;]<\/p>\n","protected":false},"author":1,"featured_media":0,"parent":67975,"menu_order":0,"comment_status":"closed","ping_status":"closed","template":"","meta":{"inline_featured_image":false,"footnotes":""},"class_list":["post-67887","page","type-page","status-publish","hentry"],"yoast_head":"<!-- This site is optimized with the Yoast SEO Premium plugin v27.0 (Yoast SEO v27.3) - https:\/\/yoast.com\/product\/yoast-seo-premium-wordpress\/ -->\n<title>Utfordringer - STOP carcinogens at work<\/title>\n<meta name=\"description\" content=\"Every year, more than 100.000 people die in the EU from cancer caused by carcinogens at work. This must STOP!\" \/>\n<meta name=\"robots\" content=\"index, follow, max-snippet:-1, max-image-preview:large, max-video-preview:-1\" \/>\n<link rel=\"canonical\" href=\"https:\/\/stopcarcinogensatwork.eu\/no\/generelt\/om-den-roadmap-on-carcinogens\/utfordringer\/\" \/>\n<meta property=\"og:locale\" content=\"nb_NO\" \/>\n<meta property=\"og:type\" content=\"article\" \/>\n<meta property=\"og:title\" content=\"Utfordringer\" \/>\n<meta property=\"og:description\" content=\"Every year, more than 100.000 people die in the EU from cancer caused by carcinogens at work. This must STOP!\" \/>\n<meta property=\"og:url\" content=\"https:\/\/stopcarcinogensatwork.eu\/no\/generelt\/om-den-roadmap-on-carcinogens\/utfordringer\/\" \/>\n<meta property=\"og:site_name\" content=\"STOP carcinogens at work\" \/>\n<meta property=\"article:modified_time\" content=\"2025-10-21T10:19:31+00:00\" \/>\n<meta property=\"og:image\" content=\"https:\/\/stopcarcinogensatwork.eu\/wp-content\/uploads\/2024\/08\/Pillars.png\" \/>\n<meta name=\"twitter:card\" content=\"summary_large_image\" \/>\n<meta name=\"twitter:label1\" content=\"Ansl. lesetid\" \/>\n\t<meta name=\"twitter:data1\" content=\"5 minutter\" \/>\n<script type=\"application\/ld+json\" class=\"yoast-schema-graph\">{\"@context\":\"https:\\\/\\\/schema.org\",\"@graph\":[{\"@type\":\"WebPage\",\"@id\":\"https:\\\/\\\/stopcarcinogensatwork.eu\\\/no\\\/generelt\\\/om-den-roadmap-on-carcinogens\\\/utfordringer\\\/\",\"url\":\"https:\\\/\\\/stopcarcinogensatwork.eu\\\/no\\\/generelt\\\/om-den-roadmap-on-carcinogens\\\/utfordringer\\\/\",\"name\":\"Utfordringer - STOP carcinogens at work\",\"isPartOf\":{\"@id\":\"https:\\\/\\\/stopcarcinogensatwork.eu\\\/no\\\/#website\"},\"primaryImageOfPage\":{\"@id\":\"https:\\\/\\\/stopcarcinogensatwork.eu\\\/no\\\/generelt\\\/om-den-roadmap-on-carcinogens\\\/utfordringer\\\/#primaryimage\"},\"image\":{\"@id\":\"https:\\\/\\\/stopcarcinogensatwork.eu\\\/no\\\/generelt\\\/om-den-roadmap-on-carcinogens\\\/utfordringer\\\/#primaryimage\"},\"thumbnailUrl\":\"https:\\\/\\\/stopcarcinogensatwork.eu\\\/wp-content\\\/uploads\\\/2024\\\/08\\\/Pillars.png\",\"datePublished\":\"2024-08-31T07:07:44+00:00\",\"dateModified\":\"2025-10-21T10:19:31+00:00\",\"description\":\"Every year, more than 100.000 people die in the EU from cancer caused by carcinogens at work. This must STOP!\",\"breadcrumb\":{\"@id\":\"https:\\\/\\\/stopcarcinogensatwork.eu\\\/no\\\/generelt\\\/om-den-roadmap-on-carcinogens\\\/utfordringer\\\/#breadcrumb\"},\"inLanguage\":\"nb-NO\",\"potentialAction\":[{\"@type\":\"ReadAction\",\"target\":[\"https:\\\/\\\/stopcarcinogensatwork.eu\\\/no\\\/generelt\\\/om-den-roadmap-on-carcinogens\\\/utfordringer\\\/\"]}]},{\"@type\":\"ImageObject\",\"inLanguage\":\"nb-NO\",\"@id\":\"https:\\\/\\\/stopcarcinogensatwork.eu\\\/no\\\/generelt\\\/om-den-roadmap-on-carcinogens\\\/utfordringer\\\/#primaryimage\",\"url\":\"https:\\\/\\\/stopcarcinogensatwork.eu\\\/wp-content\\\/uploads\\\/2024\\\/08\\\/Pillars.png\",\"contentUrl\":\"https:\\\/\\\/stopcarcinogensatwork.eu\\\/wp-content\\\/uploads\\\/2024\\\/08\\\/Pillars.png\"},{\"@type\":\"BreadcrumbList\",\"@id\":\"https:\\\/\\\/stopcarcinogensatwork.eu\\\/no\\\/generelt\\\/om-den-roadmap-on-carcinogens\\\/utfordringer\\\/#breadcrumb\",\"itemListElement\":[{\"@type\":\"ListItem\",\"position\":1,\"name\":\"Home\",\"item\":\"https:\\\/\\\/stopcarcinogensatwork.eu\\\/no\\\/stopp-kreftfremkallende-stoffer-pa-jobben\\\/\"},{\"@type\":\"ListItem\",\"position\":2,\"name\":\"Generelt\",\"item\":\"https:\\\/\\\/stopcarcinogensatwork.eu\\\/no\\\/generelt\\\/\"},{\"@type\":\"ListItem\",\"position\":3,\"name\":\"Om Roadmap on Carcinogens\",\"item\":\"https:\\\/\\\/stopcarcinogensatwork.eu\\\/no\\\/generelt\\\/om-den-roadmap-on-carcinogens\\\/\"},{\"@type\":\"ListItem\",\"position\":4,\"name\":\"Utfordringer\"}]},{\"@type\":\"WebSite\",\"@id\":\"https:\\\/\\\/stopcarcinogensatwork.eu\\\/no\\\/#website\",\"url\":\"https:\\\/\\\/stopcarcinogensatwork.eu\\\/no\\\/\",\"name\":\"STOP Carcinogens at work\",\"description\":\"Every year, about 100.000 people die from cancer that was caused by exposure to carcinogens at work in Europe.\",\"publisher\":{\"@id\":\"https:\\\/\\\/stopcarcinogensatwork.eu\\\/no\\\/#organization\"},\"alternateName\":\"Roadmap on Carcinogens\",\"potentialAction\":[{\"@type\":\"SearchAction\",\"target\":{\"@type\":\"EntryPoint\",\"urlTemplate\":\"https:\\\/\\\/stopcarcinogensatwork.eu\\\/no\\\/?s={search_term_string}\"},\"query-input\":{\"@type\":\"PropertyValueSpecification\",\"valueRequired\":true,\"valueName\":\"search_term_string\"}}],\"inLanguage\":\"nb-NO\"},{\"@type\":\"Organization\",\"@id\":\"https:\\\/\\\/stopcarcinogensatwork.eu\\\/no\\\/#organization\",\"name\":\"TNO\",\"alternateName\":\"This is a European wide voluntary action scheme\",\"url\":\"https:\\\/\\\/stopcarcinogensatwork.eu\\\/no\\\/\",\"logo\":{\"@type\":\"ImageObject\",\"inLanguage\":\"nb-NO\",\"@id\":\"https:\\\/\\\/stopcarcinogensatwork.eu\\\/no\\\/#\\\/schema\\\/logo\\\/image\\\/\",\"url\":\"https:\\\/\\\/stopcarcinogensatwork.eu\\\/wp-content\\\/uploads\\\/2024\\\/08\\\/cropped-FavLarge-1.png\",\"contentUrl\":\"https:\\\/\\\/stopcarcinogensatwork.eu\\\/wp-content\\\/uploads\\\/2024\\\/08\\\/cropped-FavLarge-1.png\",\"width\":512,\"height\":512,\"caption\":\"TNO\"},\"image\":{\"@id\":\"https:\\\/\\\/stopcarcinogensatwork.eu\\\/no\\\/#\\\/schema\\\/logo\\\/image\\\/\"},\"publishingPrinciples\":\"https:\\\/\\\/stopcarcinogensatwork.eu\\\/homepage\\\/legal\\\/\",\"ownershipFundingInfo\":\"https:\\\/\\\/stopcarcinogensatwork.eu\\\/general\\\/about-us\\\/\"}]}<\/script>\n<!-- \/ Yoast SEO Premium plugin. -->","yoast_head_json":{"title":"Utfordringer - STOP carcinogens at work","description":"Every year, more than 100.000 people die in the EU from cancer caused by carcinogens at work. This must STOP!","robots":{"index":"index","follow":"follow","max-snippet":"max-snippet:-1","max-image-preview":"max-image-preview:large","max-video-preview":"max-video-preview:-1"},"canonical":"https:\/\/stopcarcinogensatwork.eu\/no\/generelt\/om-den-roadmap-on-carcinogens\/utfordringer\/","og_locale":"nb_NO","og_type":"article","og_title":"Utfordringer","og_description":"Every year, more than 100.000 people die in the EU from cancer caused by carcinogens at work. This must STOP!","og_url":"https:\/\/stopcarcinogensatwork.eu\/no\/generelt\/om-den-roadmap-on-carcinogens\/utfordringer\/","og_site_name":"STOP carcinogens at work","article_modified_time":"2025-10-21T10:19:31+00:00","og_image":[{"url":"https:\/\/stopcarcinogensatwork.eu\/wp-content\/uploads\/2024\/08\/Pillars.png","type":"","width":"","height":""}],"twitter_card":"summary_large_image","twitter_misc":{"Ansl. lesetid":"5 minutter"},"schema":{"@context":"https:\/\/schema.org","@graph":[{"@type":"WebPage","@id":"https:\/\/stopcarcinogensatwork.eu\/no\/generelt\/om-den-roadmap-on-carcinogens\/utfordringer\/","url":"https:\/\/stopcarcinogensatwork.eu\/no\/generelt\/om-den-roadmap-on-carcinogens\/utfordringer\/","name":"Utfordringer - STOP carcinogens at work","isPartOf":{"@id":"https:\/\/stopcarcinogensatwork.eu\/no\/#website"},"primaryImageOfPage":{"@id":"https:\/\/stopcarcinogensatwork.eu\/no\/generelt\/om-den-roadmap-on-carcinogens\/utfordringer\/#primaryimage"},"image":{"@id":"https:\/\/stopcarcinogensatwork.eu\/no\/generelt\/om-den-roadmap-on-carcinogens\/utfordringer\/#primaryimage"},"thumbnailUrl":"https:\/\/stopcarcinogensatwork.eu\/wp-content\/uploads\/2024\/08\/Pillars.png","datePublished":"2024-08-31T07:07:44+00:00","dateModified":"2025-10-21T10:19:31+00:00","description":"Every year, more than 100.000 people die in the EU from cancer caused by carcinogens at work. This must STOP!","breadcrumb":{"@id":"https:\/\/stopcarcinogensatwork.eu\/no\/generelt\/om-den-roadmap-on-carcinogens\/utfordringer\/#breadcrumb"},"inLanguage":"nb-NO","potentialAction":[{"@type":"ReadAction","target":["https:\/\/stopcarcinogensatwork.eu\/no\/generelt\/om-den-roadmap-on-carcinogens\/utfordringer\/"]}]},{"@type":"ImageObject","inLanguage":"nb-NO","@id":"https:\/\/stopcarcinogensatwork.eu\/no\/generelt\/om-den-roadmap-on-carcinogens\/utfordringer\/#primaryimage","url":"https:\/\/stopcarcinogensatwork.eu\/wp-content\/uploads\/2024\/08\/Pillars.png","contentUrl":"https:\/\/stopcarcinogensatwork.eu\/wp-content\/uploads\/2024\/08\/Pillars.png"},{"@type":"BreadcrumbList","@id":"https:\/\/stopcarcinogensatwork.eu\/no\/generelt\/om-den-roadmap-on-carcinogens\/utfordringer\/#breadcrumb","itemListElement":[{"@type":"ListItem","position":1,"name":"Home","item":"https:\/\/stopcarcinogensatwork.eu\/no\/stopp-kreftfremkallende-stoffer-pa-jobben\/"},{"@type":"ListItem","position":2,"name":"Generelt","item":"https:\/\/stopcarcinogensatwork.eu\/no\/generelt\/"},{"@type":"ListItem","position":3,"name":"Om Roadmap on Carcinogens","item":"https:\/\/stopcarcinogensatwork.eu\/no\/generelt\/om-den-roadmap-on-carcinogens\/"},{"@type":"ListItem","position":4,"name":"Utfordringer"}]},{"@type":"WebSite","@id":"https:\/\/stopcarcinogensatwork.eu\/no\/#website","url":"https:\/\/stopcarcinogensatwork.eu\/no\/","name":"STOP Carcinogens at work","description":"Every year, about 100.000 people die from cancer that was caused by exposure to carcinogens at work in Europe.","publisher":{"@id":"https:\/\/stopcarcinogensatwork.eu\/no\/#organization"},"alternateName":"Roadmap on Carcinogens","potentialAction":[{"@type":"SearchAction","target":{"@type":"EntryPoint","urlTemplate":"https:\/\/stopcarcinogensatwork.eu\/no\/?s={search_term_string}"},"query-input":{"@type":"PropertyValueSpecification","valueRequired":true,"valueName":"search_term_string"}}],"inLanguage":"nb-NO"},{"@type":"Organization","@id":"https:\/\/stopcarcinogensatwork.eu\/no\/#organization","name":"TNO","alternateName":"This is a European wide voluntary action scheme","url":"https:\/\/stopcarcinogensatwork.eu\/no\/","logo":{"@type":"ImageObject","inLanguage":"nb-NO","@id":"https:\/\/stopcarcinogensatwork.eu\/no\/#\/schema\/logo\/image\/","url":"https:\/\/stopcarcinogensatwork.eu\/wp-content\/uploads\/2024\/08\/cropped-FavLarge-1.png","contentUrl":"https:\/\/stopcarcinogensatwork.eu\/wp-content\/uploads\/2024\/08\/cropped-FavLarge-1.png","width":512,"height":512,"caption":"TNO"},"image":{"@id":"https:\/\/stopcarcinogensatwork.eu\/no\/#\/schema\/logo\/image\/"},"publishingPrinciples":"https:\/\/stopcarcinogensatwork.eu\/homepage\/legal\/","ownershipFundingInfo":"https:\/\/stopcarcinogensatwork.eu\/general\/about-us\/"}]}},"_links":{"self":[{"href":"https:\/\/stopcarcinogensatwork.eu\/no\/wp-json\/wp\/v2\/pages\/67887","targetHints":{"allow":["GET"]}}],"collection":[{"href":"https:\/\/stopcarcinogensatwork.eu\/no\/wp-json\/wp\/v2\/pages"}],"about":[{"href":"https:\/\/stopcarcinogensatwork.eu\/no\/wp-json\/wp\/v2\/types\/page"}],"author":[{"embeddable":true,"href":"https:\/\/stopcarcinogensatwork.eu\/no\/wp-json\/wp\/v2\/users\/1"}],"replies":[{"embeddable":true,"href":"https:\/\/stopcarcinogensatwork.eu\/no\/wp-json\/wp\/v2\/comments?post=67887"}],"version-history":[{"count":0,"href":"https:\/\/stopcarcinogensatwork.eu\/no\/wp-json\/wp\/v2\/pages\/67887\/revisions"}],"up":[{"embeddable":true,"href":"https:\/\/stopcarcinogensatwork.eu\/no\/wp-json\/wp\/v2\/pages\/67975"}],"wp:attachment":[{"href":"https:\/\/stopcarcinogensatwork.eu\/no\/wp-json\/wp\/v2\/media?parent=67887"}],"curies":[{"name":"wp","href":"https:\/\/api.w.org\/{rel}","templated":true}]}}