{"id":67923,"date":"2024-04-12T09:14:49","date_gmt":"2024-04-12T09:14:49","guid":{"rendered":"https:\/\/stopcarcinogensatwork.eu\/rettigheter-og-plikter\/"},"modified":"2025-06-13T10:25:11","modified_gmt":"2025-06-13T10:25:11","slug":"rettigheter-og-plikter","status":"publish","type":"page","link":"https:\/\/stopcarcinogensatwork.eu\/no\/stopp-kreftfremkallende-stoffer-pa-jobben\/rettigheter-og-plikter\/","title":{"rendered":"Rettigheter og plikter"},"content":{"rendered":"<blockquote><p>N\u00e5r du arbeider med kreftfremkallende stoffer, har b\u00e5de arbeidsgivere og arbeidstakere rettigheter og plikter. Din velferd er garantert gjennom visse plikter for arbeidsgiveren din som er nedfelt i direktivet om kreftfremkallende, mutagene og reproduksjonsskadelige stoffer (CMRD). Det er imidlertid ogs\u00e5 viktig at du handler i henhold til arbeidsplassens instrukser.  <\/p><\/blockquote>\n<p><a href=\"https:\/\/osha.europa.eu\/nl\/legislation\/directive\/directive-200437ec-carcinogens-or-mutagens-work\">Les mer om CMRD her  <\/a><\/p>\n<h2>Ansattes rettigheter og plikter<\/h2>\n<blockquote><p>Alle arbeidsgivere m\u00e5 foreta en risikovurdering. I denne risikovurderingen skal alle potensielle helserisikoer identifiseres, og det skal iverksettes tiltak for \u00e5 forebygge disse risikoene. Dette omfatter blant annet farlige stoffer, men ogs\u00e5 psykiske og fysiske risikoer.  <\/p><\/blockquote>\n<h3>Instruksjoner og oppl\u00e6ring<\/h3>\n<p>Du m\u00e5 f\u00e5 instruksjoner og oppl\u00e6ring f\u00f8r du starter en oppgave. Arbeidstakerne m\u00e5 delta i denne oppl\u00e6ringen og f\u00f8lge instruksjonene. Repetisjon av oppl\u00e6ring og tilpasning av driftsinstruksjoner hjelper deg med \u00e5 v\u00e6re oppmerksom p\u00e5 risikoen ved arbeidsoppgavene.  <\/p>\n<h3>Medisinsk overv\u00e5king og dokumentasjon<\/h3>\n<p>N\u00e5r du arbeider med kreftfremkallende stoffer, skal arbeidsgiveren din tilby medisinsk overv\u00e5kning. Form\u00e5let er \u00e5 informere deg om potensielle helserisikoer knyttet til arbeidet ditt. Avhengig av type arbeid og eksponeringsrisiko kan den medisinske overv\u00e5kingen best\u00e5 av kontroller basert p\u00e5 en sp\u00f8rreunders\u00f8kelse eller regelmessige legekontroller.   Skulle du noen gang f\u00e5 helseplager som kan v\u00e6re arbeidsrelaterte, selv etter at du har byttet bedrift eller g\u00e5tt av med pensjon, vil dokumentasjonsplikten for kreftfremkallende arbeidsoppgaver sikre at du f\u00e5r godkjent en yrkessykdom.<\/p>\n<h3>Samarbeid<\/h3>\n<p>V\u00e6r oppmerksom p\u00e5 at det ogs\u00e5 er din plikt \u00e5 samarbeide med arbeidsgiveren din. Rutiner for arbeidsplassen og personlig hygiene (for eksempel at du ikke skal ta med deg arbeidskl\u00e6r hjem) er en viktig faktor for \u00e5 sikre din egen og familiens helse, og de b\u00f8r f\u00f8lges til enhver tid. <\/p>\n<p><a href=\"https:\/\/stopcarcinogensatwork.eu\/no\/laer-om-de-grunnleggende-forebyggingsstrategiene\/\">Les mer om forebyggingsstrategiene<\/a><\/p>\n<h2>Plikter for arbeidsgivere<\/h2>\n<blockquote><p>For \u00e5 sikre at dine ansatte har det bra, har du visse plikter som er nedfelt i direktivet om kreftfremkallende, mutagene og reproduksjonsskadelige stoffer (CMRD). Les mer om dette her. Det er ikke s\u00e5 enkelt \u00e5 unders\u00f8ke farlige stoffer og iverksette de riktige tiltakene, og det kan kreve mye ekspertise. Derfor kan det v\u00e6re nyttig \u00e5 be om hjelp fra en bedriftslege: en helse- og sikkerhetsekspert som har spesialisert seg p\u00e5 stoffer.   <\/p><\/blockquote>\n<p>V\u00e6r oppmerksom p\u00e5 at nasjonale krav kan avvike fra direktivet. Hvis dette er tilfelle, m\u00e5 du r\u00e5df\u00f8re deg med de nasjonale myndighetene om forskriftskravene for farlige stoffer. <\/p>\n<p>Dokumentasjon av oppgaver som involverer kreftfremkallende stoffer er obligatorisk. <a href=\"https:\/\/stopcarcinogensatwork.eu\/no\/registre-over-arbeidstakere-som-er-eksponert-for-kreftfremkallende-stoffer\/\">I denne listen har vi samlet eksempler p\u00e5 nasjonale l\u00f8sninger for \u00e5 st\u00f8tte dokumentasjonen<\/a>.<\/p>\n<p>Innholdsfortegnelse<\/p>\n<p><a href=\"#top\"> <\/a><\/p>\n","protected":false},"excerpt":{"rendered":"<p>N\u00e5r du arbeider med kreftfremkallende stoffer, har b\u00e5de arbeidsgivere og arbeidstakere rettigheter og plikter. Din velferd er garantert gjennom visse plikter for arbeidsgiveren din som er nedfelt i direktivet om kreftfremkallende, mutagene og reproduksjonsskadelige stoffer (CMRD). Det er imidlertid ogs\u00e5 viktig at du handler i henhold til arbeidsplassens instrukser. Les mer om CMRD her Ansattes [&hellip;]<\/p>\n","protected":false},"author":1,"featured_media":0,"parent":68000,"menu_order":0,"comment_status":"closed","ping_status":"closed","template":"","meta":{"inline_featured_image":false,"footnotes":""},"class_list":["post-67923","page","type-page","status-publish","hentry"],"yoast_head":"<!-- This site is optimized with the Yoast SEO Premium plugin v27.0 (Yoast SEO v27.4) - https:\/\/yoast.com\/product\/yoast-seo-premium-wordpress\/ -->\n<title>Rettigheter og plikter - STOP carcinogens at work<\/title>\n<meta name=\"description\" content=\"Finn ut hvilke rettigheter og plikter du har n\u00e5r du arbeider med kreftfremkallende stoffer, inkludert risikovurderinger, oppl\u00e6ring og krav til medisinsk overv\u00e5king.\" \/>\n<meta name=\"robots\" content=\"index, follow, max-snippet:-1, max-image-preview:large, max-video-preview:-1\" \/>\n<link rel=\"canonical\" href=\"https:\/\/stopcarcinogensatwork.eu\/no\/stopp-kreftfremkallende-stoffer-pa-jobben\/rettigheter-og-plikter\/\" \/>\n<meta property=\"og:locale\" content=\"nb_NO\" \/>\n<meta property=\"og:type\" content=\"article\" \/>\n<meta property=\"og:title\" content=\"Rettigheter og plikter\" \/>\n<meta property=\"og:description\" content=\"Finn ut hvilke rettigheter og plikter du har n\u00e5r du arbeider med kreftfremkallende stoffer, inkludert risikovurderinger, oppl\u00e6ring og krav til medisinsk overv\u00e5king.\" \/>\n<meta property=\"og:url\" content=\"https:\/\/stopcarcinogensatwork.eu\/no\/stopp-kreftfremkallende-stoffer-pa-jobben\/rettigheter-og-plikter\/\" \/>\n<meta property=\"og:site_name\" content=\"STOP carcinogens at work\" \/>\n<meta property=\"article:modified_time\" content=\"2025-06-13T10:25:11+00:00\" \/>\n<meta name=\"twitter:card\" content=\"summary_large_image\" \/>\n<meta name=\"twitter:label1\" content=\"Ansl. lesetid\" \/>\n\t<meta name=\"twitter:data1\" content=\"2 minutter\" \/>\n<script type=\"application\/ld+json\" class=\"yoast-schema-graph\">{\"@context\":\"https:\\\/\\\/schema.org\",\"@graph\":[{\"@type\":\"WebPage\",\"@id\":\"https:\\\/\\\/stopcarcinogensatwork.eu\\\/no\\\/stopp-kreftfremkallende-stoffer-pa-jobben\\\/rettigheter-og-plikter\\\/\",\"url\":\"https:\\\/\\\/stopcarcinogensatwork.eu\\\/no\\\/stopp-kreftfremkallende-stoffer-pa-jobben\\\/rettigheter-og-plikter\\\/\",\"name\":\"Rettigheter og plikter - STOP carcinogens at work\",\"isPartOf\":{\"@id\":\"https:\\\/\\\/stopcarcinogensatwork.eu\\\/no\\\/#website\"},\"datePublished\":\"2024-04-12T09:14:49+00:00\",\"dateModified\":\"2025-06-13T10:25:11+00:00\",\"description\":\"Finn ut hvilke rettigheter og plikter du har n\u00e5r du arbeider med kreftfremkallende stoffer, inkludert risikovurderinger, oppl\u00e6ring og krav til medisinsk overv\u00e5king.\",\"breadcrumb\":{\"@id\":\"https:\\\/\\\/stopcarcinogensatwork.eu\\\/no\\\/stopp-kreftfremkallende-stoffer-pa-jobben\\\/rettigheter-og-plikter\\\/#breadcrumb\"},\"inLanguage\":\"nb-NO\",\"potentialAction\":[{\"@type\":\"ReadAction\",\"target\":[\"https:\\\/\\\/stopcarcinogensatwork.eu\\\/no\\\/stopp-kreftfremkallende-stoffer-pa-jobben\\\/rettigheter-og-plikter\\\/\"]}]},{\"@type\":\"BreadcrumbList\",\"@id\":\"https:\\\/\\\/stopcarcinogensatwork.eu\\\/no\\\/stopp-kreftfremkallende-stoffer-pa-jobben\\\/rettigheter-og-plikter\\\/#breadcrumb\",\"itemListElement\":[{\"@type\":\"ListItem\",\"position\":1,\"name\":\"Home\",\"item\":\"https:\\\/\\\/stopcarcinogensatwork.eu\\\/no\\\/stopp-kreftfremkallende-stoffer-pa-jobben\\\/\"},{\"@type\":\"ListItem\",\"position\":2,\"name\":\"STOP Carcinogens at work\",\"item\":\"https:\\\/\\\/stopcarcinogensatwork.eu\\\/no\\\/stopp-kreftfremkallende-stoffer-pa-jobben\\\/\"},{\"@type\":\"ListItem\",\"position\":3,\"name\":\"Rettigheter og plikter\"}]},{\"@type\":\"WebSite\",\"@id\":\"https:\\\/\\\/stopcarcinogensatwork.eu\\\/no\\\/#website\",\"url\":\"https:\\\/\\\/stopcarcinogensatwork.eu\\\/no\\\/\",\"name\":\"STOP Carcinogens at work\",\"description\":\"Every year, about 100.000 people die from cancer that was caused by exposure to carcinogens at work in Europe.\",\"publisher\":{\"@id\":\"https:\\\/\\\/stopcarcinogensatwork.eu\\\/no\\\/#organization\"},\"alternateName\":\"Roadmap on Carcinogens\",\"potentialAction\":[{\"@type\":\"SearchAction\",\"target\":{\"@type\":\"EntryPoint\",\"urlTemplate\":\"https:\\\/\\\/stopcarcinogensatwork.eu\\\/no\\\/?s={search_term_string}\"},\"query-input\":{\"@type\":\"PropertyValueSpecification\",\"valueRequired\":true,\"valueName\":\"search_term_string\"}}],\"inLanguage\":\"nb-NO\"},{\"@type\":\"Organization\",\"@id\":\"https:\\\/\\\/stopcarcinogensatwork.eu\\\/no\\\/#organization\",\"name\":\"TNO\",\"alternateName\":\"This is a European wide voluntary action scheme\",\"url\":\"https:\\\/\\\/stopcarcinogensatwork.eu\\\/no\\\/\",\"logo\":{\"@type\":\"ImageObject\",\"inLanguage\":\"nb-NO\",\"@id\":\"https:\\\/\\\/stopcarcinogensatwork.eu\\\/no\\\/#\\\/schema\\\/logo\\\/image\\\/\",\"url\":\"https:\\\/\\\/stopcarcinogensatwork.eu\\\/wp-content\\\/uploads\\\/2024\\\/08\\\/cropped-FavLarge-1.png\",\"contentUrl\":\"https:\\\/\\\/stopcarcinogensatwork.eu\\\/wp-content\\\/uploads\\\/2024\\\/08\\\/cropped-FavLarge-1.png\",\"width\":512,\"height\":512,\"caption\":\"TNO\"},\"image\":{\"@id\":\"https:\\\/\\\/stopcarcinogensatwork.eu\\\/no\\\/#\\\/schema\\\/logo\\\/image\\\/\"},\"publishingPrinciples\":\"https:\\\/\\\/stopcarcinogensatwork.eu\\\/homepage\\\/legal\\\/\",\"ownershipFundingInfo\":\"https:\\\/\\\/stopcarcinogensatwork.eu\\\/general\\\/about-us\\\/\"}]}<\/script>\n<!-- \/ Yoast SEO Premium plugin. -->","yoast_head_json":{"title":"Rettigheter og plikter - STOP carcinogens at work","description":"Finn ut hvilke rettigheter og plikter du har n\u00e5r du arbeider med kreftfremkallende stoffer, inkludert risikovurderinger, oppl\u00e6ring og krav til medisinsk overv\u00e5king.","robots":{"index":"index","follow":"follow","max-snippet":"max-snippet:-1","max-image-preview":"max-image-preview:large","max-video-preview":"max-video-preview:-1"},"canonical":"https:\/\/stopcarcinogensatwork.eu\/no\/stopp-kreftfremkallende-stoffer-pa-jobben\/rettigheter-og-plikter\/","og_locale":"nb_NO","og_type":"article","og_title":"Rettigheter og plikter","og_description":"Finn ut hvilke rettigheter og plikter du har n\u00e5r du arbeider med kreftfremkallende stoffer, inkludert risikovurderinger, oppl\u00e6ring og krav til medisinsk overv\u00e5king.","og_url":"https:\/\/stopcarcinogensatwork.eu\/no\/stopp-kreftfremkallende-stoffer-pa-jobben\/rettigheter-og-plikter\/","og_site_name":"STOP carcinogens at work","article_modified_time":"2025-06-13T10:25:11+00:00","twitter_card":"summary_large_image","twitter_misc":{"Ansl. lesetid":"2 minutter"},"schema":{"@context":"https:\/\/schema.org","@graph":[{"@type":"WebPage","@id":"https:\/\/stopcarcinogensatwork.eu\/no\/stopp-kreftfremkallende-stoffer-pa-jobben\/rettigheter-og-plikter\/","url":"https:\/\/stopcarcinogensatwork.eu\/no\/stopp-kreftfremkallende-stoffer-pa-jobben\/rettigheter-og-plikter\/","name":"Rettigheter og plikter - STOP carcinogens at work","isPartOf":{"@id":"https:\/\/stopcarcinogensatwork.eu\/no\/#website"},"datePublished":"2024-04-12T09:14:49+00:00","dateModified":"2025-06-13T10:25:11+00:00","description":"Finn ut hvilke rettigheter og plikter du har n\u00e5r du arbeider med kreftfremkallende stoffer, inkludert risikovurderinger, oppl\u00e6ring og krav til medisinsk overv\u00e5king.","breadcrumb":{"@id":"https:\/\/stopcarcinogensatwork.eu\/no\/stopp-kreftfremkallende-stoffer-pa-jobben\/rettigheter-og-plikter\/#breadcrumb"},"inLanguage":"nb-NO","potentialAction":[{"@type":"ReadAction","target":["https:\/\/stopcarcinogensatwork.eu\/no\/stopp-kreftfremkallende-stoffer-pa-jobben\/rettigheter-og-plikter\/"]}]},{"@type":"BreadcrumbList","@id":"https:\/\/stopcarcinogensatwork.eu\/no\/stopp-kreftfremkallende-stoffer-pa-jobben\/rettigheter-og-plikter\/#breadcrumb","itemListElement":[{"@type":"ListItem","position":1,"name":"Home","item":"https:\/\/stopcarcinogensatwork.eu\/no\/stopp-kreftfremkallende-stoffer-pa-jobben\/"},{"@type":"ListItem","position":2,"name":"STOP Carcinogens at work","item":"https:\/\/stopcarcinogensatwork.eu\/no\/stopp-kreftfremkallende-stoffer-pa-jobben\/"},{"@type":"ListItem","position":3,"name":"Rettigheter og plikter"}]},{"@type":"WebSite","@id":"https:\/\/stopcarcinogensatwork.eu\/no\/#website","url":"https:\/\/stopcarcinogensatwork.eu\/no\/","name":"STOP Carcinogens at work","description":"Every year, about 100.000 people die from cancer that was caused by exposure to carcinogens at work in Europe.","publisher":{"@id":"https:\/\/stopcarcinogensatwork.eu\/no\/#organization"},"alternateName":"Roadmap on Carcinogens","potentialAction":[{"@type":"SearchAction","target":{"@type":"EntryPoint","urlTemplate":"https:\/\/stopcarcinogensatwork.eu\/no\/?s={search_term_string}"},"query-input":{"@type":"PropertyValueSpecification","valueRequired":true,"valueName":"search_term_string"}}],"inLanguage":"nb-NO"},{"@type":"Organization","@id":"https:\/\/stopcarcinogensatwork.eu\/no\/#organization","name":"TNO","alternateName":"This is a European wide voluntary action scheme","url":"https:\/\/stopcarcinogensatwork.eu\/no\/","logo":{"@type":"ImageObject","inLanguage":"nb-NO","@id":"https:\/\/stopcarcinogensatwork.eu\/no\/#\/schema\/logo\/image\/","url":"https:\/\/stopcarcinogensatwork.eu\/wp-content\/uploads\/2024\/08\/cropped-FavLarge-1.png","contentUrl":"https:\/\/stopcarcinogensatwork.eu\/wp-content\/uploads\/2024\/08\/cropped-FavLarge-1.png","width":512,"height":512,"caption":"TNO"},"image":{"@id":"https:\/\/stopcarcinogensatwork.eu\/no\/#\/schema\/logo\/image\/"},"publishingPrinciples":"https:\/\/stopcarcinogensatwork.eu\/homepage\/legal\/","ownershipFundingInfo":"https:\/\/stopcarcinogensatwork.eu\/general\/about-us\/"}]}},"_links":{"self":[{"href":"https:\/\/stopcarcinogensatwork.eu\/no\/wp-json\/wp\/v2\/pages\/67923","targetHints":{"allow":["GET"]}}],"collection":[{"href":"https:\/\/stopcarcinogensatwork.eu\/no\/wp-json\/wp\/v2\/pages"}],"about":[{"href":"https:\/\/stopcarcinogensatwork.eu\/no\/wp-json\/wp\/v2\/types\/page"}],"author":[{"embeddable":true,"href":"https:\/\/stopcarcinogensatwork.eu\/no\/wp-json\/wp\/v2\/users\/1"}],"replies":[{"embeddable":true,"href":"https:\/\/stopcarcinogensatwork.eu\/no\/wp-json\/wp\/v2\/comments?post=67923"}],"version-history":[{"count":0,"href":"https:\/\/stopcarcinogensatwork.eu\/no\/wp-json\/wp\/v2\/pages\/67923\/revisions"}],"up":[{"embeddable":true,"href":"https:\/\/stopcarcinogensatwork.eu\/no\/wp-json\/wp\/v2\/pages\/68000"}],"wp:attachment":[{"href":"https:\/\/stopcarcinogensatwork.eu\/no\/wp-json\/wp\/v2\/media?parent=67923"}],"curies":[{"name":"wp","href":"https:\/\/api.w.org\/{rel}","templated":true}]}}