{"id":67946,"date":"2024-03-06T11:27:48","date_gmt":"2024-03-06T11:27:48","guid":{"rendered":"https:\/\/stopcarcinogensatwork.eu\/o-organisatoriske-tiltak\/"},"modified":"2025-09-05T06:03:58","modified_gmt":"2025-09-05T06:03:58","slug":"o-organisatoriske-tiltak","status":"publish","type":"page","link":"https:\/\/stopcarcinogensatwork.eu\/no\/laer-om-de-grunnleggende-forebyggingsstrategiene\/o-organisatoriske-tiltak\/","title":{"rendered":"O - Organisatoriske tiltak"},"content":{"rendered":"<blockquote><p>STOP f\u00f8lger et hierarki av kontroll. For kreftfremkallende stoffer er det bare tillatt \u00e5 g\u00e5 et trinn ned i hierarkiet n\u00e5r tekniske begrensninger hindrer deg i \u00e5 eliminere eksponeringen helt. Her vil vi fokusere p\u00e5 det tredje niv\u00e5et, O for organisatoriske tiltak. Vurder S og T f\u00f8r O. V\u00e6r ogs\u00e5 oppmerksom p\u00e5 at en kombinasjon av tiltak kan brukes.   <\/p><\/blockquote>\n<p>Organisatoriske tiltak best\u00e5r av organisatoriske metoder og prosedyrer, interne retningslinjer og regelmessige kontroller for \u00e5 verifisere gjennomf\u00f8ringen av disse, inkludert vedlikeholdsplaner. De organisatoriske tiltakene som skal iverksettes, b\u00f8r blant annet ta hensyn til arbeidsplassens s\u00e6regenheter, arbeidstakerens kunnskap, utstyret, arbeidsoppgavene og omgivelsene. <\/p>\n<p>Hva b\u00f8r man ta hensyn til n\u00e5r man vurderer hvilke(t) tiltak som skal iverksettes:<\/p>\n<ul>\n<li>Identifiser alle arbeids- og sosiale omr\u00e5der<\/li>\n<li>Vurder type og niv\u00e5 av eksponering for hvert av arbeidsomr\u00e5dene<\/li>\n<li>Identifiser hvilke medarbeidere som trenger tilgang til hvert arbeidsomr\u00e5de<\/li>\n<li>Vurder hvor lang tid den enkelte medarbeider i gjennomsnitt trenger \u00e5 bruke p\u00e5 hvert arbeidsomr\u00e5de<\/li>\n<li>F\u00e5 en beskrivelse av hvert enkelt tiltak, dets egnethet, effekt og effektivitet, og vurder den mulige kombinerte effekten av ulike tiltak for \u00e5 forbedre risikokontrollen<\/li>\n<li>Krav til vedlikehold<\/li>\n<\/ul>\n<h2>Noen organisatoriske tiltak som b\u00f8r vurderes<\/h2>\n<h3>Begrensning av tilgangen til risikoomr\u00e5der<\/h3>\n<p>Arbeidsgivere m\u00e5 ta hensyn til resultatene av risikovurderingen og begrense tilgangen til visse arbeidsomr\u00e5der, og kun gi adgang til de arbeidstakerne som er p\u00e5lagt \u00e5 v\u00e6re der. Fysiske barrierer kan settes opp for \u00e5 begrense arbeidstakernes tilgang, for eksempel d\u00f8rer som krever autorisasjon. Skilt kan brukes til \u00e5 identifisere slike omr\u00e5der.  <\/p>\n<p>Et annet viktig aspekt er \u00e5 begrense tiden arbeidstakerne tilbringer i det aktuelle arbeidsomr\u00e5det. Dette kan gj\u00f8res ved \u00e5 rotere arbeidsoppgavene som arbeidstakeren m\u00e5 utf\u00f8re, eller ved \u00e5 begrense antall timer per skift. <\/p>\n<p>N\u00e5r du utformer planl\u00f8sningen, m\u00e5 du s\u00f8rge for \u00e5 ta hensyn til alle omr\u00e5der, f.eks. plasseringen av fellesomr\u00e5der (som kantine, garderober eller hvileomr\u00e5der) i forhold til arbeidsomr\u00e5dene. Arbeidsomr\u00e5dene b\u00f8r ikke ha direkte forbindelse med sosiale omr\u00e5der. <\/p>\n<h3>Hygiene og individuell beskyttelse<\/h3>\n<p>I arbeidsomr\u00e5der der det er fare for forurensning, m\u00e5 du iverksette tiltak for \u00e5 sikre at:<\/p>\n<ul>\n<li>Alle kjemikalier p\u00e5 arbeidsplassen er beh\u00f8rig merket, og det finnes tilstrekkelige advarsels- og sikkerhetsskilt og signaler<\/li>\n<li>Arbeidsplassen holdes ren og organisert<\/li>\n<li>Arbeiderne ikke spiser, drikker og r\u00f8yker her<\/li>\n<li>Arbeidstakerne er utstyrt med egnede vernekl\u00e6r eller annen egnet spesialbekledning<\/li>\n<li>Separate oppbevaringsplasser for arbeids- eller vernekl\u00e6r og for vanlige kl\u00e6r<\/li>\n<li>Arbeidstakerne har tilgang til egnede og tilstrekkelige vaske- og toalettfasiliteter<\/li>\n<li>Verneutstyret oppbevares p\u00e5 et avgrenset sted<\/li>\n<li>Helseoverv\u00e5king organiseres, og at resultatene av den tas i betraktning<\/li>\n<\/ul>\n<p>Interne retningslinjer kan definere hvor arbeidstakerne har lov til \u00e5 spise, drikke eller r\u00f8yke. Videre kan disse retningslinjene fastsette prosedyrene som arbeidstakerne m\u00e5 f\u00f8lge n\u00e5r det gjelder verneutstyret de trenger, det vil si hvordan de skal bruke, rengj\u00f8re, vedlikeholde og oppbevare det p\u00e5 riktig m\u00e5te. <\/p>\n<p>Enkle hygienetiltak kan inkluderes for \u00e5 minne arbeidstakerne p\u00e5 viktigheten av dem. For eksempel at de skal vaske hendene f\u00f8r de spiser, rengj\u00f8re f\u00f8ttene n\u00e5r de g\u00e5r inn og ut av lokalene, og definere hvilke veier de ansatte m\u00e5 g\u00e5 for \u00e5 f\u00e5 tilgang til enkelte kontaminerte arbeidsomr\u00e5der. <\/p>\n<h3>Informasjon og oppl\u00e6ring for arbeidstakere<\/h3>\n<p>Arbeidsgiverne m\u00e5 s\u00f8rge for at arbeidstakerne blir gjort kjent med resultatene fra risikovurderingen, blant annet om kjemikaliene som brukes, deres farlige egenskaper og hvordan de skal bruke sikkerhetsdatabladene, det vil si om f\u00f8rstehjelpstiltak eller eksponeringskontroll\/personlig beskyttelse.<\/p>\n<p>Videre b\u00f8r arbeidstakerne f\u00e5 klare instruksjoner om tiltakene, for eksempel tekniske tiltak, interne retningslinjer eller prosedyrer for sikkerhetsarbeid, om mulig med illustrasjoner, skjemaer eller videoer.<\/p>\n<ul>\n<li>Det b\u00f8r tas hensyn til arbeidstakernes arbeidsoppgaver og kunnskapsniv\u00e5, og spr\u00e5ket og innholdet i informasjonen og oppl\u00e6ringen som gis, b\u00f8r tilpasses deretter.<\/li>\n<li>Informasjon og oppl\u00e6ring av arbeidstakere b\u00f8r gis regelmessig, og m\u00e5 oppdateres n\u00e5r forholdene endrer seg.<\/li>\n<li>Avhengig av hvilken type informasjon\/oppl\u00e6ring du trenger, kan du tilby den internt og\/eller hente inn ekstern ekspertise.<\/li>\n<\/ul>\n","protected":false},"excerpt":{"rendered":"<p>STOP f\u00f8lger et hierarki av kontroll. For kreftfremkallende stoffer er det bare tillatt \u00e5 g\u00e5 et trinn ned i hierarkiet n\u00e5r tekniske begrensninger hindrer deg i \u00e5 eliminere eksponeringen helt. Her vil vi fokusere p\u00e5 det tredje niv\u00e5et, O for organisatoriske tiltak. Vurder S og T f\u00f8r O. V\u00e6r ogs\u00e5 oppmerksom p\u00e5 at en kombinasjon [&hellip;]<\/p>\n","protected":false},"author":1,"featured_media":0,"parent":67983,"menu_order":0,"comment_status":"closed","ping_status":"closed","template":"","meta":{"inline_featured_image":false,"footnotes":""},"class_list":["post-67946","page","type-page","status-publish","hentry"],"yoast_head":"<!-- This site is optimized with the Yoast SEO Premium plugin v27.0 (Yoast SEO v27.4) - https:\/\/yoast.com\/product\/yoast-seo-premium-wordpress\/ -->\n<title>O - Organisatoriske tiltak - STOP carcinogens at work<\/title>\n<meta name=\"description\" content=\"Every year, more than 100.000 people die in the EU from cancer caused by carcinogens at work. This must STOP!\" \/>\n<meta name=\"robots\" content=\"index, follow, max-snippet:-1, max-image-preview:large, max-video-preview:-1\" \/>\n<link rel=\"canonical\" href=\"https:\/\/stopcarcinogensatwork.eu\/no\/laer-om-de-grunnleggende-forebyggingsstrategiene\/o-organisatoriske-tiltak\/\" \/>\n<meta property=\"og:locale\" content=\"nb_NO\" \/>\n<meta property=\"og:type\" content=\"article\" \/>\n<meta property=\"og:title\" content=\"O - Organisatoriske tiltak\" \/>\n<meta property=\"og:description\" content=\"Every year, more than 100.000 people die in the EU from cancer caused by carcinogens at work. This must STOP!\" \/>\n<meta property=\"og:url\" content=\"https:\/\/stopcarcinogensatwork.eu\/no\/laer-om-de-grunnleggende-forebyggingsstrategiene\/o-organisatoriske-tiltak\/\" \/>\n<meta property=\"og:site_name\" content=\"STOP carcinogens at work\" \/>\n<meta property=\"article:modified_time\" content=\"2025-09-05T06:03:58+00:00\" \/>\n<meta name=\"twitter:card\" content=\"summary_large_image\" \/>\n<meta name=\"twitter:label1\" content=\"Ansl. lesetid\" \/>\n\t<meta name=\"twitter:data1\" content=\"3 minutter\" \/>\n<script type=\"application\/ld+json\" class=\"yoast-schema-graph\">{\"@context\":\"https:\\\/\\\/schema.org\",\"@graph\":[{\"@type\":\"WebPage\",\"@id\":\"https:\\\/\\\/stopcarcinogensatwork.eu\\\/no\\\/laer-om-de-grunnleggende-forebyggingsstrategiene\\\/o-organisatoriske-tiltak\\\/\",\"url\":\"https:\\\/\\\/stopcarcinogensatwork.eu\\\/no\\\/laer-om-de-grunnleggende-forebyggingsstrategiene\\\/o-organisatoriske-tiltak\\\/\",\"name\":\"O - Organisatoriske tiltak - STOP carcinogens at work\",\"isPartOf\":{\"@id\":\"https:\\\/\\\/stopcarcinogensatwork.eu\\\/no\\\/#website\"},\"datePublished\":\"2024-03-06T11:27:48+00:00\",\"dateModified\":\"2025-09-05T06:03:58+00:00\",\"description\":\"Every year, more than 100.000 people die in the EU from cancer caused by carcinogens at work. This must STOP!\",\"breadcrumb\":{\"@id\":\"https:\\\/\\\/stopcarcinogensatwork.eu\\\/no\\\/laer-om-de-grunnleggende-forebyggingsstrategiene\\\/o-organisatoriske-tiltak\\\/#breadcrumb\"},\"inLanguage\":\"nb-NO\",\"potentialAction\":[{\"@type\":\"ReadAction\",\"target\":[\"https:\\\/\\\/stopcarcinogensatwork.eu\\\/no\\\/laer-om-de-grunnleggende-forebyggingsstrategiene\\\/o-organisatoriske-tiltak\\\/\"]}]},{\"@type\":\"BreadcrumbList\",\"@id\":\"https:\\\/\\\/stopcarcinogensatwork.eu\\\/no\\\/laer-om-de-grunnleggende-forebyggingsstrategiene\\\/o-organisatoriske-tiltak\\\/#breadcrumb\",\"itemListElement\":[{\"@type\":\"ListItem\",\"position\":1,\"name\":\"Home\",\"item\":\"https:\\\/\\\/stopcarcinogensatwork.eu\\\/no\\\/stopp-kreftfremkallende-stoffer-pa-jobben\\\/\"},{\"@type\":\"ListItem\",\"position\":2,\"name\":\"L\u00e6r om de grunnleggende forebyggingsstrategiene\",\"item\":\"https:\\\/\\\/stopcarcinogensatwork.eu\\\/no\\\/laer-om-de-grunnleggende-forebyggingsstrategiene\\\/\"},{\"@type\":\"ListItem\",\"position\":3,\"name\":\"O &#8211; Organisatoriske tiltak\"}]},{\"@type\":\"WebSite\",\"@id\":\"https:\\\/\\\/stopcarcinogensatwork.eu\\\/no\\\/#website\",\"url\":\"https:\\\/\\\/stopcarcinogensatwork.eu\\\/no\\\/\",\"name\":\"STOP Carcinogens at work\",\"description\":\"Every year, about 100.000 people die from cancer that was caused by exposure to carcinogens at work in Europe.\",\"publisher\":{\"@id\":\"https:\\\/\\\/stopcarcinogensatwork.eu\\\/no\\\/#organization\"},\"alternateName\":\"Roadmap on Carcinogens\",\"potentialAction\":[{\"@type\":\"SearchAction\",\"target\":{\"@type\":\"EntryPoint\",\"urlTemplate\":\"https:\\\/\\\/stopcarcinogensatwork.eu\\\/no\\\/?s={search_term_string}\"},\"query-input\":{\"@type\":\"PropertyValueSpecification\",\"valueRequired\":true,\"valueName\":\"search_term_string\"}}],\"inLanguage\":\"nb-NO\"},{\"@type\":\"Organization\",\"@id\":\"https:\\\/\\\/stopcarcinogensatwork.eu\\\/no\\\/#organization\",\"name\":\"TNO\",\"alternateName\":\"This is a European wide voluntary action scheme\",\"url\":\"https:\\\/\\\/stopcarcinogensatwork.eu\\\/no\\\/\",\"logo\":{\"@type\":\"ImageObject\",\"inLanguage\":\"nb-NO\",\"@id\":\"https:\\\/\\\/stopcarcinogensatwork.eu\\\/no\\\/#\\\/schema\\\/logo\\\/image\\\/\",\"url\":\"https:\\\/\\\/stopcarcinogensatwork.eu\\\/wp-content\\\/uploads\\\/2024\\\/08\\\/cropped-FavLarge-1.png\",\"contentUrl\":\"https:\\\/\\\/stopcarcinogensatwork.eu\\\/wp-content\\\/uploads\\\/2024\\\/08\\\/cropped-FavLarge-1.png\",\"width\":512,\"height\":512,\"caption\":\"TNO\"},\"image\":{\"@id\":\"https:\\\/\\\/stopcarcinogensatwork.eu\\\/no\\\/#\\\/schema\\\/logo\\\/image\\\/\"},\"publishingPrinciples\":\"https:\\\/\\\/stopcarcinogensatwork.eu\\\/homepage\\\/legal\\\/\",\"ownershipFundingInfo\":\"https:\\\/\\\/stopcarcinogensatwork.eu\\\/general\\\/about-us\\\/\"}]}<\/script>\n<!-- \/ Yoast SEO Premium plugin. -->","yoast_head_json":{"title":"O - Organisatoriske tiltak - STOP carcinogens at work","description":"Every year, more than 100.000 people die in the EU from cancer caused by carcinogens at work. This must STOP!","robots":{"index":"index","follow":"follow","max-snippet":"max-snippet:-1","max-image-preview":"max-image-preview:large","max-video-preview":"max-video-preview:-1"},"canonical":"https:\/\/stopcarcinogensatwork.eu\/no\/laer-om-de-grunnleggende-forebyggingsstrategiene\/o-organisatoriske-tiltak\/","og_locale":"nb_NO","og_type":"article","og_title":"O - Organisatoriske tiltak","og_description":"Every year, more than 100.000 people die in the EU from cancer caused by carcinogens at work. This must STOP!","og_url":"https:\/\/stopcarcinogensatwork.eu\/no\/laer-om-de-grunnleggende-forebyggingsstrategiene\/o-organisatoriske-tiltak\/","og_site_name":"STOP carcinogens at work","article_modified_time":"2025-09-05T06:03:58+00:00","twitter_card":"summary_large_image","twitter_misc":{"Ansl. lesetid":"3 minutter"},"schema":{"@context":"https:\/\/schema.org","@graph":[{"@type":"WebPage","@id":"https:\/\/stopcarcinogensatwork.eu\/no\/laer-om-de-grunnleggende-forebyggingsstrategiene\/o-organisatoriske-tiltak\/","url":"https:\/\/stopcarcinogensatwork.eu\/no\/laer-om-de-grunnleggende-forebyggingsstrategiene\/o-organisatoriske-tiltak\/","name":"O - Organisatoriske tiltak - STOP carcinogens at work","isPartOf":{"@id":"https:\/\/stopcarcinogensatwork.eu\/no\/#website"},"datePublished":"2024-03-06T11:27:48+00:00","dateModified":"2025-09-05T06:03:58+00:00","description":"Every year, more than 100.000 people die in the EU from cancer caused by carcinogens at work. This must STOP!","breadcrumb":{"@id":"https:\/\/stopcarcinogensatwork.eu\/no\/laer-om-de-grunnleggende-forebyggingsstrategiene\/o-organisatoriske-tiltak\/#breadcrumb"},"inLanguage":"nb-NO","potentialAction":[{"@type":"ReadAction","target":["https:\/\/stopcarcinogensatwork.eu\/no\/laer-om-de-grunnleggende-forebyggingsstrategiene\/o-organisatoriske-tiltak\/"]}]},{"@type":"BreadcrumbList","@id":"https:\/\/stopcarcinogensatwork.eu\/no\/laer-om-de-grunnleggende-forebyggingsstrategiene\/o-organisatoriske-tiltak\/#breadcrumb","itemListElement":[{"@type":"ListItem","position":1,"name":"Home","item":"https:\/\/stopcarcinogensatwork.eu\/no\/stopp-kreftfremkallende-stoffer-pa-jobben\/"},{"@type":"ListItem","position":2,"name":"L\u00e6r om de grunnleggende forebyggingsstrategiene","item":"https:\/\/stopcarcinogensatwork.eu\/no\/laer-om-de-grunnleggende-forebyggingsstrategiene\/"},{"@type":"ListItem","position":3,"name":"O &#8211; Organisatoriske tiltak"}]},{"@type":"WebSite","@id":"https:\/\/stopcarcinogensatwork.eu\/no\/#website","url":"https:\/\/stopcarcinogensatwork.eu\/no\/","name":"STOP Carcinogens at work","description":"Every year, about 100.000 people die from cancer that was caused by exposure to carcinogens at work in Europe.","publisher":{"@id":"https:\/\/stopcarcinogensatwork.eu\/no\/#organization"},"alternateName":"Roadmap on Carcinogens","potentialAction":[{"@type":"SearchAction","target":{"@type":"EntryPoint","urlTemplate":"https:\/\/stopcarcinogensatwork.eu\/no\/?s={search_term_string}"},"query-input":{"@type":"PropertyValueSpecification","valueRequired":true,"valueName":"search_term_string"}}],"inLanguage":"nb-NO"},{"@type":"Organization","@id":"https:\/\/stopcarcinogensatwork.eu\/no\/#organization","name":"TNO","alternateName":"This is a European wide voluntary action scheme","url":"https:\/\/stopcarcinogensatwork.eu\/no\/","logo":{"@type":"ImageObject","inLanguage":"nb-NO","@id":"https:\/\/stopcarcinogensatwork.eu\/no\/#\/schema\/logo\/image\/","url":"https:\/\/stopcarcinogensatwork.eu\/wp-content\/uploads\/2024\/08\/cropped-FavLarge-1.png","contentUrl":"https:\/\/stopcarcinogensatwork.eu\/wp-content\/uploads\/2024\/08\/cropped-FavLarge-1.png","width":512,"height":512,"caption":"TNO"},"image":{"@id":"https:\/\/stopcarcinogensatwork.eu\/no\/#\/schema\/logo\/image\/"},"publishingPrinciples":"https:\/\/stopcarcinogensatwork.eu\/homepage\/legal\/","ownershipFundingInfo":"https:\/\/stopcarcinogensatwork.eu\/general\/about-us\/"}]}},"_links":{"self":[{"href":"https:\/\/stopcarcinogensatwork.eu\/no\/wp-json\/wp\/v2\/pages\/67946","targetHints":{"allow":["GET"]}}],"collection":[{"href":"https:\/\/stopcarcinogensatwork.eu\/no\/wp-json\/wp\/v2\/pages"}],"about":[{"href":"https:\/\/stopcarcinogensatwork.eu\/no\/wp-json\/wp\/v2\/types\/page"}],"author":[{"embeddable":true,"href":"https:\/\/stopcarcinogensatwork.eu\/no\/wp-json\/wp\/v2\/users\/1"}],"replies":[{"embeddable":true,"href":"https:\/\/stopcarcinogensatwork.eu\/no\/wp-json\/wp\/v2\/comments?post=67946"}],"version-history":[{"count":0,"href":"https:\/\/stopcarcinogensatwork.eu\/no\/wp-json\/wp\/v2\/pages\/67946\/revisions"}],"up":[{"embeddable":true,"href":"https:\/\/stopcarcinogensatwork.eu\/no\/wp-json\/wp\/v2\/pages\/67983"}],"wp:attachment":[{"href":"https:\/\/stopcarcinogensatwork.eu\/no\/wp-json\/wp\/v2\/media?parent=67946"}],"curies":[{"name":"wp","href":"https:\/\/api.w.org\/{rel}","templated":true}]}}