{"id":67949,"date":"2024-03-06T10:59:51","date_gmt":"2024-03-06T10:59:51","guid":{"rendered":"https:\/\/stopcarcinogensatwork.eu\/p-personlig-beskyttelse\/"},"modified":"2025-06-13T10:24:59","modified_gmt":"2025-06-13T10:24:59","slug":"p-personlig-beskyttelse","status":"publish","type":"page","link":"https:\/\/stopcarcinogensatwork.eu\/no\/laer-om-de-grunnleggende-forebyggingsstrategiene\/p-personlig-beskyttelse\/","title":{"rendered":"P - Personlig beskyttelse"},"content":{"rendered":"<blockquote><p>STOP f\u00f8lger et hierarki av kontroll. For kreftfremkallende stoffer er det bare tillatt \u00e5 g\u00e5 et trinn ned i hierarkiet n\u00e5r tekniske begrensninger hindrer deg i \u00e5 eliminere eksponeringen helt. Her vil vi fokusere p\u00e5 P for personlig beskyttelse. Vurder S, T og O f\u00f8r P. V\u00e6r ogs\u00e5 oppmerksom p\u00e5 at en kombinasjon av tiltak kan brukes.   <\/p><\/blockquote>\n<p>Noen ganger er substitusjon ikke mulig, og tekniske og organisatoriske tiltak er ikke tilstrekkelige for \u00e5 redusere eksponeringsniv\u00e5ene. Da m\u00e5 du bruke personlig verneutstyr. Personlig verneutstyr (PVU) bidrar til \u00e5 holde kreftfremkallende stoffer borte fra lunger, hud og \u00f8yne. Personlig verneutstyr kan bare brukes som et supplement til tiltak h\u00f8yere opp i hierarkiet, og anses som en siste utvei.   <\/p>\n<p>Personlig verneutstyr er utstyr som er utformet og produsert for \u00e5 b\u00e6res eller holdes av en person for \u00e5 beskytte mot en eller flere risikoer for personens helse eller sikkerhet.<\/p>\n<p>Hva b\u00f8r vurderes ved valg av personlig verneutstyr:<\/p>\n<ul>\n<li>Fareegenskapene til de kreftfremkallende stoffene som finnes p\u00e5 arbeidsplassen<\/li>\n<li>Informasjonen om personlig verneutstyr som er tilgjengelig p\u00e5 sikkerhetsdatabladene<\/li>\n<li>Resultatene av risikovurderingen p\u00e5 arbeidsplassen<\/li>\n<li>Arbeidstakerens individuelle egenskaper, f.eks. kroppsh\u00f8yde, skost\u00f8rrelse<\/li>\n<\/ul>\n<p>Det er viktig \u00e5 bruke riktig personlig verneutstyr for de kreftfremkallende stoffene som finnes p\u00e5 arbeidsplassen. Husk at det ofte kreves mer enn ett personlig verneutstyr. <\/p>\n<h2>Velge riktig personlig verneutstyr<\/h2>\n<h3>Grunnleggende retningslinjer<\/h3>\n<p>Arbeidsgivere m\u00e5 s\u00f8rge for at det personlige verneutstyret er egnet til \u00e5 redusere den yrkesmessige risikoen, med tanke p\u00e5 eksponeringens art, hyppighet og varighet. I den forbindelse m\u00e5 de ta hensyn til den tilstrekkelige beskyttelsesfaktoren og den potensielle \u00f8kningen i andre yrkesmessige risikoer. <\/p>\n<p>For at verneutstyret skal v\u00e6re effektivt, m\u00e5 det passe den tiltenkte brukeren (v\u00e6r oppmerksom p\u00e5 at ansiktsbeh\u00e5ring kan p\u00e5virke passform og funksjon). Ergonomi og allergier (f.eks. mot lateks) b\u00f8r ogs\u00e5 tas med i betraktningen. I tillegg m\u00e5 du vurdere under hvilke forhold de skal brukes, slik at du kan ta beslutninger i samsvar med dette.  <\/p>\n<p>S\u00f8rg for \u00e5 involvere arbeidstakerne n\u00e5r du skal velge det mest hensiktsmessige verneutstyret. Et komfortabelt og veltilpasset personlig verneutstyr gj\u00f8r det lettere for arbeidstakerne \u00e5 bruke det. <\/p>\n<p>Personlig verneutstyr m\u00e5 v\u00e6re CE-merket for \u00e5 vise at det er i samsvar med EU-lovgivningen.<\/p>\n<p>Arbeidsgivere m\u00e5 s\u00f8rge for at arbeidstakerne er klar over hvilket personlig verneutstyr de m\u00e5 bruke i forbindelse med de ulike arbeidsoppgavene, og hvordan de skal bruke det p\u00e5 riktig m\u00e5te.<\/p>\n<h3>Rengj\u00f8ring, lagring og vedlikehold<\/h3>\n<p>I arbeidsomr\u00e5der der bruk av personlig verneutstyr er p\u00e5krevd, m\u00e5 du s\u00f8rge for at<\/p>\n<ul>\n<li>Separate oppbevaringsplasser for arbeids- eller vernekl\u00e6r og for vanlige kl\u00e6r<\/li>\n<li>Verneutstyret skal kontrolleres og rengj\u00f8res etter hver bruk og oppbevares p\u00e5 et godt avgrenset sted<\/li>\n<li>Defekt utstyr repareres eller skiftes ut f\u00f8r videre bruk<\/li>\n<li>Hvis personlig verneutstyr skal brukes p\u00e5 nytt, m\u00e5 det v\u00e6re enkelt \u00e5 rengj\u00f8re og\/eller desinfisere<\/li>\n<\/ul>\n<p>Interne retningslinjer b\u00f8r fastsette prosedyrer som arbeidstakerne m\u00e5 f\u00f8lge n\u00e5r det gjelder verneutstyret de trenger, det vil si hvordan de skal bruke, rengj\u00f8re, vedlikeholde og oppbevare det p\u00e5 riktig m\u00e5te.<\/p>\n<h3>Spesifiser personlig verneutstyr<\/h3>\n<p>Resultatene av risikovurderingen p\u00e5 arbeidsplassen og instruksene til arbeidstakerne m\u00e5 tydelig angi hvilket personlig verneutstyr arbeidstakerne skal bruke til hver enkelt oppgave, noe som inneb\u00e6rer at beskyttelsesniv\u00e5et for hvert enkelt verneutstyr og de tekniske spesifikasjonene m\u00e5 angis tydelig. Det er ikke nok \u00e5 nevne vagt at f.eks. hansker skal brukes til en gitt oppgave, det m\u00e5 ogs\u00e5 angis hvilken type hansker som skal brukes. <\/p>\n<h3>  Praktiske r\u00e5d<\/h3>\n<ul>\n<li>S\u00f8rg for at engangsutstyr ikke brukes om igjen<\/li>\n<li>Hold de ulike typene personlig verneutstyr (hansker, masker osv.) p\u00e5 et minimum for \u00e5 \u00f8ke etterlevelsen - et fargekodesystem kan brukes<\/li>\n<li>S\u00f8rg for at det personlige verneutstyret passer til hver enkelt arbeidstakers st\u00f8rrelse - l\u00f8st personlig verneutstyr kan \u00f8ke risikoen for eksponering og ulykker, f.eks. hvis det er roterende deler i maskineriet<\/li>\n<li>Arbeid med personlig verneutstyr (f.eks. \u00e5ndedrettsvern) kan v\u00e6re krevende og stressende for arbeidstakerne - vurder ulike l\u00f8sninger ved valg av egnet personlig verneutstyr (f.eks. bruk av elektrisk luftrensende \u00e5ndedrettsvern i stedet for filtermaske).<\/li>\n<li>Materialets sammensetning og vekt b\u00f8r ogs\u00e5 tas i betraktning under utvelgelsesprosessen (f.eks. foretrekke naturfibre, unng\u00e5 tunge arbeidsst\u00f8vler).<\/li>\n<li>N\u00e5r du tar av deg verneutstyret, m\u00e5 du f\u00f8lge de riktige prosedyrene for \u00e5 forhindre kontaminering - dvs. hvordan du tar det av p\u00e5 riktig m\u00e5te, i hvilken rekkef\u00f8lge og hvordan du oppbevarer det (f.eks. ta av deg vernekl\u00e6rne f\u00f8r du tar av deg \u00e5ndedrettsvernet, oppbevar \u00e5ndedrettsvernet over kl\u00e6rne og med \u00e5pningen vendt nedover).<\/li>\n<li>Generelt b\u00f8r personlig verneutstyr ikke tas med hjem - v\u00e6r oppmerksom p\u00e5 at forurenset personlig verneutstyr (f.eks. kl\u00e6r, st\u00f8vler) potensielt kan skade familiemedlemmene dine<\/li>\n<li>Den endelige kostnaden for personlig verneutstyr inkluderer ikke bare innkj\u00f8psprisen, men ogs\u00e5 hvor mange ganger det m\u00e5 skiftes ut<\/li>\n<li>Vurder \u00e5 bruke bomullshansker under vernehanskene for \u00e5 redusere transpirasjonen, om n\u00f8dvendig<\/li>\n<li>Og husk at \u00e9n st\u00f8rrelse ikke passer alle arbeidstakere!<\/li>\n<\/ul>\n","protected":false},"excerpt":{"rendered":"<p>STOP f\u00f8lger et hierarki av kontroll. For kreftfremkallende stoffer er det bare tillatt \u00e5 g\u00e5 et trinn ned i hierarkiet n\u00e5r tekniske begrensninger hindrer deg i \u00e5 eliminere eksponeringen helt. Her vil vi fokusere p\u00e5 P for personlig beskyttelse. Vurder S, T og O f\u00f8r P. V\u00e6r ogs\u00e5 oppmerksom p\u00e5 at en kombinasjon av tiltak [&hellip;]<\/p>\n","protected":false},"author":1,"featured_media":0,"parent":67983,"menu_order":0,"comment_status":"closed","ping_status":"closed","template":"","meta":{"inline_featured_image":false,"footnotes":""},"class_list":["post-67949","page","type-page","status-publish","hentry"],"yoast_head":"<!-- This site is optimized with the Yoast SEO Premium plugin v27.0 (Yoast SEO v27.4) - https:\/\/yoast.com\/product\/yoast-seo-premium-wordpress\/ -->\n<title>P - Personlig beskyttelse - STOP carcinogens at work<\/title>\n<meta name=\"description\" content=\"Every year, more than 100.000 people die in the EU from cancer caused by carcinogens at work. This must STOP!\" \/>\n<meta name=\"robots\" content=\"index, follow, max-snippet:-1, max-image-preview:large, max-video-preview:-1\" \/>\n<link rel=\"canonical\" href=\"https:\/\/stopcarcinogensatwork.eu\/no\/laer-om-de-grunnleggende-forebyggingsstrategiene\/p-personlig-beskyttelse\/\" \/>\n<meta property=\"og:locale\" content=\"nb_NO\" \/>\n<meta property=\"og:type\" content=\"article\" \/>\n<meta property=\"og:title\" content=\"P - Personlig beskyttelse\" \/>\n<meta property=\"og:description\" content=\"Every year, more than 100.000 people die in the EU from cancer caused by carcinogens at work. This must STOP!\" \/>\n<meta property=\"og:url\" content=\"https:\/\/stopcarcinogensatwork.eu\/no\/laer-om-de-grunnleggende-forebyggingsstrategiene\/p-personlig-beskyttelse\/\" \/>\n<meta property=\"og:site_name\" content=\"STOP carcinogens at work\" \/>\n<meta property=\"article:modified_time\" content=\"2025-06-13T10:24:59+00:00\" \/>\n<meta name=\"twitter:card\" content=\"summary_large_image\" \/>\n<meta name=\"twitter:label1\" content=\"Ansl. lesetid\" \/>\n\t<meta name=\"twitter:data1\" content=\"4 minutter\" \/>\n<script type=\"application\/ld+json\" class=\"yoast-schema-graph\">{\"@context\":\"https:\\\/\\\/schema.org\",\"@graph\":[{\"@type\":\"WebPage\",\"@id\":\"https:\\\/\\\/stopcarcinogensatwork.eu\\\/no\\\/laer-om-de-grunnleggende-forebyggingsstrategiene\\\/p-personlig-beskyttelse\\\/\",\"url\":\"https:\\\/\\\/stopcarcinogensatwork.eu\\\/no\\\/laer-om-de-grunnleggende-forebyggingsstrategiene\\\/p-personlig-beskyttelse\\\/\",\"name\":\"P - Personlig beskyttelse - STOP carcinogens at work\",\"isPartOf\":{\"@id\":\"https:\\\/\\\/stopcarcinogensatwork.eu\\\/no\\\/#website\"},\"datePublished\":\"2024-03-06T10:59:51+00:00\",\"dateModified\":\"2025-06-13T10:24:59+00:00\",\"description\":\"Every year, more than 100.000 people die in the EU from cancer caused by carcinogens at work. This must STOP!\",\"breadcrumb\":{\"@id\":\"https:\\\/\\\/stopcarcinogensatwork.eu\\\/no\\\/laer-om-de-grunnleggende-forebyggingsstrategiene\\\/p-personlig-beskyttelse\\\/#breadcrumb\"},\"inLanguage\":\"nb-NO\",\"potentialAction\":[{\"@type\":\"ReadAction\",\"target\":[\"https:\\\/\\\/stopcarcinogensatwork.eu\\\/no\\\/laer-om-de-grunnleggende-forebyggingsstrategiene\\\/p-personlig-beskyttelse\\\/\"]}]},{\"@type\":\"BreadcrumbList\",\"@id\":\"https:\\\/\\\/stopcarcinogensatwork.eu\\\/no\\\/laer-om-de-grunnleggende-forebyggingsstrategiene\\\/p-personlig-beskyttelse\\\/#breadcrumb\",\"itemListElement\":[{\"@type\":\"ListItem\",\"position\":1,\"name\":\"Home\",\"item\":\"https:\\\/\\\/stopcarcinogensatwork.eu\\\/no\\\/stopp-kreftfremkallende-stoffer-pa-jobben\\\/\"},{\"@type\":\"ListItem\",\"position\":2,\"name\":\"L\u00e6r om de grunnleggende forebyggingsstrategiene\",\"item\":\"https:\\\/\\\/stopcarcinogensatwork.eu\\\/no\\\/laer-om-de-grunnleggende-forebyggingsstrategiene\\\/\"},{\"@type\":\"ListItem\",\"position\":3,\"name\":\"P &#8211; Personlig beskyttelse\"}]},{\"@type\":\"WebSite\",\"@id\":\"https:\\\/\\\/stopcarcinogensatwork.eu\\\/no\\\/#website\",\"url\":\"https:\\\/\\\/stopcarcinogensatwork.eu\\\/no\\\/\",\"name\":\"STOP Carcinogens at work\",\"description\":\"Every year, about 100.000 people die from cancer that was caused by exposure to carcinogens at work in Europe.\",\"publisher\":{\"@id\":\"https:\\\/\\\/stopcarcinogensatwork.eu\\\/no\\\/#organization\"},\"alternateName\":\"Roadmap on Carcinogens\",\"potentialAction\":[{\"@type\":\"SearchAction\",\"target\":{\"@type\":\"EntryPoint\",\"urlTemplate\":\"https:\\\/\\\/stopcarcinogensatwork.eu\\\/no\\\/?s={search_term_string}\"},\"query-input\":{\"@type\":\"PropertyValueSpecification\",\"valueRequired\":true,\"valueName\":\"search_term_string\"}}],\"inLanguage\":\"nb-NO\"},{\"@type\":\"Organization\",\"@id\":\"https:\\\/\\\/stopcarcinogensatwork.eu\\\/no\\\/#organization\",\"name\":\"TNO\",\"alternateName\":\"This is a European wide voluntary action scheme\",\"url\":\"https:\\\/\\\/stopcarcinogensatwork.eu\\\/no\\\/\",\"logo\":{\"@type\":\"ImageObject\",\"inLanguage\":\"nb-NO\",\"@id\":\"https:\\\/\\\/stopcarcinogensatwork.eu\\\/no\\\/#\\\/schema\\\/logo\\\/image\\\/\",\"url\":\"https:\\\/\\\/stopcarcinogensatwork.eu\\\/wp-content\\\/uploads\\\/2024\\\/08\\\/cropped-FavLarge-1.png\",\"contentUrl\":\"https:\\\/\\\/stopcarcinogensatwork.eu\\\/wp-content\\\/uploads\\\/2024\\\/08\\\/cropped-FavLarge-1.png\",\"width\":512,\"height\":512,\"caption\":\"TNO\"},\"image\":{\"@id\":\"https:\\\/\\\/stopcarcinogensatwork.eu\\\/no\\\/#\\\/schema\\\/logo\\\/image\\\/\"},\"publishingPrinciples\":\"https:\\\/\\\/stopcarcinogensatwork.eu\\\/homepage\\\/legal\\\/\",\"ownershipFundingInfo\":\"https:\\\/\\\/stopcarcinogensatwork.eu\\\/general\\\/about-us\\\/\"}]}<\/script>\n<!-- \/ Yoast SEO Premium plugin. -->","yoast_head_json":{"title":"P - Personlig beskyttelse - STOP carcinogens at work","description":"Every year, more than 100.000 people die in the EU from cancer caused by carcinogens at work. This must STOP!","robots":{"index":"index","follow":"follow","max-snippet":"max-snippet:-1","max-image-preview":"max-image-preview:large","max-video-preview":"max-video-preview:-1"},"canonical":"https:\/\/stopcarcinogensatwork.eu\/no\/laer-om-de-grunnleggende-forebyggingsstrategiene\/p-personlig-beskyttelse\/","og_locale":"nb_NO","og_type":"article","og_title":"P - Personlig beskyttelse","og_description":"Every year, more than 100.000 people die in the EU from cancer caused by carcinogens at work. This must STOP!","og_url":"https:\/\/stopcarcinogensatwork.eu\/no\/laer-om-de-grunnleggende-forebyggingsstrategiene\/p-personlig-beskyttelse\/","og_site_name":"STOP carcinogens at work","article_modified_time":"2025-06-13T10:24:59+00:00","twitter_card":"summary_large_image","twitter_misc":{"Ansl. lesetid":"4 minutter"},"schema":{"@context":"https:\/\/schema.org","@graph":[{"@type":"WebPage","@id":"https:\/\/stopcarcinogensatwork.eu\/no\/laer-om-de-grunnleggende-forebyggingsstrategiene\/p-personlig-beskyttelse\/","url":"https:\/\/stopcarcinogensatwork.eu\/no\/laer-om-de-grunnleggende-forebyggingsstrategiene\/p-personlig-beskyttelse\/","name":"P - Personlig beskyttelse - STOP carcinogens at work","isPartOf":{"@id":"https:\/\/stopcarcinogensatwork.eu\/no\/#website"},"datePublished":"2024-03-06T10:59:51+00:00","dateModified":"2025-06-13T10:24:59+00:00","description":"Every year, more than 100.000 people die in the EU from cancer caused by carcinogens at work. This must STOP!","breadcrumb":{"@id":"https:\/\/stopcarcinogensatwork.eu\/no\/laer-om-de-grunnleggende-forebyggingsstrategiene\/p-personlig-beskyttelse\/#breadcrumb"},"inLanguage":"nb-NO","potentialAction":[{"@type":"ReadAction","target":["https:\/\/stopcarcinogensatwork.eu\/no\/laer-om-de-grunnleggende-forebyggingsstrategiene\/p-personlig-beskyttelse\/"]}]},{"@type":"BreadcrumbList","@id":"https:\/\/stopcarcinogensatwork.eu\/no\/laer-om-de-grunnleggende-forebyggingsstrategiene\/p-personlig-beskyttelse\/#breadcrumb","itemListElement":[{"@type":"ListItem","position":1,"name":"Home","item":"https:\/\/stopcarcinogensatwork.eu\/no\/stopp-kreftfremkallende-stoffer-pa-jobben\/"},{"@type":"ListItem","position":2,"name":"L\u00e6r om de grunnleggende forebyggingsstrategiene","item":"https:\/\/stopcarcinogensatwork.eu\/no\/laer-om-de-grunnleggende-forebyggingsstrategiene\/"},{"@type":"ListItem","position":3,"name":"P &#8211; Personlig beskyttelse"}]},{"@type":"WebSite","@id":"https:\/\/stopcarcinogensatwork.eu\/no\/#website","url":"https:\/\/stopcarcinogensatwork.eu\/no\/","name":"STOP Carcinogens at work","description":"Every year, about 100.000 people die from cancer that was caused by exposure to carcinogens at work in Europe.","publisher":{"@id":"https:\/\/stopcarcinogensatwork.eu\/no\/#organization"},"alternateName":"Roadmap on Carcinogens","potentialAction":[{"@type":"SearchAction","target":{"@type":"EntryPoint","urlTemplate":"https:\/\/stopcarcinogensatwork.eu\/no\/?s={search_term_string}"},"query-input":{"@type":"PropertyValueSpecification","valueRequired":true,"valueName":"search_term_string"}}],"inLanguage":"nb-NO"},{"@type":"Organization","@id":"https:\/\/stopcarcinogensatwork.eu\/no\/#organization","name":"TNO","alternateName":"This is a European wide voluntary action scheme","url":"https:\/\/stopcarcinogensatwork.eu\/no\/","logo":{"@type":"ImageObject","inLanguage":"nb-NO","@id":"https:\/\/stopcarcinogensatwork.eu\/no\/#\/schema\/logo\/image\/","url":"https:\/\/stopcarcinogensatwork.eu\/wp-content\/uploads\/2024\/08\/cropped-FavLarge-1.png","contentUrl":"https:\/\/stopcarcinogensatwork.eu\/wp-content\/uploads\/2024\/08\/cropped-FavLarge-1.png","width":512,"height":512,"caption":"TNO"},"image":{"@id":"https:\/\/stopcarcinogensatwork.eu\/no\/#\/schema\/logo\/image\/"},"publishingPrinciples":"https:\/\/stopcarcinogensatwork.eu\/homepage\/legal\/","ownershipFundingInfo":"https:\/\/stopcarcinogensatwork.eu\/general\/about-us\/"}]}},"_links":{"self":[{"href":"https:\/\/stopcarcinogensatwork.eu\/no\/wp-json\/wp\/v2\/pages\/67949","targetHints":{"allow":["GET"]}}],"collection":[{"href":"https:\/\/stopcarcinogensatwork.eu\/no\/wp-json\/wp\/v2\/pages"}],"about":[{"href":"https:\/\/stopcarcinogensatwork.eu\/no\/wp-json\/wp\/v2\/types\/page"}],"author":[{"embeddable":true,"href":"https:\/\/stopcarcinogensatwork.eu\/no\/wp-json\/wp\/v2\/users\/1"}],"replies":[{"embeddable":true,"href":"https:\/\/stopcarcinogensatwork.eu\/no\/wp-json\/wp\/v2\/comments?post=67949"}],"version-history":[{"count":0,"href":"https:\/\/stopcarcinogensatwork.eu\/no\/wp-json\/wp\/v2\/pages\/67949\/revisions"}],"up":[{"embeddable":true,"href":"https:\/\/stopcarcinogensatwork.eu\/no\/wp-json\/wp\/v2\/pages\/67983"}],"wp:attachment":[{"href":"https:\/\/stopcarcinogensatwork.eu\/no\/wp-json\/wp\/v2\/media?parent=67949"}],"curies":[{"name":"wp","href":"https:\/\/api.w.org\/{rel}","templated":true}]}}