{"id":67956,"date":"2024-03-06T08:45:07","date_gmt":"2024-03-06T08:45:07","guid":{"rendered":"https:\/\/stopcarcinogensatwork.eu\/s-erstatning\/"},"modified":"2025-06-13T10:24:59","modified_gmt":"2025-06-13T10:24:59","slug":"s-erstatning","status":"publish","type":"page","link":"https:\/\/stopcarcinogensatwork.eu\/no\/laer-om-de-grunnleggende-forebyggingsstrategiene\/s-erstatning\/","title":{"rendered":"S - Erstatning"},"content":{"rendered":"<blockquote><p>STOP-prinsippet beskriver prioriteringsrekkef\u00f8lgen for vernetiltak. Arbeidsgiveren m\u00e5 f\u00f8lge denne prioriteringsrekkef\u00f8lgen n\u00e5r vernetiltak skal fastsettes og iverksettes. Her vil vi fokusere p\u00e5 det f\u00f8rste niv\u00e5et, S for substitusjon. Vennligst vurder S f\u00f8rst. V\u00e6r ogs\u00e5 oppmerksom p\u00e5 at en kombinasjon av tiltak kan brukes.    <\/p><\/blockquote>\n<p>Det kan v\u00e6re utfordrende \u00e5 erstatte kreftfremkallende stoffer. Et teknisk likeverdig alternativ m\u00e5 v\u00e6re tilgjengelig og gjennomf\u00f8rbart. Risikoen fra alternativet m\u00e5 v\u00e6re lavere enn fra det kreftfremkallende stoffet som erstattes. Hvis en evaluering ikke tillater \u00e5 erstatte et bestemt kreftfremkallende stoff, m\u00e5 \u00e5rsakene til dette dokumenteres p\u00e5 en \u00e5pen m\u00e5te.   <\/p>\n<p>Generelt sett reduserer vellykket substitusjon risikoen for de ansatte og gir arbeidsgivere mulighet til \u00e5 iverksette mindre krevende risikoh\u00e5ndteringstiltak. N\u00e5r eksponeringen for et kreftfremkallende stoff elimineres helt, vil det ikke v\u00e6re behov for et eksponeringsregister eller for \u00e5 lagre det i opptil 40 \u00e5r. Det kan redusere kostnadene, f.eks. til sikkerhetsutstyr, avfall og medisinske unders\u00f8kelser. Fremfor alt vil substitusjon v\u00e6re til fordel for arbeidernes helse.   <\/p>\n<p>Ved vurdering av substitusjon,<\/p>\n<ul>\n<li>Sjekk de juridiske forpliktelsene som kan begrense bruken av det kreftfremkallende stoffet. Et eksempel er godkjenning i henhold til REACH. <\/li>\n<li>Identifiser de kreftfremkallende stoffene med h\u00f8yest risiko p\u00e5 arbeidsplassen, og vurder dem f\u00f8rst.<\/li>\n<li>Finn ut om det kreftfremkallende stoffet som brukes, har en funksjon i den endelige blandingen eller artikkelen. I s\u00e5 fall er disse kreftfremkallende stoffene vanligvis vanskeligere \u00e5 erstatte, og det kan kreve en ny utforming av blandingen eller artikkelen eller mer omfattende endringer i hele produksjonsprosessen. <\/li>\n<li>Finn ut hvilke kriterier kunden virkelig trenger, og hvor disse kriteriene er fleksible slik at de kan endres.<\/li>\n<li>Sett opp kriterier for substitusjon som er relevante for deg og din virksomhet. V\u00e6r oppmerksom p\u00e5 at et mye tryggere alternativ ikke b\u00f8r velges bort bare p\u00e5 grunn av kostnadene. <\/li>\n<li>Identifiser hvem som m\u00e5 involveres i leverand\u00f8rkjeden.<\/li>\n<li>Samle informasjon om tilgjengelige alternativer og ta informerte beslutninger. L\u00f8sninger kan allerede v\u00e6re tilgjengelige. <\/li>\n<li>Ta hensyn til b\u00e6rekraftsaspekter, f.eks. karbonavtrykk, klimagassutslipp og resirkulerbarhet, som blir stadig viktigere.<\/li>\n<li>Et alternativ trenger ikke \u00e5 v\u00e6re en universall\u00f8sning. I stedet b\u00f8r man vurdere en kombinasjon av flere typer tiltak. <\/li>\n<\/ul>\n<h2>Noen tiltak du b\u00f8r vurdere<\/h2>\n<h3>Alternative stoffer eller blandinger<\/h3>\n<p>Ofte er det enklere \u00e5 implementere substitusjon med et alternativt stoff eller en blanding i allerede etablerte produksjonsprosesser, og det krever kanskje bare sm\u00e5 justeringer. Unng\u00e5 imidlertid beklagelig substitusjon ved \u00e5 erstatte med alternativer innenfor samme kjemiske gruppe og med en lignende toksikologisk profil. Informasjon om kjemiske egenskaper, f.eks. damptrykk, og klassifisering er tilgjengelig i sikkerhetsdatabladet fra leverand\u00f8ren og i egne kjemiske databaser, f.eks. hos ECHA.  <\/p>\n<p>Eksempel: krom (III) i stedet for krom (VI) i overflatebehandling av dekorativ forkromming.<\/p>\n<h3>Tekniske alternativer<\/h3>\n<p>Tekniske alternativer oppn\u00e5r det samme resultatet med en annen prosess. For eksempel ved \u00e5 bruke en fysisk prosess i stedet for en kjemisk prosess. Endring av prosesser krever ofte bruk av alternative stoffer. Egenskapene til det endelige produktet eller materialet kan ogs\u00e5 endres.   <\/p>\n<p>Eksempel: fysisk dampavsetning (PVD) i stedet for forkromming med krom (VI) for visse bruksomr\u00e5der.<\/p>\n<h3>Funksjonelle alternativer<\/h3>\n<p>\u00c5 sette fokus p\u00e5 funksjonen i den endelige blandingen eller artikkelen kan bidra til \u00e5 vurdere et bredere spekter av alternativer, men det kan kreve redesign. En spesifikk funksjon kan leveres med et alternativ s\u00e5 lenge det er plausibelt og gjennomf\u00f8rbart. <\/p>\n<p>Eksempel: erstatte overflatebehandling med krom (VI) med beskyttelse av overflaten med voks eller polish, for \u00e5 forhindre rask korrosjon ved eksponering for oksygen og vann.<\/p>\n","protected":false},"excerpt":{"rendered":"<p>STOP-prinsippet beskriver prioriteringsrekkef\u00f8lgen for vernetiltak. Arbeidsgiveren m\u00e5 f\u00f8lge denne prioriteringsrekkef\u00f8lgen n\u00e5r vernetiltak skal fastsettes og iverksettes. Her vil vi fokusere p\u00e5 det f\u00f8rste niv\u00e5et, S for substitusjon. Vennligst vurder S f\u00f8rst. V\u00e6r ogs\u00e5 oppmerksom p\u00e5 at en kombinasjon av tiltak kan brukes. Det kan v\u00e6re utfordrende \u00e5 erstatte kreftfremkallende stoffer. Et teknisk likeverdig alternativ m\u00e5 [&hellip;]<\/p>\n","protected":false},"author":1,"featured_media":0,"parent":67983,"menu_order":0,"comment_status":"closed","ping_status":"closed","template":"","meta":{"inline_featured_image":false,"footnotes":""},"class_list":["post-67956","page","type-page","status-publish","hentry"],"yoast_head":"<!-- This site is optimized with the Yoast SEO Premium plugin v27.4 (Yoast SEO v27.4) - https:\/\/yoast.com\/product\/yoast-seo-premium-wordpress\/ -->\n<title>S - Erstatning - STOP carcinogens at work<\/title>\n<meta name=\"description\" content=\"Every year, more than 100.000 people die in the EU from cancer caused by carcinogens at work. This must STOP!\" \/>\n<meta name=\"robots\" content=\"index, follow, max-snippet:-1, max-image-preview:large, max-video-preview:-1\" \/>\n<link rel=\"canonical\" href=\"https:\/\/stopcarcinogensatwork.eu\/no\/laer-om-de-grunnleggende-forebyggingsstrategiene\/s-erstatning\/\" \/>\n<meta property=\"og:locale\" content=\"nb_NO\" \/>\n<meta property=\"og:type\" content=\"article\" \/>\n<meta property=\"og:title\" content=\"S - Erstatning\" \/>\n<meta property=\"og:description\" content=\"Every year, more than 100.000 people die in the EU from cancer caused by carcinogens at work. This must STOP!\" \/>\n<meta property=\"og:url\" content=\"https:\/\/stopcarcinogensatwork.eu\/no\/laer-om-de-grunnleggende-forebyggingsstrategiene\/s-erstatning\/\" \/>\n<meta property=\"og:site_name\" content=\"STOP carcinogens at work\" \/>\n<meta property=\"article:modified_time\" content=\"2025-06-13T10:24:59+00:00\" \/>\n<meta name=\"twitter:card\" content=\"summary_large_image\" \/>\n<meta name=\"twitter:label1\" content=\"Ansl. lesetid\" \/>\n\t<meta name=\"twitter:data1\" content=\"3 minutter\" \/>\n<script type=\"application\/ld+json\" class=\"yoast-schema-graph\">{\"@context\":\"https:\\\/\\\/schema.org\",\"@graph\":[{\"@type\":\"WebPage\",\"@id\":\"https:\\\/\\\/stopcarcinogensatwork.eu\\\/no\\\/laer-om-de-grunnleggende-forebyggingsstrategiene\\\/s-erstatning\\\/\",\"url\":\"https:\\\/\\\/stopcarcinogensatwork.eu\\\/no\\\/laer-om-de-grunnleggende-forebyggingsstrategiene\\\/s-erstatning\\\/\",\"name\":\"S - Erstatning - STOP carcinogens at work\",\"isPartOf\":{\"@id\":\"https:\\\/\\\/stopcarcinogensatwork.eu\\\/no\\\/#website\"},\"datePublished\":\"2024-03-06T08:45:07+00:00\",\"dateModified\":\"2025-06-13T10:24:59+00:00\",\"description\":\"Every year, more than 100.000 people die in the EU from cancer caused by carcinogens at work. This must STOP!\",\"breadcrumb\":{\"@id\":\"https:\\\/\\\/stopcarcinogensatwork.eu\\\/no\\\/laer-om-de-grunnleggende-forebyggingsstrategiene\\\/s-erstatning\\\/#breadcrumb\"},\"inLanguage\":\"nb-NO\",\"potentialAction\":[{\"@type\":\"ReadAction\",\"target\":[\"https:\\\/\\\/stopcarcinogensatwork.eu\\\/no\\\/laer-om-de-grunnleggende-forebyggingsstrategiene\\\/s-erstatning\\\/\"]}]},{\"@type\":\"BreadcrumbList\",\"@id\":\"https:\\\/\\\/stopcarcinogensatwork.eu\\\/no\\\/laer-om-de-grunnleggende-forebyggingsstrategiene\\\/s-erstatning\\\/#breadcrumb\",\"itemListElement\":[{\"@type\":\"ListItem\",\"position\":1,\"name\":\"Home\",\"item\":\"https:\\\/\\\/stopcarcinogensatwork.eu\\\/no\\\/stopp-kreftfremkallende-stoffer-pa-jobben\\\/\"},{\"@type\":\"ListItem\",\"position\":2,\"name\":\"L\u00e6r om de grunnleggende forebyggingsstrategiene\",\"item\":\"https:\\\/\\\/stopcarcinogensatwork.eu\\\/no\\\/laer-om-de-grunnleggende-forebyggingsstrategiene\\\/\"},{\"@type\":\"ListItem\",\"position\":3,\"name\":\"S &#8211; Erstatning\"}]},{\"@type\":\"WebSite\",\"@id\":\"https:\\\/\\\/stopcarcinogensatwork.eu\\\/no\\\/#website\",\"url\":\"https:\\\/\\\/stopcarcinogensatwork.eu\\\/no\\\/\",\"name\":\"STOP Carcinogens at work\",\"description\":\"Every year, about 100.000 people die from cancer that was caused by exposure to carcinogens at work in Europe.\",\"publisher\":{\"@id\":\"https:\\\/\\\/stopcarcinogensatwork.eu\\\/no\\\/#organization\"},\"alternateName\":\"Roadmap on Carcinogens\",\"potentialAction\":[{\"@type\":\"SearchAction\",\"target\":{\"@type\":\"EntryPoint\",\"urlTemplate\":\"https:\\\/\\\/stopcarcinogensatwork.eu\\\/no\\\/?s={search_term_string}\"},\"query-input\":{\"@type\":\"PropertyValueSpecification\",\"valueRequired\":true,\"valueName\":\"search_term_string\"}}],\"inLanguage\":\"nb-NO\"},{\"@type\":\"Organization\",\"@id\":\"https:\\\/\\\/stopcarcinogensatwork.eu\\\/no\\\/#organization\",\"name\":\"TNO\",\"alternateName\":\"This is a European wide voluntary action scheme\",\"url\":\"https:\\\/\\\/stopcarcinogensatwork.eu\\\/no\\\/\",\"logo\":{\"@type\":\"ImageObject\",\"inLanguage\":\"nb-NO\",\"@id\":\"https:\\\/\\\/stopcarcinogensatwork.eu\\\/no\\\/#\\\/schema\\\/logo\\\/image\\\/\",\"url\":\"https:\\\/\\\/stopcarcinogensatwork.eu\\\/wp-content\\\/uploads\\\/2024\\\/08\\\/cropped-FavLarge-1.png\",\"contentUrl\":\"https:\\\/\\\/stopcarcinogensatwork.eu\\\/wp-content\\\/uploads\\\/2024\\\/08\\\/cropped-FavLarge-1.png\",\"width\":512,\"height\":512,\"caption\":\"TNO\"},\"image\":{\"@id\":\"https:\\\/\\\/stopcarcinogensatwork.eu\\\/no\\\/#\\\/schema\\\/logo\\\/image\\\/\"},\"publishingPrinciples\":\"https:\\\/\\\/stopcarcinogensatwork.eu\\\/homepage\\\/legal\\\/\",\"ownershipFundingInfo\":\"https:\\\/\\\/stopcarcinogensatwork.eu\\\/general\\\/about-us\\\/\"}]}<\/script>\n<!-- \/ Yoast SEO Premium plugin. -->","yoast_head_json":{"title":"S - Erstatning - STOP carcinogens at work","description":"Every year, more than 100.000 people die in the EU from cancer caused by carcinogens at work. This must STOP!","robots":{"index":"index","follow":"follow","max-snippet":"max-snippet:-1","max-image-preview":"max-image-preview:large","max-video-preview":"max-video-preview:-1"},"canonical":"https:\/\/stopcarcinogensatwork.eu\/no\/laer-om-de-grunnleggende-forebyggingsstrategiene\/s-erstatning\/","og_locale":"nb_NO","og_type":"article","og_title":"S - Erstatning","og_description":"Every year, more than 100.000 people die in the EU from cancer caused by carcinogens at work. This must STOP!","og_url":"https:\/\/stopcarcinogensatwork.eu\/no\/laer-om-de-grunnleggende-forebyggingsstrategiene\/s-erstatning\/","og_site_name":"STOP carcinogens at work","article_modified_time":"2025-06-13T10:24:59+00:00","twitter_card":"summary_large_image","twitter_misc":{"Ansl. lesetid":"3 minutter"},"schema":{"@context":"https:\/\/schema.org","@graph":[{"@type":"WebPage","@id":"https:\/\/stopcarcinogensatwork.eu\/no\/laer-om-de-grunnleggende-forebyggingsstrategiene\/s-erstatning\/","url":"https:\/\/stopcarcinogensatwork.eu\/no\/laer-om-de-grunnleggende-forebyggingsstrategiene\/s-erstatning\/","name":"S - Erstatning - STOP carcinogens at work","isPartOf":{"@id":"https:\/\/stopcarcinogensatwork.eu\/no\/#website"},"datePublished":"2024-03-06T08:45:07+00:00","dateModified":"2025-06-13T10:24:59+00:00","description":"Every year, more than 100.000 people die in the EU from cancer caused by carcinogens at work. This must STOP!","breadcrumb":{"@id":"https:\/\/stopcarcinogensatwork.eu\/no\/laer-om-de-grunnleggende-forebyggingsstrategiene\/s-erstatning\/#breadcrumb"},"inLanguage":"nb-NO","potentialAction":[{"@type":"ReadAction","target":["https:\/\/stopcarcinogensatwork.eu\/no\/laer-om-de-grunnleggende-forebyggingsstrategiene\/s-erstatning\/"]}]},{"@type":"BreadcrumbList","@id":"https:\/\/stopcarcinogensatwork.eu\/no\/laer-om-de-grunnleggende-forebyggingsstrategiene\/s-erstatning\/#breadcrumb","itemListElement":[{"@type":"ListItem","position":1,"name":"Home","item":"https:\/\/stopcarcinogensatwork.eu\/no\/stopp-kreftfremkallende-stoffer-pa-jobben\/"},{"@type":"ListItem","position":2,"name":"L\u00e6r om de grunnleggende forebyggingsstrategiene","item":"https:\/\/stopcarcinogensatwork.eu\/no\/laer-om-de-grunnleggende-forebyggingsstrategiene\/"},{"@type":"ListItem","position":3,"name":"S &#8211; Erstatning"}]},{"@type":"WebSite","@id":"https:\/\/stopcarcinogensatwork.eu\/no\/#website","url":"https:\/\/stopcarcinogensatwork.eu\/no\/","name":"STOP Carcinogens at work","description":"Every year, about 100.000 people die from cancer that was caused by exposure to carcinogens at work in Europe.","publisher":{"@id":"https:\/\/stopcarcinogensatwork.eu\/no\/#organization"},"alternateName":"Roadmap on Carcinogens","potentialAction":[{"@type":"SearchAction","target":{"@type":"EntryPoint","urlTemplate":"https:\/\/stopcarcinogensatwork.eu\/no\/?s={search_term_string}"},"query-input":{"@type":"PropertyValueSpecification","valueRequired":true,"valueName":"search_term_string"}}],"inLanguage":"nb-NO"},{"@type":"Organization","@id":"https:\/\/stopcarcinogensatwork.eu\/no\/#organization","name":"TNO","alternateName":"This is a European wide voluntary action scheme","url":"https:\/\/stopcarcinogensatwork.eu\/no\/","logo":{"@type":"ImageObject","inLanguage":"nb-NO","@id":"https:\/\/stopcarcinogensatwork.eu\/no\/#\/schema\/logo\/image\/","url":"https:\/\/stopcarcinogensatwork.eu\/wp-content\/uploads\/2024\/08\/cropped-FavLarge-1.png","contentUrl":"https:\/\/stopcarcinogensatwork.eu\/wp-content\/uploads\/2024\/08\/cropped-FavLarge-1.png","width":512,"height":512,"caption":"TNO"},"image":{"@id":"https:\/\/stopcarcinogensatwork.eu\/no\/#\/schema\/logo\/image\/"},"publishingPrinciples":"https:\/\/stopcarcinogensatwork.eu\/homepage\/legal\/","ownershipFundingInfo":"https:\/\/stopcarcinogensatwork.eu\/general\/about-us\/"}]}},"_links":{"self":[{"href":"https:\/\/stopcarcinogensatwork.eu\/no\/wp-json\/wp\/v2\/pages\/67956","targetHints":{"allow":["GET"]}}],"collection":[{"href":"https:\/\/stopcarcinogensatwork.eu\/no\/wp-json\/wp\/v2\/pages"}],"about":[{"href":"https:\/\/stopcarcinogensatwork.eu\/no\/wp-json\/wp\/v2\/types\/page"}],"author":[{"embeddable":true,"href":"https:\/\/stopcarcinogensatwork.eu\/no\/wp-json\/wp\/v2\/users\/1"}],"replies":[{"embeddable":true,"href":"https:\/\/stopcarcinogensatwork.eu\/no\/wp-json\/wp\/v2\/comments?post=67956"}],"version-history":[{"count":0,"href":"https:\/\/stopcarcinogensatwork.eu\/no\/wp-json\/wp\/v2\/pages\/67956\/revisions"}],"up":[{"embeddable":true,"href":"https:\/\/stopcarcinogensatwork.eu\/no\/wp-json\/wp\/v2\/pages\/67983"}],"wp:attachment":[{"href":"https:\/\/stopcarcinogensatwork.eu\/no\/wp-json\/wp\/v2\/media?parent=67956"}],"curies":[{"name":"wp","href":"https:\/\/api.w.org\/{rel}","templated":true}]}}