{"id":67968,"date":"2024-02-17T16:45:26","date_gmt":"2024-02-17T16:45:26","guid":{"rendered":"https:\/\/stopcarcinogensatwork.eu\/t-tekniske-tiltak\/"},"modified":"2025-09-05T06:03:58","modified_gmt":"2025-09-05T06:03:58","slug":"t-tekniske-tiltak","status":"publish","type":"page","link":"https:\/\/stopcarcinogensatwork.eu\/no\/laer-om-de-grunnleggende-forebyggingsstrategiene\/t-tekniske-tiltak\/","title":{"rendered":"T - Tekniske tiltak"},"content":{"rendered":"<blockquote><p>STOP f\u00f8lger et hierarki av kontroll. For kreftfremkallende stoffer er det bare tillatt \u00e5 g\u00e5 et trinn ned i hierarkiet n\u00e5r tekniske begrensninger hindrer deg i \u00e5 eliminere eksponeringen helt. Her vil vi fokusere p\u00e5 det andre niv\u00e5et, T for tekniske tiltak. Vurder S f\u00f8r T. V\u00e6r ogs\u00e5 oppmerksom p\u00e5 at en kombinasjon av tiltak kan brukes.   <\/p><\/blockquote>\n<p>Tekniske tiltak omfatter mekaniske innretninger eller prosesser som eliminerer eller minimerer eksponeringen for kreftfremkallende stoffer. Disse tekniske tiltakene kan inneb\u00e6re innkapsling, bruk av ventilasjon og\/eller automatisering av prosesser. <\/p>\n<p>Hva b\u00f8r man ta hensyn til n\u00e5r man vurderer hvilke(t) tiltak som skal iverksettes:<\/p>\n<ul>\n<li>Identifiser alle tekniske l\u00f8sninger (f.eks. innkapsling eller ventilasjon) som allerede er p\u00e5 plass, og vurder hvor effektive de er (inkludert vedlikeholdsplaner)<\/li>\n<li>Ved behov, vurder andre tilgjengelige tekniske l\u00f8sninger som kan forbedre kontrollen: innhent en beskrivelse av l\u00f8sningen, dens egnethet, effekt og effektivitet<\/li>\n<li>Vurder den mulige kombinerte effekten av de tekniske l\u00f8sningene<\/li>\n<li>S\u00f8rg for \u00e5 be leverand\u00f8ren av utstyret om brukerh\u00e5ndboken<\/li>\n<li>S\u00f8rg for at de ansatte (inkludert rengj\u00f8rings- og vedlikeholdsarbeidere) f\u00e5r tilstrekkelig oppl\u00e6ring i de tekniske tiltakene som er iverksatt<\/li>\n<li>Gi arbeidstakerne klare instruksjoner om hvordan de skal bruke de tekniske tiltakene p\u00e5 riktig m\u00e5te, om mulig med illustrasjoner<\/li>\n<\/ul>\n<h2>Noen tekniske tiltak som b\u00f8r vurderes<\/h2>\n<p>N\u00e5r du skal bestemme og ta i bruk de beste tekniske tiltakene, m\u00e5 du alltid huske \u00e5 ta hensyn til arbeidsplassens s\u00e6regenheter (f.eks. lokaler med permanent ventilasjonsutstyr, utend\u00f8rs installasjoner).<\/p>\n<p>Det finnes en rekke tekniske tiltak som kan brukes avhengig av forholdene p\u00e5 arbeidsplassen. Denne brosjyren gir et bredt spekter av eksempler, men tar h\u00f8yde for at det kan finnes andre mulige l\u00f8sninger. <\/p>\n<h3>Lukkede systemer<\/h3>\n<p>Lukkede systemer er et sv\u00e6rt effektivt teknisk beskyttelsestiltak. Lukkede systemer kan omfatte innkapsling, integrerte avsugssystemer som en integrert teknisk del av arbeidsutstyret eller sv\u00e6rt effektive avsugssystemer. <\/p>\n<h3>Innelukket<\/h3>\n<p>Delvis lukkede systemer gir tilgang til prosessen, men forhindrer samtidig frigj\u00f8ring av kreftfremkallende stoffer eller minimerer eksponeringen. Disse systemene kombineres vanligvis med avtrekksventilasjonssystemer eller luftstr\u00f8mningssystemer, f.eks. en ventilert arbeidsbenk eller et avtrekksskap. <\/p>\n<h3>Ventilasjon<\/h3>\n<p>Vurder effektiviteten til et eventuelt ventilasjonssystem du allerede har, og om det er mulig \u00e5 implementere et nytt ventilasjonssystem p\u00e5 arbeidsplassen.<\/p>\n<p>For \u00e5 finne effektiv ventilasjon kan mulighetene nedenfor brukes enten hver for seg eller i kombinasjon:<\/p>\n<ol>\n<li>Naturlig fortynningsventilasjon<\/li>\n<li>Mekanisk fortynningsventilasjon<\/li>\n<li>Mekanisk avtrekksventilasjon<\/li>\n<\/ol>\n<p>Kontakt leverand\u00f8rer for \u00e5 f\u00e5 tekniske spesifikasjoner for ulike ventilasjonssystemer.<\/p>\n<h3>Bruk av ulike arbeidsmetoder<\/h3>\n<p>Endring av arbeidsmetoder kan ogs\u00e5 v\u00e6re en mulighet for \u00e5 redusere eksponeringen gjennom v\u00e6skesprut eller st\u00f8vdannelse. En rekke alternative metoder kan vurderes, for eksempel pumping i stedet for helling, st\u00f8vsuging eller fuktingssystemer i stedet for feiing. <\/p>\n<h3>Bruk av det kreftfremkallende stoffet i en annen form<\/h3>\n<p>Den fysiske formen til det kreftfremkallende stoffet kan ogs\u00e5 tas i betraktning n\u00e5r man skal bestemme hvilke tekniske tiltak som skal iverksettes. Pulver er mer utsatt for h\u00f8yere eksponeringsniv\u00e5er, og derfor kan en komprimert form (som en pellet eller en tablett) eller en gel redusere eksponeringen for arbeidstakeren. Vurder muligheten for \u00e5 bruke det kreftfremkallende stoffet i en form som kan f\u00f8re til mindre eksponering.  <\/p>\n<p>M\u00e5ten det kreftfremkallende stoffet er pakket p\u00e5, kan p\u00e5virke eksponeringsniv\u00e5et. For eksempel kan bruk av l\u00f8selig emballasje eller redusert st\u00f8rrelse redusere eksponeringen. <\/p>\n","protected":false},"excerpt":{"rendered":"<p>STOP f\u00f8lger et hierarki av kontroll. For kreftfremkallende stoffer er det bare tillatt \u00e5 g\u00e5 et trinn ned i hierarkiet n\u00e5r tekniske begrensninger hindrer deg i \u00e5 eliminere eksponeringen helt. Her vil vi fokusere p\u00e5 det andre niv\u00e5et, T for tekniske tiltak. Vurder S f\u00f8r T. V\u00e6r ogs\u00e5 oppmerksom p\u00e5 at en kombinasjon av tiltak [&hellip;]<\/p>\n","protected":false},"author":1,"featured_media":0,"parent":67983,"menu_order":0,"comment_status":"closed","ping_status":"closed","template":"","meta":{"inline_featured_image":false,"footnotes":""},"class_list":["post-67968","page","type-page","status-publish","hentry"],"yoast_head":"<!-- This site is optimized with the Yoast SEO Premium plugin v27.0 (Yoast SEO v27.4) - https:\/\/yoast.com\/product\/yoast-seo-premium-wordpress\/ -->\n<title>T - Tekniske tiltak - STOP carcinogens at work<\/title>\n<meta name=\"description\" content=\"Every year, more than 100.000 people die in the EU from cancer caused by carcinogens at work. This must STOP!\" \/>\n<meta name=\"robots\" content=\"index, follow, max-snippet:-1, max-image-preview:large, max-video-preview:-1\" \/>\n<link rel=\"canonical\" href=\"https:\/\/stopcarcinogensatwork.eu\/no\/laer-om-de-grunnleggende-forebyggingsstrategiene\/t-tekniske-tiltak\/\" \/>\n<meta property=\"og:locale\" content=\"nb_NO\" \/>\n<meta property=\"og:type\" content=\"article\" \/>\n<meta property=\"og:title\" content=\"T - Tekniske tiltak\" \/>\n<meta property=\"og:description\" content=\"Every year, more than 100.000 people die in the EU from cancer caused by carcinogens at work. This must STOP!\" \/>\n<meta property=\"og:url\" content=\"https:\/\/stopcarcinogensatwork.eu\/no\/laer-om-de-grunnleggende-forebyggingsstrategiene\/t-tekniske-tiltak\/\" \/>\n<meta property=\"og:site_name\" content=\"STOP carcinogens at work\" \/>\n<meta property=\"article:modified_time\" content=\"2025-09-05T06:03:58+00:00\" \/>\n<meta name=\"twitter:card\" content=\"summary_large_image\" \/>\n<meta name=\"twitter:label1\" content=\"Ansl. lesetid\" \/>\n\t<meta name=\"twitter:data1\" content=\"3 minutter\" \/>\n<script type=\"application\/ld+json\" class=\"yoast-schema-graph\">{\"@context\":\"https:\\\/\\\/schema.org\",\"@graph\":[{\"@type\":\"WebPage\",\"@id\":\"https:\\\/\\\/stopcarcinogensatwork.eu\\\/no\\\/laer-om-de-grunnleggende-forebyggingsstrategiene\\\/t-tekniske-tiltak\\\/\",\"url\":\"https:\\\/\\\/stopcarcinogensatwork.eu\\\/no\\\/laer-om-de-grunnleggende-forebyggingsstrategiene\\\/t-tekniske-tiltak\\\/\",\"name\":\"T - Tekniske tiltak - STOP carcinogens at work\",\"isPartOf\":{\"@id\":\"https:\\\/\\\/stopcarcinogensatwork.eu\\\/no\\\/#website\"},\"datePublished\":\"2024-02-17T16:45:26+00:00\",\"dateModified\":\"2025-09-05T06:03:58+00:00\",\"description\":\"Every year, more than 100.000 people die in the EU from cancer caused by carcinogens at work. This must STOP!\",\"breadcrumb\":{\"@id\":\"https:\\\/\\\/stopcarcinogensatwork.eu\\\/no\\\/laer-om-de-grunnleggende-forebyggingsstrategiene\\\/t-tekniske-tiltak\\\/#breadcrumb\"},\"inLanguage\":\"nb-NO\",\"potentialAction\":[{\"@type\":\"ReadAction\",\"target\":[\"https:\\\/\\\/stopcarcinogensatwork.eu\\\/no\\\/laer-om-de-grunnleggende-forebyggingsstrategiene\\\/t-tekniske-tiltak\\\/\"]}]},{\"@type\":\"BreadcrumbList\",\"@id\":\"https:\\\/\\\/stopcarcinogensatwork.eu\\\/no\\\/laer-om-de-grunnleggende-forebyggingsstrategiene\\\/t-tekniske-tiltak\\\/#breadcrumb\",\"itemListElement\":[{\"@type\":\"ListItem\",\"position\":1,\"name\":\"Home\",\"item\":\"https:\\\/\\\/stopcarcinogensatwork.eu\\\/no\\\/stopp-kreftfremkallende-stoffer-pa-jobben\\\/\"},{\"@type\":\"ListItem\",\"position\":2,\"name\":\"L\u00e6r om de grunnleggende forebyggingsstrategiene\",\"item\":\"https:\\\/\\\/stopcarcinogensatwork.eu\\\/no\\\/laer-om-de-grunnleggende-forebyggingsstrategiene\\\/\"},{\"@type\":\"ListItem\",\"position\":3,\"name\":\"T &#8211; Tekniske tiltak\"}]},{\"@type\":\"WebSite\",\"@id\":\"https:\\\/\\\/stopcarcinogensatwork.eu\\\/no\\\/#website\",\"url\":\"https:\\\/\\\/stopcarcinogensatwork.eu\\\/no\\\/\",\"name\":\"STOP Carcinogens at work\",\"description\":\"Every year, about 100.000 people die from cancer that was caused by exposure to carcinogens at work in Europe.\",\"publisher\":{\"@id\":\"https:\\\/\\\/stopcarcinogensatwork.eu\\\/no\\\/#organization\"},\"alternateName\":\"Roadmap on Carcinogens\",\"potentialAction\":[{\"@type\":\"SearchAction\",\"target\":{\"@type\":\"EntryPoint\",\"urlTemplate\":\"https:\\\/\\\/stopcarcinogensatwork.eu\\\/no\\\/?s={search_term_string}\"},\"query-input\":{\"@type\":\"PropertyValueSpecification\",\"valueRequired\":true,\"valueName\":\"search_term_string\"}}],\"inLanguage\":\"nb-NO\"},{\"@type\":\"Organization\",\"@id\":\"https:\\\/\\\/stopcarcinogensatwork.eu\\\/no\\\/#organization\",\"name\":\"TNO\",\"alternateName\":\"This is a European wide voluntary action scheme\",\"url\":\"https:\\\/\\\/stopcarcinogensatwork.eu\\\/no\\\/\",\"logo\":{\"@type\":\"ImageObject\",\"inLanguage\":\"nb-NO\",\"@id\":\"https:\\\/\\\/stopcarcinogensatwork.eu\\\/no\\\/#\\\/schema\\\/logo\\\/image\\\/\",\"url\":\"https:\\\/\\\/stopcarcinogensatwork.eu\\\/wp-content\\\/uploads\\\/2024\\\/08\\\/cropped-FavLarge-1.png\",\"contentUrl\":\"https:\\\/\\\/stopcarcinogensatwork.eu\\\/wp-content\\\/uploads\\\/2024\\\/08\\\/cropped-FavLarge-1.png\",\"width\":512,\"height\":512,\"caption\":\"TNO\"},\"image\":{\"@id\":\"https:\\\/\\\/stopcarcinogensatwork.eu\\\/no\\\/#\\\/schema\\\/logo\\\/image\\\/\"},\"publishingPrinciples\":\"https:\\\/\\\/stopcarcinogensatwork.eu\\\/homepage\\\/legal\\\/\",\"ownershipFundingInfo\":\"https:\\\/\\\/stopcarcinogensatwork.eu\\\/general\\\/about-us\\\/\"}]}<\/script>\n<!-- \/ Yoast SEO Premium plugin. -->","yoast_head_json":{"title":"T - Tekniske tiltak - STOP carcinogens at work","description":"Every year, more than 100.000 people die in the EU from cancer caused by carcinogens at work. This must STOP!","robots":{"index":"index","follow":"follow","max-snippet":"max-snippet:-1","max-image-preview":"max-image-preview:large","max-video-preview":"max-video-preview:-1"},"canonical":"https:\/\/stopcarcinogensatwork.eu\/no\/laer-om-de-grunnleggende-forebyggingsstrategiene\/t-tekniske-tiltak\/","og_locale":"nb_NO","og_type":"article","og_title":"T - Tekniske tiltak","og_description":"Every year, more than 100.000 people die in the EU from cancer caused by carcinogens at work. This must STOP!","og_url":"https:\/\/stopcarcinogensatwork.eu\/no\/laer-om-de-grunnleggende-forebyggingsstrategiene\/t-tekniske-tiltak\/","og_site_name":"STOP carcinogens at work","article_modified_time":"2025-09-05T06:03:58+00:00","twitter_card":"summary_large_image","twitter_misc":{"Ansl. lesetid":"3 minutter"},"schema":{"@context":"https:\/\/schema.org","@graph":[{"@type":"WebPage","@id":"https:\/\/stopcarcinogensatwork.eu\/no\/laer-om-de-grunnleggende-forebyggingsstrategiene\/t-tekniske-tiltak\/","url":"https:\/\/stopcarcinogensatwork.eu\/no\/laer-om-de-grunnleggende-forebyggingsstrategiene\/t-tekniske-tiltak\/","name":"T - Tekniske tiltak - STOP carcinogens at work","isPartOf":{"@id":"https:\/\/stopcarcinogensatwork.eu\/no\/#website"},"datePublished":"2024-02-17T16:45:26+00:00","dateModified":"2025-09-05T06:03:58+00:00","description":"Every year, more than 100.000 people die in the EU from cancer caused by carcinogens at work. This must STOP!","breadcrumb":{"@id":"https:\/\/stopcarcinogensatwork.eu\/no\/laer-om-de-grunnleggende-forebyggingsstrategiene\/t-tekniske-tiltak\/#breadcrumb"},"inLanguage":"nb-NO","potentialAction":[{"@type":"ReadAction","target":["https:\/\/stopcarcinogensatwork.eu\/no\/laer-om-de-grunnleggende-forebyggingsstrategiene\/t-tekniske-tiltak\/"]}]},{"@type":"BreadcrumbList","@id":"https:\/\/stopcarcinogensatwork.eu\/no\/laer-om-de-grunnleggende-forebyggingsstrategiene\/t-tekniske-tiltak\/#breadcrumb","itemListElement":[{"@type":"ListItem","position":1,"name":"Home","item":"https:\/\/stopcarcinogensatwork.eu\/no\/stopp-kreftfremkallende-stoffer-pa-jobben\/"},{"@type":"ListItem","position":2,"name":"L\u00e6r om de grunnleggende forebyggingsstrategiene","item":"https:\/\/stopcarcinogensatwork.eu\/no\/laer-om-de-grunnleggende-forebyggingsstrategiene\/"},{"@type":"ListItem","position":3,"name":"T &#8211; Tekniske tiltak"}]},{"@type":"WebSite","@id":"https:\/\/stopcarcinogensatwork.eu\/no\/#website","url":"https:\/\/stopcarcinogensatwork.eu\/no\/","name":"STOP Carcinogens at work","description":"Every year, about 100.000 people die from cancer that was caused by exposure to carcinogens at work in Europe.","publisher":{"@id":"https:\/\/stopcarcinogensatwork.eu\/no\/#organization"},"alternateName":"Roadmap on Carcinogens","potentialAction":[{"@type":"SearchAction","target":{"@type":"EntryPoint","urlTemplate":"https:\/\/stopcarcinogensatwork.eu\/no\/?s={search_term_string}"},"query-input":{"@type":"PropertyValueSpecification","valueRequired":true,"valueName":"search_term_string"}}],"inLanguage":"nb-NO"},{"@type":"Organization","@id":"https:\/\/stopcarcinogensatwork.eu\/no\/#organization","name":"TNO","alternateName":"This is a European wide voluntary action scheme","url":"https:\/\/stopcarcinogensatwork.eu\/no\/","logo":{"@type":"ImageObject","inLanguage":"nb-NO","@id":"https:\/\/stopcarcinogensatwork.eu\/no\/#\/schema\/logo\/image\/","url":"https:\/\/stopcarcinogensatwork.eu\/wp-content\/uploads\/2024\/08\/cropped-FavLarge-1.png","contentUrl":"https:\/\/stopcarcinogensatwork.eu\/wp-content\/uploads\/2024\/08\/cropped-FavLarge-1.png","width":512,"height":512,"caption":"TNO"},"image":{"@id":"https:\/\/stopcarcinogensatwork.eu\/no\/#\/schema\/logo\/image\/"},"publishingPrinciples":"https:\/\/stopcarcinogensatwork.eu\/homepage\/legal\/","ownershipFundingInfo":"https:\/\/stopcarcinogensatwork.eu\/general\/about-us\/"}]}},"_links":{"self":[{"href":"https:\/\/stopcarcinogensatwork.eu\/no\/wp-json\/wp\/v2\/pages\/67968","targetHints":{"allow":["GET"]}}],"collection":[{"href":"https:\/\/stopcarcinogensatwork.eu\/no\/wp-json\/wp\/v2\/pages"}],"about":[{"href":"https:\/\/stopcarcinogensatwork.eu\/no\/wp-json\/wp\/v2\/types\/page"}],"author":[{"embeddable":true,"href":"https:\/\/stopcarcinogensatwork.eu\/no\/wp-json\/wp\/v2\/users\/1"}],"replies":[{"embeddable":true,"href":"https:\/\/stopcarcinogensatwork.eu\/no\/wp-json\/wp\/v2\/comments?post=67968"}],"version-history":[{"count":0,"href":"https:\/\/stopcarcinogensatwork.eu\/no\/wp-json\/wp\/v2\/pages\/67968\/revisions"}],"up":[{"embeddable":true,"href":"https:\/\/stopcarcinogensatwork.eu\/no\/wp-json\/wp\/v2\/pages\/67983"}],"wp:attachment":[{"href":"https:\/\/stopcarcinogensatwork.eu\/no\/wp-json\/wp\/v2\/media?parent=67968"}],"curies":[{"name":"wp","href":"https:\/\/api.w.org\/{rel}","templated":true}]}}