{"id":67975,"date":"2024-02-05T13:42:42","date_gmt":"2024-02-05T13:42:42","guid":{"rendered":"https:\/\/stopcarcinogensatwork.eu\/generelt\/om-den-roadmap-on-carcinogens\/"},"modified":"2026-02-26T09:04:45","modified_gmt":"2026-02-26T09:04:45","slug":"om-den-roadmap-on-carcinogens","status":"publish","type":"page","link":"https:\/\/stopcarcinogensatwork.eu\/no\/generelt\/om-den-roadmap-on-carcinogens\/","title":{"rendered":"Om Roadmap on Carcinogens"},"content":{"rendered":"<blockquote><p>Dette nettstedet er et initiativ fra Roadmap on Carcinogens: Et europeisk program for frivillige tiltak mot arbeidsrelatert kreft. F\u00f8lgende partnere<a href=\"https:\/\/stopcarcinogensatwork.eu\/no\/lansering-av-roadmap-on-carcinogens-3-0\/\">(har forpliktet<\/a> seg) til \u00e5 v\u00e6re aktive og ta ledelsen i dette programmet for \u00e5 forhindre eksponering for kreftfremkallende stoffer p\u00e5 arbeidsplassen: <\/p>\n<p><img fetchpriority=\"high\" decoding=\"async\" class=\"alignnone size-full wp-image-92758\" src=\"https:\/\/stopcarcinogensatwork.eu\/wp-content\/uploads\/2025\/11\/partners.jpg\" alt=\"\" width=\"2560\" height=\"967\" srcset=\"https:\/\/stopcarcinogensatwork.eu\/wp-content\/uploads\/2025\/11\/partners.jpg 2560w, https:\/\/stopcarcinogensatwork.eu\/wp-content\/uploads\/2025\/11\/partners-300x113.jpg 300w, https:\/\/stopcarcinogensatwork.eu\/wp-content\/uploads\/2025\/11\/partners-768x290.jpg 768w, https:\/\/stopcarcinogensatwork.eu\/wp-content\/uploads\/2025\/11\/partners-1536x580.jpg 1536w, https:\/\/stopcarcinogensatwork.eu\/wp-content\/uploads\/2025\/11\/partners-2048x774.jpg 2048w\" sizes=\"(max-width: 2560px) 100vw, 2560px\" \/><\/p><\/blockquote>\n<ul>\n<li><a href=\"https:\/\/www.bma.gv.at\/en.html\" target=\"_blank\" rel=\"noopener\">\u00d8sterrike: Forbundsdepartementet for arbeid, sosiale saker, helse, omsorg og forbrukerbeskyttelse<\/a><\/li>\n<li><a href=\"https:\/\/employment.belgium.be\/en\/themes\" target=\"_blank\" rel=\"noopener\">Belgia: F\u00f8deral offentlig tjeneste Sysselsetting, arbeid og sosial dialog<\/a><\/li>\n<li><a href=\"https:\/\/stm.fi\/en\/frontpage\" target=\"_blank\" rel=\"noopener\">Finland: Sosial- og helsedepartementet<\/a><\/li>\n<li><a href=\"https:\/\/travail-emploi.gouv.fr\/\" target=\"_blank\" rel=\"noopener\">Frankrike: Arbeids-, helse- og solidaritetsdepartementet<\/a><\/li>\n<li><a href=\"https:\/\/www.bmas.de\/EN\/Home\/home.html\" target=\"_blank\" rel=\"noopener\">Tyskland: Forbundsdepartementet for arbeid og sosiale saker<\/a><\/li>\n<li><a href=\"http:\/\/hsa.ie\/\" target=\"_blank\" rel=\"noopener\">Irland: Helse- og sikkerhetsmyndighet<\/a><\/li>\n<li><a href=\"https:\/\/www.government.nl\/ministries\/ministry-of-social-affairs-and-employment\" target=\"_blank\" rel=\"noopener\">Nederland: Departementet for sosiale saker og sysselsetting<\/a><\/li>\n<li><a href=\"https:\/\/stami.no\/en\/\" target=\"_blank\" rel=\"noopener\">Norge: Statens arbeidsmilj\u00f8institutt (STAMI)<\/a><\/li>\n<li><a href=\"https:\/\/portal.act.gov.pt\/Pages\/Home.aspx\" target=\"_blank\" rel=\"noopener\">Portugal: Myndighet for arbeidsforhold<\/a><\/li>\n<li><a href=\"https:\/\/www.gov.si\/en\/state-authorities\/ministries\/ministry-of-labour-family-social-affairs-and-equal-opportunities\/\" target=\"_blank\" rel=\"noopener\">Slovenia: Arbeids-, familie-, sosial- og likestillingsdepartementet<\/a><\/li>\n<li><a href=\"https:\/\/www.mites.gob.es\/en\/\" target=\"_blank\" rel=\"noopener\">Spania: Det spanske arbeids- og sosial\u00f8konomidepartementet<\/a><\/li>\n<li><a href=\"https:\/\/www.businesseurope.eu\/\" target=\"_blank\" rel=\"noopener\">BusinessEurope (europeiske arbeidsgivere)<\/a><\/li>\n<li><a href=\"https:\/\/www.etuc.org\/\" target=\"_blank\" rel=\"noopener\">European Trade Union Confederation - ETUC (europeiske workers)<\/a><\/li>\n<li><a href=\"https:\/\/osha.europa.eu\/en\/themes\/dangerous-substances\/roadmap-to-carcinogens\" target=\"_blank\" rel=\"noopener\">Det europeiske arbeidsmilj\u00f8byr\u00e5 - EU-OSHA<\/a><\/li>\n<li><a href=\"https:\/\/echa.europa.eu\/\" target=\"_blank\" rel=\"noopener\">Det europeiske kjemikaliebyr\u00e5et - ECHA<\/a><\/li>\n<li><a href=\"https:\/\/ec.europa.eu\/info\/departments\/employment-social-affairs-and-inclusion_en\" target=\"_blank\" rel=\"noopener\">Europakommisjonen<\/a><\/li>\n<\/ul>\n<p>&nbsp;<\/p>\n<p>I tillegg er det allerede mange venner (bedrifter og organisasjoner) som st\u00f8tter Roadmap on Carcinogens ved \u00e5 dele budskapet v\u00e5rt. Bli en venn ved \u00e5 <a href=\"https:\/\/laposta.nl\/f\/ss69p5fpqabo\" target=\"_blank\" rel=\"noopener\">melde deg p\u00e5 nyhetsbrevet<\/a>. <\/p>\n<h2>Betydningen av reisen v\u00e5r<\/h2>\n<p>Hvert \u00e5r f\u00e5r rundt 120 000 mennesker i EU en kreftdiagnose som f\u00f8lge av eksponering for kreftfremkallende stoffer p\u00e5 jobben. Og rundt 100 000 mennesker d\u00f8r p\u00e5 grunn av arbeidsrelatert kreft. Og det er viktig \u00e5 innse at dette er un\u00f8dvendig! Det kommer av m\u00e5ten vi jobber p\u00e5, valgene vi tar. Den gode nyheten er at vi kan gj\u00f8re noe med det. Forebygging er n\u00f8kkelordet her, \u00e5 s\u00f8rge for at vi ikke utsettes for kreftfremkallende stoffer.     <\/p>\n<p>Roadmap on Carcinogens har som m\u00e5l \u00e5 hjelpe europeiske bedrifter og workers med \u00e5 iverksette tiltak ved \u00e5<\/p>\n<ul>\n<li><strong>Skape bevissthet:<\/strong> informere bedrifter og workers om risikoen ved eksponering for kreftfremkallende stoffer og behovet for forebyggende tiltak, og presentere facts.<\/li>\n<li><strong>Hjelp:<\/strong> tilby l\u00f8sninger og verkt\u00f8y for bedrifter og workers for \u00e5 unng\u00e5 eksponering for kreftfremkallende stoffer p\u00e5 arbeidsplassen og minimere effekten p\u00e5 arbeidsstyrken.<\/li>\n<\/ul>\n<h2>Det n\u00e5v\u00e6rende veikartet omfatter aktiviteter frem til utgangen av 2027.<\/h2>\n<p>I l\u00f8pet av den andre fasen av veikartet fra 2020-2024 gjennomf\u00f8rte vi 12 utfordringer. Resultatene er eller vil bli integrert p\u00e5 nettstedet.   <strong><a href=\"https:\/\/stopcarcinogensatwork.eu\/no\/generelt\/om-den-roadmap-on-carcinogens\/utfordringer\/\">Mer informasjon om disse prosjektene finner du her.<\/a><\/strong><\/p>\n<p>Du kan n\u00e5 ogs\u00e5 se v\u00e5r nye strategi for <a href=\"https:\/\/stopcarcinogensatwork.eu\/wp-content\/uploads\/2025\/05\/RoC3.0_Strategy_final.pdf\">RoC3.0 i perioden 2025-2027 her.<\/a><\/p>\n<h2>Vi bruker et AI-drevet oversettelsesverkt\u00f8y for nettstedet v\u00e5rt<\/h2>\n<p>Vi bruker et AI-drevet oversettelsesverkt\u00f8y for nettstedet v\u00e5rt, der r\u00e5dgivere med eget spr\u00e5k som morsm\u00e5l g\u00e5r gjennom og korrigerer eventuelle un\u00f8yaktigheter. Denne tiln\u00e6rmingen sikrer b\u00e5de effektivitet og kvalitet, ettersom AI-systemet kontinuerlig forbedres over tid. Vi mener at denne metoden er den mest effektive og kostnadseffektive m\u00e5ten \u00e5 gj\u00f8re nettstedet v\u00e5rt tilgjengelig p\u00e5 flere spr\u00e5k, slik at vi kan n\u00e5 ut til et bredere publikum av enkeltpersoner og organisasjoner. Hvis du har tilbakemeldinger eller forslag til oversettelsesprosessen v\u00e5r, vil vi gjerne h\u00f8re fra deg. Send oss gjerne en e-post med dine tanker.    <\/p>\n<h2>Sp\u00f8rsm\u00e5l og kommentarer<\/h2>\n<p>For ytterligere informasjon eller hvis du har sp\u00f8rsm\u00e5l, kan du kontakte oss p\u00e5  <a href=\"mailto:info@stopcarcinogensatwork.eu\">info@stopcarcinogensatwork.eu<\/a><\/p>\n<p>&nbsp;<\/p>\n","protected":false},"excerpt":{"rendered":"<p>Dette nettstedet er et initiativ fra Roadmap on Carcinogens: Et europeisk program for frivillige tiltak mot arbeidsrelatert kreft. F\u00f8lgende partnere(har forpliktet seg) til \u00e5 v\u00e6re aktive og ta ledelsen i dette programmet for \u00e5 forhindre eksponering for kreftfremkallende stoffer p\u00e5 arbeidsplassen: \u00d8sterrike: Forbundsdepartementet for arbeid, sosiale saker, helse, omsorg og forbrukerbeskyttelse Belgia: F\u00f8deral offentlig tjeneste [&hellip;]<\/p>\n","protected":false},"author":1,"featured_media":0,"parent":67903,"menu_order":0,"comment_status":"closed","ping_status":"closed","template":"","meta":{"inline_featured_image":false,"footnotes":""},"class_list":["post-67975","page","type-page","status-publish","hentry"],"yoast_head":"<!-- This site is optimized with the Yoast SEO Premium plugin v27.0 (Yoast SEO v27.4) - https:\/\/yoast.com\/product\/yoast-seo-premium-wordpress\/ -->\n<title>Om Roadmap on Carcinogens - STOP carcinogens at work<\/title>\n<meta name=\"description\" content=\"Dette nettstedet er en frivillig EU-ordning for \u00e5 forhindre at worker utsettes for kreftfremkallende stoffer p\u00e5 arbeidsplassen.\" \/>\n<meta name=\"robots\" content=\"index, follow, max-snippet:-1, max-image-preview:large, max-video-preview:-1\" \/>\n<link rel=\"canonical\" href=\"https:\/\/stopcarcinogensatwork.eu\/no\/generelt\/om-den-roadmap-on-carcinogens\/\" \/>\n<meta property=\"og:locale\" content=\"nb_NO\" \/>\n<meta property=\"og:type\" content=\"article\" \/>\n<meta property=\"og:title\" content=\"Om Roadmap on Carcinogens\" \/>\n<meta property=\"og:description\" content=\"Dette nettstedet er en frivillig EU-ordning for \u00e5 forhindre at worker utsettes for kreftfremkallende stoffer p\u00e5 arbeidsplassen.\" \/>\n<meta property=\"og:url\" content=\"https:\/\/stopcarcinogensatwork.eu\/no\/generelt\/om-den-roadmap-on-carcinogens\/\" \/>\n<meta property=\"og:site_name\" content=\"STOP carcinogens at work\" \/>\n<meta property=\"article:modified_time\" content=\"2026-02-26T09:04:45+00:00\" \/>\n<meta property=\"og:image\" content=\"https:\/\/stopcarcinogensatwork.eu\/wp-content\/uploads\/2025\/11\/partners.jpg\" \/>\n\t<meta property=\"og:image:width\" content=\"2560\" \/>\n\t<meta property=\"og:image:height\" content=\"967\" \/>\n\t<meta property=\"og:image:type\" content=\"image\/jpeg\" \/>\n<meta name=\"twitter:card\" content=\"summary_large_image\" \/>\n<meta name=\"twitter:label1\" content=\"Ansl. lesetid\" \/>\n\t<meta name=\"twitter:data1\" content=\"3 minutter\" \/>\n<script type=\"application\/ld+json\" class=\"yoast-schema-graph\">{\"@context\":\"https:\\\/\\\/schema.org\",\"@graph\":[{\"@type\":\"WebPage\",\"@id\":\"https:\\\/\\\/stopcarcinogensatwork.eu\\\/no\\\/generelt\\\/om-den-roadmap-on-carcinogens\\\/\",\"url\":\"https:\\\/\\\/stopcarcinogensatwork.eu\\\/no\\\/generelt\\\/om-den-roadmap-on-carcinogens\\\/\",\"name\":\"Om Roadmap on Carcinogens - STOP carcinogens at work\",\"isPartOf\":{\"@id\":\"https:\\\/\\\/stopcarcinogensatwork.eu\\\/no\\\/#website\"},\"primaryImageOfPage\":{\"@id\":\"https:\\\/\\\/stopcarcinogensatwork.eu\\\/no\\\/generelt\\\/om-den-roadmap-on-carcinogens\\\/#primaryimage\"},\"image\":{\"@id\":\"https:\\\/\\\/stopcarcinogensatwork.eu\\\/no\\\/generelt\\\/om-den-roadmap-on-carcinogens\\\/#primaryimage\"},\"thumbnailUrl\":\"https:\\\/\\\/stopcarcinogensatwork.eu\\\/wp-content\\\/uploads\\\/2025\\\/11\\\/partners.jpg\",\"datePublished\":\"2024-02-05T13:42:42+00:00\",\"dateModified\":\"2026-02-26T09:04:45+00:00\",\"description\":\"Dette nettstedet er en frivillig EU-ordning for \u00e5 forhindre at worker utsettes for kreftfremkallende stoffer p\u00e5 arbeidsplassen.\",\"breadcrumb\":{\"@id\":\"https:\\\/\\\/stopcarcinogensatwork.eu\\\/no\\\/generelt\\\/om-den-roadmap-on-carcinogens\\\/#breadcrumb\"},\"inLanguage\":\"nb-NO\",\"potentialAction\":[{\"@type\":\"ReadAction\",\"target\":[\"https:\\\/\\\/stopcarcinogensatwork.eu\\\/no\\\/generelt\\\/om-den-roadmap-on-carcinogens\\\/\"]}]},{\"@type\":\"ImageObject\",\"inLanguage\":\"nb-NO\",\"@id\":\"https:\\\/\\\/stopcarcinogensatwork.eu\\\/no\\\/generelt\\\/om-den-roadmap-on-carcinogens\\\/#primaryimage\",\"url\":\"https:\\\/\\\/stopcarcinogensatwork.eu\\\/wp-content\\\/uploads\\\/2025\\\/11\\\/partners.jpg\",\"contentUrl\":\"https:\\\/\\\/stopcarcinogensatwork.eu\\\/wp-content\\\/uploads\\\/2025\\\/11\\\/partners.jpg\"},{\"@type\":\"BreadcrumbList\",\"@id\":\"https:\\\/\\\/stopcarcinogensatwork.eu\\\/no\\\/generelt\\\/om-den-roadmap-on-carcinogens\\\/#breadcrumb\",\"itemListElement\":[{\"@type\":\"ListItem\",\"position\":1,\"name\":\"Home\",\"item\":\"https:\\\/\\\/stopcarcinogensatwork.eu\\\/no\\\/stopp-kreftfremkallende-stoffer-pa-jobben\\\/\"},{\"@type\":\"ListItem\",\"position\":2,\"name\":\"Generelt\",\"item\":\"https:\\\/\\\/stopcarcinogensatwork.eu\\\/no\\\/generelt\\\/\"},{\"@type\":\"ListItem\",\"position\":3,\"name\":\"Om Roadmap on Carcinogens\"}]},{\"@type\":\"WebSite\",\"@id\":\"https:\\\/\\\/stopcarcinogensatwork.eu\\\/no\\\/#website\",\"url\":\"https:\\\/\\\/stopcarcinogensatwork.eu\\\/no\\\/\",\"name\":\"STOP Carcinogens at work\",\"description\":\"Every year, about 100.000 people die from cancer that was caused by exposure to carcinogens at work in Europe.\",\"publisher\":{\"@id\":\"https:\\\/\\\/stopcarcinogensatwork.eu\\\/no\\\/#organization\"},\"alternateName\":\"Roadmap on Carcinogens\",\"potentialAction\":[{\"@type\":\"SearchAction\",\"target\":{\"@type\":\"EntryPoint\",\"urlTemplate\":\"https:\\\/\\\/stopcarcinogensatwork.eu\\\/no\\\/?s={search_term_string}\"},\"query-input\":{\"@type\":\"PropertyValueSpecification\",\"valueRequired\":true,\"valueName\":\"search_term_string\"}}],\"inLanguage\":\"nb-NO\"},{\"@type\":\"Organization\",\"@id\":\"https:\\\/\\\/stopcarcinogensatwork.eu\\\/no\\\/#organization\",\"name\":\"TNO\",\"alternateName\":\"This is a European wide voluntary action scheme\",\"url\":\"https:\\\/\\\/stopcarcinogensatwork.eu\\\/no\\\/\",\"logo\":{\"@type\":\"ImageObject\",\"inLanguage\":\"nb-NO\",\"@id\":\"https:\\\/\\\/stopcarcinogensatwork.eu\\\/no\\\/#\\\/schema\\\/logo\\\/image\\\/\",\"url\":\"https:\\\/\\\/stopcarcinogensatwork.eu\\\/wp-content\\\/uploads\\\/2024\\\/08\\\/cropped-FavLarge-1.png\",\"contentUrl\":\"https:\\\/\\\/stopcarcinogensatwork.eu\\\/wp-content\\\/uploads\\\/2024\\\/08\\\/cropped-FavLarge-1.png\",\"width\":512,\"height\":512,\"caption\":\"TNO\"},\"image\":{\"@id\":\"https:\\\/\\\/stopcarcinogensatwork.eu\\\/no\\\/#\\\/schema\\\/logo\\\/image\\\/\"},\"publishingPrinciples\":\"https:\\\/\\\/stopcarcinogensatwork.eu\\\/homepage\\\/legal\\\/\",\"ownershipFundingInfo\":\"https:\\\/\\\/stopcarcinogensatwork.eu\\\/general\\\/about-us\\\/\"}]}<\/script>\n<!-- \/ Yoast SEO Premium plugin. -->","yoast_head_json":{"title":"Om Roadmap on Carcinogens - STOP carcinogens at work","description":"Dette nettstedet er en frivillig EU-ordning for \u00e5 forhindre at worker utsettes for kreftfremkallende stoffer p\u00e5 arbeidsplassen.","robots":{"index":"index","follow":"follow","max-snippet":"max-snippet:-1","max-image-preview":"max-image-preview:large","max-video-preview":"max-video-preview:-1"},"canonical":"https:\/\/stopcarcinogensatwork.eu\/no\/generelt\/om-den-roadmap-on-carcinogens\/","og_locale":"nb_NO","og_type":"article","og_title":"Om Roadmap on Carcinogens","og_description":"Dette nettstedet er en frivillig EU-ordning for \u00e5 forhindre at worker utsettes for kreftfremkallende stoffer p\u00e5 arbeidsplassen.","og_url":"https:\/\/stopcarcinogensatwork.eu\/no\/generelt\/om-den-roadmap-on-carcinogens\/","og_site_name":"STOP carcinogens at work","article_modified_time":"2026-02-26T09:04:45+00:00","og_image":[{"width":2560,"height":967,"url":"https:\/\/stopcarcinogensatwork.eu\/wp-content\/uploads\/2025\/11\/partners.jpg","type":"image\/jpeg"}],"twitter_card":"summary_large_image","twitter_misc":{"Ansl. lesetid":"3 minutter"},"schema":{"@context":"https:\/\/schema.org","@graph":[{"@type":"WebPage","@id":"https:\/\/stopcarcinogensatwork.eu\/no\/generelt\/om-den-roadmap-on-carcinogens\/","url":"https:\/\/stopcarcinogensatwork.eu\/no\/generelt\/om-den-roadmap-on-carcinogens\/","name":"Om Roadmap on Carcinogens - STOP carcinogens at work","isPartOf":{"@id":"https:\/\/stopcarcinogensatwork.eu\/no\/#website"},"primaryImageOfPage":{"@id":"https:\/\/stopcarcinogensatwork.eu\/no\/generelt\/om-den-roadmap-on-carcinogens\/#primaryimage"},"image":{"@id":"https:\/\/stopcarcinogensatwork.eu\/no\/generelt\/om-den-roadmap-on-carcinogens\/#primaryimage"},"thumbnailUrl":"https:\/\/stopcarcinogensatwork.eu\/wp-content\/uploads\/2025\/11\/partners.jpg","datePublished":"2024-02-05T13:42:42+00:00","dateModified":"2026-02-26T09:04:45+00:00","description":"Dette nettstedet er en frivillig EU-ordning for \u00e5 forhindre at worker utsettes for kreftfremkallende stoffer p\u00e5 arbeidsplassen.","breadcrumb":{"@id":"https:\/\/stopcarcinogensatwork.eu\/no\/generelt\/om-den-roadmap-on-carcinogens\/#breadcrumb"},"inLanguage":"nb-NO","potentialAction":[{"@type":"ReadAction","target":["https:\/\/stopcarcinogensatwork.eu\/no\/generelt\/om-den-roadmap-on-carcinogens\/"]}]},{"@type":"ImageObject","inLanguage":"nb-NO","@id":"https:\/\/stopcarcinogensatwork.eu\/no\/generelt\/om-den-roadmap-on-carcinogens\/#primaryimage","url":"https:\/\/stopcarcinogensatwork.eu\/wp-content\/uploads\/2025\/11\/partners.jpg","contentUrl":"https:\/\/stopcarcinogensatwork.eu\/wp-content\/uploads\/2025\/11\/partners.jpg"},{"@type":"BreadcrumbList","@id":"https:\/\/stopcarcinogensatwork.eu\/no\/generelt\/om-den-roadmap-on-carcinogens\/#breadcrumb","itemListElement":[{"@type":"ListItem","position":1,"name":"Home","item":"https:\/\/stopcarcinogensatwork.eu\/no\/stopp-kreftfremkallende-stoffer-pa-jobben\/"},{"@type":"ListItem","position":2,"name":"Generelt","item":"https:\/\/stopcarcinogensatwork.eu\/no\/generelt\/"},{"@type":"ListItem","position":3,"name":"Om Roadmap on Carcinogens"}]},{"@type":"WebSite","@id":"https:\/\/stopcarcinogensatwork.eu\/no\/#website","url":"https:\/\/stopcarcinogensatwork.eu\/no\/","name":"STOP Carcinogens at work","description":"Every year, about 100.000 people die from cancer that was caused by exposure to carcinogens at work in Europe.","publisher":{"@id":"https:\/\/stopcarcinogensatwork.eu\/no\/#organization"},"alternateName":"Roadmap on Carcinogens","potentialAction":[{"@type":"SearchAction","target":{"@type":"EntryPoint","urlTemplate":"https:\/\/stopcarcinogensatwork.eu\/no\/?s={search_term_string}"},"query-input":{"@type":"PropertyValueSpecification","valueRequired":true,"valueName":"search_term_string"}}],"inLanguage":"nb-NO"},{"@type":"Organization","@id":"https:\/\/stopcarcinogensatwork.eu\/no\/#organization","name":"TNO","alternateName":"This is a European wide voluntary action scheme","url":"https:\/\/stopcarcinogensatwork.eu\/no\/","logo":{"@type":"ImageObject","inLanguage":"nb-NO","@id":"https:\/\/stopcarcinogensatwork.eu\/no\/#\/schema\/logo\/image\/","url":"https:\/\/stopcarcinogensatwork.eu\/wp-content\/uploads\/2024\/08\/cropped-FavLarge-1.png","contentUrl":"https:\/\/stopcarcinogensatwork.eu\/wp-content\/uploads\/2024\/08\/cropped-FavLarge-1.png","width":512,"height":512,"caption":"TNO"},"image":{"@id":"https:\/\/stopcarcinogensatwork.eu\/no\/#\/schema\/logo\/image\/"},"publishingPrinciples":"https:\/\/stopcarcinogensatwork.eu\/homepage\/legal\/","ownershipFundingInfo":"https:\/\/stopcarcinogensatwork.eu\/general\/about-us\/"}]}},"_links":{"self":[{"href":"https:\/\/stopcarcinogensatwork.eu\/no\/wp-json\/wp\/v2\/pages\/67975","targetHints":{"allow":["GET"]}}],"collection":[{"href":"https:\/\/stopcarcinogensatwork.eu\/no\/wp-json\/wp\/v2\/pages"}],"about":[{"href":"https:\/\/stopcarcinogensatwork.eu\/no\/wp-json\/wp\/v2\/types\/page"}],"author":[{"embeddable":true,"href":"https:\/\/stopcarcinogensatwork.eu\/no\/wp-json\/wp\/v2\/users\/1"}],"replies":[{"embeddable":true,"href":"https:\/\/stopcarcinogensatwork.eu\/no\/wp-json\/wp\/v2\/comments?post=67975"}],"version-history":[{"count":0,"href":"https:\/\/stopcarcinogensatwork.eu\/no\/wp-json\/wp\/v2\/pages\/67975\/revisions"}],"up":[{"embeddable":true,"href":"https:\/\/stopcarcinogensatwork.eu\/no\/wp-json\/wp\/v2\/pages\/67903"}],"wp:attachment":[{"href":"https:\/\/stopcarcinogensatwork.eu\/no\/wp-json\/wp\/v2\/media?parent=67975"}],"curies":[{"name":"wp","href":"https:\/\/api.w.org\/{rel}","templated":true}]}}