{"id":67983,"date":"2024-01-31T15:46:56","date_gmt":"2024-01-31T15:46:56","guid":{"rendered":"https:\/\/stopcarcinogensatwork.eu\/laer-om-de-grunnleggende-forebyggingsstrategiene\/"},"modified":"2025-09-04T12:08:41","modified_gmt":"2025-09-04T12:08:41","slug":"laer-om-de-grunnleggende-forebyggingsstrategiene","status":"publish","type":"page","link":"https:\/\/stopcarcinogensatwork.eu\/no\/laer-om-de-grunnleggende-forebyggingsstrategiene\/","title":{"rendered":"L\u00e6r om de grunnleggende forebyggingsstrategiene"},"content":{"rendered":"<blockquote><p>N\u00e5r det finnes kreftfremkallende stoffer p\u00e5 arbeidsplassen, m\u00e5 arbeidsgivere gj\u00f8re alt som st\u00e5r i deres makt for \u00e5 forhindre at arbeidstakerne kommer i kontakt med dem. Frem en helse- og sikkerhetskultur p\u00e5 arbeidsplassen din!<\/p><\/blockquote>\n<h1>Generell tiln\u00e6rming til risikoh\u00e5ndtering av kreftfremkallende stoffer<\/h1>\n<p class=\"p2\"><i>I henhold til definisjonen av &laquo;kreftfremkallende&raquo; i artikkel 2 a) i CMR-direktivet. <\/i><\/p>\n<p>De f\u00f8rste trinnene i kampen mot eksponering for kreftfremkallende stoffer p\u00e5 arbeidsplassen b\u00f8r alltid omfatte<\/p>\n<ul>\n<li>Husk at minimumsstandarder for arbeidsorganisering og sikkerhetskrav m\u00e5 v\u00e6re p\u00e5 plass til enhver tid. Det er imidlertid ikke sikkert at disse er tilstrekkelige, og det kan v\u00e6re n\u00f8dvendig med ytterligere tiltak<\/li>\n<li>Oppgi alle kreftfremkallende stoffer som er brukt og mengden av disse<\/li>\n<li>Samle inn sikkerhetsdatabladene deres<\/li>\n<li>Beskriv arbeidsoppgavene der de brukes, og s\u00f8rg for \u00e5 ta hensyn til alle potensielle kreftfremkallende stoffer som genereres i prosessen<\/li>\n<li>Identifiser arbeidstakere som potensielt kan bli utsatt for eksponering, og hvor lenge<\/li>\n<li>Ta hensyn til alt det ovennevnte n\u00e5r du utarbeider risikovurderingen av arbeidsplassen<\/li>\n<\/ul>\n<p>Husk \u00e5 gi instrukser til medarbeiderne dine:<\/p>\n<ul>\n<li>Bruk alltid et enkelt og klart spr\u00e5k, korte og poengterte setninger<\/li>\n<li>S\u00f8rg for et rent design i skriftlige instruksjoner<\/li>\n<li>Inkluder illustrasjoner\/skjemaer n\u00e5r det er mulig<\/li>\n<\/ul>\n<p>For arbeid med kjemikalier og STOP-prinsippet viser vi ogs\u00e5 til Arbeidstilsynets veiledningssider:<\/p>\n<ul>\n<li><a href=\"https:\/\/www.arbeidstilsynet.no\/risikofylt-arbeid\/kjemikalier\/\">Kjemikalier<\/a><\/li>\n<li><a href=\"https:\/\/www.arbeidstilsynet.no\/risikofylt-arbeid\/kjemikalier\/laboratoriearbeid\/\">Laboratoriearbeid<\/a><\/li>\n<\/ul>\n<h2><strong>S.T.O.P-prinsippet: Dette m\u00e5 du tenke p\u00e5<\/strong><\/h2>\n<p>STOP-prinsippet beskriver prioriteringsrekkef\u00f8lgen for vernetiltak. Arbeidsgiveren m\u00e5 f\u00f8lge denne prioriteringsrekkef\u00f8lgen n\u00e5r vernetiltak skal fastsettes og iverksettes. De enkelte bokstavene S-T-O-P st\u00e5r for ulike typer vernetiltak:<\/p>\n<p><strong>S &#8230; Substitusjon<\/strong> - erstatte farlige stoffer med mindre farlige stoffer eller prosesser. Substitusjon er alltid det f\u00f8rste tiltaket man b\u00f8r vurdere.<\/p>\n<p><a href=\"https:\/\/stopcarcinogensatwork.eu\/no\/laer-om-de-grunnleggende-forebyggingsstrategiene\/s-erstatning\/\">Les mer om <strong>substitusjon<\/strong><\/a><\/p>\n<p><strong>T &#8230; Tekniske tiltak<\/strong> - fra lukkede systemer til effektivt luftsug - mange teknikker bidrar til \u00e5 redusere eksponeringen for kreftfremkallende stoffer dramatisk.<\/p>\n<p><a href=\"https:\/\/stopcarcinogensatwork.eu\/no\/laer-om-de-grunnleggende-forebyggingsstrategiene\/t-tekniske-tiltak\/\">Les mer om <strong>tekniske tiltak<\/strong><\/a><\/p>\n<p><strong>O &#8230; Organisatoriske tiltak<\/strong> - kan best\u00e5 av interne retningslinjer og\/eller organisatoriske metoder. Disse tiltakene skal bare brukes for \u00e5 gi ekstra beskyttelse. De b\u00f8r ogs\u00e5 vurderes i n\u00f8dsituasjoner og for arbeidstakere som utf\u00f8rer regelmessig rengj\u00f8rings- og vedlikeholdsarbeid.<\/p>\n<p><a href=\"https:\/\/stopcarcinogensatwork.eu\/no\/laer-om-de-grunnleggende-forebyggingsstrategiene\/o-organisatoriske-tiltak\/\">Les mer om <strong>organisatoriske tiltak<\/strong><\/a><\/p>\n<p><strong>P &#8230; Personlig beskyttelse<\/strong> - noen ganger er substitusjon ikke mulig, og tekniske og organisatoriske tiltak er ikke nok. Da m\u00e5 du bruke personlig beskyttelse.<\/p>\n<p><a href=\"https:\/\/stopcarcinogensatwork.eu\/no\/laer-om-de-grunnleggende-forebyggingsstrategiene\/p-personlig-beskyttelse\/\">L\u00e6r mer om <strong>personlig beskyttelse<\/strong><\/a><\/p>\n","protected":false},"excerpt":{"rendered":"<p>N\u00e5r det finnes kreftfremkallende stoffer p\u00e5 arbeidsplassen, m\u00e5 arbeidsgivere gj\u00f8re alt som st\u00e5r i deres makt for \u00e5 forhindre at arbeidstakerne kommer i kontakt med dem. Frem en helse- og sikkerhetskultur p\u00e5 arbeidsplassen din! Generell tiln\u00e6rming til risikoh\u00e5ndtering av kreftfremkallende stoffer I henhold til definisjonen av &laquo;kreftfremkallende&raquo; i artikkel 2 a) i CMR-direktivet. De f\u00f8rste [&hellip;]<\/p>\n","protected":false},"author":1,"featured_media":67988,"parent":0,"menu_order":0,"comment_status":"closed","ping_status":"closed","template":"","meta":{"inline_featured_image":false,"footnotes":""},"class_list":["post-67983","page","type-page","status-publish","hentry"],"yoast_head":"<!-- This site is optimized with the Yoast SEO Premium plugin v27.0 (Yoast SEO v27.4) - https:\/\/yoast.com\/product\/yoast-seo-premium-wordpress\/ -->\n<title>Stopp kreftfremkallende stoffer p\u00e5 jobben: Essential Steps for Workplace Safety - STOP carcinogens at work<\/title>\n<meta name=\"description\" content=\"STOP-prinsippet beskriver prioriteringsrekkef\u00f8lgen for vernetiltak ved fastsettelse og anvendelse av vernetiltak.\" \/>\n<meta name=\"robots\" content=\"index, follow, max-snippet:-1, max-image-preview:large, max-video-preview:-1\" \/>\n<link rel=\"canonical\" href=\"https:\/\/stopcarcinogensatwork.eu\/no\/laer-om-de-grunnleggende-forebyggingsstrategiene\/\" \/>\n<meta property=\"og:locale\" content=\"nb_NO\" \/>\n<meta property=\"og:type\" content=\"article\" \/>\n<meta property=\"og:title\" content=\"L\u00e6r om de grunnleggende forebyggingsstrategiene\" \/>\n<meta property=\"og:description\" content=\"STOP-prinsippet beskriver prioriteringsrekkef\u00f8lgen for vernetiltak ved fastsettelse og anvendelse av vernetiltak.\" \/>\n<meta property=\"og:url\" content=\"https:\/\/stopcarcinogensatwork.eu\/no\/laer-om-de-grunnleggende-forebyggingsstrategiene\/\" \/>\n<meta property=\"og:site_name\" content=\"STOP carcinogens at work\" \/>\n<meta property=\"article:modified_time\" content=\"2025-09-04T12:08:41+00:00\" \/>\n<meta property=\"og:image\" content=\"https:\/\/stopcarcinogensatwork.eu\/wp-content\/uploads\/2024\/08\/Stop-Carcinogens-at-Work-icon-1-scaled.png\" \/>\n\t<meta property=\"og:image:width\" content=\"2560\" \/>\n\t<meta property=\"og:image:height\" content=\"2141\" \/>\n\t<meta property=\"og:image:type\" content=\"image\/png\" \/>\n<meta name=\"twitter:card\" content=\"summary_large_image\" \/>\n<meta name=\"twitter:label1\" content=\"Ansl. lesetid\" \/>\n\t<meta name=\"twitter:data1\" content=\"2 minutter\" \/>\n<script type=\"application\/ld+json\" class=\"yoast-schema-graph\">{\"@context\":\"https:\\\/\\\/schema.org\",\"@graph\":[{\"@type\":\"WebPage\",\"@id\":\"https:\\\/\\\/stopcarcinogensatwork.eu\\\/no\\\/laer-om-de-grunnleggende-forebyggingsstrategiene\\\/\",\"url\":\"https:\\\/\\\/stopcarcinogensatwork.eu\\\/no\\\/laer-om-de-grunnleggende-forebyggingsstrategiene\\\/\",\"name\":\"Stopp kreftfremkallende stoffer p\u00e5 jobben: Essential Steps for Workplace Safety - STOP carcinogens at work\",\"isPartOf\":{\"@id\":\"https:\\\/\\\/stopcarcinogensatwork.eu\\\/no\\\/#website\"},\"primaryImageOfPage\":{\"@id\":\"https:\\\/\\\/stopcarcinogensatwork.eu\\\/no\\\/laer-om-de-grunnleggende-forebyggingsstrategiene\\\/#primaryimage\"},\"image\":{\"@id\":\"https:\\\/\\\/stopcarcinogensatwork.eu\\\/no\\\/laer-om-de-grunnleggende-forebyggingsstrategiene\\\/#primaryimage\"},\"thumbnailUrl\":\"https:\\\/\\\/stopcarcinogensatwork.eu\\\/wp-content\\\/uploads\\\/2024\\\/08\\\/Stop-Carcinogens-at-Work-icon-1-scaled.png\",\"datePublished\":\"2024-01-31T15:46:56+00:00\",\"dateModified\":\"2025-09-04T12:08:41+00:00\",\"description\":\"STOP-prinsippet beskriver prioriteringsrekkef\u00f8lgen for vernetiltak ved fastsettelse og anvendelse av vernetiltak.\",\"breadcrumb\":{\"@id\":\"https:\\\/\\\/stopcarcinogensatwork.eu\\\/no\\\/laer-om-de-grunnleggende-forebyggingsstrategiene\\\/#breadcrumb\"},\"inLanguage\":\"nb-NO\",\"potentialAction\":[{\"@type\":\"ReadAction\",\"target\":[\"https:\\\/\\\/stopcarcinogensatwork.eu\\\/no\\\/laer-om-de-grunnleggende-forebyggingsstrategiene\\\/\"]}]},{\"@type\":\"ImageObject\",\"inLanguage\":\"nb-NO\",\"@id\":\"https:\\\/\\\/stopcarcinogensatwork.eu\\\/no\\\/laer-om-de-grunnleggende-forebyggingsstrategiene\\\/#primaryimage\",\"url\":\"https:\\\/\\\/stopcarcinogensatwork.eu\\\/wp-content\\\/uploads\\\/2024\\\/08\\\/Stop-Carcinogens-at-Work-icon-1-scaled.png\",\"contentUrl\":\"https:\\\/\\\/stopcarcinogensatwork.eu\\\/wp-content\\\/uploads\\\/2024\\\/08\\\/Stop-Carcinogens-at-Work-icon-1-scaled.png\",\"width\":2560,\"height\":2141},{\"@type\":\"BreadcrumbList\",\"@id\":\"https:\\\/\\\/stopcarcinogensatwork.eu\\\/no\\\/laer-om-de-grunnleggende-forebyggingsstrategiene\\\/#breadcrumb\",\"itemListElement\":[{\"@type\":\"ListItem\",\"position\":1,\"name\":\"Home\",\"item\":\"https:\\\/\\\/stopcarcinogensatwork.eu\\\/no\\\/stopp-kreftfremkallende-stoffer-pa-jobben\\\/\"},{\"@type\":\"ListItem\",\"position\":2,\"name\":\"L\u00e6r om de grunnleggende forebyggingsstrategiene\"}]},{\"@type\":\"WebSite\",\"@id\":\"https:\\\/\\\/stopcarcinogensatwork.eu\\\/no\\\/#website\",\"url\":\"https:\\\/\\\/stopcarcinogensatwork.eu\\\/no\\\/\",\"name\":\"STOP Carcinogens at work\",\"description\":\"Every year, about 100.000 people die from cancer that was caused by exposure to carcinogens at work in Europe.\",\"publisher\":{\"@id\":\"https:\\\/\\\/stopcarcinogensatwork.eu\\\/no\\\/#organization\"},\"alternateName\":\"Roadmap on Carcinogens\",\"potentialAction\":[{\"@type\":\"SearchAction\",\"target\":{\"@type\":\"EntryPoint\",\"urlTemplate\":\"https:\\\/\\\/stopcarcinogensatwork.eu\\\/no\\\/?s={search_term_string}\"},\"query-input\":{\"@type\":\"PropertyValueSpecification\",\"valueRequired\":true,\"valueName\":\"search_term_string\"}}],\"inLanguage\":\"nb-NO\"},{\"@type\":\"Organization\",\"@id\":\"https:\\\/\\\/stopcarcinogensatwork.eu\\\/no\\\/#organization\",\"name\":\"TNO\",\"alternateName\":\"This is a European wide voluntary action scheme\",\"url\":\"https:\\\/\\\/stopcarcinogensatwork.eu\\\/no\\\/\",\"logo\":{\"@type\":\"ImageObject\",\"inLanguage\":\"nb-NO\",\"@id\":\"https:\\\/\\\/stopcarcinogensatwork.eu\\\/no\\\/#\\\/schema\\\/logo\\\/image\\\/\",\"url\":\"https:\\\/\\\/stopcarcinogensatwork.eu\\\/wp-content\\\/uploads\\\/2024\\\/08\\\/cropped-FavLarge-1.png\",\"contentUrl\":\"https:\\\/\\\/stopcarcinogensatwork.eu\\\/wp-content\\\/uploads\\\/2024\\\/08\\\/cropped-FavLarge-1.png\",\"width\":512,\"height\":512,\"caption\":\"TNO\"},\"image\":{\"@id\":\"https:\\\/\\\/stopcarcinogensatwork.eu\\\/no\\\/#\\\/schema\\\/logo\\\/image\\\/\"},\"publishingPrinciples\":\"https:\\\/\\\/stopcarcinogensatwork.eu\\\/homepage\\\/legal\\\/\",\"ownershipFundingInfo\":\"https:\\\/\\\/stopcarcinogensatwork.eu\\\/general\\\/about-us\\\/\"}]}<\/script>\n<!-- \/ Yoast SEO Premium plugin. -->","yoast_head_json":{"title":"Stopp kreftfremkallende stoffer p\u00e5 jobben: Essential Steps for Workplace Safety - STOP carcinogens at work","description":"STOP-prinsippet beskriver prioriteringsrekkef\u00f8lgen for vernetiltak ved fastsettelse og anvendelse av vernetiltak.","robots":{"index":"index","follow":"follow","max-snippet":"max-snippet:-1","max-image-preview":"max-image-preview:large","max-video-preview":"max-video-preview:-1"},"canonical":"https:\/\/stopcarcinogensatwork.eu\/no\/laer-om-de-grunnleggende-forebyggingsstrategiene\/","og_locale":"nb_NO","og_type":"article","og_title":"L\u00e6r om de grunnleggende forebyggingsstrategiene","og_description":"STOP-prinsippet beskriver prioriteringsrekkef\u00f8lgen for vernetiltak ved fastsettelse og anvendelse av vernetiltak.","og_url":"https:\/\/stopcarcinogensatwork.eu\/no\/laer-om-de-grunnleggende-forebyggingsstrategiene\/","og_site_name":"STOP carcinogens at work","article_modified_time":"2025-09-04T12:08:41+00:00","og_image":[{"width":2560,"height":2141,"url":"https:\/\/stopcarcinogensatwork.eu\/wp-content\/uploads\/2024\/08\/Stop-Carcinogens-at-Work-icon-1-scaled.png","type":"image\/png"}],"twitter_card":"summary_large_image","twitter_misc":{"Ansl. lesetid":"2 minutter"},"schema":{"@context":"https:\/\/schema.org","@graph":[{"@type":"WebPage","@id":"https:\/\/stopcarcinogensatwork.eu\/no\/laer-om-de-grunnleggende-forebyggingsstrategiene\/","url":"https:\/\/stopcarcinogensatwork.eu\/no\/laer-om-de-grunnleggende-forebyggingsstrategiene\/","name":"Stopp kreftfremkallende stoffer p\u00e5 jobben: Essential Steps for Workplace Safety - STOP carcinogens at work","isPartOf":{"@id":"https:\/\/stopcarcinogensatwork.eu\/no\/#website"},"primaryImageOfPage":{"@id":"https:\/\/stopcarcinogensatwork.eu\/no\/laer-om-de-grunnleggende-forebyggingsstrategiene\/#primaryimage"},"image":{"@id":"https:\/\/stopcarcinogensatwork.eu\/no\/laer-om-de-grunnleggende-forebyggingsstrategiene\/#primaryimage"},"thumbnailUrl":"https:\/\/stopcarcinogensatwork.eu\/wp-content\/uploads\/2024\/08\/Stop-Carcinogens-at-Work-icon-1-scaled.png","datePublished":"2024-01-31T15:46:56+00:00","dateModified":"2025-09-04T12:08:41+00:00","description":"STOP-prinsippet beskriver prioriteringsrekkef\u00f8lgen for vernetiltak ved fastsettelse og anvendelse av vernetiltak.","breadcrumb":{"@id":"https:\/\/stopcarcinogensatwork.eu\/no\/laer-om-de-grunnleggende-forebyggingsstrategiene\/#breadcrumb"},"inLanguage":"nb-NO","potentialAction":[{"@type":"ReadAction","target":["https:\/\/stopcarcinogensatwork.eu\/no\/laer-om-de-grunnleggende-forebyggingsstrategiene\/"]}]},{"@type":"ImageObject","inLanguage":"nb-NO","@id":"https:\/\/stopcarcinogensatwork.eu\/no\/laer-om-de-grunnleggende-forebyggingsstrategiene\/#primaryimage","url":"https:\/\/stopcarcinogensatwork.eu\/wp-content\/uploads\/2024\/08\/Stop-Carcinogens-at-Work-icon-1-scaled.png","contentUrl":"https:\/\/stopcarcinogensatwork.eu\/wp-content\/uploads\/2024\/08\/Stop-Carcinogens-at-Work-icon-1-scaled.png","width":2560,"height":2141},{"@type":"BreadcrumbList","@id":"https:\/\/stopcarcinogensatwork.eu\/no\/laer-om-de-grunnleggende-forebyggingsstrategiene\/#breadcrumb","itemListElement":[{"@type":"ListItem","position":1,"name":"Home","item":"https:\/\/stopcarcinogensatwork.eu\/no\/stopp-kreftfremkallende-stoffer-pa-jobben\/"},{"@type":"ListItem","position":2,"name":"L\u00e6r om de grunnleggende forebyggingsstrategiene"}]},{"@type":"WebSite","@id":"https:\/\/stopcarcinogensatwork.eu\/no\/#website","url":"https:\/\/stopcarcinogensatwork.eu\/no\/","name":"STOP Carcinogens at work","description":"Every year, about 100.000 people die from cancer that was caused by exposure to carcinogens at work in Europe.","publisher":{"@id":"https:\/\/stopcarcinogensatwork.eu\/no\/#organization"},"alternateName":"Roadmap on Carcinogens","potentialAction":[{"@type":"SearchAction","target":{"@type":"EntryPoint","urlTemplate":"https:\/\/stopcarcinogensatwork.eu\/no\/?s={search_term_string}"},"query-input":{"@type":"PropertyValueSpecification","valueRequired":true,"valueName":"search_term_string"}}],"inLanguage":"nb-NO"},{"@type":"Organization","@id":"https:\/\/stopcarcinogensatwork.eu\/no\/#organization","name":"TNO","alternateName":"This is a European wide voluntary action scheme","url":"https:\/\/stopcarcinogensatwork.eu\/no\/","logo":{"@type":"ImageObject","inLanguage":"nb-NO","@id":"https:\/\/stopcarcinogensatwork.eu\/no\/#\/schema\/logo\/image\/","url":"https:\/\/stopcarcinogensatwork.eu\/wp-content\/uploads\/2024\/08\/cropped-FavLarge-1.png","contentUrl":"https:\/\/stopcarcinogensatwork.eu\/wp-content\/uploads\/2024\/08\/cropped-FavLarge-1.png","width":512,"height":512,"caption":"TNO"},"image":{"@id":"https:\/\/stopcarcinogensatwork.eu\/no\/#\/schema\/logo\/image\/"},"publishingPrinciples":"https:\/\/stopcarcinogensatwork.eu\/homepage\/legal\/","ownershipFundingInfo":"https:\/\/stopcarcinogensatwork.eu\/general\/about-us\/"}]}},"_links":{"self":[{"href":"https:\/\/stopcarcinogensatwork.eu\/no\/wp-json\/wp\/v2\/pages\/67983","targetHints":{"allow":["GET"]}}],"collection":[{"href":"https:\/\/stopcarcinogensatwork.eu\/no\/wp-json\/wp\/v2\/pages"}],"about":[{"href":"https:\/\/stopcarcinogensatwork.eu\/no\/wp-json\/wp\/v2\/types\/page"}],"author":[{"embeddable":true,"href":"https:\/\/stopcarcinogensatwork.eu\/no\/wp-json\/wp\/v2\/users\/1"}],"replies":[{"embeddable":true,"href":"https:\/\/stopcarcinogensatwork.eu\/no\/wp-json\/wp\/v2\/comments?post=67983"}],"version-history":[{"count":0,"href":"https:\/\/stopcarcinogensatwork.eu\/no\/wp-json\/wp\/v2\/pages\/67983\/revisions"}],"wp:featuredmedia":[{"embeddable":true,"href":"https:\/\/stopcarcinogensatwork.eu\/no\/wp-json\/wp\/v2\/media\/67988"}],"wp:attachment":[{"href":"https:\/\/stopcarcinogensatwork.eu\/no\/wp-json\/wp\/v2\/media?parent=67983"}],"curies":[{"name":"wp","href":"https:\/\/api.w.org\/{rel}","templated":true}]}}