{"id":68034,"date":"2023-08-15T07:25:38","date_gmt":"2023-08-15T07:25:38","guid":{"rendered":"https:\/\/stopcarcinogensatwork.eu\/generelt\/introduksjon-om-kreftfremkallende-stoffer\/"},"modified":"2025-09-05T06:04:24","modified_gmt":"2025-09-05T06:04:24","slug":"introduksjon-om-kreftfremkallende-stoffer","status":"publish","type":"page","link":"https:\/\/stopcarcinogensatwork.eu\/no\/generelt\/introduksjon-om-kreftfremkallende-stoffer\/","title":{"rendered":"Introduksjon til kreftfremkallende stoffer"},"content":{"rendered":"<blockquote><p>Kreftfremkallende stoffer, eller karsinogener, er stoffer som for\u00e5rsaker kreft. Et velkjent eksempel er asbest, et stoff som er ansvarlig for tusenvis av ofre som lider og d\u00f8r p\u00e5 grunn av eksponering for asbestpartiklene. Mange andre kreftfremkallende stoffer er mindre kjent, men v\u00e6r oppmerksom p\u00e5 at selv naturlige produkter, som for eksempel st\u00f8v fra l\u00f8vtre, kan for\u00e5rsake kreft. S\u00f8rg for at du vet hva du jobber med!   <\/p><\/blockquote>\n<h2>Typer kreftfremkallende stoffer<\/h2>\n<h3>Kreftfremkallende stoffer forekommer i ulike former:<\/h3>\n<ul>\n<li>Utseende: Kreftfremkallende stoffer kan forekomme i produkter som brukes i bedrifter, inkludert kjemiske varianter som visse plantevernmidler og industrimaling. Men de kan ogs\u00e5 v\u00e6re et resultat av en prosess (prosessgenererte kreftfremkallende stoffer), for eksempel dieselutslipp eller sveiser\u00f8yk. <\/li>\n<li>Noen kreftfremkallende stoffer kan pustes inn og komme inn i for eksempel blodoml\u00f8pet og organene, inkludert hjernen. Andre kan komme inn gjennom huden. N\u00e5r kreftfremkallende stoffer f\u00f8rst har kommet inn i kroppen, kan de skade arbeidernes DNA eller endre m\u00e5ten kroppens celler fungerer og replikerer p\u00e5. Dette kan f\u00f8re til kreft og andre helseproblemer.   <\/li>\n<li>Naturlige produkter: Selv naturprodukter kan for\u00e5rsake kreft ved h\u00f8y og langvarig eksponering, for eksempel st\u00f8v fra l\u00f8vtre, silisiumdioksyd og kvarts i visse typer stein.<\/li>\n<\/ul>\n<p>Se <a href=\"https:\/\/stopcarcinogensatwork.eu\/search\/\">faktaarkene<\/a> for mer informasjon om ulike kreftfremkallende stoffer.<\/p>\n<h2>Regulering av kreftfremkallende stoffer<\/h2>\n<p>For \u00e5 beskytte arbeidstakere mot eksponering for kreftfremkallende <a href=\"https:\/\/osha.europa.eu\/nl\/legislation\/directive\/directive-200437ec-carcinogens-or-mutagens-work (CRMD)\">stoffer har EU utarbeidet direktivet om kreftfremkallende, mutagene eller reproduksjonstoksiske stoffer.<\/a> I dette direktivet er f\u00f8lgende prosedyrer foreskrevet: <\/p>\n<ul>\n<li><strong>Risikovurdering:<\/strong> Arbeidsgiveren m\u00e5 kontrollere og h\u00e5ndtere risikoen for \u00e5 bli eksponert for kreftfremkallende, mutagene (genforandrende) eller reproduksjonsskadelige stoffer (CMR). Denne kontrollen m\u00e5 gj\u00f8res regelmessig. <\/li>\n<li><strong>Forebyggende tiltak:<\/strong> Arbeidstakere skal ikke eksponeres for CMR. Arbeidsgiveren m\u00e5 bruke sikrere stoffer hvis det er mulig. Hvis det ikke er mulig \u00e5 bruke et lukket system, skal eksponeringen minimeres. Eksponeringen m\u00e5 ikke overskride den tillatte grenseverdien for et kreftfremkallende stoff (les mer: STOP-prinsippet).   <\/li>\n<li><strong>Informasjon og oppl\u00e6ring:<\/strong> Arbeidsgiveren m\u00e5 gi skikkelig oppl\u00e6ring om helserisiko, hvordan man unng\u00e5r eksponering, hygieneregler, verneutstyr og hva man skal gj\u00f8re i tilfelle uhell.<\/li>\n<li><strong>Helseoverv\u00e5king:<\/strong> Hvis det er fastsatt en biologisk grenseverdi (se nedenfor), kreves det helsekontroller. Arbeidstakerne m\u00e5 informeres om dette f\u00f8r de p\u00e5begynner den risikofylte oppgaven. <\/li>\n<\/ul>\n<h2>Yrkeshygieniske grenseverdier<\/h2>\n<p>Regulerende myndigheter p\u00e5 EU-niv\u00e5 og nasjonalt niv\u00e5 fastsetter grenser for eksponering for farlige stoffer, for eksempel kreftfremkallende stoffer. Disse grenseverdiene for yrkeseksponering (OEL) er forskriftsfestede verdier som angir eksponeringsniv\u00e5er som anses som trygge (helsebaserte) for et kjemisk stoff i luften p\u00e5 en arbeidsplass. De fungerer i hovedsak som sikkerhetsstandarder for \u00e5 beskytte arbeidstakernes helse. Se <a href=\"https:\/\/stopcarcinogensatwork.eu\/search\/\">faktaarkene<\/a> for yrkesmessig eksponering.   <\/p>\n<p>Informasjonen p\u00e5 denne siden er hentet fra f\u00f8lgende nettsteder:<\/p>\n<ul>\n<li><a href=\"https:\/\/osha.europa.eu\/nl\/legislation\/directive\/directive-200437ec-carcinogens-or-mutagens-work\" target=\"_blank\" rel=\"noopener\">OSHA<\/a><\/li>\n<li><a href=\"http:\/\/www.cancer.org\">www.cancer.org<\/a><\/li>\n<li><a href=\"http:\/\/www.rivm.nl\">www.rivm.nl<\/a><\/li>\n<li><a href=\"http:\/\/monographs.iarc.fr\/\">monographs.iarc.fr<\/a><\/li>\n<\/ul>\n","protected":false},"excerpt":{"rendered":"<p>Kreftfremkallende stoffer, eller karsinogener, er stoffer som for\u00e5rsaker kreft. Et velkjent eksempel er asbest, et stoff som er ansvarlig for tusenvis av ofre som lider og d\u00f8r p\u00e5 grunn av eksponering for asbestpartiklene. Mange andre kreftfremkallende stoffer er mindre kjent, men v\u00e6r oppmerksom p\u00e5 at selv naturlige produkter, som for eksempel st\u00f8v fra l\u00f8vtre, kan [&hellip;]<\/p>\n","protected":false},"author":1,"featured_media":0,"parent":67903,"menu_order":0,"comment_status":"closed","ping_status":"closed","template":"","meta":{"inline_featured_image":false,"footnotes":""},"class_list":["post-68034","page","type-page","status-publish","hentry"],"yoast_head":"<!-- This site is optimized with the Yoast SEO Premium plugin v27.0 (Yoast SEO v27.3) - https:\/\/yoast.com\/product\/yoast-seo-premium-wordpress\/ -->\n<title>Introduksjon til kreftfremkallende stoffer - STOP carcinogens at work<\/title>\n<meta name=\"description\" content=\"Hvert \u00e5r d\u00f8r rundt 100 000 mennesker i Europa av kreft for\u00e5rsaket av kreftfremkallende stoffer p\u00e5 jobben. Forhindre eksponering p\u00e5 jobben.\" \/>\n<meta name=\"robots\" content=\"index, follow, max-snippet:-1, max-image-preview:large, max-video-preview:-1\" \/>\n<link rel=\"canonical\" href=\"https:\/\/stopcarcinogensatwork.eu\/no\/generelt\/introduksjon-om-kreftfremkallende-stoffer\/\" \/>\n<meta property=\"og:locale\" content=\"nb_NO\" \/>\n<meta property=\"og:type\" content=\"article\" \/>\n<meta property=\"og:title\" content=\"Introduksjon til kreftfremkallende stoffer\" \/>\n<meta property=\"og:description\" content=\"Hvert \u00e5r d\u00f8r rundt 100 000 mennesker i Europa av kreft for\u00e5rsaket av kreftfremkallende stoffer p\u00e5 jobben. Forhindre eksponering p\u00e5 jobben.\" \/>\n<meta property=\"og:url\" content=\"https:\/\/stopcarcinogensatwork.eu\/no\/generelt\/introduksjon-om-kreftfremkallende-stoffer\/\" \/>\n<meta property=\"og:site_name\" content=\"STOP carcinogens at work\" \/>\n<meta property=\"article:modified_time\" content=\"2025-09-05T06:04:24+00:00\" \/>\n<meta name=\"twitter:card\" content=\"summary_large_image\" \/>\n<meta name=\"twitter:label1\" content=\"Ansl. lesetid\" \/>\n\t<meta name=\"twitter:data1\" content=\"2 minutter\" \/>\n<script type=\"application\/ld+json\" class=\"yoast-schema-graph\">{\"@context\":\"https:\\\/\\\/schema.org\",\"@graph\":[{\"@type\":\"WebPage\",\"@id\":\"https:\\\/\\\/stopcarcinogensatwork.eu\\\/no\\\/generelt\\\/introduksjon-om-kreftfremkallende-stoffer\\\/\",\"url\":\"https:\\\/\\\/stopcarcinogensatwork.eu\\\/no\\\/generelt\\\/introduksjon-om-kreftfremkallende-stoffer\\\/\",\"name\":\"Introduksjon til kreftfremkallende stoffer - STOP carcinogens at work\",\"isPartOf\":{\"@id\":\"https:\\\/\\\/stopcarcinogensatwork.eu\\\/no\\\/#website\"},\"datePublished\":\"2023-08-15T07:25:38+00:00\",\"dateModified\":\"2025-09-05T06:04:24+00:00\",\"description\":\"Hvert \u00e5r d\u00f8r rundt 100 000 mennesker i Europa av kreft for\u00e5rsaket av kreftfremkallende stoffer p\u00e5 jobben. Forhindre eksponering p\u00e5 jobben.\",\"breadcrumb\":{\"@id\":\"https:\\\/\\\/stopcarcinogensatwork.eu\\\/no\\\/generelt\\\/introduksjon-om-kreftfremkallende-stoffer\\\/#breadcrumb\"},\"inLanguage\":\"nb-NO\",\"potentialAction\":[{\"@type\":\"ReadAction\",\"target\":[\"https:\\\/\\\/stopcarcinogensatwork.eu\\\/no\\\/generelt\\\/introduksjon-om-kreftfremkallende-stoffer\\\/\"]}]},{\"@type\":\"BreadcrumbList\",\"@id\":\"https:\\\/\\\/stopcarcinogensatwork.eu\\\/no\\\/generelt\\\/introduksjon-om-kreftfremkallende-stoffer\\\/#breadcrumb\",\"itemListElement\":[{\"@type\":\"ListItem\",\"position\":1,\"name\":\"Home\",\"item\":\"https:\\\/\\\/stopcarcinogensatwork.eu\\\/no\\\/stopp-kreftfremkallende-stoffer-pa-jobben\\\/\"},{\"@type\":\"ListItem\",\"position\":2,\"name\":\"Generelt\",\"item\":\"https:\\\/\\\/stopcarcinogensatwork.eu\\\/no\\\/generelt\\\/\"},{\"@type\":\"ListItem\",\"position\":3,\"name\":\"Introduksjon til kreftfremkallende stoffer\"}]},{\"@type\":\"WebSite\",\"@id\":\"https:\\\/\\\/stopcarcinogensatwork.eu\\\/no\\\/#website\",\"url\":\"https:\\\/\\\/stopcarcinogensatwork.eu\\\/no\\\/\",\"name\":\"STOP Carcinogens at work\",\"description\":\"Every year, about 100.000 people die from cancer that was caused by exposure to carcinogens at work in Europe.\",\"publisher\":{\"@id\":\"https:\\\/\\\/stopcarcinogensatwork.eu\\\/no\\\/#organization\"},\"alternateName\":\"Roadmap on Carcinogens\",\"potentialAction\":[{\"@type\":\"SearchAction\",\"target\":{\"@type\":\"EntryPoint\",\"urlTemplate\":\"https:\\\/\\\/stopcarcinogensatwork.eu\\\/no\\\/?s={search_term_string}\"},\"query-input\":{\"@type\":\"PropertyValueSpecification\",\"valueRequired\":true,\"valueName\":\"search_term_string\"}}],\"inLanguage\":\"nb-NO\"},{\"@type\":\"Organization\",\"@id\":\"https:\\\/\\\/stopcarcinogensatwork.eu\\\/no\\\/#organization\",\"name\":\"TNO\",\"alternateName\":\"This is a European wide voluntary action scheme\",\"url\":\"https:\\\/\\\/stopcarcinogensatwork.eu\\\/no\\\/\",\"logo\":{\"@type\":\"ImageObject\",\"inLanguage\":\"nb-NO\",\"@id\":\"https:\\\/\\\/stopcarcinogensatwork.eu\\\/no\\\/#\\\/schema\\\/logo\\\/image\\\/\",\"url\":\"https:\\\/\\\/stopcarcinogensatwork.eu\\\/wp-content\\\/uploads\\\/2024\\\/08\\\/cropped-FavLarge-1.png\",\"contentUrl\":\"https:\\\/\\\/stopcarcinogensatwork.eu\\\/wp-content\\\/uploads\\\/2024\\\/08\\\/cropped-FavLarge-1.png\",\"width\":512,\"height\":512,\"caption\":\"TNO\"},\"image\":{\"@id\":\"https:\\\/\\\/stopcarcinogensatwork.eu\\\/no\\\/#\\\/schema\\\/logo\\\/image\\\/\"},\"publishingPrinciples\":\"https:\\\/\\\/stopcarcinogensatwork.eu\\\/homepage\\\/legal\\\/\",\"ownershipFundingInfo\":\"https:\\\/\\\/stopcarcinogensatwork.eu\\\/general\\\/about-us\\\/\"}]}<\/script>\n<!-- \/ Yoast SEO Premium plugin. -->","yoast_head_json":{"title":"Introduksjon til kreftfremkallende stoffer - STOP carcinogens at work","description":"Hvert \u00e5r d\u00f8r rundt 100 000 mennesker i Europa av kreft for\u00e5rsaket av kreftfremkallende stoffer p\u00e5 jobben. Forhindre eksponering p\u00e5 jobben.","robots":{"index":"index","follow":"follow","max-snippet":"max-snippet:-1","max-image-preview":"max-image-preview:large","max-video-preview":"max-video-preview:-1"},"canonical":"https:\/\/stopcarcinogensatwork.eu\/no\/generelt\/introduksjon-om-kreftfremkallende-stoffer\/","og_locale":"nb_NO","og_type":"article","og_title":"Introduksjon til kreftfremkallende stoffer","og_description":"Hvert \u00e5r d\u00f8r rundt 100 000 mennesker i Europa av kreft for\u00e5rsaket av kreftfremkallende stoffer p\u00e5 jobben. Forhindre eksponering p\u00e5 jobben.","og_url":"https:\/\/stopcarcinogensatwork.eu\/no\/generelt\/introduksjon-om-kreftfremkallende-stoffer\/","og_site_name":"STOP carcinogens at work","article_modified_time":"2025-09-05T06:04:24+00:00","twitter_card":"summary_large_image","twitter_misc":{"Ansl. lesetid":"2 minutter"},"schema":{"@context":"https:\/\/schema.org","@graph":[{"@type":"WebPage","@id":"https:\/\/stopcarcinogensatwork.eu\/no\/generelt\/introduksjon-om-kreftfremkallende-stoffer\/","url":"https:\/\/stopcarcinogensatwork.eu\/no\/generelt\/introduksjon-om-kreftfremkallende-stoffer\/","name":"Introduksjon til kreftfremkallende stoffer - STOP carcinogens at work","isPartOf":{"@id":"https:\/\/stopcarcinogensatwork.eu\/no\/#website"},"datePublished":"2023-08-15T07:25:38+00:00","dateModified":"2025-09-05T06:04:24+00:00","description":"Hvert \u00e5r d\u00f8r rundt 100 000 mennesker i Europa av kreft for\u00e5rsaket av kreftfremkallende stoffer p\u00e5 jobben. Forhindre eksponering p\u00e5 jobben.","breadcrumb":{"@id":"https:\/\/stopcarcinogensatwork.eu\/no\/generelt\/introduksjon-om-kreftfremkallende-stoffer\/#breadcrumb"},"inLanguage":"nb-NO","potentialAction":[{"@type":"ReadAction","target":["https:\/\/stopcarcinogensatwork.eu\/no\/generelt\/introduksjon-om-kreftfremkallende-stoffer\/"]}]},{"@type":"BreadcrumbList","@id":"https:\/\/stopcarcinogensatwork.eu\/no\/generelt\/introduksjon-om-kreftfremkallende-stoffer\/#breadcrumb","itemListElement":[{"@type":"ListItem","position":1,"name":"Home","item":"https:\/\/stopcarcinogensatwork.eu\/no\/stopp-kreftfremkallende-stoffer-pa-jobben\/"},{"@type":"ListItem","position":2,"name":"Generelt","item":"https:\/\/stopcarcinogensatwork.eu\/no\/generelt\/"},{"@type":"ListItem","position":3,"name":"Introduksjon til kreftfremkallende stoffer"}]},{"@type":"WebSite","@id":"https:\/\/stopcarcinogensatwork.eu\/no\/#website","url":"https:\/\/stopcarcinogensatwork.eu\/no\/","name":"STOP Carcinogens at work","description":"Every year, about 100.000 people die from cancer that was caused by exposure to carcinogens at work in Europe.","publisher":{"@id":"https:\/\/stopcarcinogensatwork.eu\/no\/#organization"},"alternateName":"Roadmap on Carcinogens","potentialAction":[{"@type":"SearchAction","target":{"@type":"EntryPoint","urlTemplate":"https:\/\/stopcarcinogensatwork.eu\/no\/?s={search_term_string}"},"query-input":{"@type":"PropertyValueSpecification","valueRequired":true,"valueName":"search_term_string"}}],"inLanguage":"nb-NO"},{"@type":"Organization","@id":"https:\/\/stopcarcinogensatwork.eu\/no\/#organization","name":"TNO","alternateName":"This is a European wide voluntary action scheme","url":"https:\/\/stopcarcinogensatwork.eu\/no\/","logo":{"@type":"ImageObject","inLanguage":"nb-NO","@id":"https:\/\/stopcarcinogensatwork.eu\/no\/#\/schema\/logo\/image\/","url":"https:\/\/stopcarcinogensatwork.eu\/wp-content\/uploads\/2024\/08\/cropped-FavLarge-1.png","contentUrl":"https:\/\/stopcarcinogensatwork.eu\/wp-content\/uploads\/2024\/08\/cropped-FavLarge-1.png","width":512,"height":512,"caption":"TNO"},"image":{"@id":"https:\/\/stopcarcinogensatwork.eu\/no\/#\/schema\/logo\/image\/"},"publishingPrinciples":"https:\/\/stopcarcinogensatwork.eu\/homepage\/legal\/","ownershipFundingInfo":"https:\/\/stopcarcinogensatwork.eu\/general\/about-us\/"}]}},"_links":{"self":[{"href":"https:\/\/stopcarcinogensatwork.eu\/no\/wp-json\/wp\/v2\/pages\/68034","targetHints":{"allow":["GET"]}}],"collection":[{"href":"https:\/\/stopcarcinogensatwork.eu\/no\/wp-json\/wp\/v2\/pages"}],"about":[{"href":"https:\/\/stopcarcinogensatwork.eu\/no\/wp-json\/wp\/v2\/types\/page"}],"author":[{"embeddable":true,"href":"https:\/\/stopcarcinogensatwork.eu\/no\/wp-json\/wp\/v2\/users\/1"}],"replies":[{"embeddable":true,"href":"https:\/\/stopcarcinogensatwork.eu\/no\/wp-json\/wp\/v2\/comments?post=68034"}],"version-history":[{"count":0,"href":"https:\/\/stopcarcinogensatwork.eu\/no\/wp-json\/wp\/v2\/pages\/68034\/revisions"}],"up":[{"embeddable":true,"href":"https:\/\/stopcarcinogensatwork.eu\/no\/wp-json\/wp\/v2\/pages\/67903"}],"wp:attachment":[{"href":"https:\/\/stopcarcinogensatwork.eu\/no\/wp-json\/wp\/v2\/media?parent=68034"}],"curies":[{"name":"wp","href":"https:\/\/api.w.org\/{rel}","templated":true}]}}