{"id":76541,"date":"2024-02-05T13:42:42","date_gmt":"2024-02-05T13:42:42","guid":{"rendered":"https:\/\/stopcarcinogensatwork.eu\/informacje-na-temat-roadmap-on-carcinogens\/"},"modified":"2026-02-13T07:35:16","modified_gmt":"2026-02-13T07:35:16","slug":"informacje-na-temat-roadmap-on-carcinogens","status":"publish","type":"page","link":"https:\/\/stopcarcinogensatwork.eu\/pl\/ogolne\/informacje-na-temat-roadmap-on-carcinogens\/","title":{"rendered":"Informacje o Mapie drogowej dotycz\u0105cej substancji rakotw\u00f3rczych"},"content":{"rendered":"<blockquote><p>Ta strona internetowa jest inicjatyw\u0105 Roadmap on Carcinogens: Og\u00f3lnoeuropejski program dobrowolnych dzia\u0142a\u0144 na rzecz walki z nowotworami zwi\u0105zanymi z wykonywan\u0105 prac\u0105. Nast\u0119puj\u0105cy partnerzy<a href=\"https:\/\/stopcarcinogensatwork.eu\/pl\/uruchomienie-roadmap-on-carcinogens-3-0\/\">(zobowi\u0105zali si\u0119<\/a>) do aktywno\u015bci i przej\u0119cia wiod\u0105cej roli w tym programie w celu zapobiegania exposure na carcinogeny w miejscu pracy: <\/p>\n<p><img fetchpriority=\"high\" decoding=\"async\" class=\"alignnone size-full wp-image-92758\" src=\"https:\/\/stopcarcinogensatwork.eu\/wp-content\/uploads\/2025\/11\/partners.jpg\" alt=\"\" width=\"2560\" height=\"967\" srcset=\"https:\/\/stopcarcinogensatwork.eu\/wp-content\/uploads\/2025\/11\/partners.jpg 2560w, https:\/\/stopcarcinogensatwork.eu\/wp-content\/uploads\/2025\/11\/partners-300x113.jpg 300w, https:\/\/stopcarcinogensatwork.eu\/wp-content\/uploads\/2025\/11\/partners-768x290.jpg 768w, https:\/\/stopcarcinogensatwork.eu\/wp-content\/uploads\/2025\/11\/partners-1536x580.jpg 1536w, https:\/\/stopcarcinogensatwork.eu\/wp-content\/uploads\/2025\/11\/partners-2048x774.jpg 2048w\" sizes=\"(max-width: 2560px) 100vw, 2560px\" \/><\/p><\/blockquote>\n<ul>\n<li><a href=\"https:\/\/www.bma.gv.at\/en.html\" target=\"_blank\" rel=\"noopener\">Austria: Federalne Ministerstwo Pracy, Spraw Spo\u0142ecznych, Zdrowia, Opieki i Ochrony Konsument\u00f3w<\/a><\/li>\n<li><a href=\"https:\/\/employment.belgium.be\/en\/themes\" target=\"_blank\" rel=\"noopener\">Belgia: Federalna s\u0142u\u017cba publiczna Zatrudnienie, Praca i Dialog Spo\u0142eczny<\/a><\/li>\n<li><a href=\"https:\/\/stm.fi\/en\/frontpage\" target=\"_blank\" rel=\"noopener\">Finlandia: Ministerstwo Spraw Spo\u0142ecznych i Zdrowia<\/a><\/li>\n<li><a href=\"https:\/\/travail-emploi.gouv.fr\/\" target=\"_blank\" rel=\"noopener\">Francja: Ministerstwo Pracy, Zdrowia i Solidarno\u015bci<\/a><\/li>\n<li><a href=\"https:\/\/www.bmas.de\/EN\/Home\/home.html\" target=\"_blank\" rel=\"noopener\">Niemcy: Federalne Ministerstwo Pracy i Spraw Socjalnych<\/a><\/li>\n<li><a href=\"http:\/\/hsa.ie\/\" target=\"_blank\" rel=\"noopener\">Irlandia: Urz\u0105d ds. Zdrowia i Bezpiecze\u0144stwa Pracy<\/a><\/li>\n<li><a href=\"https:\/\/www.government.nl\/ministries\/ministry-of-social-affairs-and-employment\" target=\"_blank\" rel=\"noopener\">Holandia: Ministerstwo Spraw Spo\u0142ecznych i Zatrudnienia<\/a><\/li>\n<li><a href=\"https:\/\/stami.no\/en\/\" target=\"_blank\" rel=\"noopener\">Norwegia: Norweski Narodowy Instytut Zdrowia Zawodowego<\/a><\/li>\n<li><a href=\"https:\/\/portal.act.gov.pt\/Pages\/Home.aspx\" target=\"_blank\" rel=\"noopener\">Portugalia: Urz\u0105d ds. Warunk\u00f3w Pracy<\/a><\/li>\n<li><a href=\"https:\/\/www.gov.si\/en\/state-authorities\/ministries\/ministry-of-labour-family-social-affairs-and-equal-opportunities\/\" target=\"_blank\" rel=\"noopener\">S\u0142owenia: Ministerstwo Pracy, Rodziny, Spraw Spo\u0142ecznych i R\u00f3wnych Szans<\/a><\/li>\n<li><a href=\"https:\/\/www.mites.gob.es\/en\/\" target=\"_blank\" rel=\"noopener\">Hiszpania: Hiszpa\u0144skie Ministerstwo Pracy i Gospodarki Spo\u0142ecznej<\/a><\/li>\n<li><a href=\"https:\/\/www.businesseurope.eu\/\" target=\"_blank\" rel=\"noopener\">BusinessEurope (europejscy pracodawcy)<\/a><\/li>\n<li><a href=\"https:\/\/www.etuc.org\/\" target=\"_blank\" rel=\"noopener\">Europejska Konfederacja Zwi\u0105zk\u00f3w Zawodowych &#8211; ETUC (pracownicy europejscy)<\/a><\/li>\n<li><a href=\"https:\/\/osha.europa.eu\/en\/themes\/dangerous-substances\/roadmap-to-carcinogens\" target=\"_blank\" rel=\"noopener\">Europejska Agencja Bezpiecze\u0144stwa i Zdrowia w Pracy &#8211; EU-OSHA<\/a><\/li>\n<li><a href=\"https:\/\/echa.europa.eu\/\" target=\"_blank\" rel=\"noopener\">Europejska Agencja Chemikali\u00f3w &#8211; ECHA<\/a><\/li>\n<li><a href=\"https:\/\/ec.europa.eu\/info\/departments\/employment-social-affairs-and-inclusion_en\" target=\"_blank\" rel=\"noopener\">Komisja Europejska<\/a><\/li>\n<\/ul>\n<p>&nbsp;<\/p>\n<p>Ponadto wielu przyjaci\u00f3\u0142 (firm i organizacji) ju\u017c wspiera Roadmap on Carcinogens, dziel\u0105c si\u0119 naszym przes\u0142aniem. Zosta\u0144 naszym przyjacielem, <a href=\"https:\/\/laposta.nl\/f\/ss69p5fpqabo\" target=\"_blank\" rel=\"noopener\">zapisuj\u0105c si\u0119 do newslettera<\/a>. <\/p>\n<h2>Znaczenie naszej podr\u00f3\u017cy<\/h2>\n<p>Ka\u017cdego roku u oko\u0142o 120 000 os\u00f3b w UE diagnozuje si\u0119 raka w wyniku nara\u017cenia na czynniki carcinogen w miejscu pracy. Oko\u0142o 100 000 os\u00f3b umiera z powodu Nowotwor\u00f3w zwi\u0105zanych z wykonywan\u0105 prac\u0105. Wa\u017cne jest, aby zda\u0107 sobie spraw\u0119, \u017ce jest to niepotrzebne! Wynika to ze sposobu, w jaki pracujemy, z wybor\u00f3w, kt\u00f3rych dokonujemy. Dobr\u0105 wiadomo\u015bci\u0105 jest to, \u017ce mo\u017cemy co\u015b z tym zrobi\u0107. Zapobieganie jest tutaj kluczowym s\u0142owem, upewniaj\u0105c si\u0119, \u017ce nie jeste\u015bmy nara\u017ceni na dzia\u0142anie carcinogen\u00f3w.     <\/p>\n<p>Roadmap on Carcinogens ma na celu pom\u00f3c europejskim przedsi\u0119biorstwom i pracownikom w podj\u0119ciu dzia\u0142a\u0144 poprzez:<\/p>\n<ul>\n<li><strong>Tworzenie \u015bwiadomo\u015bci:<\/strong> informowanie przedsi\u0119biorstw i pracownik\u00f3w o ryzyku zwi\u0105zanym z ekspozycj\u0105 na substancje typu carcinogen i potrzebie podejmowania dzia\u0142a\u0144 zapobiegawczych oraz przedstawianie fakt\u00f3w.<\/li>\n<li><strong>Zapewnienie pomocy:<\/strong> oferowanie rozwi\u0105za\u0144 i narz\u0119dzi dla firm i pracownik\u00f3w w celu unikni\u0119cia ekspozycji na czynniki rakotw\u00f3rcze w miejscu pracy i zminimalizowania ich wp\u0142ywu na si\u0142\u0119 robocz\u0105.<\/li>\n<\/ul>\n<h2>Obecne plany przewiduj\u0105 dzia\u0142ania do ko\u0144ca 2027 roku.<\/h2>\n<p>Podczas 2. etapu mapy drogowej na lata 2020-2024 zrealizowali\u015bmy 12 wyzwa\u0144. Wyniki zosta\u0142y lub zostan\u0105 zintegrowane ze stron\u0105 internetow\u0105.   <strong><a href=\"https:\/\/stopcarcinogensatwork.eu\/pl\/ogolne\/informacje-na-temat-roadmap-on-carcinogens\/wyzwania\/\">Wi\u0119cej informacji na temat tych projekt\u00f3w mo\u017cna znale\u017a\u0107 tutaj.<\/a><\/strong><\/p>\n<p>Teraz mo\u017cesz r\u00f3wnie\u017c zapozna\u0107 si\u0119 z nasz\u0105 now\u0105 strategi\u0105 dla <a href=\"https:\/\/stopcarcinogensatwork.eu\/wp-content\/uploads\/2025\/05\/RoC3.0_Strategy_final.pdf\">RoC3.0 na lata 2025-2027 tutaj.<\/a><\/p>\n<h2>U\u017cywamy narz\u0119dzia t\u0142umaczeniowego opartego na sztucznej inteligencji dla naszej strony internetowej<\/h2>\n<p>Korzystamy z narz\u0119dzia t\u0142umaczeniowego opartego na sztucznej inteligencji, a native speakerzy sprawdzaj\u0105 i poprawiaj\u0105 wszelkie nie\u015bcis\u0142o\u015bci. Takie podej\u015bcie zapewnia zar\u00f3wno wydajno\u015b\u0107, jak i jako\u015b\u0107, poniewa\u017c system sztucznej inteligencji stale si\u0119 poprawia. Wierzymy, \u017ce ta metoda oferuje najbardziej skuteczny i op\u0142acalny spos\u00f3b na udost\u0119pnienie naszej strony internetowej w wielu j\u0119zykach, pomagaj\u0105c nam dotrze\u0107 do szerszego grona os\u00f3b i organizacji. Je\u015bli masz jakie\u015b uwagi lub sugestie dotycz\u0105ce naszego procesu t\u0142umaczenia, chcieliby\u015bmy us\u0142ysze\u0107 od Ciebie. Podziel si\u0119 z nami swoimi przemy\u015bleniami za po\u015brednictwem poczty elektronicznej.    <\/p>\n<h2>Pytania i uwagi<\/h2>\n<p>W celu uzyskania dalszych informacji lub w razie jakichkolwiek pyta\u0144 prosimy o kontakt pod adresem:  <a href=\"mailto:info@stopcarcinogensatwork.eu\">info@stopcarcinogensatwork.eu<\/a><\/p>\n<p>&nbsp;<\/p>\n","protected":false},"excerpt":{"rendered":"<p>Ta strona internetowa jest inicjatyw\u0105 Roadmap on Carcinogens: Og\u00f3lnoeuropejski program dobrowolnych dzia\u0142a\u0144 na rzecz walki z nowotworami zwi\u0105zanymi z wykonywan\u0105 prac\u0105. Nast\u0119puj\u0105cy partnerzy(zobowi\u0105zali si\u0119) do aktywno\u015bci i przej\u0119cia wiod\u0105cej roli w tym programie w celu zapobiegania exposure na carcinogeny w miejscu pracy: Austria: Federalne Ministerstwo Pracy, Spraw Spo\u0142ecznych, Zdrowia, Opieki i Ochrony Konsument\u00f3w Belgia: Federalna [&hellip;]<\/p>\n","protected":false},"author":1,"featured_media":0,"parent":81162,"menu_order":0,"comment_status":"closed","ping_status":"closed","template":"","meta":{"inline_featured_image":false,"footnotes":""},"class_list":["post-76541","page","type-page","status-publish","hentry"],"yoast_head":"<!-- This site is optimized with the Yoast SEO Premium plugin v27.0 (Yoast SEO v27.4) - https:\/\/yoast.com\/product\/yoast-seo-premium-wordpress\/ -->\n<title>Informacje o Mapie drogowej dotycz\u0105cej substancji rakotw\u00f3rczych - STOP carcinogens at work<\/title>\n<meta name=\"description\" content=\"Ta strona internetowa jest unijnym programem dobrowolnych dzia\u0142a\u0144 maj\u0105cych na celu zapobieganie nara\u017ceniu pracownik\u00f3w na dzia\u0142anie czynnik\u00f3w rakotw\u00f3rczych w miejscu pracy.\" \/>\n<meta name=\"robots\" content=\"index, follow, max-snippet:-1, max-image-preview:large, max-video-preview:-1\" \/>\n<link rel=\"canonical\" href=\"https:\/\/stopcarcinogensatwork.eu\/pl\/ogolne\/informacje-na-temat-roadmap-on-carcinogens\/\" \/>\n<meta property=\"og:locale\" content=\"pl_PL\" \/>\n<meta property=\"og:type\" content=\"article\" \/>\n<meta property=\"og:title\" content=\"Informacje o Mapie drogowej dotycz\u0105cej substancji rakotw\u00f3rczych\" \/>\n<meta property=\"og:description\" content=\"Ta strona internetowa jest unijnym programem dobrowolnych dzia\u0142a\u0144 maj\u0105cych na celu zapobieganie nara\u017ceniu pracownik\u00f3w na dzia\u0142anie czynnik\u00f3w rakotw\u00f3rczych w miejscu pracy.\" \/>\n<meta property=\"og:url\" content=\"https:\/\/stopcarcinogensatwork.eu\/pl\/ogolne\/informacje-na-temat-roadmap-on-carcinogens\/\" \/>\n<meta property=\"og:site_name\" content=\"STOP carcinogens at work\" \/>\n<meta property=\"article:modified_time\" content=\"2026-02-13T07:35:16+00:00\" \/>\n<meta property=\"og:image\" content=\"https:\/\/stopcarcinogensatwork.eu\/wp-content\/uploads\/2025\/11\/partners.jpg\" \/>\n\t<meta property=\"og:image:width\" content=\"2560\" \/>\n\t<meta property=\"og:image:height\" content=\"967\" \/>\n\t<meta property=\"og:image:type\" content=\"image\/jpeg\" \/>\n<meta name=\"twitter:card\" content=\"summary_large_image\" \/>\n<meta name=\"twitter:label1\" content=\"Szacowany czas czytania\" \/>\n\t<meta name=\"twitter:data1\" content=\"2 minuty\" \/>\n<script type=\"application\/ld+json\" class=\"yoast-schema-graph\">{\"@context\":\"https:\\\/\\\/schema.org\",\"@graph\":[{\"@type\":\"WebPage\",\"@id\":\"https:\\\/\\\/stopcarcinogensatwork.eu\\\/pl\\\/ogolne\\\/informacje-na-temat-roadmap-on-carcinogens\\\/\",\"url\":\"https:\\\/\\\/stopcarcinogensatwork.eu\\\/pl\\\/ogolne\\\/informacje-na-temat-roadmap-on-carcinogens\\\/\",\"name\":\"Informacje o Mapie drogowej dotycz\u0105cej substancji rakotw\u00f3rczych - STOP carcinogens at work\",\"isPartOf\":{\"@id\":\"https:\\\/\\\/stopcarcinogensatwork.eu\\\/pl\\\/#website\"},\"primaryImageOfPage\":{\"@id\":\"https:\\\/\\\/stopcarcinogensatwork.eu\\\/pl\\\/ogolne\\\/informacje-na-temat-roadmap-on-carcinogens\\\/#primaryimage\"},\"image\":{\"@id\":\"https:\\\/\\\/stopcarcinogensatwork.eu\\\/pl\\\/ogolne\\\/informacje-na-temat-roadmap-on-carcinogens\\\/#primaryimage\"},\"thumbnailUrl\":\"https:\\\/\\\/stopcarcinogensatwork.eu\\\/wp-content\\\/uploads\\\/2025\\\/11\\\/partners.jpg\",\"datePublished\":\"2024-02-05T13:42:42+00:00\",\"dateModified\":\"2026-02-13T07:35:16+00:00\",\"description\":\"Ta strona internetowa jest unijnym programem dobrowolnych dzia\u0142a\u0144 maj\u0105cych na celu zapobieganie nara\u017ceniu pracownik\u00f3w na dzia\u0142anie czynnik\u00f3w rakotw\u00f3rczych w miejscu pracy.\",\"breadcrumb\":{\"@id\":\"https:\\\/\\\/stopcarcinogensatwork.eu\\\/pl\\\/ogolne\\\/informacje-na-temat-roadmap-on-carcinogens\\\/#breadcrumb\"},\"inLanguage\":\"pl-PL\",\"potentialAction\":[{\"@type\":\"ReadAction\",\"target\":[\"https:\\\/\\\/stopcarcinogensatwork.eu\\\/pl\\\/ogolne\\\/informacje-na-temat-roadmap-on-carcinogens\\\/\"]}]},{\"@type\":\"ImageObject\",\"inLanguage\":\"pl-PL\",\"@id\":\"https:\\\/\\\/stopcarcinogensatwork.eu\\\/pl\\\/ogolne\\\/informacje-na-temat-roadmap-on-carcinogens\\\/#primaryimage\",\"url\":\"https:\\\/\\\/stopcarcinogensatwork.eu\\\/wp-content\\\/uploads\\\/2025\\\/11\\\/partners.jpg\",\"contentUrl\":\"https:\\\/\\\/stopcarcinogensatwork.eu\\\/wp-content\\\/uploads\\\/2025\\\/11\\\/partners.jpg\"},{\"@type\":\"BreadcrumbList\",\"@id\":\"https:\\\/\\\/stopcarcinogensatwork.eu\\\/pl\\\/ogolne\\\/informacje-na-temat-roadmap-on-carcinogens\\\/#breadcrumb\",\"itemListElement\":[{\"@type\":\"ListItem\",\"position\":1,\"name\":\"Home\",\"item\":\"https:\\\/\\\/stopcarcinogensatwork.eu\\\/pl\\\/stop-carcinogens-at-work\\\/\"},{\"@type\":\"ListItem\",\"position\":2,\"name\":\"Og\u00f3lne\",\"item\":\"https:\\\/\\\/stopcarcinogensatwork.eu\\\/pl\\\/ogolne\\\/\"},{\"@type\":\"ListItem\",\"position\":3,\"name\":\"Informacje o Mapie drogowej dotycz\u0105cej substancji rakotw\u00f3rczych\"}]},{\"@type\":\"WebSite\",\"@id\":\"https:\\\/\\\/stopcarcinogensatwork.eu\\\/pl\\\/#website\",\"url\":\"https:\\\/\\\/stopcarcinogensatwork.eu\\\/pl\\\/\",\"name\":\"STOP Carcinogens at work\",\"description\":\"Every year, about 100.000 people die from cancer that was caused by exposure to carcinogens at work in Europe.\",\"publisher\":{\"@id\":\"https:\\\/\\\/stopcarcinogensatwork.eu\\\/pl\\\/#organization\"},\"alternateName\":\"Roadmap on Carcinogens\",\"potentialAction\":[{\"@type\":\"SearchAction\",\"target\":{\"@type\":\"EntryPoint\",\"urlTemplate\":\"https:\\\/\\\/stopcarcinogensatwork.eu\\\/pl\\\/?s={search_term_string}\"},\"query-input\":{\"@type\":\"PropertyValueSpecification\",\"valueRequired\":true,\"valueName\":\"search_term_string\"}}],\"inLanguage\":\"pl-PL\"},{\"@type\":\"Organization\",\"@id\":\"https:\\\/\\\/stopcarcinogensatwork.eu\\\/pl\\\/#organization\",\"name\":\"TNO\",\"alternateName\":\"This is a European wide voluntary action scheme\",\"url\":\"https:\\\/\\\/stopcarcinogensatwork.eu\\\/pl\\\/\",\"logo\":{\"@type\":\"ImageObject\",\"inLanguage\":\"pl-PL\",\"@id\":\"https:\\\/\\\/stopcarcinogensatwork.eu\\\/pl\\\/#\\\/schema\\\/logo\\\/image\\\/\",\"url\":\"https:\\\/\\\/stopcarcinogensatwork.eu\\\/wp-content\\\/uploads\\\/2024\\\/08\\\/cropped-FavLarge-1.png\",\"contentUrl\":\"https:\\\/\\\/stopcarcinogensatwork.eu\\\/wp-content\\\/uploads\\\/2024\\\/08\\\/cropped-FavLarge-1.png\",\"width\":512,\"height\":512,\"caption\":\"TNO\"},\"image\":{\"@id\":\"https:\\\/\\\/stopcarcinogensatwork.eu\\\/pl\\\/#\\\/schema\\\/logo\\\/image\\\/\"},\"publishingPrinciples\":\"https:\\\/\\\/stopcarcinogensatwork.eu\\\/homepage\\\/legal\\\/\",\"ownershipFundingInfo\":\"https:\\\/\\\/stopcarcinogensatwork.eu\\\/general\\\/about-us\\\/\"}]}<\/script>\n<!-- \/ Yoast SEO Premium plugin. -->","yoast_head_json":{"title":"Informacje o Mapie drogowej dotycz\u0105cej substancji rakotw\u00f3rczych - STOP carcinogens at work","description":"Ta strona internetowa jest unijnym programem dobrowolnych dzia\u0142a\u0144 maj\u0105cych na celu zapobieganie nara\u017ceniu pracownik\u00f3w na dzia\u0142anie czynnik\u00f3w rakotw\u00f3rczych w miejscu pracy.","robots":{"index":"index","follow":"follow","max-snippet":"max-snippet:-1","max-image-preview":"max-image-preview:large","max-video-preview":"max-video-preview:-1"},"canonical":"https:\/\/stopcarcinogensatwork.eu\/pl\/ogolne\/informacje-na-temat-roadmap-on-carcinogens\/","og_locale":"pl_PL","og_type":"article","og_title":"Informacje o Mapie drogowej dotycz\u0105cej substancji rakotw\u00f3rczych","og_description":"Ta strona internetowa jest unijnym programem dobrowolnych dzia\u0142a\u0144 maj\u0105cych na celu zapobieganie nara\u017ceniu pracownik\u00f3w na dzia\u0142anie czynnik\u00f3w rakotw\u00f3rczych w miejscu pracy.","og_url":"https:\/\/stopcarcinogensatwork.eu\/pl\/ogolne\/informacje-na-temat-roadmap-on-carcinogens\/","og_site_name":"STOP carcinogens at work","article_modified_time":"2026-02-13T07:35:16+00:00","og_image":[{"width":2560,"height":967,"url":"https:\/\/stopcarcinogensatwork.eu\/wp-content\/uploads\/2025\/11\/partners.jpg","type":"image\/jpeg"}],"twitter_card":"summary_large_image","twitter_misc":{"Szacowany czas czytania":"2 minuty"},"schema":{"@context":"https:\/\/schema.org","@graph":[{"@type":"WebPage","@id":"https:\/\/stopcarcinogensatwork.eu\/pl\/ogolne\/informacje-na-temat-roadmap-on-carcinogens\/","url":"https:\/\/stopcarcinogensatwork.eu\/pl\/ogolne\/informacje-na-temat-roadmap-on-carcinogens\/","name":"Informacje o Mapie drogowej dotycz\u0105cej substancji rakotw\u00f3rczych - STOP carcinogens at work","isPartOf":{"@id":"https:\/\/stopcarcinogensatwork.eu\/pl\/#website"},"primaryImageOfPage":{"@id":"https:\/\/stopcarcinogensatwork.eu\/pl\/ogolne\/informacje-na-temat-roadmap-on-carcinogens\/#primaryimage"},"image":{"@id":"https:\/\/stopcarcinogensatwork.eu\/pl\/ogolne\/informacje-na-temat-roadmap-on-carcinogens\/#primaryimage"},"thumbnailUrl":"https:\/\/stopcarcinogensatwork.eu\/wp-content\/uploads\/2025\/11\/partners.jpg","datePublished":"2024-02-05T13:42:42+00:00","dateModified":"2026-02-13T07:35:16+00:00","description":"Ta strona internetowa jest unijnym programem dobrowolnych dzia\u0142a\u0144 maj\u0105cych na celu zapobieganie nara\u017ceniu pracownik\u00f3w na dzia\u0142anie czynnik\u00f3w rakotw\u00f3rczych w miejscu pracy.","breadcrumb":{"@id":"https:\/\/stopcarcinogensatwork.eu\/pl\/ogolne\/informacje-na-temat-roadmap-on-carcinogens\/#breadcrumb"},"inLanguage":"pl-PL","potentialAction":[{"@type":"ReadAction","target":["https:\/\/stopcarcinogensatwork.eu\/pl\/ogolne\/informacje-na-temat-roadmap-on-carcinogens\/"]}]},{"@type":"ImageObject","inLanguage":"pl-PL","@id":"https:\/\/stopcarcinogensatwork.eu\/pl\/ogolne\/informacje-na-temat-roadmap-on-carcinogens\/#primaryimage","url":"https:\/\/stopcarcinogensatwork.eu\/wp-content\/uploads\/2025\/11\/partners.jpg","contentUrl":"https:\/\/stopcarcinogensatwork.eu\/wp-content\/uploads\/2025\/11\/partners.jpg"},{"@type":"BreadcrumbList","@id":"https:\/\/stopcarcinogensatwork.eu\/pl\/ogolne\/informacje-na-temat-roadmap-on-carcinogens\/#breadcrumb","itemListElement":[{"@type":"ListItem","position":1,"name":"Home","item":"https:\/\/stopcarcinogensatwork.eu\/pl\/stop-carcinogens-at-work\/"},{"@type":"ListItem","position":2,"name":"Og\u00f3lne","item":"https:\/\/stopcarcinogensatwork.eu\/pl\/ogolne\/"},{"@type":"ListItem","position":3,"name":"Informacje o Mapie drogowej dotycz\u0105cej substancji rakotw\u00f3rczych"}]},{"@type":"WebSite","@id":"https:\/\/stopcarcinogensatwork.eu\/pl\/#website","url":"https:\/\/stopcarcinogensatwork.eu\/pl\/","name":"STOP Carcinogens at work","description":"Every year, about 100.000 people die from cancer that was caused by exposure to carcinogens at work in Europe.","publisher":{"@id":"https:\/\/stopcarcinogensatwork.eu\/pl\/#organization"},"alternateName":"Roadmap on Carcinogens","potentialAction":[{"@type":"SearchAction","target":{"@type":"EntryPoint","urlTemplate":"https:\/\/stopcarcinogensatwork.eu\/pl\/?s={search_term_string}"},"query-input":{"@type":"PropertyValueSpecification","valueRequired":true,"valueName":"search_term_string"}}],"inLanguage":"pl-PL"},{"@type":"Organization","@id":"https:\/\/stopcarcinogensatwork.eu\/pl\/#organization","name":"TNO","alternateName":"This is a European wide voluntary action scheme","url":"https:\/\/stopcarcinogensatwork.eu\/pl\/","logo":{"@type":"ImageObject","inLanguage":"pl-PL","@id":"https:\/\/stopcarcinogensatwork.eu\/pl\/#\/schema\/logo\/image\/","url":"https:\/\/stopcarcinogensatwork.eu\/wp-content\/uploads\/2024\/08\/cropped-FavLarge-1.png","contentUrl":"https:\/\/stopcarcinogensatwork.eu\/wp-content\/uploads\/2024\/08\/cropped-FavLarge-1.png","width":512,"height":512,"caption":"TNO"},"image":{"@id":"https:\/\/stopcarcinogensatwork.eu\/pl\/#\/schema\/logo\/image\/"},"publishingPrinciples":"https:\/\/stopcarcinogensatwork.eu\/homepage\/legal\/","ownershipFundingInfo":"https:\/\/stopcarcinogensatwork.eu\/general\/about-us\/"}]}},"_links":{"self":[{"href":"https:\/\/stopcarcinogensatwork.eu\/pl\/wp-json\/wp\/v2\/pages\/76541","targetHints":{"allow":["GET"]}}],"collection":[{"href":"https:\/\/stopcarcinogensatwork.eu\/pl\/wp-json\/wp\/v2\/pages"}],"about":[{"href":"https:\/\/stopcarcinogensatwork.eu\/pl\/wp-json\/wp\/v2\/types\/page"}],"author":[{"embeddable":true,"href":"https:\/\/stopcarcinogensatwork.eu\/pl\/wp-json\/wp\/v2\/users\/1"}],"replies":[{"embeddable":true,"href":"https:\/\/stopcarcinogensatwork.eu\/pl\/wp-json\/wp\/v2\/comments?post=76541"}],"version-history":[{"count":0,"href":"https:\/\/stopcarcinogensatwork.eu\/pl\/wp-json\/wp\/v2\/pages\/76541\/revisions"}],"up":[{"embeddable":true,"href":"https:\/\/stopcarcinogensatwork.eu\/pl\/wp-json\/wp\/v2\/pages\/81162"}],"wp:attachment":[{"href":"https:\/\/stopcarcinogensatwork.eu\/pl\/wp-json\/wp\/v2\/media?parent=76541"}],"curies":[{"name":"wp","href":"https:\/\/api.w.org\/{rel}","templated":true}]}}