{"id":81154,"date":"2024-03-06T10:59:51","date_gmt":"2024-03-06T10:59:51","guid":{"rendered":"https:\/\/stopcarcinogensatwork.eu\/poznaj-podstawowe-strategie-zapobiegania\/p-ochrona-indywidualna\/"},"modified":"2025-10-13T15:27:39","modified_gmt":"2025-10-13T15:27:39","slug":"p-ochrona-indywidualna","status":"publish","type":"page","link":"https:\/\/stopcarcinogensatwork.eu\/pl\/poznaj-podstawowe-strategie-zapobiegania\/p-ochrona-indywidualna\/","title":{"rendered":"P &#8211; \u015arodki ochrony indywidualnej"},"content":{"rendered":"<blockquote><p>STOP stosuje hierarchi\u0119 kontroli. W przypadku czynnik\u00f3w rakotw\u00f3rczych zej\u015bcie w d\u00f3\u0142 w hierarchii jest dozwolone tylko wtedy, gdy ograniczenia techniczne uniemo\u017cliwiaj\u0105 ca\u0142kowite wyeliminowanie nara\u017cenia. Tutaj skupimy si\u0119 na P, czyli ochronie indywidualnej. Przed P nale\u017cy wzi\u0105\u0107 pod uwag\u0119 S, T i O. Nale\u017cy r\u00f3wnie\u017c pami\u0119ta\u0107, \u017ce mo\u017cna stosowa\u0107 kombinacj\u0119 \u015brodk\u00f3w.   <\/p><\/blockquote>\n<p>Czasami zast\u0105pienie nie jest mo\u017cliwe, a \u015brodki techniczne i organizacyjne nie s\u0105 wystarczaj\u0105ce do zmniejszenia poziomu nara\u017cenia. W\u00f3wczas konieczne jest zastosowanie \u015brodk\u00f3w ochrony indywidualnej. \u015arodki ochrony indywidualnej (\u015aOI) pomagaj\u0105 utrzyma\u0107 czynniki rakotw\u00f3rcze z dala od p\u0142uc, sk\u00f3ry i oczu. \u015arodki ochrony indywidualnej mog\u0105 by\u0107 stosowane wy\u0142\u0105cznie jako uzupe\u0142nienie \u015brodk\u00f3w znajduj\u0105cych si\u0119 wy\u017cej w hierarchii i traktowane jako ostateczno\u015b\u0107.   <\/p>\n<p>\u015aOI to ka\u017cdy sprz\u0119t zaprojektowany i wyprodukowany do noszenia lub trzymania przez osob\u0119 w celu ochrony przed jednym lub wi\u0119ksz\u0105 liczb\u0105 zagro\u017ce\u0144 dla zdrowia lub bezpiecze\u0144stwa tej osoby.<\/p>\n<p>Co nale\u017cy wzi\u0105\u0107 pod uwag\u0119 przy wyborze \u015aOI?<\/p>\n<ul>\n<li>niebezpieczne w\u0142a\u015bciwo\u015bci czynnik\u00f3w rakotw\u00f3rczych obecnych w miejscu pracy;<\/li>\n<li>informacje na temat \u015aOI dost\u0119pne w kartach charakterystyki;<\/li>\n<li>wyniki oceny ryzyka w miejscu pracy;<\/li>\n<li>indywidualne cechy pracownika, np. wzrost, rozmiar buta.<\/li>\n<\/ul>\n<p>Stosowanie odpowiednich \u015aOI, chroni\u0105cych przed czynnikami rakotw\u00f3rczymi obecnymi w miejscu pracy, ma zasadnicze znaczenie. Nale\u017cy pami\u0119ta\u0107, \u017ce cz\u0119sto wymagany jest wi\u0119cej ni\u017c jeden \u015brodek ochrony indywidualnej. <\/p>\n<h2>Wyb\u00f3r odpowiednich \u015aOI<\/h2>\n<h3>Podstawowe wytyczne<\/h3>\n<p>Pracodawcy musz\u0105 zagwarantowa\u0107, \u017ce \u015aOI s\u0105 odpowiednie do zmniejszenia ryzyka zawodowego, bior\u0105c pod uwag\u0119 charakter, cz\u0119stotliwo\u015b\u0107 i czas trwania nara\u017cenia. Czyni\u0105c to, musz\u0105 wzi\u0105\u0107 pod uwag\u0119 odpowiedni wsp\u00f3\u0142czynnik ochrony i potencjalny wzrost innych zagro\u017ce\u0144 zawodowych. <\/p>\n<p>\u015aOI powinny by\u0107 odpowiednio dopasowane do u\u017cytkownika, aby by\u0142y skuteczne (nale\u017cy pami\u0119ta\u0107, \u017ce zarost na twarzy mo\u017ce utrudnia\u0107 prawid\u0142owe dopasowanie i dzia\u0142anie). Nale\u017cy r\u00f3wnie\u017c wzi\u0105\u0107 pod uwag\u0119 ergonomi\u0119 i alergie pracownika (np. na lateks). Ponadto nale\u017cy rozwa\u017cy\u0107, w jakich warunkach \u015aOI b\u0119d\u0105 one u\u017cywane, aby podj\u0105\u0107 odpowiedni\u0105 decyzj\u0119.  <\/p>\n<p>Pami\u0119taj, aby zaanga\u017cowa\u0107 pracownik\u00f3w w wyb\u00f3r najbardziej odpowiednich \u015brodk\u00f3w ochrony indywidualnej. Wygodne i dobrze dopasowane \u015aOI u\u0142atwi\u0105 pracownikom korzystanie z nich. <\/p>\n<p>\u015aOI musz\u0105 posiada\u0107 oznakowanie CE, aby wskaza\u0107, \u017ce s\u0105 one zgodne z prawodawstwem UE.<\/p>\n<p>Pracodawcy musz\u0105 upewni\u0107 si\u0119, \u017ce pracownicy s\u0105 \u015bwiadomi tego, jakich \u015brodk\u00f3w ochrony indywidualnej powinni u\u017cywa\u0107 w ka\u017cdym z wykonywanych przez nich zada\u0144 oraz jak prawid\u0142owo z nich korzysta\u0107.<\/p>\n<h3>Czyszczenie, przechowywanie i konserwacja<\/h3>\n<p>W obszarach roboczych, w kt\u00f3rych wymagane jest stosowanie \u015brodk\u00f3w ochrony indywidualnej, nale\u017cy zapewni\u0107, \u017ce<\/p>\n<ul>\n<li>Zapewniono oddzielne miejsca do przechowywania odzie\u017cy roboczej lub ochronnej oraz odzie\u017cy codziennej.<\/li>\n<li>Sprz\u0119t ochronny powinien by\u0107 sprawdzany i czyszczony po ka\u017cdym u\u017cyciu oraz odpowiednio przechowywany w dobrze okre\u015blonym miejscu.<\/li>\n<li>Wadliwy sprz\u0119t jest naprawiany lub wymieniany przed dalszym u\u017cyciem.<\/li>\n<li>Je\u015bli \u015aOI maj\u0105 by\u0107 ponownie u\u017cyte, powinny by\u0107 \u0142atwe do czyszczenia i\/lub dezynfekcji.<\/li>\n<\/ul>\n<p>Wewn\u0119trzne polityki powinny okre\u015bla\u0107 procedury, kt\u00f3rych pracownicy musz\u0105 przestrzega\u0107 w odniesieniu do potrzebnego im sprz\u0119tu ochronnego, a mianowicie w jaki spos\u00f3b prawid\u0142owo go u\u017cywa\u0107, czy\u015bci\u0107, konserwowa\u0107 i przechowywa\u0107.<\/p>\n<h3>Okre\u015blenie \u015brodk\u00f3w ochrony indywidualnej<\/h3>\n<p>Wyniki oceny ryzyka w miejscu pracy i instrukcje dla pracownik\u00f3w musz\u0105 jasno okre\u015bla\u0107, jakie \u015aOI maj\u0105 by\u0107 u\u017cywane przez pracownik\u00f3w do ka\u017cdego zadania, co oznacza wyra\u017ane wskazanie poziomu ochrony ka\u017cdego \u015aOI i ich specyfikacji technicznych. Nie wystarczy og\u00f3lnikowo wspomnie\u0107, \u017ce np. r\u0119kawice maj\u0105 by\u0107 u\u017cywane w danym zadaniu, nale\u017cy wskaza\u0107 rodzaj r\u0119kawic, kt\u00f3re maj\u0105 by\u0107 u\u017cywane. <\/p>\n<h3>  Praktyczne porady<\/h3>\n<ul>\n<li>Upewnij si\u0119, \u017ce jednorazowe \u015aOI nie s\u0105 ponownie u\u017cywane<\/li>\n<li>Nale\u017cy ograniczy\u0107 do minimum r\u00f3\u017cne rodzaje \u015brodk\u00f3w ochrony indywidualnej (r\u0119kawice, maski itp.), aby zwi\u0119kszy\u0107 zgodno\u015b\u0107 z przepisami &#8211; mo\u017cna zastosowa\u0107 system oznacze\u0144 kolorystycznych.<\/li>\n<li>Upewnij si\u0119, \u017ce \u015brodki ochrony indywidualnej s\u0105 odpowiednio dopasowane do ka\u017cdego pracownika &#8211; lu\u017ane \u015brodki ochrony indywidualnej mog\u0105 zwi\u0119ksza\u0107 ryzyko nara\u017cenia i wypadk\u00f3w, np. je\u015bli w maszynach znajduj\u0105 si\u0119 obracaj\u0105ce si\u0119 cz\u0119\u015bci.<\/li>\n<li>Praca z u\u017cyciem \u015brodk\u00f3w ochrony indywidualnej (np. ochrony dr\u00f3g oddechowych) mo\u017ce by\u0107 wymagaj\u0105ca i stresuj\u0105ca dla pracownik\u00f3w &#8211; nale\u017cy rozwa\u017cy\u0107 r\u00f3\u017cne rozwi\u0105zania przy wyborze odpowiednich \u015brodk\u00f3w ochrony indywidualnej (np. stosowanie zasilanego respiratora oczyszczaj\u0105cego powietrze zamiast masek filtruj\u0105cych).<\/li>\n<li>Sk\u0142ad materia\u0142owy i waga \u015brodk\u00f3w ochrony indywidualnej powinny by\u0107 r\u00f3wnie\u017c brane pod uwag\u0119 podczas procesu wyboru (np. preferowanie w\u0142\u00f3kien naturalnych, unikanie ci\u0119\u017ckich but\u00f3w roboczych).<\/li>\n<li>Podczas zdejmowania \u015aOI nale\u017cy post\u0119powa\u0107 zgodnie z odpowiednimi procedurami, aby zapobiec zanieczyszczeniu &#8211; tj. jak prawid\u0142owo je zdj\u0105\u0107, w jakiej kolejno\u015bci i jak je przechowywa\u0107 (np. zdj\u0105\u0107 odzie\u017c ochronn\u0105 przed zdj\u0119ciem sprz\u0119tu ochrony dr\u00f3g oddechowych (\u015aOI), przechowywa\u0107 \u015aOI nad odzie\u017c\u0105 i otworem skierowanym w d\u00f3\u0142).<\/li>\n<li>Og\u00f3lnie rzecz bior\u0105c, \u015brodk\u00f3w ochrony indywidualnej nie nale\u017cy zabiera\u0107 do domu &#8211; nale\u017cy pami\u0119ta\u0107, \u017ce zanieczyszczone \u015brodki ochrony indywidualnej (np. odzie\u017c, buty) mog\u0105 potencjalnie zaszkodzi\u0107 cz\u0142onkom rodziny.<\/li>\n<li>Ostateczny koszt \u015brodk\u00f3w ochrony indywidualnej obejmuje nie tylko cen\u0119 zakupu, ale tak\u017ce liczb\u0119 przypadk\u00f3w, w kt\u00f3rych konieczna b\u0119dzie ich wymiana<\/li>\n<li>W razie potrzeby nale\u017cy rozwa\u017cy\u0107 noszenie bawe\u0142nianych r\u0119kawiczek pod r\u0119kawicami ochronnymi w celu ograniczenia transpiracji.<\/li>\n<li>I pami\u0119taj, \u017ce jeden rozmiar nie pasuje do wszystkich pracownik\u00f3w!<\/li>\n<\/ul>\n","protected":false},"excerpt":{"rendered":"<p>STOP stosuje hierarchi\u0119 kontroli. W przypadku czynnik\u00f3w rakotw\u00f3rczych zej\u015bcie w d\u00f3\u0142 w hierarchii jest dozwolone tylko wtedy, gdy ograniczenia techniczne uniemo\u017cliwiaj\u0105 ca\u0142kowite wyeliminowanie nara\u017cenia. Tutaj skupimy si\u0119 na P, czyli ochronie indywidualnej. Przed P nale\u017cy wzi\u0105\u0107 pod uwag\u0119 S, T i O. Nale\u017cy r\u00f3wnie\u017c pami\u0119ta\u0107, \u017ce mo\u017cna stosowa\u0107 kombinacj\u0119 \u015brodk\u00f3w. Czasami zast\u0105pienie nie jest mo\u017cliwe, [&hellip;]<\/p>\n","protected":false},"author":1,"featured_media":0,"parent":81127,"menu_order":0,"comment_status":"closed","ping_status":"closed","template":"","meta":{"inline_featured_image":false,"footnotes":""},"class_list":["post-81154","page","type-page","status-publish","hentry"],"yoast_head":"<!-- This site is optimized with the Yoast SEO Premium plugin v27.0 (Yoast SEO v27.4) - https:\/\/yoast.com\/product\/yoast-seo-premium-wordpress\/ -->\n<title>P - \u015arodki ochrony indywidualnej - STOP carcinogens at work<\/title>\n<meta name=\"description\" content=\"Every year, more than 100.000 people die in the EU from cancer caused by carcinogens at work. This must STOP!\" \/>\n<meta name=\"robots\" content=\"index, follow, max-snippet:-1, max-image-preview:large, max-video-preview:-1\" \/>\n<link rel=\"canonical\" href=\"https:\/\/stopcarcinogensatwork.eu\/pl\/poznaj-podstawowe-strategie-zapobiegania\/p-ochrona-indywidualna\/\" \/>\n<meta property=\"og:locale\" content=\"pl_PL\" \/>\n<meta property=\"og:type\" content=\"article\" \/>\n<meta property=\"og:title\" content=\"P - \u015arodki ochrony indywidualnej\" \/>\n<meta property=\"og:description\" content=\"Every year, more than 100.000 people die in the EU from cancer caused by carcinogens at work. This must STOP!\" \/>\n<meta property=\"og:url\" content=\"https:\/\/stopcarcinogensatwork.eu\/pl\/poznaj-podstawowe-strategie-zapobiegania\/p-ochrona-indywidualna\/\" \/>\n<meta property=\"og:site_name\" content=\"STOP carcinogens at work\" \/>\n<meta property=\"article:modified_time\" content=\"2025-10-13T15:27:39+00:00\" \/>\n<meta name=\"twitter:card\" content=\"summary_large_image\" \/>\n<meta name=\"twitter:label1\" content=\"Szacowany czas czytania\" \/>\n\t<meta name=\"twitter:data1\" content=\"5 minut\" \/>\n<script type=\"application\/ld+json\" class=\"yoast-schema-graph\">{\"@context\":\"https:\\\/\\\/schema.org\",\"@graph\":[{\"@type\":\"WebPage\",\"@id\":\"https:\\\/\\\/stopcarcinogensatwork.eu\\\/pl\\\/poznaj-podstawowe-strategie-zapobiegania\\\/p-ochrona-indywidualna\\\/\",\"url\":\"https:\\\/\\\/stopcarcinogensatwork.eu\\\/pl\\\/poznaj-podstawowe-strategie-zapobiegania\\\/p-ochrona-indywidualna\\\/\",\"name\":\"P - \u015arodki ochrony indywidualnej - STOP carcinogens at work\",\"isPartOf\":{\"@id\":\"https:\\\/\\\/stopcarcinogensatwork.eu\\\/pl\\\/#website\"},\"datePublished\":\"2024-03-06T10:59:51+00:00\",\"dateModified\":\"2025-10-13T15:27:39+00:00\",\"description\":\"Every year, more than 100.000 people die in the EU from cancer caused by carcinogens at work. This must STOP!\",\"breadcrumb\":{\"@id\":\"https:\\\/\\\/stopcarcinogensatwork.eu\\\/pl\\\/poznaj-podstawowe-strategie-zapobiegania\\\/p-ochrona-indywidualna\\\/#breadcrumb\"},\"inLanguage\":\"pl-PL\",\"potentialAction\":[{\"@type\":\"ReadAction\",\"target\":[\"https:\\\/\\\/stopcarcinogensatwork.eu\\\/pl\\\/poznaj-podstawowe-strategie-zapobiegania\\\/p-ochrona-indywidualna\\\/\"]}]},{\"@type\":\"BreadcrumbList\",\"@id\":\"https:\\\/\\\/stopcarcinogensatwork.eu\\\/pl\\\/poznaj-podstawowe-strategie-zapobiegania\\\/p-ochrona-indywidualna\\\/#breadcrumb\",\"itemListElement\":[{\"@type\":\"ListItem\",\"position\":1,\"name\":\"Home\",\"item\":\"https:\\\/\\\/stopcarcinogensatwork.eu\\\/pl\\\/stop-carcinogens-at-work\\\/\"},{\"@type\":\"ListItem\",\"position\":2,\"name\":\"Poznaj podstawowe strategie zapobiegania\",\"item\":\"https:\\\/\\\/stopcarcinogensatwork.eu\\\/pl\\\/poznaj-podstawowe-strategie-zapobiegania\\\/\"},{\"@type\":\"ListItem\",\"position\":3,\"name\":\"P &#8211; \u015arodki ochrony indywidualnej\"}]},{\"@type\":\"WebSite\",\"@id\":\"https:\\\/\\\/stopcarcinogensatwork.eu\\\/pl\\\/#website\",\"url\":\"https:\\\/\\\/stopcarcinogensatwork.eu\\\/pl\\\/\",\"name\":\"STOP Carcinogens at work\",\"description\":\"Every year, about 100.000 people die from cancer that was caused by exposure to carcinogens at work in Europe.\",\"publisher\":{\"@id\":\"https:\\\/\\\/stopcarcinogensatwork.eu\\\/pl\\\/#organization\"},\"alternateName\":\"Roadmap on Carcinogens\",\"potentialAction\":[{\"@type\":\"SearchAction\",\"target\":{\"@type\":\"EntryPoint\",\"urlTemplate\":\"https:\\\/\\\/stopcarcinogensatwork.eu\\\/pl\\\/?s={search_term_string}\"},\"query-input\":{\"@type\":\"PropertyValueSpecification\",\"valueRequired\":true,\"valueName\":\"search_term_string\"}}],\"inLanguage\":\"pl-PL\"},{\"@type\":\"Organization\",\"@id\":\"https:\\\/\\\/stopcarcinogensatwork.eu\\\/pl\\\/#organization\",\"name\":\"TNO\",\"alternateName\":\"This is a European wide voluntary action scheme\",\"url\":\"https:\\\/\\\/stopcarcinogensatwork.eu\\\/pl\\\/\",\"logo\":{\"@type\":\"ImageObject\",\"inLanguage\":\"pl-PL\",\"@id\":\"https:\\\/\\\/stopcarcinogensatwork.eu\\\/pl\\\/#\\\/schema\\\/logo\\\/image\\\/\",\"url\":\"https:\\\/\\\/stopcarcinogensatwork.eu\\\/wp-content\\\/uploads\\\/2024\\\/08\\\/cropped-FavLarge-1.png\",\"contentUrl\":\"https:\\\/\\\/stopcarcinogensatwork.eu\\\/wp-content\\\/uploads\\\/2024\\\/08\\\/cropped-FavLarge-1.png\",\"width\":512,\"height\":512,\"caption\":\"TNO\"},\"image\":{\"@id\":\"https:\\\/\\\/stopcarcinogensatwork.eu\\\/pl\\\/#\\\/schema\\\/logo\\\/image\\\/\"},\"publishingPrinciples\":\"https:\\\/\\\/stopcarcinogensatwork.eu\\\/homepage\\\/legal\\\/\",\"ownershipFundingInfo\":\"https:\\\/\\\/stopcarcinogensatwork.eu\\\/general\\\/about-us\\\/\"}]}<\/script>\n<!-- \/ Yoast SEO Premium plugin. -->","yoast_head_json":{"title":"P - \u015arodki ochrony indywidualnej - STOP carcinogens at work","description":"Every year, more than 100.000 people die in the EU from cancer caused by carcinogens at work. This must STOP!","robots":{"index":"index","follow":"follow","max-snippet":"max-snippet:-1","max-image-preview":"max-image-preview:large","max-video-preview":"max-video-preview:-1"},"canonical":"https:\/\/stopcarcinogensatwork.eu\/pl\/poznaj-podstawowe-strategie-zapobiegania\/p-ochrona-indywidualna\/","og_locale":"pl_PL","og_type":"article","og_title":"P - \u015arodki ochrony indywidualnej","og_description":"Every year, more than 100.000 people die in the EU from cancer caused by carcinogens at work. This must STOP!","og_url":"https:\/\/stopcarcinogensatwork.eu\/pl\/poznaj-podstawowe-strategie-zapobiegania\/p-ochrona-indywidualna\/","og_site_name":"STOP carcinogens at work","article_modified_time":"2025-10-13T15:27:39+00:00","twitter_card":"summary_large_image","twitter_misc":{"Szacowany czas czytania":"5 minut"},"schema":{"@context":"https:\/\/schema.org","@graph":[{"@type":"WebPage","@id":"https:\/\/stopcarcinogensatwork.eu\/pl\/poznaj-podstawowe-strategie-zapobiegania\/p-ochrona-indywidualna\/","url":"https:\/\/stopcarcinogensatwork.eu\/pl\/poznaj-podstawowe-strategie-zapobiegania\/p-ochrona-indywidualna\/","name":"P - \u015arodki ochrony indywidualnej - STOP carcinogens at work","isPartOf":{"@id":"https:\/\/stopcarcinogensatwork.eu\/pl\/#website"},"datePublished":"2024-03-06T10:59:51+00:00","dateModified":"2025-10-13T15:27:39+00:00","description":"Every year, more than 100.000 people die in the EU from cancer caused by carcinogens at work. This must STOP!","breadcrumb":{"@id":"https:\/\/stopcarcinogensatwork.eu\/pl\/poznaj-podstawowe-strategie-zapobiegania\/p-ochrona-indywidualna\/#breadcrumb"},"inLanguage":"pl-PL","potentialAction":[{"@type":"ReadAction","target":["https:\/\/stopcarcinogensatwork.eu\/pl\/poznaj-podstawowe-strategie-zapobiegania\/p-ochrona-indywidualna\/"]}]},{"@type":"BreadcrumbList","@id":"https:\/\/stopcarcinogensatwork.eu\/pl\/poznaj-podstawowe-strategie-zapobiegania\/p-ochrona-indywidualna\/#breadcrumb","itemListElement":[{"@type":"ListItem","position":1,"name":"Home","item":"https:\/\/stopcarcinogensatwork.eu\/pl\/stop-carcinogens-at-work\/"},{"@type":"ListItem","position":2,"name":"Poznaj podstawowe strategie zapobiegania","item":"https:\/\/stopcarcinogensatwork.eu\/pl\/poznaj-podstawowe-strategie-zapobiegania\/"},{"@type":"ListItem","position":3,"name":"P &#8211; \u015arodki ochrony indywidualnej"}]},{"@type":"WebSite","@id":"https:\/\/stopcarcinogensatwork.eu\/pl\/#website","url":"https:\/\/stopcarcinogensatwork.eu\/pl\/","name":"STOP Carcinogens at work","description":"Every year, about 100.000 people die from cancer that was caused by exposure to carcinogens at work in Europe.","publisher":{"@id":"https:\/\/stopcarcinogensatwork.eu\/pl\/#organization"},"alternateName":"Roadmap on Carcinogens","potentialAction":[{"@type":"SearchAction","target":{"@type":"EntryPoint","urlTemplate":"https:\/\/stopcarcinogensatwork.eu\/pl\/?s={search_term_string}"},"query-input":{"@type":"PropertyValueSpecification","valueRequired":true,"valueName":"search_term_string"}}],"inLanguage":"pl-PL"},{"@type":"Organization","@id":"https:\/\/stopcarcinogensatwork.eu\/pl\/#organization","name":"TNO","alternateName":"This is a European wide voluntary action scheme","url":"https:\/\/stopcarcinogensatwork.eu\/pl\/","logo":{"@type":"ImageObject","inLanguage":"pl-PL","@id":"https:\/\/stopcarcinogensatwork.eu\/pl\/#\/schema\/logo\/image\/","url":"https:\/\/stopcarcinogensatwork.eu\/wp-content\/uploads\/2024\/08\/cropped-FavLarge-1.png","contentUrl":"https:\/\/stopcarcinogensatwork.eu\/wp-content\/uploads\/2024\/08\/cropped-FavLarge-1.png","width":512,"height":512,"caption":"TNO"},"image":{"@id":"https:\/\/stopcarcinogensatwork.eu\/pl\/#\/schema\/logo\/image\/"},"publishingPrinciples":"https:\/\/stopcarcinogensatwork.eu\/homepage\/legal\/","ownershipFundingInfo":"https:\/\/stopcarcinogensatwork.eu\/general\/about-us\/"}]}},"_links":{"self":[{"href":"https:\/\/stopcarcinogensatwork.eu\/pl\/wp-json\/wp\/v2\/pages\/81154","targetHints":{"allow":["GET"]}}],"collection":[{"href":"https:\/\/stopcarcinogensatwork.eu\/pl\/wp-json\/wp\/v2\/pages"}],"about":[{"href":"https:\/\/stopcarcinogensatwork.eu\/pl\/wp-json\/wp\/v2\/types\/page"}],"author":[{"embeddable":true,"href":"https:\/\/stopcarcinogensatwork.eu\/pl\/wp-json\/wp\/v2\/users\/1"}],"replies":[{"embeddable":true,"href":"https:\/\/stopcarcinogensatwork.eu\/pl\/wp-json\/wp\/v2\/comments?post=81154"}],"version-history":[{"count":0,"href":"https:\/\/stopcarcinogensatwork.eu\/pl\/wp-json\/wp\/v2\/pages\/81154\/revisions"}],"up":[{"embeddable":true,"href":"https:\/\/stopcarcinogensatwork.eu\/pl\/wp-json\/wp\/v2\/pages\/81127"}],"wp:attachment":[{"href":"https:\/\/stopcarcinogensatwork.eu\/pl\/wp-json\/wp\/v2\/media?parent=81154"}],"curies":[{"name":"wp","href":"https:\/\/api.w.org\/{rel}","templated":true}]}}