{"id":81156,"date":"2024-03-06T11:27:48","date_gmt":"2024-03-06T11:27:48","guid":{"rendered":"https:\/\/stopcarcinogensatwork.eu\/poznaj-podstawowe-strategie-zapobiegania\/o-srodki-organizacyjne\/"},"modified":"2025-10-13T15:15:59","modified_gmt":"2025-10-13T15:15:59","slug":"o-srodki-organizacyjne","status":"publish","type":"page","link":"https:\/\/stopcarcinogensatwork.eu\/pl\/poznaj-podstawowe-strategie-zapobiegania\/o-srodki-organizacyjne\/","title":{"rendered":"O &#8211; \u015arodki organizacyjne"},"content":{"rendered":"<blockquote><p>STOP stosuje hierarchi\u0119 kontroli. W przypadku czynnik\u00f3w rakotw\u00f3rczych zej\u015bcie w d\u00f3\u0142 w hierarchii jest dozwolone tylko wtedy, gdy ograniczenia techniczne uniemo\u017cliwiaj\u0105 ca\u0142kowite wyeliminowanie nara\u017cenia. Tutaj skupimy si\u0119 na trzecim poziomie, O dla \u015brodk\u00f3w organizacyjnych. Nale\u017cy wzi\u0105\u0107 pod uwag\u0119 S i T przed O. Nale\u017cy r\u00f3wnie\u017c pami\u0119ta\u0107, \u017ce mo\u017cna stosowa\u0107 kombinacj\u0119 \u015brodk\u00f3w.   <\/p><\/blockquote>\n<p>\u015arodki organizacyjne obejmuj\u0105 metody i procedury organizacyjne, polityki wewn\u0119trzne i regularne kontrole maj\u0105ce na celu weryfikacj\u0119 ich wdro\u017cenia, w tym plany konserwacji. \u015arodki organizacyjne, kt\u00f3re nale\u017cy wdro\u017cy\u0107, powinny uwzgl\u0119dnia\u0107 mi\u0119dzy innymi specyfik\u0119 miejsca pracy, wiedz\u0119 pracownika, sprz\u0119t, zadania i otoczenie. <\/p>\n<p>Co nale\u017cy wzi\u0105\u0107 pod uwag\u0119 przy ocenie \u015brodk\u00f3w do wdro\u017cenia?<\/p>\n<ul>\n<li>identyfikacj\u0119 wszystkich obszar\u00f3w roboczych i socjalnych;<\/li>\n<li>rozwa\u017cenie rodzaju i poziomu ekspozycji dla ka\u017cdego z obszar\u00f3w roboczych;<\/li>\n<li>identyfikacj\u0119 pracownik\u00f3w, kt\u00f3rzy potrzebuj\u0105 dost\u0119pu do ka\u017cdego obszaru roboczego,<\/li>\n<li>\u015bredni czas, jaki poszczeg\u00f3lny pracownik musi po\u015bwi\u0119ci\u0107 na ka\u017cdy obszar roboczy;<\/li>\n<li>uzyskanie opisu ka\u017cdego \u015brodka, jego przydatno\u015bci, skuteczno\u015bci i efektywno\u015bci oraz rozwa\u017cenie mo\u017cliwego po\u0142\u0105czonego efektu r\u00f3\u017cnych \u015brodk\u00f3w w celu poprawy kontroli ryzyka;<\/li>\n<li>wymagania dotycz\u0105ce konserwacji.<\/li>\n<\/ul>\n<h2>Niekt\u00f3re \u015brodki organizacyjne do rozwa\u017cenia<\/h2>\n<h3>Ograniczenie dost\u0119pu do obszar\u00f3w ryzyka.<\/h3>\n<p>Bior\u0105c pod uwag\u0119 wyniki oceny ryzyka, pracodawcy musz\u0105 ograniczy\u0107 dost\u0119p do niekt\u00f3rych obszar\u00f3w roboczych, \u015bci\u015ble ograniczaj\u0105c taki dost\u0119p tylko do tych pracownik\u00f3w, kt\u00f3rzy musz\u0105 tam przebywa\u0107. W celu ograniczenia dost\u0119pu pracownik\u00f3w mo\u017cna ustawi\u0107 bariery fizyczne, na przyk\u0142ad drzwi wymagaj\u0105ce zezwolenia. Do identyfikacji takich obszar\u00f3w mo\u017cna u\u017cy\u0107 znak\u00f3w.  <\/p>\n<p>Kolejnym wa\u017cnym aspektem jest ograniczenie czasu sp\u0119dzanego przez pracownik\u00f3w w danym obszarze roboczym. Mo\u017cna to zrobi\u0107 poprzez rotacj\u0119 zada\u0144, kt\u00f3re pracownik musi wykona\u0107 lub poprzez ograniczenie ilo\u015bci czasu na zmian\u0119. <\/p>\n<p>Podczas projektowania uk\u0142adu nale\u017cy wzi\u0105\u0107 pod uwag\u0119 wszystkie obszary, np. lokalizacj\u0119 obszar\u00f3w wsp\u00f3lnych (takich jak sto\u0142\u00f3wka, szafki lub miejsca odpoczynku) w stosunku do obszar\u00f3w roboczych. Obszary pracy nie powinny \u0142\u0105czy\u0107 si\u0119 bezpo\u015brednio z obszarami socjalnymi. <\/p>\n<h3>Higiena i ochrona indywidualna<\/h3>\n<p>W obszarach roboczych, w kt\u00f3rych istnieje ryzyko zanieczyszczenia, nale\u017cy wdro\u017cy\u0107 \u015brodki gwarantuj\u0105ce to, \u017ce:<\/p>\n<ul>\n<li>wszystkie substancje chemiczne w miejscu pracy s\u0105 odpowiednio oznakowane, a na miejscu znajduj\u0105 si\u0119 odpowiednie znaki i sygna\u0142y ostrzegawcze i bezpiecze\u0144stwa;<\/li>\n<li>miejsce pracy jest czyste i zorganizowane;<\/li>\n<li>pracownicy nie jedz\u0105, nie pij\u0105 i nie pal\u0105;<\/li>\n<li>pracownicy s\u0105 wyposa\u017ceni w odpowiedni\u0105 odzie\u017c ochronn\u0105 lub inn\u0105 odpowiedni\u0105 odzie\u017c specjaln\u0105;<\/li>\n<li>zapewniono oddzielne miejsca do przechowywania odzie\u017cy roboczej lub ochronnej oraz odzie\u017cy codziennej;<\/li>\n<li>udost\u0119pniono pracownikom odpowiednie i wystarczaj\u0105ce urz\u0105dzenia do mycia si\u0119 i korzystania z toalety;<\/li>\n<li>sprz\u0119t ochronny jest odpowiednio przechowywany w \u015bci\u015ble okre\u015blonym miejscu;<\/li>\n<li>nadz\u00f3r zdrowotny jest zorganizowany, a jego wyniki s\u0105 brane pod uwag\u0119.<\/li>\n<\/ul>\n<p>Wewn\u0119trzne polityki mog\u0105 okre\u015bla\u0107 miejsca, w kt\u00f3rych pracownicy mog\u0105 je\u015b\u0107, pi\u0107 lub pali\u0107. Ponadto, polityki te mog\u0105 okre\u015bla\u0107 procedury, kt\u00f3rych pracownicy musz\u0105 przestrzega\u0107 w odniesieniu do potrzebnego im sprz\u0119tu ochronnego, a mianowicie jak prawid\u0142owo go u\u017cywa\u0107, czy\u015bci\u0107, konserwowa\u0107 i przechowywa\u0107. <\/p>\n<p>Mo\u017cna wprowadzi\u0107 proste \u015brodki higieny, aby przypomnie\u0107 pracownikom o ich znaczeniu. Na przyk\u0142ad, nale\u017cy my\u0107 r\u0119ce przed jedzeniem, czy\u015bci\u0107 stopy podczas wchodzenia i wychodzenia z obiekt\u00f3w, a tak\u017ce okre\u015bli\u0107 trasy, kt\u00f3re pracownicy musz\u0105 pokona\u0107, aby uzyska\u0107 dost\u0119p do niekt\u00f3rych zanieczyszczonych obszar\u00f3w roboczych. <\/p>\n<h3>Informacje i szkolenia dla pracownik\u00f3w<\/h3>\n<p>Pracodawcy musz\u0105 upewni\u0107 si\u0119, \u017ce pracownicy zostali poinformowani o wynikach oceny ryzyka, w tym o stosowanych chemikaliach, ich niebezpiecznych w\u0142a\u015bciwo\u015bciach i sposobie korzystania z kart charakterystyki, a mianowicie o \u015brodkach pierwszej pomocy lub kontroli nara\u017cenia\/ochrony indywidualnej.<\/p>\n<p>Ponadto pracownicy powinni otrzyma\u0107 jasne instrukcje dotycz\u0105ce stosowanych \u015brodk\u00f3w, takich jak \u015brodki techniczne, polityki wewn\u0119trzne lub procedury bezpiecze\u0144stwa pracy, wraz z ilustracjami, schematami lub filmami, je\u015bli to mo\u017cliwe.<\/p>\n<ul>\n<li>Nale\u017cy wzi\u0105\u0107 pod uwag\u0119 zadania i poziom wiedzy pracownik\u00f3w oraz odpowiednio dostosowa\u0107 j\u0119zyk i tre\u015b\u0107 przekazywanych informacji i szkole\u0144.<\/li>\n<li>Informowanie i szkolenie pracownik\u00f3w powinno odbywa\u0107 si\u0119 regularnie i musi by\u0107 aktualizowane za ka\u017cdym razem, gdy zmieniaj\u0105 si\u0119 warunki.<\/li>\n<li>W zale\u017cno\u015bci od rodzaju informacji \/ wymaga\u0144 szkoleniowych, mo\u017cna je zapewni\u0107 we w\u0142asnym zakresie i\/lub znale\u017a\u0107 zewn\u0119trzn\u0105 wiedz\u0119 specjalistyczn\u0105.<\/li>\n<\/ul>\n","protected":false},"excerpt":{"rendered":"<p>STOP stosuje hierarchi\u0119 kontroli. W przypadku czynnik\u00f3w rakotw\u00f3rczych zej\u015bcie w d\u00f3\u0142 w hierarchii jest dozwolone tylko wtedy, gdy ograniczenia techniczne uniemo\u017cliwiaj\u0105 ca\u0142kowite wyeliminowanie nara\u017cenia. Tutaj skupimy si\u0119 na trzecim poziomie, O dla \u015brodk\u00f3w organizacyjnych. Nale\u017cy wzi\u0105\u0107 pod uwag\u0119 S i T przed O. Nale\u017cy r\u00f3wnie\u017c pami\u0119ta\u0107, \u017ce mo\u017cna stosowa\u0107 kombinacj\u0119 \u015brodk\u00f3w. \u015arodki organizacyjne obejmuj\u0105 metody [&hellip;]<\/p>\n","protected":false},"author":1,"featured_media":0,"parent":81127,"menu_order":0,"comment_status":"closed","ping_status":"closed","template":"","meta":{"inline_featured_image":false,"footnotes":""},"class_list":["post-81156","page","type-page","status-publish","hentry"],"yoast_head":"<!-- This site is optimized with the Yoast SEO Premium plugin v27.0 (Yoast SEO v27.4) - https:\/\/yoast.com\/product\/yoast-seo-premium-wordpress\/ -->\n<title>O - \u015arodki organizacyjne - STOP carcinogens at work<\/title>\n<meta name=\"description\" content=\"Every year, more than 100.000 people die in the EU from cancer caused by carcinogens at work. This must STOP!\" \/>\n<meta name=\"robots\" content=\"index, follow, max-snippet:-1, max-image-preview:large, max-video-preview:-1\" \/>\n<link rel=\"canonical\" href=\"https:\/\/stopcarcinogensatwork.eu\/pl\/poznaj-podstawowe-strategie-zapobiegania\/o-srodki-organizacyjne\/\" \/>\n<meta property=\"og:locale\" content=\"pl_PL\" \/>\n<meta property=\"og:type\" content=\"article\" \/>\n<meta property=\"og:title\" content=\"O - \u015arodki organizacyjne\" \/>\n<meta property=\"og:description\" content=\"Every year, more than 100.000 people die in the EU from cancer caused by carcinogens at work. This must STOP!\" \/>\n<meta property=\"og:url\" content=\"https:\/\/stopcarcinogensatwork.eu\/pl\/poznaj-podstawowe-strategie-zapobiegania\/o-srodki-organizacyjne\/\" \/>\n<meta property=\"og:site_name\" content=\"STOP carcinogens at work\" \/>\n<meta property=\"article:modified_time\" content=\"2025-10-13T15:15:59+00:00\" \/>\n<meta name=\"twitter:card\" content=\"summary_large_image\" \/>\n<meta name=\"twitter:label1\" content=\"Szacowany czas czytania\" \/>\n\t<meta name=\"twitter:data1\" content=\"4 minuty\" \/>\n<script type=\"application\/ld+json\" class=\"yoast-schema-graph\">{\"@context\":\"https:\\\/\\\/schema.org\",\"@graph\":[{\"@type\":\"WebPage\",\"@id\":\"https:\\\/\\\/stopcarcinogensatwork.eu\\\/pl\\\/poznaj-podstawowe-strategie-zapobiegania\\\/o-srodki-organizacyjne\\\/\",\"url\":\"https:\\\/\\\/stopcarcinogensatwork.eu\\\/pl\\\/poznaj-podstawowe-strategie-zapobiegania\\\/o-srodki-organizacyjne\\\/\",\"name\":\"O - \u015arodki organizacyjne - STOP carcinogens at work\",\"isPartOf\":{\"@id\":\"https:\\\/\\\/stopcarcinogensatwork.eu\\\/pl\\\/#website\"},\"datePublished\":\"2024-03-06T11:27:48+00:00\",\"dateModified\":\"2025-10-13T15:15:59+00:00\",\"description\":\"Every year, more than 100.000 people die in the EU from cancer caused by carcinogens at work. This must STOP!\",\"breadcrumb\":{\"@id\":\"https:\\\/\\\/stopcarcinogensatwork.eu\\\/pl\\\/poznaj-podstawowe-strategie-zapobiegania\\\/o-srodki-organizacyjne\\\/#breadcrumb\"},\"inLanguage\":\"pl-PL\",\"potentialAction\":[{\"@type\":\"ReadAction\",\"target\":[\"https:\\\/\\\/stopcarcinogensatwork.eu\\\/pl\\\/poznaj-podstawowe-strategie-zapobiegania\\\/o-srodki-organizacyjne\\\/\"]}]},{\"@type\":\"BreadcrumbList\",\"@id\":\"https:\\\/\\\/stopcarcinogensatwork.eu\\\/pl\\\/poznaj-podstawowe-strategie-zapobiegania\\\/o-srodki-organizacyjne\\\/#breadcrumb\",\"itemListElement\":[{\"@type\":\"ListItem\",\"position\":1,\"name\":\"Home\",\"item\":\"https:\\\/\\\/stopcarcinogensatwork.eu\\\/pl\\\/stop-carcinogens-at-work\\\/\"},{\"@type\":\"ListItem\",\"position\":2,\"name\":\"Poznaj podstawowe strategie zapobiegania\",\"item\":\"https:\\\/\\\/stopcarcinogensatwork.eu\\\/pl\\\/poznaj-podstawowe-strategie-zapobiegania\\\/\"},{\"@type\":\"ListItem\",\"position\":3,\"name\":\"O &#8211; \u015arodki organizacyjne\"}]},{\"@type\":\"WebSite\",\"@id\":\"https:\\\/\\\/stopcarcinogensatwork.eu\\\/pl\\\/#website\",\"url\":\"https:\\\/\\\/stopcarcinogensatwork.eu\\\/pl\\\/\",\"name\":\"STOP Carcinogens at work\",\"description\":\"Every year, about 100.000 people die from cancer that was caused by exposure to carcinogens at work in Europe.\",\"publisher\":{\"@id\":\"https:\\\/\\\/stopcarcinogensatwork.eu\\\/pl\\\/#organization\"},\"alternateName\":\"Roadmap on Carcinogens\",\"potentialAction\":[{\"@type\":\"SearchAction\",\"target\":{\"@type\":\"EntryPoint\",\"urlTemplate\":\"https:\\\/\\\/stopcarcinogensatwork.eu\\\/pl\\\/?s={search_term_string}\"},\"query-input\":{\"@type\":\"PropertyValueSpecification\",\"valueRequired\":true,\"valueName\":\"search_term_string\"}}],\"inLanguage\":\"pl-PL\"},{\"@type\":\"Organization\",\"@id\":\"https:\\\/\\\/stopcarcinogensatwork.eu\\\/pl\\\/#organization\",\"name\":\"TNO\",\"alternateName\":\"This is a European wide voluntary action scheme\",\"url\":\"https:\\\/\\\/stopcarcinogensatwork.eu\\\/pl\\\/\",\"logo\":{\"@type\":\"ImageObject\",\"inLanguage\":\"pl-PL\",\"@id\":\"https:\\\/\\\/stopcarcinogensatwork.eu\\\/pl\\\/#\\\/schema\\\/logo\\\/image\\\/\",\"url\":\"https:\\\/\\\/stopcarcinogensatwork.eu\\\/wp-content\\\/uploads\\\/2024\\\/08\\\/cropped-FavLarge-1.png\",\"contentUrl\":\"https:\\\/\\\/stopcarcinogensatwork.eu\\\/wp-content\\\/uploads\\\/2024\\\/08\\\/cropped-FavLarge-1.png\",\"width\":512,\"height\":512,\"caption\":\"TNO\"},\"image\":{\"@id\":\"https:\\\/\\\/stopcarcinogensatwork.eu\\\/pl\\\/#\\\/schema\\\/logo\\\/image\\\/\"},\"publishingPrinciples\":\"https:\\\/\\\/stopcarcinogensatwork.eu\\\/homepage\\\/legal\\\/\",\"ownershipFundingInfo\":\"https:\\\/\\\/stopcarcinogensatwork.eu\\\/general\\\/about-us\\\/\"}]}<\/script>\n<!-- \/ Yoast SEO Premium plugin. -->","yoast_head_json":{"title":"O - \u015arodki organizacyjne - STOP carcinogens at work","description":"Every year, more than 100.000 people die in the EU from cancer caused by carcinogens at work. This must STOP!","robots":{"index":"index","follow":"follow","max-snippet":"max-snippet:-1","max-image-preview":"max-image-preview:large","max-video-preview":"max-video-preview:-1"},"canonical":"https:\/\/stopcarcinogensatwork.eu\/pl\/poznaj-podstawowe-strategie-zapobiegania\/o-srodki-organizacyjne\/","og_locale":"pl_PL","og_type":"article","og_title":"O - \u015arodki organizacyjne","og_description":"Every year, more than 100.000 people die in the EU from cancer caused by carcinogens at work. This must STOP!","og_url":"https:\/\/stopcarcinogensatwork.eu\/pl\/poznaj-podstawowe-strategie-zapobiegania\/o-srodki-organizacyjne\/","og_site_name":"STOP carcinogens at work","article_modified_time":"2025-10-13T15:15:59+00:00","twitter_card":"summary_large_image","twitter_misc":{"Szacowany czas czytania":"4 minuty"},"schema":{"@context":"https:\/\/schema.org","@graph":[{"@type":"WebPage","@id":"https:\/\/stopcarcinogensatwork.eu\/pl\/poznaj-podstawowe-strategie-zapobiegania\/o-srodki-organizacyjne\/","url":"https:\/\/stopcarcinogensatwork.eu\/pl\/poznaj-podstawowe-strategie-zapobiegania\/o-srodki-organizacyjne\/","name":"O - \u015arodki organizacyjne - STOP carcinogens at work","isPartOf":{"@id":"https:\/\/stopcarcinogensatwork.eu\/pl\/#website"},"datePublished":"2024-03-06T11:27:48+00:00","dateModified":"2025-10-13T15:15:59+00:00","description":"Every year, more than 100.000 people die in the EU from cancer caused by carcinogens at work. This must STOP!","breadcrumb":{"@id":"https:\/\/stopcarcinogensatwork.eu\/pl\/poznaj-podstawowe-strategie-zapobiegania\/o-srodki-organizacyjne\/#breadcrumb"},"inLanguage":"pl-PL","potentialAction":[{"@type":"ReadAction","target":["https:\/\/stopcarcinogensatwork.eu\/pl\/poznaj-podstawowe-strategie-zapobiegania\/o-srodki-organizacyjne\/"]}]},{"@type":"BreadcrumbList","@id":"https:\/\/stopcarcinogensatwork.eu\/pl\/poznaj-podstawowe-strategie-zapobiegania\/o-srodki-organizacyjne\/#breadcrumb","itemListElement":[{"@type":"ListItem","position":1,"name":"Home","item":"https:\/\/stopcarcinogensatwork.eu\/pl\/stop-carcinogens-at-work\/"},{"@type":"ListItem","position":2,"name":"Poznaj podstawowe strategie zapobiegania","item":"https:\/\/stopcarcinogensatwork.eu\/pl\/poznaj-podstawowe-strategie-zapobiegania\/"},{"@type":"ListItem","position":3,"name":"O &#8211; \u015arodki organizacyjne"}]},{"@type":"WebSite","@id":"https:\/\/stopcarcinogensatwork.eu\/pl\/#website","url":"https:\/\/stopcarcinogensatwork.eu\/pl\/","name":"STOP Carcinogens at work","description":"Every year, about 100.000 people die from cancer that was caused by exposure to carcinogens at work in Europe.","publisher":{"@id":"https:\/\/stopcarcinogensatwork.eu\/pl\/#organization"},"alternateName":"Roadmap on Carcinogens","potentialAction":[{"@type":"SearchAction","target":{"@type":"EntryPoint","urlTemplate":"https:\/\/stopcarcinogensatwork.eu\/pl\/?s={search_term_string}"},"query-input":{"@type":"PropertyValueSpecification","valueRequired":true,"valueName":"search_term_string"}}],"inLanguage":"pl-PL"},{"@type":"Organization","@id":"https:\/\/stopcarcinogensatwork.eu\/pl\/#organization","name":"TNO","alternateName":"This is a European wide voluntary action scheme","url":"https:\/\/stopcarcinogensatwork.eu\/pl\/","logo":{"@type":"ImageObject","inLanguage":"pl-PL","@id":"https:\/\/stopcarcinogensatwork.eu\/pl\/#\/schema\/logo\/image\/","url":"https:\/\/stopcarcinogensatwork.eu\/wp-content\/uploads\/2024\/08\/cropped-FavLarge-1.png","contentUrl":"https:\/\/stopcarcinogensatwork.eu\/wp-content\/uploads\/2024\/08\/cropped-FavLarge-1.png","width":512,"height":512,"caption":"TNO"},"image":{"@id":"https:\/\/stopcarcinogensatwork.eu\/pl\/#\/schema\/logo\/image\/"},"publishingPrinciples":"https:\/\/stopcarcinogensatwork.eu\/homepage\/legal\/","ownershipFundingInfo":"https:\/\/stopcarcinogensatwork.eu\/general\/about-us\/"}]}},"_links":{"self":[{"href":"https:\/\/stopcarcinogensatwork.eu\/pl\/wp-json\/wp\/v2\/pages\/81156","targetHints":{"allow":["GET"]}}],"collection":[{"href":"https:\/\/stopcarcinogensatwork.eu\/pl\/wp-json\/wp\/v2\/pages"}],"about":[{"href":"https:\/\/stopcarcinogensatwork.eu\/pl\/wp-json\/wp\/v2\/types\/page"}],"author":[{"embeddable":true,"href":"https:\/\/stopcarcinogensatwork.eu\/pl\/wp-json\/wp\/v2\/users\/1"}],"replies":[{"embeddable":true,"href":"https:\/\/stopcarcinogensatwork.eu\/pl\/wp-json\/wp\/v2\/comments?post=81156"}],"version-history":[{"count":0,"href":"https:\/\/stopcarcinogensatwork.eu\/pl\/wp-json\/wp\/v2\/pages\/81156\/revisions"}],"up":[{"embeddable":true,"href":"https:\/\/stopcarcinogensatwork.eu\/pl\/wp-json\/wp\/v2\/pages\/81127"}],"wp:attachment":[{"href":"https:\/\/stopcarcinogensatwork.eu\/pl\/wp-json\/wp\/v2\/media?parent=81156"}],"curies":[{"name":"wp","href":"https:\/\/api.w.org\/{rel}","templated":true}]}}