{"id":81173,"date":"2024-08-31T07:07:44","date_gmt":"2024-08-31T07:07:44","guid":{"rendered":"https:\/\/stopcarcinogensatwork.eu\/ogolne\/informacje-na-temat-roadmap-on-carcinogens\/wyzwania\/"},"modified":"2025-10-21T10:26:28","modified_gmt":"2025-10-21T10:26:28","slug":"wyzwania","status":"publish","type":"page","link":"https:\/\/stopcarcinogensatwork.eu\/pl\/ogolne\/informacje-na-temat-roadmap-on-carcinogens\/wyzwania\/","title":{"rendered":"Wyzwania"},"content":{"rendered":"<p><img fetchpriority=\"high\" decoding=\"async\" class=\"alignnone wp-image-20623 size-full\" src=\"https:\/\/stopcarcinogensatwork.eu\/wp-content\/uploads\/2024\/08\/Pillars.png\" alt=\"\" width=\"1384\" height=\"736\" srcset=\"https:\/\/stopcarcinogensatwork.eu\/wp-content\/uploads\/2024\/08\/Pillars.png 1384w, https:\/\/stopcarcinogensatwork.eu\/wp-content\/uploads\/2024\/08\/Pillars-300x160.png 300w, https:\/\/stopcarcinogensatwork.eu\/wp-content\/uploads\/2024\/08\/Pillars-768x408.png 768w\" sizes=\"(max-width: 1384px) 100vw, 1384px\" \/><\/p>\n<blockquote><p>Od 2021 r. Roadmap on Carcinogens zacz\u0105\u0142 realizowa\u0107 dwana\u015bcie wyzwa\u0144, aby uzyska\u0107 dalszy wp\u0142yw, aby pom\u00f3c pracownikom zapobiega\u0107 nara\u017ceniu na dzia\u0142anie czynnik\u00f3w rakotw\u00f3rczych (<a href=\"https:\/\/stopcarcinogensatwork.eu\/wp-content\/uploads\/2024\/09\/200903_RoC2.0_Strategy.pdf\" target=\"_blank\" rel=\"noopener\">przeczytaj pe\u0142n\u0105 strategi\u0119 tutaj<\/a>).<\/p><\/blockquote>\n<p>Na lata 2020-2024 Roadmap ustanowi\u0142 nast\u0119puj\u0105ce cztery cele:<\/p>\n<ul>\n<li><strong>Filar 1:<\/strong> Budowanie \u015bwiadomo\u015bci poprzez Europ\u0119 w\u015br\u00f3d przedsi\u0119biorstw i pracownik\u00f3w na temat ryzyka zwi\u0105zanego z ekspozycj\u0105 na substancje typu carcinogen oraz potrzeby podejmowania dzia\u0142a\u0144 zapobiegawczych.<\/li>\n<li><strong>Filar 2:<\/strong> Zapewnienie pomocy firmom i pracownikom w zapobieganiu ekspozycji na czynniki rakotw\u00f3rcze w miejscu pracy i minimalizowaniu ich wp\u0142ywu na si\u0142\u0119 robocz\u0105.<\/li>\n<li><strong>Filar 3:<\/strong> Zaanga\u017cowanie przemys\u0142u i sektor\u00f3w oraz zwi\u0119kszenie zaanga\u017cowania odpowiednich stron w celu zwielokrotnienia naszych wysi\u0142k\u00f3w w ca\u0142ej Europie.<\/li>\n<li><strong>Filar 4:<\/strong> Ukierunkowanie innowacji w celu wype\u0142nienia luki mi\u0119dzy wynikami bada\u0144 a potrzebami przedsi\u0119biorstw.<\/li>\n<\/ul>\n<p>Filary te zosta\u0142y podzielone na 12 wyzwa\u0144. Realizacja tych wyzwa\u0144 przyczyni si\u0119 do osi\u0105gni\u0119cia tych cel\u00f3w. Ka\u017cde wyzwanie jest prowadzone przez zesp\u00f3\u0142 partner\u00f3w Roadmap.  <\/p>\n<h3>Wyzwanie 1.1 &#8211; Lepsze dane<\/h3>\n<p>Lepsze i bardziej szczeg\u00f3\u0142owe dane na temat ekspozycji na carcinogeny s\u0105 niezb\u0119dne do podniesienia \u015bwiadomo\u015bci na temat potrzeby podj\u0119cia dzia\u0142a\u0144 i monitorowania &#8211; zw\u0142aszcza w d\u0142u\u017cszej perspektywie &#8211; czy jeste\u015bmy w stanie zaobserwowa\u0107 spadek stosowania czynnik\u00f3w powoduj\u0105cych raka na hali produkcyjnej.<\/p>\n<p><strong>Wyniki:<\/strong><\/p>\n<ul>\n<li><a href=\"https:\/\/stopcarcinogensatwork.eu\/wp-content\/uploads\/2024\/08\/Ch1.1_Conclusion_Report_20230125.pdf\" target=\"_blank\" rel=\"noopener\">Dost\u0119pny jest szczeg\u00f3\u0142owy raport (pdf)<\/a>.<\/li>\n<li><a href=\"https:\/\/stopcarcinogensatwork.eu\/pl\/bazy-danych-pomiarow-narazenia-na-dzialanie-czynnikow-rakotworczych-w-miejscu-pracy\/\" target=\"_blank\" rel=\"noopener\">Przegl\u0105d baz danych pomiar\u00f3w ekspozycji jest <strong>dost\u0119pny na tej stronie internetowej<\/strong><\/a><\/li>\n<li><a href=\"https:\/\/stopcarcinogensatwork.eu\/pl\/rejestry-pracownikow-narazonych-na-dzialanie-czynnikow-rakotworczych\/\" target=\"_blank\" rel=\"noopener\">Przegl\u0105d rejestr\u00f3w dotycz\u0105cych pracownik\u00f3w nara\u017conych na dzia\u0142anie czynnik\u00f3w rakotw\u00f3rczych jest <strong>dost\u0119pny na tej stronie internetowej<\/strong><\/a><\/li>\n<li><a href=\"https:\/\/stopcarcinogensatwork.eu\/wp-content\/uploads\/2024\/08\/Ch1.1_joint_research_projects_v2.1.pdf\" target=\"_blank\" rel=\"noopener\">Wsp\u00f3lne projekty badawcze dostarczaj\u0105ce danych na temat nara\u017cenia na dzia\u0142anie czynnik\u00f3w rakotw\u00f3rczych w miejscu pracy (pdf)<\/a><\/li>\n<\/ul>\n<h3>Wyzwanie 1.2 &#8211; Kluczem jest edukacja<\/h3>\n<p>Zgodnie z mottem &#8222;You can&#8217;t teach an old dog new tricks&#8221; (Nie mo\u017cna nauczy\u0107 starego psa nowych sztuczek), konieczne jest rozpocz\u0119cie dzia\u0142a\u0144 u\u015bwiadamiaj\u0105cych w szko\u0142ach podstawowych i lepsze zintegrowanie ich z kszta\u0142ceniem zawodowym.<\/p>\n<p><strong>Wyniki:<\/strong><\/p>\n<ul>\n<li>Wkr\u00f3tce dost\u0119pny b\u0119dzie zestaw prezentacji edukacyjnych dla nauczycieli szk\u00f3\u0142 podstawowych.<\/li>\n<li>Narz\u0119dzie grywalizacji zosta\u0142o opracowane i jest <a href=\"https:\/\/stopcarcinogensatwork.eu\/sl\/good-practice\/obvladovanje-tveganj-zaradi-rakotvornih-snovi-na-delovnem-mestu-s-pomocjo-izobrazevalne-igre\/\" target=\"_blank\" rel=\"noopener\"><strong>udost\u0119pnione <\/strong><strong>dost\u0119pne za po\u015brednictwem tej strony internetowej.<\/strong><\/a><\/li>\n<\/ul>\n<h3>Wyzwanie 2.1 &#8211; Strategie zast\u0119powania<\/h3>\n<p>Zast\u0119powanie bezpieczniejszymi alternatywami znajduje si\u0119 na szczycie hierarchii \u015brodk\u00f3w zapobiegaj\u0105cych nara\u017ceniu na czynniki powoduj\u0105ce raka w miejscu pracy, a gromadzenie przyk\u0142ad\u00f3w zast\u0119powania i innowacji zapewni pomoc firmom w poszukiwaniu skutecznego planu zast\u0119powania.<\/p>\n<ul>\n<li>Wyczerpuj\u0105ce podsumowania dotycz\u0105ce substancji alternatywnych z wniosk\u00f3w o udzielenie zezwolenia REACH s\u0105 dost\u0119pne na tej stronie internetowej pod ka\u017cdym faktem.<\/li>\n<li><a href=\"https:\/\/stopcarcinogensatwork.eu\/pl\/ogolne\/informacje-na-temat-roadmap-on-carcinogens\/wyzwania\/mozliwe-alternatywy-dla-chromu\/\" target=\"_blank\" rel=\"noopener\">Mo\u017cliwe alternatywy dla tr\u00f3jtlenku chromu jako \u015brodka galwanicznego do stosowania w og\u00f3lnej produkcji mo\u017cna znale\u017a\u0107 tutaj<\/a><\/li>\n<\/ul>\n<h3>Wyzwanie 2.2 &#8211; Wytyczne dotycz\u0105ce zarz\u0105dzania ryzykiem<\/h3>\n<p>Celem tego wyzwania by\u0142o zapewnienie wskaz\u00f3wek dotycz\u0105cych zarz\u0105dzania ryzykiem i zwi\u0119kszenie \u015bwiadomo\u015bci na temat strategii ograniczania ryzyka zgodnie z zasad\u0105 STOP. Opr\u00f3cz stworzenia ulotek na ten temat, zesp\u00f3\u0142 odpowiedzialny za wyzwanie przeanalizowa\u0142 wiele arkuszy z wytycznymi dotycz\u0105cymi kontroli specyficznymi dla danego zadania, aby zebra\u0107 og\u00f3lne cechy szablonu. Wspiera to tworzenie list kontrolnych (CGS) i pomaga w komunikowaniu najwa\u017cniejszych aspekt\u00f3w zarz\u0105dzania ryzykiem zwi\u0105zanym z czynnikami rakotw\u00f3rczymi. <a href=\"https:\/\/stopcarcinogensatwork.eu\/pl\/poznaj-podstawowe-strategie-zapobiegania\/\" target=\"_blank\" rel=\"noopener\">Tre\u015b\u0107 ulotek S &#8211; T &#8211; O &#8211; P znajduje si\u0119 na stronie internetowej.<\/a><br \/>\nWkr\u00f3tce udost\u0119pnimy wi\u0119cej wynik\u00f3w tego wyzwania:  <\/p>\n<ul>\n<li><a href=\"https:\/\/stopcarcinogensatwork.eu\/pl\/poznaj-podstawowe-strategie-zapobiegania\/\" target=\"_blank\" rel=\"noopener\">Ulotki S &#8211; T &#8211; O &#8211; P do pobrania<\/a>.<\/li>\n<li>Platforma, kt\u00f3rej instytucje mog\u0105 u\u017cywa\u0107 do generowania<a href=\"https:\/\/stopcarcinogensatwork.eu\/pl\/ogolne\/wspolpracuj-z-nami\/\" target=\"_blank\" rel=\"noopener\"> CGS w oparciu o szablon opracowany przez zesp\u00f3\u0142 ds. wyzwa\u0144<\/a>. Wynikowy CGS dla pracodawc\u00f3w zostanie udost\u0119pniony na stronie internetowej. <\/li>\n<li><a href=\"https:\/\/stopcarcinogensatwork.eu\/wp-content\/uploads\/2025\/05\/Ch22_Conclusion_Report_20250521.pdf\" target=\"_blank\" rel=\"noopener\">Raport Challenges 2.2<\/a><\/li>\n<\/ul>\n<h3>Wyzwanie 2.3 &#8211; Fundusze dla przedsi\u0119biorstw<\/h3>\n<p>Wiadomo, \u017ce r\u00f3\u017cne organizacje, takie jak pa\u0144stwa cz\u0142onkowskie, organizacje bran\u017cowe lub sektorowe, krajowe ubezpieczenia spo\u0142eczne, inicjatywy ubezpieczeniowe i inne, maj\u0105 ju\u017c fundusze lub specjalne \u015brodki fiskalne, kt\u00f3re stymuluj\u0105 przedsi\u0119biorstwa do inwestowania w bezpiecze\u0144stwo i higien\u0119 pracy.<\/p>\n<ul>\n<li><a href=\"https:\/\/stopcarcinogensatwork.eu\/wp-content\/uploads\/2025\/05\/Final-report-RoC-Ch2.3andCh3.1-BusinessEurope.pdf\">Wyzwania 2.3 i 3.1 w raporcie<\/a><\/li>\n<\/ul>\n<h3>Wyzwanie 3.1 &#8211; Zaanga\u017cowanie bran\u017c i sektor\u00f3w<\/h3>\n<p>Im wi\u0119cej organizacji mi\u0119dzybran\u017cowych i sektorowych uda si\u0119 zmobilizowa\u0107 do przy\u0142\u0105czenia si\u0119 do Roadmap on Carcinogens, tym wi\u0119cej firm skorzysta na zmapowanych i wyja\u015bnionych rozwi\u0105zaniach.<\/p>\n<ul>\n<li><a href=\"https:\/\/stopcarcinogensatwork.eu\/wp-content\/uploads\/2025\/05\/Final-report-RoC-Ch2.3andCh3.1-BusinessEurope.pdf\">Wyzwania 2.3 i 3.1 w raporcie<\/a><\/li>\n<\/ul>\n<h3>Wyzwanie 3.2 &#8211; Zaanga\u017cowanie organizacji zajmuj\u0105cych si\u0119 prewencj\u0105 zawodow\u0105<\/h3>\n<p>Zaanga\u017cowanie zainteresowanych stron, takich jak organizacje zajmuj\u0105ce si\u0119 zapobieganiem wypadkom przy pracy, jest kolejnym elementem przyczyniaj\u0105cym si\u0119 do wspierania firm poprzez dostarczanie narz\u0119dzi do samooceny ich zgodno\u015bci z przepisami prawa i wprowadzania odpowiednich \u015brodk\u00f3w zarz\u0105dzania ryzykiem.<\/p>\n<ul>\n<li><a href=\"https:\/\/stopcarcinogensatwork.eu\/wp-content\/uploads\/2025\/05\/PDF250528_Ch3.2_Conclusion_Report.pdf\" target=\"_blank\" rel=\"noopener\">Raport podsumowuj\u0105cy projekt mo\u017cna znale\u017a\u0107 tutaj<\/a><\/li>\n<li><a href=\"https:\/\/stopcarcinogensatwork.eu\/pl\/wyszukiwanie-zawodow\/\" target=\"_blank\" rel=\"noopener\"><strong>Jest to wa\u017cna integracja na stronie internetowej.<\/strong>  Sprawd\u017a tutaj, czy w Twoim zawodzie nie wyst\u0119puje czynnik rakotw\u00f3rczy.<\/a><\/li>\n<\/ul>\n<h3>Wyzwanie 3.3 &#8211; Wsp\u00f3\u0142praca z inspektoratami<\/h3>\n<p>Egzekwowanie przepis\u00f3w jest wa\u017cnym narz\u0119dziem zapewniaj\u0105cym zgodno\u015b\u0107 z przepisami. W jaki spos\u00f3b organy odpowiedzialne za egzekwowanie przepis\u00f3w i mapa drogowa mog\u0105 si\u0119 wzajemnie anga\u017cowa\u0107? <\/p>\n<ul>\n<li><a href=\"https:\/\/stopcarcinogensatwork.eu\/pl\/ogolne\/wspolpracuj-z-nami\/\" target=\"_blank\" rel=\"noopener\">Zintegrowane na tej stronie<\/a><\/li>\n<\/ul>\n<h3>Wyzwanie 3.4 &#8211; Wzmocnienie pozycji pracownik\u00f3w<\/h3>\n<p>Pracownicy musz\u0105 by\u0107 \u015bwiadomi swoich praw i obowi\u0105zk\u00f3w, aby przyczyni\u0107 si\u0119 do oceny ryzyka przez pracodawc\u0119 i wprowadzi\u0107 odpowiednie \u015brodki zapobiegawcze w celu wyeliminowania lub ograniczenia ekspozycji na czynniki rakotw\u00f3rcze.<\/p>\n<ul>\n<li>Do og\u0142oszenia<\/li>\n<\/ul>\n<h3>Wyzwanie 4.1 &#8211; Niwelowanie r\u00f3\u017cnic<\/h3>\n<p>Innowacje ukierunkowane na zaspokojenie rzeczywistych potrzeb w miejscu pracy maj\u0105 zasadnicze znaczenie dla zapobiegania ekspozycji na czynniki rakotw\u00f3rcze w ca\u0142ym cyklu \u017cycia substancji lub materia\u0142\u00f3w &#8211; ta wiedza musi by\u0107 powszechnie zrozumia\u0142a.<\/p>\n<p>&#8211; <a href=\"https:\/\/stopcarcinogensatwork.eu\/wp-content\/uploads\/2024\/08\/Ch4.1_Preparatory_Report_211216-NEW.pdf\" target=\"_blank\" rel=\"noopener\">Dost\u0119pny jest szczeg\u00f3\u0142owy raport, w tym zestaw OnePager\u00f3w podsumowuj\u0105cych potencjalne powi\u0105zania ze spo\u0142eczno\u015bci\u0105 badawcz\u0105<\/a><\/p>\n<h3>Wyzwanie 4.2 &#8211; Czynniki rakotw\u00f3rcze generowane przez procesy technologiczne<\/h3>\n<p>Czynniki rakotw\u00f3rcze generowane przez proces wyst\u0119puj\u0105 jako produkt uboczny procesu pracy. Wymagaj\u0105 one szczeg\u00f3lnej uwagi, poniewa\u017c nie maj\u0105 etykiet i mo\u017ce nie by\u0107 do nich \u017cadnych odniesie\u0144 w kartach charakterystyki. <\/p>\n<ul>\n<li><a href=\"https:\/\/stopcarcinogensatwork.eu\/wp-content\/uploads\/2024\/08\/Silica-Dust-in-Construction.pdf\" target=\"_blank\" rel=\"noopener\">Dost\u0119pny jest szczeg\u00f3\u0142owy raport z austriackiej kampanii kontrolnej dotycz\u0105cej py\u0142u krzemowego<\/a><\/li>\n<li><a href=\"https:\/\/stopcarcinogensatwork.eu\/wp-content\/uploads\/2024\/08\/Mineral-Dusts-in-Mining.pdf\" target=\"_blank\" rel=\"noopener\">Dost\u0119pny jest raport na temat py\u0142u mineralnego w g\u00f3rnictwie<\/a><\/li>\n<li><a href=\"https:\/\/stopcarcinogensatwork.eu\/wp-content\/uploads\/2024\/09\/TNO2023_R10498_RoC_Challenge_4.2-1.pdf\" target=\"_blank\" rel=\"noopener\">Dost\u0119pny jest raport dotycz\u0105cy substancji wytwarzanych w procesie<\/a><\/li>\n<li>Arkusze informacyjne dotycz\u0105ce <a href=\"https:\/\/stopcarcinogensatwork.eu\/sl\/fact\/abrazija-proces\/\" target=\"_blank\" rel=\"noopener\">\u015bcierania<\/a> i <a href=\"https:\/\/stopcarcinogensatwork.eu\/sl\/fact\/zgorevanje-proces\/\" target=\"_blank\" rel=\"noopener\">spalania<\/a> s\u0105 dost\u0119pne na tej stronie internetowej<\/li>\n<\/ul>\n<h3>Wyzwanie 4.3 &#8211; Procedury bezpiecznej pracy<\/h3>\n<p>&#8222;Procedury bezpiecznej pracy&#8221; mog\u0105 zosta\u0107 wprowadzone jako akceptowane alternatywy dla grup przedsi\u0119biorstw wykonuj\u0105cych t\u0119 sam\u0105 dzia\u0142alno\u015b\u0107, zamiast wykonywania pomiar\u00f3w i por\u00f3wnywania z warto\u015bciami granicznymi dla ka\u017cdej firmy, dla ka\u017cdej dzia\u0142alno\u015bci, dla ka\u017cdej substancji.<\/p>\n<ul>\n<li><a href=\"https:\/\/stopcarcinogensatwork.eu\/wp-content\/uploads\/2024\/08\/TNO2023-R10499_RoC-Ch4.3_TNO-Report-general-challenge-report_getekend.pdf\" target=\"_blank\" rel=\"noopener\">Szczeg\u00f3\u0142owy raport mo\u017cna znale\u017a\u0107 tutaj<\/a><\/li>\n<\/ul>\n<h3>Raport ko\u0144cowy ROC2.0<\/h3>\n<p>Opublikowano podsumowanie wszystkich dzia\u0142a\u0144 i osi\u0105gni\u0119\u0107 drugiego Roadmap on Carcinogens (RoC2.0).<a href=\"https:\/\/stopcarcinogensatwork.eu\/wp-content\/uploads\/2025\/10\/250922_RoC2.0_wrap_up_FINAL.pdf\">  w niniejszym raporcie.<\/a><\/p>\n","protected":false},"excerpt":{"rendered":"<p>Od 2021 r. Roadmap on Carcinogens zacz\u0105\u0142 realizowa\u0107 dwana\u015bcie wyzwa\u0144, aby uzyska\u0107 dalszy wp\u0142yw, aby pom\u00f3c pracownikom zapobiega\u0107 nara\u017ceniu na dzia\u0142anie czynnik\u00f3w rakotw\u00f3rczych (przeczytaj pe\u0142n\u0105 strategi\u0119 tutaj). Na lata 2020-2024 Roadmap ustanowi\u0142 nast\u0119puj\u0105ce cztery cele: Filar 1: Budowanie \u015bwiadomo\u015bci poprzez Europ\u0119 w\u015br\u00f3d przedsi\u0119biorstw i pracownik\u00f3w na temat ryzyka zwi\u0105zanego z ekspozycj\u0105 na substancje typu carcinogen [&hellip;]<\/p>\n","protected":false},"author":1,"featured_media":0,"parent":76541,"menu_order":0,"comment_status":"closed","ping_status":"closed","template":"","meta":{"inline_featured_image":false,"footnotes":""},"class_list":["post-81173","page","type-page","status-publish","hentry"],"yoast_head":"<!-- This site is optimized with the Yoast SEO Premium plugin v27.0 (Yoast SEO v27.3) - https:\/\/yoast.com\/product\/yoast-seo-premium-wordpress\/ -->\n<title>Wyzwania - STOP carcinogens at work<\/title>\n<meta name=\"description\" content=\"Every year, more than 100.000 people die in the EU from cancer caused by carcinogens at work. This must STOP!\" \/>\n<meta name=\"robots\" content=\"index, follow, max-snippet:-1, max-image-preview:large, max-video-preview:-1\" \/>\n<link rel=\"canonical\" href=\"https:\/\/stopcarcinogensatwork.eu\/pl\/ogolne\/informacje-na-temat-roadmap-on-carcinogens\/wyzwania\/\" \/>\n<meta property=\"og:locale\" content=\"pl_PL\" \/>\n<meta property=\"og:type\" content=\"article\" \/>\n<meta property=\"og:title\" content=\"Wyzwania\" \/>\n<meta property=\"og:description\" content=\"Every year, more than 100.000 people die in the EU from cancer caused by carcinogens at work. This must STOP!\" \/>\n<meta property=\"og:url\" content=\"https:\/\/stopcarcinogensatwork.eu\/pl\/ogolne\/informacje-na-temat-roadmap-on-carcinogens\/wyzwania\/\" \/>\n<meta property=\"og:site_name\" content=\"STOP carcinogens at work\" \/>\n<meta property=\"article:modified_time\" content=\"2025-10-21T10:26:28+00:00\" \/>\n<meta property=\"og:image\" content=\"https:\/\/stopcarcinogensatwork.eu\/wp-content\/uploads\/2024\/08\/Pillars.png\" \/>\n<meta name=\"twitter:card\" content=\"summary_large_image\" \/>\n<meta name=\"twitter:label1\" content=\"Szacowany czas czytania\" \/>\n\t<meta name=\"twitter:data1\" content=\"6 minut\" \/>\n<script type=\"application\/ld+json\" class=\"yoast-schema-graph\">{\"@context\":\"https:\\\/\\\/schema.org\",\"@graph\":[{\"@type\":\"WebPage\",\"@id\":\"https:\\\/\\\/stopcarcinogensatwork.eu\\\/pl\\\/ogolne\\\/informacje-na-temat-roadmap-on-carcinogens\\\/wyzwania\\\/\",\"url\":\"https:\\\/\\\/stopcarcinogensatwork.eu\\\/pl\\\/ogolne\\\/informacje-na-temat-roadmap-on-carcinogens\\\/wyzwania\\\/\",\"name\":\"Wyzwania - STOP carcinogens at work\",\"isPartOf\":{\"@id\":\"https:\\\/\\\/stopcarcinogensatwork.eu\\\/pl\\\/#website\"},\"primaryImageOfPage\":{\"@id\":\"https:\\\/\\\/stopcarcinogensatwork.eu\\\/pl\\\/ogolne\\\/informacje-na-temat-roadmap-on-carcinogens\\\/wyzwania\\\/#primaryimage\"},\"image\":{\"@id\":\"https:\\\/\\\/stopcarcinogensatwork.eu\\\/pl\\\/ogolne\\\/informacje-na-temat-roadmap-on-carcinogens\\\/wyzwania\\\/#primaryimage\"},\"thumbnailUrl\":\"https:\\\/\\\/stopcarcinogensatwork.eu\\\/wp-content\\\/uploads\\\/2024\\\/08\\\/Pillars.png\",\"datePublished\":\"2024-08-31T07:07:44+00:00\",\"dateModified\":\"2025-10-21T10:26:28+00:00\",\"description\":\"Every year, more than 100.000 people die in the EU from cancer caused by carcinogens at work. This must STOP!\",\"breadcrumb\":{\"@id\":\"https:\\\/\\\/stopcarcinogensatwork.eu\\\/pl\\\/ogolne\\\/informacje-na-temat-roadmap-on-carcinogens\\\/wyzwania\\\/#breadcrumb\"},\"inLanguage\":\"pl-PL\",\"potentialAction\":[{\"@type\":\"ReadAction\",\"target\":[\"https:\\\/\\\/stopcarcinogensatwork.eu\\\/pl\\\/ogolne\\\/informacje-na-temat-roadmap-on-carcinogens\\\/wyzwania\\\/\"]}]},{\"@type\":\"ImageObject\",\"inLanguage\":\"pl-PL\",\"@id\":\"https:\\\/\\\/stopcarcinogensatwork.eu\\\/pl\\\/ogolne\\\/informacje-na-temat-roadmap-on-carcinogens\\\/wyzwania\\\/#primaryimage\",\"url\":\"https:\\\/\\\/stopcarcinogensatwork.eu\\\/wp-content\\\/uploads\\\/2024\\\/08\\\/Pillars.png\",\"contentUrl\":\"https:\\\/\\\/stopcarcinogensatwork.eu\\\/wp-content\\\/uploads\\\/2024\\\/08\\\/Pillars.png\"},{\"@type\":\"BreadcrumbList\",\"@id\":\"https:\\\/\\\/stopcarcinogensatwork.eu\\\/pl\\\/ogolne\\\/informacje-na-temat-roadmap-on-carcinogens\\\/wyzwania\\\/#breadcrumb\",\"itemListElement\":[{\"@type\":\"ListItem\",\"position\":1,\"name\":\"Home\",\"item\":\"https:\\\/\\\/stopcarcinogensatwork.eu\\\/pl\\\/stop-carcinogens-at-work\\\/\"},{\"@type\":\"ListItem\",\"position\":2,\"name\":\"Og\u00f3lne\",\"item\":\"https:\\\/\\\/stopcarcinogensatwork.eu\\\/pl\\\/ogolne\\\/\"},{\"@type\":\"ListItem\",\"position\":3,\"name\":\"Informacje o Mapie drogowej dotycz\u0105cej substancji rakotw\u00f3rczych\",\"item\":\"https:\\\/\\\/stopcarcinogensatwork.eu\\\/pl\\\/ogolne\\\/informacje-na-temat-roadmap-on-carcinogens\\\/\"},{\"@type\":\"ListItem\",\"position\":4,\"name\":\"Wyzwania\"}]},{\"@type\":\"WebSite\",\"@id\":\"https:\\\/\\\/stopcarcinogensatwork.eu\\\/pl\\\/#website\",\"url\":\"https:\\\/\\\/stopcarcinogensatwork.eu\\\/pl\\\/\",\"name\":\"STOP Carcinogens at work\",\"description\":\"Every year, about 100.000 people die from cancer that was caused by exposure to carcinogens at work in Europe.\",\"publisher\":{\"@id\":\"https:\\\/\\\/stopcarcinogensatwork.eu\\\/pl\\\/#organization\"},\"alternateName\":\"Roadmap on Carcinogens\",\"potentialAction\":[{\"@type\":\"SearchAction\",\"target\":{\"@type\":\"EntryPoint\",\"urlTemplate\":\"https:\\\/\\\/stopcarcinogensatwork.eu\\\/pl\\\/?s={search_term_string}\"},\"query-input\":{\"@type\":\"PropertyValueSpecification\",\"valueRequired\":true,\"valueName\":\"search_term_string\"}}],\"inLanguage\":\"pl-PL\"},{\"@type\":\"Organization\",\"@id\":\"https:\\\/\\\/stopcarcinogensatwork.eu\\\/pl\\\/#organization\",\"name\":\"TNO\",\"alternateName\":\"This is a European wide voluntary action scheme\",\"url\":\"https:\\\/\\\/stopcarcinogensatwork.eu\\\/pl\\\/\",\"logo\":{\"@type\":\"ImageObject\",\"inLanguage\":\"pl-PL\",\"@id\":\"https:\\\/\\\/stopcarcinogensatwork.eu\\\/pl\\\/#\\\/schema\\\/logo\\\/image\\\/\",\"url\":\"https:\\\/\\\/stopcarcinogensatwork.eu\\\/wp-content\\\/uploads\\\/2024\\\/08\\\/cropped-FavLarge-1.png\",\"contentUrl\":\"https:\\\/\\\/stopcarcinogensatwork.eu\\\/wp-content\\\/uploads\\\/2024\\\/08\\\/cropped-FavLarge-1.png\",\"width\":512,\"height\":512,\"caption\":\"TNO\"},\"image\":{\"@id\":\"https:\\\/\\\/stopcarcinogensatwork.eu\\\/pl\\\/#\\\/schema\\\/logo\\\/image\\\/\"},\"publishingPrinciples\":\"https:\\\/\\\/stopcarcinogensatwork.eu\\\/homepage\\\/legal\\\/\",\"ownershipFundingInfo\":\"https:\\\/\\\/stopcarcinogensatwork.eu\\\/general\\\/about-us\\\/\"}]}<\/script>\n<!-- \/ Yoast SEO Premium plugin. -->","yoast_head_json":{"title":"Wyzwania - STOP carcinogens at work","description":"Every year, more than 100.000 people die in the EU from cancer caused by carcinogens at work. This must STOP!","robots":{"index":"index","follow":"follow","max-snippet":"max-snippet:-1","max-image-preview":"max-image-preview:large","max-video-preview":"max-video-preview:-1"},"canonical":"https:\/\/stopcarcinogensatwork.eu\/pl\/ogolne\/informacje-na-temat-roadmap-on-carcinogens\/wyzwania\/","og_locale":"pl_PL","og_type":"article","og_title":"Wyzwania","og_description":"Every year, more than 100.000 people die in the EU from cancer caused by carcinogens at work. This must STOP!","og_url":"https:\/\/stopcarcinogensatwork.eu\/pl\/ogolne\/informacje-na-temat-roadmap-on-carcinogens\/wyzwania\/","og_site_name":"STOP carcinogens at work","article_modified_time":"2025-10-21T10:26:28+00:00","og_image":[{"url":"https:\/\/stopcarcinogensatwork.eu\/wp-content\/uploads\/2024\/08\/Pillars.png","type":"","width":"","height":""}],"twitter_card":"summary_large_image","twitter_misc":{"Szacowany czas czytania":"6 minut"},"schema":{"@context":"https:\/\/schema.org","@graph":[{"@type":"WebPage","@id":"https:\/\/stopcarcinogensatwork.eu\/pl\/ogolne\/informacje-na-temat-roadmap-on-carcinogens\/wyzwania\/","url":"https:\/\/stopcarcinogensatwork.eu\/pl\/ogolne\/informacje-na-temat-roadmap-on-carcinogens\/wyzwania\/","name":"Wyzwania - STOP carcinogens at work","isPartOf":{"@id":"https:\/\/stopcarcinogensatwork.eu\/pl\/#website"},"primaryImageOfPage":{"@id":"https:\/\/stopcarcinogensatwork.eu\/pl\/ogolne\/informacje-na-temat-roadmap-on-carcinogens\/wyzwania\/#primaryimage"},"image":{"@id":"https:\/\/stopcarcinogensatwork.eu\/pl\/ogolne\/informacje-na-temat-roadmap-on-carcinogens\/wyzwania\/#primaryimage"},"thumbnailUrl":"https:\/\/stopcarcinogensatwork.eu\/wp-content\/uploads\/2024\/08\/Pillars.png","datePublished":"2024-08-31T07:07:44+00:00","dateModified":"2025-10-21T10:26:28+00:00","description":"Every year, more than 100.000 people die in the EU from cancer caused by carcinogens at work. This must STOP!","breadcrumb":{"@id":"https:\/\/stopcarcinogensatwork.eu\/pl\/ogolne\/informacje-na-temat-roadmap-on-carcinogens\/wyzwania\/#breadcrumb"},"inLanguage":"pl-PL","potentialAction":[{"@type":"ReadAction","target":["https:\/\/stopcarcinogensatwork.eu\/pl\/ogolne\/informacje-na-temat-roadmap-on-carcinogens\/wyzwania\/"]}]},{"@type":"ImageObject","inLanguage":"pl-PL","@id":"https:\/\/stopcarcinogensatwork.eu\/pl\/ogolne\/informacje-na-temat-roadmap-on-carcinogens\/wyzwania\/#primaryimage","url":"https:\/\/stopcarcinogensatwork.eu\/wp-content\/uploads\/2024\/08\/Pillars.png","contentUrl":"https:\/\/stopcarcinogensatwork.eu\/wp-content\/uploads\/2024\/08\/Pillars.png"},{"@type":"BreadcrumbList","@id":"https:\/\/stopcarcinogensatwork.eu\/pl\/ogolne\/informacje-na-temat-roadmap-on-carcinogens\/wyzwania\/#breadcrumb","itemListElement":[{"@type":"ListItem","position":1,"name":"Home","item":"https:\/\/stopcarcinogensatwork.eu\/pl\/stop-carcinogens-at-work\/"},{"@type":"ListItem","position":2,"name":"Og\u00f3lne","item":"https:\/\/stopcarcinogensatwork.eu\/pl\/ogolne\/"},{"@type":"ListItem","position":3,"name":"Informacje o Mapie drogowej dotycz\u0105cej substancji rakotw\u00f3rczych","item":"https:\/\/stopcarcinogensatwork.eu\/pl\/ogolne\/informacje-na-temat-roadmap-on-carcinogens\/"},{"@type":"ListItem","position":4,"name":"Wyzwania"}]},{"@type":"WebSite","@id":"https:\/\/stopcarcinogensatwork.eu\/pl\/#website","url":"https:\/\/stopcarcinogensatwork.eu\/pl\/","name":"STOP Carcinogens at work","description":"Every year, about 100.000 people die from cancer that was caused by exposure to carcinogens at work in Europe.","publisher":{"@id":"https:\/\/stopcarcinogensatwork.eu\/pl\/#organization"},"alternateName":"Roadmap on Carcinogens","potentialAction":[{"@type":"SearchAction","target":{"@type":"EntryPoint","urlTemplate":"https:\/\/stopcarcinogensatwork.eu\/pl\/?s={search_term_string}"},"query-input":{"@type":"PropertyValueSpecification","valueRequired":true,"valueName":"search_term_string"}}],"inLanguage":"pl-PL"},{"@type":"Organization","@id":"https:\/\/stopcarcinogensatwork.eu\/pl\/#organization","name":"TNO","alternateName":"This is a European wide voluntary action scheme","url":"https:\/\/stopcarcinogensatwork.eu\/pl\/","logo":{"@type":"ImageObject","inLanguage":"pl-PL","@id":"https:\/\/stopcarcinogensatwork.eu\/pl\/#\/schema\/logo\/image\/","url":"https:\/\/stopcarcinogensatwork.eu\/wp-content\/uploads\/2024\/08\/cropped-FavLarge-1.png","contentUrl":"https:\/\/stopcarcinogensatwork.eu\/wp-content\/uploads\/2024\/08\/cropped-FavLarge-1.png","width":512,"height":512,"caption":"TNO"},"image":{"@id":"https:\/\/stopcarcinogensatwork.eu\/pl\/#\/schema\/logo\/image\/"},"publishingPrinciples":"https:\/\/stopcarcinogensatwork.eu\/homepage\/legal\/","ownershipFundingInfo":"https:\/\/stopcarcinogensatwork.eu\/general\/about-us\/"}]}},"_links":{"self":[{"href":"https:\/\/stopcarcinogensatwork.eu\/pl\/wp-json\/wp\/v2\/pages\/81173","targetHints":{"allow":["GET"]}}],"collection":[{"href":"https:\/\/stopcarcinogensatwork.eu\/pl\/wp-json\/wp\/v2\/pages"}],"about":[{"href":"https:\/\/stopcarcinogensatwork.eu\/pl\/wp-json\/wp\/v2\/types\/page"}],"author":[{"embeddable":true,"href":"https:\/\/stopcarcinogensatwork.eu\/pl\/wp-json\/wp\/v2\/users\/1"}],"replies":[{"embeddable":true,"href":"https:\/\/stopcarcinogensatwork.eu\/pl\/wp-json\/wp\/v2\/comments?post=81173"}],"version-history":[{"count":0,"href":"https:\/\/stopcarcinogensatwork.eu\/pl\/wp-json\/wp\/v2\/pages\/81173\/revisions"}],"up":[{"embeddable":true,"href":"https:\/\/stopcarcinogensatwork.eu\/pl\/wp-json\/wp\/v2\/pages\/76541"}],"wp:attachment":[{"href":"https:\/\/stopcarcinogensatwork.eu\/pl\/wp-json\/wp\/v2\/media?parent=81173"}],"curies":[{"name":"wp","href":"https:\/\/api.w.org\/{rel}","templated":true}]}}