{"id":81193,"date":"2024-12-30T09:48:30","date_gmt":"2024-12-30T09:48:30","guid":{"rendered":"https:\/\/stopcarcinogensatwork.eu\/ogolne\/informacje-na-temat-roadmap-on-carcinogens\/wyzwania\/mozliwe-alternatywy-dla-chromu\/"},"modified":"2025-09-04T12:16:17","modified_gmt":"2025-09-04T12:16:17","slug":"mozliwe-alternatywy-dla-chromu","status":"publish","type":"page","link":"https:\/\/stopcarcinogensatwork.eu\/pl\/ogolne\/informacje-na-temat-roadmap-on-carcinogens\/wyzwania\/mozliwe-alternatywy-dla-chromu\/","title":{"rendered":"Mo\u017cliwe alternatywy dla chromu"},"content":{"rendered":"<ol>\n<li><a href=\"https:\/\/stopcarcinogensatwork.eu\/good-practice\/substituting-chromium-trioxide-for-plastic-substrate-etching-in-electroplating-pre-treatment\/\" target=\"_blank\" rel=\"noopener\">Zast\u0105pienie tr\u00f3jtlenku chromu trawieniem pod\u0142o\u017ca z tworzywa sztucznego w obr\u00f3bce galwanicznej<\/a><\/li>\n<li><a href=\"https:\/\/stopcarcinogensatwork.eu\/good-practice\/possible-alternatives-for-chromium-trioxide-as-a-plating-agent-for-sanitary-materials\/\" target=\"_blank\" rel=\"noopener\">Mo\u017cliwe alternatywy dla tr\u00f3jtlenku chromu jako \u015brodka do powlekania materia\u0142\u00f3w sanitarnych<\/a><\/li>\n<li><a href=\"https:\/\/stopcarcinogensatwork.eu\/good-practice\/substitution-of-sodium-dichromate-for-passivation-of-electrolytic-tinplate-etp\/\" target=\"_blank\" rel=\"noopener\">Zast\u0105pienie dichromianu sodu do pasywacji blachy cynowanej elektrolitycznie (ETP)<\/a><\/li>\n<li><a href=\"https:\/\/stopcarcinogensatwork.eu\/good-practice\/substitution-of-sodium-chromate-as-an-anticorrosion-agent-of-the-carbon-steel-in-sealed-circuit-of-gas-absorption-appliances\/\" target=\"_blank\" rel=\"noopener\">Zast\u0105pienie chromianu sodu jako \u015brodka antykorozyjnego stali w\u0119glowej w zamkni\u0119tym obiegu urz\u0105dze\u0144 absorpcyjnych gazu<\/a><\/li>\n<li><a href=\"https:\/\/stopcarcinogensatwork.eu\/good-practice\/substitution-of-chromium-vi-trioxide-for-surface-treatments-in-the-aviation-and-aerospace-industry\/\" target=\"_blank\" rel=\"noopener\">Zast\u0119powanie tr\u00f3jtlenku chromu (VI) w obr\u00f3bce powierzchni w przemy\u015ble lotniczym i kosmicznym<\/a><\/li>\n<li><a href=\"https:\/\/stopcarcinogensatwork.eu\/good-practice\/substituting-chromium-trioxide-based-functional-chrome-plating-of-dental-instruments-for-dental-treatment\/\" target=\"_blank\" rel=\"noopener\">Zast\u0105pienie funkcjonalnego chromowania narz\u0119dzi dentystycznych na bazie tr\u00f3jtlenku chromu w leczeniu stomatologicznym<\/a><\/li>\n<li><a href=\"https:\/\/stopcarcinogensatwork.eu\/good-practice\/substituting-chromium-vi-trioxide-for-electrolytic-chromium-coating-of-steel-eccs\/\" target=\"_blank\" rel=\"noopener\">Zast\u0105pienie tr\u00f3jtlenku chromu (VI) elektrolityczn\u0105 pow\u0142ok\u0105 chromow\u0105 stali (ECCS)<\/a><\/li>\n<li><a href=\"https:\/\/stopcarcinogensatwork.eu\/good-practice\/substitution-of-chromium-vi-trioxide-for-passivation-of-electrolytic-tinplate-etp\/\" target=\"_blank\" rel=\"noopener\">Zast\u0105pienie tr\u00f3jtlenku chromu (VI) do pasywacji blachy cynowej elektrolitycznej (ETP)<\/a><\/li>\n<li><a href=\"https:\/\/stopcarcinogensatwork.eu\/good-practice\/substituting-chromium-trioxide-for-plastic-substrate-etching-in-electroplating-pre-treatment\/\" target=\"_blank\" rel=\"noopener\">Zast\u0105pienie tr\u00f3jtlenku chromu trawieniem pod\u0142o\u017ca z tworzywa sztucznego w obr\u00f3bce galwanicznej<\/a><\/li>\n<li><a href=\"https:\/\/stopcarcinogensatwork.eu\/good-practice\/echa-substitutions-for-trichloroethylene\/\" target=\"_blank\" rel=\"noopener\">Zast\u0105pienie trichloroetylenu w produkcji materia\u0142\u00f3w Alcantara<\/a><\/li>\n<li><a href=\"https:\/\/stopcarcinogensatwork.eu\/good-practice\/possible-alternatives-for-chromium-trioxide-as-a-plating-agent-for-use-in-general-manufacturing\/\" target=\"_blank\" rel=\"noopener\">Mo\u017cliwe alternatywy dla tr\u00f3jtlenku chromu jako \u015brodka galwanicznego do stosowania w produkcji og\u00f3lnej<\/a><\/li>\n<li><a href=\"https:\/\/stopcarcinogensatwork.eu\/good-practice\/substituting-22-dichloro-44-methylenedianiline-moca-in-polyurethanes-manufacturing\/\" target=\"_blank\" rel=\"noopener\">Zast\u0119powanie 2,2&#8242;-dichloro-4,4&#8242;-metylenodianiliny (MOCA) w produkcji poliuretan\u00f3w<\/a><\/li>\n<li><a href=\"https:\/\/stopcarcinogensatwork.eu\/good-practice\/possible-alternatives-for-chromium-trioxide-as-a-plating-agent-for-use-in-general-manufacturing\/\" target=\"_blank\" rel=\"noopener\">Mo\u017cliwe alternatywy dla tr\u00f3jtlenku chromu jako \u015brodka galwanicznego do stosowania w produkcji og\u00f3lnej<\/a><\/li>\n<\/ol>\n","protected":false},"excerpt":{"rendered":"<p>Zast\u0105pienie tr\u00f3jtlenku chromu trawieniem pod\u0142o\u017ca z tworzywa sztucznego w obr\u00f3bce galwanicznej Mo\u017cliwe alternatywy dla tr\u00f3jtlenku chromu jako \u015brodka do powlekania materia\u0142\u00f3w sanitarnych Zast\u0105pienie dichromianu sodu do pasywacji blachy cynowanej elektrolitycznie (ETP) Zast\u0105pienie chromianu sodu jako \u015brodka antykorozyjnego stali w\u0119glowej w zamkni\u0119tym obiegu urz\u0105dze\u0144 absorpcyjnych gazu Zast\u0119powanie tr\u00f3jtlenku chromu (VI) w obr\u00f3bce powierzchni w przemy\u015ble lotniczym [&hellip;]<\/p>\n","protected":false},"author":1,"featured_media":0,"parent":81173,"menu_order":0,"comment_status":"closed","ping_status":"closed","template":"","meta":{"inline_featured_image":false,"footnotes":""},"class_list":["post-81193","page","type-page","status-publish","hentry"],"yoast_head":"<!-- This site is optimized with the Yoast SEO Premium plugin v27.0 (Yoast SEO v27.3) - https:\/\/yoast.com\/product\/yoast-seo-premium-wordpress\/ -->\n<title>Mo\u017cliwe alternatywy dla chromu - STOP carcinogens at work<\/title>\n<meta name=\"description\" content=\"Every year, more than 100.000 people die in the EU from cancer caused by carcinogens at work. This must STOP!\" \/>\n<meta name=\"robots\" content=\"index, follow, max-snippet:-1, max-image-preview:large, max-video-preview:-1\" \/>\n<link rel=\"canonical\" href=\"https:\/\/stopcarcinogensatwork.eu\/pl\/ogolne\/informacje-na-temat-roadmap-on-carcinogens\/wyzwania\/mozliwe-alternatywy-dla-chromu\/\" \/>\n<meta property=\"og:locale\" content=\"pl_PL\" \/>\n<meta property=\"og:type\" content=\"article\" \/>\n<meta property=\"og:title\" content=\"Mo\u017cliwe alternatywy dla chromu\" \/>\n<meta property=\"og:description\" content=\"Every year, more than 100.000 people die in the EU from cancer caused by carcinogens at work. This must STOP!\" \/>\n<meta property=\"og:url\" content=\"https:\/\/stopcarcinogensatwork.eu\/pl\/ogolne\/informacje-na-temat-roadmap-on-carcinogens\/wyzwania\/mozliwe-alternatywy-dla-chromu\/\" \/>\n<meta property=\"og:site_name\" content=\"STOP carcinogens at work\" \/>\n<meta property=\"article:modified_time\" content=\"2025-09-04T12:16:17+00:00\" \/>\n<meta name=\"twitter:card\" content=\"summary_large_image\" \/>\n<meta name=\"twitter:label1\" content=\"Szacowany czas czytania\" \/>\n\t<meta name=\"twitter:data1\" content=\"1 minuta\" \/>\n<script type=\"application\/ld+json\" class=\"yoast-schema-graph\">{\"@context\":\"https:\\\/\\\/schema.org\",\"@graph\":[{\"@type\":\"WebPage\",\"@id\":\"https:\\\/\\\/stopcarcinogensatwork.eu\\\/pl\\\/ogolne\\\/informacje-na-temat-roadmap-on-carcinogens\\\/wyzwania\\\/mozliwe-alternatywy-dla-chromu\\\/\",\"url\":\"https:\\\/\\\/stopcarcinogensatwork.eu\\\/pl\\\/ogolne\\\/informacje-na-temat-roadmap-on-carcinogens\\\/wyzwania\\\/mozliwe-alternatywy-dla-chromu\\\/\",\"name\":\"Mo\u017cliwe alternatywy dla chromu - STOP carcinogens at work\",\"isPartOf\":{\"@id\":\"https:\\\/\\\/stopcarcinogensatwork.eu\\\/pl\\\/#website\"},\"datePublished\":\"2024-12-30T09:48:30+00:00\",\"dateModified\":\"2025-09-04T12:16:17+00:00\",\"description\":\"Every year, more than 100.000 people die in the EU from cancer caused by carcinogens at work. This must STOP!\",\"breadcrumb\":{\"@id\":\"https:\\\/\\\/stopcarcinogensatwork.eu\\\/pl\\\/ogolne\\\/informacje-na-temat-roadmap-on-carcinogens\\\/wyzwania\\\/mozliwe-alternatywy-dla-chromu\\\/#breadcrumb\"},\"inLanguage\":\"pl-PL\",\"potentialAction\":[{\"@type\":\"ReadAction\",\"target\":[\"https:\\\/\\\/stopcarcinogensatwork.eu\\\/pl\\\/ogolne\\\/informacje-na-temat-roadmap-on-carcinogens\\\/wyzwania\\\/mozliwe-alternatywy-dla-chromu\\\/\"]}]},{\"@type\":\"BreadcrumbList\",\"@id\":\"https:\\\/\\\/stopcarcinogensatwork.eu\\\/pl\\\/ogolne\\\/informacje-na-temat-roadmap-on-carcinogens\\\/wyzwania\\\/mozliwe-alternatywy-dla-chromu\\\/#breadcrumb\",\"itemListElement\":[{\"@type\":\"ListItem\",\"position\":1,\"name\":\"Home\",\"item\":\"https:\\\/\\\/stopcarcinogensatwork.eu\\\/pl\\\/stop-carcinogens-at-work\\\/\"},{\"@type\":\"ListItem\",\"position\":2,\"name\":\"Og\u00f3lne\",\"item\":\"https:\\\/\\\/stopcarcinogensatwork.eu\\\/pl\\\/ogolne\\\/\"},{\"@type\":\"ListItem\",\"position\":3,\"name\":\"Informacje o Mapie drogowej dotycz\u0105cej substancji rakotw\u00f3rczych\",\"item\":\"https:\\\/\\\/stopcarcinogensatwork.eu\\\/pl\\\/ogolne\\\/informacje-na-temat-roadmap-on-carcinogens\\\/\"},{\"@type\":\"ListItem\",\"position\":4,\"name\":\"Wyzwania\",\"item\":\"https:\\\/\\\/stopcarcinogensatwork.eu\\\/pl\\\/general\\\/about-us\\\/challenges\\\/\"},{\"@type\":\"ListItem\",\"position\":5,\"name\":\"Mo\u017cliwe alternatywy dla chromu\"}]},{\"@type\":\"WebSite\",\"@id\":\"https:\\\/\\\/stopcarcinogensatwork.eu\\\/pl\\\/#website\",\"url\":\"https:\\\/\\\/stopcarcinogensatwork.eu\\\/pl\\\/\",\"name\":\"STOP Carcinogens at work\",\"description\":\"Every year, about 100.000 people die from cancer that was caused by exposure to carcinogens at work in Europe.\",\"publisher\":{\"@id\":\"https:\\\/\\\/stopcarcinogensatwork.eu\\\/pl\\\/#organization\"},\"alternateName\":\"Roadmap on Carcinogens\",\"potentialAction\":[{\"@type\":\"SearchAction\",\"target\":{\"@type\":\"EntryPoint\",\"urlTemplate\":\"https:\\\/\\\/stopcarcinogensatwork.eu\\\/pl\\\/?s={search_term_string}\"},\"query-input\":{\"@type\":\"PropertyValueSpecification\",\"valueRequired\":true,\"valueName\":\"search_term_string\"}}],\"inLanguage\":\"pl-PL\"},{\"@type\":\"Organization\",\"@id\":\"https:\\\/\\\/stopcarcinogensatwork.eu\\\/pl\\\/#organization\",\"name\":\"TNO\",\"alternateName\":\"This is a European wide voluntary action scheme\",\"url\":\"https:\\\/\\\/stopcarcinogensatwork.eu\\\/pl\\\/\",\"logo\":{\"@type\":\"ImageObject\",\"inLanguage\":\"pl-PL\",\"@id\":\"https:\\\/\\\/stopcarcinogensatwork.eu\\\/pl\\\/#\\\/schema\\\/logo\\\/image\\\/\",\"url\":\"https:\\\/\\\/stopcarcinogensatwork.eu\\\/wp-content\\\/uploads\\\/2024\\\/08\\\/cropped-FavLarge-1.png\",\"contentUrl\":\"https:\\\/\\\/stopcarcinogensatwork.eu\\\/wp-content\\\/uploads\\\/2024\\\/08\\\/cropped-FavLarge-1.png\",\"width\":512,\"height\":512,\"caption\":\"TNO\"},\"image\":{\"@id\":\"https:\\\/\\\/stopcarcinogensatwork.eu\\\/pl\\\/#\\\/schema\\\/logo\\\/image\\\/\"},\"publishingPrinciples\":\"https:\\\/\\\/stopcarcinogensatwork.eu\\\/homepage\\\/legal\\\/\",\"ownershipFundingInfo\":\"https:\\\/\\\/stopcarcinogensatwork.eu\\\/general\\\/about-us\\\/\"}]}<\/script>\n<!-- \/ Yoast SEO Premium plugin. -->","yoast_head_json":{"title":"Mo\u017cliwe alternatywy dla chromu - STOP carcinogens at work","description":"Every year, more than 100.000 people die in the EU from cancer caused by carcinogens at work. This must STOP!","robots":{"index":"index","follow":"follow","max-snippet":"max-snippet:-1","max-image-preview":"max-image-preview:large","max-video-preview":"max-video-preview:-1"},"canonical":"https:\/\/stopcarcinogensatwork.eu\/pl\/ogolne\/informacje-na-temat-roadmap-on-carcinogens\/wyzwania\/mozliwe-alternatywy-dla-chromu\/","og_locale":"pl_PL","og_type":"article","og_title":"Mo\u017cliwe alternatywy dla chromu","og_description":"Every year, more than 100.000 people die in the EU from cancer caused by carcinogens at work. This must STOP!","og_url":"https:\/\/stopcarcinogensatwork.eu\/pl\/ogolne\/informacje-na-temat-roadmap-on-carcinogens\/wyzwania\/mozliwe-alternatywy-dla-chromu\/","og_site_name":"STOP carcinogens at work","article_modified_time":"2025-09-04T12:16:17+00:00","twitter_card":"summary_large_image","twitter_misc":{"Szacowany czas czytania":"1 minuta"},"schema":{"@context":"https:\/\/schema.org","@graph":[{"@type":"WebPage","@id":"https:\/\/stopcarcinogensatwork.eu\/pl\/ogolne\/informacje-na-temat-roadmap-on-carcinogens\/wyzwania\/mozliwe-alternatywy-dla-chromu\/","url":"https:\/\/stopcarcinogensatwork.eu\/pl\/ogolne\/informacje-na-temat-roadmap-on-carcinogens\/wyzwania\/mozliwe-alternatywy-dla-chromu\/","name":"Mo\u017cliwe alternatywy dla chromu - STOP carcinogens at work","isPartOf":{"@id":"https:\/\/stopcarcinogensatwork.eu\/pl\/#website"},"datePublished":"2024-12-30T09:48:30+00:00","dateModified":"2025-09-04T12:16:17+00:00","description":"Every year, more than 100.000 people die in the EU from cancer caused by carcinogens at work. This must STOP!","breadcrumb":{"@id":"https:\/\/stopcarcinogensatwork.eu\/pl\/ogolne\/informacje-na-temat-roadmap-on-carcinogens\/wyzwania\/mozliwe-alternatywy-dla-chromu\/#breadcrumb"},"inLanguage":"pl-PL","potentialAction":[{"@type":"ReadAction","target":["https:\/\/stopcarcinogensatwork.eu\/pl\/ogolne\/informacje-na-temat-roadmap-on-carcinogens\/wyzwania\/mozliwe-alternatywy-dla-chromu\/"]}]},{"@type":"BreadcrumbList","@id":"https:\/\/stopcarcinogensatwork.eu\/pl\/ogolne\/informacje-na-temat-roadmap-on-carcinogens\/wyzwania\/mozliwe-alternatywy-dla-chromu\/#breadcrumb","itemListElement":[{"@type":"ListItem","position":1,"name":"Home","item":"https:\/\/stopcarcinogensatwork.eu\/pl\/stop-carcinogens-at-work\/"},{"@type":"ListItem","position":2,"name":"Og\u00f3lne","item":"https:\/\/stopcarcinogensatwork.eu\/pl\/ogolne\/"},{"@type":"ListItem","position":3,"name":"Informacje o Mapie drogowej dotycz\u0105cej substancji rakotw\u00f3rczych","item":"https:\/\/stopcarcinogensatwork.eu\/pl\/ogolne\/informacje-na-temat-roadmap-on-carcinogens\/"},{"@type":"ListItem","position":4,"name":"Wyzwania","item":"https:\/\/stopcarcinogensatwork.eu\/pl\/general\/about-us\/challenges\/"},{"@type":"ListItem","position":5,"name":"Mo\u017cliwe alternatywy dla chromu"}]},{"@type":"WebSite","@id":"https:\/\/stopcarcinogensatwork.eu\/pl\/#website","url":"https:\/\/stopcarcinogensatwork.eu\/pl\/","name":"STOP Carcinogens at work","description":"Every year, about 100.000 people die from cancer that was caused by exposure to carcinogens at work in Europe.","publisher":{"@id":"https:\/\/stopcarcinogensatwork.eu\/pl\/#organization"},"alternateName":"Roadmap on Carcinogens","potentialAction":[{"@type":"SearchAction","target":{"@type":"EntryPoint","urlTemplate":"https:\/\/stopcarcinogensatwork.eu\/pl\/?s={search_term_string}"},"query-input":{"@type":"PropertyValueSpecification","valueRequired":true,"valueName":"search_term_string"}}],"inLanguage":"pl-PL"},{"@type":"Organization","@id":"https:\/\/stopcarcinogensatwork.eu\/pl\/#organization","name":"TNO","alternateName":"This is a European wide voluntary action scheme","url":"https:\/\/stopcarcinogensatwork.eu\/pl\/","logo":{"@type":"ImageObject","inLanguage":"pl-PL","@id":"https:\/\/stopcarcinogensatwork.eu\/pl\/#\/schema\/logo\/image\/","url":"https:\/\/stopcarcinogensatwork.eu\/wp-content\/uploads\/2024\/08\/cropped-FavLarge-1.png","contentUrl":"https:\/\/stopcarcinogensatwork.eu\/wp-content\/uploads\/2024\/08\/cropped-FavLarge-1.png","width":512,"height":512,"caption":"TNO"},"image":{"@id":"https:\/\/stopcarcinogensatwork.eu\/pl\/#\/schema\/logo\/image\/"},"publishingPrinciples":"https:\/\/stopcarcinogensatwork.eu\/homepage\/legal\/","ownershipFundingInfo":"https:\/\/stopcarcinogensatwork.eu\/general\/about-us\/"}]}},"_links":{"self":[{"href":"https:\/\/stopcarcinogensatwork.eu\/pl\/wp-json\/wp\/v2\/pages\/81193","targetHints":{"allow":["GET"]}}],"collection":[{"href":"https:\/\/stopcarcinogensatwork.eu\/pl\/wp-json\/wp\/v2\/pages"}],"about":[{"href":"https:\/\/stopcarcinogensatwork.eu\/pl\/wp-json\/wp\/v2\/types\/page"}],"author":[{"embeddable":true,"href":"https:\/\/stopcarcinogensatwork.eu\/pl\/wp-json\/wp\/v2\/users\/1"}],"replies":[{"embeddable":true,"href":"https:\/\/stopcarcinogensatwork.eu\/pl\/wp-json\/wp\/v2\/comments?post=81193"}],"version-history":[{"count":0,"href":"https:\/\/stopcarcinogensatwork.eu\/pl\/wp-json\/wp\/v2\/pages\/81193\/revisions"}],"up":[{"embeddable":true,"href":"https:\/\/stopcarcinogensatwork.eu\/pl\/wp-json\/wp\/v2\/pages\/81173"}],"wp:attachment":[{"href":"https:\/\/stopcarcinogensatwork.eu\/pl\/wp-json\/wp\/v2\/media?parent=81193"}],"curies":[{"name":"wp","href":"https:\/\/api.w.org\/{rel}","templated":true}]}}