{"id":42319,"date":"2024-12-30T09:48:30","date_gmt":"2024-12-30T09:48:30","guid":{"rendered":"https:\/\/stopcarcinogensatwork.eu\/alternativas-possiveis-para-o-cromio\/"},"modified":"2024-12-30T15:33:11","modified_gmt":"2024-12-30T15:33:11","slug":"alternativas-possiveis-para-o-cromio","status":"publish","type":"page","link":"https:\/\/stopcarcinogensatwork.eu\/pt-pt\/geral\/sobre-o-roadmap-on-carcinogens\/desafios\/alternativas-possiveis-para-o-cromio\/","title":{"rendered":"Alternativas poss\u00edveis para o cr\u00f3mio"},"content":{"rendered":"<ol>\n<li><a href=\"https:\/\/stopcarcinogensatwork.eu\/pt-pt\/good-practice\/substituicao-do-trioxido-de-cromio-pelo-condicionamento-de-substratos-plasticos-no-pre-tratamento-de-galvanoplastia\/\" target=\"_blank\" rel=\"noopener\">Substitui\u00e7\u00e3o do tri\u00f3xido de cr\u00f3mio pelo condicionamento de substratos pl\u00e1sticos no pr\u00e9-tratamento de galvanoplastia<\/a><\/li>\n<li><a href=\"https:\/\/stopcarcinogensatwork.eu\/pt-pt\/good-practice\/possiveis-alternativas-ao-trioxido-de-cromio-como-agente-de-revestimento-para-materiais-sanitarios\/\" target=\"_blank\" rel=\"noopener\">Poss\u00edveis alternativas ao tri\u00f3xido de cr\u00f3mio como agente de revestimento para materiais sanit\u00e1rios<\/a><\/li>\n<li><a href=\"https:\/\/stopcarcinogensatwork.eu\/pt-pt\/good-practice\/substituicao-do-dicromato-de-sodio-na-passivacao-da-folha-de-flandres-electrolitica-etp\/\" target=\"_blank\" rel=\"noopener\">Substitui\u00e7\u00e3o do dicromato de s\u00f3dio na passiva\u00e7\u00e3o da folha de Flandres electrol\u00edtica (ETP)<\/a><\/li>\n<li><a href=\"https:\/\/stopcarcinogensatwork.eu\/pt-pt\/good-practice\/substituicao-do-cromato-de-sodio-como-agente-anticorrosivo-do-aco-carbono-em-circuitos-selados-de-aparelhos-de-absorcao-de-gas\/\" target=\"_blank\" rel=\"noopener\">Substitui\u00e7\u00e3o do cromato de s\u00f3dio como agente anticorrosivo do a\u00e7o-carbono em circuitos selados de aparelhos de absor\u00e7\u00e3o de g\u00e1s<\/a><\/li>\n<li><a href=\"https:\/\/stopcarcinogensatwork.eu\/pt-pt\/good-practice\/substituicao-do-trioxido-de-cromio-vi-em-tratamentos-de-superficie-na-industria-aeronautica-e-aeroespacial\/\" target=\"_blank\" rel=\"noopener\">Substitui\u00e7\u00e3o do tri\u00f3xido de cr\u00f3mio (VI) em tratamentos de superf\u00edcie na ind\u00fastria aeron\u00e1utica e aeroespacial<\/a><\/li>\n<li><a href=\"https:\/\/stopcarcinogensatwork.eu\/pt-pt\/good-practice\/substituicao-da-cromagem-funcional-a-base-de-trioxido-de-cromio-de-instrumentos-dentarios-para-tratamento-dentario\/\" target=\"_blank\" rel=\"noopener\">Substitui\u00e7\u00e3o da cromagem funcional \u00e0 base de tri\u00f3xido de cr\u00f3mio de instrumentos dent\u00e1rios para tratamento dent\u00e1rio<\/a><\/li>\n<li><a href=\"https:\/\/stopcarcinogensatwork.eu\/pt-pt\/good-practice\/substituicao-do-trioxido-de-cromio-vi-pelo-revestimento-eletrolitico-de-cromio-do-aco-eccs\/\" target=\"_blank\" rel=\"noopener\">Substitui\u00e7\u00e3o do tri\u00f3xido de cr\u00f3mio (VI) pelo revestimento eletrol\u00edtico de cr\u00f3mio do a\u00e7o (ECCS)<\/a><\/li>\n<li><a href=\"https:\/\/stopcarcinogensatwork.eu\/pt-pt\/good-practice\/substituicao-do-trioxido-de-cromio-vi-para-passivacao-da-folha-de-flandres-electrolitica-etp\/\" target=\"_blank\" rel=\"noopener\">Substitui\u00e7\u00e3o do tri\u00f3xido de cr\u00f3mio (VI) para passiva\u00e7\u00e3o da folha de Flandres electrol\u00edtica (ETP)<\/a><\/li>\n<li><a href=\"https:\/\/stopcarcinogensatwork.eu\/pt-pt\/good-practice\/substituicao-do-trioxido-de-cromio-pelo-condicionamento-de-substratos-plasticos-no-pre-tratamento-de-galvanoplastia\/\" target=\"_blank\" rel=\"noopener\">Substitui\u00e7\u00e3o do tri\u00f3xido de cr\u00f3mio pelo condicionamento de substratos pl\u00e1sticos no pr\u00e9-tratamento de galvanoplastia<\/a><\/li>\n<li><a href=\"https:\/\/stopcarcinogensatwork.eu\/pt-pt\/good-practice\/substituicao-do-tricloroetileno-na-producao-de-material-de-alcantara\/\" target=\"_blank\" rel=\"noopener\">Substitui\u00e7\u00e3o do tricloroetileno na produ\u00e7\u00e3o de material de Alc\u00e2ntara<\/a><\/li>\n<li><a href=\"https:\/\/stopcarcinogensatwork.eu\/pt-pt\/good-practice\/possiveis-alternativas-ao-trioxido-de-cromio-como-agente-de-revestimento-para-utilizacao-no-fabrico-geral\/\" target=\"_blank\" rel=\"noopener\">Poss\u00edveis alternativas ao tri\u00f3xido de cr\u00f3mio como agente de revestimento para utiliza\u00e7\u00e3o no fabrico geral<\/a><\/li>\n<li><a href=\"https:\/\/stopcarcinogensatwork.eu\/pt-pt\/good-practice\/substituicao-da-22-dicloro-44-metilenodianilina-moca-no-fabrico-de-poliuretanos\/\" target=\"_blank\" rel=\"noopener\">Substitui\u00e7\u00e3o da 2,2&#8242;-dicloro-4,4&#8242;-metilenodianilina (MOCA) no fabrico de poliuretanos<\/a><\/li>\n<li><a href=\"https:\/\/stopcarcinogensatwork.eu\/pt-pt\/good-practice\/possiveis-alternativas-ao-trioxido-de-cromio-como-agente-de-revestimento-para-utilizacao-no-fabrico-geral\/\" target=\"_blank\" rel=\"noopener\">Poss\u00edveis alternativas ao tri\u00f3xido de cr\u00f3mio como agente de revestimento para utiliza\u00e7\u00e3o no fabrico geral<\/a><\/li>\n<\/ol>\n","protected":false},"excerpt":{"rendered":"<p>Substitui\u00e7\u00e3o do tri\u00f3xido de cr\u00f3mio pelo condicionamento de substratos pl\u00e1sticos no pr\u00e9-tratamento de galvanoplastia Poss\u00edveis alternativas ao tri\u00f3xido de cr\u00f3mio como agente de revestimento para materiais sanit\u00e1rios Substitui\u00e7\u00e3o do dicromato de s\u00f3dio na passiva\u00e7\u00e3o da folha de Flandres electrol\u00edtica (ETP) Substitui\u00e7\u00e3o do cromato de s\u00f3dio como agente anticorrosivo do a\u00e7o-carbono em circuitos selados de aparelhos [&hellip;]<\/p>\n","protected":false},"author":1,"featured_media":0,"parent":42336,"menu_order":0,"comment_status":"closed","ping_status":"closed","template":"","meta":{"inline_featured_image":false,"footnotes":""},"class_list":["post-42319","page","type-page","status-publish","hentry"],"yoast_head":"<!-- This site is optimized with the Yoast SEO Premium plugin v27.0 (Yoast SEO v27.3) - https:\/\/yoast.com\/product\/yoast-seo-premium-wordpress\/ -->\n<title>Alternativas poss\u00edveis para o cr\u00f3mio - STOP carcinogens at work<\/title>\n<meta name=\"description\" content=\"Every year, more than 100.000 people die in the EU from cancer caused by carcinogens at work. This must STOP!\" \/>\n<meta name=\"robots\" content=\"index, follow, max-snippet:-1, max-image-preview:large, max-video-preview:-1\" \/>\n<link rel=\"canonical\" href=\"https:\/\/stopcarcinogensatwork.eu\/pt-pt\/geral\/sobre-o-roadmap-on-carcinogens\/desafios\/alternativas-possiveis-para-o-cromio\/\" \/>\n<meta property=\"og:locale\" content=\"pt_PT\" \/>\n<meta property=\"og:type\" content=\"article\" \/>\n<meta property=\"og:title\" content=\"Alternativas poss\u00edveis para o cr\u00f3mio\" \/>\n<meta property=\"og:description\" content=\"Every year, more than 100.000 people die in the EU from cancer caused by carcinogens at work. This must STOP!\" \/>\n<meta property=\"og:url\" content=\"https:\/\/stopcarcinogensatwork.eu\/pt-pt\/geral\/sobre-o-roadmap-on-carcinogens\/desafios\/alternativas-possiveis-para-o-cromio\/\" \/>\n<meta property=\"og:site_name\" content=\"STOP carcinogens at work\" \/>\n<meta property=\"article:modified_time\" content=\"2024-12-30T15:33:11+00:00\" \/>\n<meta name=\"twitter:card\" content=\"summary_large_image\" \/>\n<meta name=\"twitter:label1\" content=\"Tempo estimado de leitura\" \/>\n\t<meta name=\"twitter:data1\" content=\"1 minuto\" \/>\n<script type=\"application\/ld+json\" class=\"yoast-schema-graph\">{\"@context\":\"https:\\\/\\\/schema.org\",\"@graph\":[{\"@type\":\"WebPage\",\"@id\":\"https:\\\/\\\/stopcarcinogensatwork.eu\\\/pt-pt\\\/geral\\\/sobre-o-roadmap-on-carcinogens\\\/desafios\\\/alternativas-possiveis-para-o-cromio\\\/\",\"url\":\"https:\\\/\\\/stopcarcinogensatwork.eu\\\/pt-pt\\\/geral\\\/sobre-o-roadmap-on-carcinogens\\\/desafios\\\/alternativas-possiveis-para-o-cromio\\\/\",\"name\":\"Alternativas poss\u00edveis para o cr\u00f3mio - STOP carcinogens at work\",\"isPartOf\":{\"@id\":\"https:\\\/\\\/stopcarcinogensatwork.eu\\\/pt-pt\\\/#website\"},\"datePublished\":\"2024-12-30T09:48:30+00:00\",\"dateModified\":\"2024-12-30T15:33:11+00:00\",\"description\":\"Every year, more than 100.000 people die in the EU from cancer caused by carcinogens at work. This must STOP!\",\"breadcrumb\":{\"@id\":\"https:\\\/\\\/stopcarcinogensatwork.eu\\\/pt-pt\\\/geral\\\/sobre-o-roadmap-on-carcinogens\\\/desafios\\\/alternativas-possiveis-para-o-cromio\\\/#breadcrumb\"},\"inLanguage\":\"pt-PT\",\"potentialAction\":[{\"@type\":\"ReadAction\",\"target\":[\"https:\\\/\\\/stopcarcinogensatwork.eu\\\/pt-pt\\\/geral\\\/sobre-o-roadmap-on-carcinogens\\\/desafios\\\/alternativas-possiveis-para-o-cromio\\\/\"]}]},{\"@type\":\"BreadcrumbList\",\"@id\":\"https:\\\/\\\/stopcarcinogensatwork.eu\\\/pt-pt\\\/geral\\\/sobre-o-roadmap-on-carcinogens\\\/desafios\\\/alternativas-possiveis-para-o-cromio\\\/#breadcrumb\",\"itemListElement\":[{\"@type\":\"ListItem\",\"position\":1,\"name\":\"Home\",\"item\":\"https:\\\/\\\/stopcarcinogensatwork.eu\\\/pt-pt\\\/pagina-inicial\\\/\"},{\"@type\":\"ListItem\",\"position\":2,\"name\":\"Geral\",\"item\":\"https:\\\/\\\/stopcarcinogensatwork.eu\\\/pt-pt\\\/geral\\\/\"},{\"@type\":\"ListItem\",\"position\":3,\"name\":\"Sobre o Roteiro sobre Carcinog\u00e9neos\",\"item\":\"https:\\\/\\\/stopcarcinogensatwork.eu\\\/pt-pt\\\/geral\\\/sobre-o-roadmap-on-carcinogens\\\/\"},{\"@type\":\"ListItem\",\"position\":4,\"name\":\"Desafios\",\"item\":\"https:\\\/\\\/stopcarcinogensatwork.eu\\\/pt-pt\\\/geral\\\/sobre-o-roadmap-on-carcinogens\\\/desafios\\\/\"},{\"@type\":\"ListItem\",\"position\":5,\"name\":\"Alternativas poss\u00edveis para o cr\u00f3mio\"}]},{\"@type\":\"WebSite\",\"@id\":\"https:\\\/\\\/stopcarcinogensatwork.eu\\\/pt-pt\\\/#website\",\"url\":\"https:\\\/\\\/stopcarcinogensatwork.eu\\\/pt-pt\\\/\",\"name\":\"STOP Carcinogens at work\",\"description\":\"Every year, about 100.000 people die from cancer that was caused by exposure to carcinogens at work in Europe.\",\"publisher\":{\"@id\":\"https:\\\/\\\/stopcarcinogensatwork.eu\\\/pt-pt\\\/#organization\"},\"alternateName\":\"Roadmap on Carcinogens\",\"potentialAction\":[{\"@type\":\"SearchAction\",\"target\":{\"@type\":\"EntryPoint\",\"urlTemplate\":\"https:\\\/\\\/stopcarcinogensatwork.eu\\\/pt-pt\\\/?s={search_term_string}\"},\"query-input\":{\"@type\":\"PropertyValueSpecification\",\"valueRequired\":true,\"valueName\":\"search_term_string\"}}],\"inLanguage\":\"pt-PT\"},{\"@type\":\"Organization\",\"@id\":\"https:\\\/\\\/stopcarcinogensatwork.eu\\\/pt-pt\\\/#organization\",\"name\":\"TNO\",\"alternateName\":\"This is a European wide voluntary action scheme\",\"url\":\"https:\\\/\\\/stopcarcinogensatwork.eu\\\/pt-pt\\\/\",\"logo\":{\"@type\":\"ImageObject\",\"inLanguage\":\"pt-PT\",\"@id\":\"https:\\\/\\\/stopcarcinogensatwork.eu\\\/pt-pt\\\/#\\\/schema\\\/logo\\\/image\\\/\",\"url\":\"https:\\\/\\\/stopcarcinogensatwork.eu\\\/wp-content\\\/uploads\\\/2024\\\/08\\\/cropped-FavLarge-1.png\",\"contentUrl\":\"https:\\\/\\\/stopcarcinogensatwork.eu\\\/wp-content\\\/uploads\\\/2024\\\/08\\\/cropped-FavLarge-1.png\",\"width\":512,\"height\":512,\"caption\":\"TNO\"},\"image\":{\"@id\":\"https:\\\/\\\/stopcarcinogensatwork.eu\\\/pt-pt\\\/#\\\/schema\\\/logo\\\/image\\\/\"},\"publishingPrinciples\":\"https:\\\/\\\/stopcarcinogensatwork.eu\\\/homepage\\\/legal\\\/\",\"ownershipFundingInfo\":\"https:\\\/\\\/stopcarcinogensatwork.eu\\\/general\\\/about-us\\\/\"}]}<\/script>\n<!-- \/ Yoast SEO Premium plugin. -->","yoast_head_json":{"title":"Alternativas poss\u00edveis para o cr\u00f3mio - STOP carcinogens at work","description":"Every year, more than 100.000 people die in the EU from cancer caused by carcinogens at work. This must STOP!","robots":{"index":"index","follow":"follow","max-snippet":"max-snippet:-1","max-image-preview":"max-image-preview:large","max-video-preview":"max-video-preview:-1"},"canonical":"https:\/\/stopcarcinogensatwork.eu\/pt-pt\/geral\/sobre-o-roadmap-on-carcinogens\/desafios\/alternativas-possiveis-para-o-cromio\/","og_locale":"pt_PT","og_type":"article","og_title":"Alternativas poss\u00edveis para o cr\u00f3mio","og_description":"Every year, more than 100.000 people die in the EU from cancer caused by carcinogens at work. This must STOP!","og_url":"https:\/\/stopcarcinogensatwork.eu\/pt-pt\/geral\/sobre-o-roadmap-on-carcinogens\/desafios\/alternativas-possiveis-para-o-cromio\/","og_site_name":"STOP carcinogens at work","article_modified_time":"2024-12-30T15:33:11+00:00","twitter_card":"summary_large_image","twitter_misc":{"Tempo estimado de leitura":"1 minuto"},"schema":{"@context":"https:\/\/schema.org","@graph":[{"@type":"WebPage","@id":"https:\/\/stopcarcinogensatwork.eu\/pt-pt\/geral\/sobre-o-roadmap-on-carcinogens\/desafios\/alternativas-possiveis-para-o-cromio\/","url":"https:\/\/stopcarcinogensatwork.eu\/pt-pt\/geral\/sobre-o-roadmap-on-carcinogens\/desafios\/alternativas-possiveis-para-o-cromio\/","name":"Alternativas poss\u00edveis para o cr\u00f3mio - STOP carcinogens at work","isPartOf":{"@id":"https:\/\/stopcarcinogensatwork.eu\/pt-pt\/#website"},"datePublished":"2024-12-30T09:48:30+00:00","dateModified":"2024-12-30T15:33:11+00:00","description":"Every year, more than 100.000 people die in the EU from cancer caused by carcinogens at work. This must STOP!","breadcrumb":{"@id":"https:\/\/stopcarcinogensatwork.eu\/pt-pt\/geral\/sobre-o-roadmap-on-carcinogens\/desafios\/alternativas-possiveis-para-o-cromio\/#breadcrumb"},"inLanguage":"pt-PT","potentialAction":[{"@type":"ReadAction","target":["https:\/\/stopcarcinogensatwork.eu\/pt-pt\/geral\/sobre-o-roadmap-on-carcinogens\/desafios\/alternativas-possiveis-para-o-cromio\/"]}]},{"@type":"BreadcrumbList","@id":"https:\/\/stopcarcinogensatwork.eu\/pt-pt\/geral\/sobre-o-roadmap-on-carcinogens\/desafios\/alternativas-possiveis-para-o-cromio\/#breadcrumb","itemListElement":[{"@type":"ListItem","position":1,"name":"Home","item":"https:\/\/stopcarcinogensatwork.eu\/pt-pt\/pagina-inicial\/"},{"@type":"ListItem","position":2,"name":"Geral","item":"https:\/\/stopcarcinogensatwork.eu\/pt-pt\/geral\/"},{"@type":"ListItem","position":3,"name":"Sobre o Roteiro sobre Carcinog\u00e9neos","item":"https:\/\/stopcarcinogensatwork.eu\/pt-pt\/geral\/sobre-o-roadmap-on-carcinogens\/"},{"@type":"ListItem","position":4,"name":"Desafios","item":"https:\/\/stopcarcinogensatwork.eu\/pt-pt\/geral\/sobre-o-roadmap-on-carcinogens\/desafios\/"},{"@type":"ListItem","position":5,"name":"Alternativas poss\u00edveis para o cr\u00f3mio"}]},{"@type":"WebSite","@id":"https:\/\/stopcarcinogensatwork.eu\/pt-pt\/#website","url":"https:\/\/stopcarcinogensatwork.eu\/pt-pt\/","name":"STOP Carcinogens at work","description":"Every year, about 100.000 people die from cancer that was caused by exposure to carcinogens at work in Europe.","publisher":{"@id":"https:\/\/stopcarcinogensatwork.eu\/pt-pt\/#organization"},"alternateName":"Roadmap on Carcinogens","potentialAction":[{"@type":"SearchAction","target":{"@type":"EntryPoint","urlTemplate":"https:\/\/stopcarcinogensatwork.eu\/pt-pt\/?s={search_term_string}"},"query-input":{"@type":"PropertyValueSpecification","valueRequired":true,"valueName":"search_term_string"}}],"inLanguage":"pt-PT"},{"@type":"Organization","@id":"https:\/\/stopcarcinogensatwork.eu\/pt-pt\/#organization","name":"TNO","alternateName":"This is a European wide voluntary action scheme","url":"https:\/\/stopcarcinogensatwork.eu\/pt-pt\/","logo":{"@type":"ImageObject","inLanguage":"pt-PT","@id":"https:\/\/stopcarcinogensatwork.eu\/pt-pt\/#\/schema\/logo\/image\/","url":"https:\/\/stopcarcinogensatwork.eu\/wp-content\/uploads\/2024\/08\/cropped-FavLarge-1.png","contentUrl":"https:\/\/stopcarcinogensatwork.eu\/wp-content\/uploads\/2024\/08\/cropped-FavLarge-1.png","width":512,"height":512,"caption":"TNO"},"image":{"@id":"https:\/\/stopcarcinogensatwork.eu\/pt-pt\/#\/schema\/logo\/image\/"},"publishingPrinciples":"https:\/\/stopcarcinogensatwork.eu\/homepage\/legal\/","ownershipFundingInfo":"https:\/\/stopcarcinogensatwork.eu\/general\/about-us\/"}]}},"_links":{"self":[{"href":"https:\/\/stopcarcinogensatwork.eu\/pt-pt\/wp-json\/wp\/v2\/pages\/42319","targetHints":{"allow":["GET"]}}],"collection":[{"href":"https:\/\/stopcarcinogensatwork.eu\/pt-pt\/wp-json\/wp\/v2\/pages"}],"about":[{"href":"https:\/\/stopcarcinogensatwork.eu\/pt-pt\/wp-json\/wp\/v2\/types\/page"}],"author":[{"embeddable":true,"href":"https:\/\/stopcarcinogensatwork.eu\/pt-pt\/wp-json\/wp\/v2\/users\/1"}],"replies":[{"embeddable":true,"href":"https:\/\/stopcarcinogensatwork.eu\/pt-pt\/wp-json\/wp\/v2\/comments?post=42319"}],"version-history":[{"count":0,"href":"https:\/\/stopcarcinogensatwork.eu\/pt-pt\/wp-json\/wp\/v2\/pages\/42319\/revisions"}],"up":[{"embeddable":true,"href":"https:\/\/stopcarcinogensatwork.eu\/pt-pt\/wp-json\/wp\/v2\/pages\/42336"}],"wp:attachment":[{"href":"https:\/\/stopcarcinogensatwork.eu\/pt-pt\/wp-json\/wp\/v2\/media?parent=42319"}],"curies":[{"name":"wp","href":"https:\/\/api.w.org\/{rel}","templated":true}]}}