{"id":42334,"date":"2024-04-25T14:29:54","date_gmt":"2024-04-25T14:29:54","guid":{"rendered":"https:\/\/stopcarcinogensatwork.eu\/legal\/"},"modified":"2025-05-19T10:33:53","modified_gmt":"2025-05-19T10:33:53","slug":"legal","status":"publish","type":"page","link":"https:\/\/stopcarcinogensatwork.eu\/pt-pt\/pagina-inicial\/legal\/","title":{"rendered":"Isen\u00e7\u00e3o de responsabilidade e privacidade"},"content":{"rendered":"<h3>Cookies e privacidade<\/h3>\n<p>Baseamo-nos no nosso interesse leg\u00edtimo em compreender e melhorar o desempenho e a facilidade de utiliza\u00e7\u00e3o do s\u00edtio. Uma vez que os dados s\u00e3o totalmente an\u00f3nimos e apenas utilizados de forma agregada, n\u00e3o criamos um banner pop-up de consentimento para os cookies. Podes sempre confirmar a nossa utiliza\u00e7\u00e3o de cookies em: <a href=\"https:\/\/2gdpr.com\" target=\"_blank\" rel=\"noopener\">https:\/\/2gdpr.com.<\/a> Estes s\u00e3o os cookies que utilizamos:   <\/p>\n<h4>1. Cookies necess\u00e1rios<\/h4>\n<p>Estes cookies s\u00e3o essenciais para o funcionamento b\u00e1sico do nosso s\u00edtio. Permitem funcionalidades essenciais, como a navega\u00e7\u00e3o na p\u00e1gina, a escolha da l\u00edngua e o acesso a \u00e1reas seguras. Sem eles, o s\u00edtio n\u00e3o pode funcionar corretamente.  <\/p>\n<ul>\n<li>Nome do cookie: wp-wpml_current_language\n<ul>\n<li>Fornecedor: este s\u00edtio Web<\/li>\n<li>Finalidade: Recorda a tua escolha de l\u00edngua atual<\/li>\n<li>Dura\u00e7\u00e3o: sess\u00e3o<\/li>\n<\/ul>\n<\/li>\n<\/ul>\n<h4>2. Cookies anal\u00edticos<\/h4>\n<p>Utilizamos o Google Analytics para recolher estat\u00edsticas an\u00f3nimas e agregadas sobre a forma como os visitantes utilizam o nosso site (por exemplo: visualiza\u00e7\u00f5es de p\u00e1ginas, dura\u00e7\u00e3o da sess\u00e3o, principais p\u00e1ginas visitadas). Activ\u00e1mos a anonimiza\u00e7\u00e3o do IP para que nenhum endere\u00e7o IP completo seja registado. <\/p>\n<ul>\n<li>Nome do cookie: _ga_*\n<ul>\n<li>Fornecedor: google-analytics.com<\/li>\n<li>Objetivo: Conta as visualiza\u00e7\u00f5es de p\u00e1ginas e distingue os visitantes \u00fanicos.<\/li>\n<li>Dura\u00e7\u00e3o: 1 ano 1 m\u00eas 4 dias<\/li>\n<\/ul>\n<\/li>\n<li>Nome do cookie: _ga\n<ul>\n<li>Fornecedor: este s\u00edtio Web<\/li>\n<li>Objetivo: Calcula os dados do visitante e da sess\u00e3o para a an\u00e1lise do s\u00edtio.<\/li>\n<li>Dura\u00e7\u00e3o: 1 ano 1 m\u00eas 4 dias<\/li>\n<\/ul>\n<\/li>\n<\/ul>\n<h4><b>Como controlar ou eliminar cookies<\/b><\/h4>\n<ol>\n<li><strong>Defini\u00e7\u00f5es do browser:<\/strong> A maioria dos browsers permite-te recusar ou apagar cookies atrav\u00e9s dos menus &#8220;Prefer\u00eancias&#8221; ou &#8220;Defini\u00e7\u00f5es&#8221;.<\/li>\n<li><strong>Op\u00e7\u00e3o de exclus\u00e3o do Google Analytics: <\/strong>Tamb\u00e9m podes instalar o complemento de navegador oficial do Google para bloquear totalmente o Analytics: https:\/\/tools.google.com\/dlpage\/gaoptout<\/li>\n<\/ol>\n<p class=\"p3\">Se desactivares estes cookies, algumas partes do<strong> s\u00edtio podem n\u00e3o funcionar <\/strong>como pretendido e n\u00e3o poderemos ver como encontraste ou utilizaste o nosso conte\u00fado.<\/p>\n<h3>Isen\u00e7\u00e3o de responsabilidade<\/h3>\n<h4>As informa\u00e7\u00f5es fornecidas neste s\u00edtio Web<\/h4>\n<p>Os seis iniciadores do Roteiro sobre carcinog\u00e9neos mant\u00eam este s\u00edtio Web para melhorar o acesso do p\u00fablico \u00e0 informa\u00e7\u00e3o sobre o esquema de a\u00e7\u00e3o para prevenir e lidar com os riscos decorrentes da exposi\u00e7\u00e3o profissional a carcinog\u00e9neos. O nosso objetivo \u00e9 manter esta informa\u00e7\u00e3o actualizada e exacta. Se nos forem comunicados erros, tentaremos corrigi-los. No entanto, os promotores n\u00e3o assumem qualquer responsabilidade ou obriga\u00e7\u00e3o relativamente \u00e0s informa\u00e7\u00f5es contidas neste s\u00edtio.   <\/p>\n<p>Esta informa\u00e7\u00e3o \u00e9:<\/p>\n<ul>\n<li>\u00e9 de car\u00e1cter geral e n\u00e3o se destina a abordar as circunst\u00e2ncias espec\u00edficas de qualquer indiv\u00edduo ou entidade em particular;<\/li>\n<li>n\u00e3o \u00e9 necessariamente exaustivo, completo, exato ou atualizado;<\/li>\n<li>em parte provenientes de terceiros, pelos quais os iniciadores n\u00e3o assumem qualquer responsabilidade;<\/li>\n<li>por vezes com liga\u00e7\u00f5es a s\u00edtios externos sobre os quais os iniciadores n\u00e3o t\u00eam qualquer controlo e pelos quais n\u00e3o assumem qualquer responsabilidade;<\/li>\n<li>n\u00e3o \u00e9 aconselhamento profissional ou jur\u00eddico (se necessitares de aconselhamento espec\u00edfico, deves sempre consultar um profissional devidamente qualificado).<\/li>\n<\/ul>\n<p>O nosso objetivo \u00e9 minimizar as perturba\u00e7\u00f5es causadas por erros t\u00e9cnicos. No entanto, alguns dados ou informa\u00e7\u00f5es do nosso s\u00edtio podem ter sido criados ou estruturados em ficheiros ou formatos que n\u00e3o est\u00e3o isentos de erros e n\u00e3o podemos garantir que o nosso servi\u00e7o n\u00e3o seja interrompido ou afetado por tais problemas. Os iniciadores n\u00e3o aceitam qualquer responsabilidade no que respeita a tais problemas resultantes da utiliza\u00e7\u00e3o deste s\u00edtio ou de quaisquer s\u00edtios externos a ele ligados.  <\/p>\n<h4>Utilizamos uma ferramenta de tradu\u00e7\u00e3o alimentada por IA para o nosso s\u00edtio Web<\/h4>\n<p>Utilizamos uma ferramenta de tradu\u00e7\u00e3o alimentada por IA para o nosso s\u00edtio Web, com falantes nativos a rever e a corrigir quaisquer imprecis\u00f5es. Esta abordagem garante tanto a efici\u00eancia como a qualidade, uma vez que o sistema de IA melhora continuamente ao longo do tempo. Acreditamos que este m\u00e9todo oferece a forma mais eficaz e econ\u00f3mica de tornar o nosso s\u00edtio Web acess\u00edvel em v\u00e1rias l\u00ednguas, ajudando-nos a alcan\u00e7ar um p\u00fablico mais vasto de indiv\u00edduos e organiza\u00e7\u00f5es. Se tiver algum coment\u00e1rio ou sugest\u00e3o relativamente ao nosso processo de tradu\u00e7\u00e3o, gostar\u00edamos de o ouvir. Partilhe as suas ideias connosco por correio eletr\u00f3nico.    <\/p>\n<h3>Direitos de autor<\/h3>\n<p>Reprodu\u00e7\u00e3o autorizada mediante indica\u00e7\u00e3o da fonte, salvo indica\u00e7\u00e3o em contr\u00e1rio.<\/p>\n<p>Quando for necess\u00e1rio obter uma autoriza\u00e7\u00e3o pr\u00e9via para a reprodu\u00e7\u00e3o ou utiliza\u00e7\u00e3o de informa\u00e7\u00f5es textuais e multim\u00e9dia (som, imagens, software, etc.), essa autoriza\u00e7\u00e3o anular\u00e1 a autoriza\u00e7\u00e3o geral acima referida e indicar\u00e1 claramente as eventuais restri\u00e7\u00f5es de utiliza\u00e7\u00e3o.<\/p>\n","protected":false},"excerpt":{"rendered":"<p>Cookies e privacidade Baseamo-nos no nosso interesse leg\u00edtimo em compreender e melhorar o desempenho e a facilidade de utiliza\u00e7\u00e3o do s\u00edtio. Uma vez que os dados s\u00e3o totalmente an\u00f3nimos e apenas utilizados de forma agregada, n\u00e3o criamos um banner pop-up de consentimento para os cookies. Podes sempre confirmar a nossa utiliza\u00e7\u00e3o de cookies em: https:\/\/2gdpr.com. [&hellip;]<\/p>\n","protected":false},"author":1,"featured_media":0,"parent":42512,"menu_order":0,"comment_status":"closed","ping_status":"closed","template":"","meta":{"inline_featured_image":false,"footnotes":""},"class_list":["post-42334","page","type-page","status-publish","hentry"],"yoast_head":"<!-- This site is optimized with the Yoast SEO Premium plugin v27.4 (Yoast SEO v27.5) - https:\/\/yoast.com\/product\/yoast-seo-premium-wordpress\/ -->\n<title>Isen\u00e7\u00e3o de responsabilidade e privacidade - STOP carcinogens at work<\/title>\n<meta name=\"description\" content=\"Every year, more than 100.000 people die in the EU from cancer caused by carcinogens at work. This must STOP!\" \/>\n<meta name=\"robots\" content=\"noindex, nofollow\" \/>\n<meta property=\"og:locale\" content=\"pt_PT\" \/>\n<meta property=\"og:type\" content=\"article\" \/>\n<meta property=\"og:title\" content=\"Isen\u00e7\u00e3o de responsabilidade e privacidade\" \/>\n<meta property=\"og:description\" content=\"Every year, more than 100.000 people die in the EU from cancer caused by carcinogens at work. This must STOP!\" \/>\n<meta property=\"og:url\" content=\"https:\/\/stopcarcinogensatwork.eu\/pt-pt\/pagina-inicial\/legal\/\" \/>\n<meta property=\"og:site_name\" content=\"STOP carcinogens at work\" \/>\n<meta property=\"article:modified_time\" content=\"2025-05-19T10:33:53+00:00\" \/>\n<meta name=\"twitter:card\" content=\"summary_large_image\" \/>\n<meta name=\"twitter:label1\" content=\"Tempo estimado de leitura\" \/>\n\t<meta name=\"twitter:data1\" content=\"4 minutos\" \/>\n<script type=\"application\/ld+json\" class=\"yoast-schema-graph\">{\"@context\":\"https:\\\/\\\/schema.org\",\"@graph\":[{\"@type\":\"WebPage\",\"@id\":\"https:\\\/\\\/stopcarcinogensatwork.eu\\\/pt-pt\\\/pagina-inicial\\\/legal\\\/\",\"url\":\"https:\\\/\\\/stopcarcinogensatwork.eu\\\/pt-pt\\\/pagina-inicial\\\/legal\\\/\",\"name\":\"Isen\u00e7\u00e3o de responsabilidade e privacidade - STOP carcinogens at work\",\"isPartOf\":{\"@id\":\"https:\\\/\\\/stopcarcinogensatwork.eu\\\/pt-pt\\\/#website\"},\"datePublished\":\"2024-04-25T14:29:54+00:00\",\"dateModified\":\"2025-05-19T10:33:53+00:00\",\"description\":\"Every year, more than 100.000 people die in the EU from cancer caused by carcinogens at work. This must STOP!\",\"breadcrumb\":{\"@id\":\"https:\\\/\\\/stopcarcinogensatwork.eu\\\/pt-pt\\\/pagina-inicial\\\/legal\\\/#breadcrumb\"},\"inLanguage\":\"pt-PT\",\"potentialAction\":[{\"@type\":\"ReadAction\",\"target\":[\"https:\\\/\\\/stopcarcinogensatwork.eu\\\/pt-pt\\\/pagina-inicial\\\/legal\\\/\"]}]},{\"@type\":\"BreadcrumbList\",\"@id\":\"https:\\\/\\\/stopcarcinogensatwork.eu\\\/pt-pt\\\/pagina-inicial\\\/legal\\\/#breadcrumb\",\"itemListElement\":[{\"@type\":\"ListItem\",\"position\":1,\"name\":\"Home\",\"item\":\"https:\\\/\\\/stopcarcinogensatwork.eu\\\/pt-pt\\\/pagina-inicial\\\/\"},{\"@type\":\"ListItem\",\"position\":2,\"name\":\"STOP Carcinogens at work\",\"item\":\"https:\\\/\\\/stopcarcinogensatwork.eu\\\/pt-pt\\\/pagina-inicial\\\/\"},{\"@type\":\"ListItem\",\"position\":3,\"name\":\"Isen\u00e7\u00e3o de responsabilidade e privacidade\"}]},{\"@type\":\"WebSite\",\"@id\":\"https:\\\/\\\/stopcarcinogensatwork.eu\\\/pt-pt\\\/#website\",\"url\":\"https:\\\/\\\/stopcarcinogensatwork.eu\\\/pt-pt\\\/\",\"name\":\"STOP Carcinogens at work\",\"description\":\"Every year, about 100.000 people die from cancer that was caused by exposure to carcinogens at work in Europe.\",\"publisher\":{\"@id\":\"https:\\\/\\\/stopcarcinogensatwork.eu\\\/pt-pt\\\/#organization\"},\"alternateName\":\"Roadmap on Carcinogens\",\"potentialAction\":[{\"@type\":\"SearchAction\",\"target\":{\"@type\":\"EntryPoint\",\"urlTemplate\":\"https:\\\/\\\/stopcarcinogensatwork.eu\\\/pt-pt\\\/?s={search_term_string}\"},\"query-input\":{\"@type\":\"PropertyValueSpecification\",\"valueRequired\":true,\"valueName\":\"search_term_string\"}}],\"inLanguage\":\"pt-PT\"},{\"@type\":\"Organization\",\"@id\":\"https:\\\/\\\/stopcarcinogensatwork.eu\\\/pt-pt\\\/#organization\",\"name\":\"TNO\",\"alternateName\":\"This is a European wide voluntary action scheme\",\"url\":\"https:\\\/\\\/stopcarcinogensatwork.eu\\\/pt-pt\\\/\",\"logo\":{\"@type\":\"ImageObject\",\"inLanguage\":\"pt-PT\",\"@id\":\"https:\\\/\\\/stopcarcinogensatwork.eu\\\/pt-pt\\\/#\\\/schema\\\/logo\\\/image\\\/\",\"url\":\"https:\\\/\\\/stopcarcinogensatwork.eu\\\/wp-content\\\/uploads\\\/2024\\\/08\\\/cropped-FavLarge-1.png\",\"contentUrl\":\"https:\\\/\\\/stopcarcinogensatwork.eu\\\/wp-content\\\/uploads\\\/2024\\\/08\\\/cropped-FavLarge-1.png\",\"width\":512,\"height\":512,\"caption\":\"TNO\"},\"image\":{\"@id\":\"https:\\\/\\\/stopcarcinogensatwork.eu\\\/pt-pt\\\/#\\\/schema\\\/logo\\\/image\\\/\"},\"publishingPrinciples\":\"https:\\\/\\\/stopcarcinogensatwork.eu\\\/homepage\\\/legal\\\/\",\"ownershipFundingInfo\":\"https:\\\/\\\/stopcarcinogensatwork.eu\\\/general\\\/about-us\\\/\"}]}<\/script>\n<!-- \/ Yoast SEO Premium plugin. -->","yoast_head_json":{"title":"Isen\u00e7\u00e3o de responsabilidade e privacidade - STOP carcinogens at work","description":"Every year, more than 100.000 people die in the EU from cancer caused by carcinogens at work. This must STOP!","robots":{"index":"noindex","follow":"nofollow"},"og_locale":"pt_PT","og_type":"article","og_title":"Isen\u00e7\u00e3o de responsabilidade e privacidade","og_description":"Every year, more than 100.000 people die in the EU from cancer caused by carcinogens at work. This must STOP!","og_url":"https:\/\/stopcarcinogensatwork.eu\/pt-pt\/pagina-inicial\/legal\/","og_site_name":"STOP carcinogens at work","article_modified_time":"2025-05-19T10:33:53+00:00","twitter_card":"summary_large_image","twitter_misc":{"Tempo estimado de leitura":"4 minutos"},"schema":{"@context":"https:\/\/schema.org","@graph":[{"@type":"WebPage","@id":"https:\/\/stopcarcinogensatwork.eu\/pt-pt\/pagina-inicial\/legal\/","url":"https:\/\/stopcarcinogensatwork.eu\/pt-pt\/pagina-inicial\/legal\/","name":"Isen\u00e7\u00e3o de responsabilidade e privacidade - STOP carcinogens at work","isPartOf":{"@id":"https:\/\/stopcarcinogensatwork.eu\/pt-pt\/#website"},"datePublished":"2024-04-25T14:29:54+00:00","dateModified":"2025-05-19T10:33:53+00:00","description":"Every year, more than 100.000 people die in the EU from cancer caused by carcinogens at work. This must STOP!","breadcrumb":{"@id":"https:\/\/stopcarcinogensatwork.eu\/pt-pt\/pagina-inicial\/legal\/#breadcrumb"},"inLanguage":"pt-PT","potentialAction":[{"@type":"ReadAction","target":["https:\/\/stopcarcinogensatwork.eu\/pt-pt\/pagina-inicial\/legal\/"]}]},{"@type":"BreadcrumbList","@id":"https:\/\/stopcarcinogensatwork.eu\/pt-pt\/pagina-inicial\/legal\/#breadcrumb","itemListElement":[{"@type":"ListItem","position":1,"name":"Home","item":"https:\/\/stopcarcinogensatwork.eu\/pt-pt\/pagina-inicial\/"},{"@type":"ListItem","position":2,"name":"STOP Carcinogens at work","item":"https:\/\/stopcarcinogensatwork.eu\/pt-pt\/pagina-inicial\/"},{"@type":"ListItem","position":3,"name":"Isen\u00e7\u00e3o de responsabilidade e privacidade"}]},{"@type":"WebSite","@id":"https:\/\/stopcarcinogensatwork.eu\/pt-pt\/#website","url":"https:\/\/stopcarcinogensatwork.eu\/pt-pt\/","name":"STOP Carcinogens at work","description":"Every year, about 100.000 people die from cancer that was caused by exposure to carcinogens at work in Europe.","publisher":{"@id":"https:\/\/stopcarcinogensatwork.eu\/pt-pt\/#organization"},"alternateName":"Roadmap on Carcinogens","potentialAction":[{"@type":"SearchAction","target":{"@type":"EntryPoint","urlTemplate":"https:\/\/stopcarcinogensatwork.eu\/pt-pt\/?s={search_term_string}"},"query-input":{"@type":"PropertyValueSpecification","valueRequired":true,"valueName":"search_term_string"}}],"inLanguage":"pt-PT"},{"@type":"Organization","@id":"https:\/\/stopcarcinogensatwork.eu\/pt-pt\/#organization","name":"TNO","alternateName":"This is a European wide voluntary action scheme","url":"https:\/\/stopcarcinogensatwork.eu\/pt-pt\/","logo":{"@type":"ImageObject","inLanguage":"pt-PT","@id":"https:\/\/stopcarcinogensatwork.eu\/pt-pt\/#\/schema\/logo\/image\/","url":"https:\/\/stopcarcinogensatwork.eu\/wp-content\/uploads\/2024\/08\/cropped-FavLarge-1.png","contentUrl":"https:\/\/stopcarcinogensatwork.eu\/wp-content\/uploads\/2024\/08\/cropped-FavLarge-1.png","width":512,"height":512,"caption":"TNO"},"image":{"@id":"https:\/\/stopcarcinogensatwork.eu\/pt-pt\/#\/schema\/logo\/image\/"},"publishingPrinciples":"https:\/\/stopcarcinogensatwork.eu\/homepage\/legal\/","ownershipFundingInfo":"https:\/\/stopcarcinogensatwork.eu\/general\/about-us\/"}]}},"_links":{"self":[{"href":"https:\/\/stopcarcinogensatwork.eu\/pt-pt\/wp-json\/wp\/v2\/pages\/42334","targetHints":{"allow":["GET"]}}],"collection":[{"href":"https:\/\/stopcarcinogensatwork.eu\/pt-pt\/wp-json\/wp\/v2\/pages"}],"about":[{"href":"https:\/\/stopcarcinogensatwork.eu\/pt-pt\/wp-json\/wp\/v2\/types\/page"}],"author":[{"embeddable":true,"href":"https:\/\/stopcarcinogensatwork.eu\/pt-pt\/wp-json\/wp\/v2\/users\/1"}],"replies":[{"embeddable":true,"href":"https:\/\/stopcarcinogensatwork.eu\/pt-pt\/wp-json\/wp\/v2\/comments?post=42334"}],"version-history":[{"count":0,"href":"https:\/\/stopcarcinogensatwork.eu\/pt-pt\/wp-json\/wp\/v2\/pages\/42334\/revisions"}],"up":[{"embeddable":true,"href":"https:\/\/stopcarcinogensatwork.eu\/pt-pt\/wp-json\/wp\/v2\/pages\/42512"}],"wp:attachment":[{"href":"https:\/\/stopcarcinogensatwork.eu\/pt-pt\/wp-json\/wp\/v2\/media?parent=42334"}],"curies":[{"name":"wp","href":"https:\/\/api.w.org\/{rel}","templated":true}]}}