{"id":42336,"date":"2024-08-31T07:07:44","date_gmt":"2024-08-31T07:07:44","guid":{"rendered":"https:\/\/stopcarcinogensatwork.eu\/desafios\/"},"modified":"2025-10-21T10:26:27","modified_gmt":"2025-10-21T10:26:27","slug":"desafios","status":"publish","type":"page","link":"https:\/\/stopcarcinogensatwork.eu\/pt-pt\/geral\/sobre-o-roadmap-on-carcinogens\/desafios\/","title":{"rendered":"Desafios"},"content":{"rendered":"<p><img fetchpriority=\"high\" decoding=\"async\" class=\"alignnone wp-image-20623 size-full\" src=\"https:\/\/stopcarcinogensatwork.eu\/wp-content\/uploads\/2024\/08\/Pillars.png\" alt=\"\" width=\"1384\" height=\"736\" srcset=\"https:\/\/stopcarcinogensatwork.eu\/wp-content\/uploads\/2024\/08\/Pillars.png 1384w, https:\/\/stopcarcinogensatwork.eu\/wp-content\/uploads\/2024\/08\/Pillars-300x160.png 300w, https:\/\/stopcarcinogensatwork.eu\/wp-content\/uploads\/2024\/08\/Pillars-768x408.png 768w\" sizes=\"(max-width: 1384px) 100vw, 1384px\" \/><\/p>\n<blockquote><p>A partir de 2021, o Roadmap on Carcinogens come\u00e7ou a lan\u00e7ar doze desafios para obter um maior impacto, a fim de ajudar a evitar que os trabalhadores sejam expostos a agentes cancer\u00edgenos (<a href=\"https:\/\/stopcarcinogensatwork.eu\/wp-content\/uploads\/2024\/09\/200903_RoC2.0_Strategy.pdf\" target=\"_blank\" rel=\"noopener\">l\u00ea a estrat\u00e9gia completa aqui<\/a>).<\/p><\/blockquote>\n<p>Para o per\u00edodo 2020-2024, o Roadmap estabeleceu os quatro objectivos seguintes:<\/p>\n<ul>\n<li><strong>Pilar 1:<\/strong> Sensibilizar, atrav\u00e9s da Europa, as empresas e os trabalhadores para os riscos da exposi\u00e7\u00e3o a subst\u00e2ncias agentes cancer\u00edgenas e para a necessidade de ac\u00e7\u00f5es preventivas.<\/li>\n<li><strong>Pilar 2:<\/strong> Ajudar as empresas e os trabalhadores a prevenir a exposi\u00e7\u00e3o a agentes cancer\u00edgenos no local de trabalho e minimizar o seu efeito na for\u00e7a de trabalho.<\/li>\n<li><strong>Pilar 3:<\/strong> Envolver a ind\u00fastria e os sectores e aumentar a participa\u00e7\u00e3o das partes relevantes para multiplicar os nossos esfor\u00e7os em toda a Europa.<\/li>\n<li><strong>Pilar 4:<\/strong> Orientar a inova\u00e7\u00e3o para colmatar o fosso entre os resultados da investiga\u00e7\u00e3o e as necessidades das empresas.<\/li>\n<\/ul>\n<p>Estes pilares foram divididos em 12 desafios. A execu\u00e7\u00e3o destes desafios contribuir\u00e1 para alcan\u00e7ar estes objectivos. Cada desafio \u00e9 gerido por uma equipa de parceiros do Roteiro.  <\/p>\n<h3>Desafio 1.1 - Melhores dados<\/h3>\n<p>\u00c9 essencial dispor de dados melhores e mais pormenorizados sobre a exposi\u00e7\u00e3o a agentes cancer\u00edgenos para aumentar a sensibiliza\u00e7\u00e3o para a necessidade de a\u00e7\u00e3o e para monitorizar - especialmente a longo prazo - se conseguimos ver um decl\u00ednio na utiliza\u00e7\u00e3o de agentes cancer\u00edgenos no local de trabalho.<\/p>\n<p><strong>Resultados:<\/strong><\/p>\n<ul>\n<li><a href=\"https:\/\/stopcarcinogensatwork.eu\/wp-content\/uploads\/2024\/08\/Ch1.1_Conclusion_Report_20230125.pdf\" target=\"_blank\" rel=\"noopener\">Encontra dispon\u00edvel um relat\u00f3rio pormenorizado (pdf)<\/a>.<\/li>\n<li><a href=\"https:\/\/stopcarcinogensatwork.eu\/pt-pt\/bases-de-dados-de-medicao-da-exposicao-profissional-a-carcinogeneos\/\" target=\"_blank\" rel=\"noopener\">Encontra <strong>neste s\u00edtio Web<\/strong> uma panor\u00e2mica das bases de dados de medi\u00e7\u00e3o da exposi\u00e7\u00e3o<\/a><\/li>\n<li><a href=\"https:\/\/stopcarcinogensatwork.eu\/pt-pt\/registos-sobre-trabalhadores-expostos-a-agentes-cancerigenos\/\" target=\"_blank\" rel=\"noopener\">Encontra <strong>neste s\u00edtio Web<\/strong> um resumo dos registos sobre trabalhadores expostos a agentes cancer\u00edgenos<\/a><\/li>\n<li><a href=\"https:\/\/stopcarcinogensatwork.eu\/wp-content\/uploads\/2024\/08\/Ch1.1_joint_research_projects_v2.1.pdf\" target=\"_blank\" rel=\"noopener\">Projectos de investiga\u00e7\u00e3o conjuntos que fornecem dados sobre a exposi\u00e7\u00e3o profissional a agentes cancer\u00edgenos (pdf)<\/a><\/li>\n<\/ul>\n<h3>Desafio 1.2 - A educa\u00e7\u00e3o \u00e9 fundamental<\/h3>\n<p>De acordo com o lema &#8220;You can&#8217;t teach an old dog new tricks&#8221;, \u00e9 necess\u00e1rio come\u00e7ar com actividades de sensibiliza\u00e7\u00e3o nas escolas prim\u00e1rias e integr\u00e1-las melhor na forma\u00e7\u00e3o profissional.<\/p>\n<p><strong>Resultados:<\/strong><\/p>\n<ul>\n<li>Em breve estar\u00e1 dispon\u00edvel um conjunto de apresenta\u00e7\u00f5es educativas para professores do ensino prim\u00e1rio.<\/li>\n<li>Foi desenvolvida uma ferramenta de gamifica\u00e7\u00e3o e \u00e9 <a href=\"https:\/\/stopcarcinogensatwork.eu\/sl\/good-practice\/obvladovanje-tveganj-zaradi-rakotvornih-snovi-na-delovnem-mestu-s-pomocjo-izobrazevalne-igre\/\" target=\"_blank\" rel=\"noopener\"><strong>disponibilizada <\/strong><strong>dispon\u00edvel atrav\u00e9s deste s\u00edtio Web.<\/strong><\/a><\/li>\n<\/ul>\n<h3>Desafio 2.1 - Estrat\u00e9gias de subsitui\u00e7\u00e3o<\/h3>\n<p>A substitui\u00e7\u00e3o por alternativas mais seguras est\u00e1 no topo da hierarquia das medidas de preven\u00e7\u00e3o da exposi\u00e7\u00e3o a agentes cancer\u00edgenos no trabalho e a recolha de exemplos de substitui\u00e7\u00e3o e inova\u00e7\u00e3o ajudar\u00e1 as empresas na procura do seu plano de substitui\u00e7\u00e3o bem sucedido.<\/p>\n<ul>\n<li>Os resumos completos das alternativas dos pedidos de autoriza\u00e7\u00e3o do REACH est\u00e3o dispon\u00edveis neste s\u00edtio Web em cada facto.<\/li>\n<li><a href=\"https:\/\/stopcarcinogensatwork.eu\/pt-pt\/geral\/sobre-o-roadmap-on-carcinogens\/desafios\/alternativas-possiveis-para-o-cromio\/\" target=\"_blank\" rel=\"noopener\">Encontra aqui poss\u00edveis alternativas ao tri\u00f3xido de cr\u00f3mio como agente de revestimento para utiliza\u00e7\u00e3o no fabrico geral<\/a><\/li>\n<\/ul>\n<h3>Desafio 2.2 - Orienta\u00e7\u00e3o para a gest\u00e3o dos riscos<\/h3>\n<p>O objetivo deste desafio era fornecer orienta\u00e7\u00f5es para a gest\u00e3o de riscos e sensibilizar para as estrat\u00e9gias de redu\u00e7\u00e3o de riscos de acordo com o princ\u00edpio STOP. Al\u00e9m de criar folhetos sobre este \u00faltimo, a equipa do desafio analisou muitas fichas de orienta\u00e7\u00e3o de controlo espec\u00edficas da tarefa para recolher carater\u00edsticas gerais para um modelo. Isto apoia a cria\u00e7\u00e3o de Guias para o controlo do risco (CGS) e ajuda a comunicar os aspectos mais importantes para a gest\u00e3o do risco dos agentes cancer\u00edgenos. <a href=\"https:\/\/stopcarcinogensatwork.eu\/pt-pt\/conhecer-as-estrategias-basicas-de-prevencao\/\" target=\"_blank\" rel=\"noopener\">O conte\u00fado dos folhetos S - T - O - P est\u00e1 inclu\u00eddo no s\u00edtio Web.<\/a><br \/>\nEm breve estar\u00e3o dispon\u00edveis mais resultados do desafio:  <\/p>\n<ul>\n<li><a href=\"https:\/\/stopcarcinogensatwork.eu\/pt-pt\/conhecer-as-estrategias-basicas-de-prevencao\/\" target=\"_blank\" rel=\"noopener\">Folhetos S - T - O - P descarreg\u00e1veis<\/a>.<\/li>\n<li>Uma plataforma que as institui\u00e7\u00f5es podem utilizar para gerar<a href=\"https:\/\/stopcarcinogensatwork.eu\/pt-pt\/geral\/colaboracoes\/\" target=\"_blank\" rel=\"noopener\"> CGS com base no modelo desenvolvido pela equipa do desafio<\/a>. Os CGS resultantes para os empregadores ser\u00e3o partilhados no s\u00edtio Web. <\/li>\n<li><a href=\"https:\/\/stopcarcinogensatwork.eu\/wp-content\/uploads\/2025\/05\/Ch22_Conclusion_Report_20250521.pdf\" target=\"_blank\" rel=\"noopener\">Relat\u00f3rio Challenges 2.2<\/a><\/li>\n<\/ul>\n<h3>Desafio 2.3 - Fundos para as empresas<\/h3>\n<p>\u00c9 sabido que diferentes organiza\u00e7\u00f5es, como os Estados-Membros, as organiza\u00e7\u00f5es industriais ou sectoriais, a seguran\u00e7a social nacional, as iniciativas de seguros e outras, j\u00e1 disp\u00f5em de fundos ou de medidas fiscais espec\u00edficas que incentivam as empresas a investir na seguran\u00e7a e sa\u00fade no trabalho.<\/p>\n<ul>\n<li><a href=\"https:\/\/stopcarcinogensatwork.eu\/wp-content\/uploads\/2025\/05\/Final-report-RoC-Ch2.3andCh3.1-BusinessEurope.pdf\">Relata os desafios 2.3 e 3.1<\/a><\/li>\n<\/ul>\n<h3>Desafio 3.1 - Envolver as ind\u00fastrias e os sectores<\/h3>\n<p>Quanto mais organiza\u00e7\u00f5es interprofissionais e sectoriais puderem ser mobilizadas para aderir ao Roadmap on Carcinogens, mais as empresas beneficiar\u00e3o das solu\u00e7\u00f5es identificadas e explicadas.<\/p>\n<ul>\n<li><a href=\"https:\/\/stopcarcinogensatwork.eu\/wp-content\/uploads\/2025\/05\/Final-report-RoC-Ch2.3andCh3.1-BusinessEurope.pdf\">Relata os desafios 2.3 e 3.1<\/a><\/li>\n<\/ul>\n<h3>Desafio 3.2 - Envolver as organiza\u00e7\u00f5es de preven\u00e7\u00e3o profissional<\/h3>\n<p>O envolvimento das partes interessadas, como as organiza\u00e7\u00f5es de preven\u00e7\u00e3o profissional, \u00e9 outro elemento que contribui para apoiar as empresas, fornecendo ferramentas para auto-avaliar a sua conformidade com as disposi\u00e7\u00f5es legais e introduzir medidas adequadas de gest\u00e3o dos riscos.<\/p>\n<ul>\n<li><a href=\"https:\/\/stopcarcinogensatwork.eu\/wp-content\/uploads\/2025\/05\/PDF250528_Ch3.2_Conclusion_Report.pdf\" target=\"_blank\" rel=\"noopener\">Encontra um relat\u00f3rio de s\u00edntese sobre o projeto aqui<\/a><\/li>\n<li><a href=\"https:\/\/stopcarcinogensatwork.eu\/pt-pt\/pesquisa-profissoes\/\" target=\"_blank\" rel=\"noopener\"><strong>Esta \u00e9 uma integra\u00e7\u00e3o importante no s\u00edtio Web.<\/strong>  Verifica aqui a ocorr\u00eancia de um agente cancer\u00edgeno na tua profiss\u00e3o<\/a><\/li>\n<\/ul>\n<h3>Desafio 3.3 - Coopera\u00e7\u00e3o com os servi\u00e7os de inspe\u00e7\u00e3o<\/h3>\n<p>O controlo do cumprimento \u00e9 um instrumento importante para garantir a conformidade. Como \u00e9 que os organismos de controlo e o Roteiro podem colaborar entre si? <\/p>\n<ul>\n<li><a href=\"https:\/\/stopcarcinogensatwork.eu\/pt-pt\/geral\/colaboracoes\/\" target=\"_blank\" rel=\"noopener\">Integrado neste s\u00edtio Web<\/a><\/li>\n<\/ul>\n<h3>Desafio 3.4 - Capacita os trabalhadores<\/h3>\n<p>Os trabalhadores t\u00eam de estar conscientes dos seus direitos e obriga\u00e7\u00f5es, a fim de contribu\u00edrem para a avalia\u00e7\u00e3o de riscos efectuada pela entidade patronal e aplicarem as medidas de preven\u00e7\u00e3o adequadas para eliminar ou reduzir a exposi\u00e7\u00e3o a agentes cancer\u00edgenos.<\/p>\n<ul>\n<li>A anunciar<\/li>\n<\/ul>\n<h3>Desafio 4.1 - Colmatar o fosso<\/h3>\n<p>A inova\u00e7\u00e3o orientada para satisfazer as necessidades reais do local de trabalho \u00e9 essencial para evitar a exposi\u00e7\u00e3o a agentes cancer\u00edgenos durante todo o ciclo de vida das subst\u00e2ncias ou materiais - este conhecimento deve ser do conhecimento geral.<\/p>\n<p>- <a href=\"https:\/\/stopcarcinogensatwork.eu\/wp-content\/uploads\/2024\/08\/Ch4.1_Preparatory_Report_211216-NEW.pdf\" target=\"_blank\" rel=\"noopener\">Est\u00e1 dispon\u00edvel um relat\u00f3rio pormenorizado, incluindo um conjunto de OnePagers que resumem a potencial liga\u00e7\u00e3o \u00e0 comunidade de investiga\u00e7\u00e3o<\/a><\/p>\n<h3>Desafio 4.2 - Agentes cancer\u00edgenos gerados por processos<\/h3>\n<p>Os agentes cancer\u00edgenos gerados por processos ocorrem como subproduto de um processo de trabalho. Estes carcinog\u00e9neos requerem uma aten\u00e7\u00e3o acrescida porque n\u00e3o t\u00eam r\u00f3tulos e podem n\u00e3o ser referidos nas fichas de dados de seguran\u00e7a. <\/p>\n<ul>\n<li><a href=\"https:\/\/stopcarcinogensatwork.eu\/wp-content\/uploads\/2024\/08\/Silica-Dust-in-Construction.pdf\" target=\"_blank\" rel=\"noopener\">Est\u00e1 dispon\u00edvel um relat\u00f3rio pormenorizado sobre a campanha de inspe\u00e7\u00e3o austr\u00edaca relativa \u00e0s poeiras de s\u00edlica<\/a><\/li>\n<li><a href=\"https:\/\/stopcarcinogensatwork.eu\/wp-content\/uploads\/2024\/08\/Mineral-Dusts-in-Mining.pdf\" target=\"_blank\" rel=\"noopener\">Est\u00e1 dispon\u00edvel um relat\u00f3rio sobre poeiras minerais nas minas<\/a><\/li>\n<li><a href=\"https:\/\/stopcarcinogensatwork.eu\/wp-content\/uploads\/2024\/09\/TNO2023_R10498_RoC_Challenge_4.2-1.pdf\" target=\"_blank\" rel=\"noopener\">Est\u00e1 dispon\u00edvel um relat\u00f3rio sobre as subst\u00e2ncias geradas pelo processo<\/a><\/li>\n<li>As fichas de informa\u00e7\u00e3o sobre <a href=\"https:\/\/stopcarcinogensatwork.eu\/sl\/fact\/abrazija-proces\/\" target=\"_blank\" rel=\"noopener\">abras\u00e3o<\/a> e <a href=\"https:\/\/stopcarcinogensatwork.eu\/sl\/fact\/zgorevanje-proces\/\" target=\"_blank\" rel=\"noopener\">combust\u00e3o<\/a> est\u00e3o dispon\u00edveis neste s\u00edtio Web<\/li>\n<\/ul>\n<h3>Desafio 4.3 - Procedimentos de trabalho seguros<\/h3>\n<p>Os &#8220;procedimentos de trabalho seguros&#8221; podem surgir como alternativas aceites para grupos de empresas que realizam a mesma atividade, em vez de se efectuarem medi\u00e7\u00f5es e compara\u00e7\u00f5es com valores-limite para cada empresa, para cada atividade, para cada subst\u00e2ncia.<\/p>\n<ul>\n<li><a href=\"https:\/\/stopcarcinogensatwork.eu\/wp-content\/uploads\/2024\/08\/TNO2023-R10499_RoC-Ch4.3_TNO-Report-general-challenge-report_getekend.pdf\" target=\"_blank\" rel=\"noopener\">Encontra um relat\u00f3rio pormenorizado aqui<\/a><\/li>\n<\/ul>\n<h3>O relat\u00f3rio final do ROC2.0<\/h3>\n<p>Publicamos agora um resumo de todas as actividades e realiza\u00e7\u00f5es do segundo Roadmap on Carcinogens (RoC2.0)<a href=\"https:\/\/stopcarcinogensatwork.eu\/wp-content\/uploads\/2025\/10\/250922_RoC2.0_wrap_up_FINAL.pdf\">  neste relat\u00f3rio.<\/a><\/p>\n","protected":false},"excerpt":{"rendered":"<p>A partir de 2021, o Roadmap on Carcinogens come\u00e7ou a lan\u00e7ar doze desafios para obter um maior impacto, a fim de ajudar a evitar que os trabalhadores sejam expostos a agentes cancer\u00edgenos (l\u00ea a estrat\u00e9gia completa aqui). Para o per\u00edodo 2020-2024, o Roadmap estabeleceu os quatro objectivos seguintes: Pilar 1: Sensibilizar, atrav\u00e9s da Europa, as [&hellip;]<\/p>\n","protected":false},"author":1,"featured_media":0,"parent":55411,"menu_order":0,"comment_status":"closed","ping_status":"closed","template":"","meta":{"inline_featured_image":false,"footnotes":""},"class_list":["post-42336","page","type-page","status-publish","hentry"],"yoast_head":"<!-- This site is optimized with the Yoast SEO Premium plugin v27.0 (Yoast SEO v27.3) - https:\/\/yoast.com\/product\/yoast-seo-premium-wordpress\/ -->\n<title>Desafios - STOP carcinogens at work<\/title>\n<meta name=\"description\" content=\"Every year, more than 100.000 people die in the EU from cancer caused by carcinogens at work. This must STOP!\" \/>\n<meta name=\"robots\" content=\"index, follow, max-snippet:-1, max-image-preview:large, max-video-preview:-1\" \/>\n<link rel=\"canonical\" href=\"https:\/\/stopcarcinogensatwork.eu\/pt-pt\/geral\/sobre-o-roadmap-on-carcinogens\/desafios\/\" \/>\n<meta property=\"og:locale\" content=\"pt_PT\" \/>\n<meta property=\"og:type\" content=\"article\" \/>\n<meta property=\"og:title\" content=\"Desafios\" \/>\n<meta property=\"og:description\" content=\"Every year, more than 100.000 people die in the EU from cancer caused by carcinogens at work. This must STOP!\" \/>\n<meta property=\"og:url\" content=\"https:\/\/stopcarcinogensatwork.eu\/pt-pt\/geral\/sobre-o-roadmap-on-carcinogens\/desafios\/\" \/>\n<meta property=\"og:site_name\" content=\"STOP carcinogens at work\" \/>\n<meta property=\"article:modified_time\" content=\"2025-10-21T10:26:27+00:00\" \/>\n<meta property=\"og:image\" content=\"https:\/\/stopcarcinogensatwork.eu\/wp-content\/uploads\/2024\/08\/Pillars.png\" \/>\n<meta name=\"twitter:card\" content=\"summary_large_image\" \/>\n<meta name=\"twitter:label1\" content=\"Tempo estimado de leitura\" \/>\n\t<meta name=\"twitter:data1\" content=\"6 minutos\" \/>\n<script type=\"application\/ld+json\" class=\"yoast-schema-graph\">{\"@context\":\"https:\\\/\\\/schema.org\",\"@graph\":[{\"@type\":\"WebPage\",\"@id\":\"https:\\\/\\\/stopcarcinogensatwork.eu\\\/pt-pt\\\/geral\\\/sobre-o-roadmap-on-carcinogens\\\/desafios\\\/\",\"url\":\"https:\\\/\\\/stopcarcinogensatwork.eu\\\/pt-pt\\\/geral\\\/sobre-o-roadmap-on-carcinogens\\\/desafios\\\/\",\"name\":\"Desafios - STOP carcinogens at work\",\"isPartOf\":{\"@id\":\"https:\\\/\\\/stopcarcinogensatwork.eu\\\/pt-pt\\\/#website\"},\"primaryImageOfPage\":{\"@id\":\"https:\\\/\\\/stopcarcinogensatwork.eu\\\/pt-pt\\\/geral\\\/sobre-o-roadmap-on-carcinogens\\\/desafios\\\/#primaryimage\"},\"image\":{\"@id\":\"https:\\\/\\\/stopcarcinogensatwork.eu\\\/pt-pt\\\/geral\\\/sobre-o-roadmap-on-carcinogens\\\/desafios\\\/#primaryimage\"},\"thumbnailUrl\":\"https:\\\/\\\/stopcarcinogensatwork.eu\\\/wp-content\\\/uploads\\\/2024\\\/08\\\/Pillars.png\",\"datePublished\":\"2024-08-31T07:07:44+00:00\",\"dateModified\":\"2025-10-21T10:26:27+00:00\",\"description\":\"Every year, more than 100.000 people die in the EU from cancer caused by carcinogens at work. This must STOP!\",\"breadcrumb\":{\"@id\":\"https:\\\/\\\/stopcarcinogensatwork.eu\\\/pt-pt\\\/geral\\\/sobre-o-roadmap-on-carcinogens\\\/desafios\\\/#breadcrumb\"},\"inLanguage\":\"pt-PT\",\"potentialAction\":[{\"@type\":\"ReadAction\",\"target\":[\"https:\\\/\\\/stopcarcinogensatwork.eu\\\/pt-pt\\\/geral\\\/sobre-o-roadmap-on-carcinogens\\\/desafios\\\/\"]}]},{\"@type\":\"ImageObject\",\"inLanguage\":\"pt-PT\",\"@id\":\"https:\\\/\\\/stopcarcinogensatwork.eu\\\/pt-pt\\\/geral\\\/sobre-o-roadmap-on-carcinogens\\\/desafios\\\/#primaryimage\",\"url\":\"https:\\\/\\\/stopcarcinogensatwork.eu\\\/wp-content\\\/uploads\\\/2024\\\/08\\\/Pillars.png\",\"contentUrl\":\"https:\\\/\\\/stopcarcinogensatwork.eu\\\/wp-content\\\/uploads\\\/2024\\\/08\\\/Pillars.png\"},{\"@type\":\"BreadcrumbList\",\"@id\":\"https:\\\/\\\/stopcarcinogensatwork.eu\\\/pt-pt\\\/geral\\\/sobre-o-roadmap-on-carcinogens\\\/desafios\\\/#breadcrumb\",\"itemListElement\":[{\"@type\":\"ListItem\",\"position\":1,\"name\":\"Home\",\"item\":\"https:\\\/\\\/stopcarcinogensatwork.eu\\\/pt-pt\\\/pagina-inicial\\\/\"},{\"@type\":\"ListItem\",\"position\":2,\"name\":\"Geral\",\"item\":\"https:\\\/\\\/stopcarcinogensatwork.eu\\\/pt-pt\\\/geral\\\/\"},{\"@type\":\"ListItem\",\"position\":3,\"name\":\"Sobre o Roteiro sobre Carcinog\u00e9neos\",\"item\":\"https:\\\/\\\/stopcarcinogensatwork.eu\\\/pt-pt\\\/geral\\\/sobre-o-roadmap-on-carcinogens\\\/\"},{\"@type\":\"ListItem\",\"position\":4,\"name\":\"Desafios\"}]},{\"@type\":\"WebSite\",\"@id\":\"https:\\\/\\\/stopcarcinogensatwork.eu\\\/pt-pt\\\/#website\",\"url\":\"https:\\\/\\\/stopcarcinogensatwork.eu\\\/pt-pt\\\/\",\"name\":\"STOP Carcinogens at work\",\"description\":\"Every year, about 100.000 people die from cancer that was caused by exposure to carcinogens at work in Europe.\",\"publisher\":{\"@id\":\"https:\\\/\\\/stopcarcinogensatwork.eu\\\/pt-pt\\\/#organization\"},\"alternateName\":\"Roadmap on Carcinogens\",\"potentialAction\":[{\"@type\":\"SearchAction\",\"target\":{\"@type\":\"EntryPoint\",\"urlTemplate\":\"https:\\\/\\\/stopcarcinogensatwork.eu\\\/pt-pt\\\/?s={search_term_string}\"},\"query-input\":{\"@type\":\"PropertyValueSpecification\",\"valueRequired\":true,\"valueName\":\"search_term_string\"}}],\"inLanguage\":\"pt-PT\"},{\"@type\":\"Organization\",\"@id\":\"https:\\\/\\\/stopcarcinogensatwork.eu\\\/pt-pt\\\/#organization\",\"name\":\"TNO\",\"alternateName\":\"This is a European wide voluntary action scheme\",\"url\":\"https:\\\/\\\/stopcarcinogensatwork.eu\\\/pt-pt\\\/\",\"logo\":{\"@type\":\"ImageObject\",\"inLanguage\":\"pt-PT\",\"@id\":\"https:\\\/\\\/stopcarcinogensatwork.eu\\\/pt-pt\\\/#\\\/schema\\\/logo\\\/image\\\/\",\"url\":\"https:\\\/\\\/stopcarcinogensatwork.eu\\\/wp-content\\\/uploads\\\/2024\\\/08\\\/cropped-FavLarge-1.png\",\"contentUrl\":\"https:\\\/\\\/stopcarcinogensatwork.eu\\\/wp-content\\\/uploads\\\/2024\\\/08\\\/cropped-FavLarge-1.png\",\"width\":512,\"height\":512,\"caption\":\"TNO\"},\"image\":{\"@id\":\"https:\\\/\\\/stopcarcinogensatwork.eu\\\/pt-pt\\\/#\\\/schema\\\/logo\\\/image\\\/\"},\"publishingPrinciples\":\"https:\\\/\\\/stopcarcinogensatwork.eu\\\/homepage\\\/legal\\\/\",\"ownershipFundingInfo\":\"https:\\\/\\\/stopcarcinogensatwork.eu\\\/general\\\/about-us\\\/\"}]}<\/script>\n<!-- \/ Yoast SEO Premium plugin. -->","yoast_head_json":{"title":"Desafios - STOP carcinogens at work","description":"Every year, more than 100.000 people die in the EU from cancer caused by carcinogens at work. This must STOP!","robots":{"index":"index","follow":"follow","max-snippet":"max-snippet:-1","max-image-preview":"max-image-preview:large","max-video-preview":"max-video-preview:-1"},"canonical":"https:\/\/stopcarcinogensatwork.eu\/pt-pt\/geral\/sobre-o-roadmap-on-carcinogens\/desafios\/","og_locale":"pt_PT","og_type":"article","og_title":"Desafios","og_description":"Every year, more than 100.000 people die in the EU from cancer caused by carcinogens at work. This must STOP!","og_url":"https:\/\/stopcarcinogensatwork.eu\/pt-pt\/geral\/sobre-o-roadmap-on-carcinogens\/desafios\/","og_site_name":"STOP carcinogens at work","article_modified_time":"2025-10-21T10:26:27+00:00","og_image":[{"url":"https:\/\/stopcarcinogensatwork.eu\/wp-content\/uploads\/2024\/08\/Pillars.png","type":"","width":"","height":""}],"twitter_card":"summary_large_image","twitter_misc":{"Tempo estimado de leitura":"6 minutos"},"schema":{"@context":"https:\/\/schema.org","@graph":[{"@type":"WebPage","@id":"https:\/\/stopcarcinogensatwork.eu\/pt-pt\/geral\/sobre-o-roadmap-on-carcinogens\/desafios\/","url":"https:\/\/stopcarcinogensatwork.eu\/pt-pt\/geral\/sobre-o-roadmap-on-carcinogens\/desafios\/","name":"Desafios - STOP carcinogens at work","isPartOf":{"@id":"https:\/\/stopcarcinogensatwork.eu\/pt-pt\/#website"},"primaryImageOfPage":{"@id":"https:\/\/stopcarcinogensatwork.eu\/pt-pt\/geral\/sobre-o-roadmap-on-carcinogens\/desafios\/#primaryimage"},"image":{"@id":"https:\/\/stopcarcinogensatwork.eu\/pt-pt\/geral\/sobre-o-roadmap-on-carcinogens\/desafios\/#primaryimage"},"thumbnailUrl":"https:\/\/stopcarcinogensatwork.eu\/wp-content\/uploads\/2024\/08\/Pillars.png","datePublished":"2024-08-31T07:07:44+00:00","dateModified":"2025-10-21T10:26:27+00:00","description":"Every year, more than 100.000 people die in the EU from cancer caused by carcinogens at work. This must STOP!","breadcrumb":{"@id":"https:\/\/stopcarcinogensatwork.eu\/pt-pt\/geral\/sobre-o-roadmap-on-carcinogens\/desafios\/#breadcrumb"},"inLanguage":"pt-PT","potentialAction":[{"@type":"ReadAction","target":["https:\/\/stopcarcinogensatwork.eu\/pt-pt\/geral\/sobre-o-roadmap-on-carcinogens\/desafios\/"]}]},{"@type":"ImageObject","inLanguage":"pt-PT","@id":"https:\/\/stopcarcinogensatwork.eu\/pt-pt\/geral\/sobre-o-roadmap-on-carcinogens\/desafios\/#primaryimage","url":"https:\/\/stopcarcinogensatwork.eu\/wp-content\/uploads\/2024\/08\/Pillars.png","contentUrl":"https:\/\/stopcarcinogensatwork.eu\/wp-content\/uploads\/2024\/08\/Pillars.png"},{"@type":"BreadcrumbList","@id":"https:\/\/stopcarcinogensatwork.eu\/pt-pt\/geral\/sobre-o-roadmap-on-carcinogens\/desafios\/#breadcrumb","itemListElement":[{"@type":"ListItem","position":1,"name":"Home","item":"https:\/\/stopcarcinogensatwork.eu\/pt-pt\/pagina-inicial\/"},{"@type":"ListItem","position":2,"name":"Geral","item":"https:\/\/stopcarcinogensatwork.eu\/pt-pt\/geral\/"},{"@type":"ListItem","position":3,"name":"Sobre o Roteiro sobre Carcinog\u00e9neos","item":"https:\/\/stopcarcinogensatwork.eu\/pt-pt\/geral\/sobre-o-roadmap-on-carcinogens\/"},{"@type":"ListItem","position":4,"name":"Desafios"}]},{"@type":"WebSite","@id":"https:\/\/stopcarcinogensatwork.eu\/pt-pt\/#website","url":"https:\/\/stopcarcinogensatwork.eu\/pt-pt\/","name":"STOP Carcinogens at work","description":"Every year, about 100.000 people die from cancer that was caused by exposure to carcinogens at work in Europe.","publisher":{"@id":"https:\/\/stopcarcinogensatwork.eu\/pt-pt\/#organization"},"alternateName":"Roadmap on Carcinogens","potentialAction":[{"@type":"SearchAction","target":{"@type":"EntryPoint","urlTemplate":"https:\/\/stopcarcinogensatwork.eu\/pt-pt\/?s={search_term_string}"},"query-input":{"@type":"PropertyValueSpecification","valueRequired":true,"valueName":"search_term_string"}}],"inLanguage":"pt-PT"},{"@type":"Organization","@id":"https:\/\/stopcarcinogensatwork.eu\/pt-pt\/#organization","name":"TNO","alternateName":"This is a European wide voluntary action scheme","url":"https:\/\/stopcarcinogensatwork.eu\/pt-pt\/","logo":{"@type":"ImageObject","inLanguage":"pt-PT","@id":"https:\/\/stopcarcinogensatwork.eu\/pt-pt\/#\/schema\/logo\/image\/","url":"https:\/\/stopcarcinogensatwork.eu\/wp-content\/uploads\/2024\/08\/cropped-FavLarge-1.png","contentUrl":"https:\/\/stopcarcinogensatwork.eu\/wp-content\/uploads\/2024\/08\/cropped-FavLarge-1.png","width":512,"height":512,"caption":"TNO"},"image":{"@id":"https:\/\/stopcarcinogensatwork.eu\/pt-pt\/#\/schema\/logo\/image\/"},"publishingPrinciples":"https:\/\/stopcarcinogensatwork.eu\/homepage\/legal\/","ownershipFundingInfo":"https:\/\/stopcarcinogensatwork.eu\/general\/about-us\/"}]}},"_links":{"self":[{"href":"https:\/\/stopcarcinogensatwork.eu\/pt-pt\/wp-json\/wp\/v2\/pages\/42336","targetHints":{"allow":["GET"]}}],"collection":[{"href":"https:\/\/stopcarcinogensatwork.eu\/pt-pt\/wp-json\/wp\/v2\/pages"}],"about":[{"href":"https:\/\/stopcarcinogensatwork.eu\/pt-pt\/wp-json\/wp\/v2\/types\/page"}],"author":[{"embeddable":true,"href":"https:\/\/stopcarcinogensatwork.eu\/pt-pt\/wp-json\/wp\/v2\/users\/1"}],"replies":[{"embeddable":true,"href":"https:\/\/stopcarcinogensatwork.eu\/pt-pt\/wp-json\/wp\/v2\/comments?post=42336"}],"version-history":[{"count":0,"href":"https:\/\/stopcarcinogensatwork.eu\/pt-pt\/wp-json\/wp\/v2\/pages\/42336\/revisions"}],"up":[{"embeddable":true,"href":"https:\/\/stopcarcinogensatwork.eu\/pt-pt\/wp-json\/wp\/v2\/pages\/55411"}],"wp:attachment":[{"href":"https:\/\/stopcarcinogensatwork.eu\/pt-pt\/wp-json\/wp\/v2\/media?parent=42336"}],"curies":[{"name":"wp","href":"https:\/\/api.w.org\/{rel}","templated":true}]}}