{"id":42346,"date":"2024-04-12T09:14:49","date_gmt":"2024-04-12T09:14:49","guid":{"rendered":"https:\/\/stopcarcinogensatwork.eu\/direitos-e-deveres\/"},"modified":"2025-05-19T10:33:53","modified_gmt":"2025-05-19T10:33:53","slug":"direitos-e-deveres","status":"publish","type":"page","link":"https:\/\/stopcarcinogensatwork.eu\/pt-pt\/pagina-inicial\/direitos-e-deveres\/","title":{"rendered":"Direitos e deveres"},"content":{"rendered":"<blockquote><p>Quando se trabalha com subst\u00e2ncias cancer\u00edgenas, tanto os empregadores como os trabalhadores t\u00eam direitos e deveres. O teu bem-estar \u00e9 garantido por determinados deveres da tua entidade patronal, estabelecidos na Diretiva relativa aos agentes cancer\u00edgenos, mutag\u00e9nicos e t\u00f3xicos para a reprodu\u00e7\u00e3o (CMRD). No entanto, tamb\u00e9m \u00e9 importante que ajas de acordo com as instru\u00e7\u00f5es do local de trabalho.  <\/p><\/blockquote>\n<p><a href=\"https:\/\/osha.europa.eu\/nl\/legislation\/directive\/directive-200437ec-carcinogens-or-mutagens-work\">L\u00ea mais sobre o CMRD aqui  <\/a><\/p>\n<h2>Direitos e deveres dos trabalhadores<\/h2>\n<blockquote><p>Todos os empregadores devem efetuar uma avalia\u00e7\u00e3o dos riscos. Nesta avalia\u00e7\u00e3o de riscos, s\u00e3o identificados todos os riscos potenciais para a sa\u00fade e devem ser adoptadas medidas para os evitar. Isto inclui subst\u00e2ncias perigosas, mas tamb\u00e9m riscos mentais e riscos f\u00edsicos, entre outros.  <\/p><\/blockquote>\n<h3>Instru\u00e7\u00f5es e forma\u00e7\u00e3o<\/h3>\n<p>Tens de receber instru\u00e7\u00f5es e forma\u00e7\u00e3o antes de iniciares uma tarefa. Os trabalhadores devem participar nestas ac\u00e7\u00f5es de forma\u00e7\u00e3o e seguir as instru\u00e7\u00f5es. A repeti\u00e7\u00e3o da forma\u00e7\u00e3o e a adapta\u00e7\u00e3o das instru\u00e7\u00f5es operacionais ajudam-te a estar atento aos riscos das tarefas.  <\/p>\n<h3>Vigil\u00e2ncia m\u00e9dica e documenta\u00e7\u00e3o<\/h3>\n<p>Se trabalhares com um agente cancer\u00edgeno, a tua entidade patronal deve oferecer-te vigil\u00e2ncia m\u00e9dica. Esta serve para te informar sobre os potenciais riscos para a sa\u00fade relacionados com a tua tarefa. Consoante o tipo de trabalho e os riscos de exposi\u00e7\u00e3o, a vigil\u00e2ncia m\u00e9dica pode consistir em controlos baseados num inqu\u00e9rito ou em exames m\u00e9dicos regulares.   Se alguma vez tiveres problemas de sa\u00fade que possam estar relacionados com o trabalho, mesmo depois de mudares de empresa ou de te reformares, o dever de documenta\u00e7\u00e3o para tarefas que envolvam agentes cancer\u00edgenos garantir\u00e1 que recebes o reconhecimento de uma doen\u00e7a profissional.<\/p>\n<h3>Coopera\u00e7\u00e3o<\/h3>\n<p>Tem em aten\u00e7\u00e3o que a coopera\u00e7\u00e3o com a tua entidade patronal \u00e9 tamb\u00e9m um dever teu. Os protocolos de higiene no local de trabalho e pessoal (por exemplo, n\u00e3o levar roupa de trabalho para casa) s\u00e3o um fator-chave para garantir a tua sa\u00fade e a da tua fam\u00edlia e devem ser seguidos em qualquer altura. <\/p>\n<p><a href=\"https:\/\/stopcarcinogensatwork.eu\/pt-pt\/conhecer-as-estrategias-basicas-de-prevencao\/\">L\u00ea mais sobre as estrat\u00e9gias de preven\u00e7\u00e3o<\/a><\/p>\n<h2>Deveres dos empregadores<\/h2>\n<blockquote><p>Assegurar o bem-estar dos teus trabalhadores \u00e9 garantido por determinados deveres estabelecidos na Diretiva relativa aos agentes cancer\u00edgenos, mutag\u00e9nicos e t\u00f3xicos para a reprodu\u00e7\u00e3o (CMRD). L\u00ea mais sobre o assunto aqui. A investiga\u00e7\u00e3o de subst\u00e2ncias perigosas e a aplica\u00e7\u00e3o das medidas corretas n\u00e3o \u00e9 assim t\u00e3o f\u00e1cil e pode exigir muitos conhecimentos especializados. Por isso, pode ser \u00fatil pedir a ajuda de um m\u00e9dico do trabalho: um perito em sa\u00fade e seguran\u00e7a especializado em subst\u00e2ncias.   <\/p><\/blockquote>\n<p>Tem em aten\u00e7\u00e3o que os requisitos nacionais podem divergir da diretiva. Se for esse o caso, consulta as autoridades nacionais sobre os requisitos regulamentares relativos a subst\u00e2ncias perigosas. <\/p>\n<p>A documenta\u00e7\u00e3o das tarefas que envolvem agentes cancer\u00edgenos \u00e9 obrigat\u00f3ria. <a href=\"https:\/\/stopcarcinogensatwork.eu\/pt-pt\/registos-sobre-trabalhadores-expostos-a-agentes-cancerigenos\/\">Nesta lista, reunimos exemplos de solu\u00e7\u00f5es nacionais para apoiar a documenta\u00e7\u00e3o<\/a>.<\/p>\n<p>\u00cdndice<\/p>\n<p><a href=\"#top\"> <\/a><\/p>\n","protected":false},"excerpt":{"rendered":"<p>Quando se trabalha com subst\u00e2ncias cancer\u00edgenas, tanto os empregadores como os trabalhadores t\u00eam direitos e deveres. O teu bem-estar \u00e9 garantido por determinados deveres da tua entidade patronal, estabelecidos na Diretiva relativa aos agentes cancer\u00edgenos, mutag\u00e9nicos e t\u00f3xicos para a reprodu\u00e7\u00e3o (CMRD). No entanto, tamb\u00e9m \u00e9 importante que ajas de acordo com as instru\u00e7\u00f5es do [&hellip;]<\/p>\n","protected":false},"author":1,"featured_media":0,"parent":42512,"menu_order":0,"comment_status":"closed","ping_status":"closed","template":"","meta":{"inline_featured_image":false,"footnotes":""},"class_list":["post-42346","page","type-page","status-publish","hentry"],"yoast_head":"<!-- This site is optimized with the Yoast SEO Premium plugin v27.0 (Yoast SEO v27.4) - https:\/\/yoast.com\/product\/yoast-seo-premium-wordpress\/ -->\n<title>Direitos e deveres - STOP carcinogens at work<\/title>\n<meta name=\"description\" content=\"Descobre os teus direitos e deveres quando trabalhas com agentes cancer\u00edgenos, incluindo avalia\u00e7\u00f5es de risco, forma\u00e7\u00e3o e requisitos de vigil\u00e2ncia m\u00e9dica.\" \/>\n<meta name=\"robots\" content=\"index, follow, max-snippet:-1, max-image-preview:large, max-video-preview:-1\" \/>\n<link rel=\"canonical\" href=\"https:\/\/stopcarcinogensatwork.eu\/pt-pt\/pagina-inicial\/direitos-e-deveres\/\" \/>\n<meta property=\"og:locale\" content=\"pt_PT\" \/>\n<meta property=\"og:type\" content=\"article\" \/>\n<meta property=\"og:title\" content=\"Direitos e deveres\" \/>\n<meta property=\"og:description\" content=\"Descobre os teus direitos e deveres quando trabalhas com agentes cancer\u00edgenos, incluindo avalia\u00e7\u00f5es de risco, forma\u00e7\u00e3o e requisitos de vigil\u00e2ncia m\u00e9dica.\" \/>\n<meta property=\"og:url\" content=\"https:\/\/stopcarcinogensatwork.eu\/pt-pt\/pagina-inicial\/direitos-e-deveres\/\" \/>\n<meta property=\"og:site_name\" content=\"STOP carcinogens at work\" \/>\n<meta property=\"article:modified_time\" content=\"2025-05-19T10:33:53+00:00\" \/>\n<meta name=\"twitter:card\" content=\"summary_large_image\" \/>\n<meta name=\"twitter:label1\" content=\"Tempo estimado de leitura\" \/>\n\t<meta name=\"twitter:data1\" content=\"3 minutos\" \/>\n<script type=\"application\/ld+json\" class=\"yoast-schema-graph\">{\"@context\":\"https:\\\/\\\/schema.org\",\"@graph\":[{\"@type\":\"WebPage\",\"@id\":\"https:\\\/\\\/stopcarcinogensatwork.eu\\\/pt-pt\\\/pagina-inicial\\\/direitos-e-deveres\\\/\",\"url\":\"https:\\\/\\\/stopcarcinogensatwork.eu\\\/pt-pt\\\/pagina-inicial\\\/direitos-e-deveres\\\/\",\"name\":\"Direitos e deveres - STOP carcinogens at work\",\"isPartOf\":{\"@id\":\"https:\\\/\\\/stopcarcinogensatwork.eu\\\/pt-pt\\\/#website\"},\"datePublished\":\"2024-04-12T09:14:49+00:00\",\"dateModified\":\"2025-05-19T10:33:53+00:00\",\"description\":\"Descobre os teus direitos e deveres quando trabalhas com agentes cancer\u00edgenos, incluindo avalia\u00e7\u00f5es de risco, forma\u00e7\u00e3o e requisitos de vigil\u00e2ncia m\u00e9dica.\",\"breadcrumb\":{\"@id\":\"https:\\\/\\\/stopcarcinogensatwork.eu\\\/pt-pt\\\/pagina-inicial\\\/direitos-e-deveres\\\/#breadcrumb\"},\"inLanguage\":\"pt-PT\",\"potentialAction\":[{\"@type\":\"ReadAction\",\"target\":[\"https:\\\/\\\/stopcarcinogensatwork.eu\\\/pt-pt\\\/pagina-inicial\\\/direitos-e-deveres\\\/\"]}]},{\"@type\":\"BreadcrumbList\",\"@id\":\"https:\\\/\\\/stopcarcinogensatwork.eu\\\/pt-pt\\\/pagina-inicial\\\/direitos-e-deveres\\\/#breadcrumb\",\"itemListElement\":[{\"@type\":\"ListItem\",\"position\":1,\"name\":\"Home\",\"item\":\"https:\\\/\\\/stopcarcinogensatwork.eu\\\/pt-pt\\\/pagina-inicial\\\/\"},{\"@type\":\"ListItem\",\"position\":2,\"name\":\"STOP Carcinogens at work\",\"item\":\"https:\\\/\\\/stopcarcinogensatwork.eu\\\/pt-pt\\\/pagina-inicial\\\/\"},{\"@type\":\"ListItem\",\"position\":3,\"name\":\"Direitos e deveres\"}]},{\"@type\":\"WebSite\",\"@id\":\"https:\\\/\\\/stopcarcinogensatwork.eu\\\/pt-pt\\\/#website\",\"url\":\"https:\\\/\\\/stopcarcinogensatwork.eu\\\/pt-pt\\\/\",\"name\":\"STOP Carcinogens at work\",\"description\":\"Every year, about 100.000 people die from cancer that was caused by exposure to carcinogens at work in Europe.\",\"publisher\":{\"@id\":\"https:\\\/\\\/stopcarcinogensatwork.eu\\\/pt-pt\\\/#organization\"},\"alternateName\":\"Roadmap on Carcinogens\",\"potentialAction\":[{\"@type\":\"SearchAction\",\"target\":{\"@type\":\"EntryPoint\",\"urlTemplate\":\"https:\\\/\\\/stopcarcinogensatwork.eu\\\/pt-pt\\\/?s={search_term_string}\"},\"query-input\":{\"@type\":\"PropertyValueSpecification\",\"valueRequired\":true,\"valueName\":\"search_term_string\"}}],\"inLanguage\":\"pt-PT\"},{\"@type\":\"Organization\",\"@id\":\"https:\\\/\\\/stopcarcinogensatwork.eu\\\/pt-pt\\\/#organization\",\"name\":\"TNO\",\"alternateName\":\"This is a European wide voluntary action scheme\",\"url\":\"https:\\\/\\\/stopcarcinogensatwork.eu\\\/pt-pt\\\/\",\"logo\":{\"@type\":\"ImageObject\",\"inLanguage\":\"pt-PT\",\"@id\":\"https:\\\/\\\/stopcarcinogensatwork.eu\\\/pt-pt\\\/#\\\/schema\\\/logo\\\/image\\\/\",\"url\":\"https:\\\/\\\/stopcarcinogensatwork.eu\\\/wp-content\\\/uploads\\\/2024\\\/08\\\/cropped-FavLarge-1.png\",\"contentUrl\":\"https:\\\/\\\/stopcarcinogensatwork.eu\\\/wp-content\\\/uploads\\\/2024\\\/08\\\/cropped-FavLarge-1.png\",\"width\":512,\"height\":512,\"caption\":\"TNO\"},\"image\":{\"@id\":\"https:\\\/\\\/stopcarcinogensatwork.eu\\\/pt-pt\\\/#\\\/schema\\\/logo\\\/image\\\/\"},\"publishingPrinciples\":\"https:\\\/\\\/stopcarcinogensatwork.eu\\\/homepage\\\/legal\\\/\",\"ownershipFundingInfo\":\"https:\\\/\\\/stopcarcinogensatwork.eu\\\/general\\\/about-us\\\/\"}]}<\/script>\n<!-- \/ Yoast SEO Premium plugin. -->","yoast_head_json":{"title":"Direitos e deveres - STOP carcinogens at work","description":"Descobre os teus direitos e deveres quando trabalhas com agentes cancer\u00edgenos, incluindo avalia\u00e7\u00f5es de risco, forma\u00e7\u00e3o e requisitos de vigil\u00e2ncia m\u00e9dica.","robots":{"index":"index","follow":"follow","max-snippet":"max-snippet:-1","max-image-preview":"max-image-preview:large","max-video-preview":"max-video-preview:-1"},"canonical":"https:\/\/stopcarcinogensatwork.eu\/pt-pt\/pagina-inicial\/direitos-e-deveres\/","og_locale":"pt_PT","og_type":"article","og_title":"Direitos e deveres","og_description":"Descobre os teus direitos e deveres quando trabalhas com agentes cancer\u00edgenos, incluindo avalia\u00e7\u00f5es de risco, forma\u00e7\u00e3o e requisitos de vigil\u00e2ncia m\u00e9dica.","og_url":"https:\/\/stopcarcinogensatwork.eu\/pt-pt\/pagina-inicial\/direitos-e-deveres\/","og_site_name":"STOP carcinogens at work","article_modified_time":"2025-05-19T10:33:53+00:00","twitter_card":"summary_large_image","twitter_misc":{"Tempo estimado de leitura":"3 minutos"},"schema":{"@context":"https:\/\/schema.org","@graph":[{"@type":"WebPage","@id":"https:\/\/stopcarcinogensatwork.eu\/pt-pt\/pagina-inicial\/direitos-e-deveres\/","url":"https:\/\/stopcarcinogensatwork.eu\/pt-pt\/pagina-inicial\/direitos-e-deveres\/","name":"Direitos e deveres - STOP carcinogens at work","isPartOf":{"@id":"https:\/\/stopcarcinogensatwork.eu\/pt-pt\/#website"},"datePublished":"2024-04-12T09:14:49+00:00","dateModified":"2025-05-19T10:33:53+00:00","description":"Descobre os teus direitos e deveres quando trabalhas com agentes cancer\u00edgenos, incluindo avalia\u00e7\u00f5es de risco, forma\u00e7\u00e3o e requisitos de vigil\u00e2ncia m\u00e9dica.","breadcrumb":{"@id":"https:\/\/stopcarcinogensatwork.eu\/pt-pt\/pagina-inicial\/direitos-e-deveres\/#breadcrumb"},"inLanguage":"pt-PT","potentialAction":[{"@type":"ReadAction","target":["https:\/\/stopcarcinogensatwork.eu\/pt-pt\/pagina-inicial\/direitos-e-deveres\/"]}]},{"@type":"BreadcrumbList","@id":"https:\/\/stopcarcinogensatwork.eu\/pt-pt\/pagina-inicial\/direitos-e-deveres\/#breadcrumb","itemListElement":[{"@type":"ListItem","position":1,"name":"Home","item":"https:\/\/stopcarcinogensatwork.eu\/pt-pt\/pagina-inicial\/"},{"@type":"ListItem","position":2,"name":"STOP Carcinogens at work","item":"https:\/\/stopcarcinogensatwork.eu\/pt-pt\/pagina-inicial\/"},{"@type":"ListItem","position":3,"name":"Direitos e deveres"}]},{"@type":"WebSite","@id":"https:\/\/stopcarcinogensatwork.eu\/pt-pt\/#website","url":"https:\/\/stopcarcinogensatwork.eu\/pt-pt\/","name":"STOP Carcinogens at work","description":"Every year, about 100.000 people die from cancer that was caused by exposure to carcinogens at work in Europe.","publisher":{"@id":"https:\/\/stopcarcinogensatwork.eu\/pt-pt\/#organization"},"alternateName":"Roadmap on Carcinogens","potentialAction":[{"@type":"SearchAction","target":{"@type":"EntryPoint","urlTemplate":"https:\/\/stopcarcinogensatwork.eu\/pt-pt\/?s={search_term_string}"},"query-input":{"@type":"PropertyValueSpecification","valueRequired":true,"valueName":"search_term_string"}}],"inLanguage":"pt-PT"},{"@type":"Organization","@id":"https:\/\/stopcarcinogensatwork.eu\/pt-pt\/#organization","name":"TNO","alternateName":"This is a European wide voluntary action scheme","url":"https:\/\/stopcarcinogensatwork.eu\/pt-pt\/","logo":{"@type":"ImageObject","inLanguage":"pt-PT","@id":"https:\/\/stopcarcinogensatwork.eu\/pt-pt\/#\/schema\/logo\/image\/","url":"https:\/\/stopcarcinogensatwork.eu\/wp-content\/uploads\/2024\/08\/cropped-FavLarge-1.png","contentUrl":"https:\/\/stopcarcinogensatwork.eu\/wp-content\/uploads\/2024\/08\/cropped-FavLarge-1.png","width":512,"height":512,"caption":"TNO"},"image":{"@id":"https:\/\/stopcarcinogensatwork.eu\/pt-pt\/#\/schema\/logo\/image\/"},"publishingPrinciples":"https:\/\/stopcarcinogensatwork.eu\/homepage\/legal\/","ownershipFundingInfo":"https:\/\/stopcarcinogensatwork.eu\/general\/about-us\/"}]}},"_links":{"self":[{"href":"https:\/\/stopcarcinogensatwork.eu\/pt-pt\/wp-json\/wp\/v2\/pages\/42346","targetHints":{"allow":["GET"]}}],"collection":[{"href":"https:\/\/stopcarcinogensatwork.eu\/pt-pt\/wp-json\/wp\/v2\/pages"}],"about":[{"href":"https:\/\/stopcarcinogensatwork.eu\/pt-pt\/wp-json\/wp\/v2\/types\/page"}],"author":[{"embeddable":true,"href":"https:\/\/stopcarcinogensatwork.eu\/pt-pt\/wp-json\/wp\/v2\/users\/1"}],"replies":[{"embeddable":true,"href":"https:\/\/stopcarcinogensatwork.eu\/pt-pt\/wp-json\/wp\/v2\/comments?post=42346"}],"version-history":[{"count":0,"href":"https:\/\/stopcarcinogensatwork.eu\/pt-pt\/wp-json\/wp\/v2\/pages\/42346\/revisions"}],"up":[{"embeddable":true,"href":"https:\/\/stopcarcinogensatwork.eu\/pt-pt\/wp-json\/wp\/v2\/pages\/42512"}],"wp:attachment":[{"href":"https:\/\/stopcarcinogensatwork.eu\/pt-pt\/wp-json\/wp\/v2\/media?parent=42346"}],"curies":[{"name":"wp","href":"https:\/\/api.w.org\/{rel}","templated":true}]}}