{"id":55411,"date":"2024-02-05T13:42:42","date_gmt":"2024-02-05T13:42:42","guid":{"rendered":"https:\/\/stopcarcinogensatwork.eu\/geral\/sobre-o-roadmap-on-carcinogens\/"},"modified":"2025-11-27T13:57:40","modified_gmt":"2025-11-27T13:57:40","slug":"sobre-o-roadmap-on-carcinogens","status":"publish","type":"page","link":"https:\/\/stopcarcinogensatwork.eu\/pt-pt\/geral\/sobre-o-roadmap-on-carcinogens\/","title":{"rendered":"Sobre o Roteiro sobre Carcinog\u00e9neos"},"content":{"rendered":"<blockquote><p>Este s\u00edtio Web \u00e9 uma iniciativa do Roadmap on Carcinogens: Um programa de a\u00e7\u00e3o volunt\u00e1rio \u00e0 escala europeia para combater o cancro relacionado com o trabalho. Os seguintes parceiros<a href=\"https:\/\/stopcarcinogensatwork.eu\/pt-pt\/lancamento-do-roteiro-sobre-carcinogeneos-3-0\/\">(comprometeram-se<\/a>) a ser activos e a assumir a lideran\u00e7a neste programa para prevenir a exposi\u00e7\u00e3o a agentes cancer\u00edgenos no local de trabalho: <\/p>\n<p><img fetchpriority=\"high\" decoding=\"async\" class=\"alignnone size-full wp-image-92758\" src=\"https:\/\/stopcarcinogensatwork.eu\/wp-content\/uploads\/2025\/11\/partners.jpg\" alt=\"\" width=\"2560\" height=\"967\" srcset=\"https:\/\/stopcarcinogensatwork.eu\/wp-content\/uploads\/2025\/11\/partners.jpg 2560w, https:\/\/stopcarcinogensatwork.eu\/wp-content\/uploads\/2025\/11\/partners-300x113.jpg 300w, https:\/\/stopcarcinogensatwork.eu\/wp-content\/uploads\/2025\/11\/partners-768x290.jpg 768w, https:\/\/stopcarcinogensatwork.eu\/wp-content\/uploads\/2025\/11\/partners-1536x580.jpg 1536w, https:\/\/stopcarcinogensatwork.eu\/wp-content\/uploads\/2025\/11\/partners-2048x774.jpg 2048w\" sizes=\"(max-width: 2560px) 100vw, 2560px\" \/><\/p><\/blockquote>\n<ul>\n<li><a href=\"https:\/\/www.bma.gv.at\/en.html\" target=\"_blank\" rel=\"noopener\">\u00c1ustria: Minist\u00e9rio Federal do Trabalho, dos Assuntos Sociais, da Sa\u00fade, da Assist\u00eancia e da Defesa do Consumidor<\/a><\/li>\n<li><a href=\"https:\/\/employment.belgium.be\/en\/themes\" target=\"_blank\" rel=\"noopener\">B\u00e9lgica: Servi\u00e7o p\u00fablico federal Emprego, Trabalho e Di\u00e1logo Social<\/a><\/li>\n<li><a href=\"https:\/\/stm.fi\/en\/frontpage\" target=\"_blank\" rel=\"noopener\">Finl\u00e2ndia: Minist\u00e9rio dos Assuntos Sociais e da Sa\u00fade<\/a><\/li>\n<li><a href=\"https:\/\/travail-emploi.gouv.fr\/\" target=\"_blank\" rel=\"noopener\">Fran\u00e7a: Minist\u00e9rio do Trabalho, da Sa\u00fade e da Solidariedade<\/a><\/li>\n<li><a href=\"https:\/\/www.bmas.de\/EN\/Home\/home.html\" target=\"_blank\" rel=\"noopener\">Alemanha: Minist\u00e9rio Federal do Trabalho e dos Assuntos Sociais<\/a><\/li>\n<li><a href=\"http:\/\/hsa.ie\/\" target=\"_blank\" rel=\"noopener\">Irlanda: Autoridade para a Sa\u00fade e Seguran\u00e7a<\/a><\/li>\n<li><a href=\"https:\/\/www.government.nl\/ministries\/ministry-of-social-affairs-and-employment\" target=\"_blank\" rel=\"noopener\">Pa\u00edses Baixos: Minist\u00e9rio dos Assuntos Sociais e do Emprego<\/a><\/li>\n<li><a href=\"https:\/\/stami.no\/en\/\" target=\"_blank\" rel=\"noopener\">Noruega: Instituto Nacional Noruegu\u00eas de Sa\u00fade Ocupacional (STAMI)<\/a><\/li>\n<li><a href=\"https:\/\/portal.act.gov.pt\/Pages\/Home.aspx\" target=\"_blank\" rel=\"noopener\">Portugal: Autoridade para as condi\u00e7\u00f5es de trabalho<\/a><\/li>\n<li><a href=\"https:\/\/www.gov.si\/en\/state-authorities\/ministries\/ministry-of-labour-family-social-affairs-and-equal-opportunities\/\" target=\"_blank\" rel=\"noopener\">Eslov\u00e9nia: Minist\u00e9rio do Trabalho, da Fam\u00edlia, dos Assuntos Sociais e da Igualdade de Oportunidades<\/a><\/li>\n<li><a href=\"https:\/\/www.mites.gob.es\/en\/\" target=\"_blank\" rel=\"noopener\">Espanha: Minist\u00e9rio do Trabalho e da Economia Social de Espanha<\/a><\/li>\n<li><a href=\"https:\/\/www.businesseurope.eu\/\" target=\"_blank\" rel=\"noopener\">BusinessEurope (empregadores europeus)<\/a><\/li>\n<li><a href=\"https:\/\/www.etuc.org\/\" target=\"_blank\" rel=\"noopener\">Confedera\u00e7\u00e3o Europeia dos Sindicatos - CES (trabalhadores europeus)<\/a><\/li>\n<li><a href=\"https:\/\/osha.europa.eu\/en\/themes\/dangerous-substances\/roadmap-to-carcinogens\" target=\"_blank\" rel=\"noopener\">Ag\u00eancia Europeia para a Seguran\u00e7a e a Sa\u00fade no Trabalho - EU-OSHA<\/a><\/li>\n<li><a href=\"https:\/\/echa.europa.eu\/\" target=\"_blank\" rel=\"noopener\">Ag\u00eancia Europeia dos Produtos Qu\u00edmicos - ECHA<\/a><\/li>\n<li><a href=\"https:\/\/ec.europa.eu\/info\/departments\/employment-social-affairs-and-inclusion_en\" target=\"_blank\" rel=\"noopener\">Comiss\u00e3o Europeia<\/a><\/li>\n<\/ul>\n<p>&nbsp;<\/p>\n<p>Al\u00e9m disso, muitos amigos (empresas e organiza\u00e7\u00f5es) j\u00e1 est\u00e3o a apoiar o Roadmap on Carcinogens, partilhando a nossa mensagem. Torna-te um amigo inscrevendo-te <a href=\"https:\/\/laposta.nl\/f\/ss69p5fpqabo\" target=\"_blank\" rel=\"noopener\">na newsletter<\/a>. <\/p>\n<h2>Import\u00e2ncia da nossa viagem<\/h2>\n<p>Todos os anos, cerca de 120.000 pessoas na UE s\u00e3o diagnosticadas com cancro devido \u00e0 exposi\u00e7\u00e3o a agentes cancer\u00edgenos no trabalho. E cerca de 100.000 pessoas morrem devido a cancro relacionado com o trabalho. E \u00e9 importante perceberes que isto \u00e9 desnecess\u00e1rio! Resulta da forma como trabalhamos, das escolhas que fazemos. Por isso, a boa not\u00edcia \u00e9 que podemos fazer alguma coisa para o evitar. A preven\u00e7\u00e3o \u00e9 a palavra-chave aqui, certificando-nos de que n\u00e3o estamos expostos a agentes cancer\u00edgenos.     <\/p>\n<p>O Roadmap on Carcinogens tem por objetivo ajudar as empresas e os trabalhadores europeus a tomar medidas<\/p>\n<ul>\n<li><strong>Sensibiliza\u00e7\u00e3o:<\/strong> informar as empresas e os trabalhadores sobre os riscos de exposi\u00e7\u00e3o a subst\u00e2ncias cancer\u00edgenas e a necessidade de ac\u00e7\u00f5es preventivas e apresentar factos.<\/li>\n<li><strong>Prestar ajuda:<\/strong> oferecer solu\u00e7\u00f5es e ferramentas \u00e0s empresas e aos trabalhadores para evitar a exposi\u00e7\u00e3o a agentes cancer\u00edgenos no local de trabalho e minimizar o seu efeito na for\u00e7a de trabalho.<\/li>\n<\/ul>\n<h2>Os planos actuais do roteiro prev\u00eaem actividades at\u00e9 ao final de 2027.<\/h2>\n<p>Durante a segunda fase do Roteiro de 2020-2024, execut\u00e1mos 12 desafios. Os resultados foram ou ser\u00e3o integrados no s\u00edtio Web.   <strong><a href=\"https:\/\/stopcarcinogensatwork.eu\/pt-pt\/geral\/sobre-o-roadmap-on-carcinogens\/desafios\/\">Podes encontrar mais informa\u00e7\u00f5es sobre estes projectos aqui.<\/a><\/strong><\/p>\n<p>Agora tamb\u00e9m podes ver a nossa nova estrat\u00e9gia para o <a href=\"https:\/\/stopcarcinogensatwork.eu\/wp-content\/uploads\/2025\/05\/RoC3.0_Strategy_final.pdf\">RoC3.0 durante 2025-2027 aqui.<\/a><\/p>\n<h2>Utilizamos uma ferramenta de tradu\u00e7\u00e3o alimentada por IA para o nosso s\u00edtio Web<\/h2>\n<p>Utilizamos uma ferramenta de tradu\u00e7\u00e3o alimentada por IA para o nosso s\u00edtio Web, com falantes nativos a rever e a corrigir quaisquer imprecis\u00f5es. Esta abordagem garante tanto a efici\u00eancia como a qualidade, uma vez que o sistema de IA melhora continuamente ao longo do tempo. Acreditamos que este m\u00e9todo oferece a forma mais eficaz e econ\u00f3mica de tornar o nosso s\u00edtio Web acess\u00edvel em v\u00e1rias l\u00ednguas, ajudando-nos a alcan\u00e7ar um p\u00fablico mais vasto de indiv\u00edduos e organiza\u00e7\u00f5es. Se tiver algum coment\u00e1rio ou sugest\u00e3o relativamente ao nosso processo de tradu\u00e7\u00e3o, gostar\u00edamos de o ouvir. Partilhe as suas ideias connosco por correio eletr\u00f3nico.    <\/p>\n<h2>Perguntas e observa\u00e7\u00f5es<\/h2>\n<p>Para mais informa\u00e7\u00f5es ou se tiveres alguma d\u00favida, contacta-nos atrav\u00e9s de:  <a href=\"mailto:info@stopcarcinogensatwork.eu\">info@stopcarcinogensatwork.eu<\/a><\/p>\n<p>&nbsp;<\/p>\n","protected":false},"excerpt":{"rendered":"<p>Este s\u00edtio Web \u00e9 uma iniciativa do Roadmap on Carcinogens: Um programa de a\u00e7\u00e3o volunt\u00e1rio \u00e0 escala europeia para combater o cancro relacionado com o trabalho. Os seguintes parceiros(comprometeram-se) a ser activos e a assumir a lideran\u00e7a neste programa para prevenir a exposi\u00e7\u00e3o a agentes cancer\u00edgenos no local de trabalho: \u00c1ustria: Minist\u00e9rio Federal do Trabalho, [&hellip;]<\/p>\n","protected":false},"author":1,"featured_media":0,"parent":42341,"menu_order":0,"comment_status":"closed","ping_status":"closed","template":"","meta":{"inline_featured_image":false,"footnotes":""},"class_list":["post-55411","page","type-page","status-publish","hentry"],"yoast_head":"<!-- This site is optimized with the Yoast SEO Premium plugin v27.4 (Yoast SEO v27.4) - https:\/\/yoast.com\/product\/yoast-seo-premium-wordpress\/ -->\n<title>Sobre o Roteiro sobre Carcinog\u00e9neos - STOP carcinogens at work<\/title>\n<meta name=\"description\" content=\"Este s\u00edtio Web \u00e9 um sistema de a\u00e7\u00e3o volunt\u00e1ria da UE para prevenir a exposi\u00e7\u00e3o dos trabalhadores a agentes cancer\u00edgenos no local de trabalho.\" \/>\n<meta name=\"robots\" content=\"index, follow, max-snippet:-1, max-image-preview:large, max-video-preview:-1\" \/>\n<link rel=\"canonical\" href=\"https:\/\/stopcarcinogensatwork.eu\/pt-pt\/geral\/sobre-o-roadmap-on-carcinogens\/\" \/>\n<meta property=\"og:locale\" content=\"pt_PT\" \/>\n<meta property=\"og:type\" content=\"article\" \/>\n<meta property=\"og:title\" content=\"Sobre o Roteiro sobre Carcinog\u00e9neos\" \/>\n<meta property=\"og:description\" content=\"Este s\u00edtio Web \u00e9 um sistema de a\u00e7\u00e3o volunt\u00e1ria da UE para prevenir a exposi\u00e7\u00e3o dos trabalhadores a agentes cancer\u00edgenos no local de trabalho.\" \/>\n<meta property=\"og:url\" content=\"https:\/\/stopcarcinogensatwork.eu\/pt-pt\/geral\/sobre-o-roadmap-on-carcinogens\/\" \/>\n<meta property=\"og:site_name\" content=\"STOP carcinogens at work\" \/>\n<meta property=\"article:modified_time\" content=\"2025-11-27T13:57:40+00:00\" \/>\n<meta property=\"og:image\" content=\"https:\/\/stopcarcinogensatwork.eu\/wp-content\/uploads\/2025\/11\/partners.jpg\" \/>\n\t<meta property=\"og:image:width\" content=\"2560\" \/>\n\t<meta property=\"og:image:height\" content=\"967\" \/>\n\t<meta property=\"og:image:type\" content=\"image\/jpeg\" \/>\n<meta name=\"twitter:card\" content=\"summary_large_image\" \/>\n<meta name=\"twitter:label1\" content=\"Tempo estimado de leitura\" \/>\n\t<meta name=\"twitter:data1\" content=\"3 minutos\" \/>\n<script type=\"application\/ld+json\" class=\"yoast-schema-graph\">{\"@context\":\"https:\\\/\\\/schema.org\",\"@graph\":[{\"@type\":\"WebPage\",\"@id\":\"https:\\\/\\\/stopcarcinogensatwork.eu\\\/pt-pt\\\/geral\\\/sobre-o-roadmap-on-carcinogens\\\/\",\"url\":\"https:\\\/\\\/stopcarcinogensatwork.eu\\\/pt-pt\\\/geral\\\/sobre-o-roadmap-on-carcinogens\\\/\",\"name\":\"Sobre o Roteiro sobre Carcinog\u00e9neos - STOP carcinogens at work\",\"isPartOf\":{\"@id\":\"https:\\\/\\\/stopcarcinogensatwork.eu\\\/pt-pt\\\/#website\"},\"primaryImageOfPage\":{\"@id\":\"https:\\\/\\\/stopcarcinogensatwork.eu\\\/pt-pt\\\/geral\\\/sobre-o-roadmap-on-carcinogens\\\/#primaryimage\"},\"image\":{\"@id\":\"https:\\\/\\\/stopcarcinogensatwork.eu\\\/pt-pt\\\/geral\\\/sobre-o-roadmap-on-carcinogens\\\/#primaryimage\"},\"thumbnailUrl\":\"https:\\\/\\\/stopcarcinogensatwork.eu\\\/wp-content\\\/uploads\\\/2025\\\/11\\\/partners.jpg\",\"datePublished\":\"2024-02-05T13:42:42+00:00\",\"dateModified\":\"2025-11-27T13:57:40+00:00\",\"description\":\"Este s\u00edtio Web \u00e9 um sistema de a\u00e7\u00e3o volunt\u00e1ria da UE para prevenir a exposi\u00e7\u00e3o dos trabalhadores a agentes cancer\u00edgenos no local de trabalho.\",\"breadcrumb\":{\"@id\":\"https:\\\/\\\/stopcarcinogensatwork.eu\\\/pt-pt\\\/geral\\\/sobre-o-roadmap-on-carcinogens\\\/#breadcrumb\"},\"inLanguage\":\"pt-PT\",\"potentialAction\":[{\"@type\":\"ReadAction\",\"target\":[\"https:\\\/\\\/stopcarcinogensatwork.eu\\\/pt-pt\\\/geral\\\/sobre-o-roadmap-on-carcinogens\\\/\"]}]},{\"@type\":\"ImageObject\",\"inLanguage\":\"pt-PT\",\"@id\":\"https:\\\/\\\/stopcarcinogensatwork.eu\\\/pt-pt\\\/geral\\\/sobre-o-roadmap-on-carcinogens\\\/#primaryimage\",\"url\":\"https:\\\/\\\/stopcarcinogensatwork.eu\\\/wp-content\\\/uploads\\\/2025\\\/11\\\/partners.jpg\",\"contentUrl\":\"https:\\\/\\\/stopcarcinogensatwork.eu\\\/wp-content\\\/uploads\\\/2025\\\/11\\\/partners.jpg\"},{\"@type\":\"BreadcrumbList\",\"@id\":\"https:\\\/\\\/stopcarcinogensatwork.eu\\\/pt-pt\\\/geral\\\/sobre-o-roadmap-on-carcinogens\\\/#breadcrumb\",\"itemListElement\":[{\"@type\":\"ListItem\",\"position\":1,\"name\":\"Home\",\"item\":\"https:\\\/\\\/stopcarcinogensatwork.eu\\\/pt-pt\\\/pagina-inicial\\\/\"},{\"@type\":\"ListItem\",\"position\":2,\"name\":\"Geral\",\"item\":\"https:\\\/\\\/stopcarcinogensatwork.eu\\\/pt-pt\\\/geral\\\/\"},{\"@type\":\"ListItem\",\"position\":3,\"name\":\"Sobre o Roteiro sobre Carcinog\u00e9neos\"}]},{\"@type\":\"WebSite\",\"@id\":\"https:\\\/\\\/stopcarcinogensatwork.eu\\\/pt-pt\\\/#website\",\"url\":\"https:\\\/\\\/stopcarcinogensatwork.eu\\\/pt-pt\\\/\",\"name\":\"STOP Carcinogens at work\",\"description\":\"Every year, about 100.000 people die from cancer that was caused by exposure to carcinogens at work in Europe.\",\"publisher\":{\"@id\":\"https:\\\/\\\/stopcarcinogensatwork.eu\\\/pt-pt\\\/#organization\"},\"alternateName\":\"Roadmap on Carcinogens\",\"potentialAction\":[{\"@type\":\"SearchAction\",\"target\":{\"@type\":\"EntryPoint\",\"urlTemplate\":\"https:\\\/\\\/stopcarcinogensatwork.eu\\\/pt-pt\\\/?s={search_term_string}\"},\"query-input\":{\"@type\":\"PropertyValueSpecification\",\"valueRequired\":true,\"valueName\":\"search_term_string\"}}],\"inLanguage\":\"pt-PT\"},{\"@type\":\"Organization\",\"@id\":\"https:\\\/\\\/stopcarcinogensatwork.eu\\\/pt-pt\\\/#organization\",\"name\":\"TNO\",\"alternateName\":\"This is a European wide voluntary action scheme\",\"url\":\"https:\\\/\\\/stopcarcinogensatwork.eu\\\/pt-pt\\\/\",\"logo\":{\"@type\":\"ImageObject\",\"inLanguage\":\"pt-PT\",\"@id\":\"https:\\\/\\\/stopcarcinogensatwork.eu\\\/pt-pt\\\/#\\\/schema\\\/logo\\\/image\\\/\",\"url\":\"https:\\\/\\\/stopcarcinogensatwork.eu\\\/wp-content\\\/uploads\\\/2024\\\/08\\\/cropped-FavLarge-1.png\",\"contentUrl\":\"https:\\\/\\\/stopcarcinogensatwork.eu\\\/wp-content\\\/uploads\\\/2024\\\/08\\\/cropped-FavLarge-1.png\",\"width\":512,\"height\":512,\"caption\":\"TNO\"},\"image\":{\"@id\":\"https:\\\/\\\/stopcarcinogensatwork.eu\\\/pt-pt\\\/#\\\/schema\\\/logo\\\/image\\\/\"},\"publishingPrinciples\":\"https:\\\/\\\/stopcarcinogensatwork.eu\\\/homepage\\\/legal\\\/\",\"ownershipFundingInfo\":\"https:\\\/\\\/stopcarcinogensatwork.eu\\\/general\\\/about-us\\\/\"}]}<\/script>\n<!-- \/ Yoast SEO Premium plugin. -->","yoast_head_json":{"title":"Sobre o Roteiro sobre Carcinog\u00e9neos - STOP carcinogens at work","description":"Este s\u00edtio Web \u00e9 um sistema de a\u00e7\u00e3o volunt\u00e1ria da UE para prevenir a exposi\u00e7\u00e3o dos trabalhadores a agentes cancer\u00edgenos no local de trabalho.","robots":{"index":"index","follow":"follow","max-snippet":"max-snippet:-1","max-image-preview":"max-image-preview:large","max-video-preview":"max-video-preview:-1"},"canonical":"https:\/\/stopcarcinogensatwork.eu\/pt-pt\/geral\/sobre-o-roadmap-on-carcinogens\/","og_locale":"pt_PT","og_type":"article","og_title":"Sobre o Roteiro sobre Carcinog\u00e9neos","og_description":"Este s\u00edtio Web \u00e9 um sistema de a\u00e7\u00e3o volunt\u00e1ria da UE para prevenir a exposi\u00e7\u00e3o dos trabalhadores a agentes cancer\u00edgenos no local de trabalho.","og_url":"https:\/\/stopcarcinogensatwork.eu\/pt-pt\/geral\/sobre-o-roadmap-on-carcinogens\/","og_site_name":"STOP carcinogens at work","article_modified_time":"2025-11-27T13:57:40+00:00","og_image":[{"width":2560,"height":967,"url":"https:\/\/stopcarcinogensatwork.eu\/wp-content\/uploads\/2025\/11\/partners.jpg","type":"image\/jpeg"}],"twitter_card":"summary_large_image","twitter_misc":{"Tempo estimado de leitura":"3 minutos"},"schema":{"@context":"https:\/\/schema.org","@graph":[{"@type":"WebPage","@id":"https:\/\/stopcarcinogensatwork.eu\/pt-pt\/geral\/sobre-o-roadmap-on-carcinogens\/","url":"https:\/\/stopcarcinogensatwork.eu\/pt-pt\/geral\/sobre-o-roadmap-on-carcinogens\/","name":"Sobre o Roteiro sobre Carcinog\u00e9neos - STOP carcinogens at work","isPartOf":{"@id":"https:\/\/stopcarcinogensatwork.eu\/pt-pt\/#website"},"primaryImageOfPage":{"@id":"https:\/\/stopcarcinogensatwork.eu\/pt-pt\/geral\/sobre-o-roadmap-on-carcinogens\/#primaryimage"},"image":{"@id":"https:\/\/stopcarcinogensatwork.eu\/pt-pt\/geral\/sobre-o-roadmap-on-carcinogens\/#primaryimage"},"thumbnailUrl":"https:\/\/stopcarcinogensatwork.eu\/wp-content\/uploads\/2025\/11\/partners.jpg","datePublished":"2024-02-05T13:42:42+00:00","dateModified":"2025-11-27T13:57:40+00:00","description":"Este s\u00edtio Web \u00e9 um sistema de a\u00e7\u00e3o volunt\u00e1ria da UE para prevenir a exposi\u00e7\u00e3o dos trabalhadores a agentes cancer\u00edgenos no local de trabalho.","breadcrumb":{"@id":"https:\/\/stopcarcinogensatwork.eu\/pt-pt\/geral\/sobre-o-roadmap-on-carcinogens\/#breadcrumb"},"inLanguage":"pt-PT","potentialAction":[{"@type":"ReadAction","target":["https:\/\/stopcarcinogensatwork.eu\/pt-pt\/geral\/sobre-o-roadmap-on-carcinogens\/"]}]},{"@type":"ImageObject","inLanguage":"pt-PT","@id":"https:\/\/stopcarcinogensatwork.eu\/pt-pt\/geral\/sobre-o-roadmap-on-carcinogens\/#primaryimage","url":"https:\/\/stopcarcinogensatwork.eu\/wp-content\/uploads\/2025\/11\/partners.jpg","contentUrl":"https:\/\/stopcarcinogensatwork.eu\/wp-content\/uploads\/2025\/11\/partners.jpg"},{"@type":"BreadcrumbList","@id":"https:\/\/stopcarcinogensatwork.eu\/pt-pt\/geral\/sobre-o-roadmap-on-carcinogens\/#breadcrumb","itemListElement":[{"@type":"ListItem","position":1,"name":"Home","item":"https:\/\/stopcarcinogensatwork.eu\/pt-pt\/pagina-inicial\/"},{"@type":"ListItem","position":2,"name":"Geral","item":"https:\/\/stopcarcinogensatwork.eu\/pt-pt\/geral\/"},{"@type":"ListItem","position":3,"name":"Sobre o Roteiro sobre Carcinog\u00e9neos"}]},{"@type":"WebSite","@id":"https:\/\/stopcarcinogensatwork.eu\/pt-pt\/#website","url":"https:\/\/stopcarcinogensatwork.eu\/pt-pt\/","name":"STOP Carcinogens at work","description":"Every year, about 100.000 people die from cancer that was caused by exposure to carcinogens at work in Europe.","publisher":{"@id":"https:\/\/stopcarcinogensatwork.eu\/pt-pt\/#organization"},"alternateName":"Roadmap on Carcinogens","potentialAction":[{"@type":"SearchAction","target":{"@type":"EntryPoint","urlTemplate":"https:\/\/stopcarcinogensatwork.eu\/pt-pt\/?s={search_term_string}"},"query-input":{"@type":"PropertyValueSpecification","valueRequired":true,"valueName":"search_term_string"}}],"inLanguage":"pt-PT"},{"@type":"Organization","@id":"https:\/\/stopcarcinogensatwork.eu\/pt-pt\/#organization","name":"TNO","alternateName":"This is a European wide voluntary action scheme","url":"https:\/\/stopcarcinogensatwork.eu\/pt-pt\/","logo":{"@type":"ImageObject","inLanguage":"pt-PT","@id":"https:\/\/stopcarcinogensatwork.eu\/pt-pt\/#\/schema\/logo\/image\/","url":"https:\/\/stopcarcinogensatwork.eu\/wp-content\/uploads\/2024\/08\/cropped-FavLarge-1.png","contentUrl":"https:\/\/stopcarcinogensatwork.eu\/wp-content\/uploads\/2024\/08\/cropped-FavLarge-1.png","width":512,"height":512,"caption":"TNO"},"image":{"@id":"https:\/\/stopcarcinogensatwork.eu\/pt-pt\/#\/schema\/logo\/image\/"},"publishingPrinciples":"https:\/\/stopcarcinogensatwork.eu\/homepage\/legal\/","ownershipFundingInfo":"https:\/\/stopcarcinogensatwork.eu\/general\/about-us\/"}]}},"_links":{"self":[{"href":"https:\/\/stopcarcinogensatwork.eu\/pt-pt\/wp-json\/wp\/v2\/pages\/55411","targetHints":{"allow":["GET"]}}],"collection":[{"href":"https:\/\/stopcarcinogensatwork.eu\/pt-pt\/wp-json\/wp\/v2\/pages"}],"about":[{"href":"https:\/\/stopcarcinogensatwork.eu\/pt-pt\/wp-json\/wp\/v2\/types\/page"}],"author":[{"embeddable":true,"href":"https:\/\/stopcarcinogensatwork.eu\/pt-pt\/wp-json\/wp\/v2\/users\/1"}],"replies":[{"embeddable":true,"href":"https:\/\/stopcarcinogensatwork.eu\/pt-pt\/wp-json\/wp\/v2\/comments?post=55411"}],"version-history":[{"count":0,"href":"https:\/\/stopcarcinogensatwork.eu\/pt-pt\/wp-json\/wp\/v2\/pages\/55411\/revisions"}],"up":[{"embeddable":true,"href":"https:\/\/stopcarcinogensatwork.eu\/pt-pt\/wp-json\/wp\/v2\/pages\/42341"}],"wp:attachment":[{"href":"https:\/\/stopcarcinogensatwork.eu\/pt-pt\/wp-json\/wp\/v2\/media?parent=55411"}],"curies":[{"name":"wp","href":"https:\/\/api.w.org\/{rel}","templated":true}]}}