{"id":60399,"date":"2024-03-06T11:27:48","date_gmt":"2024-03-06T11:27:48","guid":{"rendered":"https:\/\/stopcarcinogensatwork.eu\/o-medidas-organizacionais\/"},"modified":"2025-09-08T11:23:51","modified_gmt":"2025-09-08T11:23:51","slug":"o-medidas-organizacionais","status":"publish","type":"page","link":"https:\/\/stopcarcinogensatwork.eu\/pt-pt\/conhecer-as-estrategias-basicas-de-prevencao\/o-medidas-organizacionais\/","title":{"rendered":"O - Medidas organizacionais"},"content":{"rendered":"<blockquote><p>O STOP segue uma hierarquia de controlo. No caso dos agentes cancer\u00edgenos, s\u00f3 \u00e9 permitido descer um n\u00edvel na hierarquia quando as limita\u00e7\u00f5es t\u00e9cnicas impedem a elimina\u00e7\u00e3o total da exposi\u00e7\u00e3o. Neste caso, centrar-nos-emos no terceiro n\u00edvel, O para medidas organizacionais. Considera S e T antes de O. Tem tamb\u00e9m em aten\u00e7\u00e3o que pode ser utilizada uma combina\u00e7\u00e3o de medidas.   <\/p><\/blockquote>\n<p>As medidas organizacionais consistem em m\u00e9todos e procedimentos organizacionais, pol\u00edticas internas e controlos regulares estabelecidos para verificar a sua aplica\u00e7\u00e3o, incluindo planos de manuten\u00e7\u00e3o. As medidas organizacionais a implementar devem ter em conta, entre outros factores, as especificidades do local de trabalho, o saber-fazer do trabalhador, o equipamento, as tarefas e o ambiente. <\/p>\n<p>O que deve ser considerado ao avaliar a(s) medida(s) a implementar:<\/p>\n<ul>\n<li>Identifica todos os espa\u00e7os de trabalho e sociais<\/li>\n<li>Considera o tipo e o n\u00edvel de exposi\u00e7\u00e3o para cada uma das \u00e1reas de trabalho<\/li>\n<li>Identifica os trabalhadores que precisam de ter acesso a cada \u00e1rea de trabalho<\/li>\n<li>Considera o tempo m\u00e9dio que um trabalhador precisa de passar em cada \u00e1rea de trabalho<\/li>\n<li>Obter uma descri\u00e7\u00e3o de cada medida, da sua adequa\u00e7\u00e3o, efic\u00e1cia e efici\u00eancia, e considerar o poss\u00edvel efeito combinado de diferentes medidas para melhorar o controlo dos riscos<\/li>\n<li>Requisitos de manuten\u00e7\u00e3o<\/li>\n<\/ul>\n<h2>Algumas medidas organizacionais a considerar<\/h2>\n<h3>Limitar o acesso \u00e0s zonas de risco<\/h3>\n<p>Tendo em conta os resultados da avalia\u00e7\u00e3o de riscos, as entidades patronais devem limitar o acesso a determinadas \u00e1reas de trabalho, limitando estritamente esse acesso apenas aos trabalhadores que a\u00ed devam estar. Podem ser colocadas barreiras f\u00edsicas para limitar o acesso dos trabalhadores, por exemplo, portas que exijam uma autoriza\u00e7\u00e3o. Podem ser utilizados sinais para identificar essas \u00e1reas.  <\/p>\n<p>Outro aspeto importante \u00e9 limitar o tempo que os trabalhadores passam nessa \u00e1rea de trabalho. Isto pode ser feito atrav\u00e9s da rota\u00e7\u00e3o das tarefas que o trabalhador deve realizar ou limitando o tempo por turno. <\/p>\n<p>Ao conceber a disposi\u00e7\u00e3o, certifica-te de que tens em conta todas as \u00e1reas, por exemplo, a localiza\u00e7\u00e3o das \u00e1reas comuns (como a cantina, os cacifos ou as \u00e1reas de descanso) em rela\u00e7\u00e3o \u00e0s \u00e1reas de trabalho. As \u00e1reas de trabalho n\u00e3o devem estar diretamente ligadas \u00e0s \u00e1reas sociais. <\/p>\n<h3>Higiene e prote\u00e7\u00e3o individual<\/h3>\n<p>Nas \u00e1reas de trabalho onde existe o risco de contamina\u00e7\u00e3o, tens de implementar medidas para garantir que:<\/p>\n<ul>\n<li>Todos os produtos qu\u00edmicos no local de trabalho est\u00e3o devidamente rotulados e existem sinais de aviso e de seguran\u00e7a adequados<\/li>\n<li>O local de trabalho \u00e9 mantido limpo e organizado<\/li>\n<li>Os trabalhadores n\u00e3o comem, n\u00e3o bebem e n\u00e3o fumam<\/li>\n<li>Os trabalhadores disp\u00f5em de vestu\u00e1rio de prote\u00e7\u00e3o adequado ou de outro vestu\u00e1rio especial adequado<\/li>\n<li>Existem locais de armazenamento separados para o vestu\u00e1rio de trabalho ou de prote\u00e7\u00e3o e para o vestu\u00e1rio de rua<\/li>\n<li>Os trabalhadores disp\u00f5em de instala\u00e7\u00f5es sanit\u00e1rias e de lavagem apropriadas e adequadas<\/li>\n<li>O equipamento de prote\u00e7\u00e3o est\u00e1 devidamente guardado num local bem definido<\/li>\n<li>A vigil\u00e2ncia sanit\u00e1ria \u00e9 organizada e os seus resultados s\u00e3o tidos em conta<\/li>\n<\/ul>\n<p>As pol\u00edticas internas podem definir os locais onde os trabalhadores est\u00e3o autorizados a comer, beber ou fumar. Al\u00e9m disso, essas pol\u00edticas podem estabelecer os procedimentos que os trabalhadores t\u00eam de cumprir relativamente ao equipamento de prote\u00e7\u00e3o de que necessitam, nomeadamente quanto \u00e0 forma correta de o utilizar, limpar, manter e armazenar. <\/p>\n<p>Podem ser inclu\u00eddas medidas simples de higiene para lembrar aos trabalhadores a sua import\u00e2ncia. Por exemplo, lavar as m\u00e3os antes de comer, limpar os p\u00e9s ao entrar e sair das instala\u00e7\u00f5es e definir os percursos que os trabalhadores devem seguir para aceder a algumas \u00e1reas de trabalho contaminadas. <\/p>\n<h3>Informa\u00e7\u00e3o e forma\u00e7\u00e3o dos trabalhadores<\/h3>\n<p>Os empregadores devem certificar-se de que os trabalhadores s\u00e3o informados dos resultados da avalia\u00e7\u00e3o de riscos, incluindo os produtos qu\u00edmicos utilizados, as suas propriedades perigosas e a forma de utilizar as fichas de dados de seguran\u00e7a, nomeadamente sobre medidas de primeiros socorros ou controlos de exposi\u00e7\u00e3o\/prote\u00e7\u00e3o individual.<\/p>\n<p>Al\u00e9m disso, os trabalhadores devem receber instru\u00e7\u00f5es claras sobre as medidas em vigor, tais como medidas t\u00e9cnicas, pol\u00edticas internas ou procedimentos de seguran\u00e7a no trabalho, se poss\u00edvel com ilustra\u00e7\u00f5es, esquemas ou v\u00eddeos.<\/p>\n<ul>\n<li>As tarefas e o n\u00edvel de conhecimentos dos trabalhadores devem ser tidos em conta e a l\u00edngua e o conte\u00fado da informa\u00e7\u00e3o e da forma\u00e7\u00e3o devem ser adaptados em conformidade.<\/li>\n<li>A informa\u00e7\u00e3o e a forma\u00e7\u00e3o dos trabalhadores devem ser fornecidas regularmente e devem ser actualizadas sempre que as condi\u00e7\u00f5es se alterem.<\/li>\n<li>Dependendo do tipo de informa\u00e7\u00e3o\/forma\u00e7\u00e3o necess\u00e1ria, podes fornec\u00ea-la internamente e\/ou recorrer a especialistas externos.<\/li>\n<\/ul>\n","protected":false},"excerpt":{"rendered":"<p>O STOP segue uma hierarquia de controlo. No caso dos agentes cancer\u00edgenos, s\u00f3 \u00e9 permitido descer um n\u00edvel na hierarquia quando as limita\u00e7\u00f5es t\u00e9cnicas impedem a elimina\u00e7\u00e3o total da exposi\u00e7\u00e3o. Neste caso, centrar-nos-emos no terceiro n\u00edvel, O para medidas organizacionais. Considera S e T antes de O. Tem tamb\u00e9m em aten\u00e7\u00e3o que pode ser utilizada [&hellip;]<\/p>\n","protected":false},"author":1,"featured_media":0,"parent":60401,"menu_order":0,"comment_status":"closed","ping_status":"closed","template":"","meta":{"inline_featured_image":false,"footnotes":""},"class_list":["post-60399","page","type-page","status-publish","hentry"],"yoast_head":"<!-- This site is optimized with the Yoast SEO Premium plugin v27.0 (Yoast SEO v27.3) - https:\/\/yoast.com\/product\/yoast-seo-premium-wordpress\/ -->\n<title>O - Medidas organizacionais - STOP carcinogens at work<\/title>\n<meta name=\"description\" content=\"Every year, more than 100.000 people die in the EU from cancer caused by carcinogens at work. This must STOP!\" \/>\n<meta name=\"robots\" content=\"index, follow, max-snippet:-1, max-image-preview:large, max-video-preview:-1\" \/>\n<link rel=\"canonical\" href=\"https:\/\/stopcarcinogensatwork.eu\/pt-pt\/conhecer-as-estrategias-basicas-de-prevencao\/o-medidas-organizacionais\/\" \/>\n<meta property=\"og:locale\" content=\"pt_PT\" \/>\n<meta property=\"og:type\" content=\"article\" \/>\n<meta property=\"og:title\" content=\"O - Medidas organizacionais\" \/>\n<meta property=\"og:description\" content=\"Every year, more than 100.000 people die in the EU from cancer caused by carcinogens at work. This must STOP!\" \/>\n<meta property=\"og:url\" content=\"https:\/\/stopcarcinogensatwork.eu\/pt-pt\/conhecer-as-estrategias-basicas-de-prevencao\/o-medidas-organizacionais\/\" \/>\n<meta property=\"og:site_name\" content=\"STOP carcinogens at work\" \/>\n<meta property=\"article:modified_time\" content=\"2025-09-08T11:23:51+00:00\" \/>\n<meta name=\"twitter:card\" content=\"summary_large_image\" \/>\n<meta name=\"twitter:label1\" content=\"Tempo estimado de leitura\" \/>\n\t<meta name=\"twitter:data1\" content=\"3 minutos\" \/>\n<script type=\"application\/ld+json\" class=\"yoast-schema-graph\">{\"@context\":\"https:\\\/\\\/schema.org\",\"@graph\":[{\"@type\":\"WebPage\",\"@id\":\"https:\\\/\\\/stopcarcinogensatwork.eu\\\/pt-pt\\\/conhecer-as-estrategias-basicas-de-prevencao\\\/o-medidas-organizacionais\\\/\",\"url\":\"https:\\\/\\\/stopcarcinogensatwork.eu\\\/pt-pt\\\/conhecer-as-estrategias-basicas-de-prevencao\\\/o-medidas-organizacionais\\\/\",\"name\":\"O - Medidas organizacionais - STOP carcinogens at work\",\"isPartOf\":{\"@id\":\"https:\\\/\\\/stopcarcinogensatwork.eu\\\/pt-pt\\\/#website\"},\"datePublished\":\"2024-03-06T11:27:48+00:00\",\"dateModified\":\"2025-09-08T11:23:51+00:00\",\"description\":\"Every year, more than 100.000 people die in the EU from cancer caused by carcinogens at work. This must STOP!\",\"breadcrumb\":{\"@id\":\"https:\\\/\\\/stopcarcinogensatwork.eu\\\/pt-pt\\\/conhecer-as-estrategias-basicas-de-prevencao\\\/o-medidas-organizacionais\\\/#breadcrumb\"},\"inLanguage\":\"pt-PT\",\"potentialAction\":[{\"@type\":\"ReadAction\",\"target\":[\"https:\\\/\\\/stopcarcinogensatwork.eu\\\/pt-pt\\\/conhecer-as-estrategias-basicas-de-prevencao\\\/o-medidas-organizacionais\\\/\"]}]},{\"@type\":\"BreadcrumbList\",\"@id\":\"https:\\\/\\\/stopcarcinogensatwork.eu\\\/pt-pt\\\/conhecer-as-estrategias-basicas-de-prevencao\\\/o-medidas-organizacionais\\\/#breadcrumb\",\"itemListElement\":[{\"@type\":\"ListItem\",\"position\":1,\"name\":\"Home\",\"item\":\"https:\\\/\\\/stopcarcinogensatwork.eu\\\/pt-pt\\\/pagina-inicial\\\/\"},{\"@type\":\"ListItem\",\"position\":2,\"name\":\"Aprende sobre as estrat\u00e9gias b\u00e1sicas de preven\u00e7\u00e3o\",\"item\":\"https:\\\/\\\/stopcarcinogensatwork.eu\\\/pt-pt\\\/conhecer-as-estrategias-basicas-de-prevencao\\\/\"},{\"@type\":\"ListItem\",\"position\":3,\"name\":\"O - Medidas organizacionais\"}]},{\"@type\":\"WebSite\",\"@id\":\"https:\\\/\\\/stopcarcinogensatwork.eu\\\/pt-pt\\\/#website\",\"url\":\"https:\\\/\\\/stopcarcinogensatwork.eu\\\/pt-pt\\\/\",\"name\":\"STOP Carcinogens at work\",\"description\":\"Every year, about 100.000 people die from cancer that was caused by exposure to carcinogens at work in Europe.\",\"publisher\":{\"@id\":\"https:\\\/\\\/stopcarcinogensatwork.eu\\\/pt-pt\\\/#organization\"},\"alternateName\":\"Roadmap on Carcinogens\",\"potentialAction\":[{\"@type\":\"SearchAction\",\"target\":{\"@type\":\"EntryPoint\",\"urlTemplate\":\"https:\\\/\\\/stopcarcinogensatwork.eu\\\/pt-pt\\\/?s={search_term_string}\"},\"query-input\":{\"@type\":\"PropertyValueSpecification\",\"valueRequired\":true,\"valueName\":\"search_term_string\"}}],\"inLanguage\":\"pt-PT\"},{\"@type\":\"Organization\",\"@id\":\"https:\\\/\\\/stopcarcinogensatwork.eu\\\/pt-pt\\\/#organization\",\"name\":\"TNO\",\"alternateName\":\"This is a European wide voluntary action scheme\",\"url\":\"https:\\\/\\\/stopcarcinogensatwork.eu\\\/pt-pt\\\/\",\"logo\":{\"@type\":\"ImageObject\",\"inLanguage\":\"pt-PT\",\"@id\":\"https:\\\/\\\/stopcarcinogensatwork.eu\\\/pt-pt\\\/#\\\/schema\\\/logo\\\/image\\\/\",\"url\":\"https:\\\/\\\/stopcarcinogensatwork.eu\\\/wp-content\\\/uploads\\\/2024\\\/08\\\/cropped-FavLarge-1.png\",\"contentUrl\":\"https:\\\/\\\/stopcarcinogensatwork.eu\\\/wp-content\\\/uploads\\\/2024\\\/08\\\/cropped-FavLarge-1.png\",\"width\":512,\"height\":512,\"caption\":\"TNO\"},\"image\":{\"@id\":\"https:\\\/\\\/stopcarcinogensatwork.eu\\\/pt-pt\\\/#\\\/schema\\\/logo\\\/image\\\/\"},\"publishingPrinciples\":\"https:\\\/\\\/stopcarcinogensatwork.eu\\\/homepage\\\/legal\\\/\",\"ownershipFundingInfo\":\"https:\\\/\\\/stopcarcinogensatwork.eu\\\/general\\\/about-us\\\/\"}]}<\/script>\n<!-- \/ Yoast SEO Premium plugin. -->","yoast_head_json":{"title":"O - Medidas organizacionais - STOP carcinogens at work","description":"Every year, more than 100.000 people die in the EU from cancer caused by carcinogens at work. This must STOP!","robots":{"index":"index","follow":"follow","max-snippet":"max-snippet:-1","max-image-preview":"max-image-preview:large","max-video-preview":"max-video-preview:-1"},"canonical":"https:\/\/stopcarcinogensatwork.eu\/pt-pt\/conhecer-as-estrategias-basicas-de-prevencao\/o-medidas-organizacionais\/","og_locale":"pt_PT","og_type":"article","og_title":"O - Medidas organizacionais","og_description":"Every year, more than 100.000 people die in the EU from cancer caused by carcinogens at work. This must STOP!","og_url":"https:\/\/stopcarcinogensatwork.eu\/pt-pt\/conhecer-as-estrategias-basicas-de-prevencao\/o-medidas-organizacionais\/","og_site_name":"STOP carcinogens at work","article_modified_time":"2025-09-08T11:23:51+00:00","twitter_card":"summary_large_image","twitter_misc":{"Tempo estimado de leitura":"3 minutos"},"schema":{"@context":"https:\/\/schema.org","@graph":[{"@type":"WebPage","@id":"https:\/\/stopcarcinogensatwork.eu\/pt-pt\/conhecer-as-estrategias-basicas-de-prevencao\/o-medidas-organizacionais\/","url":"https:\/\/stopcarcinogensatwork.eu\/pt-pt\/conhecer-as-estrategias-basicas-de-prevencao\/o-medidas-organizacionais\/","name":"O - Medidas organizacionais - STOP carcinogens at work","isPartOf":{"@id":"https:\/\/stopcarcinogensatwork.eu\/pt-pt\/#website"},"datePublished":"2024-03-06T11:27:48+00:00","dateModified":"2025-09-08T11:23:51+00:00","description":"Every year, more than 100.000 people die in the EU from cancer caused by carcinogens at work. This must STOP!","breadcrumb":{"@id":"https:\/\/stopcarcinogensatwork.eu\/pt-pt\/conhecer-as-estrategias-basicas-de-prevencao\/o-medidas-organizacionais\/#breadcrumb"},"inLanguage":"pt-PT","potentialAction":[{"@type":"ReadAction","target":["https:\/\/stopcarcinogensatwork.eu\/pt-pt\/conhecer-as-estrategias-basicas-de-prevencao\/o-medidas-organizacionais\/"]}]},{"@type":"BreadcrumbList","@id":"https:\/\/stopcarcinogensatwork.eu\/pt-pt\/conhecer-as-estrategias-basicas-de-prevencao\/o-medidas-organizacionais\/#breadcrumb","itemListElement":[{"@type":"ListItem","position":1,"name":"Home","item":"https:\/\/stopcarcinogensatwork.eu\/pt-pt\/pagina-inicial\/"},{"@type":"ListItem","position":2,"name":"Aprende sobre as estrat\u00e9gias b\u00e1sicas de preven\u00e7\u00e3o","item":"https:\/\/stopcarcinogensatwork.eu\/pt-pt\/conhecer-as-estrategias-basicas-de-prevencao\/"},{"@type":"ListItem","position":3,"name":"O - Medidas organizacionais"}]},{"@type":"WebSite","@id":"https:\/\/stopcarcinogensatwork.eu\/pt-pt\/#website","url":"https:\/\/stopcarcinogensatwork.eu\/pt-pt\/","name":"STOP Carcinogens at work","description":"Every year, about 100.000 people die from cancer that was caused by exposure to carcinogens at work in Europe.","publisher":{"@id":"https:\/\/stopcarcinogensatwork.eu\/pt-pt\/#organization"},"alternateName":"Roadmap on Carcinogens","potentialAction":[{"@type":"SearchAction","target":{"@type":"EntryPoint","urlTemplate":"https:\/\/stopcarcinogensatwork.eu\/pt-pt\/?s={search_term_string}"},"query-input":{"@type":"PropertyValueSpecification","valueRequired":true,"valueName":"search_term_string"}}],"inLanguage":"pt-PT"},{"@type":"Organization","@id":"https:\/\/stopcarcinogensatwork.eu\/pt-pt\/#organization","name":"TNO","alternateName":"This is a European wide voluntary action scheme","url":"https:\/\/stopcarcinogensatwork.eu\/pt-pt\/","logo":{"@type":"ImageObject","inLanguage":"pt-PT","@id":"https:\/\/stopcarcinogensatwork.eu\/pt-pt\/#\/schema\/logo\/image\/","url":"https:\/\/stopcarcinogensatwork.eu\/wp-content\/uploads\/2024\/08\/cropped-FavLarge-1.png","contentUrl":"https:\/\/stopcarcinogensatwork.eu\/wp-content\/uploads\/2024\/08\/cropped-FavLarge-1.png","width":512,"height":512,"caption":"TNO"},"image":{"@id":"https:\/\/stopcarcinogensatwork.eu\/pt-pt\/#\/schema\/logo\/image\/"},"publishingPrinciples":"https:\/\/stopcarcinogensatwork.eu\/homepage\/legal\/","ownershipFundingInfo":"https:\/\/stopcarcinogensatwork.eu\/general\/about-us\/"}]}},"_links":{"self":[{"href":"https:\/\/stopcarcinogensatwork.eu\/pt-pt\/wp-json\/wp\/v2\/pages\/60399","targetHints":{"allow":["GET"]}}],"collection":[{"href":"https:\/\/stopcarcinogensatwork.eu\/pt-pt\/wp-json\/wp\/v2\/pages"}],"about":[{"href":"https:\/\/stopcarcinogensatwork.eu\/pt-pt\/wp-json\/wp\/v2\/types\/page"}],"author":[{"embeddable":true,"href":"https:\/\/stopcarcinogensatwork.eu\/pt-pt\/wp-json\/wp\/v2\/users\/1"}],"replies":[{"embeddable":true,"href":"https:\/\/stopcarcinogensatwork.eu\/pt-pt\/wp-json\/wp\/v2\/comments?post=60399"}],"version-history":[{"count":0,"href":"https:\/\/stopcarcinogensatwork.eu\/pt-pt\/wp-json\/wp\/v2\/pages\/60399\/revisions"}],"up":[{"embeddable":true,"href":"https:\/\/stopcarcinogensatwork.eu\/pt-pt\/wp-json\/wp\/v2\/pages\/60401"}],"wp:attachment":[{"href":"https:\/\/stopcarcinogensatwork.eu\/pt-pt\/wp-json\/wp\/v2\/media?parent=60399"}],"curies":[{"name":"wp","href":"https:\/\/api.w.org\/{rel}","templated":true}]}}